{"id":1267,"date":"2025-05-08T11:28:05","date_gmt":"2025-05-08T04:28:05","guid":{"rendered":"https:\/\/htiscientific.vn\/?post_type=product&#038;p=1267"},"modified":"2025-05-16T10:24:09","modified_gmt":"2025-05-16T03:24:09","slug":"may-loc-nuoc-ro-trion-ro-6","status":"publish","type":"product","link":"https:\/\/htiscientific.vn\/en\/product\/may-loc-nuoc-ro-trion-ro-6\/","title":{"rendered":"M\u00e1y l\u1ecdc N\u01b0\u1edbc RO TRION RO 6"},"content":{"rendered":"<p><span style=\"color: #000000;\"><strong>Model <\/strong>TRITON RO 6<\/span><\/p>\n<p><span style=\"color: #000000;\"><strong>M\u00e1y l\u1ecdc N\u01b0\u1edbc RO (lo\u1ea1i 3) &#8211; TRITON RO 6 (t\u1eeb N\u01b0\u1edbc M\u00e1y) &#8211; Compact<\/strong><\/span><\/p>\n<p><span style=\"color: #000000;\"><strong>H\u00e3ng s\u1ea3n xu\u1ea5t <\/strong><a href=\"https:\/\/htiscientific.vn\/en\/hang-san-xuat\/neptec\/\">NEPTEC GmbH<\/a><\/span><\/p>\n<p><span style=\"color: #000000;\"><strong>Xu\u1ea5t x\u1ee9 <\/strong>\u0110\u1ee9c<\/span><\/p>\n<p><span style=\"color: #000000;\"><strong>\u0110\u1eb7c \u0111i\u1ec3m n\u1ed5i b\u1eadt<\/strong><\/span><\/p>\n<ul>\n<li><span style=\"color: #000000;\"><strong>Thi\u1ebft k\u1ebf si\u00eau nh\u1ecf g\u1ecdn:<\/strong> M\u1ed9t trong nh\u1eefng h\u1ec7 th\u1ed1ng RO nh\u1ecf nh\u1ea5t th\u1ecb tr\u01b0\u1eddng, d\u1ec5 d\u00e0ng t\u00edch h\u1ee3p v\u00e0o m\u1ecdi kh\u00f4ng gian ph\u00f2ng th\u00ed nghi\u1ec7m.<\/span><\/li>\n<li><span style=\"color: #000000;\"><strong>Ch\u1ea5t l\u01b0\u1ee3ng n\u01b0\u1edbc \u1ed5n \u0111\u1ecbnh:<\/strong> \u0110\u1ea1t ti\u00eau chu\u1ea9n ASTM Type 3, ph\u00f9 h\u1ee3p cho c\u00e1c \u1ee9ng d\u1ee5ng th\u00f4ng th\u01b0\u1eddng.<\/span><\/li>\n<li><span style=\"color: #000000;\"><strong>V\u1eadn h\u00e0nh th\u00f4ng minh:<\/strong><\/span>\n<ul>\n<li><span style=\"color: #000000;\">M\u00e0n h\u00ecnh c\u1ea3m \u1ee9ng tr\u1ef1c quan, hi\u1ec3n th\u1ecb th\u00f4ng s\u1ed1 v\u00e0 c\u1ea3nh b\u00e1o r\u00f5 r\u00e0ng.<\/span><\/li>\n<li><span style=\"color: #000000;\">Ghi nh\u1edb l\u1ecbch s\u1eed b\u00e1o \u0111\u1ed9ng v\u00e0 nh\u1eafc thay th\u1ebf v\u1eadt t\u01b0 ti\u00eau hao.<\/span><\/li>\n<li><span style=\"color: #000000;\">T\u00f9y ch\u1ec9nh \u0111\u01a1n v\u1ecb \u0111o d\u1eabn \u0111i\u1ec7n (\u00b5S\/cm ho\u1eb7c M\u03a9\u00b7cm).<\/span><\/li>\n<\/ul>\n<\/li>\n<li><span style=\"color: #000000;\"><strong>T\u00edch h\u1ee3p an to\u00e0n to\u00e0n di\u1ec7n:<\/strong><\/span>\n<ul>\n<li><span style=\"color: #000000;\">C\u1ea3m bi\u1ebfn \u00e1p su\u1ea5t, l\u01b0u l\u01b0\u1ee3ng, v\u00e0 ch\u1ed1ng ch\u1ea1y kh\u00f4.<\/span><\/li>\n<li><span style=\"color: #000000;\">Gi\u00e1m s\u00e1t r\u00f2 r\u1ec9 n\u01b0\u1edbc v\u00e0 t\u1ef1 ng\u1eaft c\u1ea5p n\u01b0\u1edbc khi c\u00f3 s\u1ef1 c\u1ed1.<\/span><\/li>\n<\/ul>\n<\/li>\n<li><span style=\"color: #000000;\"><strong>L\u1eafp \u0111\u1eb7t d\u1ec5 d\u00e0ng:<\/strong> T\u1ea5t c\u1ea3 v\u1eadt t\u01b0 l\u1eafp \u0111\u1eb7t \u0111i k\u00e8m. C\u00e1c l\u00f5i l\u1ecdc thay th\u1ebf nhanh v\u1edbi kh\u1edbp n\u1ed1i nhanh.<\/span><\/li>\n<li><span style=\"color: #000000;\"><strong>T\u00f9y ch\u1ecdn m\u1edf r\u1ed9ng:<\/strong> \u0110\u00e8n UV (185|254nm) kh\u1eed khu\u1ea9n v\u00e0 gi\u1ea3m TOC; ph\u1ee5 ki\u1ec7n g\u1eafn t\u01b0\u1eddng.<\/span><\/li>\n<\/ul>\n<p><span style=\"color: #000000;\"><strong>Specifications<\/strong><\/span><\/p>\n<p><span style=\"color: #000000;\"><strong>Ngu\u1ed3n n\u01b0\u1edbc \u0111\u1ea7u v\u00e0o<\/strong><\/span><\/p>\n<ul>\n<li><span style=\"color: #000000;\">Lo\u1ea1i n\u01b0\u1edbc: N\u01b0\u1edbc m\u00e1y<\/span><\/li>\n<li><span style=\"color: #000000;\">\u0110\u1ed9 d\u1eabn \u0111i\u1ec7n: &lt; 1000 \u00b5S\/cm @ 25\u00b0C<\/span><\/li>\n<li><span style=\"color: #000000;\">TOC: &lt; 1 ppm<\/span><\/li>\n<li><span style=\"color: #000000;\">\u00c1p su\u1ea5t: 1 \u2013 6 bar<\/span><\/li>\n<li><span style=\"color: #000000;\">Nhi\u1ec7t \u0111\u1ed9: 5 \u2013 35\u00b0C<\/span><\/li>\n<\/ul>\n<p><span style=\"color: #000000;\"><strong>Ch\u1ea5t l\u01b0\u1ee3ng n\u01b0\u1edbc \u0111\u1ea7u ra (ASTM Type 3)<\/strong><\/span><\/p>\n<ul>\n<li><span style=\"color: #000000;\"><strong>T\u1ed1c \u0111\u1ed9 l\u1ecdc:<\/strong> 6 L\/gi\u1edd<\/span><\/li>\n<li><span style=\"color: #000000;\"><strong>T\u1ef7 l\u1ec7 gi\u1eef l\u1ea1i:<\/strong> &gt; 98% ion, vi khu\u1ea9n v\u00e0 t\u1ea1p ch\u1ea5t<\/span><\/li>\n<li><span style=\"color: #000000;\"><strong>B\u1ed3n ch\u1ee9a:<\/strong> 10 \/ 30 \/ 60 \/ 100 L, \u0111\u00e1y h\u00ecnh n\u00f3n, c\u00f3 l\u1ecdc th\u00f4ng h\u01a1i v\u00f4 tr\u00f9ng v\u00e0 ng\u0103n tr\u00e0n<\/span><\/li>\n<\/ul>\n<p><span style=\"color: #000000;\"><strong>Th\u00f4ng s\u1ed1 v\u1eadn h\u00e0nh<\/strong><\/span><\/p>\n<ul>\n<li><span style=\"color: #000000;\">Nhi\u1ec7t \u0111\u1ed9 m\u00f4i tr\u01b0\u1eddng: +2 \u2013 35\u00b0C<\/span><\/li>\n<li><span style=\"color: #000000;\">\u0110i\u1ec7n \u00e1p: 90\u2013240V, 50\u201360Hz<\/span><\/li>\n<li><span style=\"color: #000000;\">C\u00f4ng su\u1ea5t: 120W<\/span><\/li>\n<li><span style=\"color: #000000;\">K\u1ebft n\u1ed1i n\u01b0\u1edbc: R \u00be\u201d<\/span><\/li>\n<li><span style=\"color: #000000;\">Tr\u1ecdng l\u01b0\u1ee3ng: 15 kg<\/span><\/li>\n<\/ul>","protected":false},"excerpt":{"rendered":"<p><span style=\"color: #000000;\">M\u00e1y l\u1ecdc n\u01b0\u1edbc RO TRITON RO 6 l\u00e0 m\u1ed9t trong nh\u1eefng h\u1ec7 th\u1ed1ng RO nh\u1ecf nh\u1ea5t th\u1ecb tr\u01b0\u1eddng, d\u1ec5 d\u00e0ng t\u00edch h\u1ee3p v\u00e0o m\u1ecdi kh\u00f4ng gian ph\u00f2ng th\u00ed nghi\u1ec7m. Thi\u1ebft k\u1ebf m\u00e0n h\u00ecnh c\u1ea3m \u1ee9ng tr\u1ef1c quan, ghi nh\u1edb l\u1ecbch s\u1eed b\u00e1o \u0111\u1ed9ng v\u00e0 nh\u1eafc thay th\u1ebf v\u1eadt t\u01b0 ti\u00eau hao. T\u00edch h\u1ee3p an to\u00e0n to\u00e0n di\u1ec7n: c\u1ea3m bi\u1ebfn \u00e1p su\u1ea5t, l\u01b0u luowngk v\u00e0 ch\u1ed1ng ch\u1ea1y kh\u00f4, gi\u00e1m s\u00e1t r\u00f2 rit n\u01b0\u1edbc v\u00e0 t\u1ef1 ng\u1eaft c\u1ea5p n\u01b0\u1edbc khi c\u00f3 s\u1ef1 c\u1ed1.<\/span><\/p>","protected":false},"featured_media":1452,"template":"","meta":{"inline_featured_image":false},"product_brand":[107],"product_cat":[113,109],"product_tag":[],"class_list":{"0":"post-1267","1":"product","2":"type-product","3":"status-publish","4":"has-post-thumbnail","6":"product_brand-neptec","7":"product_cat-he-thong-loc-nuoc","8":"product_cat-he-thong-loc-nuoc-phong-thi-nghiem","10":"first","11":"instock","12":"shipping-taxable","13":"product-type-simple"},"yoast_head":"<!-- This site is optimized with the Yoast SEO plugin v24.7 - https:\/\/yoast.com\/wordpress\/plugins\/seo\/ -->\n<title>M\u00e1y l\u1ecdc N\u01b0\u1edbc RO TRION RO 6 - HTI Scientific<\/title>\n<meta name=\"description\" content=\"M\u00e1y l\u1ecdc n\u01b0\u1edbc RO TRITON RO 6 l\u00e0 m\u1ed9t trong nh\u1eefng h\u1ec7 th\u1ed1ng RO nh\u1ecf nh\u1ea5t th\u1ecb tr\u01b0\u1eddng. Thi\u1ebft k\u1ebf m\u00e0n h\u00ecnh c\u1ea3m \u1ee9ng tr\u1ef1c quan, ghi nh\u1edb l\u1ecbch s\u1eed b\u00e1o \u0111\u1ed9ng,...\" \/>\n<meta name=\"robots\" content=\"index, follow, max-snippet:-1, max-image-preview:large, max-video-preview:-1\" \/>\n<link rel=\"canonical\" href=\"https:\/\/htiscientific.vn\/en\/product\/may-loc-nuoc-ro-trion-ro-6\/\" \/>\n<meta property=\"og:locale\" content=\"en_US\" \/>\n<meta property=\"og:type\" content=\"article\" \/>\n<meta property=\"og:title\" content=\"M\u00e1y l\u1ecdc N\u01b0\u1edbc RO TRION RO 6 - HTI Scientific\" \/>\n<meta property=\"og:description\" content=\"M\u00e1y l\u1ecdc n\u01b0\u1edbc RO TRITON RO 6 l\u00e0 m\u1ed9t trong nh\u1eefng h\u1ec7 th\u1ed1ng RO nh\u1ecf nh\u1ea5t th\u1ecb tr\u01b0\u1eddng. Thi\u1ebft k\u1ebf m\u00e0n h\u00ecnh c\u1ea3m \u1ee9ng tr\u1ef1c quan, ghi nh\u1edb l\u1ecbch s\u1eed b\u00e1o \u0111\u1ed9ng,...\" \/>\n<meta property=\"og:url\" content=\"https:\/\/htiscientific.vn\/en\/product\/may-loc-nuoc-ro-trion-ro-6\/\" \/>\n<meta property=\"og:site_name\" content=\"HTI Scientific\" \/>\n<meta property=\"article:publisher\" content=\"https:\/\/www.facebook.com\/htiscientific.vn\" \/>\n<meta property=\"article:modified_time\" content=\"2025-05-16T03:24:09+00:00\" \/>\n<meta property=\"og:image\" content=\"https:\/\/htiscientific.vn\/wp-content\/uploads\/2025\/05\/triton-6-12-type-1.jpg\" \/>\n\t<meta property=\"og:image:width\" content=\"1000\" \/>\n\t<meta property=\"og:image:height\" content=\"1000\" \/>\n\t<meta property=\"og:image:type\" content=\"image\/jpeg\" \/>\n<meta name=\"twitter:card\" content=\"summary_large_image\" \/>\n<meta name=\"twitter:label1\" content=\"Est. reading time\" \/>\n\t<meta name=\"twitter:data1\" content=\"2 minutes\" \/>\n<script type=\"application\/ld+json\" class=\"yoast-schema-graph\">{\"@context\":\"https:\/\/schema.org\",\"@graph\":[{\"@type\":\"WebPage\",\"@id\":\"https:\/\/htiscientific.vn\/san-pham\/may-loc-nuoc-ro-trion-ro-6\/\",\"url\":\"https:\/\/htiscientific.vn\/san-pham\/may-loc-nuoc-ro-trion-ro-6\/\",\"name\":\"M\u00e1y l\u1ecdc N\u01b0\u1edbc RO TRION RO 6 - HTI Scientific\",\"isPartOf\":{\"@id\":\"https:\/\/htiscientific.vn\/#website\"},\"primaryImageOfPage\":{\"@id\":\"https:\/\/htiscientific.vn\/san-pham\/may-loc-nuoc-ro-trion-ro-6\/#primaryimage\"},\"image\":{\"@id\":\"https:\/\/htiscientific.vn\/san-pham\/may-loc-nuoc-ro-trion-ro-6\/#primaryimage\"},\"thumbnailUrl\":\"https:\/\/htiscientific.vn\/wp-content\/uploads\/2025\/05\/triton-6-12-type-1.jpg\",\"datePublished\":\"2025-05-08T04:28:05+00:00\",\"dateModified\":\"2025-05-16T03:24:09+00:00\",\"description\":\"M\u00e1y l\u1ecdc n\u01b0\u1edbc RO TRITON RO 6 l\u00e0 m\u1ed9t trong nh\u1eefng h\u1ec7 th\u1ed1ng RO nh\u1ecf nh\u1ea5t th\u1ecb tr\u01b0\u1eddng. Thi\u1ebft k\u1ebf m\u00e0n h\u00ecnh c\u1ea3m \u1ee9ng tr\u1ef1c quan, ghi nh\u1edb l\u1ecbch s\u1eed b\u00e1o \u0111\u1ed9ng,...\",\"breadcrumb\":{\"@id\":\"https:\/\/htiscientific.vn\/san-pham\/may-loc-nuoc-ro-trion-ro-6\/#breadcrumb\"},\"inLanguage\":\"en-US\",\"potentialAction\":[{\"@type\":\"ReadAction\",\"target\":[\"https:\/\/htiscientific.vn\/san-pham\/may-loc-nuoc-ro-trion-ro-6\/\"]}]},{\"@type\":\"ImageObject\",\"inLanguage\":\"en-US\",\"@id\":\"https:\/\/htiscientific.vn\/san-pham\/may-loc-nuoc-ro-trion-ro-6\/#primaryimage\",\"url\":\"https:\/\/htiscientific.vn\/wp-content\/uploads\/2025\/05\/triton-6-12-type-1.jpg\",\"contentUrl\":\"https:\/\/htiscientific.vn\/wp-content\/uploads\/2025\/05\/triton-6-12-type-1.jpg\",\"width\":1000,\"height\":1000,\"caption\":\"TRITON RO 6 12\"},{\"@type\":\"BreadcrumbList\",\"@id\":\"https:\/\/htiscientific.vn\/san-pham\/may-loc-nuoc-ro-trion-ro-6\/#breadcrumb\",\"itemListElement\":[{\"@type\":\"ListItem\",\"position\":1,\"name\":\"Trang ch\u1ee7\",\"item\":\"https:\/\/htiscientific.vn\/\"},{\"@type\":\"ListItem\",\"position\":2,\"name\":\"C\u1eeda h\u00e0ng\",\"item\":\"https:\/\/htiscientific.vn\/cua-hang\/\"},{\"@type\":\"ListItem\",\"position\":3,\"name\":\"H\u1ec7 th\u1ed1ng l\u1ecdc n\u01b0\u1edbc ph\u00f2ng th\u00ed nghi\u1ec7m\",\"item\":\"https:\/\/htiscientific.vn\/danh-muc-san-pham\/he-thong-loc-nuoc-phong-thi-nghiem\/\"},{\"@type\":\"ListItem\",\"position\":4,\"name\":\"M\u00e1y l\u1ecdc N\u01b0\u1edbc RO TRION RO 6\"}]},{\"@type\":\"WebSite\",\"@id\":\"https:\/\/htiscientific.vn\/#website\",\"url\":\"https:\/\/htiscientific.vn\/\",\"name\":\"HTI Scientific\",\"description\":\"HTI Scientific\",\"publisher\":{\"@id\":\"https:\/\/htiscientific.vn\/#organization\"},\"potentialAction\":[{\"@type\":\"SearchAction\",\"target\":{\"@type\":\"EntryPoint\",\"urlTemplate\":\"https:\/\/htiscientific.vn\/?s={search_term_string}\"},\"query-input\":{\"@type\":\"PropertyValueSpecification\",\"valueRequired\":true,\"valueName\":\"search_term_string\"}}],\"inLanguage\":\"en-US\"},{\"@type\":\"Organization\",\"@id\":\"https:\/\/htiscientific.vn\/#organization\",\"name\":\"HTI Scientific\",\"alternateName\":\"HTI Scientific\",\"url\":\"https:\/\/htiscientific.vn\/\",\"logo\":{\"@type\":\"ImageObject\",\"inLanguage\":\"en-US\",\"@id\":\"https:\/\/htiscientific.vn\/#\/schema\/logo\/image\/\",\"url\":\"https:\/\/htiscientific.vn\/wp-content\/uploads\/2025\/03\/ava-hti-copy.jpg\",\"contentUrl\":\"https:\/\/htiscientific.vn\/wp-content\/uploads\/2025\/03\/ava-hti-copy.jpg\",\"width\":700,\"height\":450,\"caption\":\"HTI Scientific\"},\"image\":{\"@id\":\"https:\/\/htiscientific.vn\/#\/schema\/logo\/image\/\"},\"sameAs\":[\"https:\/\/www.facebook.com\/htiscientific.vn\"]}]}<\/script>\n<!-- \/ Yoast SEO plugin. -->","yoast_head_json":{"title":"M\u00e1y l\u1ecdc N\u01b0\u1edbc RO TRION RO 6 - HTI Scientific","description":"M\u00e1y l\u1ecdc n\u01b0\u1edbc RO TRITON RO 6 l\u00e0 m\u1ed9t trong nh\u1eefng h\u1ec7 th\u1ed1ng RO nh\u1ecf nh\u1ea5t th\u1ecb tr\u01b0\u1eddng. Thi\u1ebft k\u1ebf m\u00e0n h\u00ecnh c\u1ea3m \u1ee9ng tr\u1ef1c quan, ghi nh\u1edb l\u1ecbch s\u1eed b\u00e1o \u0111\u1ed9ng,...","robots":{"index":"index","follow":"follow","max-snippet":"max-snippet:-1","max-image-preview":"max-image-preview:large","max-video-preview":"max-video-preview:-1"},"canonical":"https:\/\/htiscientific.vn\/en\/product\/may-loc-nuoc-ro-trion-ro-6\/","og_locale":"en_US","og_type":"article","og_title":"M\u00e1y l\u1ecdc N\u01b0\u1edbc RO TRION RO 6 - HTI Scientific","og_description":"M\u00e1y l\u1ecdc n\u01b0\u1edbc RO TRITON RO 6 l\u00e0 m\u1ed9t trong nh\u1eefng h\u1ec7 th\u1ed1ng RO nh\u1ecf nh\u1ea5t th\u1ecb tr\u01b0\u1eddng. Thi\u1ebft k\u1ebf m\u00e0n h\u00ecnh c\u1ea3m \u1ee9ng tr\u1ef1c quan, ghi nh\u1edb l\u1ecbch s\u1eed b\u00e1o \u0111\u1ed9ng,...","og_url":"https:\/\/htiscientific.vn\/en\/product\/may-loc-nuoc-ro-trion-ro-6\/","og_site_name":"HTI Scientific","article_publisher":"https:\/\/www.facebook.com\/htiscientific.vn","article_modified_time":"2025-05-16T03:24:09+00:00","og_image":[{"width":1000,"height":1000,"url":"https:\/\/htiscientific.vn\/wp-content\/uploads\/2025\/05\/triton-6-12-type-1.jpg","type":"image\/jpeg"}],"twitter_card":"summary_large_image","twitter_misc":{"Est. reading time":"2 minutes"},"schema":{"@context":"https:\/\/schema.org","@graph":[{"@type":"WebPage","@id":"https:\/\/htiscientific.vn\/san-pham\/may-loc-nuoc-ro-trion-ro-6\/","url":"https:\/\/htiscientific.vn\/san-pham\/may-loc-nuoc-ro-trion-ro-6\/","name":"M\u00e1y l\u1ecdc N\u01b0\u1edbc RO TRION RO 6 - HTI Scientific","isPartOf":{"@id":"https:\/\/htiscientific.vn\/#website"},"primaryImageOfPage":{"@id":"https:\/\/htiscientific.vn\/san-pham\/may-loc-nuoc-ro-trion-ro-6\/#primaryimage"},"image":{"@id":"https:\/\/htiscientific.vn\/san-pham\/may-loc-nuoc-ro-trion-ro-6\/#primaryimage"},"thumbnailUrl":"https:\/\/htiscientific.vn\/wp-content\/uploads\/2025\/05\/triton-6-12-type-1.jpg","datePublished":"2025-05-08T04:28:05+00:00","dateModified":"2025-05-16T03:24:09+00:00","description":"M\u00e1y l\u1ecdc n\u01b0\u1edbc RO TRITON RO 6 l\u00e0 m\u1ed9t trong nh\u1eefng h\u1ec7 th\u1ed1ng RO nh\u1ecf nh\u1ea5t th\u1ecb tr\u01b0\u1eddng. Thi\u1ebft k\u1ebf m\u00e0n h\u00ecnh c\u1ea3m \u1ee9ng tr\u1ef1c quan, ghi nh\u1edb l\u1ecbch s\u1eed b\u00e1o \u0111\u1ed9ng,...","breadcrumb":{"@id":"https:\/\/htiscientific.vn\/san-pham\/may-loc-nuoc-ro-trion-ro-6\/#breadcrumb"},"inLanguage":"en-US","potentialAction":[{"@type":"ReadAction","target":["https:\/\/htiscientific.vn\/san-pham\/may-loc-nuoc-ro-trion-ro-6\/"]}]},{"@type":"ImageObject","inLanguage":"en-US","@id":"https:\/\/htiscientific.vn\/san-pham\/may-loc-nuoc-ro-trion-ro-6\/#primaryimage","url":"https:\/\/htiscientific.vn\/wp-content\/uploads\/2025\/05\/triton-6-12-type-1.jpg","contentUrl":"https:\/\/htiscientific.vn\/wp-content\/uploads\/2025\/05\/triton-6-12-type-1.jpg","width":1000,"height":1000,"caption":"TRITON RO 6 12"},{"@type":"BreadcrumbList","@id":"https:\/\/htiscientific.vn\/san-pham\/may-loc-nuoc-ro-trion-ro-6\/#breadcrumb","itemListElement":[{"@type":"ListItem","position":1,"name":"Trang ch\u1ee7","item":"https:\/\/htiscientific.vn\/"},{"@type":"ListItem","position":2,"name":"C\u1eeda h\u00e0ng","item":"https:\/\/htiscientific.vn\/cua-hang\/"},{"@type":"ListItem","position":3,"name":"H\u1ec7 th\u1ed1ng l\u1ecdc n\u01b0\u1edbc ph\u00f2ng th\u00ed nghi\u1ec7m","item":"https:\/\/htiscientific.vn\/danh-muc-san-pham\/he-thong-loc-nuoc-phong-thi-nghiem\/"},{"@type":"ListItem","position":4,"name":"M\u00e1y l\u1ecdc N\u01b0\u1edbc RO TRION RO 6"}]},{"@type":"WebSite","@id":"https:\/\/htiscientific.vn\/#website","url":"https:\/\/htiscientific.vn\/","name":"HTI Scientific","description":"HTI Scientific","publisher":{"@id":"https:\/\/htiscientific.vn\/#organization"},"potentialAction":[{"@type":"SearchAction","target":{"@type":"EntryPoint","urlTemplate":"https:\/\/htiscientific.vn\/?s={search_term_string}"},"query-input":{"@type":"PropertyValueSpecification","valueRequired":true,"valueName":"search_term_string"}}],"inLanguage":"en-US"},{"@type":"Organization","@id":"https:\/\/htiscientific.vn\/#organization","name":"HTI Scientific","alternateName":"HTI Scientific","url":"https:\/\/htiscientific.vn\/","logo":{"@type":"ImageObject","inLanguage":"en-US","@id":"https:\/\/htiscientific.vn\/#\/schema\/logo\/image\/","url":"https:\/\/htiscientific.vn\/wp-content\/uploads\/2025\/03\/ava-hti-copy.jpg","contentUrl":"https:\/\/htiscientific.vn\/wp-content\/uploads\/2025\/03\/ava-hti-copy.jpg","width":700,"height":450,"caption":"HTI Scientific"},"image":{"@id":"https:\/\/htiscientific.vn\/#\/schema\/logo\/image\/"},"sameAs":["https:\/\/www.facebook.com\/htiscientific.vn"]}]}},"_links":{"self":[{"href":"https:\/\/htiscientific.vn\/en\/wp-json\/wp\/v2\/product\/1267","targetHints":{"allow":["GET"]}}],"collection":[{"href":"https:\/\/htiscientific.vn\/en\/wp-json\/wp\/v2\/product"}],"about":[{"href":"https:\/\/htiscientific.vn\/en\/wp-json\/wp\/v2\/types\/product"}],"wp:featuredmedia":[{"embeddable":true,"href":"https:\/\/htiscientific.vn\/en\/wp-json\/wp\/v2\/media\/1452"}],"wp:attachment":[{"href":"https:\/\/htiscientific.vn\/en\/wp-json\/wp\/v2\/media?parent=1267"}],"wp:term":[{"taxonomy":"product_brand","embeddable":true,"href":"https:\/\/htiscientific.vn\/en\/wp-json\/wp\/v2\/product_brand?post=1267"},{"taxonomy":"product_cat","embeddable":true,"href":"https:\/\/htiscientific.vn\/en\/wp-json\/wp\/v2\/product_cat?post=1267"},{"taxonomy":"product_tag","embeddable":true,"href":"https:\/\/htiscientific.vn\/en\/wp-json\/wp\/v2\/product_tag?post=1267"}],"curies":[{"name":"wp","href":"https:\/\/api.w.org\/{rel}","templated":true}]}}