{"id":1265,"date":"2025-10-10T11:20:13","date_gmt":"2025-10-10T04:20:13","guid":{"rendered":"https:\/\/htiscientific.vn\/?post_type=product&#038;p=1265"},"modified":"2025-12-30T16:00:20","modified_gmt":"2025-12-30T09:00:20","slug":"may-loc-nuoc-loai-2-hoac-3-proteus-40","status":"publish","type":"product","link":"https:\/\/htiscientific.vn\/en\/product\/may-loc-nuoc-loai-2-hoac-3-proteus-40\/","title":{"rendered":"M\u00e1y l\u1ecdc N\u01b0\u1edbc lo\u1ea1i 2 ho\u1eb7c 3 &#8211; PROTEUS 40"},"content":{"rendered":"<p><span style=\"color: #000000;\"><strong>Model <\/strong>PROTEUS<\/span><\/p>\n<p><span style=\"color: #000000;\"><strong>M\u00e1y l\u1ecdc N\u01b0\u1edbc lo\u1ea1i 2 ho\u1eb7c 3 &#8211; PROTEUS 40 (t\u1eeb N\u01b0\u1edbc M\u00e1y) &#8211; 40L\/ph\u00fat<\/strong><\/span><\/p>\n<p><span style=\"color: #000000;\"><strong>H\u00e3ng s\u1ea3n xu\u1ea5t <\/strong><a href=\"https:\/\/htiscientific.vn\/en\/hang-san-xuat\/neptec\/\">NEPTEC GmbH<\/a><\/span><\/p>\n<p><span style=\"color: #000000;\"><strong>Xu\u1ea5t x\u1ee9 <\/strong>\u0110\u1ee9c<\/span><\/p>\n<p><span style=\"color: #000000;\"><strong>\u0110\u1eb7c \u0111i\u1ec3m n\u1ed5i b\u1eadt<\/strong><\/span><\/p>\n<ul>\n<li><span style=\"color: #000000;\"><strong>H\u1ec7 th\u1ed1ng &#8220;All-in-One&#8221;:<\/strong> T\u00edch h\u1ee3p \u0111\u1ea7y \u0111\u1ee7 ti\u1ec1n x\u1eed l\u00fd, RO, t\u00f9y ch\u1ecdn EDI, b\u1ed3n ch\u1ee9a v\u00e0 b\u01a1m t\u0103ng \u00e1p trong m\u1ed9t t\u1ee7 nh\u1ecf g\u1ecdn.<\/span><\/li>\n<li><span style=\"color: #000000;\"><strong>Ch\u1ea5t l\u01b0\u1ee3ng n\u01b0\u1edbc \u1ed5n \u0111\u1ecbnh:<\/strong> \u0110\u1ea1t ti\u00eau chu\u1ea9n ASTM Type 2 ho\u1eb7c Type 3.<\/span><\/li>\n<li><span style=\"color: #000000;\"><strong>Giao di\u1ec7n c\u1ea3m \u1ee9ng hi\u1ec7n \u0111\u1ea1i:<\/strong> M\u00e0n h\u00ecnh c\u1ea3m \u1ee9ng l\u1edbn, d\u1ec5 thao t\u00e1c v\u00e0 hi\u1ec3n th\u1ecb c\u1ea3nh b\u00e1o r\u00f5 r\u00e0ng.<\/span><\/li>\n<li><span style=\"color: #000000;\"><strong>B\u01a1m t\u0103ng \u00e1p th\u00f4ng minh:<\/strong> Ho\u1ea1t \u0111\u1ed9ng \u00eam \u00e1i, t\u1ef1 \u0111i\u1ec1u ch\u1ec9nh \u00e1p su\u1ea5t ph\u00f9 h\u1ee3p v\u1edbi nhu c\u1ea7u s\u1eed d\u1ee5ng.<\/span><\/li>\n<li><span style=\"color: #000000;\"><strong>B\u1ea3o v\u1ec7 to\u00e0n di\u1ec7n:<\/strong> T\u00edch h\u1ee3p c\u1ea3m bi\u1ebfn \u00e1p su\u1ea5t, c\u1ea3m bi\u1ebfn l\u01b0u l\u01b0\u1ee3ng, gi\u00e1m s\u00e1t r\u00f2 r\u1ec9, b\u1ea3o v\u1ec7 khi c\u1ea1n n\u01b0\u1edbc.<\/span><\/li>\n<li><span style=\"color: #000000;\"><strong>T\u00f9y ch\u1ecdn m\u1edf r\u1ed9ng:<\/strong> \u0110\u00e8n UV kh\u1eed khu\u1ea9n, module EDI, \u0111\u1ea7u l\u1ea5y m\u1eabu r\u1eddi, cartridge l\u00e0m b\u00f3ng, l\u01b0u d\u1eef li\u1ec7u USB \u0111\u1ea1t chu\u1ea9n GLP.<\/span><\/li>\n<\/ul>\n<p><span style=\"color: #000000;\"><strong>Th\u00f4ng s\u1ed1 k\u1ef9 thu\u1eadt M\u00e1y l\u1ecdc N\u01b0\u1edbc lo\u1ea1i 2 ho\u1eb7c 3 &#8211; PROTEUS 40<\/strong><\/span><\/p>\n<p><span style=\"color: #000000;\"><strong>Ngu\u1ed3n c\u1ea5p n\u01b0\u1edbc \u0111\u1ea7u v\u00e0o<\/strong><\/span><\/p>\n<ul>\n<li><span style=\"color: #000000;\">Lo\u1ea1i n\u01b0\u1edbc: N\u01b0\u1edbc m\u00e1y \u0111\u00e3 l\u00e0m m\u1ec1m ho\u1eb7c \u1ed5n \u0111\u1ecbnh \u0111\u1ed9 c\u1ee9ng<\/span><\/li>\n<li><span style=\"color: #000000;\">\u0110\u1ed9 d\u1eabn \u0111i\u1ec7n: &lt; 2000 \u00b5S\/cm @ 25\u00b0C<\/span><\/li>\n<li><span style=\"color: #000000;\">TOC: &lt; 1 ppm<\/span><\/li>\n<li><span style=\"color: #000000;\">\u00c1p su\u1ea5t: 1 \u2013 6 bar<\/span><\/li>\n<li><span style=\"color: #000000;\">Nhi\u1ec7t \u0111\u1ed9: 5 \u2013 35\u00b0C<\/span><\/li>\n<\/ul>\n<p><span style=\"color: #000000;\"><strong>Ch\u1ea5t l\u01b0\u1ee3ng n\u01b0\u1edbc tinh khi\u1ebft<\/strong><\/span><\/p>\n<ul>\n<li><span style=\"color: #000000;\"><strong>T\u1ed1c \u0111\u1ed9 s\u1ea3n xu\u1ea5t (\u1edf 10\u00b0C):<\/strong> 40 l\u00edt\/gi\u1edd<\/span><\/li>\n<li><span style=\"color: #000000;\"><strong>T\u1ef7 l\u1ec7 gi\u1eef l\u1ea1i:<\/strong> &gt; 99% ion, vi khu\u1ea9n v\u00e0 t\u1ea1p ch\u1ea5t<\/span><\/li>\n<li><span style=\"color: #000000;\"><strong>Ch\u1ea5t l\u01b0\u1ee3ng n\u01b0\u1edbc (v\u1edbi module EDI ho\u1eb7c cartridge trao \u0111\u1ed5i ion):<\/strong><\/span>\n<ul>\n<li><span style=\"color: #000000;\">\u0110\u1ed9 d\u1eabn \u0111i\u1ec7n: &lt; 0.2 \u00b5S\/cm (th\u01b0\u1eddng \u0111\u1ea1t 0.055 \u2013 0.1 \u00b5S\/cm)<\/span><\/li>\n<\/ul>\n<\/li>\n<\/ul>\n<p><span style=\"color: #000000;\"><strong>B\u01a1m t\u0103ng \u00e1p<\/strong><\/span><\/p>\n<ul>\n<li><span style=\"color: #000000;\">C\u00f4ng su\u1ea5t d\u00f2ng: 3 m\u00b3\/h<\/span><\/li>\n<li><span style=\"color: #000000;\">C\u1ed9t \u00e1p: 27 m<\/span><\/li>\n<li><span style=\"color: #000000;\">K\u1ebft n\u1ed1i \u0111\u1ea7u ra: R 1\u201d<\/span><\/li>\n<li><span style=\"color: #000000;\">T\u00ednh n\u0103ng: T\u1ef1 m\u1ed3i, \u0111i\u1ec1u t\u1ed1c t\u1ef1 \u0111\u1ed9ng, l\u00e0m m\u00e1t b\u1eb1ng n\u01b0\u1edbc, ho\u1ea1t \u0111\u1ed9ng si\u00eau \u00eam<\/span><\/li>\n<\/ul>\n<p><span style=\"color: #000000;\"><strong>B\u1ed3n ch\u1ee9a n\u01b0\u1edbc tinh khi\u1ebft<\/strong><\/span><\/p>\n<ul>\n<li><span style=\"color: #000000;\">Dung t\u00edch: 80 L\u00edt<\/span><\/li>\n<li><span style=\"color: #000000;\">V\u1eadt li\u1ec7u: Polyethylene m\u00e0u \u0111en (ch\u1ed1ng tia UV)<\/span><\/li>\n<li><span style=\"color: #000000;\">Thi\u1ebft k\u1ebf: K\u00edn, vu\u00f4ng, c\u00f3 c\u1eeda v\u1ec7 sinh, van th\u00f4ng h\u01a1i v\u00e0 tr\u00e0n ti\u1ec7t tr\u00f9ng<\/span><\/li>\n<\/ul>\n<p><span style=\"color: #000000;\"><strong>Th\u00f4ng s\u1ed1 chung<\/strong><\/span><\/p>\n<ul>\n<li><span style=\"color: #000000;\">\u0110i\u1ec7n \u00e1p: 200\u2013240V, 50\u201360Hz<\/span><\/li>\n<li><span style=\"color: #000000;\">C\u00f4ng su\u1ea5t ti\u00eau th\u1ee5: 670W<\/span><\/li>\n<li><span style=\"color: #000000;\">Nhi\u1ec7t \u0111\u1ed9 m\u00f4i tr\u01b0\u1eddng: +2 \u2013 35\u00b0C<\/span><\/li>\n<li><span style=\"color: #000000;\">K\u00edch th\u01b0\u1edbc \u0111\u1ea7u v\u00e0o: \u1ed1ng d8; \u0111\u1ea7u ra: R 1\u201d<\/span><\/li>\n<\/ul>","protected":false},"excerpt":{"rendered":"<p>M\u00e1y l\u1ecdc N\u01b0\u1edbc lo\u1ea1i 2 ho\u1eb7c 3 &#8211; PROTEUS 40 t\u00edch h\u1ee3p \u0111\u1ea7y \u0111\u1ee7 ti\u1ec1n x\u1eed l\u00fd, RO, t\u00f9y ch\u1ecdn EDI, b\u1ed3n ch\u1ee9a v\u00e0 b\u01a1m t\u0103ng \u00e1p trong m\u1ed9t t\u1ee7 nh\u1ecf g\u1ecdn. Thi\u1ebft k\u1ebf giao di\u1ec7n c\u1ea3m \u1ee9ng hi\u1ec7n \u0111\u1ea1i v\u1edbi m\u00e0n c\u1ea3m \u1ee9ng l\u1edbn, d\u1ec5 thao t\u00e1c v\u00e0 hi\u1ec3n th\u1ecb c\u1ea3nh b\u00e1o r\u00f5 r\u00e0ng.<\/p>","protected":false},"featured_media":1447,"template":"","meta":{"inline_featured_image":false},"product_brand":[107],"product_cat":[113,109],"product_tag":[],"class_list":{"0":"post-1265","1":"product","2":"type-product","3":"status-publish","4":"has-post-thumbnail","6":"product_brand-neptec","7":"product_cat-he-thong-loc-nuoc","8":"product_cat-he-thong-loc-nuoc-phong-thi-nghiem","10":"first","11":"instock","12":"shipping-taxable","13":"product-type-simple"},"yoast_head":"<!-- This site is optimized with the Yoast SEO plugin v24.7 - https:\/\/yoast.com\/wordpress\/plugins\/seo\/ -->\n<title>M\u00e1y l\u1ecdc N\u01b0\u1edbc lo\u1ea1i 2 ho\u1eb7c 3 - PROTEUS 40 - HTI Scientific<\/title>\n<meta name=\"description\" content=\"M\u00e1y l\u1ecdc N\u01b0\u1edbc lo\u1ea1i 2 ho\u1eb7c 3 PROTEUS 40 t\u00edch h\u1ee3p \u0111\u1ea7y \u0111\u1ee7 ti\u1ec1n x\u1eed l\u00fd, RO, t\u00f9y ch\u1ecdn EDI, b\u1ed3n ch\u1ee9a v\u00e0 b\u01a1m t\u0103ng \u00e1p trong m\u1ed9t t\u1ee7 nh\u1ecf g\u1ecdn...\" \/>\n<meta name=\"robots\" content=\"index, follow, max-snippet:-1, max-image-preview:large, max-video-preview:-1\" \/>\n<link rel=\"canonical\" href=\"https:\/\/htiscientific.vn\/en\/product\/may-loc-nuoc-loai-2-hoac-3-proteus-40\/\" \/>\n<meta property=\"og:locale\" content=\"en_US\" \/>\n<meta property=\"og:type\" content=\"article\" \/>\n<meta property=\"og:title\" content=\"M\u00e1y l\u1ecdc N\u01b0\u1edbc lo\u1ea1i 2 ho\u1eb7c 3 - PROTEUS 40 - HTI Scientific\" \/>\n<meta property=\"og:description\" content=\"M\u00e1y l\u1ecdc N\u01b0\u1edbc lo\u1ea1i 2 ho\u1eb7c 3 PROTEUS 40 t\u00edch h\u1ee3p \u0111\u1ea7y \u0111\u1ee7 ti\u1ec1n x\u1eed l\u00fd, RO, t\u00f9y ch\u1ecdn EDI, b\u1ed3n ch\u1ee9a v\u00e0 b\u01a1m t\u0103ng \u00e1p trong m\u1ed9t t\u1ee7 nh\u1ecf g\u1ecdn...\" \/>\n<meta property=\"og:url\" content=\"https:\/\/htiscientific.vn\/en\/product\/may-loc-nuoc-loai-2-hoac-3-proteus-40\/\" \/>\n<meta property=\"og:site_name\" content=\"HTI Scientific\" \/>\n<meta property=\"article:publisher\" content=\"https:\/\/www.facebook.com\/htiscientific.vn\" \/>\n<meta property=\"article:modified_time\" content=\"2025-12-30T09:00:20+00:00\" \/>\n<meta property=\"og:image\" content=\"https:\/\/htiscientific.vn\/wp-content\/uploads\/2025\/05\/protues.jpg\" \/>\n\t<meta property=\"og:image:width\" content=\"1000\" \/>\n\t<meta property=\"og:image:height\" content=\"1000\" \/>\n\t<meta property=\"og:image:type\" content=\"image\/jpeg\" \/>\n<meta name=\"twitter:card\" content=\"summary_large_image\" \/>\n<meta name=\"twitter:label1\" content=\"Est. reading time\" \/>\n\t<meta name=\"twitter:data1\" content=\"3 minutes\" \/>\n<script type=\"application\/ld+json\" class=\"yoast-schema-graph\">{\"@context\":\"https:\/\/schema.org\",\"@graph\":[{\"@type\":\"WebPage\",\"@id\":\"https:\/\/htiscientific.vn\/san-pham\/may-loc-nuoc-loai-2-hoac-3-proteus-40\/\",\"url\":\"https:\/\/htiscientific.vn\/san-pham\/may-loc-nuoc-loai-2-hoac-3-proteus-40\/\",\"name\":\"M\u00e1y l\u1ecdc N\u01b0\u1edbc lo\u1ea1i 2 ho\u1eb7c 3 - PROTEUS 40 - HTI Scientific\",\"isPartOf\":{\"@id\":\"https:\/\/htiscientific.vn\/#website\"},\"primaryImageOfPage\":{\"@id\":\"https:\/\/htiscientific.vn\/san-pham\/may-loc-nuoc-loai-2-hoac-3-proteus-40\/#primaryimage\"},\"image\":{\"@id\":\"https:\/\/htiscientific.vn\/san-pham\/may-loc-nuoc-loai-2-hoac-3-proteus-40\/#primaryimage\"},\"thumbnailUrl\":\"https:\/\/htiscientific.vn\/wp-content\/uploads\/2025\/05\/protues.jpg\",\"datePublished\":\"2025-10-10T04:20:13+00:00\",\"dateModified\":\"2025-12-30T09:00:20+00:00\",\"description\":\"M\u00e1y l\u1ecdc N\u01b0\u1edbc lo\u1ea1i 2 ho\u1eb7c 3 PROTEUS 40 t\u00edch h\u1ee3p \u0111\u1ea7y \u0111\u1ee7 ti\u1ec1n x\u1eed l\u00fd, RO, t\u00f9y ch\u1ecdn EDI, b\u1ed3n ch\u1ee9a v\u00e0 b\u01a1m t\u0103ng \u00e1p trong m\u1ed9t t\u1ee7 nh\u1ecf g\u1ecdn...\",\"breadcrumb\":{\"@id\":\"https:\/\/htiscientific.vn\/san-pham\/may-loc-nuoc-loai-2-hoac-3-proteus-40\/#breadcrumb\"},\"inLanguage\":\"en-US\",\"potentialAction\":[{\"@type\":\"ReadAction\",\"target\":[\"https:\/\/htiscientific.vn\/san-pham\/may-loc-nuoc-loai-2-hoac-3-proteus-40\/\"]}]},{\"@type\":\"ImageObject\",\"inLanguage\":\"en-US\",\"@id\":\"https:\/\/htiscientific.vn\/san-pham\/may-loc-nuoc-loai-2-hoac-3-proteus-40\/#primaryimage\",\"url\":\"https:\/\/htiscientific.vn\/wp-content\/uploads\/2025\/05\/protues.jpg\",\"contentUrl\":\"https:\/\/htiscientific.vn\/wp-content\/uploads\/2025\/05\/protues.jpg\",\"width\":1000,\"height\":1000,\"caption\":\"PROTEUS 40 Type 2 or 3\"},{\"@type\":\"BreadcrumbList\",\"@id\":\"https:\/\/htiscientific.vn\/san-pham\/may-loc-nuoc-loai-2-hoac-3-proteus-40\/#breadcrumb\",\"itemListElement\":[{\"@type\":\"ListItem\",\"position\":1,\"name\":\"Trang ch\u1ee7\",\"item\":\"https:\/\/htiscientific.vn\/\"},{\"@type\":\"ListItem\",\"position\":2,\"name\":\"C\u1eeda h\u00e0ng\",\"item\":\"https:\/\/htiscientific.vn\/cua-hang\/\"},{\"@type\":\"ListItem\",\"position\":3,\"name\":\"H\u1ec7 th\u1ed1ng l\u1ecdc n\u01b0\u1edbc ph\u00f2ng th\u00ed nghi\u1ec7m\",\"item\":\"https:\/\/htiscientific.vn\/danh-muc-san-pham\/he-thong-loc-nuoc-phong-thi-nghiem\/\"},{\"@type\":\"ListItem\",\"position\":4,\"name\":\"M\u00e1y l\u1ecdc N\u01b0\u1edbc lo\u1ea1i 2 ho\u1eb7c 3 &#8211; PROTEUS 40\"}]},{\"@type\":\"WebSite\",\"@id\":\"https:\/\/htiscientific.vn\/#website\",\"url\":\"https:\/\/htiscientific.vn\/\",\"name\":\"HTI Scientific\",\"description\":\"HTI Scientific\",\"publisher\":{\"@id\":\"https:\/\/htiscientific.vn\/#organization\"},\"potentialAction\":[{\"@type\":\"SearchAction\",\"target\":{\"@type\":\"EntryPoint\",\"urlTemplate\":\"https:\/\/htiscientific.vn\/?s={search_term_string}\"},\"query-input\":{\"@type\":\"PropertyValueSpecification\",\"valueRequired\":true,\"valueName\":\"search_term_string\"}}],\"inLanguage\":\"en-US\"},{\"@type\":\"Organization\",\"@id\":\"https:\/\/htiscientific.vn\/#organization\",\"name\":\"HTI Scientific\",\"alternateName\":\"HTI Scientific\",\"url\":\"https:\/\/htiscientific.vn\/\",\"logo\":{\"@type\":\"ImageObject\",\"inLanguage\":\"en-US\",\"@id\":\"https:\/\/htiscientific.vn\/#\/schema\/logo\/image\/\",\"url\":\"https:\/\/htiscientific.vn\/wp-content\/uploads\/2025\/03\/ava-hti-copy.jpg\",\"contentUrl\":\"https:\/\/htiscientific.vn\/wp-content\/uploads\/2025\/03\/ava-hti-copy.jpg\",\"width\":700,\"height\":450,\"caption\":\"HTI Scientific\"},\"image\":{\"@id\":\"https:\/\/htiscientific.vn\/#\/schema\/logo\/image\/\"},\"sameAs\":[\"https:\/\/www.facebook.com\/htiscientific.vn\"]}]}<\/script>\n<!-- \/ Yoast SEO plugin. -->","yoast_head_json":{"title":"M\u00e1y l\u1ecdc N\u01b0\u1edbc lo\u1ea1i 2 ho\u1eb7c 3 - PROTEUS 40 - HTI Scientific","description":"M\u00e1y l\u1ecdc N\u01b0\u1edbc lo\u1ea1i 2 ho\u1eb7c 3 PROTEUS 40 t\u00edch h\u1ee3p \u0111\u1ea7y \u0111\u1ee7 ti\u1ec1n x\u1eed l\u00fd, RO, t\u00f9y ch\u1ecdn EDI, b\u1ed3n ch\u1ee9a v\u00e0 b\u01a1m t\u0103ng \u00e1p trong m\u1ed9t t\u1ee7 nh\u1ecf g\u1ecdn...","robots":{"index":"index","follow":"follow","max-snippet":"max-snippet:-1","max-image-preview":"max-image-preview:large","max-video-preview":"max-video-preview:-1"},"canonical":"https:\/\/htiscientific.vn\/en\/product\/may-loc-nuoc-loai-2-hoac-3-proteus-40\/","og_locale":"en_US","og_type":"article","og_title":"M\u00e1y l\u1ecdc N\u01b0\u1edbc lo\u1ea1i 2 ho\u1eb7c 3 - PROTEUS 40 - HTI Scientific","og_description":"M\u00e1y l\u1ecdc N\u01b0\u1edbc lo\u1ea1i 2 ho\u1eb7c 3 PROTEUS 40 t\u00edch h\u1ee3p \u0111\u1ea7y \u0111\u1ee7 ti\u1ec1n x\u1eed l\u00fd, RO, t\u00f9y ch\u1ecdn EDI, b\u1ed3n ch\u1ee9a v\u00e0 b\u01a1m t\u0103ng \u00e1p trong m\u1ed9t t\u1ee7 nh\u1ecf g\u1ecdn...","og_url":"https:\/\/htiscientific.vn\/en\/product\/may-loc-nuoc-loai-2-hoac-3-proteus-40\/","og_site_name":"HTI Scientific","article_publisher":"https:\/\/www.facebook.com\/htiscientific.vn","article_modified_time":"2025-12-30T09:00:20+00:00","og_image":[{"width":1000,"height":1000,"url":"https:\/\/htiscientific.vn\/wp-content\/uploads\/2025\/05\/protues.jpg","type":"image\/jpeg"}],"twitter_card":"summary_large_image","twitter_misc":{"Est. reading time":"3 minutes"},"schema":{"@context":"https:\/\/schema.org","@graph":[{"@type":"WebPage","@id":"https:\/\/htiscientific.vn\/san-pham\/may-loc-nuoc-loai-2-hoac-3-proteus-40\/","url":"https:\/\/htiscientific.vn\/san-pham\/may-loc-nuoc-loai-2-hoac-3-proteus-40\/","name":"M\u00e1y l\u1ecdc N\u01b0\u1edbc lo\u1ea1i 2 ho\u1eb7c 3 - PROTEUS 40 - HTI Scientific","isPartOf":{"@id":"https:\/\/htiscientific.vn\/#website"},"primaryImageOfPage":{"@id":"https:\/\/htiscientific.vn\/san-pham\/may-loc-nuoc-loai-2-hoac-3-proteus-40\/#primaryimage"},"image":{"@id":"https:\/\/htiscientific.vn\/san-pham\/may-loc-nuoc-loai-2-hoac-3-proteus-40\/#primaryimage"},"thumbnailUrl":"https:\/\/htiscientific.vn\/wp-content\/uploads\/2025\/05\/protues.jpg","datePublished":"2025-10-10T04:20:13+00:00","dateModified":"2025-12-30T09:00:20+00:00","description":"M\u00e1y l\u1ecdc N\u01b0\u1edbc lo\u1ea1i 2 ho\u1eb7c 3 PROTEUS 40 t\u00edch h\u1ee3p \u0111\u1ea7y \u0111\u1ee7 ti\u1ec1n x\u1eed l\u00fd, RO, t\u00f9y ch\u1ecdn EDI, b\u1ed3n ch\u1ee9a v\u00e0 b\u01a1m t\u0103ng \u00e1p trong m\u1ed9t t\u1ee7 nh\u1ecf g\u1ecdn...","breadcrumb":{"@id":"https:\/\/htiscientific.vn\/san-pham\/may-loc-nuoc-loai-2-hoac-3-proteus-40\/#breadcrumb"},"inLanguage":"en-US","potentialAction":[{"@type":"ReadAction","target":["https:\/\/htiscientific.vn\/san-pham\/may-loc-nuoc-loai-2-hoac-3-proteus-40\/"]}]},{"@type":"ImageObject","inLanguage":"en-US","@id":"https:\/\/htiscientific.vn\/san-pham\/may-loc-nuoc-loai-2-hoac-3-proteus-40\/#primaryimage","url":"https:\/\/htiscientific.vn\/wp-content\/uploads\/2025\/05\/protues.jpg","contentUrl":"https:\/\/htiscientific.vn\/wp-content\/uploads\/2025\/05\/protues.jpg","width":1000,"height":1000,"caption":"PROTEUS 40 Type 2 or 3"},{"@type":"BreadcrumbList","@id":"https:\/\/htiscientific.vn\/san-pham\/may-loc-nuoc-loai-2-hoac-3-proteus-40\/#breadcrumb","itemListElement":[{"@type":"ListItem","position":1,"name":"Trang ch\u1ee7","item":"https:\/\/htiscientific.vn\/"},{"@type":"ListItem","position":2,"name":"C\u1eeda h\u00e0ng","item":"https:\/\/htiscientific.vn\/cua-hang\/"},{"@type":"ListItem","position":3,"name":"H\u1ec7 th\u1ed1ng l\u1ecdc n\u01b0\u1edbc ph\u00f2ng th\u00ed nghi\u1ec7m","item":"https:\/\/htiscientific.vn\/danh-muc-san-pham\/he-thong-loc-nuoc-phong-thi-nghiem\/"},{"@type":"ListItem","position":4,"name":"M\u00e1y l\u1ecdc N\u01b0\u1edbc lo\u1ea1i 2 ho\u1eb7c 3 &#8211; PROTEUS 40"}]},{"@type":"WebSite","@id":"https:\/\/htiscientific.vn\/#website","url":"https:\/\/htiscientific.vn\/","name":"HTI Scientific","description":"HTI Scientific","publisher":{"@id":"https:\/\/htiscientific.vn\/#organization"},"potentialAction":[{"@type":"SearchAction","target":{"@type":"EntryPoint","urlTemplate":"https:\/\/htiscientific.vn\/?s={search_term_string}"},"query-input":{"@type":"PropertyValueSpecification","valueRequired":true,"valueName":"search_term_string"}}],"inLanguage":"en-US"},{"@type":"Organization","@id":"https:\/\/htiscientific.vn\/#organization","name":"HTI Scientific","alternateName":"HTI Scientific","url":"https:\/\/htiscientific.vn\/","logo":{"@type":"ImageObject","inLanguage":"en-US","@id":"https:\/\/htiscientific.vn\/#\/schema\/logo\/image\/","url":"https:\/\/htiscientific.vn\/wp-content\/uploads\/2025\/03\/ava-hti-copy.jpg","contentUrl":"https:\/\/htiscientific.vn\/wp-content\/uploads\/2025\/03\/ava-hti-copy.jpg","width":700,"height":450,"caption":"HTI Scientific"},"image":{"@id":"https:\/\/htiscientific.vn\/#\/schema\/logo\/image\/"},"sameAs":["https:\/\/www.facebook.com\/htiscientific.vn"]}]}},"_links":{"self":[{"href":"https:\/\/htiscientific.vn\/en\/wp-json\/wp\/v2\/product\/1265","targetHints":{"allow":["GET"]}}],"collection":[{"href":"https:\/\/htiscientific.vn\/en\/wp-json\/wp\/v2\/product"}],"about":[{"href":"https:\/\/htiscientific.vn\/en\/wp-json\/wp\/v2\/types\/product"}],"wp:featuredmedia":[{"embeddable":true,"href":"https:\/\/htiscientific.vn\/en\/wp-json\/wp\/v2\/media\/1447"}],"wp:attachment":[{"href":"https:\/\/htiscientific.vn\/en\/wp-json\/wp\/v2\/media?parent=1265"}],"wp:term":[{"taxonomy":"product_brand","embeddable":true,"href":"https:\/\/htiscientific.vn\/en\/wp-json\/wp\/v2\/product_brand?post=1265"},{"taxonomy":"product_cat","embeddable":true,"href":"https:\/\/htiscientific.vn\/en\/wp-json\/wp\/v2\/product_cat?post=1265"},{"taxonomy":"product_tag","embeddable":true,"href":"https:\/\/htiscientific.vn\/en\/wp-json\/wp\/v2\/product_tag?post=1265"}],"curies":[{"name":"wp","href":"https:\/\/api.w.org\/{rel}","templated":true}]}}