{"id":1262,"date":"2025-10-10T11:01:45","date_gmt":"2025-10-10T04:01:45","guid":{"rendered":"https:\/\/htiscientific.vn\/?post_type=product&#038;p=1262"},"modified":"2025-12-30T15:59:18","modified_gmt":"2025-12-30T08:59:18","slug":"may-loc-nuoc-loai-13-triton-6","status":"publish","type":"product","link":"https:\/\/htiscientific.vn\/en\/product\/may-loc-nuoc-loai-13-triton-6\/","title":{"rendered":"M\u00e1y l\u1ecdc n\u01b0\u1edbc Lo\u1ea1i 1+3 &#8211; TRITON 6"},"content":{"rendered":"<p><span style=\"color: #000000;\"><strong>Model <\/strong>TRITON 6 (Type 1 + 3)<\/span><\/p>\n<p><span style=\"color: #000000;\"><strong>M\u00e1y l\u1ecdc N\u01b0\u1edbc lo\u1ea1i 1 + 3 &#8211; TRITON 6 (t\u1eeb N\u01b0\u1edbc M\u00e1y) &#8211; Compact<\/strong><\/span><\/p>\n<p><span style=\"color: #000000;\"><strong>H\u00e3ng s\u1ea3n xu\u1ea5t <\/strong><a href=\"https:\/\/htiscientific.vn\/en\/hang-san-xuat\/neptec\/\">NEPTEC GmbH<\/a><\/span><\/p>\n<p><span style=\"color: #000000;\"><strong>Xu\u1ea5t x\u1ee9 <\/strong>\u0110\u1ee9c<\/span><\/p>\n<p><span style=\"color: #000000;\"><strong>\u0110\u1eb7c \u0111i\u1ec3m n\u1ed5i b\u1eadt M\u00e1y l\u1ecdc n\u01b0\u1edbc Lo\u1ea1i 1+3 TRITON 6<\/strong><\/span><\/p>\n<ul>\n<li><span style=\"color: #000000;\"><strong>Thi\u1ebft k\u1ebf nh\u1ecf g\u1ecdn:<\/strong> D\u1ec5 d\u00e0ng t\u00edch h\u1ee3p v\u00e0o m\u1ecdi kh\u00f4ng gian ph\u00f2ng th\u00ed nghi\u1ec7m.<\/span><\/li>\n<li><span style=\"color: #000000;\"><strong>Ch\u1ea5t l\u01b0\u1ee3ng n\u01b0\u1edbc \u0111\u1ea1t ti\u00eau chu\u1ea9n ASTM Type 1 &amp; 3:<\/strong> \u0110\u1ea3m b\u1ea3o \u0111\u1ed9 tinh khi\u1ebft v\u01b0\u1ee3t tr\u1ed9i cho c\u00e1c \u1ee9ng d\u1ee5ng ph\u00e2n t\u00edch ch\u00ednh x\u00e1c.<\/span><\/li>\n<li><span style=\"color: #000000;\"><strong>V\u1eadn h\u00e0nh \u0111\u01a1n gi\u1ea3n:<\/strong> Giao di\u1ec7n c\u1ea3m \u1ee9ng l\u1edbn, tr\u1ef1c quan; d\u1ec5 d\u00e0ng thay th\u1ebf v\u1eadt t\u01b0 ti\u00eau hao.<\/span><\/li>\n<li><span style=\"color: #000000;\"><strong>Ch\u1ee9c n\u0103ng b\u1ea3o v\u1ec7 v\u00e0 gi\u00e1m s\u00e1t:<\/strong> T\u00edch h\u1ee3p c\u1ea3m bi\u1ebfn \u00e1p su\u1ea5t, gi\u00e1m s\u00e1t r\u00f2 r\u1ec9 n\u01b0\u1edbc, b\u1ea3o v\u1ec7 khi c\u1ea1n n\u01b0\u1edbc, l\u01b0u tr\u1eef d\u1eef li\u1ec7u qua USB.<\/span><\/li>\n<li><span style=\"color: #000000;\"><strong>T\u00f9y ch\u1ecdn linh ho\u1ea1t:<\/strong> Dung t\u00edch b\u1ed3n ch\u1ee9a 30L, 60L ho\u1eb7c 100L; t\u00f9y ch\u1ecdn \u0111\u00e8n UV, b\u1ed9 l\u1ecdc si\u00eau l\u1ecdc, gi\u00e1 treo t\u01b0\u1eddng, t\u00e0i li\u1ec7u ki\u1ec3m \u0111\u1ecbnh.<\/span><\/li>\n<\/ul>\n<p><span style=\"color: #000000;\"><strong>Th\u00f4ng s\u1ed1 k\u1ef9 thu\u1eadt M\u00e1y l\u1ecdc n\u01b0\u1edbc Lo\u1ea1i 1+3 TRITON 6<\/strong><\/span><\/p>\n<p><span style=\"color: #000000;\"><strong>Ngu\u1ed3n c\u1ea5p n\u01b0\u1edbc \u0111\u1ea7u v\u00e0o<\/strong><\/span><\/p>\n<ul>\n<li><span style=\"color: #000000;\">Ngu\u1ed3n n\u01b0\u1edbc: N\u01b0\u1edbc m\u00e1y sinh ho\u1ea1t<\/span><\/li>\n<li><span style=\"color: #000000;\">\u0110\u1ed9 d\u1eabn \u0111i\u1ec7n: &lt; 1000 \u00b5S\/cm @ 25\u00b0C<\/span><\/li>\n<li><span style=\"color: #000000;\">TOC: &lt; 1 ppm<\/span><\/li>\n<li><span style=\"color: #000000;\">\u00c1p su\u1ea5t n\u01b0\u1edbc: 1\u20136 bar<\/span><\/li>\n<li><span style=\"color: #000000;\">Nhi\u1ec7t \u0111\u1ed9 n\u01b0\u1edbc c\u1ea5p: 5 \u2013 35\u00b0C<\/span><\/li>\n<\/ul>\n<p><span style=\"color: #000000;\"><strong>Hi\u1ec7u su\u1ea5t v\u00e0 ch\u1ea5t l\u01b0\u1ee3ng n\u01b0\u1edbc<\/strong><\/span><\/p>\n<ul>\n<li><span style=\"color: #000000;\"><strong>N\u01b0\u1edbc si\u00eau tinh khi\u1ebft (Type 1):<\/strong><\/span>\n<ul>\n<li><span style=\"color: #000000;\">\u0110i\u1ec7n tr\u1edf su\u1ea5t: 18.2 M\u03a9\u00b7cm (0.055 \u00b5S\/cm)<\/span><\/li>\n<li><span style=\"color: #000000;\">TOC: \u2264 2 ppb (v\u1edbi \u0111\u00e8n UV), \u2264 10 ppb (kh\u00f4ng UV)<\/span><\/li>\n<li><span style=\"color: #000000;\">Vi khu\u1ea9n: &lt; 0.01 CFU\/ml (c\u00f3 th\u1ec3 &lt; 0.005 CFU\/ml v\u1edbi module si\u00eau l\u1ecdc)<\/span><\/li>\n<li><span style=\"color: #000000;\">N\u1ed9i \u0111\u1ed9c t\u1ed1 (Pyrogen): &lt; 0.001 EU\/ml<\/span><\/li>\n<li><span style=\"color: #000000;\">DNase: &lt; 0.024 pg\/\u03bcl; RNase: &lt; 0.004 ng\/ml<\/span><\/li>\n<li><span style=\"color: #000000;\">T\u1ed1c \u0111\u1ed9 d\u00f2ng: l\u00ean \u0111\u1ebfn 2 L\/ph\u00fat<\/span><\/li>\n<\/ul>\n<\/li>\n<li><span style=\"color: #000000;\"><strong>N\u01b0\u1edbc tinh khi\u1ebft (Type 3):<\/strong><\/span>\n<ul>\n<li><span style=\"color: #000000;\">T\u1ef7 l\u1ec7 gi\u1eef l\u1ea1i: &gt;98% ion, vi khu\u1ea9n v\u00e0 t\u1ea1p ch\u1ea5t<\/span><\/li>\n<li><span style=\"color: #000000;\">Hi\u1ec7u su\u1ea5t l\u1ecdc: 6 L\/gi\u1edd<\/span><\/li>\n<\/ul>\n<\/li>\n<\/ul>\n<p><span style=\"color: #000000;\"><strong>Th\u00f4ng s\u1ed1 chung<\/strong><\/span><\/p>\n<ul>\n<li><span style=\"color: #000000;\">Nhi\u1ec7t \u0111\u1ed9 m\u00f4i tr\u01b0\u1eddng: +2 \u2013 35\u00b0C<\/span><\/li>\n<li><span style=\"color: #000000;\">\u0110i\u1ec7n \u00e1p ngu\u1ed3n: 90\u2013240V, 50\u201360Hz<\/span><\/li>\n<li><span style=\"color: #000000;\">C\u00f4ng su\u1ea5t ti\u00eau th\u1ee5: 120W<\/span><\/li>\n<li><span style=\"color: #000000;\">Tr\u1ecdng l\u01b0\u1ee3ng: 15 kg<\/span><\/li>\n<li><span style=\"color: #000000;\">K\u00edch th\u01b0\u1edbc (b\u1ed3n ch\u1ee9a):<\/span>\n<ul>\n<li><span style=\"color: #000000;\">B\u1ed3n 60L: Cao 755 mm<\/span><\/li>\n<li><span style=\"color: #000000;\">B\u1ed3n 100L: Cao 1125 mm<\/span><\/li>\n<\/ul>\n<\/li>\n<li><span style=\"color: #000000;\">K\u1ebft n\u1ed1i n\u01b0\u1edbc: R \u00be\u201d<\/span><\/li>\n<\/ul>","protected":false},"excerpt":{"rendered":"<p><span style=\"color: #000000;\">M\u00e1y l\u1ecdc n\u01b0\u1edbc Lo\u1ea1i 1+3 TRITON 6 thi\u1ebft k\u1ebf nh\u1ecf g\u1ecdn d\u1ec5 d\u00e0ng t\u00edch h\u1ee3p v\u00e0o m\u1ecdi kh\u00f4ng gian ph\u00f2ng th\u00ed nghi\u1ec7m. T\u00f9y ch\u1ecdn linh ho\u1ea1t v\u1edbi dung t\u00edch b\u1ed3n ch\u1ee9a 30L, 60L ho\u1eb7c 100L; t\u00f9y ch\u1ecdn \u0111\u00e8n UV, b\u1ed9 l\u1ecdc si\u00eau l\u1ecdc, gi\u00e1 treo t\u01b0\u1eddng, t\u00e0i li\u1ec7u ki\u1ec3m \u0111\u1ecbnh.<\/span><\/p>","protected":false},"featured_media":1453,"template":"","meta":{"inline_featured_image":false},"product_brand":[107],"product_cat":[113,109],"product_tag":[],"class_list":{"0":"post-1262","1":"product","2":"type-product","3":"status-publish","4":"has-post-thumbnail","6":"product_brand-neptec","7":"product_cat-he-thong-loc-nuoc","8":"product_cat-he-thong-loc-nuoc-phong-thi-nghiem","10":"first","11":"instock","12":"shipping-taxable","13":"product-type-simple"},"yoast_head":"<!-- This site is optimized with the Yoast SEO plugin v24.7 - https:\/\/yoast.com\/wordpress\/plugins\/seo\/ -->\n<title>M\u00e1y l\u1ecdc n\u01b0\u1edbc Lo\u1ea1i 1+3 - TRITON 6 - HTI Scientific<\/title>\n<meta name=\"description\" content=\"M\u00e1y l\u1ecdc n\u01b0\u1edbc Lo\u1ea1i 1+3 TRITON 6 t\u00f9y ch\u1ecdn linh ho\u1ea1t b\u1ed3n ch\u1ee9a dung t\u00edch 30L, 60L ho\u1eb7c 100L, t\u00f9y ch\u1ecdn \u0111\u00e8n UV, b\u1ed9 l\u1ecdc si\u00eau l\u1ecdc, gi\u00e1 treo t\u01b0\u1eddng\" \/>\n<meta name=\"robots\" content=\"index, follow, max-snippet:-1, max-image-preview:large, max-video-preview:-1\" \/>\n<link rel=\"canonical\" href=\"https:\/\/htiscientific.vn\/en\/product\/may-loc-nuoc-loai-13-triton-6\/\" \/>\n<meta property=\"og:locale\" content=\"en_US\" \/>\n<meta property=\"og:type\" content=\"article\" \/>\n<meta property=\"og:title\" content=\"M\u00e1y l\u1ecdc n\u01b0\u1edbc Lo\u1ea1i 1+3 - TRITON 6 - HTI Scientific\" \/>\n<meta property=\"og:description\" content=\"M\u00e1y l\u1ecdc n\u01b0\u1edbc Lo\u1ea1i 1+3 TRITON 6 t\u00f9y ch\u1ecdn linh ho\u1ea1t b\u1ed3n ch\u1ee9a dung t\u00edch 30L, 60L ho\u1eb7c 100L, t\u00f9y ch\u1ecdn \u0111\u00e8n UV, b\u1ed9 l\u1ecdc si\u00eau l\u1ecdc, gi\u00e1 treo t\u01b0\u1eddng\" \/>\n<meta property=\"og:url\" content=\"https:\/\/htiscientific.vn\/en\/product\/may-loc-nuoc-loai-13-triton-6\/\" \/>\n<meta property=\"og:site_name\" content=\"HTI Scientific\" \/>\n<meta property=\"article:publisher\" content=\"https:\/\/www.facebook.com\/htiscientific.vn\" \/>\n<meta property=\"article:modified_time\" content=\"2025-12-30T08:59:18+00:00\" \/>\n<meta property=\"og:image\" content=\"https:\/\/htiscientific.vn\/wp-content\/uploads\/2025\/05\/triton-6-12.jpg\" \/>\n\t<meta property=\"og:image:width\" content=\"1000\" \/>\n\t<meta property=\"og:image:height\" content=\"1000\" \/>\n\t<meta property=\"og:image:type\" content=\"image\/jpeg\" \/>\n<meta name=\"twitter:card\" content=\"summary_large_image\" \/>\n<meta name=\"twitter:label1\" content=\"Est. reading time\" \/>\n\t<meta name=\"twitter:data1\" content=\"2 minutes\" \/>\n<script type=\"application\/ld+json\" class=\"yoast-schema-graph\">{\"@context\":\"https:\/\/schema.org\",\"@graph\":[{\"@type\":\"WebPage\",\"@id\":\"https:\/\/htiscientific.vn\/san-pham\/may-loc-nuoc-loai-13-triton-6\/\",\"url\":\"https:\/\/htiscientific.vn\/san-pham\/may-loc-nuoc-loai-13-triton-6\/\",\"name\":\"M\u00e1y l\u1ecdc n\u01b0\u1edbc Lo\u1ea1i 1+3 - TRITON 6 - HTI Scientific\",\"isPartOf\":{\"@id\":\"https:\/\/htiscientific.vn\/#website\"},\"primaryImageOfPage\":{\"@id\":\"https:\/\/htiscientific.vn\/san-pham\/may-loc-nuoc-loai-13-triton-6\/#primaryimage\"},\"image\":{\"@id\":\"https:\/\/htiscientific.vn\/san-pham\/may-loc-nuoc-loai-13-triton-6\/#primaryimage\"},\"thumbnailUrl\":\"https:\/\/htiscientific.vn\/wp-content\/uploads\/2025\/05\/triton-6-12.jpg\",\"datePublished\":\"2025-10-10T04:01:45+00:00\",\"dateModified\":\"2025-12-30T08:59:18+00:00\",\"description\":\"M\u00e1y l\u1ecdc n\u01b0\u1edbc Lo\u1ea1i 1+3 TRITON 6 t\u00f9y ch\u1ecdn linh ho\u1ea1t b\u1ed3n ch\u1ee9a dung t\u00edch 30L, 60L ho\u1eb7c 100L, t\u00f9y ch\u1ecdn \u0111\u00e8n UV, b\u1ed9 l\u1ecdc si\u00eau l\u1ecdc, gi\u00e1 treo t\u01b0\u1eddng\",\"breadcrumb\":{\"@id\":\"https:\/\/htiscientific.vn\/san-pham\/may-loc-nuoc-loai-13-triton-6\/#breadcrumb\"},\"inLanguage\":\"en-US\",\"potentialAction\":[{\"@type\":\"ReadAction\",\"target\":[\"https:\/\/htiscientific.vn\/san-pham\/may-loc-nuoc-loai-13-triton-6\/\"]}]},{\"@type\":\"ImageObject\",\"inLanguage\":\"en-US\",\"@id\":\"https:\/\/htiscientific.vn\/san-pham\/may-loc-nuoc-loai-13-triton-6\/#primaryimage\",\"url\":\"https:\/\/htiscientific.vn\/wp-content\/uploads\/2025\/05\/triton-6-12.jpg\",\"contentUrl\":\"https:\/\/htiscientific.vn\/wp-content\/uploads\/2025\/05\/triton-6-12.jpg\",\"width\":1000,\"height\":1000,\"caption\":\"TRITON 6 12 Type 1 + 3\"},{\"@type\":\"BreadcrumbList\",\"@id\":\"https:\/\/htiscientific.vn\/san-pham\/may-loc-nuoc-loai-13-triton-6\/#breadcrumb\",\"itemListElement\":[{\"@type\":\"ListItem\",\"position\":1,\"name\":\"Trang ch\u1ee7\",\"item\":\"https:\/\/htiscientific.vn\/\"},{\"@type\":\"ListItem\",\"position\":2,\"name\":\"C\u1eeda h\u00e0ng\",\"item\":\"https:\/\/htiscientific.vn\/cua-hang\/\"},{\"@type\":\"ListItem\",\"position\":3,\"name\":\"H\u1ec7 th\u1ed1ng l\u1ecdc n\u01b0\u1edbc ph\u00f2ng th\u00ed nghi\u1ec7m\",\"item\":\"https:\/\/htiscientific.vn\/danh-muc-san-pham\/he-thong-loc-nuoc-phong-thi-nghiem\/\"},{\"@type\":\"ListItem\",\"position\":4,\"name\":\"M\u00e1y l\u1ecdc n\u01b0\u1edbc Lo\u1ea1i 1+3 &#8211; TRITON 6\"}]},{\"@type\":\"WebSite\",\"@id\":\"https:\/\/htiscientific.vn\/#website\",\"url\":\"https:\/\/htiscientific.vn\/\",\"name\":\"HTI Scientific\",\"description\":\"HTI Scientific\",\"publisher\":{\"@id\":\"https:\/\/htiscientific.vn\/#organization\"},\"potentialAction\":[{\"@type\":\"SearchAction\",\"target\":{\"@type\":\"EntryPoint\",\"urlTemplate\":\"https:\/\/htiscientific.vn\/?s={search_term_string}\"},\"query-input\":{\"@type\":\"PropertyValueSpecification\",\"valueRequired\":true,\"valueName\":\"search_term_string\"}}],\"inLanguage\":\"en-US\"},{\"@type\":\"Organization\",\"@id\":\"https:\/\/htiscientific.vn\/#organization\",\"name\":\"HTI Scientific\",\"alternateName\":\"HTI Scientific\",\"url\":\"https:\/\/htiscientific.vn\/\",\"logo\":{\"@type\":\"ImageObject\",\"inLanguage\":\"en-US\",\"@id\":\"https:\/\/htiscientific.vn\/#\/schema\/logo\/image\/\",\"url\":\"https:\/\/htiscientific.vn\/wp-content\/uploads\/2025\/03\/ava-hti-copy.jpg\",\"contentUrl\":\"https:\/\/htiscientific.vn\/wp-content\/uploads\/2025\/03\/ava-hti-copy.jpg\",\"width\":700,\"height\":450,\"caption\":\"HTI Scientific\"},\"image\":{\"@id\":\"https:\/\/htiscientific.vn\/#\/schema\/logo\/image\/\"},\"sameAs\":[\"https:\/\/www.facebook.com\/htiscientific.vn\"]}]}<\/script>\n<!-- \/ Yoast SEO plugin. -->","yoast_head_json":{"title":"M\u00e1y l\u1ecdc n\u01b0\u1edbc Lo\u1ea1i 1+3 - TRITON 6 - HTI Scientific","description":"M\u00e1y l\u1ecdc n\u01b0\u1edbc Lo\u1ea1i 1+3 TRITON 6 t\u00f9y ch\u1ecdn linh ho\u1ea1t b\u1ed3n ch\u1ee9a dung t\u00edch 30L, 60L ho\u1eb7c 100L, t\u00f9y ch\u1ecdn \u0111\u00e8n UV, b\u1ed9 l\u1ecdc si\u00eau l\u1ecdc, gi\u00e1 treo t\u01b0\u1eddng","robots":{"index":"index","follow":"follow","max-snippet":"max-snippet:-1","max-image-preview":"max-image-preview:large","max-video-preview":"max-video-preview:-1"},"canonical":"https:\/\/htiscientific.vn\/en\/product\/may-loc-nuoc-loai-13-triton-6\/","og_locale":"en_US","og_type":"article","og_title":"M\u00e1y l\u1ecdc n\u01b0\u1edbc Lo\u1ea1i 1+3 - TRITON 6 - HTI Scientific","og_description":"M\u00e1y l\u1ecdc n\u01b0\u1edbc Lo\u1ea1i 1+3 TRITON 6 t\u00f9y ch\u1ecdn linh ho\u1ea1t b\u1ed3n ch\u1ee9a dung t\u00edch 30L, 60L ho\u1eb7c 100L, t\u00f9y ch\u1ecdn \u0111\u00e8n UV, b\u1ed9 l\u1ecdc si\u00eau l\u1ecdc, gi\u00e1 treo t\u01b0\u1eddng","og_url":"https:\/\/htiscientific.vn\/en\/product\/may-loc-nuoc-loai-13-triton-6\/","og_site_name":"HTI Scientific","article_publisher":"https:\/\/www.facebook.com\/htiscientific.vn","article_modified_time":"2025-12-30T08:59:18+00:00","og_image":[{"width":1000,"height":1000,"url":"https:\/\/htiscientific.vn\/wp-content\/uploads\/2025\/05\/triton-6-12.jpg","type":"image\/jpeg"}],"twitter_card":"summary_large_image","twitter_misc":{"Est. reading time":"2 minutes"},"schema":{"@context":"https:\/\/schema.org","@graph":[{"@type":"WebPage","@id":"https:\/\/htiscientific.vn\/san-pham\/may-loc-nuoc-loai-13-triton-6\/","url":"https:\/\/htiscientific.vn\/san-pham\/may-loc-nuoc-loai-13-triton-6\/","name":"M\u00e1y l\u1ecdc n\u01b0\u1edbc Lo\u1ea1i 1+3 - TRITON 6 - HTI Scientific","isPartOf":{"@id":"https:\/\/htiscientific.vn\/#website"},"primaryImageOfPage":{"@id":"https:\/\/htiscientific.vn\/san-pham\/may-loc-nuoc-loai-13-triton-6\/#primaryimage"},"image":{"@id":"https:\/\/htiscientific.vn\/san-pham\/may-loc-nuoc-loai-13-triton-6\/#primaryimage"},"thumbnailUrl":"https:\/\/htiscientific.vn\/wp-content\/uploads\/2025\/05\/triton-6-12.jpg","datePublished":"2025-10-10T04:01:45+00:00","dateModified":"2025-12-30T08:59:18+00:00","description":"M\u00e1y l\u1ecdc n\u01b0\u1edbc Lo\u1ea1i 1+3 TRITON 6 t\u00f9y ch\u1ecdn linh ho\u1ea1t b\u1ed3n ch\u1ee9a dung t\u00edch 30L, 60L ho\u1eb7c 100L, t\u00f9y ch\u1ecdn \u0111\u00e8n UV, b\u1ed9 l\u1ecdc si\u00eau l\u1ecdc, gi\u00e1 treo t\u01b0\u1eddng","breadcrumb":{"@id":"https:\/\/htiscientific.vn\/san-pham\/may-loc-nuoc-loai-13-triton-6\/#breadcrumb"},"inLanguage":"en-US","potentialAction":[{"@type":"ReadAction","target":["https:\/\/htiscientific.vn\/san-pham\/may-loc-nuoc-loai-13-triton-6\/"]}]},{"@type":"ImageObject","inLanguage":"en-US","@id":"https:\/\/htiscientific.vn\/san-pham\/may-loc-nuoc-loai-13-triton-6\/#primaryimage","url":"https:\/\/htiscientific.vn\/wp-content\/uploads\/2025\/05\/triton-6-12.jpg","contentUrl":"https:\/\/htiscientific.vn\/wp-content\/uploads\/2025\/05\/triton-6-12.jpg","width":1000,"height":1000,"caption":"TRITON 6 12 Type 1 + 3"},{"@type":"BreadcrumbList","@id":"https:\/\/htiscientific.vn\/san-pham\/may-loc-nuoc-loai-13-triton-6\/#breadcrumb","itemListElement":[{"@type":"ListItem","position":1,"name":"Trang ch\u1ee7","item":"https:\/\/htiscientific.vn\/"},{"@type":"ListItem","position":2,"name":"C\u1eeda h\u00e0ng","item":"https:\/\/htiscientific.vn\/cua-hang\/"},{"@type":"ListItem","position":3,"name":"H\u1ec7 th\u1ed1ng l\u1ecdc n\u01b0\u1edbc ph\u00f2ng th\u00ed nghi\u1ec7m","item":"https:\/\/htiscientific.vn\/danh-muc-san-pham\/he-thong-loc-nuoc-phong-thi-nghiem\/"},{"@type":"ListItem","position":4,"name":"M\u00e1y l\u1ecdc n\u01b0\u1edbc Lo\u1ea1i 1+3 &#8211; TRITON 6"}]},{"@type":"WebSite","@id":"https:\/\/htiscientific.vn\/#website","url":"https:\/\/htiscientific.vn\/","name":"HTI Scientific","description":"HTI Scientific","publisher":{"@id":"https:\/\/htiscientific.vn\/#organization"},"potentialAction":[{"@type":"SearchAction","target":{"@type":"EntryPoint","urlTemplate":"https:\/\/htiscientific.vn\/?s={search_term_string}"},"query-input":{"@type":"PropertyValueSpecification","valueRequired":true,"valueName":"search_term_string"}}],"inLanguage":"en-US"},{"@type":"Organization","@id":"https:\/\/htiscientific.vn\/#organization","name":"HTI Scientific","alternateName":"HTI Scientific","url":"https:\/\/htiscientific.vn\/","logo":{"@type":"ImageObject","inLanguage":"en-US","@id":"https:\/\/htiscientific.vn\/#\/schema\/logo\/image\/","url":"https:\/\/htiscientific.vn\/wp-content\/uploads\/2025\/03\/ava-hti-copy.jpg","contentUrl":"https:\/\/htiscientific.vn\/wp-content\/uploads\/2025\/03\/ava-hti-copy.jpg","width":700,"height":450,"caption":"HTI Scientific"},"image":{"@id":"https:\/\/htiscientific.vn\/#\/schema\/logo\/image\/"},"sameAs":["https:\/\/www.facebook.com\/htiscientific.vn"]}]}},"_links":{"self":[{"href":"https:\/\/htiscientific.vn\/en\/wp-json\/wp\/v2\/product\/1262","targetHints":{"allow":["GET"]}}],"collection":[{"href":"https:\/\/htiscientific.vn\/en\/wp-json\/wp\/v2\/product"}],"about":[{"href":"https:\/\/htiscientific.vn\/en\/wp-json\/wp\/v2\/types\/product"}],"wp:featuredmedia":[{"embeddable":true,"href":"https:\/\/htiscientific.vn\/en\/wp-json\/wp\/v2\/media\/1453"}],"wp:attachment":[{"href":"https:\/\/htiscientific.vn\/en\/wp-json\/wp\/v2\/media?parent=1262"}],"wp:term":[{"taxonomy":"product_brand","embeddable":true,"href":"https:\/\/htiscientific.vn\/en\/wp-json\/wp\/v2\/product_brand?post=1262"},{"taxonomy":"product_cat","embeddable":true,"href":"https:\/\/htiscientific.vn\/en\/wp-json\/wp\/v2\/product_cat?post=1262"},{"taxonomy":"product_tag","embeddable":true,"href":"https:\/\/htiscientific.vn\/en\/wp-json\/wp\/v2\/product_tag?post=1262"}],"curies":[{"name":"wp","href":"https:\/\/api.w.org\/{rel}","templated":true}]}}