{"id":1261,"date":"2025-05-08T10:56:06","date_gmt":"2025-05-08T03:56:06","guid":{"rendered":"https:\/\/htiscientific.vn\/?post_type=product&#038;p=1261"},"modified":"2025-05-16T10:23:37","modified_gmt":"2025-05-16T03:23:37","slug":"may-loc-nuoc-loai-12-halios-id-40","status":"publish","type":"product","link":"https:\/\/htiscientific.vn\/en\/product\/may-loc-nuoc-loai-12-halios-id-40\/","title":{"rendered":"M\u00e1y l\u1ecdc N\u01b0\u1edbc lo\u1ea1i 1+2 &#8211; HALIOS ID 40"},"content":{"rendered":"<p><span style=\"color: #000000;\"><strong>Model: HALIOS ID 40<\/strong><\/span><\/p>\n<p><span style=\"color: #000000;\"><strong>M\u00e1y l\u1ecdc N\u01b0\u1edbc lo\u1ea1i 1 + 2 \u2013 HALIOS ID 40 (t\u1eeb N\u01b0\u1edbc M\u00e1y) &#8211; Dispenser c\u1ed1 \u0111\u1ecbnh<\/strong><\/span><\/p>\n<p><span style=\"color: #000000;\"><strong>H\u00e3ng s\u1ea3n xu\u1ea5t: <a href=\"https:\/\/htiscientific.vn\/en\/hang-san-xuat\/neptec\/\">NEPTEC GmbH<\/a><\/strong><\/span><\/p>\n<p><span style=\"color: #000000;\"><strong>Xu\u1ea5t x\u1ee9: \u0110\u1ee9c (Germany)<\/strong><\/span><\/p>\n<p><span style=\"color: #000000;\"><strong>\u0110\u1eb7c \u0111i\u1ec3m n\u1ed5i b\u1eadt M\u00e1y l\u1ecdc N\u01b0\u1edbc lo\u1ea1i 1+2 &#8211; HALIOS ID 40:<\/strong><\/span><\/p>\n<ul>\n<li><span style=\"color: #000000;\"><strong>Cung c\u1ea5p \u0111\u1ed3ng th\u1eddi n\u01b0\u1edbc tinh khi\u1ebft lo\u1ea1i 1 v\u00e0 lo\u1ea1i 2<\/strong>, \u0111\u1ea1t ho\u1eb7c v\u01b0\u1ee3t ti\u00eau chu\u1ea9n ASTM.<\/span><\/li>\n<li><span style=\"color: #000000;\"><strong>Thi\u1ebft k\u1ebf m\u00f4-\u0111un linh ho\u1ea1t<\/strong>, d\u1ec5 d\u00e0ng l\u1eafp \u0111\u1eb7t tr\u1ef1c ti\u1ebfp v\u1edbi ngu\u1ed3n n\u01b0\u1edbc m\u00e1y v\u00e0 k\u1ebft n\u1ed1i v\u1edbi c\u00e1c b\u1ed3n ch\u1ee9a ngo\u00e0i.<\/span><\/li>\n<li><span style=\"color: #000000;\"><strong>T\u1ed1c \u0111\u1ed9 t\u1ea1o n\u01b0\u1edbc cao l\u00ean \u0111\u1ebfn 40 l\u00edt\/gi\u1edd<\/strong>, ph\u00f9 h\u1ee3p cho c\u00e1c ph\u00f2ng th\u00ed nghi\u1ec7m c\u00f3 nhu c\u1ea7u s\u1eed d\u1ee5ng l\u1edbn.<\/span><\/li>\n<li><span style=\"color: #000000;\"><strong>B\u1ed9 l\u1ecdc RO t\u00edch h\u1ee3p<\/strong>, k\u00e9o d\u00e0i tu\u1ed5i th\u1ecd c\u00e1c l\u00f5i l\u1ecdc ph\u00eda sau v\u00e0 \u0111\u1ea3m b\u1ea3o ch\u1ea5t l\u01b0\u1ee3ng n\u01b0\u1edbc \u1ed5n \u0111\u1ecbnh.<\/span><\/li>\n<li><span style=\"color: #000000;\"><strong>M\u00e0n h\u00ecnh c\u1ea3m \u1ee9ng tr\u1ef1c quan<\/strong>, d\u1ec5 d\u00e0ng thao t\u00e1c v\u00e0 theo d\u00f5i c\u00e1c th\u00f4ng s\u1ed1 v\u1eadn h\u00e0nh.<\/span><\/li>\n<li><span style=\"color: #000000;\"><strong>C\u1ea3nh b\u00e1o r\u00f2 r\u1ec9, nh\u1eafc thay l\u00f5i l\u1ecdc<\/strong>, b\u1ea3o v\u1ec7 h\u1ec7 th\u1ed1ng v\u00e0 \u0111\u1ea3m b\u1ea3o an to\u00e0n khi s\u1eed d\u1ee5ng.<\/span><\/li>\n<li><span style=\"color: #000000;\"><strong>Ch\u1ebf \u0111\u1ed9 ECO<\/strong> gi\u00fap ti\u1ebft ki\u1ec7m chi ph\u00ed b\u1eb1ng c\u00e1ch k\u00e9o d\u00e0i tu\u1ed5i th\u1ecd l\u00f5i l\u1ecdc \u0111\u1ebfn 20%.<\/span><\/li>\n<li><span style=\"color: #000000;\"><strong>Dispenser ngo\u00e0i th\u00f4ng minh<\/strong> v\u1edbi thi\u1ebft k\u1ebf xoay, \u0111i\u1ec1u ch\u1ec9nh \u0111\u1ed9 cao v\u00e0 thao t\u00e1c m\u1ed9t tay ti\u1ec7n l\u1ee3i.<\/span><\/li>\n<\/ul>\n<p><span style=\"color: #000000;\"><strong>Th\u00f4ng s\u1ed1 k\u1ef9 thu\u1eadt M\u00e1y l\u1ecdc N\u01b0\u1edbc lo\u1ea1i 1+2 &#8211; HALIOS ID 40:<\/strong><\/span><\/p>\n<p><span style=\"color: #000000;\"><strong>Ngu\u1ed3n n\u01b0\u1edbc \u0111\u1ea7u v\u00e0o:<\/strong><\/span><\/p>\n<ul>\n<li><span style=\"color: #000000;\">Ch\u1ea5t l\u01b0\u1ee3ng n\u01b0\u1edbc c\u1ea5p: N\u01b0\u1edbc m\u00e1y sinh ho\u1ea1t (khuy\u1ebfn ngh\u1ecb d\u00f9ng b\u1ed9 ti\u1ec1n l\u1ecdc)<\/span><\/li>\n<li><span style=\"color: #000000;\">\u0110\u1ed9 d\u1eabn \u0111i\u1ec7n t\u1ea1i 25\u00b0C: &lt; 2000 \u00b5S\/cm<\/span><\/li>\n<li><span style=\"color: #000000;\">TOC: &lt; 1 ppm<\/span><\/li>\n<li><span style=\"color: #000000;\">\u00c1p su\u1ea5t: 1 \u2013 6 bar<\/span><\/li>\n<li><span style=\"color: #000000;\">Nhi\u1ec7t \u0111\u1ed9: 5 \u2013 35\u00b0C<\/span><\/li>\n<\/ul>\n<p><span style=\"color: #000000;\"><strong>N\u01b0\u1edbc si\u00eau tinh khi\u1ebft (Type 1):<\/strong><\/span><\/p>\n<ul>\n<li><span style=\"color: #000000;\">\u0110i\u1ec7n tr\u1edf su\u1ea5t: 18.2 M\u2126\u00b7cm (0.055 \u00b5S\/cm)<\/span><\/li>\n<li><span style=\"color: #000000;\">TOC: \u2264 2 ppb (c\u00f3 UV) \/ \u2264 10 ppb (kh\u00f4ng UV)<\/span><\/li>\n<li><span style=\"color: #000000;\">Vi sinh: &lt; 0.01 CFU\/ml<\/span><\/li>\n<li><span style=\"color: #000000;\">Pyrogen (endotoxin): &lt; 0.001 EU\/ml (v\u1edbi UF)<\/span><\/li>\n<li><span style=\"color: #000000;\">RNase: &lt; 0.004 ng\/ml (v\u1edbi UF)<\/span><\/li>\n<li><span style=\"color: #000000;\">DNase: &lt; 0.024 pg\/\u00b5l (v\u1edbi UF)<\/span><\/li>\n<li><span style=\"color: #000000;\">L\u01b0u l\u01b0\u1ee3ng: l\u00ean \u0111\u1ebfn 2 l\u00edt\/ph\u00fat<\/span><\/li>\n<\/ul>\n<p><span style=\"color: #000000;\"><strong>N\u01b0\u1edbc tinh khi\u1ebft (Type 2) trong b\u1ed3n ch\u1ee9a:<\/strong><\/span><\/p>\n<ul>\n<li><span style=\"color: #000000;\">\u0110i\u1ec7n tr\u1edf su\u1ea5t: &gt; 10 M\u2126\u00b7cm (&lt; 0.1 \u00b5S\/cm)<\/span><\/li>\n<li><span style=\"color: #000000;\">TOC: \u2264 30 ppb<\/span><\/li>\n<li><span style=\"color: #000000;\">Hi\u1ec7u su\u1ea5t: 40 l\u00edt\/gi\u1edd<\/span><\/li>\n<\/ul>\n<p><span style=\"color: #000000;\"><strong>Th\u00f4ng s\u1ed1 chung:<\/strong><\/span><\/p>\n<ul>\n<li><span style=\"color: #000000;\">Nhi\u1ec7t \u0111\u1ed9 m\u00f4i tr\u01b0\u1eddng: +2 \u2013 35\u00b0C<\/span><\/li>\n<li><span style=\"color: #000000;\">\u0110i\u1ec7n \u00e1p: 90\u2013240V \/ 50\u201360Hz<\/span><\/li>\n<li><span style=\"color: #000000;\">C\u00f4ng su\u1ea5t: 120W<\/span><\/li>\n<li><span style=\"color: #000000;\">K\u00edch th\u01b0\u1edbc k\u1ebft n\u1ed1i: R \u00be\u201d<\/span><\/li>\n<li><span style=\"color: #000000;\">Dung t\u00edch b\u1ed3n t\u00f9y ch\u1ecdn: 30L \/ 60L \/ 100L<\/span><\/li>\n<\/ul>\n<p><span style=\"color: #000000;\"><strong>T\u00f9y ch\u1ecdn th\u00eam:<\/strong><\/span><\/p>\n<ul>\n<li><span style=\"color: #000000;\">\u0110\u00e8n UV k\u00e9p (185|254nm)<\/span><\/li>\n<li><span style=\"color: #000000;\">B\u1ed9 UF lo\u1ea1i b\u1ecf DNase, RNase, protein, endotoxin<\/span><\/li>\n<li><span style=\"color: #000000;\">B\u1ed9 EDI ti\u1ebft ki\u1ec7m chi ph\u00ed v\u00e0 c\u1ea3i thi\u1ec7n ch\u1ea5t l\u01b0\u1ee3ng n\u01b0\u1edbc<\/span><\/li>\n<li><span style=\"color: #000000;\">G\u1eafn t\u01b0\u1eddng, dispenser XXL, kh\u1eed tr\u00f9ng b\u1ed3n b\u1eb1ng UV, t\u00e0i li\u1ec7u IQ\/OQ<\/span><\/li>\n<\/ul>","protected":false},"excerpt":{"rendered":"<p><span style=\"color: #000000;\">M\u00e1y l\u1ecdc N\u01b0\u1edbc 1+2 HALIOS ID 40 thi\u1ebft k\u1ebf m\u00f4-\u0111un linh ho\u1ea1t, d\u1ec5 d\u00e0ng l\u1eafp \u0111\u1eb7t tr\u1ef1c ti\u1ebfp v\u1edbi ngu\u1ed3n n\u01b0\u1edbc m\u00e1y v\u00e0 c\u00e1c b\u1ed3n ch\u1ee9a ngo\u00e0i. T\u1ed1c \u0111\u1ed9 t\u1ea1o n\u01b0\u1edbc cao l\u00ean \u0111\u1ebfn 40 l\u00edt\/gi\u1edd ph\u00f9 h\u1ee3p cho c\u00e1c ph\u00f2ng th\u00ed nghi\u1ec7m c\u00f3 nhu c\u1ea7u s\u1eed d\u1ee5ng l\u1edbn.<\/span><\/p>","protected":false},"featured_media":1438,"template":"","meta":{"inline_featured_image":false},"product_brand":[],"product_cat":[113,109],"product_tag":[],"class_list":{"0":"post-1261","1":"product","2":"type-product","3":"status-publish","4":"has-post-thumbnail","6":"product_cat-he-thong-loc-nuoc","7":"product_cat-he-thong-loc-nuoc-phong-thi-nghiem","9":"first","10":"instock","11":"shipping-taxable","12":"product-type-simple"},"yoast_head":"<!-- This site is optimized with the Yoast SEO plugin v24.7 - https:\/\/yoast.com\/wordpress\/plugins\/seo\/ -->\n<title>M\u00e1y l\u1ecdc N\u01b0\u1edbc lo\u1ea1i 1+2 - HALIOS ID 40 - HTI Scientific<\/title>\n<meta name=\"description\" content=\"M\u00e1y l\u1ecdc n\u01b0\u1edbc lo\u1ea1i 1+2 HALIOS ID 40 t\u1ed1c \u0111\u1ed9 t\u1ea1o n\u01b0\u1edbc cao l\u00ean \u0111\u1ebfn 40 l\u00edt\/gi\u1edd, thi\u1ebft k\u1ebf m\u00f4-\u0111un linh ho\u1ea1t l\u1eafp \u0111\u1eb7t tr\u1ef1c ti\u1ebfp v\u1edbi ngu\u1ed3n n\u01b0\u1edbc m\u00e1y v\u00e0 b\u1ed3n ch\u1ee9a ngo\u00e0i.\" \/>\n<meta name=\"robots\" content=\"index, follow, max-snippet:-1, max-image-preview:large, max-video-preview:-1\" \/>\n<link rel=\"canonical\" href=\"https:\/\/htiscientific.vn\/en\/product\/may-loc-nuoc-loai-12-halios-id-40\/\" \/>\n<meta property=\"og:locale\" content=\"en_US\" \/>\n<meta property=\"og:type\" content=\"article\" \/>\n<meta property=\"og:title\" content=\"M\u00e1y l\u1ecdc N\u01b0\u1edbc lo\u1ea1i 1+2 - HALIOS ID 40 - HTI Scientific\" \/>\n<meta property=\"og:description\" content=\"M\u00e1y l\u1ecdc n\u01b0\u1edbc lo\u1ea1i 1+2 HALIOS ID 40 t\u1ed1c \u0111\u1ed9 t\u1ea1o n\u01b0\u1edbc cao l\u00ean \u0111\u1ebfn 40 l\u00edt\/gi\u1edd, thi\u1ebft k\u1ebf m\u00f4-\u0111un linh ho\u1ea1t l\u1eafp \u0111\u1eb7t tr\u1ef1c ti\u1ebfp v\u1edbi ngu\u1ed3n n\u01b0\u1edbc m\u00e1y v\u00e0 b\u1ed3n ch\u1ee9a ngo\u00e0i.\" \/>\n<meta property=\"og:url\" content=\"https:\/\/htiscientific.vn\/en\/product\/may-loc-nuoc-loai-12-halios-id-40\/\" \/>\n<meta property=\"og:site_name\" content=\"HTI Scientific\" \/>\n<meta property=\"article:publisher\" content=\"https:\/\/www.facebook.com\/htiscientific.vn\" \/>\n<meta property=\"article:modified_time\" content=\"2025-05-16T03:23:37+00:00\" \/>\n<meta property=\"og:image\" content=\"https:\/\/htiscientific.vn\/wp-content\/uploads\/2025\/05\/halios-id-40-1.jpg\" \/>\n\t<meta property=\"og:image:width\" content=\"1000\" \/>\n\t<meta property=\"og:image:height\" content=\"1000\" \/>\n\t<meta property=\"og:image:type\" content=\"image\/jpeg\" \/>\n<meta name=\"twitter:card\" content=\"summary_large_image\" \/>\n<meta name=\"twitter:label1\" content=\"Est. reading time\" \/>\n\t<meta name=\"twitter:data1\" content=\"3 minutes\" \/>\n<script type=\"application\/ld+json\" class=\"yoast-schema-graph\">{\"@context\":\"https:\/\/schema.org\",\"@graph\":[{\"@type\":\"WebPage\",\"@id\":\"https:\/\/htiscientific.vn\/san-pham\/may-loc-nuoc-loai-12-halios-id-40\/\",\"url\":\"https:\/\/htiscientific.vn\/san-pham\/may-loc-nuoc-loai-12-halios-id-40\/\",\"name\":\"M\u00e1y l\u1ecdc N\u01b0\u1edbc lo\u1ea1i 1+2 - HALIOS ID 40 - HTI Scientific\",\"isPartOf\":{\"@id\":\"https:\/\/htiscientific.vn\/#website\"},\"primaryImageOfPage\":{\"@id\":\"https:\/\/htiscientific.vn\/san-pham\/may-loc-nuoc-loai-12-halios-id-40\/#primaryimage\"},\"image\":{\"@id\":\"https:\/\/htiscientific.vn\/san-pham\/may-loc-nuoc-loai-12-halios-id-40\/#primaryimage\"},\"thumbnailUrl\":\"https:\/\/htiscientific.vn\/wp-content\/uploads\/2025\/05\/halios-id-40-1.jpg\",\"datePublished\":\"2025-05-08T03:56:06+00:00\",\"dateModified\":\"2025-05-16T03:23:37+00:00\",\"description\":\"M\u00e1y l\u1ecdc n\u01b0\u1edbc lo\u1ea1i 1+2 HALIOS ID 40 t\u1ed1c \u0111\u1ed9 t\u1ea1o n\u01b0\u1edbc cao l\u00ean \u0111\u1ebfn 40 l\u00edt\/gi\u1edd, thi\u1ebft k\u1ebf m\u00f4-\u0111un linh ho\u1ea1t l\u1eafp \u0111\u1eb7t tr\u1ef1c ti\u1ebfp v\u1edbi ngu\u1ed3n n\u01b0\u1edbc m\u00e1y v\u00e0 b\u1ed3n ch\u1ee9a ngo\u00e0i.\",\"breadcrumb\":{\"@id\":\"https:\/\/htiscientific.vn\/san-pham\/may-loc-nuoc-loai-12-halios-id-40\/#breadcrumb\"},\"inLanguage\":\"en-US\",\"potentialAction\":[{\"@type\":\"ReadAction\",\"target\":[\"https:\/\/htiscientific.vn\/san-pham\/may-loc-nuoc-loai-12-halios-id-40\/\"]}]},{\"@type\":\"ImageObject\",\"inLanguage\":\"en-US\",\"@id\":\"https:\/\/htiscientific.vn\/san-pham\/may-loc-nuoc-loai-12-halios-id-40\/#primaryimage\",\"url\":\"https:\/\/htiscientific.vn\/wp-content\/uploads\/2025\/05\/halios-id-40-1.jpg\",\"contentUrl\":\"https:\/\/htiscientific.vn\/wp-content\/uploads\/2025\/05\/halios-id-40-1.jpg\",\"width\":1000,\"height\":1000,\"caption\":\"Halios ID 40\"},{\"@type\":\"BreadcrumbList\",\"@id\":\"https:\/\/htiscientific.vn\/san-pham\/may-loc-nuoc-loai-12-halios-id-40\/#breadcrumb\",\"itemListElement\":[{\"@type\":\"ListItem\",\"position\":1,\"name\":\"Trang ch\u1ee7\",\"item\":\"https:\/\/htiscientific.vn\/\"},{\"@type\":\"ListItem\",\"position\":2,\"name\":\"C\u1eeda h\u00e0ng\",\"item\":\"https:\/\/htiscientific.vn\/cua-hang\/\"},{\"@type\":\"ListItem\",\"position\":3,\"name\":\"H\u1ec7 th\u1ed1ng l\u1ecdc n\u01b0\u1edbc ph\u00f2ng th\u00ed nghi\u1ec7m\",\"item\":\"https:\/\/htiscientific.vn\/danh-muc-san-pham\/he-thong-loc-nuoc-phong-thi-nghiem\/\"},{\"@type\":\"ListItem\",\"position\":4,\"name\":\"M\u00e1y l\u1ecdc N\u01b0\u1edbc lo\u1ea1i 1+2 &#8211; HALIOS ID 40\"}]},{\"@type\":\"WebSite\",\"@id\":\"https:\/\/htiscientific.vn\/#website\",\"url\":\"https:\/\/htiscientific.vn\/\",\"name\":\"HTI Scientific\",\"description\":\"HTI Scientific\",\"publisher\":{\"@id\":\"https:\/\/htiscientific.vn\/#organization\"},\"potentialAction\":[{\"@type\":\"SearchAction\",\"target\":{\"@type\":\"EntryPoint\",\"urlTemplate\":\"https:\/\/htiscientific.vn\/?s={search_term_string}\"},\"query-input\":{\"@type\":\"PropertyValueSpecification\",\"valueRequired\":true,\"valueName\":\"search_term_string\"}}],\"inLanguage\":\"en-US\"},{\"@type\":\"Organization\",\"@id\":\"https:\/\/htiscientific.vn\/#organization\",\"name\":\"HTI Scientific\",\"alternateName\":\"HTI Scientific\",\"url\":\"https:\/\/htiscientific.vn\/\",\"logo\":{\"@type\":\"ImageObject\",\"inLanguage\":\"en-US\",\"@id\":\"https:\/\/htiscientific.vn\/#\/schema\/logo\/image\/\",\"url\":\"https:\/\/htiscientific.vn\/wp-content\/uploads\/2025\/03\/ava-hti-copy.jpg\",\"contentUrl\":\"https:\/\/htiscientific.vn\/wp-content\/uploads\/2025\/03\/ava-hti-copy.jpg\",\"width\":700,\"height\":450,\"caption\":\"HTI Scientific\"},\"image\":{\"@id\":\"https:\/\/htiscientific.vn\/#\/schema\/logo\/image\/\"},\"sameAs\":[\"https:\/\/www.facebook.com\/htiscientific.vn\"]}]}<\/script>\n<!-- \/ Yoast SEO plugin. -->","yoast_head_json":{"title":"M\u00e1y l\u1ecdc N\u01b0\u1edbc lo\u1ea1i 1+2 - HALIOS ID 40 - HTI Scientific","description":"M\u00e1y l\u1ecdc n\u01b0\u1edbc lo\u1ea1i 1+2 HALIOS ID 40 t\u1ed1c \u0111\u1ed9 t\u1ea1o n\u01b0\u1edbc cao l\u00ean \u0111\u1ebfn 40 l\u00edt\/gi\u1edd, thi\u1ebft k\u1ebf m\u00f4-\u0111un linh ho\u1ea1t l\u1eafp \u0111\u1eb7t tr\u1ef1c ti\u1ebfp v\u1edbi ngu\u1ed3n n\u01b0\u1edbc m\u00e1y v\u00e0 b\u1ed3n ch\u1ee9a ngo\u00e0i.","robots":{"index":"index","follow":"follow","max-snippet":"max-snippet:-1","max-image-preview":"max-image-preview:large","max-video-preview":"max-video-preview:-1"},"canonical":"https:\/\/htiscientific.vn\/en\/product\/may-loc-nuoc-loai-12-halios-id-40\/","og_locale":"en_US","og_type":"article","og_title":"M\u00e1y l\u1ecdc N\u01b0\u1edbc lo\u1ea1i 1+2 - HALIOS ID 40 - HTI Scientific","og_description":"M\u00e1y l\u1ecdc n\u01b0\u1edbc lo\u1ea1i 1+2 HALIOS ID 40 t\u1ed1c \u0111\u1ed9 t\u1ea1o n\u01b0\u1edbc cao l\u00ean \u0111\u1ebfn 40 l\u00edt\/gi\u1edd, thi\u1ebft k\u1ebf m\u00f4-\u0111un linh ho\u1ea1t l\u1eafp \u0111\u1eb7t tr\u1ef1c ti\u1ebfp v\u1edbi ngu\u1ed3n n\u01b0\u1edbc m\u00e1y v\u00e0 b\u1ed3n ch\u1ee9a ngo\u00e0i.","og_url":"https:\/\/htiscientific.vn\/en\/product\/may-loc-nuoc-loai-12-halios-id-40\/","og_site_name":"HTI Scientific","article_publisher":"https:\/\/www.facebook.com\/htiscientific.vn","article_modified_time":"2025-05-16T03:23:37+00:00","og_image":[{"width":1000,"height":1000,"url":"https:\/\/htiscientific.vn\/wp-content\/uploads\/2025\/05\/halios-id-40-1.jpg","type":"image\/jpeg"}],"twitter_card":"summary_large_image","twitter_misc":{"Est. reading time":"3 minutes"},"schema":{"@context":"https:\/\/schema.org","@graph":[{"@type":"WebPage","@id":"https:\/\/htiscientific.vn\/san-pham\/may-loc-nuoc-loai-12-halios-id-40\/","url":"https:\/\/htiscientific.vn\/san-pham\/may-loc-nuoc-loai-12-halios-id-40\/","name":"M\u00e1y l\u1ecdc N\u01b0\u1edbc lo\u1ea1i 1+2 - HALIOS ID 40 - HTI Scientific","isPartOf":{"@id":"https:\/\/htiscientific.vn\/#website"},"primaryImageOfPage":{"@id":"https:\/\/htiscientific.vn\/san-pham\/may-loc-nuoc-loai-12-halios-id-40\/#primaryimage"},"image":{"@id":"https:\/\/htiscientific.vn\/san-pham\/may-loc-nuoc-loai-12-halios-id-40\/#primaryimage"},"thumbnailUrl":"https:\/\/htiscientific.vn\/wp-content\/uploads\/2025\/05\/halios-id-40-1.jpg","datePublished":"2025-05-08T03:56:06+00:00","dateModified":"2025-05-16T03:23:37+00:00","description":"M\u00e1y l\u1ecdc n\u01b0\u1edbc lo\u1ea1i 1+2 HALIOS ID 40 t\u1ed1c \u0111\u1ed9 t\u1ea1o n\u01b0\u1edbc cao l\u00ean \u0111\u1ebfn 40 l\u00edt\/gi\u1edd, thi\u1ebft k\u1ebf m\u00f4-\u0111un linh ho\u1ea1t l\u1eafp \u0111\u1eb7t tr\u1ef1c ti\u1ebfp v\u1edbi ngu\u1ed3n n\u01b0\u1edbc m\u00e1y v\u00e0 b\u1ed3n ch\u1ee9a ngo\u00e0i.","breadcrumb":{"@id":"https:\/\/htiscientific.vn\/san-pham\/may-loc-nuoc-loai-12-halios-id-40\/#breadcrumb"},"inLanguage":"en-US","potentialAction":[{"@type":"ReadAction","target":["https:\/\/htiscientific.vn\/san-pham\/may-loc-nuoc-loai-12-halios-id-40\/"]}]},{"@type":"ImageObject","inLanguage":"en-US","@id":"https:\/\/htiscientific.vn\/san-pham\/may-loc-nuoc-loai-12-halios-id-40\/#primaryimage","url":"https:\/\/htiscientific.vn\/wp-content\/uploads\/2025\/05\/halios-id-40-1.jpg","contentUrl":"https:\/\/htiscientific.vn\/wp-content\/uploads\/2025\/05\/halios-id-40-1.jpg","width":1000,"height":1000,"caption":"Halios ID 40"},{"@type":"BreadcrumbList","@id":"https:\/\/htiscientific.vn\/san-pham\/may-loc-nuoc-loai-12-halios-id-40\/#breadcrumb","itemListElement":[{"@type":"ListItem","position":1,"name":"Trang ch\u1ee7","item":"https:\/\/htiscientific.vn\/"},{"@type":"ListItem","position":2,"name":"C\u1eeda h\u00e0ng","item":"https:\/\/htiscientific.vn\/cua-hang\/"},{"@type":"ListItem","position":3,"name":"H\u1ec7 th\u1ed1ng l\u1ecdc n\u01b0\u1edbc ph\u00f2ng th\u00ed nghi\u1ec7m","item":"https:\/\/htiscientific.vn\/danh-muc-san-pham\/he-thong-loc-nuoc-phong-thi-nghiem\/"},{"@type":"ListItem","position":4,"name":"M\u00e1y l\u1ecdc N\u01b0\u1edbc lo\u1ea1i 1+2 &#8211; HALIOS ID 40"}]},{"@type":"WebSite","@id":"https:\/\/htiscientific.vn\/#website","url":"https:\/\/htiscientific.vn\/","name":"HTI Scientific","description":"HTI Scientific","publisher":{"@id":"https:\/\/htiscientific.vn\/#organization"},"potentialAction":[{"@type":"SearchAction","target":{"@type":"EntryPoint","urlTemplate":"https:\/\/htiscientific.vn\/?s={search_term_string}"},"query-input":{"@type":"PropertyValueSpecification","valueRequired":true,"valueName":"search_term_string"}}],"inLanguage":"en-US"},{"@type":"Organization","@id":"https:\/\/htiscientific.vn\/#organization","name":"HTI Scientific","alternateName":"HTI Scientific","url":"https:\/\/htiscientific.vn\/","logo":{"@type":"ImageObject","inLanguage":"en-US","@id":"https:\/\/htiscientific.vn\/#\/schema\/logo\/image\/","url":"https:\/\/htiscientific.vn\/wp-content\/uploads\/2025\/03\/ava-hti-copy.jpg","contentUrl":"https:\/\/htiscientific.vn\/wp-content\/uploads\/2025\/03\/ava-hti-copy.jpg","width":700,"height":450,"caption":"HTI Scientific"},"image":{"@id":"https:\/\/htiscientific.vn\/#\/schema\/logo\/image\/"},"sameAs":["https:\/\/www.facebook.com\/htiscientific.vn"]}]}},"_links":{"self":[{"href":"https:\/\/htiscientific.vn\/en\/wp-json\/wp\/v2\/product\/1261","targetHints":{"allow":["GET"]}}],"collection":[{"href":"https:\/\/htiscientific.vn\/en\/wp-json\/wp\/v2\/product"}],"about":[{"href":"https:\/\/htiscientific.vn\/en\/wp-json\/wp\/v2\/types\/product"}],"wp:featuredmedia":[{"embeddable":true,"href":"https:\/\/htiscientific.vn\/en\/wp-json\/wp\/v2\/media\/1438"}],"wp:attachment":[{"href":"https:\/\/htiscientific.vn\/en\/wp-json\/wp\/v2\/media?parent=1261"}],"wp:term":[{"taxonomy":"product_brand","embeddable":true,"href":"https:\/\/htiscientific.vn\/en\/wp-json\/wp\/v2\/product_brand?post=1261"},{"taxonomy":"product_cat","embeddable":true,"href":"https:\/\/htiscientific.vn\/en\/wp-json\/wp\/v2\/product_cat?post=1261"},{"taxonomy":"product_tag","embeddable":true,"href":"https:\/\/htiscientific.vn\/en\/wp-json\/wp\/v2\/product_tag?post=1261"}],"curies":[{"name":"wp","href":"https:\/\/api.w.org\/{rel}","templated":true}]}}