{"id":1256,"date":"2025-10-10T10:22:23","date_gmt":"2025-10-10T03:22:23","guid":{"rendered":"https:\/\/htiscientific.vn\/?post_type=product&#038;p=1256"},"modified":"2025-12-30T16:00:04","modified_gmt":"2025-12-30T09:00:04","slug":"may-loc-nuoc-loai-12-halios-id-6","status":"publish","type":"product","link":"https:\/\/htiscientific.vn\/en\/product\/may-loc-nuoc-loai-12-halios-id-6\/","title":{"rendered":"M\u00e1y l\u1ecdc N\u01b0\u1edbc lo\u1ea1i 1+2 HALIOS ID 6"},"content":{"rendered":"<p><span style=\"color: #000000;\"><strong>Model: HALIOS ID 6<\/strong><\/span><\/p>\n<p><span style=\"color: #000000;\"><strong>M\u00e1y l\u1ecdc N\u01b0\u1edbc lo\u1ea1i 1 + 2 \u2013 HALIOS ID 6 (t\u1eeb N\u01b0\u1edbc M\u00e1y) &#8211; Dispenser c\u1ed1 \u0111\u1ecbnh<\/strong><\/span><\/p>\n<p><span style=\"color: #000000;\"><strong>H\u00e3ng s\u1ea3n xu\u1ea5t: <a href=\"https:\/\/htiscientific.vn\/en\/hang-san-xuat\/neptec\/\">NEPTEC GmbH<\/a><\/strong><\/span><\/p>\n<p><span style=\"color: #000000;\"><strong>Xu\u1ea5t x\u1ee9: \u0110\u1ee9c (Germany)<\/strong><\/span><\/p>\n<p><span style=\"color: #000000;\"><strong>\u0110\u1eb7c \u0111i\u1ec3m n\u1ed5i b\u1eadt M\u00e1y l\u1ecdc N\u01b0\u1edbc lo\u1ea1i 1+2 HALIOS ID 6<\/strong><\/span><\/p>\n<ul>\n<li><span style=\"color: #000000;\">\u0110\u00e1p \u1ee9ng v\u00e0 v\u01b0\u1ee3t ti\u00eau chu\u1ea9n ASTM Type 1 v\u00e0 2.<\/span><\/li>\n<li><span style=\"color: #000000;\">Thi\u1ebft k\u1ebf m\u00f4-\u0111un, k\u1ebft n\u1ed1i tr\u1ef1c ti\u1ebfp v\u1edbi n\u01b0\u1edbc m\u00e1y.<\/span><\/li>\n<li><span style=\"color: #000000;\">T\u00edch h\u1ee3p b\u1ed3n ch\u1ee9a n\u01b0\u1edbc 10 l\u00edt, c\u00f4ng su\u1ea5t s\u1ea3n xu\u1ea5t 6 l\u00edt\/gi\u1edd.<\/span><\/li>\n<li><span style=\"color: #000000;\">B\u1ed9 ti\u1ec1n x\u1eed l\u00fd t\u00edch h\u1ee3p gi\u00fap t\u0103ng tu\u1ed5i th\u1ecd m\u00e0ng RO v\u00e0 c\u00e1c l\u00f5i l\u1ecdc sau \u0111\u00f3.<\/span><\/li>\n<li><span style=\"color: #000000;\">B\u1ed9 ph\u00e2n ph\u1ed1i n\u01b0\u1edbc ngo\u00e0i b\u00e0n: xoay, \u0111i\u1ec1u ch\u1ec9nh cao \u0111\u1ed9<\/span><\/li>\n<li><span style=\"color: #000000;\">M\u00e0n h\u00ecnh c\u1ea3m \u1ee9ng l\u1edbn, d\u1ec5 s\u1eed d\u1ee5ng.<\/span><\/li>\n<li><span style=\"color: #000000;\">Ch\u1ee9c n\u0103ng c\u1ea3nh b\u00e1o r\u00f2 r\u1ec9 n\u01b0\u1edbc, b\u1ea3o v\u1ec7 ch\u1ed1ng c\u1ea1n kh\u00f4.<\/span><\/li>\n<li><span style=\"color: #000000;\">Giao di\u1ec7n th\u00e2n thi\u1ec7n v\u1edbi ng\u01b0\u1eddi d\u00f9ng, l\u01b0u tr\u1eef d\u1eef li\u1ec7u theo chu\u1ea9n GLP qua USB.<\/span><\/li>\n<li><span style=\"color: #000000;\">Ch\u1ebf \u0111\u1ed9 ECO gi\u00fap k\u00e9o d\u00e0i tu\u1ed5i th\u1ecd l\u00f5i l\u1ecdc \u0111\u1ebfn 20%.<\/span><\/li>\n<li><span style=\"color: #000000;\">Tu\u00e2n th\u1ee7 nghi\u00eam ng\u1eb7t v\u1ec1 \u0111\u1ed9 tinh khi\u1ebft vi sinh nh\u1edd tu\u1ea7n ho\u00e0n kh\u00e9p k\u00edn to\u00e0n b\u1ed9 h\u1ec7 th\u1ed1ng.<\/span><\/li>\n<li><span style=\"color: #000000;\">C\u00f3 th\u1ec3 m\u1edf r\u1ed9ng \u0111\u1ebfn 4 b\u1ed9 ph\u00e2n ph\u1ed1i n\u01b0\u1edbc ngo\u00e0i b\u00e0n.<\/span><\/li>\n<\/ul>\n<p><span style=\"color: #000000;\"><strong>Th\u00f4ng s\u1ed1 k\u1ef9 thu\u1eadt M\u00e1y l\u1ecdc N\u01b0\u1edbc lo\u1ea1i 1+2 HALIOS ID 6<\/strong><\/span><\/p>\n<p><span style=\"color: #000000;\"><strong><em>N\u01b0\u1edbc \u0111\u1ea7u v\u00e0o (Feed Water)<\/em><\/strong><\/span><\/p>\n<ul>\n<li><span style=\"color: #000000;\">Ngu\u1ed3n: N\u01b0\u1edbc m\u00e1y<\/span><\/li>\n<li><span style=\"color: #000000;\">\u0110\u1ed9 d\u1eabn \u0111i\u1ec7n (25\u00b0C): &lt; 2000 \u00b5S\/cm<\/span><\/li>\n<li><span style=\"color: #000000;\">TOC: &lt; 1 ppm<\/span><\/li>\n<li><span style=\"color: #000000;\">\u00c1p su\u1ea5t: 1 \u2013 6 bar<\/span><\/li>\n<li><span style=\"color: #000000;\">Nhi\u1ec7t \u0111\u1ed9: 5 \u2013 35\u00b0C<\/span><\/li>\n<\/ul>\n<p><span style=\"color: #000000;\"><strong><em>N\u01b0\u1edbc si\u00eau tinh khi\u1ebft (Type 1)<\/em><\/strong><\/span><\/p>\n<ul>\n<li><span style=\"color: #000000;\">\u0110i\u1ec7n tr\u1edf su\u1ea5t (25\u00b0C): \u2265 18.2 M\u2126\u00b7cm (0.055 \u00b5S\/cm)<\/span><\/li>\n<li><span style=\"color: #000000;\">TOC: \u2264 2 ppb (v\u1edbi \u0111\u00e8n UV) | \u2264 10 ppb (kh\u00f4ng c\u00f3 UV)<\/span><\/li>\n<li><span style=\"color: #000000;\">Vi khu\u1ea9n: &lt; 0.01 CFU\/ml<\/span><\/li>\n<li><span style=\"color: #000000;\">Pyrogen (Endotoxin): &lt; 0.001 EU\/ml (v\u1edbi module si\u00eau l\u1ecdc)<\/span><\/li>\n<li><span style=\"color: #000000;\">DNase: &lt; 0.024 pg\/\u00b5l | RNase: &lt; 0.004 ng\/ml<\/span><\/li>\n<li><span style=\"color: #000000;\">L\u01b0u l\u01b0\u1ee3ng n\u01b0\u1edbc: \u0111\u1ebfn 2 l\u00edt\/ph\u00fat<\/span><\/li>\n<\/ul>\n<p><span style=\"color: #000000;\"><strong><em>N\u01b0\u1edbc tinh khi\u1ebft trong b\u1ed3n (Type 2)<\/em><\/strong><\/span><\/p>\n<ul>\n<li><span style=\"color: #000000;\">\u0110i\u1ec7n tr\u1edf su\u1ea5t (25\u00b0C): &gt; 10 M\u2126\u00b7cm (&lt; 0.1 \u00b5S\/cm)<\/span><\/li>\n<li><span style=\"color: #000000;\">TOC: \u2264 30 ppb<\/span><\/li>\n<li><span style=\"color: #000000;\">Hi\u1ec7u su\u1ea5t: 6 l\u00edt\/gi\u1edd<\/span><\/li>\n<\/ul>\n<p><span style=\"color: #000000;\"><strong><em>Th\u00f4ng s\u1ed1 kh\u00e1c<\/em><\/strong><\/span><\/p>\n<ul>\n<li><span style=\"color: #000000;\">Nhi\u1ec7t \u0111\u1ed9 m\u00f4i tr\u01b0\u1eddng: +2\u00b0C \u0111\u1ebfn 35\u00b0C<\/span><\/li>\n<li><span style=\"color: #000000;\">\u0110i\u1ec7n \u00e1p: 90 \u2013 240V \/ 50\u201360 Hz<\/span><\/li>\n<li><span style=\"color: #000000;\">C\u00f4ng su\u1ea5t ti\u00eau th\u1ee5: 120W<\/span><\/li>\n<li><span style=\"color: #000000;\">K\u1ebft n\u1ed1i: R \u00be\u201d<\/span><\/li>\n<li><span style=\"color: #000000;\">Tr\u1ecdng l\u01b0\u1ee3ng: 25 kg<\/span><\/li>\n<\/ul>","protected":false},"excerpt":{"rendered":"<p><span style=\"color: #000000;\">M\u00e1y l\u1ecdc N\u01b0\u1edbc lo\u1ea1i 1+2 HALIOS ID 6 thi\u1ebft k\u1ebf m\u00f4-\u0111un k\u1ebft n\u1ed1i tr\u1ef1c ti\u1ebfp v\u1edbi n\u01b0\u1edbc m\u00e1y. M\u00e1y l\u1ecdc t\u00edch h\u1ee3p b\u1ed3n ch\u1ee9a n\u01b0\u1edbc 10 l\u00edt, c\u00f4ng su\u1ea5t s\u1ea3n xu\u1ea5t 6 l\u00edt\/gi\u1edd. T\u00edch h\u1ee3p b\u1ed9 ti\u1ec1n x\u1eed l\u00fd gi\u00fap t\u0103ng tu\u1ed5i th\u1ecd mang RO v\u00e0 c\u00e1c l\u00f5i l\u1ecdc sau \u0111\u00f3, ch\u1ebf \u0111\u1ed9 ECO gi\u00fap k\u00e9o d\u00e0i tu\u1ed5i th\u1ecd l\u00f5i l\u1ecdc \u0111\u1ebfn 20%.<\/span><\/p>","protected":false},"featured_media":1435,"template":"","meta":{"inline_featured_image":false},"product_brand":[107],"product_cat":[113,109],"product_tag":[],"class_list":{"0":"post-1256","1":"product","2":"type-product","3":"status-publish","4":"has-post-thumbnail","6":"product_brand-neptec","7":"product_cat-he-thong-loc-nuoc","8":"product_cat-he-thong-loc-nuoc-phong-thi-nghiem","10":"first","11":"instock","12":"shipping-taxable","13":"product-type-simple"},"yoast_head":"<!-- This site is optimized with the Yoast SEO plugin v24.7 - https:\/\/yoast.com\/wordpress\/plugins\/seo\/ -->\n<title>M\u00e1y l\u1ecdc N\u01b0\u1edbc lo\u1ea1i 1+2 HALIOS ID 6 - HTI Scientific<\/title>\n<meta name=\"description\" content=\"M\u00e1y l\u1ecdc n\u01b0\u1edbc lo\u1ea1i 1+2 HALIOS ID 6 t\u00edch h\u1ee3p b\u1ed3n ch\u1ee9a n\u01b0\u1edbc 10 l\u00edt, c\u00f4ng su\u1ea5t s\u1ea3n xu\u1ea5t 6 l\u00edt\/gi\u1edd, c\u00f3 th\u1ec3 k\u1ebft n\u1ed1i tr\u1ef1c ti\u1ebfp v\u1edbi n\u01b0\u1edbc m\u00e1y...\" \/>\n<meta name=\"robots\" content=\"index, follow, max-snippet:-1, max-image-preview:large, max-video-preview:-1\" \/>\n<link rel=\"canonical\" href=\"https:\/\/htiscientific.vn\/en\/product\/may-loc-nuoc-loai-12-halios-id-6\/\" \/>\n<meta property=\"og:locale\" content=\"en_US\" \/>\n<meta property=\"og:type\" content=\"article\" \/>\n<meta property=\"og:title\" content=\"M\u00e1y l\u1ecdc N\u01b0\u1edbc lo\u1ea1i 1+2 HALIOS ID 6 - HTI Scientific\" \/>\n<meta property=\"og:description\" content=\"M\u00e1y l\u1ecdc n\u01b0\u1edbc lo\u1ea1i 1+2 HALIOS ID 6 t\u00edch h\u1ee3p b\u1ed3n ch\u1ee9a n\u01b0\u1edbc 10 l\u00edt, c\u00f4ng su\u1ea5t s\u1ea3n xu\u1ea5t 6 l\u00edt\/gi\u1edd, c\u00f3 th\u1ec3 k\u1ebft n\u1ed1i tr\u1ef1c ti\u1ebfp v\u1edbi n\u01b0\u1edbc m\u00e1y...\" \/>\n<meta property=\"og:url\" content=\"https:\/\/htiscientific.vn\/en\/product\/may-loc-nuoc-loai-12-halios-id-6\/\" \/>\n<meta property=\"og:site_name\" content=\"HTI Scientific\" \/>\n<meta property=\"article:publisher\" content=\"https:\/\/www.facebook.com\/htiscientific.vn\" \/>\n<meta property=\"article:modified_time\" content=\"2025-12-30T09:00:04+00:00\" \/>\n<meta property=\"og:image\" content=\"https:\/\/htiscientific.vn\/wp-content\/uploads\/2025\/05\/halios-6.jpg\" \/>\n\t<meta property=\"og:image:width\" content=\"1000\" \/>\n\t<meta property=\"og:image:height\" content=\"1000\" \/>\n\t<meta property=\"og:image:type\" content=\"image\/jpeg\" \/>\n<meta name=\"twitter:card\" content=\"summary_large_image\" \/>\n<meta name=\"twitter:label1\" content=\"Est. reading time\" \/>\n\t<meta name=\"twitter:data1\" content=\"2 minutes\" \/>\n<script type=\"application\/ld+json\" class=\"yoast-schema-graph\">{\"@context\":\"https:\/\/schema.org\",\"@graph\":[{\"@type\":\"WebPage\",\"@id\":\"https:\/\/htiscientific.vn\/san-pham\/may-loc-nuoc-loai-12-halios-id-6\/\",\"url\":\"https:\/\/htiscientific.vn\/san-pham\/may-loc-nuoc-loai-12-halios-id-6\/\",\"name\":\"M\u00e1y l\u1ecdc N\u01b0\u1edbc lo\u1ea1i 1+2 HALIOS ID 6 - HTI Scientific\",\"isPartOf\":{\"@id\":\"https:\/\/htiscientific.vn\/#website\"},\"primaryImageOfPage\":{\"@id\":\"https:\/\/htiscientific.vn\/san-pham\/may-loc-nuoc-loai-12-halios-id-6\/#primaryimage\"},\"image\":{\"@id\":\"https:\/\/htiscientific.vn\/san-pham\/may-loc-nuoc-loai-12-halios-id-6\/#primaryimage\"},\"thumbnailUrl\":\"https:\/\/htiscientific.vn\/wp-content\/uploads\/2025\/05\/halios-6.jpg\",\"datePublished\":\"2025-10-10T03:22:23+00:00\",\"dateModified\":\"2025-12-30T09:00:04+00:00\",\"description\":\"M\u00e1y l\u1ecdc n\u01b0\u1edbc lo\u1ea1i 1+2 HALIOS ID 6 t\u00edch h\u1ee3p b\u1ed3n ch\u1ee9a n\u01b0\u1edbc 10 l\u00edt, c\u00f4ng su\u1ea5t s\u1ea3n xu\u1ea5t 6 l\u00edt\/gi\u1edd, c\u00f3 th\u1ec3 k\u1ebft n\u1ed1i tr\u1ef1c ti\u1ebfp v\u1edbi n\u01b0\u1edbc m\u00e1y...\",\"breadcrumb\":{\"@id\":\"https:\/\/htiscientific.vn\/san-pham\/may-loc-nuoc-loai-12-halios-id-6\/#breadcrumb\"},\"inLanguage\":\"en-US\",\"potentialAction\":[{\"@type\":\"ReadAction\",\"target\":[\"https:\/\/htiscientific.vn\/san-pham\/may-loc-nuoc-loai-12-halios-id-6\/\"]}]},{\"@type\":\"ImageObject\",\"inLanguage\":\"en-US\",\"@id\":\"https:\/\/htiscientific.vn\/san-pham\/may-loc-nuoc-loai-12-halios-id-6\/#primaryimage\",\"url\":\"https:\/\/htiscientific.vn\/wp-content\/uploads\/2025\/05\/halios-6.jpg\",\"contentUrl\":\"https:\/\/htiscientific.vn\/wp-content\/uploads\/2025\/05\/halios-6.jpg\",\"width\":1000,\"height\":1000,\"caption\":\"HALIOS ID 6 Type 1 + 2\"},{\"@type\":\"BreadcrumbList\",\"@id\":\"https:\/\/htiscientific.vn\/san-pham\/may-loc-nuoc-loai-12-halios-id-6\/#breadcrumb\",\"itemListElement\":[{\"@type\":\"ListItem\",\"position\":1,\"name\":\"Trang ch\u1ee7\",\"item\":\"https:\/\/htiscientific.vn\/\"},{\"@type\":\"ListItem\",\"position\":2,\"name\":\"C\u1eeda h\u00e0ng\",\"item\":\"https:\/\/htiscientific.vn\/cua-hang\/\"},{\"@type\":\"ListItem\",\"position\":3,\"name\":\"H\u1ec7 th\u1ed1ng l\u1ecdc n\u01b0\u1edbc ph\u00f2ng th\u00ed nghi\u1ec7m\",\"item\":\"https:\/\/htiscientific.vn\/danh-muc-san-pham\/he-thong-loc-nuoc-phong-thi-nghiem\/\"},{\"@type\":\"ListItem\",\"position\":4,\"name\":\"M\u00e1y l\u1ecdc N\u01b0\u1edbc lo\u1ea1i 1+2 HALIOS ID 6\"}]},{\"@type\":\"WebSite\",\"@id\":\"https:\/\/htiscientific.vn\/#website\",\"url\":\"https:\/\/htiscientific.vn\/\",\"name\":\"HTI Scientific\",\"description\":\"HTI Scientific\",\"publisher\":{\"@id\":\"https:\/\/htiscientific.vn\/#organization\"},\"potentialAction\":[{\"@type\":\"SearchAction\",\"target\":{\"@type\":\"EntryPoint\",\"urlTemplate\":\"https:\/\/htiscientific.vn\/?s={search_term_string}\"},\"query-input\":{\"@type\":\"PropertyValueSpecification\",\"valueRequired\":true,\"valueName\":\"search_term_string\"}}],\"inLanguage\":\"en-US\"},{\"@type\":\"Organization\",\"@id\":\"https:\/\/htiscientific.vn\/#organization\",\"name\":\"HTI Scientific\",\"alternateName\":\"HTI Scientific\",\"url\":\"https:\/\/htiscientific.vn\/\",\"logo\":{\"@type\":\"ImageObject\",\"inLanguage\":\"en-US\",\"@id\":\"https:\/\/htiscientific.vn\/#\/schema\/logo\/image\/\",\"url\":\"https:\/\/htiscientific.vn\/wp-content\/uploads\/2025\/03\/ava-hti-copy.jpg\",\"contentUrl\":\"https:\/\/htiscientific.vn\/wp-content\/uploads\/2025\/03\/ava-hti-copy.jpg\",\"width\":700,\"height\":450,\"caption\":\"HTI Scientific\"},\"image\":{\"@id\":\"https:\/\/htiscientific.vn\/#\/schema\/logo\/image\/\"},\"sameAs\":[\"https:\/\/www.facebook.com\/htiscientific.vn\"]}]}<\/script>\n<!-- \/ Yoast SEO plugin. -->","yoast_head_json":{"title":"M\u00e1y l\u1ecdc N\u01b0\u1edbc lo\u1ea1i 1+2 HALIOS ID 6 - HTI Scientific","description":"M\u00e1y l\u1ecdc n\u01b0\u1edbc lo\u1ea1i 1+2 HALIOS ID 6 t\u00edch h\u1ee3p b\u1ed3n ch\u1ee9a n\u01b0\u1edbc 10 l\u00edt, c\u00f4ng su\u1ea5t s\u1ea3n xu\u1ea5t 6 l\u00edt\/gi\u1edd, c\u00f3 th\u1ec3 k\u1ebft n\u1ed1i tr\u1ef1c ti\u1ebfp v\u1edbi n\u01b0\u1edbc m\u00e1y...","robots":{"index":"index","follow":"follow","max-snippet":"max-snippet:-1","max-image-preview":"max-image-preview:large","max-video-preview":"max-video-preview:-1"},"canonical":"https:\/\/htiscientific.vn\/en\/product\/may-loc-nuoc-loai-12-halios-id-6\/","og_locale":"en_US","og_type":"article","og_title":"M\u00e1y l\u1ecdc N\u01b0\u1edbc lo\u1ea1i 1+2 HALIOS ID 6 - HTI Scientific","og_description":"M\u00e1y l\u1ecdc n\u01b0\u1edbc lo\u1ea1i 1+2 HALIOS ID 6 t\u00edch h\u1ee3p b\u1ed3n ch\u1ee9a n\u01b0\u1edbc 10 l\u00edt, c\u00f4ng su\u1ea5t s\u1ea3n xu\u1ea5t 6 l\u00edt\/gi\u1edd, c\u00f3 th\u1ec3 k\u1ebft n\u1ed1i tr\u1ef1c ti\u1ebfp v\u1edbi n\u01b0\u1edbc m\u00e1y...","og_url":"https:\/\/htiscientific.vn\/en\/product\/may-loc-nuoc-loai-12-halios-id-6\/","og_site_name":"HTI Scientific","article_publisher":"https:\/\/www.facebook.com\/htiscientific.vn","article_modified_time":"2025-12-30T09:00:04+00:00","og_image":[{"width":1000,"height":1000,"url":"https:\/\/htiscientific.vn\/wp-content\/uploads\/2025\/05\/halios-6.jpg","type":"image\/jpeg"}],"twitter_card":"summary_large_image","twitter_misc":{"Est. reading time":"2 minutes"},"schema":{"@context":"https:\/\/schema.org","@graph":[{"@type":"WebPage","@id":"https:\/\/htiscientific.vn\/san-pham\/may-loc-nuoc-loai-12-halios-id-6\/","url":"https:\/\/htiscientific.vn\/san-pham\/may-loc-nuoc-loai-12-halios-id-6\/","name":"M\u00e1y l\u1ecdc N\u01b0\u1edbc lo\u1ea1i 1+2 HALIOS ID 6 - HTI Scientific","isPartOf":{"@id":"https:\/\/htiscientific.vn\/#website"},"primaryImageOfPage":{"@id":"https:\/\/htiscientific.vn\/san-pham\/may-loc-nuoc-loai-12-halios-id-6\/#primaryimage"},"image":{"@id":"https:\/\/htiscientific.vn\/san-pham\/may-loc-nuoc-loai-12-halios-id-6\/#primaryimage"},"thumbnailUrl":"https:\/\/htiscientific.vn\/wp-content\/uploads\/2025\/05\/halios-6.jpg","datePublished":"2025-10-10T03:22:23+00:00","dateModified":"2025-12-30T09:00:04+00:00","description":"M\u00e1y l\u1ecdc n\u01b0\u1edbc lo\u1ea1i 1+2 HALIOS ID 6 t\u00edch h\u1ee3p b\u1ed3n ch\u1ee9a n\u01b0\u1edbc 10 l\u00edt, c\u00f4ng su\u1ea5t s\u1ea3n xu\u1ea5t 6 l\u00edt\/gi\u1edd, c\u00f3 th\u1ec3 k\u1ebft n\u1ed1i tr\u1ef1c ti\u1ebfp v\u1edbi n\u01b0\u1edbc m\u00e1y...","breadcrumb":{"@id":"https:\/\/htiscientific.vn\/san-pham\/may-loc-nuoc-loai-12-halios-id-6\/#breadcrumb"},"inLanguage":"en-US","potentialAction":[{"@type":"ReadAction","target":["https:\/\/htiscientific.vn\/san-pham\/may-loc-nuoc-loai-12-halios-id-6\/"]}]},{"@type":"ImageObject","inLanguage":"en-US","@id":"https:\/\/htiscientific.vn\/san-pham\/may-loc-nuoc-loai-12-halios-id-6\/#primaryimage","url":"https:\/\/htiscientific.vn\/wp-content\/uploads\/2025\/05\/halios-6.jpg","contentUrl":"https:\/\/htiscientific.vn\/wp-content\/uploads\/2025\/05\/halios-6.jpg","width":1000,"height":1000,"caption":"HALIOS ID 6 Type 1 + 2"},{"@type":"BreadcrumbList","@id":"https:\/\/htiscientific.vn\/san-pham\/may-loc-nuoc-loai-12-halios-id-6\/#breadcrumb","itemListElement":[{"@type":"ListItem","position":1,"name":"Trang ch\u1ee7","item":"https:\/\/htiscientific.vn\/"},{"@type":"ListItem","position":2,"name":"C\u1eeda h\u00e0ng","item":"https:\/\/htiscientific.vn\/cua-hang\/"},{"@type":"ListItem","position":3,"name":"H\u1ec7 th\u1ed1ng l\u1ecdc n\u01b0\u1edbc ph\u00f2ng th\u00ed nghi\u1ec7m","item":"https:\/\/htiscientific.vn\/danh-muc-san-pham\/he-thong-loc-nuoc-phong-thi-nghiem\/"},{"@type":"ListItem","position":4,"name":"M\u00e1y l\u1ecdc N\u01b0\u1edbc lo\u1ea1i 1+2 HALIOS ID 6"}]},{"@type":"WebSite","@id":"https:\/\/htiscientific.vn\/#website","url":"https:\/\/htiscientific.vn\/","name":"HTI Scientific","description":"HTI Scientific","publisher":{"@id":"https:\/\/htiscientific.vn\/#organization"},"potentialAction":[{"@type":"SearchAction","target":{"@type":"EntryPoint","urlTemplate":"https:\/\/htiscientific.vn\/?s={search_term_string}"},"query-input":{"@type":"PropertyValueSpecification","valueRequired":true,"valueName":"search_term_string"}}],"inLanguage":"en-US"},{"@type":"Organization","@id":"https:\/\/htiscientific.vn\/#organization","name":"HTI Scientific","alternateName":"HTI Scientific","url":"https:\/\/htiscientific.vn\/","logo":{"@type":"ImageObject","inLanguage":"en-US","@id":"https:\/\/htiscientific.vn\/#\/schema\/logo\/image\/","url":"https:\/\/htiscientific.vn\/wp-content\/uploads\/2025\/03\/ava-hti-copy.jpg","contentUrl":"https:\/\/htiscientific.vn\/wp-content\/uploads\/2025\/03\/ava-hti-copy.jpg","width":700,"height":450,"caption":"HTI Scientific"},"image":{"@id":"https:\/\/htiscientific.vn\/#\/schema\/logo\/image\/"},"sameAs":["https:\/\/www.facebook.com\/htiscientific.vn"]}]}},"_links":{"self":[{"href":"https:\/\/htiscientific.vn\/en\/wp-json\/wp\/v2\/product\/1256","targetHints":{"allow":["GET"]}}],"collection":[{"href":"https:\/\/htiscientific.vn\/en\/wp-json\/wp\/v2\/product"}],"about":[{"href":"https:\/\/htiscientific.vn\/en\/wp-json\/wp\/v2\/types\/product"}],"wp:featuredmedia":[{"embeddable":true,"href":"https:\/\/htiscientific.vn\/en\/wp-json\/wp\/v2\/media\/1435"}],"wp:attachment":[{"href":"https:\/\/htiscientific.vn\/en\/wp-json\/wp\/v2\/media?parent=1256"}],"wp:term":[{"taxonomy":"product_brand","embeddable":true,"href":"https:\/\/htiscientific.vn\/en\/wp-json\/wp\/v2\/product_brand?post=1256"},{"taxonomy":"product_cat","embeddable":true,"href":"https:\/\/htiscientific.vn\/en\/wp-json\/wp\/v2\/product_cat?post=1256"},{"taxonomy":"product_tag","embeddable":true,"href":"https:\/\/htiscientific.vn\/en\/wp-json\/wp\/v2\/product_tag?post=1256"}],"curies":[{"name":"wp","href":"https:\/\/api.w.org\/{rel}","templated":true}]}}