{"id":1250,"date":"2025-05-08T09:31:20","date_gmt":"2025-05-08T02:31:20","guid":{"rendered":"https:\/\/htiscientific.vn\/?post_type=product&#038;p=1250"},"modified":"2025-05-19T13:53:17","modified_gmt":"2025-05-19T06:53:17","slug":"may-loc-nuoc-loai-1-2-triton-12","status":"publish","type":"product","link":"https:\/\/htiscientific.vn\/en\/product\/may-loc-nuoc-loai-1-2-triton-12\/","title":{"rendered":"M\u00e1y l\u1ecdc N\u01b0\u1edbc lo\u1ea1i 1 + 2 &#8211; TRITON 12"},"content":{"rendered":"<p><span style=\"color: #000000;\"><strong>T\u00ean model:<\/strong> TRITON 12<\/span><\/p>\n<p><span style=\"color: #000000;\"><strong>M\u00e1y l\u1ecdc N\u01b0\u1edbc lo\u1ea1i 1 + 2 &#8211; TRITON 12 (t\u1eeb N\u01b0\u1edbc M\u00e1y) &#8211; Compact<\/strong><\/span><br \/>\n<span style=\"color: #000000;\"><strong>H\u00e3ng s\u1ea3n xu\u1ea5t:<\/strong> <a href=\"https:\/\/htiscientific.vn\/en\/hang-san-xuat\/neptec\/\">NEPTEC<\/a><\/span><br \/>\n<span style=\"color: #000000;\"><strong>Xu\u1ea5t x\u1ee9:<\/strong> \u0110\u1ee9c<\/span><\/p>\n<p><span style=\"color: #000000;\"><strong>\u0110\u1eb7c \u0111i\u1ec3m n\u1ed5i b\u1eadt:<\/strong><\/span><\/p>\n<ul>\n<li><span style=\"color: #000000;\">Thi\u1ebft k\u1ebf nh\u1ecf g\u1ecdn, ti\u1ebft ki\u1ec7m kh\u00f4ng gian \u2013 d\u1ec5 d\u00e0ng l\u1eafp \u0111\u1eb7t trong b\u1ea5t k\u1ef3 ph\u00f2ng th\u00ed nghi\u1ec7m n\u00e0o.<\/span><\/li>\n<li><span style=\"color: #000000;\">T\u00edch h\u1ee3p m\u00e0n h\u00ecnh c\u1ea3m \u1ee9ng l\u1edbn, giao di\u1ec7n tr\u1ef1c quan d\u1ec5 s\u1eed d\u1ee5ng.<\/span><\/li>\n<li><span style=\"color: #000000;\">\u0110\u00e1p \u1ee9ng ti\u00eau chu\u1ea9n ASTM Type 1 v\u00e0 Type 2.<\/span><\/li>\n<li><span style=\"color: #000000;\">H\u1ec7 th\u1ed1ng tu\u1ea7n ho\u00e0n ho\u00e0n to\u00e0n gi\u00fap duy tr\u00ec \u0111\u1ed9 tinh khi\u1ebft vi sinh cao nh\u1ea5t.<\/span><\/li>\n<li><span style=\"color: #000000;\">C\u00f3 th\u1ec3 k\u1ebft n\u1ed1i tr\u1ef1c ti\u1ebfp v\u1edbi n\u01b0\u1edbc m\u00e1y, \u0111i k\u00e8m b\u00ecnh ch\u1ee9a 10 l\u00edt.<\/span><\/li>\n<li><span style=\"color: #000000;\">C\u1ea3nh b\u00e1o v\u00e0 l\u01b0u tr\u1eef l\u1ecbch s\u1eed s\u1ef1 c\u1ed1, nh\u1eafc nh\u1edf thay th\u1ebf v\u1eadt t\u01b0 ti\u00eau hao.<\/span><\/li>\n<li><span style=\"color: #000000;\">T\u00edch h\u1ee3p c\u1ea3m bi\u1ebfn \u00e1p su\u1ea5t, c\u1ea3m bi\u1ebfn l\u01b0u l\u01b0\u1ee3ng, b\u1ea3o v\u1ec7 ch\u1ed1ng c\u1ea1n kh\u00f4.<\/span><\/li>\n<li><span style=\"color: #000000;\">C\u1ed5ng USB l\u01b0u tr\u1eef d\u1eef li\u1ec7u theo chu\u1ea9n GLP.<\/span><\/li>\n<li><span style=\"color: #000000;\">D\u1ec5 d\u00e0ng thay th\u1ebf v\u1eadt t\u01b0 ti\u00eau hao nh\u1edd c\u01a1 ch\u1ebf kh\u1edbp n\u1ed1i nhanh.<\/span><\/li>\n<\/ul>\n<p><span style=\"color: #000000;\"><strong>Th\u00f4ng s\u1ed1 k\u1ef9 thu\u1eadt:<\/strong><\/span><\/p>\n<p><span style=\"color: #000000;\"><strong>Ngu\u1ed3n c\u1ea5p:<\/strong><\/span><\/p>\n<ul>\n<li><span style=\"color: #000000;\">N\u01b0\u1edbc \u0111\u1ea7u v\u00e0o: N\u01b0\u1edbc m\u00e1y ti\u00eau chu\u1ea9n<\/span><\/li>\n<li><span style=\"color: #000000;\">\u00c1p su\u1ea5t n\u01b0\u1edbc c\u1ea5p: 1 \u2013 6 bar<\/span><\/li>\n<li><span style=\"color: #000000;\">Nhi\u1ec7t \u0111\u1ed9 n\u01b0\u1edbc c\u1ea5p: 5 \u2013 35\u00b0C<\/span><\/li>\n<li><span style=\"color: #000000;\">D\u1eabn \u0111i\u1ec7n n\u01b0\u1edbc c\u1ea5p: &lt; 1000 \u00b5S\/cm<\/span><\/li>\n<li><span style=\"color: #000000;\">TOC n\u01b0\u1edbc c\u1ea5p: &lt; 1 ppm<\/span><\/li>\n<\/ul>\n<p><span style=\"color: #000000;\"><strong>N\u01b0\u1edbc si\u00eau tinh khi\u1ebft (Type 1):<\/strong><\/span><\/p>\n<ul>\n<li><span style=\"color: #000000;\">\u0110i\u1ec7n tr\u1edf su\u1ea5t: 18.2 M\u2126\u00b7cm (0.055 \u00b5S\/cm)<\/span><\/li>\n<li><span style=\"color: #000000;\">TOC: \u2264 2 ppb (\u2264 10 ppb n\u1ebfu kh\u00f4ng d\u00f9ng \u0111\u00e8n UV)<\/span><\/li>\n<li><span style=\"color: #000000;\">Vi khu\u1ea9n: &lt; 0.01 CFU\/ml (c\u00f3 th\u1ec3 \u0111\u1ea1t &lt; 0.005 CFU\/ml v\u1edbi t\u00f9y ch\u1ecdn)<\/span><\/li>\n<li><span style=\"color: #000000;\">Pyrogens: &lt; 0.001 EU\/ml (v\u1edbi UF module)<\/span><\/li>\n<li><span style=\"color: #000000;\">RNases: &lt; 0.004 ng\/ml<\/span><\/li>\n<li><span style=\"color: #000000;\">DNases: &lt; 0.024 pg\/\u00b5l<\/span><\/li>\n<li><span style=\"color: #000000;\">T\u1ed1c \u0111\u1ed9 t\u1ea1o n\u01b0\u1edbc: l\u00ean t\u1edbi 2 l\u00edt\/ph\u00fat<\/span><\/li>\n<\/ul>\n<p><span style=\"color: #000000;\"><strong>N\u01b0\u1edbc tinh khi\u1ebft (Type 2 \u2013 trong b\u00ecnh ch\u1ee9a):<\/strong><\/span><\/p>\n<ul>\n<li><span style=\"color: #000000;\">\u0110i\u1ec7n tr\u1edf su\u1ea5t: &gt; 10 M\u2126\u00b7cm (&lt; 0.1 \u00b5S\/cm)<\/span><\/li>\n<li><span style=\"color: #000000;\">TOC: \u2264 30 ppb<\/span><\/li>\n<li><span style=\"color: #000000;\">Hi\u1ec7u su\u1ea5t t\u1ea1o n\u01b0\u1edbc: 12 l\u00edt\/gi\u1edd<\/span><\/li>\n<li><span style=\"color: #000000;\">Dung t\u00edch b\u00ecnh ch\u1ee9a: 10 l\u00edt<\/span><\/li>\n<\/ul>\n<p><span style=\"color: #000000;\"><strong>Th\u00f4ng s\u1ed1 chung:<\/strong><\/span><\/p>\n<ul>\n<li><span style=\"color: #000000;\">K\u00edch th\u01b0\u1edbc: nh\u1ecf g\u1ecdn, d\u1ec5 t\u00edch h\u1ee3p<\/span><\/li>\n<li><span style=\"color: #000000;\">Tr\u1ecdng l\u01b0\u1ee3ng: 25 kg<\/span><\/li>\n<li><span style=\"color: #000000;\">Ngu\u1ed3n \u0111i\u1ec7n: 90\u2013240 V \/ 50\u201360 Hz<\/span><\/li>\n<li><span style=\"color: #000000;\">C\u00f4ng su\u1ea5t ti\u00eau th\u1ee5: 120 W<\/span><\/li>\n<li><span style=\"color: #000000;\">Nhi\u1ec7t \u0111\u1ed9 m\u00f4i tr\u01b0\u1eddng ho\u1ea1t \u0111\u1ed9ng: +2 \u0111\u1ebfn 35\u00b0C<\/span><\/li>\n<\/ul>\n<p><span style=\"color: #000000;\"><strong>T\u00f9y ch\u1ecdn th\u00eam:<\/strong><\/span><\/p>\n<ul>\n<li><span style=\"color: #000000;\">\u0110\u00e8n UV 185\/254 nm gi\u1ea3m TOC v\u00e0 vi sinh<\/span><\/li>\n<li><span style=\"color: #000000;\">Module si\u00eau l\u1ecdc lo\u1ea1i b\u1ecf n\u1ed9i \u0111\u1ed9c t\u1ed1, protein, DNase\/RNase<\/span><\/li>\n<li><span style=\"color: #000000;\">B\u1ed9 g\u1eafn t\u01b0\u1eddng<\/span><\/li>\n<li><span style=\"color: #000000;\">T\u00e0i li\u1ec7u th\u1ea9m \u0111\u1ecbnh thi\u1ebft b\u1ecb (IQ\/OQ)<\/span><\/li>\n<\/ul>","protected":false},"excerpt":{"rendered":"<p>M\u00e1y l\u1ecdc N\u01b0\u1edbc lo\u1ea1i 1 + 2 TRITON 12 \u0111\u00e1p \u1ee9ng ti\u00eau chu\u1ea9n ASTM type 1 v\u00e0 type 2 v\u1edbi h\u1ec7 th\u1ed1ng tu\u1ea7n ho\u00e0n ho\u00e0n to\u00e0n duy tr\u00ec \u0111\u1ed9 tinh khi\u1ebft vi sinh cao nh\u1ea5t. Thi\u1ebft k\u1ebf m\u00e1y c\u00f3 th\u1ec3 k\u1ebft n\u1ed1i tr\u1ef1c ti\u1ebfp v\u1edbi n\u01b0\u1edbc m\u00e1y, \u0111i k\u00e8m b\u00ecnh ch\u01b0a 10 l\u00edt.<\/p>","protected":false},"featured_media":1453,"template":"","meta":{"inline_featured_image":false},"product_brand":[107],"product_cat":[113,109],"product_tag":[],"class_list":{"0":"post-1250","1":"product","2":"type-product","3":"status-publish","4":"has-post-thumbnail","6":"product_brand-neptec","7":"product_cat-he-thong-loc-nuoc","8":"product_cat-he-thong-loc-nuoc-phong-thi-nghiem","10":"first","11":"instock","12":"featured","13":"shipping-taxable","14":"product-type-simple"},"yoast_head":"<!-- This site is optimized with the Yoast SEO plugin v24.7 - https:\/\/yoast.com\/wordpress\/plugins\/seo\/ -->\n<title>M\u00e1y l\u1ecdc N\u01b0\u1edbc lo\u1ea1i 1 + 2 - TRITON 12 - HTI Scientific<\/title>\n<meta name=\"description\" content=\"M\u00e1y l\u1ecdc N\u01b0\u1edbc lo\u1ea1i 1 + 2 thi\u1ebft k\u1ebf nh\u1ecf g\u1ecdn d\u1ec5 d\u00e0ng l\u1eafp \u0111\u1eb7t trong b\u1ea5t k\u1ef3 ph\u00f2ng th\u00ed nghi\u1ec7m n\u00e0o, c\u00f3 th\u1ec3 k\u1ebft n\u1ed1i tr\u1ef1c ti\u1ebfp v\u1edbi n\u01b0\u1edbc m\u00e1y, \u0111i k\u00e8m b\u00ecnh ch\u1ee9a 10 l\u00edt..\" \/>\n<meta name=\"robots\" content=\"index, follow, max-snippet:-1, max-image-preview:large, max-video-preview:-1\" \/>\n<link rel=\"canonical\" href=\"https:\/\/htiscientific.vn\/en\/product\/may-loc-nuoc-loai-1-2-triton-12\/\" \/>\n<meta property=\"og:locale\" content=\"en_US\" \/>\n<meta property=\"og:type\" content=\"article\" \/>\n<meta property=\"og:title\" content=\"M\u00e1y l\u1ecdc N\u01b0\u1edbc lo\u1ea1i 1 + 2 - TRITON 12 - HTI Scientific\" \/>\n<meta property=\"og:description\" content=\"M\u00e1y l\u1ecdc N\u01b0\u1edbc lo\u1ea1i 1 + 2 thi\u1ebft k\u1ebf nh\u1ecf g\u1ecdn d\u1ec5 d\u00e0ng l\u1eafp \u0111\u1eb7t trong b\u1ea5t k\u1ef3 ph\u00f2ng th\u00ed nghi\u1ec7m n\u00e0o, c\u00f3 th\u1ec3 k\u1ebft n\u1ed1i tr\u1ef1c ti\u1ebfp v\u1edbi n\u01b0\u1edbc m\u00e1y, \u0111i k\u00e8m b\u00ecnh ch\u1ee9a 10 l\u00edt..\" \/>\n<meta property=\"og:url\" content=\"https:\/\/htiscientific.vn\/en\/product\/may-loc-nuoc-loai-1-2-triton-12\/\" \/>\n<meta property=\"og:site_name\" content=\"HTI Scientific\" \/>\n<meta property=\"article:publisher\" content=\"https:\/\/www.facebook.com\/htiscientific.vn\" \/>\n<meta property=\"article:modified_time\" content=\"2025-05-19T06:53:17+00:00\" \/>\n<meta property=\"og:image\" content=\"https:\/\/htiscientific.vn\/wp-content\/uploads\/2025\/05\/triton-6-12.jpg\" \/>\n\t<meta property=\"og:image:width\" content=\"1000\" \/>\n\t<meta property=\"og:image:height\" content=\"1000\" \/>\n\t<meta property=\"og:image:type\" content=\"image\/jpeg\" \/>\n<meta name=\"twitter:card\" content=\"summary_large_image\" \/>\n<meta name=\"twitter:label1\" content=\"Est. reading time\" \/>\n\t<meta name=\"twitter:data1\" content=\"2 minutes\" \/>\n<script type=\"application\/ld+json\" class=\"yoast-schema-graph\">{\"@context\":\"https:\/\/schema.org\",\"@graph\":[{\"@type\":\"WebPage\",\"@id\":\"https:\/\/htiscientific.vn\/san-pham\/may-loc-nuoc-loai-1-2-triton-12\/\",\"url\":\"https:\/\/htiscientific.vn\/san-pham\/may-loc-nuoc-loai-1-2-triton-12\/\",\"name\":\"M\u00e1y l\u1ecdc N\u01b0\u1edbc lo\u1ea1i 1 + 2 - TRITON 12 - HTI Scientific\",\"isPartOf\":{\"@id\":\"https:\/\/htiscientific.vn\/#website\"},\"primaryImageOfPage\":{\"@id\":\"https:\/\/htiscientific.vn\/san-pham\/may-loc-nuoc-loai-1-2-triton-12\/#primaryimage\"},\"image\":{\"@id\":\"https:\/\/htiscientific.vn\/san-pham\/may-loc-nuoc-loai-1-2-triton-12\/#primaryimage\"},\"thumbnailUrl\":\"https:\/\/htiscientific.vn\/wp-content\/uploads\/2025\/05\/triton-6-12.jpg\",\"datePublished\":\"2025-05-08T02:31:20+00:00\",\"dateModified\":\"2025-05-19T06:53:17+00:00\",\"description\":\"M\u00e1y l\u1ecdc N\u01b0\u1edbc lo\u1ea1i 1 + 2 thi\u1ebft k\u1ebf nh\u1ecf g\u1ecdn d\u1ec5 d\u00e0ng l\u1eafp \u0111\u1eb7t trong b\u1ea5t k\u1ef3 ph\u00f2ng th\u00ed nghi\u1ec7m n\u00e0o, c\u00f3 th\u1ec3 k\u1ebft n\u1ed1i tr\u1ef1c ti\u1ebfp v\u1edbi n\u01b0\u1edbc m\u00e1y, \u0111i k\u00e8m b\u00ecnh ch\u1ee9a 10 l\u00edt..\",\"breadcrumb\":{\"@id\":\"https:\/\/htiscientific.vn\/san-pham\/may-loc-nuoc-loai-1-2-triton-12\/#breadcrumb\"},\"inLanguage\":\"en-US\",\"potentialAction\":[{\"@type\":\"ReadAction\",\"target\":[\"https:\/\/htiscientific.vn\/san-pham\/may-loc-nuoc-loai-1-2-triton-12\/\"]}]},{\"@type\":\"ImageObject\",\"inLanguage\":\"en-US\",\"@id\":\"https:\/\/htiscientific.vn\/san-pham\/may-loc-nuoc-loai-1-2-triton-12\/#primaryimage\",\"url\":\"https:\/\/htiscientific.vn\/wp-content\/uploads\/2025\/05\/triton-6-12.jpg\",\"contentUrl\":\"https:\/\/htiscientific.vn\/wp-content\/uploads\/2025\/05\/triton-6-12.jpg\",\"width\":1000,\"height\":1000,\"caption\":\"TRITON 6 12 Type 1 + 3\"},{\"@type\":\"BreadcrumbList\",\"@id\":\"https:\/\/htiscientific.vn\/san-pham\/may-loc-nuoc-loai-1-2-triton-12\/#breadcrumb\",\"itemListElement\":[{\"@type\":\"ListItem\",\"position\":1,\"name\":\"Trang ch\u1ee7\",\"item\":\"https:\/\/htiscientific.vn\/\"},{\"@type\":\"ListItem\",\"position\":2,\"name\":\"C\u1eeda h\u00e0ng\",\"item\":\"https:\/\/htiscientific.vn\/cua-hang\/\"},{\"@type\":\"ListItem\",\"position\":3,\"name\":\"H\u1ec7 th\u1ed1ng l\u1ecdc n\u01b0\u1edbc ph\u00f2ng th\u00ed nghi\u1ec7m\",\"item\":\"https:\/\/htiscientific.vn\/danh-muc-san-pham\/he-thong-loc-nuoc-phong-thi-nghiem\/\"},{\"@type\":\"ListItem\",\"position\":4,\"name\":\"M\u00e1y l\u1ecdc N\u01b0\u1edbc lo\u1ea1i 1 + 2 &#8211; TRITON 12\"}]},{\"@type\":\"WebSite\",\"@id\":\"https:\/\/htiscientific.vn\/#website\",\"url\":\"https:\/\/htiscientific.vn\/\",\"name\":\"HTI Scientific\",\"description\":\"HTI Scientific\",\"publisher\":{\"@id\":\"https:\/\/htiscientific.vn\/#organization\"},\"potentialAction\":[{\"@type\":\"SearchAction\",\"target\":{\"@type\":\"EntryPoint\",\"urlTemplate\":\"https:\/\/htiscientific.vn\/?s={search_term_string}\"},\"query-input\":{\"@type\":\"PropertyValueSpecification\",\"valueRequired\":true,\"valueName\":\"search_term_string\"}}],\"inLanguage\":\"en-US\"},{\"@type\":\"Organization\",\"@id\":\"https:\/\/htiscientific.vn\/#organization\",\"name\":\"HTI Scientific\",\"alternateName\":\"HTI Scientific\",\"url\":\"https:\/\/htiscientific.vn\/\",\"logo\":{\"@type\":\"ImageObject\",\"inLanguage\":\"en-US\",\"@id\":\"https:\/\/htiscientific.vn\/#\/schema\/logo\/image\/\",\"url\":\"https:\/\/htiscientific.vn\/wp-content\/uploads\/2025\/03\/ava-hti-copy.jpg\",\"contentUrl\":\"https:\/\/htiscientific.vn\/wp-content\/uploads\/2025\/03\/ava-hti-copy.jpg\",\"width\":700,\"height\":450,\"caption\":\"HTI Scientific\"},\"image\":{\"@id\":\"https:\/\/htiscientific.vn\/#\/schema\/logo\/image\/\"},\"sameAs\":[\"https:\/\/www.facebook.com\/htiscientific.vn\"]}]}<\/script>\n<!-- \/ Yoast SEO plugin. -->","yoast_head_json":{"title":"M\u00e1y l\u1ecdc N\u01b0\u1edbc lo\u1ea1i 1 + 2 - TRITON 12 - HTI Scientific","description":"M\u00e1y l\u1ecdc N\u01b0\u1edbc lo\u1ea1i 1 + 2 thi\u1ebft k\u1ebf nh\u1ecf g\u1ecdn d\u1ec5 d\u00e0ng l\u1eafp \u0111\u1eb7t trong b\u1ea5t k\u1ef3 ph\u00f2ng th\u00ed nghi\u1ec7m n\u00e0o, c\u00f3 th\u1ec3 k\u1ebft n\u1ed1i tr\u1ef1c ti\u1ebfp v\u1edbi n\u01b0\u1edbc m\u00e1y, \u0111i k\u00e8m b\u00ecnh ch\u1ee9a 10 l\u00edt..","robots":{"index":"index","follow":"follow","max-snippet":"max-snippet:-1","max-image-preview":"max-image-preview:large","max-video-preview":"max-video-preview:-1"},"canonical":"https:\/\/htiscientific.vn\/en\/product\/may-loc-nuoc-loai-1-2-triton-12\/","og_locale":"en_US","og_type":"article","og_title":"M\u00e1y l\u1ecdc N\u01b0\u1edbc lo\u1ea1i 1 + 2 - TRITON 12 - HTI Scientific","og_description":"M\u00e1y l\u1ecdc N\u01b0\u1edbc lo\u1ea1i 1 + 2 thi\u1ebft k\u1ebf nh\u1ecf g\u1ecdn d\u1ec5 d\u00e0ng l\u1eafp \u0111\u1eb7t trong b\u1ea5t k\u1ef3 ph\u00f2ng th\u00ed nghi\u1ec7m n\u00e0o, c\u00f3 th\u1ec3 k\u1ebft n\u1ed1i tr\u1ef1c ti\u1ebfp v\u1edbi n\u01b0\u1edbc m\u00e1y, \u0111i k\u00e8m b\u00ecnh ch\u1ee9a 10 l\u00edt..","og_url":"https:\/\/htiscientific.vn\/en\/product\/may-loc-nuoc-loai-1-2-triton-12\/","og_site_name":"HTI Scientific","article_publisher":"https:\/\/www.facebook.com\/htiscientific.vn","article_modified_time":"2025-05-19T06:53:17+00:00","og_image":[{"width":1000,"height":1000,"url":"https:\/\/htiscientific.vn\/wp-content\/uploads\/2025\/05\/triton-6-12.jpg","type":"image\/jpeg"}],"twitter_card":"summary_large_image","twitter_misc":{"Est. reading time":"2 minutes"},"schema":{"@context":"https:\/\/schema.org","@graph":[{"@type":"WebPage","@id":"https:\/\/htiscientific.vn\/san-pham\/may-loc-nuoc-loai-1-2-triton-12\/","url":"https:\/\/htiscientific.vn\/san-pham\/may-loc-nuoc-loai-1-2-triton-12\/","name":"M\u00e1y l\u1ecdc N\u01b0\u1edbc lo\u1ea1i 1 + 2 - TRITON 12 - HTI Scientific","isPartOf":{"@id":"https:\/\/htiscientific.vn\/#website"},"primaryImageOfPage":{"@id":"https:\/\/htiscientific.vn\/san-pham\/may-loc-nuoc-loai-1-2-triton-12\/#primaryimage"},"image":{"@id":"https:\/\/htiscientific.vn\/san-pham\/may-loc-nuoc-loai-1-2-triton-12\/#primaryimage"},"thumbnailUrl":"https:\/\/htiscientific.vn\/wp-content\/uploads\/2025\/05\/triton-6-12.jpg","datePublished":"2025-05-08T02:31:20+00:00","dateModified":"2025-05-19T06:53:17+00:00","description":"M\u00e1y l\u1ecdc N\u01b0\u1edbc lo\u1ea1i 1 + 2 thi\u1ebft k\u1ebf nh\u1ecf g\u1ecdn d\u1ec5 d\u00e0ng l\u1eafp \u0111\u1eb7t trong b\u1ea5t k\u1ef3 ph\u00f2ng th\u00ed nghi\u1ec7m n\u00e0o, c\u00f3 th\u1ec3 k\u1ebft n\u1ed1i tr\u1ef1c ti\u1ebfp v\u1edbi n\u01b0\u1edbc m\u00e1y, \u0111i k\u00e8m b\u00ecnh ch\u1ee9a 10 l\u00edt..","breadcrumb":{"@id":"https:\/\/htiscientific.vn\/san-pham\/may-loc-nuoc-loai-1-2-triton-12\/#breadcrumb"},"inLanguage":"en-US","potentialAction":[{"@type":"ReadAction","target":["https:\/\/htiscientific.vn\/san-pham\/may-loc-nuoc-loai-1-2-triton-12\/"]}]},{"@type":"ImageObject","inLanguage":"en-US","@id":"https:\/\/htiscientific.vn\/san-pham\/may-loc-nuoc-loai-1-2-triton-12\/#primaryimage","url":"https:\/\/htiscientific.vn\/wp-content\/uploads\/2025\/05\/triton-6-12.jpg","contentUrl":"https:\/\/htiscientific.vn\/wp-content\/uploads\/2025\/05\/triton-6-12.jpg","width":1000,"height":1000,"caption":"TRITON 6 12 Type 1 + 3"},{"@type":"BreadcrumbList","@id":"https:\/\/htiscientific.vn\/san-pham\/may-loc-nuoc-loai-1-2-triton-12\/#breadcrumb","itemListElement":[{"@type":"ListItem","position":1,"name":"Trang ch\u1ee7","item":"https:\/\/htiscientific.vn\/"},{"@type":"ListItem","position":2,"name":"C\u1eeda h\u00e0ng","item":"https:\/\/htiscientific.vn\/cua-hang\/"},{"@type":"ListItem","position":3,"name":"H\u1ec7 th\u1ed1ng l\u1ecdc n\u01b0\u1edbc ph\u00f2ng th\u00ed nghi\u1ec7m","item":"https:\/\/htiscientific.vn\/danh-muc-san-pham\/he-thong-loc-nuoc-phong-thi-nghiem\/"},{"@type":"ListItem","position":4,"name":"M\u00e1y l\u1ecdc N\u01b0\u1edbc lo\u1ea1i 1 + 2 &#8211; TRITON 12"}]},{"@type":"WebSite","@id":"https:\/\/htiscientific.vn\/#website","url":"https:\/\/htiscientific.vn\/","name":"HTI Scientific","description":"HTI Scientific","publisher":{"@id":"https:\/\/htiscientific.vn\/#organization"},"potentialAction":[{"@type":"SearchAction","target":{"@type":"EntryPoint","urlTemplate":"https:\/\/htiscientific.vn\/?s={search_term_string}"},"query-input":{"@type":"PropertyValueSpecification","valueRequired":true,"valueName":"search_term_string"}}],"inLanguage":"en-US"},{"@type":"Organization","@id":"https:\/\/htiscientific.vn\/#organization","name":"HTI Scientific","alternateName":"HTI Scientific","url":"https:\/\/htiscientific.vn\/","logo":{"@type":"ImageObject","inLanguage":"en-US","@id":"https:\/\/htiscientific.vn\/#\/schema\/logo\/image\/","url":"https:\/\/htiscientific.vn\/wp-content\/uploads\/2025\/03\/ava-hti-copy.jpg","contentUrl":"https:\/\/htiscientific.vn\/wp-content\/uploads\/2025\/03\/ava-hti-copy.jpg","width":700,"height":450,"caption":"HTI Scientific"},"image":{"@id":"https:\/\/htiscientific.vn\/#\/schema\/logo\/image\/"},"sameAs":["https:\/\/www.facebook.com\/htiscientific.vn"]}]}},"_links":{"self":[{"href":"https:\/\/htiscientific.vn\/en\/wp-json\/wp\/v2\/product\/1250","targetHints":{"allow":["GET"]}}],"collection":[{"href":"https:\/\/htiscientific.vn\/en\/wp-json\/wp\/v2\/product"}],"about":[{"href":"https:\/\/htiscientific.vn\/en\/wp-json\/wp\/v2\/types\/product"}],"wp:featuredmedia":[{"embeddable":true,"href":"https:\/\/htiscientific.vn\/en\/wp-json\/wp\/v2\/media\/1453"}],"wp:attachment":[{"href":"https:\/\/htiscientific.vn\/en\/wp-json\/wp\/v2\/media?parent=1250"}],"wp:term":[{"taxonomy":"product_brand","embeddable":true,"href":"https:\/\/htiscientific.vn\/en\/wp-json\/wp\/v2\/product_brand?post=1250"},{"taxonomy":"product_cat","embeddable":true,"href":"https:\/\/htiscientific.vn\/en\/wp-json\/wp\/v2\/product_cat?post=1250"},{"taxonomy":"product_tag","embeddable":true,"href":"https:\/\/htiscientific.vn\/en\/wp-json\/wp\/v2\/product_tag?post=1250"}],"curies":[{"name":"wp","href":"https:\/\/api.w.org\/{rel}","templated":true}]}}