{"id":1244,"date":"2025-10-10T09:12:52","date_gmt":"2025-10-10T02:12:52","guid":{"rendered":"https:\/\/htiscientific.vn\/?post_type=product&#038;p=1244"},"modified":"2025-12-30T16:00:37","modified_gmt":"2025-12-30T09:00:37","slug":"may-loc-nuoc-loai-1-talos","status":"publish","type":"product","link":"https:\/\/htiscientific.vn\/en\/product\/may-loc-nuoc-loai-1-talos\/","title":{"rendered":"M\u00e1y l\u1ecdc N\u01b0\u1edbc Lo\u1ea1i 1 &#8211; TALOS"},"content":{"rendered":"<p><span style=\"color: #000000;\"><strong>Model:<\/strong> TALOS<\/span><\/p>\n<p><span style=\"color: #000000;\"><strong>M\u00e1y l\u1ecdc N\u01b0\u1edbc Lo\u1ea1i 1 &#8211; TALOS (t\u1eeb N\u01b0\u1edbc x\u1eed l\u00fd) &#8211; 10L\/ph\u00fat<\/strong><\/span><\/p>\n<ul>\n<li><span style=\"color: #000000;\"><strong>H\u00e3ng s\u1ea3n xu\u1ea5t:<\/strong> <a href=\"https:\/\/htiscientific.vn\/en\/hang-san-xuat\/neptec\/\">NEPTEC<\/a><\/span><\/li>\n<li><span style=\"color: #000000;\"><strong>Xu\u1ea5t x\u1ee9:<\/strong> \u0110\u1ee9c<\/span><\/li>\n<\/ul>\n<p><span style=\"color: #000000;\"><strong>\u0110\u1eb7c \u0111i\u1ec3m n\u1ed5i b\u1eadt M\u00e1y l\u1ecdc N\u01b0\u1edbc Lo\u1ea1i 1 TALOS<\/strong><\/span><\/p>\n<ul>\n<li><span style=\"color: #000000;\">\u0110\u1ea1t v\u00e0 v\u01b0\u1ee3t ti\u00eau chu\u1ea9n ASTM Type I+, CAP v\u00e0 NCCLS<\/span><\/li>\n<li><span style=\"color: #000000;\">Thi\u1ebft k\u1ebf d\u1ea1ng m\u00f4-\u0111un ph\u00f9 h\u1ee3p cho b\u01b0\u1edbc x\u1eed l\u00fd cu\u1ed1i c\u00f9ng c\u1ee7a n\u01b0\u1edbc RO, DI, ho\u1eb7c c\u1ea5t<\/span><\/li>\n<li><span style=\"color: #000000;\">L\u01b0u l\u01b0\u1ee3ng n\u01b0\u1edbc si\u00eau tinh khi\u1ebft cao, l\u00ean \u0111\u1ebfn 10 l\u00edt\/ph\u00fat<\/span><\/li>\n<li><span style=\"color: #000000;\">M\u00e0n h\u00ecnh c\u1ea3m \u1ee9ng l\u1edbn, giao di\u1ec7n tr\u1ef1c quan<\/span><\/li>\n<li><span style=\"color: #000000;\">T\u00edch h\u1ee3p s\u00fang l\u1ea5y m\u1eabu, c\u00f3 ch\u1ee9c n\u0103ng \u0111\u1ecbnh l\u01b0\u1ee3ng th\u1ec3 t\u00edch<\/span><\/li>\n<li><span style=\"color: #000000;\">B\u1ed9 l\u1ecdc t\u00edch h\u1ee3p d\u1ec5 thay th\u1ebf, tu\u1ed5i th\u1ecd cao<\/span><\/li>\n<li><span style=\"color: #000000;\">C\u1ea3m bi\u1ebfn r\u00f2 r\u1ec9 n\u01b0\u1edbc v\u00e0 ch\u1ee9c n\u0103ng t\u1ef1 ng\u1eaft c\u1ea5p n\u01b0\u1edbc<\/span><\/li>\n<li><span style=\"color: #000000;\">\u0110\u00e8n UV kh\u00f4ng ch\u1ee9a th\u1ee7y ng\u00e2n gi\u00fap di\u1ec7t khu\u1ea9n hi\u1ec7u qu\u1ea3<\/span><\/li>\n<li><span style=\"color: #000000;\">T\u00edch h\u1ee3p module si\u00eau l\u1ecdc (UF) lo\u1ea1i b\u1ecf endotoxin v\u00e0 enzyme (DNase\/RNase)<\/span><\/li>\n<li><span style=\"color: #000000;\">T\u1ef1 \u0111\u1ed9ng tu\u1ea7n ho\u00e0n b\u00ean trong gi\u00fap \u0111\u1ea3m b\u1ea3o v\u00f4 tr\u00f9ng t\u1ed1i \u0111a<\/span><\/li>\n<li><span style=\"color: #000000;\">H\u1ec7 th\u1ed1ng \u0111o d\u1eabn \u0111i\u1ec7n \u0111a \u0111i\u1ec3m, gi\u00e1m s\u00e1t ch\u1ea5t l\u01b0\u1ee3ng n\u01b0\u1edbc to\u00e0n di\u1ec7n<\/span><\/li>\n<li><span style=\"color: #000000;\">S\u1ea3n xu\u1ea5t ho\u00e0n to\u00e0n t\u1ea1i \u0110\u1ee9c<\/span><\/li>\n<\/ul>\n<p><span style=\"color: #000000;\"><strong>Th\u00f4ng s\u1ed1 k\u1ef9 thu\u1eadt:<\/strong><\/span><\/p>\n<p><span style=\"color: #000000;\"><strong>Y\u00eau c\u1ea7u n\u01b0\u1edbc c\u1ea5p:<\/strong><\/span><\/p>\n<ul>\n<li><span style=\"color: #000000;\">N\u01b0\u1edbc ti\u1ec1n x\u1eed l\u00fd (EDI, DI, RO ho\u1eb7c n\u01b0\u1edbc c\u1ea5t)<\/span><\/li>\n<li><span style=\"color: #000000;\">\u0110\u1ed9 d\u1eabn \u0111i\u1ec7n t\u1ea1i 25\u00b0C: &lt; 100 \u00b5S\/cm<\/span><\/li>\n<li><span style=\"color: #000000;\">TOC: &lt; 50 ppb<\/span><\/li>\n<li><span style=\"color: #000000;\">\u00c1p su\u1ea5t \u0111\u1ea7u v\u00e0o: t\u1ed1i \u0111a 6 bar<\/span><\/li>\n<li><span style=\"color: #000000;\">Nhi\u1ec7t \u0111\u1ed9 n\u01b0\u1edbc c\u1ea5p: 5 \u2013 35\u00b0C<\/span><\/li>\n<\/ul>\n<p><span style=\"color: #000000;\"><strong>Ch\u1ea5t l\u01b0\u1ee3ng n\u01b0\u1edbc si\u00eau tinh khi\u1ebft (ASTM Type I):<\/strong><\/span><\/p>\n<ul>\n<li><span style=\"color: #000000;\">\u0110i\u1ec7n tr\u1edf su\u1ea5t: 18.2 M\u2126\u00b7cm (0.055 \u00b5S\/cm)<\/span><\/li>\n<li><span style=\"color: #000000;\">TOC: \u2264 5 ppb (v\u1edbi UV k\u00e9p), \u2264 10 ppb (kh\u00f4ng UV)<\/span><\/li>\n<li><span style=\"color: #000000;\">H\u1ea1t b\u1ee5i: &lt; 1\/ml<\/span><\/li>\n<li><span style=\"color: #000000;\">Vi khu\u1ea9n: &lt; 0.01 CFU\/ml<\/span><\/li>\n<li><span style=\"color: #000000;\">L\u01b0u l\u01b0\u1ee3ng: l\u00ean \u0111\u1ebfn 10 l\u00edt\/ph\u00fat<\/span><\/li>\n<\/ul>\n<p><span style=\"color: #000000;\"><strong>Th\u00f4ng s\u1ed1 v\u1eadn h\u00e0nh:<\/strong><\/span><\/p>\n<ul>\n<li><span style=\"color: #000000;\">Nhi\u1ec7t \u0111\u1ed9 m\u00f4i tr\u01b0\u1eddng: +2 \u2013 35\u00b0C<\/span><\/li>\n<li><span style=\"color: #000000;\">\u0110i\u1ec7n \u00e1p: 230V \/ 50Hz<\/span><\/li>\n<li><span style=\"color: #000000;\">C\u00f4ng su\u1ea5t: 600W<\/span><\/li>\n<li><span style=\"color: #000000;\">K\u1ebft n\u1ed1i n\u01b0\u1edbc: R \u00be\u201d<\/span><\/li>\n<\/ul>","protected":false},"excerpt":{"rendered":"<p><span style=\"color: #000000;\">M\u00e1y l\u1ecdc N\u01b0\u1edbc lo\u1ea1i 1 TALOS v\u1edbi thi\u1ebft k\u1ebf c\u1ea3m bi\u1ebfn r\u00f2 r\u1ec9 n\u01b0\u1edbc v\u00e0 ch\u1ee9c n\u0103ng t\u1ef1 ng\u1eaft c\u1ea5p n\u01b0\u1edbc. M\u00e1y s\u1eed d\u1ee5ng b\u1ed9 l\u1ecdc t\u00edch h\u1ee3p d\u1ec5 thay th\u1ebf, tu\u1ed5i th\u1ecd cao. L\u01b0u l\u01b0\u1ee3ng n\u01b0\u1edbc si\u00eau tinh khi\u1ebft cao, l\u00ean \u0111\u1ebfn 10 l\u00edt\/ph\u00fat.<\/span><\/p>","protected":false},"featured_media":1451,"template":"","meta":{"inline_featured_image":false},"product_brand":[107],"product_cat":[113,109],"product_tag":[],"class_list":{"0":"post-1244","1":"product","2":"type-product","3":"status-publish","4":"has-post-thumbnail","6":"product_brand-neptec","7":"product_cat-he-thong-loc-nuoc","8":"product_cat-he-thong-loc-nuoc-phong-thi-nghiem","10":"first","11":"instock","12":"featured","13":"shipping-taxable","14":"product-type-simple"},"yoast_head":"<!-- This site is optimized with the Yoast SEO plugin v24.7 - https:\/\/yoast.com\/wordpress\/plugins\/seo\/ -->\n<title>M\u00e1y l\u1ecdc N\u01b0\u1edbc Lo\u1ea1i 1 - TALOS - 10L\/ph\u00fat - HTI Scientific<\/title>\n<meta name=\"description\" content=\"M\u00e1y l\u1ecdc N\u01b0\u1edbc Lo\u1ea1i 1 TALOS c\u1ee7a Neptec t\u00edch h\u1ee3p s\u00fang l\u1ea5y m\u1eabu, \u0111\u1ecbnh l\u01b0\u1ee3ng th\u1ec3 t\u00edch t\u1ef1 \u0111\u1ed9ng, mobule si\u00eau l\u1ecdc (UF) lo\u1ea1i b\u1ecf endotoxin v\u00e0 enzyme\" \/>\n<meta name=\"robots\" content=\"index, follow, max-snippet:-1, max-image-preview:large, max-video-preview:-1\" \/>\n<link rel=\"canonical\" href=\"https:\/\/htiscientific.vn\/en\/product\/may-loc-nuoc-loai-1-talos\/\" \/>\n<meta property=\"og:locale\" content=\"en_US\" \/>\n<meta property=\"og:type\" content=\"article\" \/>\n<meta property=\"og:title\" content=\"M\u00e1y l\u1ecdc N\u01b0\u1edbc Lo\u1ea1i 1 - TALOS - 10L\/ph\u00fat - HTI Scientific\" \/>\n<meta property=\"og:description\" content=\"M\u00e1y l\u1ecdc N\u01b0\u1edbc Lo\u1ea1i 1 TALOS c\u1ee7a Neptec t\u00edch h\u1ee3p s\u00fang l\u1ea5y m\u1eabu, \u0111\u1ecbnh l\u01b0\u1ee3ng th\u1ec3 t\u00edch t\u1ef1 \u0111\u1ed9ng, mobule si\u00eau l\u1ecdc (UF) lo\u1ea1i b\u1ecf endotoxin v\u00e0 enzyme\" \/>\n<meta property=\"og:url\" content=\"https:\/\/htiscientific.vn\/en\/product\/may-loc-nuoc-loai-1-talos\/\" \/>\n<meta property=\"og:site_name\" content=\"HTI Scientific\" \/>\n<meta property=\"article:publisher\" content=\"https:\/\/www.facebook.com\/htiscientific.vn\" \/>\n<meta property=\"article:modified_time\" content=\"2025-12-30T09:00:37+00:00\" \/>\n<meta property=\"og:image\" content=\"https:\/\/htiscientific.vn\/wp-content\/uploads\/2025\/05\/talos.jpg\" \/>\n\t<meta property=\"og:image:width\" content=\"1000\" \/>\n\t<meta property=\"og:image:height\" content=\"1000\" \/>\n\t<meta property=\"og:image:type\" content=\"image\/jpeg\" \/>\n<meta name=\"twitter:card\" content=\"summary_large_image\" \/>\n<meta name=\"twitter:label1\" content=\"Est. reading time\" \/>\n\t<meta name=\"twitter:data1\" content=\"2 minutes\" \/>\n<script type=\"application\/ld+json\" class=\"yoast-schema-graph\">{\"@context\":\"https:\/\/schema.org\",\"@graph\":[{\"@type\":\"WebPage\",\"@id\":\"https:\/\/htiscientific.vn\/san-pham\/may-loc-nuoc-loai-1-talos\/\",\"url\":\"https:\/\/htiscientific.vn\/san-pham\/may-loc-nuoc-loai-1-talos\/\",\"name\":\"M\u00e1y l\u1ecdc N\u01b0\u1edbc Lo\u1ea1i 1 - TALOS - 10L\/ph\u00fat - HTI Scientific\",\"isPartOf\":{\"@id\":\"https:\/\/htiscientific.vn\/#website\"},\"primaryImageOfPage\":{\"@id\":\"https:\/\/htiscientific.vn\/san-pham\/may-loc-nuoc-loai-1-talos\/#primaryimage\"},\"image\":{\"@id\":\"https:\/\/htiscientific.vn\/san-pham\/may-loc-nuoc-loai-1-talos\/#primaryimage\"},\"thumbnailUrl\":\"https:\/\/htiscientific.vn\/wp-content\/uploads\/2025\/05\/talos.jpg\",\"datePublished\":\"2025-10-10T02:12:52+00:00\",\"dateModified\":\"2025-12-30T09:00:37+00:00\",\"description\":\"M\u00e1y l\u1ecdc N\u01b0\u1edbc Lo\u1ea1i 1 TALOS c\u1ee7a Neptec t\u00edch h\u1ee3p s\u00fang l\u1ea5y m\u1eabu, \u0111\u1ecbnh l\u01b0\u1ee3ng th\u1ec3 t\u00edch t\u1ef1 \u0111\u1ed9ng, mobule si\u00eau l\u1ecdc (UF) lo\u1ea1i b\u1ecf endotoxin v\u00e0 enzyme\",\"breadcrumb\":{\"@id\":\"https:\/\/htiscientific.vn\/san-pham\/may-loc-nuoc-loai-1-talos\/#breadcrumb\"},\"inLanguage\":\"en-US\",\"potentialAction\":[{\"@type\":\"ReadAction\",\"target\":[\"https:\/\/htiscientific.vn\/san-pham\/may-loc-nuoc-loai-1-talos\/\"]}]},{\"@type\":\"ImageObject\",\"inLanguage\":\"en-US\",\"@id\":\"https:\/\/htiscientific.vn\/san-pham\/may-loc-nuoc-loai-1-talos\/#primaryimage\",\"url\":\"https:\/\/htiscientific.vn\/wp-content\/uploads\/2025\/05\/talos.jpg\",\"contentUrl\":\"https:\/\/htiscientific.vn\/wp-content\/uploads\/2025\/05\/talos.jpg\",\"width\":1000,\"height\":1000,\"caption\":\"talos\"},{\"@type\":\"BreadcrumbList\",\"@id\":\"https:\/\/htiscientific.vn\/san-pham\/may-loc-nuoc-loai-1-talos\/#breadcrumb\",\"itemListElement\":[{\"@type\":\"ListItem\",\"position\":1,\"name\":\"Trang ch\u1ee7\",\"item\":\"https:\/\/htiscientific.vn\/\"},{\"@type\":\"ListItem\",\"position\":2,\"name\":\"C\u1eeda h\u00e0ng\",\"item\":\"https:\/\/htiscientific.vn\/cua-hang\/\"},{\"@type\":\"ListItem\",\"position\":3,\"name\":\"H\u1ec7 th\u1ed1ng l\u1ecdc n\u01b0\u1edbc ph\u00f2ng th\u00ed nghi\u1ec7m\",\"item\":\"https:\/\/htiscientific.vn\/danh-muc-san-pham\/he-thong-loc-nuoc-phong-thi-nghiem\/\"},{\"@type\":\"ListItem\",\"position\":4,\"name\":\"M\u00e1y l\u1ecdc N\u01b0\u1edbc Lo\u1ea1i 1 &#8211; TALOS\"}]},{\"@type\":\"WebSite\",\"@id\":\"https:\/\/htiscientific.vn\/#website\",\"url\":\"https:\/\/htiscientific.vn\/\",\"name\":\"HTI Scientific\",\"description\":\"HTI Scientific\",\"publisher\":{\"@id\":\"https:\/\/htiscientific.vn\/#organization\"},\"potentialAction\":[{\"@type\":\"SearchAction\",\"target\":{\"@type\":\"EntryPoint\",\"urlTemplate\":\"https:\/\/htiscientific.vn\/?s={search_term_string}\"},\"query-input\":{\"@type\":\"PropertyValueSpecification\",\"valueRequired\":true,\"valueName\":\"search_term_string\"}}],\"inLanguage\":\"en-US\"},{\"@type\":\"Organization\",\"@id\":\"https:\/\/htiscientific.vn\/#organization\",\"name\":\"HTI Scientific\",\"alternateName\":\"HTI Scientific\",\"url\":\"https:\/\/htiscientific.vn\/\",\"logo\":{\"@type\":\"ImageObject\",\"inLanguage\":\"en-US\",\"@id\":\"https:\/\/htiscientific.vn\/#\/schema\/logo\/image\/\",\"url\":\"https:\/\/htiscientific.vn\/wp-content\/uploads\/2025\/03\/ava-hti-copy.jpg\",\"contentUrl\":\"https:\/\/htiscientific.vn\/wp-content\/uploads\/2025\/03\/ava-hti-copy.jpg\",\"width\":700,\"height\":450,\"caption\":\"HTI Scientific\"},\"image\":{\"@id\":\"https:\/\/htiscientific.vn\/#\/schema\/logo\/image\/\"},\"sameAs\":[\"https:\/\/www.facebook.com\/htiscientific.vn\"]}]}<\/script>\n<!-- \/ Yoast SEO plugin. -->","yoast_head_json":{"title":"M\u00e1y l\u1ecdc N\u01b0\u1edbc Lo\u1ea1i 1 - TALOS - 10L\/ph\u00fat - HTI Scientific","description":"M\u00e1y l\u1ecdc N\u01b0\u1edbc Lo\u1ea1i 1 TALOS c\u1ee7a Neptec t\u00edch h\u1ee3p s\u00fang l\u1ea5y m\u1eabu, \u0111\u1ecbnh l\u01b0\u1ee3ng th\u1ec3 t\u00edch t\u1ef1 \u0111\u1ed9ng, mobule si\u00eau l\u1ecdc (UF) lo\u1ea1i b\u1ecf endotoxin v\u00e0 enzyme","robots":{"index":"index","follow":"follow","max-snippet":"max-snippet:-1","max-image-preview":"max-image-preview:large","max-video-preview":"max-video-preview:-1"},"canonical":"https:\/\/htiscientific.vn\/en\/product\/may-loc-nuoc-loai-1-talos\/","og_locale":"en_US","og_type":"article","og_title":"M\u00e1y l\u1ecdc N\u01b0\u1edbc Lo\u1ea1i 1 - TALOS - 10L\/ph\u00fat - HTI Scientific","og_description":"M\u00e1y l\u1ecdc N\u01b0\u1edbc Lo\u1ea1i 1 TALOS c\u1ee7a Neptec t\u00edch h\u1ee3p s\u00fang l\u1ea5y m\u1eabu, \u0111\u1ecbnh l\u01b0\u1ee3ng th\u1ec3 t\u00edch t\u1ef1 \u0111\u1ed9ng, mobule si\u00eau l\u1ecdc (UF) lo\u1ea1i b\u1ecf endotoxin v\u00e0 enzyme","og_url":"https:\/\/htiscientific.vn\/en\/product\/may-loc-nuoc-loai-1-talos\/","og_site_name":"HTI Scientific","article_publisher":"https:\/\/www.facebook.com\/htiscientific.vn","article_modified_time":"2025-12-30T09:00:37+00:00","og_image":[{"width":1000,"height":1000,"url":"https:\/\/htiscientific.vn\/wp-content\/uploads\/2025\/05\/talos.jpg","type":"image\/jpeg"}],"twitter_card":"summary_large_image","twitter_misc":{"Est. reading time":"2 minutes"},"schema":{"@context":"https:\/\/schema.org","@graph":[{"@type":"WebPage","@id":"https:\/\/htiscientific.vn\/san-pham\/may-loc-nuoc-loai-1-talos\/","url":"https:\/\/htiscientific.vn\/san-pham\/may-loc-nuoc-loai-1-talos\/","name":"M\u00e1y l\u1ecdc N\u01b0\u1edbc Lo\u1ea1i 1 - TALOS - 10L\/ph\u00fat - HTI Scientific","isPartOf":{"@id":"https:\/\/htiscientific.vn\/#website"},"primaryImageOfPage":{"@id":"https:\/\/htiscientific.vn\/san-pham\/may-loc-nuoc-loai-1-talos\/#primaryimage"},"image":{"@id":"https:\/\/htiscientific.vn\/san-pham\/may-loc-nuoc-loai-1-talos\/#primaryimage"},"thumbnailUrl":"https:\/\/htiscientific.vn\/wp-content\/uploads\/2025\/05\/talos.jpg","datePublished":"2025-10-10T02:12:52+00:00","dateModified":"2025-12-30T09:00:37+00:00","description":"M\u00e1y l\u1ecdc N\u01b0\u1edbc Lo\u1ea1i 1 TALOS c\u1ee7a Neptec t\u00edch h\u1ee3p s\u00fang l\u1ea5y m\u1eabu, \u0111\u1ecbnh l\u01b0\u1ee3ng th\u1ec3 t\u00edch t\u1ef1 \u0111\u1ed9ng, mobule si\u00eau l\u1ecdc (UF) lo\u1ea1i b\u1ecf endotoxin v\u00e0 enzyme","breadcrumb":{"@id":"https:\/\/htiscientific.vn\/san-pham\/may-loc-nuoc-loai-1-talos\/#breadcrumb"},"inLanguage":"en-US","potentialAction":[{"@type":"ReadAction","target":["https:\/\/htiscientific.vn\/san-pham\/may-loc-nuoc-loai-1-talos\/"]}]},{"@type":"ImageObject","inLanguage":"en-US","@id":"https:\/\/htiscientific.vn\/san-pham\/may-loc-nuoc-loai-1-talos\/#primaryimage","url":"https:\/\/htiscientific.vn\/wp-content\/uploads\/2025\/05\/talos.jpg","contentUrl":"https:\/\/htiscientific.vn\/wp-content\/uploads\/2025\/05\/talos.jpg","width":1000,"height":1000,"caption":"talos"},{"@type":"BreadcrumbList","@id":"https:\/\/htiscientific.vn\/san-pham\/may-loc-nuoc-loai-1-talos\/#breadcrumb","itemListElement":[{"@type":"ListItem","position":1,"name":"Trang ch\u1ee7","item":"https:\/\/htiscientific.vn\/"},{"@type":"ListItem","position":2,"name":"C\u1eeda h\u00e0ng","item":"https:\/\/htiscientific.vn\/cua-hang\/"},{"@type":"ListItem","position":3,"name":"H\u1ec7 th\u1ed1ng l\u1ecdc n\u01b0\u1edbc ph\u00f2ng th\u00ed nghi\u1ec7m","item":"https:\/\/htiscientific.vn\/danh-muc-san-pham\/he-thong-loc-nuoc-phong-thi-nghiem\/"},{"@type":"ListItem","position":4,"name":"M\u00e1y l\u1ecdc N\u01b0\u1edbc Lo\u1ea1i 1 &#8211; TALOS"}]},{"@type":"WebSite","@id":"https:\/\/htiscientific.vn\/#website","url":"https:\/\/htiscientific.vn\/","name":"HTI Scientific","description":"HTI Scientific","publisher":{"@id":"https:\/\/htiscientific.vn\/#organization"},"potentialAction":[{"@type":"SearchAction","target":{"@type":"EntryPoint","urlTemplate":"https:\/\/htiscientific.vn\/?s={search_term_string}"},"query-input":{"@type":"PropertyValueSpecification","valueRequired":true,"valueName":"search_term_string"}}],"inLanguage":"en-US"},{"@type":"Organization","@id":"https:\/\/htiscientific.vn\/#organization","name":"HTI Scientific","alternateName":"HTI Scientific","url":"https:\/\/htiscientific.vn\/","logo":{"@type":"ImageObject","inLanguage":"en-US","@id":"https:\/\/htiscientific.vn\/#\/schema\/logo\/image\/","url":"https:\/\/htiscientific.vn\/wp-content\/uploads\/2025\/03\/ava-hti-copy.jpg","contentUrl":"https:\/\/htiscientific.vn\/wp-content\/uploads\/2025\/03\/ava-hti-copy.jpg","width":700,"height":450,"caption":"HTI Scientific"},"image":{"@id":"https:\/\/htiscientific.vn\/#\/schema\/logo\/image\/"},"sameAs":["https:\/\/www.facebook.com\/htiscientific.vn"]}]}},"_links":{"self":[{"href":"https:\/\/htiscientific.vn\/en\/wp-json\/wp\/v2\/product\/1244","targetHints":{"allow":["GET"]}}],"collection":[{"href":"https:\/\/htiscientific.vn\/en\/wp-json\/wp\/v2\/product"}],"about":[{"href":"https:\/\/htiscientific.vn\/en\/wp-json\/wp\/v2\/types\/product"}],"wp:featuredmedia":[{"embeddable":true,"href":"https:\/\/htiscientific.vn\/en\/wp-json\/wp\/v2\/media\/1451"}],"wp:attachment":[{"href":"https:\/\/htiscientific.vn\/en\/wp-json\/wp\/v2\/media?parent=1244"}],"wp:term":[{"taxonomy":"product_brand","embeddable":true,"href":"https:\/\/htiscientific.vn\/en\/wp-json\/wp\/v2\/product_brand?post=1244"},{"taxonomy":"product_cat","embeddable":true,"href":"https:\/\/htiscientific.vn\/en\/wp-json\/wp\/v2\/product_cat?post=1244"},{"taxonomy":"product_tag","embeddable":true,"href":"https:\/\/htiscientific.vn\/en\/wp-json\/wp\/v2\/product_tag?post=1244"}],"curies":[{"name":"wp","href":"https:\/\/api.w.org\/{rel}","templated":true}]}}