{"id":1243,"date":"2025-10-10T09:00:11","date_gmt":"2025-10-10T02:00:11","guid":{"rendered":"https:\/\/htiscientific.vn\/?post_type=product&#038;p=1243"},"modified":"2025-12-30T15:59:41","modified_gmt":"2025-12-30T08:59:41","slug":"may-loc-nuoc-loai-1-halios-id-dispenser-co-dinh","status":"publish","type":"product","link":"https:\/\/htiscientific.vn\/en\/product\/may-loc-nuoc-loai-1-halios-id-dispenser-co-dinh\/","title":{"rendered":"M\u00e1y l\u1ecdc N\u01b0\u1edbc Lo\u1ea1i 1 &#8211; HALIOS ID &#8211; Dispenser c\u1ed1 \u0111\u1ecbnh"},"content":{"rendered":"<ul>\n<li><span style=\"color: #000000;\"><strong>Model:<\/strong> HALIOS ID<\/span><\/li>\n<\/ul>\n<p><span style=\"color: #000000;\"><strong>M\u00e1y l\u1ecdc N\u01b0\u1edbc Lo\u1ea1i 1 &#8211; HALIOS ID (t\u1eeb N\u01b0\u1edbc x\u1eed l\u00fd) &#8211; Dispenser c\u1ed1 \u0111\u1ecbnh<\/strong><\/span><\/p>\n<ul>\n<li><span style=\"color: #000000;\"><strong>H\u00e3ng s\u1ea3n xu\u1ea5t:<\/strong> <a href=\"https:\/\/htiscientific.vn\/en\/hang-san-xuat\/neptec\/\">NEPTEC<\/a><\/span><\/li>\n<li><span style=\"color: #000000;\"><strong>Xu\u1ea5t x\u1ee9:<\/strong> \u0110\u1ee9c<\/span><\/li>\n<\/ul>\n<p><span style=\"color: #000000;\"><strong>\u0110\u1eb7c \u0111i\u1ec3m n\u1ed5i b\u1eadt c\u1ee7a M\u00e1y l\u1ecdc N\u01b0\u1edbc lo\u1ea1i 1<\/strong><\/span><\/p>\n<ul>\n<li><span style=\"color: #000000;\">\u0110\u00e1p \u1ee9ng v\u00e0 v\u01b0\u1ee3t ti\u00eau chu\u1ea9n ASTM Type 1+<\/span><\/li>\n<li><span style=\"color: #000000;\">H\u1ec7 th\u1ed1ng thi\u1ebft k\u1ebf m\u00f4-\u0111un, d\u1ec5 d\u00e0ng t\u00edch h\u1ee3p v\u00e0 m\u1edf r\u1ed9ng<\/span><\/li>\n<li><span style=\"color: #000000;\">B\u1ed9 ph\u00e2n ph\u1ed1i t\u00edch h\u1ee3p c\u00f3 th\u1ec3 th\u00e1o r\u1eddi, xoay v\u00e0 \u0111i\u1ec1u ch\u1ec9nh \u0111\u1ed9 cao<\/span><\/li>\n<li><span style=\"color: #000000;\">M\u00e0n h\u00ecnh c\u1ea3m \u1ee9ng l\u1edbn, giao di\u1ec7n \u0111a ng\u00f4n ng\u1eef, d\u1ec5 s\u1eed d\u1ee5ng<\/span><\/li>\n<li><span style=\"color: #000000;\">Ch\u1ee9c n\u0103ng l\u01b0u d\u1eef li\u1ec7u v\u00e0 truy xu\u1ea5t b\u00e1o c\u00e1o qua USB (GLP compliant)<\/span><\/li>\n<li><span style=\"color: #000000;\">C\u1ea3nh b\u00e1o r\u00f2 r\u1ec9 n\u01b0\u1edbc, t\u1ef1 \u0111\u1ed9ng ng\u1eaft c\u1ea5p n\u01b0\u1edbc khi c\u00f3 s\u1ef1 c\u1ed1<\/span><\/li>\n<li><span style=\"color: #000000;\">B\u1ea3o v\u1ec7 ch\u1ed1ng ch\u1ea1y kh\u00f4, c\u1ea3m bi\u1ebfn \u00e1p su\u1ea5t v\u00e0 l\u01b0u l\u01b0\u1ee3ng t\u00edch h\u1ee3p<\/span><\/li>\n<li><span style=\"color: #000000;\">Ch\u1ebf \u0111\u1ed9 ECO gi\u00fap k\u00e9o d\u00e0i tu\u1ed5i th\u1ecd l\u00f5i l\u1ecdc l\u00ean \u0111\u1ebfn 20%<\/span><\/li>\n<li><span style=\"color: #000000;\">Ch\u1ee9c n\u0103ng l\u00e0m s\u1ea1ch n\u1ed9i b\u1ed9 to\u00e0n ph\u1ea7n v\u00e0 s\u1ee5c r\u1eeda \u0111\u1ecbnh k\u1ef3<\/span><\/li>\n<li><span style=\"color: #000000;\">B\u1ed9 vi l\u1ecdc t\u1ea1i \u0111i\u1ec3m s\u1eed d\u1ee5ng gi\u00fap \u0111\u1ea3m b\u1ea3o v\u00f4 tr\u00f9ng<\/span><\/li>\n<li><span style=\"color: #000000;\">100% s\u1ea3n xu\u1ea5t t\u1ea1i \u0110\u1ee9c<\/span><\/li>\n<\/ul>\n<p><span style=\"color: #000000;\"><strong>Th\u00f4ng s\u1ed1 k\u1ef9 thu\u1eadt:<\/strong><\/span><\/p>\n<p><span style=\"color: #000000;\"><strong>Y\u00eau c\u1ea7u n\u01b0\u1edbc c\u1ea5p:<\/strong><\/span><\/p>\n<ul>\n<li><span style=\"color: #000000;\">Lo\u1ea1i n\u01b0\u1edbc c\u1ea5p: n\u01b0\u1edbc \u0111\u00e3 x\u1eed l\u00fd (EDI, DI, RO ho\u1eb7c c\u1ea5t)<\/span><\/li>\n<li><span style=\"color: #000000;\">\u0110\u1ed9 d\u1eabn \u0111i\u1ec7n t\u1ea1i 25\u00b0C: &lt; 100 \u00b5S\/cm<\/span><\/li>\n<li><span style=\"color: #000000;\">TOC: &lt; 50 ppb<\/span><\/li>\n<li><span style=\"color: #000000;\">\u00c1p su\u1ea5t \u0111\u1ea7u v\u00e0o: t\u1ed1i \u0111a 6 bar<\/span><\/li>\n<li><span style=\"color: #000000;\">Nhi\u1ec7t \u0111\u1ed9 \u0111\u1ea7u v\u00e0o: 5 \u2013 35\u00b0C<\/span><\/li>\n<\/ul>\n<p><span style=\"color: #000000;\"><strong>Ch\u1ea5t l\u01b0\u1ee3ng n\u01b0\u1edbc si\u00eau tinh khi\u1ebft (Type 1):<\/strong><\/span><\/p>\n<ul>\n<li><span style=\"color: #000000;\">\u0110i\u1ec7n tr\u1edf su\u1ea5t: 18.2 M\u2126\u00b7cm (0.055 \u00b5S\/cm)<\/span><\/li>\n<li><span style=\"color: #000000;\">TOC: \u2264 2 ppb (v\u1edbi \u0111\u00e8n UV) ho\u1eb7c \u2264 10 ppb (kh\u00f4ng UV)<\/span><\/li>\n<li><span style=\"color: #000000;\">H\u00e0m l\u01b0\u1ee3ng h\u1ea1t: &lt; 1\/ml<\/span><\/li>\n<li><span style=\"color: #000000;\">Vi khu\u1ea9n: &lt; 0.01 CFU\/ml (chu\u1ea9n), &lt; 0.005 CFU\/ml (v\u1edbi UF module)<\/span><\/li>\n<li><span style=\"color: #000000;\">Endotoxin: &lt; 0.001 EU\/ml<\/span><\/li>\n<li><span style=\"color: #000000;\">RNase: &lt; 0.004 ng\/ml<\/span><\/li>\n<li><span style=\"color: #000000;\">DNase: &lt; 0.024 pg\/\u00b5l<\/span><\/li>\n<li><span style=\"color: #000000;\">L\u01b0u l\u01b0\u1ee3ng: t\u1ed1i \u0111a 2 l\u00edt\/ph\u00fat<\/span><\/li>\n<\/ul>\n<p><span style=\"color: #000000;\"><strong>Th\u00f4ng tin chung:<\/strong><\/span><\/p>\n<ul>\n<li><span style=\"color: #000000;\">Nhi\u1ec7t \u0111\u1ed9 m\u00f4i tr\u01b0\u1eddng: +2 \u2013 35\u00b0C<\/span><\/li>\n<li><span style=\"color: #000000;\">\u0110i\u1ec7n \u00e1p: 90\u2013240V, 50\u201360Hz<\/span><\/li>\n<li><span style=\"color: #000000;\">C\u00f4ng su\u1ea5t ti\u00eau th\u1ee5: 120 W<\/span><\/li>\n<li><span style=\"color: #000000;\">K\u1ebft n\u1ed1i n\u01b0\u1edbc: R \u00be\u201d<\/span><\/li>\n<li><span style=\"color: #000000;\">Tr\u1ecdng l\u01b0\u1ee3ng: 23 kg<\/span><\/li>\n<\/ul>","protected":false},"excerpt":{"rendered":"<p>M\u00e1y l\u1ecdc N\u01b0\u1edbc lo\u1ea1i 1 HALIOS ID v\u1edbi ch\u1ebf \u0111\u1ecd ECO gi\u00fap k\u00e9o d\u00e0i tu\u1ed5i th\u1ecd l\u00f5i l\u1ecdc l\u00ean \u0111\u1ebfn 20%. Thi\u1ebft k\u1ebf m\u00e0n h\u00ecnh c\u1ea3m \u1ee9ng l\u1edbn, giao di\u1ec7n \u0111a ng\u00f4n ng\u1eef d\u1ec5 d\u00e0ng s\u1eed d\u1ee5ng.<\/p>","protected":false},"featured_media":1439,"template":"","meta":{"inline_featured_image":false},"product_brand":[107],"product_cat":[113,109],"product_tag":[],"class_list":{"0":"post-1243","1":"product","2":"type-product","3":"status-publish","4":"has-post-thumbnail","6":"product_brand-neptec","7":"product_cat-he-thong-loc-nuoc","8":"product_cat-he-thong-loc-nuoc-phong-thi-nghiem","10":"first","11":"instock","12":"featured","13":"shipping-taxable","14":"product-type-simple"},"yoast_head":"<!-- This site is optimized with the Yoast SEO plugin v24.7 - https:\/\/yoast.com\/wordpress\/plugins\/seo\/ -->\n<title>M\u00e1y l\u1ecdc N\u01b0\u1edbc Lo\u1ea1i 1 - HALIOS ID - Dispenser c\u1ed1 \u0111\u1ecbnh - HTI Scientific<\/title>\n<meta name=\"description\" content=\"M\u00e1y l\u1ecdc N\u01b0\u1edbc lo\u1ea1i 1 HALIOS ID v\u1edbi ch\u1ebf \u0111\u1ed9 ECO k\u00e9o d\u00e0i tu\u1ed5i th\u1ecd l\u00f5i l\u1ecdc l\u00ean \u0111\u1ebfn 20%, c\u1ea3nh b\u00e1o r\u00f2 r\u1ec9, t\u1ef1 \u0111\u1ed9ng ng\u1eaft c\u1ea5p n\u01b0\u1edbc khi c\u00f3 s\u1ef1 c\u1ed1...\" \/>\n<meta name=\"robots\" content=\"index, follow, max-snippet:-1, max-image-preview:large, max-video-preview:-1\" \/>\n<link rel=\"canonical\" href=\"https:\/\/htiscientific.vn\/en\/product\/may-loc-nuoc-loai-1-halios-id-dispenser-co-dinh\/\" \/>\n<meta property=\"og:locale\" content=\"en_US\" \/>\n<meta property=\"og:type\" content=\"article\" \/>\n<meta property=\"og:title\" content=\"M\u00e1y l\u1ecdc N\u01b0\u1edbc Lo\u1ea1i 1 - HALIOS ID - Dispenser c\u1ed1 \u0111\u1ecbnh - HTI Scientific\" \/>\n<meta property=\"og:description\" content=\"M\u00e1y l\u1ecdc N\u01b0\u1edbc lo\u1ea1i 1 HALIOS ID v\u1edbi ch\u1ebf \u0111\u1ed9 ECO k\u00e9o d\u00e0i tu\u1ed5i th\u1ecd l\u00f5i l\u1ecdc l\u00ean \u0111\u1ebfn 20%, c\u1ea3nh b\u00e1o r\u00f2 r\u1ec9, t\u1ef1 \u0111\u1ed9ng ng\u1eaft c\u1ea5p n\u01b0\u1edbc khi c\u00f3 s\u1ef1 c\u1ed1...\" \/>\n<meta property=\"og:url\" content=\"https:\/\/htiscientific.vn\/en\/product\/may-loc-nuoc-loai-1-halios-id-dispenser-co-dinh\/\" \/>\n<meta property=\"og:site_name\" content=\"HTI Scientific\" \/>\n<meta property=\"article:publisher\" content=\"https:\/\/www.facebook.com\/htiscientific.vn\" \/>\n<meta property=\"article:modified_time\" content=\"2025-12-30T08:59:41+00:00\" \/>\n<meta property=\"og:image\" content=\"https:\/\/htiscientific.vn\/wp-content\/uploads\/2025\/05\/halios-id-1.jpg\" \/>\n\t<meta property=\"og:image:width\" content=\"1000\" \/>\n\t<meta property=\"og:image:height\" content=\"1000\" \/>\n\t<meta property=\"og:image:type\" content=\"image\/jpeg\" \/>\n<meta name=\"twitter:card\" content=\"summary_large_image\" \/>\n<meta name=\"twitter:label1\" content=\"Est. reading time\" \/>\n\t<meta name=\"twitter:data1\" content=\"2 minutes\" \/>\n<script type=\"application\/ld+json\" class=\"yoast-schema-graph\">{\"@context\":\"https:\/\/schema.org\",\"@graph\":[{\"@type\":\"WebPage\",\"@id\":\"https:\/\/htiscientific.vn\/san-pham\/may-loc-nuoc-loai-1-halios-id-dispenser-co-dinh\/\",\"url\":\"https:\/\/htiscientific.vn\/san-pham\/may-loc-nuoc-loai-1-halios-id-dispenser-co-dinh\/\",\"name\":\"M\u00e1y l\u1ecdc N\u01b0\u1edbc Lo\u1ea1i 1 - HALIOS ID - Dispenser c\u1ed1 \u0111\u1ecbnh - HTI Scientific\",\"isPartOf\":{\"@id\":\"https:\/\/htiscientific.vn\/#website\"},\"primaryImageOfPage\":{\"@id\":\"https:\/\/htiscientific.vn\/san-pham\/may-loc-nuoc-loai-1-halios-id-dispenser-co-dinh\/#primaryimage\"},\"image\":{\"@id\":\"https:\/\/htiscientific.vn\/san-pham\/may-loc-nuoc-loai-1-halios-id-dispenser-co-dinh\/#primaryimage\"},\"thumbnailUrl\":\"https:\/\/htiscientific.vn\/wp-content\/uploads\/2025\/05\/halios-id-1.jpg\",\"datePublished\":\"2025-10-10T02:00:11+00:00\",\"dateModified\":\"2025-12-30T08:59:41+00:00\",\"description\":\"M\u00e1y l\u1ecdc N\u01b0\u1edbc lo\u1ea1i 1 HALIOS ID v\u1edbi ch\u1ebf \u0111\u1ed9 ECO k\u00e9o d\u00e0i tu\u1ed5i th\u1ecd l\u00f5i l\u1ecdc l\u00ean \u0111\u1ebfn 20%, c\u1ea3nh b\u00e1o r\u00f2 r\u1ec9, t\u1ef1 \u0111\u1ed9ng ng\u1eaft c\u1ea5p n\u01b0\u1edbc khi c\u00f3 s\u1ef1 c\u1ed1...\",\"breadcrumb\":{\"@id\":\"https:\/\/htiscientific.vn\/san-pham\/may-loc-nuoc-loai-1-halios-id-dispenser-co-dinh\/#breadcrumb\"},\"inLanguage\":\"en-US\",\"potentialAction\":[{\"@type\":\"ReadAction\",\"target\":[\"https:\/\/htiscientific.vn\/san-pham\/may-loc-nuoc-loai-1-halios-id-dispenser-co-dinh\/\"]}]},{\"@type\":\"ImageObject\",\"inLanguage\":\"en-US\",\"@id\":\"https:\/\/htiscientific.vn\/san-pham\/may-loc-nuoc-loai-1-halios-id-dispenser-co-dinh\/#primaryimage\",\"url\":\"https:\/\/htiscientific.vn\/wp-content\/uploads\/2025\/05\/halios-id-1.jpg\",\"contentUrl\":\"https:\/\/htiscientific.vn\/wp-content\/uploads\/2025\/05\/halios-id-1.jpg\",\"width\":1000,\"height\":1000,\"caption\":\"Halios ID\"},{\"@type\":\"BreadcrumbList\",\"@id\":\"https:\/\/htiscientific.vn\/san-pham\/may-loc-nuoc-loai-1-halios-id-dispenser-co-dinh\/#breadcrumb\",\"itemListElement\":[{\"@type\":\"ListItem\",\"position\":1,\"name\":\"Trang ch\u1ee7\",\"item\":\"https:\/\/htiscientific.vn\/\"},{\"@type\":\"ListItem\",\"position\":2,\"name\":\"C\u1eeda h\u00e0ng\",\"item\":\"https:\/\/htiscientific.vn\/cua-hang\/\"},{\"@type\":\"ListItem\",\"position\":3,\"name\":\"H\u1ec7 th\u1ed1ng l\u1ecdc n\u01b0\u1edbc ph\u00f2ng th\u00ed nghi\u1ec7m\",\"item\":\"https:\/\/htiscientific.vn\/danh-muc-san-pham\/he-thong-loc-nuoc-phong-thi-nghiem\/\"},{\"@type\":\"ListItem\",\"position\":4,\"name\":\"M\u00e1y l\u1ecdc N\u01b0\u1edbc Lo\u1ea1i 1 &#8211; HALIOS ID &#8211; Dispenser c\u1ed1 \u0111\u1ecbnh\"}]},{\"@type\":\"WebSite\",\"@id\":\"https:\/\/htiscientific.vn\/#website\",\"url\":\"https:\/\/htiscientific.vn\/\",\"name\":\"HTI Scientific\",\"description\":\"HTI Scientific\",\"publisher\":{\"@id\":\"https:\/\/htiscientific.vn\/#organization\"},\"potentialAction\":[{\"@type\":\"SearchAction\",\"target\":{\"@type\":\"EntryPoint\",\"urlTemplate\":\"https:\/\/htiscientific.vn\/?s={search_term_string}\"},\"query-input\":{\"@type\":\"PropertyValueSpecification\",\"valueRequired\":true,\"valueName\":\"search_term_string\"}}],\"inLanguage\":\"en-US\"},{\"@type\":\"Organization\",\"@id\":\"https:\/\/htiscientific.vn\/#organization\",\"name\":\"HTI Scientific\",\"alternateName\":\"HTI Scientific\",\"url\":\"https:\/\/htiscientific.vn\/\",\"logo\":{\"@type\":\"ImageObject\",\"inLanguage\":\"en-US\",\"@id\":\"https:\/\/htiscientific.vn\/#\/schema\/logo\/image\/\",\"url\":\"https:\/\/htiscientific.vn\/wp-content\/uploads\/2025\/03\/ava-hti-copy.jpg\",\"contentUrl\":\"https:\/\/htiscientific.vn\/wp-content\/uploads\/2025\/03\/ava-hti-copy.jpg\",\"width\":700,\"height\":450,\"caption\":\"HTI Scientific\"},\"image\":{\"@id\":\"https:\/\/htiscientific.vn\/#\/schema\/logo\/image\/\"},\"sameAs\":[\"https:\/\/www.facebook.com\/htiscientific.vn\"]}]}<\/script>\n<!-- \/ Yoast SEO plugin. -->","yoast_head_json":{"title":"M\u00e1y l\u1ecdc N\u01b0\u1edbc Lo\u1ea1i 1 - HALIOS ID - Dispenser c\u1ed1 \u0111\u1ecbnh - HTI Scientific","description":"M\u00e1y l\u1ecdc N\u01b0\u1edbc lo\u1ea1i 1 HALIOS ID v\u1edbi ch\u1ebf \u0111\u1ed9 ECO k\u00e9o d\u00e0i tu\u1ed5i th\u1ecd l\u00f5i l\u1ecdc l\u00ean \u0111\u1ebfn 20%, c\u1ea3nh b\u00e1o r\u00f2 r\u1ec9, t\u1ef1 \u0111\u1ed9ng ng\u1eaft c\u1ea5p n\u01b0\u1edbc khi c\u00f3 s\u1ef1 c\u1ed1...","robots":{"index":"index","follow":"follow","max-snippet":"max-snippet:-1","max-image-preview":"max-image-preview:large","max-video-preview":"max-video-preview:-1"},"canonical":"https:\/\/htiscientific.vn\/en\/product\/may-loc-nuoc-loai-1-halios-id-dispenser-co-dinh\/","og_locale":"en_US","og_type":"article","og_title":"M\u00e1y l\u1ecdc N\u01b0\u1edbc Lo\u1ea1i 1 - HALIOS ID - Dispenser c\u1ed1 \u0111\u1ecbnh - HTI Scientific","og_description":"M\u00e1y l\u1ecdc N\u01b0\u1edbc lo\u1ea1i 1 HALIOS ID v\u1edbi ch\u1ebf \u0111\u1ed9 ECO k\u00e9o d\u00e0i tu\u1ed5i th\u1ecd l\u00f5i l\u1ecdc l\u00ean \u0111\u1ebfn 20%, c\u1ea3nh b\u00e1o r\u00f2 r\u1ec9, t\u1ef1 \u0111\u1ed9ng ng\u1eaft c\u1ea5p n\u01b0\u1edbc khi c\u00f3 s\u1ef1 c\u1ed1...","og_url":"https:\/\/htiscientific.vn\/en\/product\/may-loc-nuoc-loai-1-halios-id-dispenser-co-dinh\/","og_site_name":"HTI Scientific","article_publisher":"https:\/\/www.facebook.com\/htiscientific.vn","article_modified_time":"2025-12-30T08:59:41+00:00","og_image":[{"width":1000,"height":1000,"url":"https:\/\/htiscientific.vn\/wp-content\/uploads\/2025\/05\/halios-id-1.jpg","type":"image\/jpeg"}],"twitter_card":"summary_large_image","twitter_misc":{"Est. reading time":"2 minutes"},"schema":{"@context":"https:\/\/schema.org","@graph":[{"@type":"WebPage","@id":"https:\/\/htiscientific.vn\/san-pham\/may-loc-nuoc-loai-1-halios-id-dispenser-co-dinh\/","url":"https:\/\/htiscientific.vn\/san-pham\/may-loc-nuoc-loai-1-halios-id-dispenser-co-dinh\/","name":"M\u00e1y l\u1ecdc N\u01b0\u1edbc Lo\u1ea1i 1 - HALIOS ID - Dispenser c\u1ed1 \u0111\u1ecbnh - HTI Scientific","isPartOf":{"@id":"https:\/\/htiscientific.vn\/#website"},"primaryImageOfPage":{"@id":"https:\/\/htiscientific.vn\/san-pham\/may-loc-nuoc-loai-1-halios-id-dispenser-co-dinh\/#primaryimage"},"image":{"@id":"https:\/\/htiscientific.vn\/san-pham\/may-loc-nuoc-loai-1-halios-id-dispenser-co-dinh\/#primaryimage"},"thumbnailUrl":"https:\/\/htiscientific.vn\/wp-content\/uploads\/2025\/05\/halios-id-1.jpg","datePublished":"2025-10-10T02:00:11+00:00","dateModified":"2025-12-30T08:59:41+00:00","description":"M\u00e1y l\u1ecdc N\u01b0\u1edbc lo\u1ea1i 1 HALIOS ID v\u1edbi ch\u1ebf \u0111\u1ed9 ECO k\u00e9o d\u00e0i tu\u1ed5i th\u1ecd l\u00f5i l\u1ecdc l\u00ean \u0111\u1ebfn 20%, c\u1ea3nh b\u00e1o r\u00f2 r\u1ec9, t\u1ef1 \u0111\u1ed9ng ng\u1eaft c\u1ea5p n\u01b0\u1edbc khi c\u00f3 s\u1ef1 c\u1ed1...","breadcrumb":{"@id":"https:\/\/htiscientific.vn\/san-pham\/may-loc-nuoc-loai-1-halios-id-dispenser-co-dinh\/#breadcrumb"},"inLanguage":"en-US","potentialAction":[{"@type":"ReadAction","target":["https:\/\/htiscientific.vn\/san-pham\/may-loc-nuoc-loai-1-halios-id-dispenser-co-dinh\/"]}]},{"@type":"ImageObject","inLanguage":"en-US","@id":"https:\/\/htiscientific.vn\/san-pham\/may-loc-nuoc-loai-1-halios-id-dispenser-co-dinh\/#primaryimage","url":"https:\/\/htiscientific.vn\/wp-content\/uploads\/2025\/05\/halios-id-1.jpg","contentUrl":"https:\/\/htiscientific.vn\/wp-content\/uploads\/2025\/05\/halios-id-1.jpg","width":1000,"height":1000,"caption":"Halios ID"},{"@type":"BreadcrumbList","@id":"https:\/\/htiscientific.vn\/san-pham\/may-loc-nuoc-loai-1-halios-id-dispenser-co-dinh\/#breadcrumb","itemListElement":[{"@type":"ListItem","position":1,"name":"Trang ch\u1ee7","item":"https:\/\/htiscientific.vn\/"},{"@type":"ListItem","position":2,"name":"C\u1eeda h\u00e0ng","item":"https:\/\/htiscientific.vn\/cua-hang\/"},{"@type":"ListItem","position":3,"name":"H\u1ec7 th\u1ed1ng l\u1ecdc n\u01b0\u1edbc ph\u00f2ng th\u00ed nghi\u1ec7m","item":"https:\/\/htiscientific.vn\/danh-muc-san-pham\/he-thong-loc-nuoc-phong-thi-nghiem\/"},{"@type":"ListItem","position":4,"name":"M\u00e1y l\u1ecdc N\u01b0\u1edbc Lo\u1ea1i 1 &#8211; HALIOS ID &#8211; Dispenser c\u1ed1 \u0111\u1ecbnh"}]},{"@type":"WebSite","@id":"https:\/\/htiscientific.vn\/#website","url":"https:\/\/htiscientific.vn\/","name":"HTI Scientific","description":"HTI Scientific","publisher":{"@id":"https:\/\/htiscientific.vn\/#organization"},"potentialAction":[{"@type":"SearchAction","target":{"@type":"EntryPoint","urlTemplate":"https:\/\/htiscientific.vn\/?s={search_term_string}"},"query-input":{"@type":"PropertyValueSpecification","valueRequired":true,"valueName":"search_term_string"}}],"inLanguage":"en-US"},{"@type":"Organization","@id":"https:\/\/htiscientific.vn\/#organization","name":"HTI Scientific","alternateName":"HTI Scientific","url":"https:\/\/htiscientific.vn\/","logo":{"@type":"ImageObject","inLanguage":"en-US","@id":"https:\/\/htiscientific.vn\/#\/schema\/logo\/image\/","url":"https:\/\/htiscientific.vn\/wp-content\/uploads\/2025\/03\/ava-hti-copy.jpg","contentUrl":"https:\/\/htiscientific.vn\/wp-content\/uploads\/2025\/03\/ava-hti-copy.jpg","width":700,"height":450,"caption":"HTI Scientific"},"image":{"@id":"https:\/\/htiscientific.vn\/#\/schema\/logo\/image\/"},"sameAs":["https:\/\/www.facebook.com\/htiscientific.vn"]}]}},"_links":{"self":[{"href":"https:\/\/htiscientific.vn\/en\/wp-json\/wp\/v2\/product\/1243","targetHints":{"allow":["GET"]}}],"collection":[{"href":"https:\/\/htiscientific.vn\/en\/wp-json\/wp\/v2\/product"}],"about":[{"href":"https:\/\/htiscientific.vn\/en\/wp-json\/wp\/v2\/types\/product"}],"wp:featuredmedia":[{"embeddable":true,"href":"https:\/\/htiscientific.vn\/en\/wp-json\/wp\/v2\/media\/1439"}],"wp:attachment":[{"href":"https:\/\/htiscientific.vn\/en\/wp-json\/wp\/v2\/media?parent=1243"}],"wp:term":[{"taxonomy":"product_brand","embeddable":true,"href":"https:\/\/htiscientific.vn\/en\/wp-json\/wp\/v2\/product_brand?post=1243"},{"taxonomy":"product_cat","embeddable":true,"href":"https:\/\/htiscientific.vn\/en\/wp-json\/wp\/v2\/product_cat?post=1243"},{"taxonomy":"product_tag","embeddable":true,"href":"https:\/\/htiscientific.vn\/en\/wp-json\/wp\/v2\/product_tag?post=1243"}],"curies":[{"name":"wp","href":"https:\/\/api.w.org\/{rel}","templated":true}]}}