{"id":1240,"date":"2025-05-07T17:26:55","date_gmt":"2025-05-07T10:26:55","guid":{"rendered":"https:\/\/htiscientific.vn\/?post_type=product&#038;p=1240"},"modified":"2025-05-19T13:52:35","modified_gmt":"2025-05-19T06:52:35","slug":"may-loc-nuoc-loai-1-halios-tu-nuoc-xu-ly-dispenser-linh-hoat","status":"publish","type":"product","link":"https:\/\/htiscientific.vn\/en\/product\/may-loc-nuoc-loai-1-halios-tu-nuoc-xu-ly-dispenser-linh-hoat\/","title":{"rendered":"M\u00e1y l\u1ecdc N\u01b0\u1edbc lo\u1ea1i 1 &#8211; HALIOS (t\u1eeb N\u01b0\u1edbc x\u1eed l\u00fd) &#8211; Dispenser linh ho\u1ea1t"},"content":{"rendered":"<p><span style=\"color: #000000;\"><strong>T\u00ean model: HALIOS<\/strong><\/span><\/p>\n<p><span style=\"color: #000000;\"><strong>H\u00e3ng s\u1ea3n xu\u1ea5t: <a href=\"https:\/\/htiscientific.vn\/en\/hang-san-xuat\/neptec\/\">NEPTEC<\/a><\/strong><\/span><\/p>\n<p><span style=\"color: #000000;\"><strong>Xu\u1ea5t x\u1ee9: \u0110\u1ee9c<\/strong><\/span><\/p>\n<p><span style=\"color: #000000;\"><strong>\u0110\u1eb7c \u0111i\u1ec3m n\u1ed5i b\u1eadt M\u00e1y l\u1ecdc N\u01b0\u1edbc lo\u1ea1i 1 HALIOS<\/strong><\/span><\/p>\n<ul>\n<li><span style=\"color: #000000;\">Cung c\u1ea5p n\u01b0\u1edbc si\u00eau tinh khi\u1ebft \u0111\u1ea1t ti\u00eau chu\u1ea9n ASTM Type 1+<\/span><\/li>\n<li><span style=\"color: #000000;\">Thi\u1ebft k\u1ebf m\u00f4-\u0111un linh ho\u1ea1t, d\u1ec5 t\u00edch h\u1ee3p trong m\u1ecdi kh\u00f4ng gian ph\u00f2ng th\u00ed nghi\u1ec7m<\/span><\/li>\n<li><span style=\"color: #000000;\">B\u1ed9 ph\u00e2n ph\u1ed1i n\u01b0\u1edbc ngo\u00e0i b\u00e0n, c\u00f3 th\u1ec3 th\u00e1o r\u1eddi, xoay v\u00e0 \u0111i\u1ec1u ch\u1ec9nh chi\u1ec1u cao<\/span><\/li>\n<li><span style=\"color: #000000;\">M\u00e0n h\u00ecnh c\u1ea3m \u1ee9ng l\u1edbn, tr\u1ef1c quan, \u0111a ng\u00f4n ng\u1eef<\/span><\/li>\n<li><span style=\"color: #000000;\">T\u1ef1 \u0111\u1ed9ng gi\u00e1m s\u00e1t, l\u01b0u tr\u1eef v\u00e0 c\u1ea3nh b\u00e1o s\u1ef1 c\u1ed1 b\u1eb1ng v\u0103n b\u1ea3n r\u00f5 r\u00e0ng<\/span><\/li>\n<li><span style=\"color: #000000;\">Ch\u1ee9c n\u0103ng ECO mode k\u00e9o d\u00e0i tu\u1ed5i th\u1ecd l\u00f5i l\u1ecdc \u0111\u1ebfn 20%<\/span><\/li>\n<li><span style=\"color: #000000;\">B\u1ed9 ti\u1ec1n x\u1eed l\u00fd t\u00edch h\u1ee3p gi\u00fap gi\u1ea3m chi ph\u00ed v\u1eadn h\u00e0nh v\u00e0 \u0111\u1ea3m b\u1ea3o \u0111\u1ed9 t\u00e1i l\u1eb7p k\u1ebft qu\u1ea3 ph\u00e2n t\u00edch<\/span><\/li>\n<li><span style=\"color: #000000;\">H\u1ed7 tr\u1ee3 l\u01b0u tr\u1eef d\u1eef li\u1ec7u chu\u1ea9n GLP qua USB<\/span><\/li>\n<li><span style=\"color: #000000;\">C\u00f3 th\u1ec3 k\u1ebft n\u1ed1i t\u1ed1i \u0111a 4 b\u1ed9 ph\u00e2n ph\u1ed1i ngo\u00e0i<\/span><\/li>\n<\/ul>\n<p><span style=\"color: #000000;\"><strong>Th\u00f4ng s\u1ed1 k\u1ef9 thu\u1eadt M\u00e1y l\u1ecdc N\u01b0\u1edbc lo\u1ea1i 1 HALIOS<\/strong><\/span><\/p>\n<p><span style=\"color: #000000;\"><strong>Y\u00eau c\u1ea7u n\u01b0\u1edbc c\u1ea5p:<\/strong><\/span><\/p>\n<ul>\n<li><span style=\"color: #000000;\">Lo\u1ea1i: n\u01b0\u1edbc \u0111\u00e3 x\u1eed l\u00fd s\u01a1 b\u1ed9 (EDI, DI, RO ho\u1eb7c c\u1ea5t)<\/span><\/li>\n<li><span style=\"color: #000000;\">\u0110\u1ed9 d\u1eabn \u0111i\u1ec7n t\u1ea1i 25\u00b0C: &lt; 100 \u00b5S\/cm<\/span><\/li>\n<li><span style=\"color: #000000;\">TOC: &lt; 50 ppb<\/span><\/li>\n<li><span style=\"color: #000000;\">\u00c1p su\u1ea5t: t\u1ed1i \u0111a 6 bar<\/span><\/li>\n<li><span style=\"color: #000000;\">Nhi\u1ec7t \u0111\u1ed9: 5 \u2013 35\u00b0C<\/span><\/li>\n<\/ul>\n<p><span style=\"color: #000000;\"><strong>Ch\u1ea5t l\u01b0\u1ee3ng n\u01b0\u1edbc si\u00eau tinh khi\u1ebft (ASTM Type 1):<\/strong><\/span><\/p>\n<ul>\n<li><span style=\"color: #000000;\">\u0110i\u1ec7n tr\u1edf su\u1ea5t t\u1ea1i 25\u00b0C: 18.2 M\u2126\u00b7cm (0.055 \u00b5S\/cm)<\/span><\/li>\n<li><span style=\"color: #000000;\">TOC: \u2264 2 ppb (v\u1edbi \u0111\u00e8n UV), \u2264 10 ppb (kh\u00f4ng \u0111\u00e8n UV)<\/span><\/li>\n<li><span style=\"color: #000000;\">H\u1ea1t b\u1ee5i: &lt; 1\/ml<\/span><\/li>\n<li><span style=\"color: #000000;\">Vi khu\u1ea9n: &lt; 0.01 CFU\/ml (ho\u1eb7c &lt; 0.005 CFU\/ml v\u1edbi tu\u1ef3 ch\u1ecdn l\u1ecdc UF)<\/span><\/li>\n<li><span style=\"color: #000000;\">N\u1ed9i \u0111\u1ed9c t\u1ed1 (Pyrogens): &lt; 0.001 EU\/ml<\/span><\/li>\n<li><span style=\"color: #000000;\">RNase: &lt; 0.004 ng\/ml<\/span><\/li>\n<li><span style=\"color: #000000;\">DNase: &lt; 0.024 pg\/\u00b5l<\/span><\/li>\n<li><span style=\"color: #000000;\">L\u01b0u l\u01b0\u1ee3ng: \u0111\u1ebfn 2 l\u00edt\/ph\u00fat<\/span><\/li>\n<\/ul>\n<p><span style=\"color: #000000;\"><strong>Th\u00f4ng tin chung:<\/strong><\/span><\/p>\n<ul>\n<li><span style=\"color: #000000;\">Nhi\u1ec7t \u0111\u1ed9 m\u00f4i tr\u01b0\u1eddng ho\u1ea1t \u0111\u1ed9ng: +2 \u0111\u1ebfn 35\u00b0C<\/span><\/li>\n<li><span style=\"color: #000000;\">\u0110i\u1ec7n \u00e1p: 90\u2013240V \/ 50\u201360Hz<\/span><\/li>\n<li><span style=\"color: #000000;\">C\u00f4ng su\u1ea5t: 120 W<\/span><\/li>\n<li><span style=\"color: #000000;\">K\u00edch th\u01b0\u1edbc k\u1ebft n\u1ed1i n\u01b0\u1edbc: R \u00be\u201d<\/span><\/li>\n<li><span style=\"color: #000000;\">Tr\u1ecdng l\u01b0\u1ee3ng b\u1ed9 x\u1eed l\u00fd: 15 kg<\/span><\/li>\n<li><span style=\"color: #000000;\">Tr\u1ecdng l\u01b0\u1ee3ng b\u1ed9 ph\u00e2n ph\u1ed1i: 7 kg<\/span><\/li>\n<\/ul>","protected":false},"excerpt":{"rendered":"<p><span style=\"color: #000000;\">M\u00e1y l\u1ecdc N\u01b0\u1edbc lo\u1ea1i 1 HALIOS trang b\u1ecb b\u1ed9 ph\u00e2n ph\u1ed1i n\u01b0\u1edbc ngo\u00e0i b\u00e0n, c\u00f3 th\u1ec3 th\u00e1o r\u1eddi, xoay v\u00e0 \u0111i\u1ec1u ch\u1ec9nh chi\u1ec1u cao. Ch\u1ee9c n\u0103ng ECO mode k\u00e9o d\u00e0i tu\u1ed5i th\u1ecd l\u00f5i l\u1ecdc \u0111\u1ebfn 20%. M\u00e1y c\u00f3 th\u1ec3 k\u1ebft n\u1ed1i t\u1ed1i \u0111a 4 b\u1ed9 ph\u00e2n ph\u1ed1i ngo\u00e0i<\/span><\/p>","protected":false},"featured_media":1423,"template":"","meta":{"inline_featured_image":false},"product_brand":[107],"product_cat":[113,109],"product_tag":[],"class_list":{"0":"post-1240","1":"product","2":"type-product","3":"status-publish","4":"has-post-thumbnail","6":"product_brand-neptec","7":"product_cat-he-thong-loc-nuoc","8":"product_cat-he-thong-loc-nuoc-phong-thi-nghiem","10":"first","11":"instock","12":"featured","13":"shipping-taxable","14":"product-type-simple"},"yoast_head":"<!-- This site is optimized with the Yoast SEO plugin v24.7 - https:\/\/yoast.com\/wordpress\/plugins\/seo\/ -->\n<title>M\u00e1y l\u1ecdc N\u01b0\u1edbc lo\u1ea1i 1 - HALIOS (T\u1eeb N\u01b0\u1edbc x\u1eed l\u00fd)<\/title>\n<meta name=\"description\" content=\"M\u00e1y l\u1ecdc n\u01b0\u1edbc lo\u1ea1i 1 Halios c\u00f3 ch\u1ee9c n\u0103ng ECO mode k\u00e9o d\u00e0i tu\u1ed5i th\u1ecd l\u00f5i l\u1ecdc \u0111\u1ebfn 20%, k\u1ebft n\u1ed1i t\u1ed1i \u0111a 4 b\u1ed9 ph\u00e2n ph\u1ed1i ngo\u00e0i, lr\u1eef d\u1eef li\u1ec7u chu\u1ea9n GLB qua USB...\" \/>\n<meta name=\"robots\" content=\"index, follow, max-snippet:-1, max-image-preview:large, max-video-preview:-1\" \/>\n<link rel=\"canonical\" href=\"https:\/\/htiscientific.vn\/en\/product\/may-loc-nuoc-loai-1-halios-tu-nuoc-xu-ly-dispenser-linh-hoat\/\" \/>\n<meta property=\"og:locale\" content=\"en_US\" \/>\n<meta property=\"og:type\" content=\"article\" \/>\n<meta property=\"og:title\" content=\"M\u00e1y l\u1ecdc N\u01b0\u1edbc lo\u1ea1i 1 - HALIOS (T\u1eeb N\u01b0\u1edbc x\u1eed l\u00fd)\" \/>\n<meta property=\"og:description\" content=\"M\u00e1y l\u1ecdc n\u01b0\u1edbc lo\u1ea1i 1 Halios c\u00f3 ch\u1ee9c n\u0103ng ECO mode k\u00e9o d\u00e0i tu\u1ed5i th\u1ecd l\u00f5i l\u1ecdc \u0111\u1ebfn 20%, k\u1ebft n\u1ed1i t\u1ed1i \u0111a 4 b\u1ed9 ph\u00e2n ph\u1ed1i ngo\u00e0i, lr\u1eef d\u1eef li\u1ec7u chu\u1ea9n GLB qua USB...\" \/>\n<meta property=\"og:url\" content=\"https:\/\/htiscientific.vn\/en\/product\/may-loc-nuoc-loai-1-halios-tu-nuoc-xu-ly-dispenser-linh-hoat\/\" \/>\n<meta property=\"og:site_name\" content=\"HTI Scientific\" \/>\n<meta property=\"article:publisher\" content=\"https:\/\/www.facebook.com\/htiscientific.vn\" \/>\n<meta property=\"article:modified_time\" content=\"2025-05-19T06:52:35+00:00\" \/>\n<meta property=\"og:image\" content=\"https:\/\/htiscientific.vn\/wp-content\/uploads\/2025\/05\/1.jpg\" \/>\n\t<meta property=\"og:image:width\" content=\"1000\" \/>\n\t<meta property=\"og:image:height\" content=\"1000\" \/>\n\t<meta property=\"og:image:type\" content=\"image\/jpeg\" \/>\n<meta name=\"twitter:card\" content=\"summary_large_image\" \/>\n<meta name=\"twitter:label1\" content=\"Est. reading time\" \/>\n\t<meta name=\"twitter:data1\" content=\"2 minutes\" \/>\n<script type=\"application\/ld+json\" class=\"yoast-schema-graph\">{\"@context\":\"https:\/\/schema.org\",\"@graph\":[{\"@type\":\"WebPage\",\"@id\":\"https:\/\/htiscientific.vn\/san-pham\/may-loc-nuoc-loai-1-halios-tu-nuoc-xu-ly-dispenser-linh-hoat\/\",\"url\":\"https:\/\/htiscientific.vn\/san-pham\/may-loc-nuoc-loai-1-halios-tu-nuoc-xu-ly-dispenser-linh-hoat\/\",\"name\":\"M\u00e1y l\u1ecdc N\u01b0\u1edbc lo\u1ea1i 1 - HALIOS (T\u1eeb N\u01b0\u1edbc x\u1eed l\u00fd)\",\"isPartOf\":{\"@id\":\"https:\/\/htiscientific.vn\/#website\"},\"primaryImageOfPage\":{\"@id\":\"https:\/\/htiscientific.vn\/san-pham\/may-loc-nuoc-loai-1-halios-tu-nuoc-xu-ly-dispenser-linh-hoat\/#primaryimage\"},\"image\":{\"@id\":\"https:\/\/htiscientific.vn\/san-pham\/may-loc-nuoc-loai-1-halios-tu-nuoc-xu-ly-dispenser-linh-hoat\/#primaryimage\"},\"thumbnailUrl\":\"https:\/\/htiscientific.vn\/wp-content\/uploads\/2025\/05\/1.jpg\",\"datePublished\":\"2025-05-07T10:26:55+00:00\",\"dateModified\":\"2025-05-19T06:52:35+00:00\",\"description\":\"M\u00e1y l\u1ecdc n\u01b0\u1edbc lo\u1ea1i 1 Halios c\u00f3 ch\u1ee9c n\u0103ng ECO mode k\u00e9o d\u00e0i tu\u1ed5i th\u1ecd l\u00f5i l\u1ecdc \u0111\u1ebfn 20%, k\u1ebft n\u1ed1i t\u1ed1i \u0111a 4 b\u1ed9 ph\u00e2n ph\u1ed1i ngo\u00e0i, lr\u1eef d\u1eef li\u1ec7u chu\u1ea9n GLB qua USB...\",\"breadcrumb\":{\"@id\":\"https:\/\/htiscientific.vn\/san-pham\/may-loc-nuoc-loai-1-halios-tu-nuoc-xu-ly-dispenser-linh-hoat\/#breadcrumb\"},\"inLanguage\":\"en-US\",\"potentialAction\":[{\"@type\":\"ReadAction\",\"target\":[\"https:\/\/htiscientific.vn\/san-pham\/may-loc-nuoc-loai-1-halios-tu-nuoc-xu-ly-dispenser-linh-hoat\/\"]}]},{\"@type\":\"ImageObject\",\"inLanguage\":\"en-US\",\"@id\":\"https:\/\/htiscientific.vn\/san-pham\/may-loc-nuoc-loai-1-halios-tu-nuoc-xu-ly-dispenser-linh-hoat\/#primaryimage\",\"url\":\"https:\/\/htiscientific.vn\/wp-content\/uploads\/2025\/05\/1.jpg\",\"contentUrl\":\"https:\/\/htiscientific.vn\/wp-content\/uploads\/2025\/05\/1.jpg\",\"width\":1000,\"height\":1000,\"caption\":\"Halios\"},{\"@type\":\"BreadcrumbList\",\"@id\":\"https:\/\/htiscientific.vn\/san-pham\/may-loc-nuoc-loai-1-halios-tu-nuoc-xu-ly-dispenser-linh-hoat\/#breadcrumb\",\"itemListElement\":[{\"@type\":\"ListItem\",\"position\":1,\"name\":\"Trang ch\u1ee7\",\"item\":\"https:\/\/htiscientific.vn\/\"},{\"@type\":\"ListItem\",\"position\":2,\"name\":\"C\u1eeda h\u00e0ng\",\"item\":\"https:\/\/htiscientific.vn\/cua-hang\/\"},{\"@type\":\"ListItem\",\"position\":3,\"name\":\"H\u1ec7 th\u1ed1ng l\u1ecdc n\u01b0\u1edbc ph\u00f2ng th\u00ed nghi\u1ec7m\",\"item\":\"https:\/\/htiscientific.vn\/danh-muc-san-pham\/he-thong-loc-nuoc-phong-thi-nghiem\/\"},{\"@type\":\"ListItem\",\"position\":4,\"name\":\"M\u00e1y l\u1ecdc N\u01b0\u1edbc lo\u1ea1i 1 &#8211; HALIOS (t\u1eeb N\u01b0\u1edbc x\u1eed l\u00fd) &#8211; Dispenser linh ho\u1ea1t\"}]},{\"@type\":\"WebSite\",\"@id\":\"https:\/\/htiscientific.vn\/#website\",\"url\":\"https:\/\/htiscientific.vn\/\",\"name\":\"HTI Scientific\",\"description\":\"HTI Scientific\",\"publisher\":{\"@id\":\"https:\/\/htiscientific.vn\/#organization\"},\"potentialAction\":[{\"@type\":\"SearchAction\",\"target\":{\"@type\":\"EntryPoint\",\"urlTemplate\":\"https:\/\/htiscientific.vn\/?s={search_term_string}\"},\"query-input\":{\"@type\":\"PropertyValueSpecification\",\"valueRequired\":true,\"valueName\":\"search_term_string\"}}],\"inLanguage\":\"en-US\"},{\"@type\":\"Organization\",\"@id\":\"https:\/\/htiscientific.vn\/#organization\",\"name\":\"HTI Scientific\",\"alternateName\":\"HTI Scientific\",\"url\":\"https:\/\/htiscientific.vn\/\",\"logo\":{\"@type\":\"ImageObject\",\"inLanguage\":\"en-US\",\"@id\":\"https:\/\/htiscientific.vn\/#\/schema\/logo\/image\/\",\"url\":\"https:\/\/htiscientific.vn\/wp-content\/uploads\/2025\/03\/ava-hti-copy.jpg\",\"contentUrl\":\"https:\/\/htiscientific.vn\/wp-content\/uploads\/2025\/03\/ava-hti-copy.jpg\",\"width\":700,\"height\":450,\"caption\":\"HTI Scientific\"},\"image\":{\"@id\":\"https:\/\/htiscientific.vn\/#\/schema\/logo\/image\/\"},\"sameAs\":[\"https:\/\/www.facebook.com\/htiscientific.vn\"]}]}<\/script>\n<!-- \/ Yoast SEO plugin. -->","yoast_head_json":{"title":"M\u00e1y l\u1ecdc N\u01b0\u1edbc lo\u1ea1i 1 - HALIOS (T\u1eeb N\u01b0\u1edbc x\u1eed l\u00fd)","description":"M\u00e1y l\u1ecdc n\u01b0\u1edbc lo\u1ea1i 1 Halios c\u00f3 ch\u1ee9c n\u0103ng ECO mode k\u00e9o d\u00e0i tu\u1ed5i th\u1ecd l\u00f5i l\u1ecdc \u0111\u1ebfn 20%, k\u1ebft n\u1ed1i t\u1ed1i \u0111a 4 b\u1ed9 ph\u00e2n ph\u1ed1i ngo\u00e0i, lr\u1eef d\u1eef li\u1ec7u chu\u1ea9n GLB qua USB...","robots":{"index":"index","follow":"follow","max-snippet":"max-snippet:-1","max-image-preview":"max-image-preview:large","max-video-preview":"max-video-preview:-1"},"canonical":"https:\/\/htiscientific.vn\/en\/product\/may-loc-nuoc-loai-1-halios-tu-nuoc-xu-ly-dispenser-linh-hoat\/","og_locale":"en_US","og_type":"article","og_title":"M\u00e1y l\u1ecdc N\u01b0\u1edbc lo\u1ea1i 1 - HALIOS (T\u1eeb N\u01b0\u1edbc x\u1eed l\u00fd)","og_description":"M\u00e1y l\u1ecdc n\u01b0\u1edbc lo\u1ea1i 1 Halios c\u00f3 ch\u1ee9c n\u0103ng ECO mode k\u00e9o d\u00e0i tu\u1ed5i th\u1ecd l\u00f5i l\u1ecdc \u0111\u1ebfn 20%, k\u1ebft n\u1ed1i t\u1ed1i \u0111a 4 b\u1ed9 ph\u00e2n ph\u1ed1i ngo\u00e0i, lr\u1eef d\u1eef li\u1ec7u chu\u1ea9n GLB qua USB...","og_url":"https:\/\/htiscientific.vn\/en\/product\/may-loc-nuoc-loai-1-halios-tu-nuoc-xu-ly-dispenser-linh-hoat\/","og_site_name":"HTI Scientific","article_publisher":"https:\/\/www.facebook.com\/htiscientific.vn","article_modified_time":"2025-05-19T06:52:35+00:00","og_image":[{"width":1000,"height":1000,"url":"https:\/\/htiscientific.vn\/wp-content\/uploads\/2025\/05\/1.jpg","type":"image\/jpeg"}],"twitter_card":"summary_large_image","twitter_misc":{"Est. reading time":"2 minutes"},"schema":{"@context":"https:\/\/schema.org","@graph":[{"@type":"WebPage","@id":"https:\/\/htiscientific.vn\/san-pham\/may-loc-nuoc-loai-1-halios-tu-nuoc-xu-ly-dispenser-linh-hoat\/","url":"https:\/\/htiscientific.vn\/san-pham\/may-loc-nuoc-loai-1-halios-tu-nuoc-xu-ly-dispenser-linh-hoat\/","name":"M\u00e1y l\u1ecdc N\u01b0\u1edbc lo\u1ea1i 1 - HALIOS (T\u1eeb N\u01b0\u1edbc x\u1eed l\u00fd)","isPartOf":{"@id":"https:\/\/htiscientific.vn\/#website"},"primaryImageOfPage":{"@id":"https:\/\/htiscientific.vn\/san-pham\/may-loc-nuoc-loai-1-halios-tu-nuoc-xu-ly-dispenser-linh-hoat\/#primaryimage"},"image":{"@id":"https:\/\/htiscientific.vn\/san-pham\/may-loc-nuoc-loai-1-halios-tu-nuoc-xu-ly-dispenser-linh-hoat\/#primaryimage"},"thumbnailUrl":"https:\/\/htiscientific.vn\/wp-content\/uploads\/2025\/05\/1.jpg","datePublished":"2025-05-07T10:26:55+00:00","dateModified":"2025-05-19T06:52:35+00:00","description":"M\u00e1y l\u1ecdc n\u01b0\u1edbc lo\u1ea1i 1 Halios c\u00f3 ch\u1ee9c n\u0103ng ECO mode k\u00e9o d\u00e0i tu\u1ed5i th\u1ecd l\u00f5i l\u1ecdc \u0111\u1ebfn 20%, k\u1ebft n\u1ed1i t\u1ed1i \u0111a 4 b\u1ed9 ph\u00e2n ph\u1ed1i ngo\u00e0i, lr\u1eef d\u1eef li\u1ec7u chu\u1ea9n GLB qua USB...","breadcrumb":{"@id":"https:\/\/htiscientific.vn\/san-pham\/may-loc-nuoc-loai-1-halios-tu-nuoc-xu-ly-dispenser-linh-hoat\/#breadcrumb"},"inLanguage":"en-US","potentialAction":[{"@type":"ReadAction","target":["https:\/\/htiscientific.vn\/san-pham\/may-loc-nuoc-loai-1-halios-tu-nuoc-xu-ly-dispenser-linh-hoat\/"]}]},{"@type":"ImageObject","inLanguage":"en-US","@id":"https:\/\/htiscientific.vn\/san-pham\/may-loc-nuoc-loai-1-halios-tu-nuoc-xu-ly-dispenser-linh-hoat\/#primaryimage","url":"https:\/\/htiscientific.vn\/wp-content\/uploads\/2025\/05\/1.jpg","contentUrl":"https:\/\/htiscientific.vn\/wp-content\/uploads\/2025\/05\/1.jpg","width":1000,"height":1000,"caption":"Halios"},{"@type":"BreadcrumbList","@id":"https:\/\/htiscientific.vn\/san-pham\/may-loc-nuoc-loai-1-halios-tu-nuoc-xu-ly-dispenser-linh-hoat\/#breadcrumb","itemListElement":[{"@type":"ListItem","position":1,"name":"Trang ch\u1ee7","item":"https:\/\/htiscientific.vn\/"},{"@type":"ListItem","position":2,"name":"C\u1eeda h\u00e0ng","item":"https:\/\/htiscientific.vn\/cua-hang\/"},{"@type":"ListItem","position":3,"name":"H\u1ec7 th\u1ed1ng l\u1ecdc n\u01b0\u1edbc ph\u00f2ng th\u00ed nghi\u1ec7m","item":"https:\/\/htiscientific.vn\/danh-muc-san-pham\/he-thong-loc-nuoc-phong-thi-nghiem\/"},{"@type":"ListItem","position":4,"name":"M\u00e1y l\u1ecdc N\u01b0\u1edbc lo\u1ea1i 1 &#8211; HALIOS (t\u1eeb N\u01b0\u1edbc x\u1eed l\u00fd) &#8211; Dispenser linh ho\u1ea1t"}]},{"@type":"WebSite","@id":"https:\/\/htiscientific.vn\/#website","url":"https:\/\/htiscientific.vn\/","name":"HTI Scientific","description":"HTI Scientific","publisher":{"@id":"https:\/\/htiscientific.vn\/#organization"},"potentialAction":[{"@type":"SearchAction","target":{"@type":"EntryPoint","urlTemplate":"https:\/\/htiscientific.vn\/?s={search_term_string}"},"query-input":{"@type":"PropertyValueSpecification","valueRequired":true,"valueName":"search_term_string"}}],"inLanguage":"en-US"},{"@type":"Organization","@id":"https:\/\/htiscientific.vn\/#organization","name":"HTI Scientific","alternateName":"HTI Scientific","url":"https:\/\/htiscientific.vn\/","logo":{"@type":"ImageObject","inLanguage":"en-US","@id":"https:\/\/htiscientific.vn\/#\/schema\/logo\/image\/","url":"https:\/\/htiscientific.vn\/wp-content\/uploads\/2025\/03\/ava-hti-copy.jpg","contentUrl":"https:\/\/htiscientific.vn\/wp-content\/uploads\/2025\/03\/ava-hti-copy.jpg","width":700,"height":450,"caption":"HTI Scientific"},"image":{"@id":"https:\/\/htiscientific.vn\/#\/schema\/logo\/image\/"},"sameAs":["https:\/\/www.facebook.com\/htiscientific.vn"]}]}},"_links":{"self":[{"href":"https:\/\/htiscientific.vn\/en\/wp-json\/wp\/v2\/product\/1240","targetHints":{"allow":["GET"]}}],"collection":[{"href":"https:\/\/htiscientific.vn\/en\/wp-json\/wp\/v2\/product"}],"about":[{"href":"https:\/\/htiscientific.vn\/en\/wp-json\/wp\/v2\/types\/product"}],"wp:featuredmedia":[{"embeddable":true,"href":"https:\/\/htiscientific.vn\/en\/wp-json\/wp\/v2\/media\/1423"}],"wp:attachment":[{"href":"https:\/\/htiscientific.vn\/en\/wp-json\/wp\/v2\/media?parent=1240"}],"wp:term":[{"taxonomy":"product_brand","embeddable":true,"href":"https:\/\/htiscientific.vn\/en\/wp-json\/wp\/v2\/product_brand?post=1240"},{"taxonomy":"product_cat","embeddable":true,"href":"https:\/\/htiscientific.vn\/en\/wp-json\/wp\/v2\/product_cat?post=1240"},{"taxonomy":"product_tag","embeddable":true,"href":"https:\/\/htiscientific.vn\/en\/wp-json\/wp\/v2\/product_tag?post=1240"}],"curies":[{"name":"wp","href":"https:\/\/api.w.org\/{rel}","templated":true}]}}