{"id":1238,"date":"2025-05-07T17:11:20","date_gmt":"2025-05-07T10:11:20","guid":{"rendered":"https:\/\/htiscientific.vn\/?post_type=product&#038;p=1238"},"modified":"2025-05-19T13:52:26","modified_gmt":"2025-05-19T06:52:26","slug":"may-loc-nuoc-loai-1-triton-tu-nuoc-xu-ly-compact","status":"publish","type":"product","link":"https:\/\/htiscientific.vn\/en\/product\/may-loc-nuoc-loai-1-triton-tu-nuoc-xu-ly-compact\/","title":{"rendered":"M\u00e1y l\u1ecdc N\u01b0\u1edbc Lo\u1ea1i 1 &#8211; TRITON (t\u1eeb N\u01b0\u1edbc x\u1eed l\u00fd) &#8211; Compact"},"content":{"rendered":"<p><span style=\"color: #000000;\"><strong>T\u00ean model:<\/strong> TRITON<\/span><\/p>\n<p><span style=\"color: #000000;\"><strong>M\u00e1y l\u1ecdc N\u01b0\u1edbc Lo\u1ea1i 1 &#8211; TRITON (t\u1eeb N\u01b0\u1edbc x\u1eed l\u00fd) &#8211; Compact<\/strong><\/span><br \/>\n<span style=\"color: #000000;\"><strong>H\u00e3ng s\u1ea3n xu\u1ea5t:<\/strong> NEPTEC GmbH<\/span><br \/>\n<span style=\"color: #000000;\"><strong>Xu\u1ea5t x\u1ee9:<\/strong> \u0110\u1ee9c<\/span><\/p>\n<p><span style=\"color: #000000;\"><strong>\u0110\u1eb7c \u0111i\u1ec3m n\u1ed5i b\u1eadt <a style=\"color: #000000;\" href=\"https:\/\/www.neptec.de\/TRITON\">M\u00e1y l\u1ecdc n\u01b0\u1edbc triton lo\u1ea1i 1<\/a><\/strong><\/span><\/p>\n<p><span style=\"color: #000000;\">\u2022 Cung c\u1ea5p n\u01b0\u1edbc si\u00eau tinh khi\u1ebft \u0111\u1ea1t chu\u1ea9n ASTM Type 1+<\/span><br \/>\n<span style=\"color: #000000;\">\u2022 Thi\u1ebft k\u1ebf nh\u1ecf g\u1ecdn, d\u1ec5 t\u00edch h\u1ee3p trong m\u1ecdi kh\u00f4ng gian ph\u00f2ng th\u00ed nghi\u1ec7m<\/span><br \/>\n<span style=\"color: #000000;\">\u2022 M\u00e0n h\u00ecnh c\u1ea3m \u1ee9ng l\u1edbn, tr\u1ef1c quan, d\u1ec5 s\u1eed d\u1ee5ng<\/span><br \/>\n<span style=\"color: #000000;\">\u2022 H\u1ec7 th\u1ed1ng c\u1ea3nh b\u00e1o r\u00f2 r\u1ec9, l\u1ecbch s\u1eed c\u1ea3nh b\u00e1o, v\u00e0 l\u01b0u tr\u1eef d\u1eef li\u1ec7u tu\u00e2n th\u1ee7 GLP<\/span><br \/>\n<span style=\"color: #000000;\">\u2022 Quy tr\u00ecnh thay th\u1ebf v\u1eadt t\u01b0 ti\u00eau hao \u0111\u01a1n gi\u1ea3n v\u00e0 ti\u1ebft ki\u1ec7m<\/span><br \/>\n<span style=\"color: #000000;\">\u2022 B\u1ea3o v\u1ec7 ch\u1ed1ng ch\u1ea1y kh\u00f4, c\u1ea3m bi\u1ebfn \u00e1p su\u1ea5t v\u00e0 l\u01b0u l\u01b0\u1ee3ng t\u00edch h\u1ee3p<\/span><br \/>\n<span style=\"color: #000000;\">\u2022 L\u1eafp \u0111\u1eb7t nhanh, \u0111\u1ea7y \u0111\u1ee7 v\u1eadt t\u01b0 \u0111i k\u00e8m (Plug &amp; Use)<\/span><br \/>\n<span style=\"color: #000000;\">\u2022 T\u00f9y ch\u1ecdn m\u1edf r\u1ed9ng: \u0111\u00e8n UV 185\/254nm, m\u00e0ng si\u00eau l\u1ecdc lo\u1ea1i b\u1ecf n\u1ed9i \u0111\u1ed9c t\u1ed1, gi\u00e1m s\u00e1t TOC theo th\u1eddi gian th\u1ef1c, g\u1eafn t\u01b0\u1eddng, t\u00e0i li\u1ec7u IQ\/OQ<\/span><\/p>\n<p><span style=\"color: #000000;\"><strong>Specifications<\/strong><\/span><br \/>\n<strong><span style=\"color: #000000;\">Y\u00eau c\u1ea7u n\u01b0\u1edbc c\u1ea5p:<\/span><\/strong><br \/>\n<span style=\"color: #000000;\">\u2022 Lo\u1ea1i n\u01b0\u1edbc: \u0110\u00e3 x\u1eed l\u00fd tr\u01b0\u1edbc (EDI, DI, RO ho\u1eb7c n\u01b0\u1edbc c\u1ea5t)<\/span><br \/>\n<span style=\"color: #000000;\">\u2022 \u0110\u1ed9 d\u1eabn \u0111i\u1ec7n: &lt; 50 \u00b5S\/cm t\u1ea1i 25\u00b0C<\/span><br \/>\n<span style=\"color: #000000;\">\u2022 TOC: &lt; 50 ppb<\/span><br \/>\n<span style=\"color: #000000;\">\u2022 \u00c1p su\u1ea5t \u0111\u1ea7u v\u00e0o: t\u1ed1i \u0111a 6 bar<\/span><br \/>\n<span style=\"color: #000000;\">\u2022 Nhi\u1ec7t \u0111\u1ed9: 5 \u2013 35\u00b0C<\/span><\/p>\n<p><strong><span style=\"color: #000000;\">Ch\u1ea5t l\u01b0\u1ee3ng n\u01b0\u1edbc si\u00eau tinh khi\u1ebft (ASTM Type 1):<\/span><\/strong><br \/>\n<span style=\"color: #000000;\">\u2022 \u0110i\u1ec7n tr\u1edf su\u1ea5t: 18.2 M\u2126\u00b7cm (0.055 \u00b5S\/cm t\u1ea1i 25\u00b0C)<\/span><br \/>\n<span style=\"color: #000000;\">\u2022 TOC: \u2264 2 ppb (\u2264 10 ppb n\u1ebfu kh\u00f4ng d\u00f9ng \u0111\u00e8n UV)<\/span><br \/>\n<span style=\"color: #000000;\">\u2022 H\u1ea1t r\u1eafn: &lt; 1\/ml<\/span><br \/>\n<span style=\"color: #000000;\">\u2022 Vi khu\u1ea9n: &lt; 0.01 CFU\/ml (ho\u1eb7c &lt; 0.005 CFU\/ml v\u1edbi si\u00eau l\u1ecdc)<\/span><br \/>\n<span style=\"color: #000000;\">\u2022 Pyrogen (n\u1ed9i \u0111\u1ed9c t\u1ed1): &lt; 0.001 EU\/ml<\/span><br \/>\n<span style=\"color: #000000;\">\u2022 RNase: &lt; 0.004 ng\/ml<\/span><br \/>\n<span style=\"color: #000000;\">\u2022 DNase: &lt; 0.024 pg\/\u00b5l<\/span><br \/>\n<span style=\"color: #000000;\">\u2022 L\u01b0u l\u01b0\u1ee3ng: T\u1ed1i \u0111a 1.5 l\u00edt\/ph\u00fat<\/span><\/p>\n<p><span style=\"color: #000000;\"><strong>\u0110i\u1ec1u ki\u1ec7n ho\u1ea1t \u0111\u1ed9ng:<\/strong><\/span><br \/>\n<span style=\"color: #000000;\">\u2022 Nhi\u1ec7t \u0111\u1ed9 m\u00f4i tr\u01b0\u1eddng: +2 \u0111\u1ebfn 35\u00b0C<\/span><br \/>\n<span style=\"color: #000000;\">\u2022 \u0110i\u1ec7n \u00e1p: 90 \u2013 240V \/ 50\u201360Hz<\/span><br \/>\n<span style=\"color: #000000;\">\u2022 C\u00f4ng su\u1ea5t ti\u00eau th\u1ee5: 120W<\/span><br \/>\n<span style=\"color: #000000;\">\u2022 K\u1ebft n\u1ed1i n\u01b0\u1edbc: R \u00be<\/span><\/p>","protected":false},"excerpt":{"rendered":"<p>T\u00ean model: TRITON M\u00e1y l\u1ecdc N\u01b0\u1edbc Lo\u1ea1i 1 &#8211; TRITON (t\u1eeb N\u01b0\u1edbc x\u1eed l\u00fd) &#8211; Compact H\u00e3ng s\u1ea3n xu\u1ea5t: NEPTEC GmbH Xu\u1ea5t x\u1ee9: \u0110\u1ee9c \u0110\u1eb7c \u0111i\u1ec3m n\u1ed5i b\u1eadt M\u00e1y l\u1ecdc n\u01b0\u1edbc triton lo\u1ea1i 1 \u2022 Cung c\u1ea5p n\u01b0\u1edbc si\u00eau tinh khi\u1ebft \u0111\u1ea1t chu\u1ea9n ASTM Type 1+ \u2022 Thi\u1ebft k\u1ebf nh\u1ecf&#8230;<\/p>","protected":false},"featured_media":1454,"template":"","meta":{"inline_featured_image":false},"product_brand":[107],"product_cat":[113,109],"product_tag":[],"class_list":{"0":"post-1238","1":"product","2":"type-product","3":"status-publish","4":"has-post-thumbnail","6":"product_brand-neptec","7":"product_cat-he-thong-loc-nuoc","8":"product_cat-he-thong-loc-nuoc-phong-thi-nghiem","10":"first","11":"instock","12":"featured","13":"shipping-taxable","14":"product-type-simple"},"yoast_head":"<!-- This site is optimized with the Yoast SEO plugin v24.7 - https:\/\/yoast.com\/wordpress\/plugins\/seo\/ -->\n<title>M\u00e1y l\u1ecdc N\u01b0\u1edbc Lo\u1ea1i 1 - TRITON (t\u1eeb N\u01b0\u1edbc x\u1eed l\u00fd) - Compact - HTI Scientific<\/title>\n<meta name=\"description\" content=\"M\u00e1y l\u1ecdc n\u01b0\u1edbc Triton lo\u1ea1i 1 thi\u1ebft k\u1ebf nh\u1ecf g\u1ecdn, d\u1ec5 t\u00edch h\u1ee3p trong m\u1ecdi kh\u00f4ng gian ph\u00f2ng th\u00ed nghi\u1ec7m. Thi\u1ebft k\u1ebf m\u00e0n h\u00ecnh c\u1ea3m \u1ee9ng l\u1edbn, tr\u1ef1c quan, d\u1ec5 s\u1eed d\u1ee5ng...\" \/>\n<meta name=\"robots\" content=\"index, follow, max-snippet:-1, max-image-preview:large, max-video-preview:-1\" \/>\n<link rel=\"canonical\" href=\"https:\/\/htiscientific.vn\/en\/product\/may-loc-nuoc-loai-1-triton-tu-nuoc-xu-ly-compact\/\" \/>\n<meta property=\"og:locale\" content=\"en_US\" \/>\n<meta property=\"og:type\" content=\"article\" \/>\n<meta property=\"og:title\" content=\"M\u00e1y l\u1ecdc N\u01b0\u1edbc Lo\u1ea1i 1 - TRITON (t\u1eeb N\u01b0\u1edbc x\u1eed l\u00fd) - Compact - HTI Scientific\" \/>\n<meta property=\"og:description\" content=\"M\u00e1y l\u1ecdc n\u01b0\u1edbc Triton lo\u1ea1i 1 thi\u1ebft k\u1ebf nh\u1ecf g\u1ecdn, d\u1ec5 t\u00edch h\u1ee3p trong m\u1ecdi kh\u00f4ng gian ph\u00f2ng th\u00ed nghi\u1ec7m. Thi\u1ebft k\u1ebf m\u00e0n h\u00ecnh c\u1ea3m \u1ee9ng l\u1edbn, tr\u1ef1c quan, d\u1ec5 s\u1eed d\u1ee5ng...\" \/>\n<meta property=\"og:url\" content=\"https:\/\/htiscientific.vn\/en\/product\/may-loc-nuoc-loai-1-triton-tu-nuoc-xu-ly-compact\/\" \/>\n<meta property=\"og:site_name\" content=\"HTI Scientific\" \/>\n<meta property=\"article:publisher\" content=\"https:\/\/www.facebook.com\/htiscientific.vn\" \/>\n<meta property=\"article:modified_time\" content=\"2025-05-19T06:52:26+00:00\" \/>\n<meta property=\"og:image\" content=\"https:\/\/htiscientific.vn\/wp-content\/uploads\/2025\/05\/triton-type-1-1.jpg\" \/>\n\t<meta property=\"og:image:width\" content=\"1000\" \/>\n\t<meta property=\"og:image:height\" content=\"1000\" \/>\n\t<meta property=\"og:image:type\" content=\"image\/jpeg\" \/>\n<meta name=\"twitter:card\" content=\"summary_large_image\" \/>\n<meta name=\"twitter:label1\" content=\"Est. reading time\" \/>\n\t<meta name=\"twitter:data1\" content=\"2 minutes\" \/>\n<script type=\"application\/ld+json\" class=\"yoast-schema-graph\">{\"@context\":\"https:\/\/schema.org\",\"@graph\":[{\"@type\":\"WebPage\",\"@id\":\"https:\/\/htiscientific.vn\/san-pham\/may-loc-nuoc-loai-1-triton-tu-nuoc-xu-ly-compact\/\",\"url\":\"https:\/\/htiscientific.vn\/san-pham\/may-loc-nuoc-loai-1-triton-tu-nuoc-xu-ly-compact\/\",\"name\":\"M\u00e1y l\u1ecdc N\u01b0\u1edbc Lo\u1ea1i 1 - TRITON (t\u1eeb N\u01b0\u1edbc x\u1eed l\u00fd) - Compact - HTI Scientific\",\"isPartOf\":{\"@id\":\"https:\/\/htiscientific.vn\/#website\"},\"primaryImageOfPage\":{\"@id\":\"https:\/\/htiscientific.vn\/san-pham\/may-loc-nuoc-loai-1-triton-tu-nuoc-xu-ly-compact\/#primaryimage\"},\"image\":{\"@id\":\"https:\/\/htiscientific.vn\/san-pham\/may-loc-nuoc-loai-1-triton-tu-nuoc-xu-ly-compact\/#primaryimage\"},\"thumbnailUrl\":\"https:\/\/htiscientific.vn\/wp-content\/uploads\/2025\/05\/triton-type-1-1.jpg\",\"datePublished\":\"2025-05-07T10:11:20+00:00\",\"dateModified\":\"2025-05-19T06:52:26+00:00\",\"description\":\"M\u00e1y l\u1ecdc n\u01b0\u1edbc Triton lo\u1ea1i 1 thi\u1ebft k\u1ebf nh\u1ecf g\u1ecdn, d\u1ec5 t\u00edch h\u1ee3p trong m\u1ecdi kh\u00f4ng gian ph\u00f2ng th\u00ed nghi\u1ec7m. Thi\u1ebft k\u1ebf m\u00e0n h\u00ecnh c\u1ea3m \u1ee9ng l\u1edbn, tr\u1ef1c quan, d\u1ec5 s\u1eed d\u1ee5ng...\",\"breadcrumb\":{\"@id\":\"https:\/\/htiscientific.vn\/san-pham\/may-loc-nuoc-loai-1-triton-tu-nuoc-xu-ly-compact\/#breadcrumb\"},\"inLanguage\":\"en-US\",\"potentialAction\":[{\"@type\":\"ReadAction\",\"target\":[\"https:\/\/htiscientific.vn\/san-pham\/may-loc-nuoc-loai-1-triton-tu-nuoc-xu-ly-compact\/\"]}]},{\"@type\":\"ImageObject\",\"inLanguage\":\"en-US\",\"@id\":\"https:\/\/htiscientific.vn\/san-pham\/may-loc-nuoc-loai-1-triton-tu-nuoc-xu-ly-compact\/#primaryimage\",\"url\":\"https:\/\/htiscientific.vn\/wp-content\/uploads\/2025\/05\/triton-type-1-1.jpg\",\"contentUrl\":\"https:\/\/htiscientific.vn\/wp-content\/uploads\/2025\/05\/triton-type-1-1.jpg\",\"width\":1000,\"height\":1000,\"caption\":\"TRITON Type 1\"},{\"@type\":\"BreadcrumbList\",\"@id\":\"https:\/\/htiscientific.vn\/san-pham\/may-loc-nuoc-loai-1-triton-tu-nuoc-xu-ly-compact\/#breadcrumb\",\"itemListElement\":[{\"@type\":\"ListItem\",\"position\":1,\"name\":\"Trang ch\u1ee7\",\"item\":\"https:\/\/htiscientific.vn\/\"},{\"@type\":\"ListItem\",\"position\":2,\"name\":\"C\u1eeda h\u00e0ng\",\"item\":\"https:\/\/htiscientific.vn\/cua-hang\/\"},{\"@type\":\"ListItem\",\"position\":3,\"name\":\"H\u1ec7 th\u1ed1ng l\u1ecdc n\u01b0\u1edbc\",\"item\":\"https:\/\/htiscientific.vn\/danh-muc-san-pham\/he-thong-loc-nuoc\/\"},{\"@type\":\"ListItem\",\"position\":4,\"name\":\"M\u00e1y l\u1ecdc N\u01b0\u1edbc Lo\u1ea1i 1 &#8211; TRITON (t\u1eeb N\u01b0\u1edbc x\u1eed l\u00fd) &#8211; Compact\"}]},{\"@type\":\"WebSite\",\"@id\":\"https:\/\/htiscientific.vn\/#website\",\"url\":\"https:\/\/htiscientific.vn\/\",\"name\":\"HTI Scientific\",\"description\":\"HTI Scientific\",\"publisher\":{\"@id\":\"https:\/\/htiscientific.vn\/#organization\"},\"potentialAction\":[{\"@type\":\"SearchAction\",\"target\":{\"@type\":\"EntryPoint\",\"urlTemplate\":\"https:\/\/htiscientific.vn\/?s={search_term_string}\"},\"query-input\":{\"@type\":\"PropertyValueSpecification\",\"valueRequired\":true,\"valueName\":\"search_term_string\"}}],\"inLanguage\":\"en-US\"},{\"@type\":\"Organization\",\"@id\":\"https:\/\/htiscientific.vn\/#organization\",\"name\":\"HTI Scientific\",\"alternateName\":\"HTI Scientific\",\"url\":\"https:\/\/htiscientific.vn\/\",\"logo\":{\"@type\":\"ImageObject\",\"inLanguage\":\"en-US\",\"@id\":\"https:\/\/htiscientific.vn\/#\/schema\/logo\/image\/\",\"url\":\"https:\/\/htiscientific.vn\/wp-content\/uploads\/2025\/03\/ava-hti-copy.jpg\",\"contentUrl\":\"https:\/\/htiscientific.vn\/wp-content\/uploads\/2025\/03\/ava-hti-copy.jpg\",\"width\":700,\"height\":450,\"caption\":\"HTI Scientific\"},\"image\":{\"@id\":\"https:\/\/htiscientific.vn\/#\/schema\/logo\/image\/\"},\"sameAs\":[\"https:\/\/www.facebook.com\/htiscientific.vn\"]}]}<\/script>\n<!-- \/ Yoast SEO plugin. -->","yoast_head_json":{"title":"M\u00e1y l\u1ecdc N\u01b0\u1edbc Lo\u1ea1i 1 - TRITON (t\u1eeb N\u01b0\u1edbc x\u1eed l\u00fd) - Compact - HTI Scientific","description":"M\u00e1y l\u1ecdc n\u01b0\u1edbc Triton lo\u1ea1i 1 thi\u1ebft k\u1ebf nh\u1ecf g\u1ecdn, d\u1ec5 t\u00edch h\u1ee3p trong m\u1ecdi kh\u00f4ng gian ph\u00f2ng th\u00ed nghi\u1ec7m. Thi\u1ebft k\u1ebf m\u00e0n h\u00ecnh c\u1ea3m \u1ee9ng l\u1edbn, tr\u1ef1c quan, d\u1ec5 s\u1eed d\u1ee5ng...","robots":{"index":"index","follow":"follow","max-snippet":"max-snippet:-1","max-image-preview":"max-image-preview:large","max-video-preview":"max-video-preview:-1"},"canonical":"https:\/\/htiscientific.vn\/en\/product\/may-loc-nuoc-loai-1-triton-tu-nuoc-xu-ly-compact\/","og_locale":"en_US","og_type":"article","og_title":"M\u00e1y l\u1ecdc N\u01b0\u1edbc Lo\u1ea1i 1 - TRITON (t\u1eeb N\u01b0\u1edbc x\u1eed l\u00fd) - Compact - HTI Scientific","og_description":"M\u00e1y l\u1ecdc n\u01b0\u1edbc Triton lo\u1ea1i 1 thi\u1ebft k\u1ebf nh\u1ecf g\u1ecdn, d\u1ec5 t\u00edch h\u1ee3p trong m\u1ecdi kh\u00f4ng gian ph\u00f2ng th\u00ed nghi\u1ec7m. Thi\u1ebft k\u1ebf m\u00e0n h\u00ecnh c\u1ea3m \u1ee9ng l\u1edbn, tr\u1ef1c quan, d\u1ec5 s\u1eed d\u1ee5ng...","og_url":"https:\/\/htiscientific.vn\/en\/product\/may-loc-nuoc-loai-1-triton-tu-nuoc-xu-ly-compact\/","og_site_name":"HTI Scientific","article_publisher":"https:\/\/www.facebook.com\/htiscientific.vn","article_modified_time":"2025-05-19T06:52:26+00:00","og_image":[{"width":1000,"height":1000,"url":"https:\/\/htiscientific.vn\/wp-content\/uploads\/2025\/05\/triton-type-1-1.jpg","type":"image\/jpeg"}],"twitter_card":"summary_large_image","twitter_misc":{"Est. reading time":"2 minutes"},"schema":{"@context":"https:\/\/schema.org","@graph":[{"@type":"WebPage","@id":"https:\/\/htiscientific.vn\/san-pham\/may-loc-nuoc-loai-1-triton-tu-nuoc-xu-ly-compact\/","url":"https:\/\/htiscientific.vn\/san-pham\/may-loc-nuoc-loai-1-triton-tu-nuoc-xu-ly-compact\/","name":"M\u00e1y l\u1ecdc N\u01b0\u1edbc Lo\u1ea1i 1 - TRITON (t\u1eeb N\u01b0\u1edbc x\u1eed l\u00fd) - Compact - HTI Scientific","isPartOf":{"@id":"https:\/\/htiscientific.vn\/#website"},"primaryImageOfPage":{"@id":"https:\/\/htiscientific.vn\/san-pham\/may-loc-nuoc-loai-1-triton-tu-nuoc-xu-ly-compact\/#primaryimage"},"image":{"@id":"https:\/\/htiscientific.vn\/san-pham\/may-loc-nuoc-loai-1-triton-tu-nuoc-xu-ly-compact\/#primaryimage"},"thumbnailUrl":"https:\/\/htiscientific.vn\/wp-content\/uploads\/2025\/05\/triton-type-1-1.jpg","datePublished":"2025-05-07T10:11:20+00:00","dateModified":"2025-05-19T06:52:26+00:00","description":"M\u00e1y l\u1ecdc n\u01b0\u1edbc Triton lo\u1ea1i 1 thi\u1ebft k\u1ebf nh\u1ecf g\u1ecdn, d\u1ec5 t\u00edch h\u1ee3p trong m\u1ecdi kh\u00f4ng gian ph\u00f2ng th\u00ed nghi\u1ec7m. Thi\u1ebft k\u1ebf m\u00e0n h\u00ecnh c\u1ea3m \u1ee9ng l\u1edbn, tr\u1ef1c quan, d\u1ec5 s\u1eed d\u1ee5ng...","breadcrumb":{"@id":"https:\/\/htiscientific.vn\/san-pham\/may-loc-nuoc-loai-1-triton-tu-nuoc-xu-ly-compact\/#breadcrumb"},"inLanguage":"en-US","potentialAction":[{"@type":"ReadAction","target":["https:\/\/htiscientific.vn\/san-pham\/may-loc-nuoc-loai-1-triton-tu-nuoc-xu-ly-compact\/"]}]},{"@type":"ImageObject","inLanguage":"en-US","@id":"https:\/\/htiscientific.vn\/san-pham\/may-loc-nuoc-loai-1-triton-tu-nuoc-xu-ly-compact\/#primaryimage","url":"https:\/\/htiscientific.vn\/wp-content\/uploads\/2025\/05\/triton-type-1-1.jpg","contentUrl":"https:\/\/htiscientific.vn\/wp-content\/uploads\/2025\/05\/triton-type-1-1.jpg","width":1000,"height":1000,"caption":"TRITON Type 1"},{"@type":"BreadcrumbList","@id":"https:\/\/htiscientific.vn\/san-pham\/may-loc-nuoc-loai-1-triton-tu-nuoc-xu-ly-compact\/#breadcrumb","itemListElement":[{"@type":"ListItem","position":1,"name":"Trang ch\u1ee7","item":"https:\/\/htiscientific.vn\/"},{"@type":"ListItem","position":2,"name":"C\u1eeda h\u00e0ng","item":"https:\/\/htiscientific.vn\/cua-hang\/"},{"@type":"ListItem","position":3,"name":"H\u1ec7 th\u1ed1ng l\u1ecdc n\u01b0\u1edbc","item":"https:\/\/htiscientific.vn\/danh-muc-san-pham\/he-thong-loc-nuoc\/"},{"@type":"ListItem","position":4,"name":"M\u00e1y l\u1ecdc N\u01b0\u1edbc Lo\u1ea1i 1 &#8211; TRITON (t\u1eeb N\u01b0\u1edbc x\u1eed l\u00fd) &#8211; Compact"}]},{"@type":"WebSite","@id":"https:\/\/htiscientific.vn\/#website","url":"https:\/\/htiscientific.vn\/","name":"HTI Scientific","description":"HTI Scientific","publisher":{"@id":"https:\/\/htiscientific.vn\/#organization"},"potentialAction":[{"@type":"SearchAction","target":{"@type":"EntryPoint","urlTemplate":"https:\/\/htiscientific.vn\/?s={search_term_string}"},"query-input":{"@type":"PropertyValueSpecification","valueRequired":true,"valueName":"search_term_string"}}],"inLanguage":"en-US"},{"@type":"Organization","@id":"https:\/\/htiscientific.vn\/#organization","name":"HTI Scientific","alternateName":"HTI Scientific","url":"https:\/\/htiscientific.vn\/","logo":{"@type":"ImageObject","inLanguage":"en-US","@id":"https:\/\/htiscientific.vn\/#\/schema\/logo\/image\/","url":"https:\/\/htiscientific.vn\/wp-content\/uploads\/2025\/03\/ava-hti-copy.jpg","contentUrl":"https:\/\/htiscientific.vn\/wp-content\/uploads\/2025\/03\/ava-hti-copy.jpg","width":700,"height":450,"caption":"HTI Scientific"},"image":{"@id":"https:\/\/htiscientific.vn\/#\/schema\/logo\/image\/"},"sameAs":["https:\/\/www.facebook.com\/htiscientific.vn"]}]}},"_links":{"self":[{"href":"https:\/\/htiscientific.vn\/en\/wp-json\/wp\/v2\/product\/1238","targetHints":{"allow":["GET"]}}],"collection":[{"href":"https:\/\/htiscientific.vn\/en\/wp-json\/wp\/v2\/product"}],"about":[{"href":"https:\/\/htiscientific.vn\/en\/wp-json\/wp\/v2\/types\/product"}],"wp:featuredmedia":[{"embeddable":true,"href":"https:\/\/htiscientific.vn\/en\/wp-json\/wp\/v2\/media\/1454"}],"wp:attachment":[{"href":"https:\/\/htiscientific.vn\/en\/wp-json\/wp\/v2\/media?parent=1238"}],"wp:term":[{"taxonomy":"product_brand","embeddable":true,"href":"https:\/\/htiscientific.vn\/en\/wp-json\/wp\/v2\/product_brand?post=1238"},{"taxonomy":"product_cat","embeddable":true,"href":"https:\/\/htiscientific.vn\/en\/wp-json\/wp\/v2\/product_cat?post=1238"},{"taxonomy":"product_tag","embeddable":true,"href":"https:\/\/htiscientific.vn\/en\/wp-json\/wp\/v2\/product_tag?post=1238"}],"curies":[{"name":"wp","href":"https:\/\/api.w.org\/{rel}","templated":true}]}}