{"id":1139,"date":"2025-03-31T22:36:18","date_gmt":"2025-03-31T15:36:18","guid":{"rendered":"https:\/\/htiscientific.vn\/?post_type=product&#038;p=1139"},"modified":"2025-05-19T13:49:46","modified_gmt":"2025-05-19T06:49:46","slug":"thiet-bi-nghien-cuu-mo-hinh-cat-ngang-van-kim-goc","status":"publish","type":"product","link":"https:\/\/htiscientific.vn\/en\/product\/thiet-bi-nghien-cuu-mo-hinh-cat-ngang-van-kim-goc\/","title":{"rendered":"Thi\u1ebft b\u1ecb nghi\u00ean c\u1ee9u m\u00f4 h\u00ecnh c\u1eaft ngang van kim g\u00f3c"},"content":{"rendered":"<ul>\n<li><span style=\"color: #000000;\">Thi\u1ebft b\u1ecb \u0111\u1eb7t tr\u00ean b\u00e0n v\u1edbi ch\u00e2n c\u00f3 th\u1ec3 \u0111i\u1ec1u ch\u1ec9nh.<\/span><\/li>\n<li><span style=\"color: #000000;\">Khung b\u1eb1ng nh\u00f4m anod v\u00e0 c\u00e1c t\u1ea5m b\u1eb1ng th\u00e9p s\u01a1n t\u0129nh \u0111i\u1ec7n.<\/span><\/li>\n<li><span style=\"color: #000000;\">Thi\u1ebft b\u1ecb c\u1ed1 \u0111\u1ecbnh tr\u00ean t\u1ea5m \u0111\u1ebf c\u00f3 tay c\u1ea7m, d\u1ec5 d\u00e0ng v\u1eadn chuy\u1ec3n.<\/span><\/li>\n<\/ul>\n<p><span style=\"color: #000000;\">Van kim g\u00f3c:<\/span><\/p>\n<ul>\n<li><span style=\"color: #000000;\">V\u1eadt li\u1ec7u th\u00e2n van: gang\/th\u00e9p.<\/span><\/li>\n<li><span style=\"color: #000000;\">\u00c1p su\u1ea5t danh \u0111\u1ecbnh: 16 bar.<\/span><\/li>\n<li><span style=\"color: #000000;\">\u0110\u01b0\u1eddng k\u00ednh danh \u0111\u1ecbnh: DN50.<\/span><\/li>\n<li><span style=\"color: #000000;\">L\u01b0u ch\u1ea5t: kh\u00f3i, kh\u00ed, ch\u1ea5t l\u1ecfng.<\/span><\/li>\n<\/ul>\n<p><span style=\"color: #000000;\">T\u00e0i li\u1ec7u h\u01b0\u1edbng d\u1eabn: Thi\u1ebft b\u1ecb \u0111i k\u00e8m v\u1edbi c\u00e1c t\u00e0i li\u1ec7u sau: D\u1ecbch v\u1ee5 y\u00eau c\u1ea7u, l\u1eafp r\u00e1p v\u00e0 c\u00e0i \u0111\u1eb7t, kh\u1edfi \u0111\u1ed9ng, an to\u00e0n, b\u1ea3o tr\u00ec v\u00e0 h\u01b0\u1edbng d\u1eabn th\u1ef1c h\u00e0nh.<\/span><\/p>\n<p><span style=\"color: #000000;\">K\u00edch th\u01b0\u1edbc: kho\u1ea3ng 350 x 300 x 250 mm.<\/span><br \/>\n<span style=\"color: #000000;\">(13.78 x 11.81 x 9.84 inch).<\/span><br \/>\n<span style=\"color: #000000;\">Tr\u1ecdng l\u01b0\u1ee3ng: kho\u1ea3ng 5 kg (11 pound).<\/span><\/p>","protected":false},"excerpt":{"rendered":"<p><span style=\"color: #000000;\">Thi\u1ebft b\u1ecb nghi\u00ean c\u1ee9u m\u00f4 h\u00ecnh c\u1eaft ngang van kim g\u00f3c (ANVCM &#8211; The Unit to Study an Angular Needle Valve Cutaway Model) cho ph\u00e9p sinh vi\u00ean quan s\u00e1t c\u00e1c b\u1ed9 ph\u1eadn b\u00ean trong c\u1ee7a van, \u0111\u00e1nh gi\u00e1 m\u1ed1i quan h\u1ec7 gi\u1eefa c\u00e1c th\u00e0nh ph\u1ea7n m\u1ed9t c\u00e1ch ch\u00ednh x\u00e1c v\u00e0 hi\u1ec3u r\u00f5 nguy\u00ean l\u00fd ho\u1ea1t \u0111\u1ed9ng c\u1ee7a ch\u00fang.<\/span><\/p>","protected":false},"featured_media":1140,"template":"","meta":{"inline_featured_image":false},"product_brand":[47],"product_cat":[91,108,90],"product_tag":[],"class_list":{"0":"post-1139","1":"product","2":"type-product","3":"status-publish","4":"has-post-thumbnail","6":"product_brand-edibon","7":"product_cat-co-hoc-chat-long","8":"product_cat-san-pham-noi-bat-trang-chu","9":"product_cat-thiet-bi-giao-duc","11":"first","12":"instock","13":"featured","14":"shipping-taxable","15":"product-type-simple"},"yoast_head":"<!-- This site is optimized with the Yoast SEO plugin v24.7 - https:\/\/yoast.com\/wordpress\/plugins\/seo\/ -->\n<title>Thi\u1ebft b\u1ecb nghi\u00ean c\u1ee9u m\u00f4 h\u00ecnh c\u1eaft ngang van kim g\u00f3c - HTI Scientific<\/title>\n<meta name=\"robots\" content=\"index, follow, max-snippet:-1, max-image-preview:large, max-video-preview:-1\" \/>\n<link rel=\"canonical\" href=\"https:\/\/htiscientific.vn\/en\/product\/thiet-bi-nghien-cuu-mo-hinh-cat-ngang-van-kim-goc\/\" \/>\n<meta property=\"og:locale\" content=\"en_US\" \/>\n<meta property=\"og:type\" content=\"article\" \/>\n<meta property=\"og:title\" content=\"Thi\u1ebft b\u1ecb nghi\u00ean c\u1ee9u m\u00f4 h\u00ecnh c\u1eaft ngang van kim g\u00f3c - HTI Scientific\" \/>\n<meta property=\"og:description\" content=\"Thi\u1ebft b\u1ecb nghi\u00ean c\u1ee9u m\u00f4 h\u00ecnh c\u1eaft ngang van kim g\u00f3c (ANVCM - The Unit to Study an Angular Needle Valve Cutaway Model) cho ph\u00e9p sinh vi\u00ean quan s\u00e1t c\u00e1c b\u1ed9 ph\u1eadn b\u00ean trong c\u1ee7a van, \u0111\u00e1nh gi\u00e1 m\u1ed1i quan h\u1ec7 gi\u1eefa c\u00e1c th\u00e0nh ph\u1ea7n m\u1ed9t c\u00e1ch ch\u00ednh x\u00e1c v\u00e0 hi\u1ec3u r\u00f5 nguy\u00ean l\u00fd ho\u1ea1t \u0111\u1ed9ng c\u1ee7a ch\u00fang.\" \/>\n<meta property=\"og:url\" content=\"https:\/\/htiscientific.vn\/en\/product\/thiet-bi-nghien-cuu-mo-hinh-cat-ngang-van-kim-goc\/\" \/>\n<meta property=\"og:site_name\" content=\"HTI Scientific\" \/>\n<meta property=\"article:publisher\" content=\"https:\/\/www.facebook.com\/htiscientific.vn\" \/>\n<meta property=\"article:modified_time\" content=\"2025-05-19T06:49:46+00:00\" \/>\n<meta property=\"og:image\" content=\"https:\/\/htiscientific.vn\/wp-content\/uploads\/2025\/03\/thiet-bi-nghien-cuu-mo-hinh-cat-ngang-van-kim-goc.jpg\" \/>\n\t<meta property=\"og:image:width\" content=\"1500\" \/>\n\t<meta property=\"og:image:height\" content=\"1125\" \/>\n\t<meta property=\"og:image:type\" content=\"image\/jpeg\" \/>\n<meta name=\"twitter:card\" content=\"summary_large_image\" \/>\n<meta name=\"twitter:label1\" content=\"Est. reading time\" \/>\n\t<meta name=\"twitter:data1\" content=\"1 minute\" \/>\n<script type=\"application\/ld+json\" class=\"yoast-schema-graph\">{\"@context\":\"https:\/\/schema.org\",\"@graph\":[{\"@type\":\"WebPage\",\"@id\":\"https:\/\/htiscientific.vn\/san-pham\/thiet-bi-nghien-cuu-mo-hinh-cat-ngang-van-kim-goc\/\",\"url\":\"https:\/\/htiscientific.vn\/san-pham\/thiet-bi-nghien-cuu-mo-hinh-cat-ngang-van-kim-goc\/\",\"name\":\"Thi\u1ebft b\u1ecb nghi\u00ean c\u1ee9u m\u00f4 h\u00ecnh c\u1eaft ngang van kim g\u00f3c - HTI Scientific\",\"isPartOf\":{\"@id\":\"https:\/\/htiscientific.vn\/#website\"},\"primaryImageOfPage\":{\"@id\":\"https:\/\/htiscientific.vn\/san-pham\/thiet-bi-nghien-cuu-mo-hinh-cat-ngang-van-kim-goc\/#primaryimage\"},\"image\":{\"@id\":\"https:\/\/htiscientific.vn\/san-pham\/thiet-bi-nghien-cuu-mo-hinh-cat-ngang-van-kim-goc\/#primaryimage\"},\"thumbnailUrl\":\"https:\/\/htiscientific.vn\/wp-content\/uploads\/2025\/03\/thiet-bi-nghien-cuu-mo-hinh-cat-ngang-van-kim-goc.jpg\",\"datePublished\":\"2025-03-31T15:36:18+00:00\",\"dateModified\":\"2025-05-19T06:49:46+00:00\",\"breadcrumb\":{\"@id\":\"https:\/\/htiscientific.vn\/san-pham\/thiet-bi-nghien-cuu-mo-hinh-cat-ngang-van-kim-goc\/#breadcrumb\"},\"inLanguage\":\"en-US\",\"potentialAction\":[{\"@type\":\"ReadAction\",\"target\":[\"https:\/\/htiscientific.vn\/san-pham\/thiet-bi-nghien-cuu-mo-hinh-cat-ngang-van-kim-goc\/\"]}]},{\"@type\":\"ImageObject\",\"inLanguage\":\"en-US\",\"@id\":\"https:\/\/htiscientific.vn\/san-pham\/thiet-bi-nghien-cuu-mo-hinh-cat-ngang-van-kim-goc\/#primaryimage\",\"url\":\"https:\/\/htiscientific.vn\/wp-content\/uploads\/2025\/03\/thiet-bi-nghien-cuu-mo-hinh-cat-ngang-van-kim-goc.jpg\",\"contentUrl\":\"https:\/\/htiscientific.vn\/wp-content\/uploads\/2025\/03\/thiet-bi-nghien-cuu-mo-hinh-cat-ngang-van-kim-goc.jpg\",\"width\":1500,\"height\":1125},{\"@type\":\"BreadcrumbList\",\"@id\":\"https:\/\/htiscientific.vn\/san-pham\/thiet-bi-nghien-cuu-mo-hinh-cat-ngang-van-kim-goc\/#breadcrumb\",\"itemListElement\":[{\"@type\":\"ListItem\",\"position\":1,\"name\":\"Trang ch\u1ee7\",\"item\":\"https:\/\/htiscientific.vn\/\"},{\"@type\":\"ListItem\",\"position\":2,\"name\":\"C\u1eeda h\u00e0ng\",\"item\":\"https:\/\/htiscientific.vn\/cua-hang\/\"},{\"@type\":\"ListItem\",\"position\":3,\"name\":\"Thi\u1ebft b\u1ecb gi\u00e1o d\u1ee5c\",\"item\":\"https:\/\/htiscientific.vn\/danh-muc-san-pham\/thiet-bi-giao-duc\/\"},{\"@type\":\"ListItem\",\"position\":4,\"name\":\"Thi\u1ebft b\u1ecb nghi\u00ean c\u1ee9u m\u00f4 h\u00ecnh c\u1eaft ngang van kim g\u00f3c\"}]},{\"@type\":\"WebSite\",\"@id\":\"https:\/\/htiscientific.vn\/#website\",\"url\":\"https:\/\/htiscientific.vn\/\",\"name\":\"HTI Scientific\",\"description\":\"HTI Scientific\",\"publisher\":{\"@id\":\"https:\/\/htiscientific.vn\/#organization\"},\"potentialAction\":[{\"@type\":\"SearchAction\",\"target\":{\"@type\":\"EntryPoint\",\"urlTemplate\":\"https:\/\/htiscientific.vn\/?s={search_term_string}\"},\"query-input\":{\"@type\":\"PropertyValueSpecification\",\"valueRequired\":true,\"valueName\":\"search_term_string\"}}],\"inLanguage\":\"en-US\"},{\"@type\":\"Organization\",\"@id\":\"https:\/\/htiscientific.vn\/#organization\",\"name\":\"HTI Scientific\",\"alternateName\":\"HTI Scientific\",\"url\":\"https:\/\/htiscientific.vn\/\",\"logo\":{\"@type\":\"ImageObject\",\"inLanguage\":\"en-US\",\"@id\":\"https:\/\/htiscientific.vn\/#\/schema\/logo\/image\/\",\"url\":\"https:\/\/htiscientific.vn\/wp-content\/uploads\/2025\/03\/ava-hti-copy.jpg\",\"contentUrl\":\"https:\/\/htiscientific.vn\/wp-content\/uploads\/2025\/03\/ava-hti-copy.jpg\",\"width\":700,\"height\":450,\"caption\":\"HTI Scientific\"},\"image\":{\"@id\":\"https:\/\/htiscientific.vn\/#\/schema\/logo\/image\/\"},\"sameAs\":[\"https:\/\/www.facebook.com\/htiscientific.vn\"]}]}<\/script>\n<!-- \/ Yoast SEO plugin. -->","yoast_head_json":{"title":"Thi\u1ebft b\u1ecb nghi\u00ean c\u1ee9u m\u00f4 h\u00ecnh c\u1eaft ngang van kim g\u00f3c - HTI Scientific","robots":{"index":"index","follow":"follow","max-snippet":"max-snippet:-1","max-image-preview":"max-image-preview:large","max-video-preview":"max-video-preview:-1"},"canonical":"https:\/\/htiscientific.vn\/en\/product\/thiet-bi-nghien-cuu-mo-hinh-cat-ngang-van-kim-goc\/","og_locale":"en_US","og_type":"article","og_title":"Thi\u1ebft b\u1ecb nghi\u00ean c\u1ee9u m\u00f4 h\u00ecnh c\u1eaft ngang van kim g\u00f3c - HTI Scientific","og_description":"Thi\u1ebft b\u1ecb nghi\u00ean c\u1ee9u m\u00f4 h\u00ecnh c\u1eaft ngang van kim g\u00f3c (ANVCM - The Unit to Study an Angular Needle Valve Cutaway Model) cho ph\u00e9p sinh vi\u00ean quan s\u00e1t c\u00e1c b\u1ed9 ph\u1eadn b\u00ean trong c\u1ee7a van, \u0111\u00e1nh gi\u00e1 m\u1ed1i quan h\u1ec7 gi\u1eefa c\u00e1c th\u00e0nh ph\u1ea7n m\u1ed9t c\u00e1ch ch\u00ednh x\u00e1c v\u00e0 hi\u1ec3u r\u00f5 nguy\u00ean l\u00fd ho\u1ea1t \u0111\u1ed9ng c\u1ee7a ch\u00fang.","og_url":"https:\/\/htiscientific.vn\/en\/product\/thiet-bi-nghien-cuu-mo-hinh-cat-ngang-van-kim-goc\/","og_site_name":"HTI Scientific","article_publisher":"https:\/\/www.facebook.com\/htiscientific.vn","article_modified_time":"2025-05-19T06:49:46+00:00","og_image":[{"width":1500,"height":1125,"url":"https:\/\/htiscientific.vn\/wp-content\/uploads\/2025\/03\/thiet-bi-nghien-cuu-mo-hinh-cat-ngang-van-kim-goc.jpg","type":"image\/jpeg"}],"twitter_card":"summary_large_image","twitter_misc":{"Est. reading time":"1 minute"},"schema":{"@context":"https:\/\/schema.org","@graph":[{"@type":"WebPage","@id":"https:\/\/htiscientific.vn\/san-pham\/thiet-bi-nghien-cuu-mo-hinh-cat-ngang-van-kim-goc\/","url":"https:\/\/htiscientific.vn\/san-pham\/thiet-bi-nghien-cuu-mo-hinh-cat-ngang-van-kim-goc\/","name":"Thi\u1ebft b\u1ecb nghi\u00ean c\u1ee9u m\u00f4 h\u00ecnh c\u1eaft ngang van kim g\u00f3c - HTI Scientific","isPartOf":{"@id":"https:\/\/htiscientific.vn\/#website"},"primaryImageOfPage":{"@id":"https:\/\/htiscientific.vn\/san-pham\/thiet-bi-nghien-cuu-mo-hinh-cat-ngang-van-kim-goc\/#primaryimage"},"image":{"@id":"https:\/\/htiscientific.vn\/san-pham\/thiet-bi-nghien-cuu-mo-hinh-cat-ngang-van-kim-goc\/#primaryimage"},"thumbnailUrl":"https:\/\/htiscientific.vn\/wp-content\/uploads\/2025\/03\/thiet-bi-nghien-cuu-mo-hinh-cat-ngang-van-kim-goc.jpg","datePublished":"2025-03-31T15:36:18+00:00","dateModified":"2025-05-19T06:49:46+00:00","breadcrumb":{"@id":"https:\/\/htiscientific.vn\/san-pham\/thiet-bi-nghien-cuu-mo-hinh-cat-ngang-van-kim-goc\/#breadcrumb"},"inLanguage":"en-US","potentialAction":[{"@type":"ReadAction","target":["https:\/\/htiscientific.vn\/san-pham\/thiet-bi-nghien-cuu-mo-hinh-cat-ngang-van-kim-goc\/"]}]},{"@type":"ImageObject","inLanguage":"en-US","@id":"https:\/\/htiscientific.vn\/san-pham\/thiet-bi-nghien-cuu-mo-hinh-cat-ngang-van-kim-goc\/#primaryimage","url":"https:\/\/htiscientific.vn\/wp-content\/uploads\/2025\/03\/thiet-bi-nghien-cuu-mo-hinh-cat-ngang-van-kim-goc.jpg","contentUrl":"https:\/\/htiscientific.vn\/wp-content\/uploads\/2025\/03\/thiet-bi-nghien-cuu-mo-hinh-cat-ngang-van-kim-goc.jpg","width":1500,"height":1125},{"@type":"BreadcrumbList","@id":"https:\/\/htiscientific.vn\/san-pham\/thiet-bi-nghien-cuu-mo-hinh-cat-ngang-van-kim-goc\/#breadcrumb","itemListElement":[{"@type":"ListItem","position":1,"name":"Trang ch\u1ee7","item":"https:\/\/htiscientific.vn\/"},{"@type":"ListItem","position":2,"name":"C\u1eeda h\u00e0ng","item":"https:\/\/htiscientific.vn\/cua-hang\/"},{"@type":"ListItem","position":3,"name":"Thi\u1ebft b\u1ecb gi\u00e1o d\u1ee5c","item":"https:\/\/htiscientific.vn\/danh-muc-san-pham\/thiet-bi-giao-duc\/"},{"@type":"ListItem","position":4,"name":"Thi\u1ebft b\u1ecb nghi\u00ean c\u1ee9u m\u00f4 h\u00ecnh c\u1eaft ngang van kim g\u00f3c"}]},{"@type":"WebSite","@id":"https:\/\/htiscientific.vn\/#website","url":"https:\/\/htiscientific.vn\/","name":"HTI Scientific","description":"HTI Scientific","publisher":{"@id":"https:\/\/htiscientific.vn\/#organization"},"potentialAction":[{"@type":"SearchAction","target":{"@type":"EntryPoint","urlTemplate":"https:\/\/htiscientific.vn\/?s={search_term_string}"},"query-input":{"@type":"PropertyValueSpecification","valueRequired":true,"valueName":"search_term_string"}}],"inLanguage":"en-US"},{"@type":"Organization","@id":"https:\/\/htiscientific.vn\/#organization","name":"HTI Scientific","alternateName":"HTI Scientific","url":"https:\/\/htiscientific.vn\/","logo":{"@type":"ImageObject","inLanguage":"en-US","@id":"https:\/\/htiscientific.vn\/#\/schema\/logo\/image\/","url":"https:\/\/htiscientific.vn\/wp-content\/uploads\/2025\/03\/ava-hti-copy.jpg","contentUrl":"https:\/\/htiscientific.vn\/wp-content\/uploads\/2025\/03\/ava-hti-copy.jpg","width":700,"height":450,"caption":"HTI Scientific"},"image":{"@id":"https:\/\/htiscientific.vn\/#\/schema\/logo\/image\/"},"sameAs":["https:\/\/www.facebook.com\/htiscientific.vn"]}]}},"_links":{"self":[{"href":"https:\/\/htiscientific.vn\/en\/wp-json\/wp\/v2\/product\/1139","targetHints":{"allow":["GET"]}}],"collection":[{"href":"https:\/\/htiscientific.vn\/en\/wp-json\/wp\/v2\/product"}],"about":[{"href":"https:\/\/htiscientific.vn\/en\/wp-json\/wp\/v2\/types\/product"}],"wp:featuredmedia":[{"embeddable":true,"href":"https:\/\/htiscientific.vn\/en\/wp-json\/wp\/v2\/media\/1140"}],"wp:attachment":[{"href":"https:\/\/htiscientific.vn\/en\/wp-json\/wp\/v2\/media?parent=1139"}],"wp:term":[{"taxonomy":"product_brand","embeddable":true,"href":"https:\/\/htiscientific.vn\/en\/wp-json\/wp\/v2\/product_brand?post=1139"},{"taxonomy":"product_cat","embeddable":true,"href":"https:\/\/htiscientific.vn\/en\/wp-json\/wp\/v2\/product_cat?post=1139"},{"taxonomy":"product_tag","embeddable":true,"href":"https:\/\/htiscientific.vn\/en\/wp-json\/wp\/v2\/product_tag?post=1139"}],"curies":[{"name":"wp","href":"https:\/\/api.w.org\/{rel}","templated":true}]}}