{"id":1137,"date":"2025-03-31T22:34:15","date_gmt":"2025-03-31T15:34:15","guid":{"rendered":"https:\/\/htiscientific.vn\/?post_type=product&#038;p=1137"},"modified":"2025-05-19T13:49:50","modified_gmt":"2025-05-19T06:49:50","slug":"thiet-bi-do-ma-sat-chat-long-trong-ong-dieu-khien-bang-may-tinh-kem-be-thuy-luc-fme00","status":"publish","type":"product","link":"https:\/\/htiscientific.vn\/en\/product\/thiet-bi-do-ma-sat-chat-long-trong-ong-dieu-khien-bang-may-tinh-kem-be-thuy-luc-fme00\/","title":{"rendered":"Thi\u1ebft b\u1ecb \u0111o ma s\u00e1t ch\u1ea5t l\u1ecfng trong \u1ed1ng \u0111i\u1ec1u khi\u1ec3n b\u1eb1ng m\u00e1y t\u00ednh, k\u00e8m b\u1ec7 th\u1ee7y l\u1ef1c (FME00)"},"content":{"rendered":"<p><span style=\"color: #000000;\"><strong>AFTC. Thi\u1ebft b\u1ecb:<\/strong><\/span><\/p>\n<ul>\n<li><span style=\"color: #000000;\">Khung b\u1eb1ng nh\u00f4m anot h\u00f3a v\u00e0 c\u00e1c t\u1ea5m th\u00e9p s\u01a1n t\u0129nh \u0111i\u1ec7n.<\/span><\/li>\n<li><span style=\"color: #000000;\">Thi\u1ebft b\u1ecb c\u00f3 b\u00e1nh xe \u0111\u1ec3 di chuy\u1ec3n d\u1ec5 d\u00e0ng.<\/span><\/li>\n<li><span style=\"color: #000000;\">C\u00e1c th\u00e0nh ph\u1ea7n kim lo\u1ea1i ch\u00ednh l\u00e0m b\u1eb1ng th\u00e9p kh\u00f4ng g\u1ec9.<\/span><\/li>\n<li><span style=\"color: #000000;\">S\u01a1 \u0111\u1ed3 b\u1ed1 tr\u00ed c\u00e1c b\u1ed9 ph\u1eadn t\u01b0\u01a1ng t\u1ef1 nh\u01b0 th\u1ef1c t\u1ebf \u0111\u01b0\u1ee3c hi\u1ec3n th\u1ecb tr\u00ean b\u1ea3ng \u0111i\u1ec1u khi\u1ec3n ph\u00eda tr\u01b0\u1edbc.<\/span><\/li>\n<\/ul>\n<p><span style=\"color: #000000;\"><strong>S\u00e1u \u1ed1ng c\u00f3 \u0111\u01b0\u1eddng k\u00ednh, v\u1eadt li\u1ec7u v\u00e0 \u0111\u1ed9 nh\u00e1m kh\u00e1c nhau:<\/strong><\/span><\/p>\n<ul>\n<li><span style=\"color: #000000;\">\u1ed0ng nh\u00e1m (PVC): \u0110\u01b0\u1eddng k\u00ednh ngo\u00e0i 25 mm, \u0111\u01b0\u1eddng k\u00ednh trong 17 mm.<\/span><\/li>\n<li><span style=\"color: #000000;\">\u1ed0ng nh\u00e1m (PVC): \u0110\u01b0\u1eddng k\u00ednh ngo\u00e0i 32 mm, \u0111\u01b0\u1eddng k\u00ednh trong 23 mm.<\/span><\/li>\n<li><span style=\"color: #000000;\">\u1ed0ng tr\u01a1n (PMMA): \u0110\u01b0\u1eddng k\u00ednh ngo\u00e0i 10 mm, \u0111\u01b0\u1eddng k\u00ednh trong 6,5 mm.<\/span><\/li>\n<li><span style=\"color: #000000;\">\u1ed0ng tr\u01a1n (PVC): \u0110\u01b0\u1eddng k\u00ednh ngo\u00e0i 20 mm, \u0111\u01b0\u1eddng k\u00ednh trong 16,5 mm.<\/span><\/li>\n<li><span style=\"color: #000000;\">\u1ed0ng tr\u01a1n (PVC): \u0110\u01b0\u1eddng k\u00ednh ngo\u00e0i 32 mm, \u0111\u01b0\u1eddng k\u00ednh trong 26,5 mm.<\/span><\/li>\n<li><span style=\"color: #000000;\">\u1ed0ng tr\u01a1n (PMMA): \u0110\u01b0\u1eddng k\u00ednh ngo\u00e0i 25 mm, \u0111\u01b0\u1eddng k\u00ednh trong 17 mm (c\u00f3 c\u00e1c ph\u1ea7n t\u1eed \u0111o l\u01b0\u1eddng).<\/span><\/li>\n<\/ul>\n<p><span style=\"color: #000000;\"><strong>C\u00e1c lo\u1ea1i van:<\/strong><\/span><\/p>\n<ul>\n<li><span style=\"color: #000000;\">Van g\u00f3c: \u0110\u01b0\u1eddng k\u00ednh trong 20 mm.<\/span><\/li>\n<li><span style=\"color: #000000;\">Van c\u1ed5ng c\u00f3 h\u00ecnh n\u00f3n: \u0110\u01b0\u1eddng k\u00ednh trong 20 mm.<\/span><\/li>\n<li><span style=\"color: #000000;\">Van m\u00e0ng: \u0110\u01b0\u1eddng k\u00ednh trong 20 mm.<\/span><\/li>\n<li><span style=\"color: #000000;\">Van bi: \u0110\u01b0\u1eddng k\u00ednh trong 20 mm.<\/span><\/li>\n<\/ul>\n<p><span style=\"color: #000000;\"><strong>C\u00e1c lo\u1ea1i kh\u1edbp n\u1ed1i:<\/strong><\/span><\/p>\n<ul>\n<li><span style=\"color: #000000;\">B\u1ed9 l\u1ecdc th\u1eb3ng h\u00e0ng: \u0110\u01b0\u1eddng k\u00ednh trong 20 mm.<\/span><\/li>\n<li><span style=\"color: #000000;\">M\u1edf r\u1ed9ng \u0111\u1ed9t ng\u1ed9t: Thay \u0111\u1ed5i ti\u1ebft di\u1ec7n t\u1eeb 25 mm l\u00ean 40 mm.<\/span><\/li>\n<li><span style=\"color: #000000;\">Thu h\u1eb9p \u0111\u1ed9t ng\u1ed9t: Thay \u0111\u1ed5i ti\u1ebft di\u1ec7n t\u1eeb 40 mm xu\u1ed1ng 25 mm.<\/span><\/li>\n<li><span style=\"color: #000000;\">Kh\u1edbp n\u1ed1i g\u00f3c 90\u00b0: \u0110\u01b0\u1eddng k\u00ednh trong 20 mm.<\/span><\/li>\n<li><span style=\"color: #000000;\">Kh\u1edbp n\u1ed1i ch\u1eef &#8220;T&#8221;: \u0110\u01b0\u1eddng k\u00ednh trong 20 mm.<\/span><\/li>\n<li><span style=\"color: #000000;\">Kh\u1edbp n\u1ed1i g\u00f3c 45\u00b0: \u0110\u01b0\u1eddng k\u00ednh trong 20 mm.<\/span><\/li>\n<li><span style=\"color: #000000;\">Kh\u1edbp n\u1ed1i ch\u1eef &#8220;T&#8221; g\u00f3c 45\u00b0: \u0110\u01b0\u1eddng k\u00ednh trong 20 mm.<\/span><\/li>\n<li><span style=\"color: #000000;\">Nh\u00e1nh &#8220;Y&#8221; \u0111\u1ed1i x\u1ee9ng: \u0110\u01b0\u1eddng k\u00ednh trong m\u1ed7i \u1ed1ng l\u00e0 20 mm.<\/span><\/li>\n<li><span style=\"color: #000000;\">Kh\u1edbp n\u1ed1i k\u00e9p g\u00f3c 90\u00b0: \u0110\u01b0\u1eddng k\u00ednh trong 20 mm.<\/span><\/li>\n<\/ul>\n<p><span style=\"color: #000000;\"><strong>C\u00e1c kh\u1edbp n\u1ed1i \u0111\u1eb7c bi\u1ec7t (PMMA):<\/strong><\/span><\/p>\n<ul>\n<li><span style=\"color: #000000;\">\u1ed0ng Pitot: D\u00e0i 30 mm, \u0111\u01b0\u1eddng k\u00ednh ngo\u00e0i 4 mm, \u0111\u01b0\u1eddng k\u00ednh trong 2,5 mm.<\/span><\/li>\n<li><span style=\"color: #000000;\">\u1ed0ng Venturi: D\u00e0i 180 mm, ti\u1ebft di\u1ec7n l\u1edbn 32 mm, ti\u1ebft di\u1ec7n nh\u1ecf 20 mm.<\/span><\/li>\n<li><span style=\"color: #000000;\">\u0110\u0129a \u0111o l\u01b0u l\u01b0\u1ee3ng (c\u00f3 l\u1ed7): \u0110\u01b0\u1eddng k\u00ednh l\u1edbn 25 mm, \u0111\u01b0\u1eddng k\u00ednh nh\u1ecf 20 mm.<\/span><\/li>\n<\/ul>\n<p><span style=\"color: #000000;\"><strong>C\u00e1c th\u00e0nh ph\u1ea7n \u0111o l\u01b0\u1eddng v\u00e0 ki\u1ec3m so\u00e1t:<\/strong><\/span><\/p>\n<ul>\n<li><span style=\"color: #000000;\">Nhi\u1ec1u van bi \u0111\u1ec3 \u0111i\u1ec1u h\u01b0\u1edbng d\u00f2ng ch\u1ea3y qua c\u00e1c \u1ed1ng c\u1ee5 th\u1ec3 trong m\u1ea1ch.<\/span><\/li>\n<li><span style=\"color: #000000;\">Van \u0111i\u1ec1u ch\u1ec9nh l\u01b0u l\u01b0\u1ee3ng qua t\u1eebng \u1ed1ng.<\/span><\/li>\n<li><span style=\"color: #000000;\">34 c\u1ed5ng \u0111o \u00e1p su\u1ea5t v\u1edbi k\u1ebft n\u1ed1i nhanh.<\/span><\/li>\n<li><span style=\"color: #000000;\">2 c\u1ea3m bi\u1ebfn \u00e1p su\u1ea5t, d\u1ea3i \u0111o: 0 \u2013 30 PSI.<\/span><\/li>\n<li><span style=\"color: #000000;\">C\u1ea3m bi\u1ebfn l\u01b0u l\u01b0\u1ee3ng, d\u1ea3i \u0111o: 2 \u2013 150 l\/min.<\/span><\/li>\n<li><span style=\"color: #000000;\">2 c\u1ea3m bi\u1ebfn d\u1ecbch chuy\u1ec3n t\u1eeb t\u00ednh, d\u1ea3i \u0111o: 0 \u2013 1 m.<\/span><\/li>\n<li><span style=\"color: #000000;\">2 \u1ed1ng \u0111o \u00e1p su\u1ea5t n\u01b0\u1edbc, chi\u1ec1u d\u00e0i: 1000 mm.<\/span><\/li>\n<\/ul>\n<p><span style=\"color: #000000;\"><strong>B\u1ec7 th\u1ee7y l\u1ef1c &#8220;FME00&#8221;:<\/strong><\/span><\/p>\n<ul>\n<li><span style=\"color: #000000;\">B\u1ec7 th\u1ee7y l\u1ef1c di \u0111\u1ed9ng, l\u00e0m b\u1eb1ng v\u1eadt li\u1ec7u composite gia c\u01b0\u1eddng s\u1ee3i th\u1ee7y tinh, c\u00f3 b\u00e1nh xe \u0111\u1ec3 di chuy\u1ec3n.<\/span><\/li>\n<li><span style=\"color: #000000;\">B\u01a1m ly t\u00e2m \u0111i\u1ec1u khi\u1ec3n b\u1eb1ng m\u00e1y t\u00ednh: C\u00f4ng su\u1ea5t 0,37 kW, l\u01b0u l\u01b0\u1ee3ng 30 \u2013 80 l\/min, c\u1ed9t \u00e1p 20,1 \u2013 12,8 m.<\/span><\/li>\n<li><span style=\"color: #000000;\">B\u1ec3 ch\u1ee9a n\u01b0\u1edbc ch\u00ednh: Dung t\u00edch 165 l. B\u1ec3 nh\u1ecf: Dung t\u00edch 8 l.<\/span><\/li>\n<li><span style=\"color: #000000;\">\u0110o l\u01b0u l\u01b0\u1ee3ng b\u1eb1ng b\u1ec3 \u0111o th\u1ec3 t\u00edch:<\/span>\n<ul>\n<li><span style=\"color: #000000;\">T\u1eeb 0 \u0111\u1ebfn 7 l cho l\u01b0u l\u01b0\u1ee3ng th\u1ea5p.<\/span><\/li>\n<li><span style=\"color: #000000;\">T\u1eeb 0 \u0111\u1ebfn 40 l cho l\u01b0u l\u01b0\u1ee3ng cao.<\/span><\/li>\n<\/ul>\n<\/li>\n<li><span style=\"color: #000000;\">Van \u0111i\u1ec1u ch\u1ec9nh l\u01b0u l\u01b0\u1ee3ng.<\/span><\/li>\n<\/ul>\n<p><span style=\"color: #000000;\"><strong>H\u1ec7 th\u1ed1ng bao g\u1ed3m:<\/strong><\/span><\/p>\n<ul>\n<li><span style=\"color: #000000;\">SCADA ti\u00ean ti\u1ebfn th\u1eddi gian th\u1ef1c.<\/span><\/li>\n<li><span style=\"color: #000000;\">\u0110i\u1ec1u khi\u1ec3n m\u1edf + \u0110i\u1ec1u khi\u1ec3n \u0111a nhi\u1ec7m + \u0110i\u1ec1u khi\u1ec3n th\u1eddi gian th\u1ef1c.<\/span><\/li>\n<li><span style=\"color: #000000;\">Ph\u1ea7n m\u1ec1m \u0111i\u1ec1u khi\u1ec3n chuy\u00ean d\u1ee5ng c\u1ee7a EDIBON d\u1ef1a tr\u00ean n\u1ec1n t\u1ea3ng LabVIEW.<\/span><\/li>\n<li><span style=\"color: #000000;\">Bo m\u1ea1ch thu th\u1eadp d\u1eef li\u1ec7u c\u1ee7a National Instruments (t\u1ed1c \u0111\u1ed9 l\u1ea5y m\u1eabu: 250 KS\/s).<\/span><\/li>\n<li><span style=\"color: #000000;\">B\u00e0i t\u1eadp hi\u1ec7u chu\u1ea9n gi\u00fap ng\u01b0\u1eddi d\u00f9ng bi\u1ebft c\u00e1ch hi\u1ec7u chu\u1ea9n c\u1ea3m bi\u1ebfn v\u00e0 hi\u1ec3u t\u1ea7m quan tr\u1ecdng c\u1ee7a ki\u1ec3m tra \u0111\u1ed9 ch\u00ednh x\u00e1c tr\u01b0\u1edbc khi \u0111o l\u01b0\u1eddng.<\/span><\/li>\n<li><span style=\"color: #000000;\">T\u01b0\u01a1ng th\u00edch v\u1edbi m\u00e1y chi\u1ebfu v\u00e0 b\u1ea3ng tr\u1eafng \u0111i\u1ec7n t\u1eed, cho ph\u00e9p tr\u00ecnh b\u00e0y v\u00e0 gi\u1ea3i th\u00edch tr\u01b0\u1edbc to\u00e0n b\u1ed9 l\u1edbp h\u1ecdc.<\/span><\/li>\n<li><span style=\"color: #000000;\">H\u1ed7 tr\u1ee3 nghi\u00ean c\u1ee9u \u1ee9ng d\u1ee5ng, m\u00f4 ph\u1ecfng c\u00f4ng nghi\u1ec7p th\u1ef1c t\u1ebf v\u00e0 c\u00e1c kh\u00f3a \u0111\u00e0o t\u1ea1o.<\/span><\/li>\n<li><span style=\"color: #000000;\">\u0110i\u1ec1u khi\u1ec3n v\u00e0 v\u1eadn h\u00e0nh t\u1eeb xa cho ng\u01b0\u1eddi d\u00f9ng, \u0111\u1ed3ng th\u1eddi h\u1ed7 tr\u1ee3 k\u1ef9 thu\u1eadt t\u1eeb xa c\u1ee7a EDIBON lu\u00f4n s\u1eb5n s\u00e0ng.<\/span><\/li>\n<li><span style=\"color: #000000;\">\u0110\u1ea3m b\u1ea3o an to\u00e0n tuy\u1ec7t \u0111\u1ed1i v\u1edbi 4 h\u1ec7 th\u1ed1ng b\u1ea3o v\u1ec7 (C\u01a1 kh\u00ed, \u0110i\u1ec7n, \u0110i\u1ec7n t\u1eed v\u00e0 Ph\u1ea7n m\u1ec1m).<\/span><\/li>\n<li><span style=\"color: #000000;\">Thi\u1ebft k\u1ebf v\u00e0 s\u1ea3n xu\u1ea5t theo c\u00e1c ti\u00eau chu\u1ea9n ch\u1ea5t l\u01b0\u1ee3ng cao.<\/span><\/li>\n<\/ul>\n<p><span style=\"color: #000000;\"><strong>Ph\u1ea7n m\u1ec1m ICAI t\u00f9y ch\u1ecdn:<\/strong><\/span><\/p>\n<ul>\n<li><span style=\"color: #000000;\">Cho ph\u00e9p t\u1ea1o, ch\u1ec9nh s\u1eeda v\u00e0 th\u1ef1c hi\u1ec7n c\u00e1c b\u00e0i t\u1eadp th\u1ef1c h\u00e0nh, ki\u1ec3m tra, t\u00ednh to\u00e1n, \u0111\u1ed3ng th\u1eddi theo d\u00f5i ti\u1ebfn tr\u00ecnh v\u00e0 ki\u1ebfn th\u1ee9c c\u1ee7a ng\u01b0\u1eddi d\u00f9ng.<\/span><\/li>\n<\/ul>\n<p><span style=\"color: #000000;\"><strong>M\u1edf r\u1ed9ng v\u00e0 t\u00edch h\u1ee3p:<\/strong><\/span><\/p>\n<ul>\n<li><span style=\"color: #000000;\">Thi\u1ebft b\u1ecb \u0111\u01b0\u1ee3c thi\u1ebft k\u1ebf cho vi\u1ec7c m\u1edf r\u1ed9ng v\u00e0 t\u00edch h\u1ee3p trong t\u01b0\u01a1ng lai. M\u1ed9t ph\u01b0\u01a1ng \u00e1n m\u1edf r\u1ed9ng ph\u1ed5 bi\u1ebfn l\u00e0 h\u1ec7 th\u1ed1ng Scada-Net (ESN) c\u1ee7a EDIBON, cho ph\u00e9p nhi\u1ec1u sinh vi\u00ean v\u1eadn h\u00e0nh \u0111\u1ed3ng th\u1eddi nhi\u1ec1u thi\u1ebft b\u1ecb trong c\u00f9ng m\u1ed9t m\u1ea1ng l\u01b0\u1edbi.<\/span><\/li>\n<\/ul>","protected":false},"excerpt":{"rendered":"<p><span style=\"color: #000000;\">Thi\u1ebft b\u1ecb \u0111o ma s\u00e1t ch\u1ea5t l\u1ecfng trong \u1ed1ng (AFTC &#8211; Computer Controlled Fluid Friction in Pipes) \u0111\u01b0\u1ee3c thi\u1ebft k\u1ebf \u0111\u1ec3 x\u00e1c \u0111\u1ecbnh h\u1ec7 s\u1ed1 ma s\u00e1t trong c\u00e1c \u1ed1ng c\u00f3 \u0111\u01b0\u1eddng k\u00ednh v\u00e0 \u0111\u1ed9 nh\u00e1m kh\u00e1c nhau, nghi\u00ean c\u1ee9u t\u1ed5n th\u1ea5t \u00e1p su\u1ea5t v\u00e0 s\u1ef1 ph\u00e1t tri\u1ec3n \u00e1p su\u1ea5t trong c\u00e1c lo\u1ea1i van v\u00e0 kh\u1edbp n\u1ed1i kh\u00e1c nhau, \u0111\u1ed3ng th\u1eddi so s\u00e1nh c\u00e1c ph\u01b0\u01a1ng ph\u00e1p \u0111o l\u01b0u l\u01b0\u1ee3ng kh\u00e1c nhau.<\/span><\/p>","protected":false},"featured_media":1138,"template":"","meta":{"inline_featured_image":false},"product_brand":[47],"product_cat":[91,90],"product_tag":[],"class_list":{"0":"post-1137","1":"product","2":"type-product","3":"status-publish","4":"has-post-thumbnail","6":"product_brand-edibon","7":"product_cat-co-hoc-chat-long","8":"product_cat-thiet-bi-giao-duc","10":"first","11":"instock","12":"featured","13":"shipping-taxable","14":"product-type-simple"},"yoast_head":"<!-- This site is optimized with the Yoast SEO plugin v24.7 - https:\/\/yoast.com\/wordpress\/plugins\/seo\/ -->\n<title>Thi\u1ebft b\u1ecb \u0111o ma s\u00e1t ch\u1ea5t l\u1ecfng trong \u1ed1ng \u0111i\u1ec1u khi\u1ec3n b\u1eb1ng m\u00e1y t\u00ednh, k\u00e8m b\u1ec7 th\u1ee7y l\u1ef1c (FME00) - HTI Scientific<\/title>\n<meta name=\"robots\" content=\"index, follow, max-snippet:-1, max-image-preview:large, max-video-preview:-1\" \/>\n<link rel=\"canonical\" href=\"https:\/\/htiscientific.vn\/en\/product\/thiet-bi-do-ma-sat-chat-long-trong-ong-dieu-khien-bang-may-tinh-kem-be-thuy-luc-fme00\/\" \/>\n<meta property=\"og:locale\" content=\"en_US\" \/>\n<meta property=\"og:type\" content=\"article\" \/>\n<meta property=\"og:title\" content=\"Thi\u1ebft b\u1ecb \u0111o ma s\u00e1t ch\u1ea5t l\u1ecfng trong \u1ed1ng \u0111i\u1ec1u khi\u1ec3n b\u1eb1ng m\u00e1y t\u00ednh, k\u00e8m b\u1ec7 th\u1ee7y l\u1ef1c (FME00) - HTI Scientific\" \/>\n<meta property=\"og:description\" content=\"Thi\u1ebft b\u1ecb \u0111o ma s\u00e1t ch\u1ea5t l\u1ecfng trong \u1ed1ng (AFTC - Computer Controlled Fluid Friction in Pipes) \u0111\u01b0\u1ee3c thi\u1ebft k\u1ebf \u0111\u1ec3 x\u00e1c \u0111\u1ecbnh h\u1ec7 s\u1ed1 ma s\u00e1t trong c\u00e1c \u1ed1ng c\u00f3 \u0111\u01b0\u1eddng k\u00ednh v\u00e0 \u0111\u1ed9 nh\u00e1m kh\u00e1c nhau, nghi\u00ean c\u1ee9u t\u1ed5n th\u1ea5t \u00e1p su\u1ea5t v\u00e0 s\u1ef1 ph\u00e1t tri\u1ec3n \u00e1p su\u1ea5t trong c\u00e1c lo\u1ea1i van v\u00e0 kh\u1edbp n\u1ed1i kh\u00e1c nhau, \u0111\u1ed3ng th\u1eddi so s\u00e1nh c\u00e1c ph\u01b0\u01a1ng ph\u00e1p \u0111o l\u01b0u l\u01b0\u1ee3ng kh\u00e1c nhau.\" \/>\n<meta property=\"og:url\" content=\"https:\/\/htiscientific.vn\/en\/product\/thiet-bi-do-ma-sat-chat-long-trong-ong-dieu-khien-bang-may-tinh-kem-be-thuy-luc-fme00\/\" \/>\n<meta property=\"og:site_name\" content=\"HTI Scientific\" \/>\n<meta property=\"article:publisher\" content=\"https:\/\/www.facebook.com\/htiscientific.vn\" \/>\n<meta property=\"article:modified_time\" content=\"2025-05-19T06:49:50+00:00\" \/>\n<meta property=\"og:image\" content=\"https:\/\/htiscientific.vn\/wp-content\/uploads\/2025\/03\/thiet-bi-do-ma-sat-chat-long-trong-ong-dieu-khien-bang-may-tinh-kem-be-thuy-luc.jpg\" \/>\n\t<meta property=\"og:image:width\" content=\"1500\" \/>\n\t<meta property=\"og:image:height\" content=\"1125\" \/>\n\t<meta property=\"og:image:type\" content=\"image\/jpeg\" \/>\n<meta name=\"twitter:card\" content=\"summary_large_image\" \/>\n<meta name=\"twitter:label1\" content=\"Est. reading time\" \/>\n\t<meta name=\"twitter:data1\" content=\"5 minutes\" \/>\n<script type=\"application\/ld+json\" class=\"yoast-schema-graph\">{\"@context\":\"https:\/\/schema.org\",\"@graph\":[{\"@type\":\"WebPage\",\"@id\":\"https:\/\/htiscientific.vn\/san-pham\/thiet-bi-do-ma-sat-chat-long-trong-ong-dieu-khien-bang-may-tinh-kem-be-thuy-luc-fme00\/\",\"url\":\"https:\/\/htiscientific.vn\/san-pham\/thiet-bi-do-ma-sat-chat-long-trong-ong-dieu-khien-bang-may-tinh-kem-be-thuy-luc-fme00\/\",\"name\":\"Thi\u1ebft b\u1ecb \u0111o ma s\u00e1t ch\u1ea5t l\u1ecfng trong \u1ed1ng \u0111i\u1ec1u khi\u1ec3n b\u1eb1ng m\u00e1y t\u00ednh, k\u00e8m b\u1ec7 th\u1ee7y l\u1ef1c (FME00) - HTI Scientific\",\"isPartOf\":{\"@id\":\"https:\/\/htiscientific.vn\/#website\"},\"primaryImageOfPage\":{\"@id\":\"https:\/\/htiscientific.vn\/san-pham\/thiet-bi-do-ma-sat-chat-long-trong-ong-dieu-khien-bang-may-tinh-kem-be-thuy-luc-fme00\/#primaryimage\"},\"image\":{\"@id\":\"https:\/\/htiscientific.vn\/san-pham\/thiet-bi-do-ma-sat-chat-long-trong-ong-dieu-khien-bang-may-tinh-kem-be-thuy-luc-fme00\/#primaryimage\"},\"thumbnailUrl\":\"https:\/\/htiscientific.vn\/wp-content\/uploads\/2025\/03\/thiet-bi-do-ma-sat-chat-long-trong-ong-dieu-khien-bang-may-tinh-kem-be-thuy-luc.jpg\",\"datePublished\":\"2025-03-31T15:34:15+00:00\",\"dateModified\":\"2025-05-19T06:49:50+00:00\",\"breadcrumb\":{\"@id\":\"https:\/\/htiscientific.vn\/san-pham\/thiet-bi-do-ma-sat-chat-long-trong-ong-dieu-khien-bang-may-tinh-kem-be-thuy-luc-fme00\/#breadcrumb\"},\"inLanguage\":\"en-US\",\"potentialAction\":[{\"@type\":\"ReadAction\",\"target\":[\"https:\/\/htiscientific.vn\/san-pham\/thiet-bi-do-ma-sat-chat-long-trong-ong-dieu-khien-bang-may-tinh-kem-be-thuy-luc-fme00\/\"]}]},{\"@type\":\"ImageObject\",\"inLanguage\":\"en-US\",\"@id\":\"https:\/\/htiscientific.vn\/san-pham\/thiet-bi-do-ma-sat-chat-long-trong-ong-dieu-khien-bang-may-tinh-kem-be-thuy-luc-fme00\/#primaryimage\",\"url\":\"https:\/\/htiscientific.vn\/wp-content\/uploads\/2025\/03\/thiet-bi-do-ma-sat-chat-long-trong-ong-dieu-khien-bang-may-tinh-kem-be-thuy-luc.jpg\",\"contentUrl\":\"https:\/\/htiscientific.vn\/wp-content\/uploads\/2025\/03\/thiet-bi-do-ma-sat-chat-long-trong-ong-dieu-khien-bang-may-tinh-kem-be-thuy-luc.jpg\",\"width\":1500,\"height\":1125},{\"@type\":\"BreadcrumbList\",\"@id\":\"https:\/\/htiscientific.vn\/san-pham\/thiet-bi-do-ma-sat-chat-long-trong-ong-dieu-khien-bang-may-tinh-kem-be-thuy-luc-fme00\/#breadcrumb\",\"itemListElement\":[{\"@type\":\"ListItem\",\"position\":1,\"name\":\"Trang ch\u1ee7\",\"item\":\"https:\/\/htiscientific.vn\/\"},{\"@type\":\"ListItem\",\"position\":2,\"name\":\"C\u1eeda h\u00e0ng\",\"item\":\"https:\/\/htiscientific.vn\/cua-hang\/\"},{\"@type\":\"ListItem\",\"position\":3,\"name\":\"Thi\u1ebft b\u1ecb gi\u00e1o d\u1ee5c\",\"item\":\"https:\/\/htiscientific.vn\/danh-muc-san-pham\/thiet-bi-giao-duc\/\"},{\"@type\":\"ListItem\",\"position\":4,\"name\":\"C\u01a1 h\u1ecdc ch\u1ea5t l\u1ecfng\",\"item\":\"https:\/\/htiscientific.vn\/danh-muc-san-pham\/thiet-bi-giao-duc\/co-hoc-chat-long\/\"},{\"@type\":\"ListItem\",\"position\":5,\"name\":\"Thi\u1ebft b\u1ecb \u0111o ma s\u00e1t ch\u1ea5t l\u1ecfng trong \u1ed1ng \u0111i\u1ec1u khi\u1ec3n b\u1eb1ng m\u00e1y t\u00ednh, k\u00e8m b\u1ec7 th\u1ee7y l\u1ef1c (FME00)\"}]},{\"@type\":\"WebSite\",\"@id\":\"https:\/\/htiscientific.vn\/#website\",\"url\":\"https:\/\/htiscientific.vn\/\",\"name\":\"HTI Scientific\",\"description\":\"HTI Scientific\",\"publisher\":{\"@id\":\"https:\/\/htiscientific.vn\/#organization\"},\"potentialAction\":[{\"@type\":\"SearchAction\",\"target\":{\"@type\":\"EntryPoint\",\"urlTemplate\":\"https:\/\/htiscientific.vn\/?s={search_term_string}\"},\"query-input\":{\"@type\":\"PropertyValueSpecification\",\"valueRequired\":true,\"valueName\":\"search_term_string\"}}],\"inLanguage\":\"en-US\"},{\"@type\":\"Organization\",\"@id\":\"https:\/\/htiscientific.vn\/#organization\",\"name\":\"HTI Scientific\",\"alternateName\":\"HTI Scientific\",\"url\":\"https:\/\/htiscientific.vn\/\",\"logo\":{\"@type\":\"ImageObject\",\"inLanguage\":\"en-US\",\"@id\":\"https:\/\/htiscientific.vn\/#\/schema\/logo\/image\/\",\"url\":\"https:\/\/htiscientific.vn\/wp-content\/uploads\/2025\/03\/ava-hti-copy.jpg\",\"contentUrl\":\"https:\/\/htiscientific.vn\/wp-content\/uploads\/2025\/03\/ava-hti-copy.jpg\",\"width\":700,\"height\":450,\"caption\":\"HTI Scientific\"},\"image\":{\"@id\":\"https:\/\/htiscientific.vn\/#\/schema\/logo\/image\/\"},\"sameAs\":[\"https:\/\/www.facebook.com\/htiscientific.vn\"]}]}<\/script>\n<!-- \/ Yoast SEO plugin. -->","yoast_head_json":{"title":"Thi\u1ebft b\u1ecb \u0111o ma s\u00e1t ch\u1ea5t l\u1ecfng trong \u1ed1ng \u0111i\u1ec1u khi\u1ec3n b\u1eb1ng m\u00e1y t\u00ednh, k\u00e8m b\u1ec7 th\u1ee7y l\u1ef1c (FME00) - HTI Scientific","robots":{"index":"index","follow":"follow","max-snippet":"max-snippet:-1","max-image-preview":"max-image-preview:large","max-video-preview":"max-video-preview:-1"},"canonical":"https:\/\/htiscientific.vn\/en\/product\/thiet-bi-do-ma-sat-chat-long-trong-ong-dieu-khien-bang-may-tinh-kem-be-thuy-luc-fme00\/","og_locale":"en_US","og_type":"article","og_title":"Thi\u1ebft b\u1ecb \u0111o ma s\u00e1t ch\u1ea5t l\u1ecfng trong \u1ed1ng \u0111i\u1ec1u khi\u1ec3n b\u1eb1ng m\u00e1y t\u00ednh, k\u00e8m b\u1ec7 th\u1ee7y l\u1ef1c (FME00) - HTI Scientific","og_description":"Thi\u1ebft b\u1ecb \u0111o ma s\u00e1t ch\u1ea5t l\u1ecfng trong \u1ed1ng (AFTC - Computer Controlled Fluid Friction in Pipes) \u0111\u01b0\u1ee3c thi\u1ebft k\u1ebf \u0111\u1ec3 x\u00e1c \u0111\u1ecbnh h\u1ec7 s\u1ed1 ma s\u00e1t trong c\u00e1c \u1ed1ng c\u00f3 \u0111\u01b0\u1eddng k\u00ednh v\u00e0 \u0111\u1ed9 nh\u00e1m kh\u00e1c nhau, nghi\u00ean c\u1ee9u t\u1ed5n th\u1ea5t \u00e1p su\u1ea5t v\u00e0 s\u1ef1 ph\u00e1t tri\u1ec3n \u00e1p su\u1ea5t trong c\u00e1c lo\u1ea1i van v\u00e0 kh\u1edbp n\u1ed1i kh\u00e1c nhau, \u0111\u1ed3ng th\u1eddi so s\u00e1nh c\u00e1c ph\u01b0\u01a1ng ph\u00e1p \u0111o l\u01b0u l\u01b0\u1ee3ng kh\u00e1c nhau.","og_url":"https:\/\/htiscientific.vn\/en\/product\/thiet-bi-do-ma-sat-chat-long-trong-ong-dieu-khien-bang-may-tinh-kem-be-thuy-luc-fme00\/","og_site_name":"HTI Scientific","article_publisher":"https:\/\/www.facebook.com\/htiscientific.vn","article_modified_time":"2025-05-19T06:49:50+00:00","og_image":[{"width":1500,"height":1125,"url":"https:\/\/htiscientific.vn\/wp-content\/uploads\/2025\/03\/thiet-bi-do-ma-sat-chat-long-trong-ong-dieu-khien-bang-may-tinh-kem-be-thuy-luc.jpg","type":"image\/jpeg"}],"twitter_card":"summary_large_image","twitter_misc":{"Est. reading time":"5 minutes"},"schema":{"@context":"https:\/\/schema.org","@graph":[{"@type":"WebPage","@id":"https:\/\/htiscientific.vn\/san-pham\/thiet-bi-do-ma-sat-chat-long-trong-ong-dieu-khien-bang-may-tinh-kem-be-thuy-luc-fme00\/","url":"https:\/\/htiscientific.vn\/san-pham\/thiet-bi-do-ma-sat-chat-long-trong-ong-dieu-khien-bang-may-tinh-kem-be-thuy-luc-fme00\/","name":"Thi\u1ebft b\u1ecb \u0111o ma s\u00e1t ch\u1ea5t l\u1ecfng trong \u1ed1ng \u0111i\u1ec1u khi\u1ec3n b\u1eb1ng m\u00e1y t\u00ednh, k\u00e8m b\u1ec7 th\u1ee7y l\u1ef1c (FME00) - HTI Scientific","isPartOf":{"@id":"https:\/\/htiscientific.vn\/#website"},"primaryImageOfPage":{"@id":"https:\/\/htiscientific.vn\/san-pham\/thiet-bi-do-ma-sat-chat-long-trong-ong-dieu-khien-bang-may-tinh-kem-be-thuy-luc-fme00\/#primaryimage"},"image":{"@id":"https:\/\/htiscientific.vn\/san-pham\/thiet-bi-do-ma-sat-chat-long-trong-ong-dieu-khien-bang-may-tinh-kem-be-thuy-luc-fme00\/#primaryimage"},"thumbnailUrl":"https:\/\/htiscientific.vn\/wp-content\/uploads\/2025\/03\/thiet-bi-do-ma-sat-chat-long-trong-ong-dieu-khien-bang-may-tinh-kem-be-thuy-luc.jpg","datePublished":"2025-03-31T15:34:15+00:00","dateModified":"2025-05-19T06:49:50+00:00","breadcrumb":{"@id":"https:\/\/htiscientific.vn\/san-pham\/thiet-bi-do-ma-sat-chat-long-trong-ong-dieu-khien-bang-may-tinh-kem-be-thuy-luc-fme00\/#breadcrumb"},"inLanguage":"en-US","potentialAction":[{"@type":"ReadAction","target":["https:\/\/htiscientific.vn\/san-pham\/thiet-bi-do-ma-sat-chat-long-trong-ong-dieu-khien-bang-may-tinh-kem-be-thuy-luc-fme00\/"]}]},{"@type":"ImageObject","inLanguage":"en-US","@id":"https:\/\/htiscientific.vn\/san-pham\/thiet-bi-do-ma-sat-chat-long-trong-ong-dieu-khien-bang-may-tinh-kem-be-thuy-luc-fme00\/#primaryimage","url":"https:\/\/htiscientific.vn\/wp-content\/uploads\/2025\/03\/thiet-bi-do-ma-sat-chat-long-trong-ong-dieu-khien-bang-may-tinh-kem-be-thuy-luc.jpg","contentUrl":"https:\/\/htiscientific.vn\/wp-content\/uploads\/2025\/03\/thiet-bi-do-ma-sat-chat-long-trong-ong-dieu-khien-bang-may-tinh-kem-be-thuy-luc.jpg","width":1500,"height":1125},{"@type":"BreadcrumbList","@id":"https:\/\/htiscientific.vn\/san-pham\/thiet-bi-do-ma-sat-chat-long-trong-ong-dieu-khien-bang-may-tinh-kem-be-thuy-luc-fme00\/#breadcrumb","itemListElement":[{"@type":"ListItem","position":1,"name":"Trang ch\u1ee7","item":"https:\/\/htiscientific.vn\/"},{"@type":"ListItem","position":2,"name":"C\u1eeda h\u00e0ng","item":"https:\/\/htiscientific.vn\/cua-hang\/"},{"@type":"ListItem","position":3,"name":"Thi\u1ebft b\u1ecb gi\u00e1o d\u1ee5c","item":"https:\/\/htiscientific.vn\/danh-muc-san-pham\/thiet-bi-giao-duc\/"},{"@type":"ListItem","position":4,"name":"C\u01a1 h\u1ecdc ch\u1ea5t l\u1ecfng","item":"https:\/\/htiscientific.vn\/danh-muc-san-pham\/thiet-bi-giao-duc\/co-hoc-chat-long\/"},{"@type":"ListItem","position":5,"name":"Thi\u1ebft b\u1ecb \u0111o ma s\u00e1t ch\u1ea5t l\u1ecfng trong \u1ed1ng \u0111i\u1ec1u khi\u1ec3n b\u1eb1ng m\u00e1y t\u00ednh, k\u00e8m b\u1ec7 th\u1ee7y l\u1ef1c (FME00)"}]},{"@type":"WebSite","@id":"https:\/\/htiscientific.vn\/#website","url":"https:\/\/htiscientific.vn\/","name":"HTI Scientific","description":"HTI Scientific","publisher":{"@id":"https:\/\/htiscientific.vn\/#organization"},"potentialAction":[{"@type":"SearchAction","target":{"@type":"EntryPoint","urlTemplate":"https:\/\/htiscientific.vn\/?s={search_term_string}"},"query-input":{"@type":"PropertyValueSpecification","valueRequired":true,"valueName":"search_term_string"}}],"inLanguage":"en-US"},{"@type":"Organization","@id":"https:\/\/htiscientific.vn\/#organization","name":"HTI Scientific","alternateName":"HTI Scientific","url":"https:\/\/htiscientific.vn\/","logo":{"@type":"ImageObject","inLanguage":"en-US","@id":"https:\/\/htiscientific.vn\/#\/schema\/logo\/image\/","url":"https:\/\/htiscientific.vn\/wp-content\/uploads\/2025\/03\/ava-hti-copy.jpg","contentUrl":"https:\/\/htiscientific.vn\/wp-content\/uploads\/2025\/03\/ava-hti-copy.jpg","width":700,"height":450,"caption":"HTI Scientific"},"image":{"@id":"https:\/\/htiscientific.vn\/#\/schema\/logo\/image\/"},"sameAs":["https:\/\/www.facebook.com\/htiscientific.vn"]}]}},"_links":{"self":[{"href":"https:\/\/htiscientific.vn\/en\/wp-json\/wp\/v2\/product\/1137","targetHints":{"allow":["GET"]}}],"collection":[{"href":"https:\/\/htiscientific.vn\/en\/wp-json\/wp\/v2\/product"}],"about":[{"href":"https:\/\/htiscientific.vn\/en\/wp-json\/wp\/v2\/types\/product"}],"wp:featuredmedia":[{"embeddable":true,"href":"https:\/\/htiscientific.vn\/en\/wp-json\/wp\/v2\/media\/1138"}],"wp:attachment":[{"href":"https:\/\/htiscientific.vn\/en\/wp-json\/wp\/v2\/media?parent=1137"}],"wp:term":[{"taxonomy":"product_brand","embeddable":true,"href":"https:\/\/htiscientific.vn\/en\/wp-json\/wp\/v2\/product_brand?post=1137"},{"taxonomy":"product_cat","embeddable":true,"href":"https:\/\/htiscientific.vn\/en\/wp-json\/wp\/v2\/product_cat?post=1137"},{"taxonomy":"product_tag","embeddable":true,"href":"https:\/\/htiscientific.vn\/en\/wp-json\/wp\/v2\/product_tag?post=1137"}],"curies":[{"name":"wp","href":"https:\/\/api.w.org\/{rel}","templated":true}]}}