{"id":1135,"date":"2025-03-31T22:27:50","date_gmt":"2025-03-31T15:27:50","guid":{"rendered":"https:\/\/htiscientific.vn\/?post_type=product&#038;p=1135"},"modified":"2025-05-19T13:49:54","modified_gmt":"2025-05-19T06:49:54","slug":"ban-thu-nghiem-da-bom-dieu-khien-bang-may-tinh-4-loai-bom","status":"publish","type":"product","link":"https:\/\/htiscientific.vn\/en\/product\/ban-thu-nghiem-da-bom-dieu-khien-bang-may-tinh-4-loai-bom\/","title":{"rendered":"B\u00e0n th\u1eed nghi\u1ec7m \u0111a b\u01a1m \u0111i\u1ec1u khi\u1ec3n b\u1eb1ng m\u00e1y t\u00ednh (4 lo\u1ea1i b\u01a1m)"},"content":{"rendered":"<p><span style=\"color: #000000;\"><strong>Thi\u1ebft b\u1ecb PBOC:<\/strong><\/span><\/p>\n<ul>\n<li><span style=\"color: #000000;\">Thi\u1ebft b\u1ecb \u0111\u01b0\u1ee3c thi\u1ebft k\u1ebf \u0111\u1ec3 minh h\u1ecda c\u00e1c \u0111\u1eb7c t\u00ednh v\u1eadn h\u00e0nh c\u1ee7a nhi\u1ec1u lo\u1ea1i b\u01a1m kh\u00e1c nhau.<\/span><\/li>\n<li><span style=\"color: #000000;\">Khung nh\u00f4m anot h\u00f3a v\u00e0 c\u00e1c t\u1ea5m th\u00e9p s\u01a1n t\u0129nh \u0111i\u1ec7n.<\/span><\/li>\n<li><span style=\"color: #000000;\">Thi\u1ebft b\u1ecb c\u00f3 b\u00e1nh xe \u0111\u1ec3 d\u1ec5 d\u00e0ng di chuy\u1ec3n.<\/span><\/li>\n<li><span style=\"color: #000000;\">C\u00e1c b\u1ed9 ph\u1eadn kim lo\u1ea1i ch\u00ednh \u0111\u01b0\u1ee3c l\u00e0m b\u1eb1ng th\u00e9p kh\u00f4ng g\u1ec9.<\/span><\/li>\n<li><span style=\"color: #000000;\">S\u01a1 \u0111\u1ed3 tr\u00ean b\u1ea3ng \u0111i\u1ec1u khi\u1ec3n ph\u00eda tr\u01b0\u1edbc v\u1edbi b\u1ed1 tr\u00ed c\u00e1c th\u00e0nh ph\u1ea7n t\u01b0\u01a1ng t\u1ef1 nh\u01b0 th\u1ef1c t\u1ebf.<\/span><\/li>\n<li><span style=\"color: #000000;\">Thi\u1ebft b\u1ecb ho\u1ea1t \u0111\u1ed9ng \u0111\u1ed9c l\u1eadp, \u0111\u01b0\u1ee3c trang b\u1ecb \u0111\u1ea7y \u0111\u1ee7 c\u1ea3m bi\u1ebfn \u0111o l\u01b0\u1eddng.<\/span><\/li>\n<li><span style=\"color: #000000;\">Thi\u1ebft b\u1ecb \u0111\u01b0\u1ee3c l\u1eafp \u0111\u1eb7t tr\u00ean m\u1ed9t khung v\u1edbi b\u1ec1 m\u1eb7t l\u00e0m vi\u1ec7c \u0111\u01b0\u1ee3c ph\u1ee7 m\u1ed9t l\u1edbp nh\u1ef1a.<\/span><\/li>\n<\/ul>\n<p><span style=\"color: #000000;\">B\u1ed1n lo\u1ea1i b\u01a1m (\u0111i\u1ec1u khi\u1ec3n b\u1eb1ng m\u00e1y t\u00ednh):<\/span><\/p>\n<ol>\n<li><span style=\"color: #000000;\">B\u01a1m ly t\u00e2m: lo\u1ea1i ch\u00e2n \u0111\u1ebf ho\u1eb7c tr\u1ee5c t\u1ef1 do, l\u00e0m b\u1eb1ng \u0111\u1ed3ng thau.<\/span>\n<ul>\n<li><span style=\"color: #000000;\">L\u01b0u l\u01b0\u1ee3ng t\u1ed1i \u0111a: 80 l\/ph\u00fat.<\/span><\/li>\n<li><span style=\"color: #000000;\">C\u1ed9t \u00e1p t\u1ed1i \u0111a: 20 m.c.n (m\u00e9t c\u1ed9t n\u01b0\u1edbc).<\/span><\/li>\n<li><span style=\"color: #000000;\">Hi\u1ec7u su\u1ea5t: 35%.<\/span><\/li>\n<\/ul>\n<\/li>\n<li><span style=\"color: #000000;\">B\u01a1m h\u01b0\u1edbng tr\u1ee5c: v\u1edbi c\u00e1nh qu\u1ea1t ho\u1ea1t \u0111\u1ed9ng trong v\u1ecf acrylic c\u00f3 khe h\u1eb9p gi\u1eefa c\u00e1nh qu\u1ea1t v\u00e0 v\u1ecf b\u1ecdc.<\/span>\n<ul>\n<li><span style=\"color: #000000;\">L\u01b0u l\u01b0\u1ee3ng t\u1ed1i \u0111a: 50 l\/ph\u00fat.<\/span><\/li>\n<li><span style=\"color: #000000;\">C\u1ed9t \u00e1p t\u1ed1i \u0111a: 2 m.c.n (m\u00e9t c\u1ed9t n\u01b0\u1edbc).<\/span><\/li>\n<li><span style=\"color: #000000;\">Hi\u1ec7u su\u1ea5t: 15%.<\/span><\/li>\n<\/ul>\n<\/li>\n<li><span style=\"color: #000000;\">B\u01a1m b\u00e1nh r\u0103ng: lo\u1ea1i th\u1ec3 t\u00edch d\u01b0\u01a1ng, v\u1edbi v\u1ecf b\u1eb1ng kim lo\u1ea1i \u0111\u00fac nguy\u00ean kh\u1ed1i v\u00e0 hai rotor h\u00ecnh b\u00e1nh r\u0103ng tr\u1ee5 th\u1eb3ng.<\/span>\n<ul>\n<li><span style=\"color: #000000;\">L\u01b0u l\u01b0\u1ee3ng t\u1ed1i \u0111a: 35 l\/ph\u00fat.<\/span><\/li>\n<li><span style=\"color: #000000;\">C\u1ed9t \u00e1p t\u1ed1i \u0111a: 45 m.c.n (m\u00e9t c\u1ed9t n\u01b0\u1edbc).<\/span><\/li>\n<li><span style=\"color: #000000;\">Hi\u1ec7u su\u1ea5t: 75%.<\/span><\/li>\n<\/ul>\n<\/li>\n<li><span style=\"color: #000000;\">B\u01a1m ngo\u1ea1i vi: c\u00f2n \u0111\u01b0\u1ee3c g\u1ecdi l\u00e0 b\u01a1m t\u00e1i t\u1ea1o ho\u1eb7c b\u01a1m tua-bin, v\u1edbi b\u00e1nh c\u00f4ng t\u00e1c c\u00e1nh th\u1eb3ng b\u00ean trong v\u1ecf h\u00ecnh v\u00e0nh khuy\u00ean v\u00e0 tr\u1ee5c quay tr\u00ean hai \u1ed5 bi b\u00f4i tr\u01a1n.<\/span>\n<ul>\n<li><span style=\"color: #000000;\">L\u01b0u l\u01b0\u1ee3ng t\u1ed1i \u0111a: 40 l\/ph\u00fat.<\/span><\/li>\n<li><span style=\"color: #000000;\">C\u1ed9t \u00e1p t\u1ed1i \u0111a: 22 m.c.n (m\u00e9t c\u1ed9t n\u01b0\u1edbc).<\/span><\/li>\n<li><span style=\"color: #000000;\">Hi\u1ec7u su\u1ea5t: 30%.<\/span><\/li>\n<\/ul>\n<\/li>\n<\/ol>\n<p><span style=\"color: #000000;\">C\u00e1c \u0111\u1eb7c \u0111i\u1ec3m ch\u00ednh:<\/span><\/p>\n<ul>\n<li><span style=\"color: #000000;\">M\u1ed7i b\u01a1m c\u00f3 \u0111\u1ed9ng c\u01a1 ri\u00eang bi\u1ec7t, ho\u1ea1t \u0111\u1ed9ng \u0111\u1ed9c l\u1eadp.<\/span><\/li>\n<li><span style=\"color: #000000;\">\u0110i\u1ec1u ch\u1ec9nh t\u1ed1c \u0111\u1ed9 b\u1eb1ng b\u1ed9 bi\u1ebfn t\u1ea7n, \u0111\u1eb7t trong h\u1ed9p giao di\u1ec7n \u0111i\u1ec1u khi\u1ec3n v\u00e0 \u0111i\u1ec1u khi\u1ec3n b\u1eb1ng m\u00e1y t\u00ednh.<\/span><\/li>\n<li><span style=\"color: #000000;\">M\u1ed7i b\u01a1m c\u00f3 hai c\u1ed5ng \u0111o \u00e1p su\u1ea5t: m\u1ed9t \u1edf \u0111\u1ea7u v\u00e0o v\u00e0 m\u1ed9t \u1edf \u0111\u1ea7u ra.<\/span><\/li>\n<li><span style=\"color: #000000;\">B\u00ecnh \u0111o th\u1ec3 t\u00edch \u0111\u00e3 \u0111\u01b0\u1ee3c hi\u1ec7u chu\u1ea9n:<\/span>\n<ul>\n<li><span style=\"color: #000000;\">Ph\u1ea1m vi: 0 \u2013 10 l cho l\u01b0u l\u01b0\u1ee3ng nh\u1ecf v\u00e0 0 \u2013 45 l cho l\u01b0u l\u01b0\u1ee3ng l\u1edbn.<\/span><\/li>\n<li><span style=\"color: #000000;\">Bao g\u1ed3m c\u1ea3m bi\u1ebfn m\u1ee9c (d\u1ea1ng \u0111i\u1ec7n dung, d\u00e0i 300 mm) \u0111\u1ec3 x\u00e1c \u0111\u1ecbnh l\u01b0u l\u01b0\u1ee3ng n\u01b0\u1edbc v\u00e0 m\u1ee9c n\u01b0\u1edbc trong b\u00ecnh.<\/span><\/li>\n<li><span style=\"color: #000000;\">\u1ed0ng \u0111o trong su\u1ed1t v\u00e0 thang \u0111o chia \u0111\u1ed9.<\/span><\/li>\n<\/ul>\n<\/li>\n<li><span style=\"color: #000000;\">B\u1ec3 ch\u1ee9a n\u01b0\u1edbc dung t\u00edch kho\u1ea3ng 160 l, bao g\u1ed3m \u1ed1ng ch\u1ec9 th\u1ecb m\u1ef1c n\u01b0\u1edbc trong su\u1ed1t.<\/span><\/li>\n<li><span style=\"color: #000000;\">Hai \u0111\u1eadp tr\u00e0n d\u1ea1ng ch\u1eef &#8220;U&#8221;.<\/span><\/li>\n<li><span style=\"color: #000000;\">Hai t\u1ea5m gi\u1ea3m ch\u1ea5n.<\/span><\/li>\n<li><span style=\"color: #000000;\">Van \u0111i\u1ec1u khi\u1ec3n cho b\u01a1m ly t\u00e2m, b\u01a1m ngo\u1ea1i vi v\u00e0 b\u01a1m b\u00e1nh r\u0103ng.<\/span><\/li>\n<li><span style=\"color: #000000;\">Van \u0111i\u1ec1u ch\u1ec9nh l\u01b0u l\u01b0\u1ee3ng cho b\u01a1m h\u01b0\u1edbng tr\u1ee5c.<\/span><\/li>\n<li><span style=\"color: #000000;\">T\u00e1m c\u1ea3m bi\u1ebfn \u00e1p su\u1ea5t \u1edf \u0111\u1ea7u v\u00e0o v\u00e0 \u0111\u1ea7u ra c\u1ee7a m\u1ed7i b\u01a1m.<\/span><\/li>\n<li><span style=\"color: #000000;\">\u0110o m\u00f4-men xo\u1eafn (Nm) c\u1ee7a b\u01a1m.<\/span><\/li>\n<li><span style=\"color: #000000;\">Ph\u1ea7n m\u1ec1m c\u00f3 th\u1ec3 t\u00ednh to\u00e1n c\u1ed9t \u00e1p manometric, c\u00f4ng su\u1ea5t th\u1ee7y l\u1ef1c, c\u00f4ng su\u1ea5t c\u01a1 h\u1ecdc v\u00e0 hi\u1ec7u su\u1ea5t c\u1ee7a b\u01a1m.<\/span><\/li>\n<\/ul>\n<p><span style=\"color: #000000;\">Thi\u1ebft b\u1ecb bao g\u1ed3m:<\/span><\/p>\n<ul>\n<li><span style=\"color: #000000;\">SCADA th\u1eddi gian th\u1ef1c ti\u00ean ti\u1ebfn.<\/span><\/li>\n<li><span style=\"color: #000000;\">\u0110i\u1ec1u khi\u1ec3n m\u1edf + \u0110i\u1ec1u khi\u1ec3n \u0111a ch\u1ee9c n\u0103ng + \u0110i\u1ec1u khi\u1ec3n th\u1eddi gian th\u1ef1c.<\/span><\/li>\n<li><span style=\"color: #000000;\">Ph\u1ea7n m\u1ec1m \u0111i\u1ec1u khi\u1ec3n chuy\u00ean d\u1ee5ng EDIBON d\u1ef1a tr\u00ean n\u1ec1n t\u1ea3ng LabVIEW.<\/span><\/li>\n<li><span style=\"color: #000000;\">Bo m\u1ea1ch thu th\u1eadp d\u1eef li\u1ec7u c\u1ee7a National Instruments (250 KS\/s \u2013 kilo m\u1eabu m\u1ed7i gi\u00e2y).<\/span><\/li>\n<li><span style=\"color: #000000;\">B\u00e0i t\u1eadp hi\u1ec7u chu\u1ea9n: H\u01b0\u1edbng d\u1eabn c\u00e1ch hi\u1ec7u chu\u1ea9n c\u1ea3m bi\u1ebfn v\u00e0 ki\u1ec3m tra \u0111\u1ed9 ch\u00ednh x\u00e1c tr\u01b0\u1edbc khi \u0111o l\u01b0\u1eddng.<\/span><\/li>\n<li><span style=\"color: #000000;\">T\u01b0\u01a1ng th\u00edch v\u1edbi m\u00e1y chi\u1ebfu v\u00e0 b\u1ea3ng tr\u1eafng \u0111i\u1ec7n t\u1eed, gi\u00fap gi\u1ea3ng d\u1ea1y v\u00e0 tr\u00ecnh b\u00e0y cho c\u1ea3 l\u1edbp h\u1ecdc.<\/span><\/li>\n<li><span style=\"color: #000000;\">H\u1ed7 tr\u1ee3 v\u1eadn h\u00e0nh v\u00e0 \u0111i\u1ec1u khi\u1ec3n t\u1eeb xa, bao g\u1ed3m h\u1ed7 tr\u1ee3 k\u1ef9 thu\u1eadt t\u1eeb EDIBON.<\/span><\/li>\n<li><span style=\"color: #000000;\">An to\u00e0n tuy\u1ec7t \u0111\u1ed1i v\u1edbi 4 h\u1ec7 th\u1ed1ng b\u1ea3o v\u1ec7 (C\u01a1 h\u1ecdc, \u0110i\u1ec7n, \u0110i\u1ec7n t\u1eed, Ph\u1ea7n m\u1ec1m).<\/span><\/li>\n<li><span style=\"color: #000000;\">Thi\u1ebft k\u1ebf theo ti\u00eau chu\u1ea9n ch\u1ea5t l\u01b0\u1ee3ng qu\u1ed1c t\u1ebf.<\/span><\/li>\n<li><span style=\"color: #000000;\">T\u00f9y ch\u1ecdn ph\u1ea7n m\u1ec1m ICAI \u0111\u1ec3 t\u1ea1o, ch\u1ec9nh s\u1eeda, th\u1ef1c hi\u1ec7n c\u00e1c b\u00e0i t\u1eadp th\u1ef1c h\u00e0nh, ki\u1ec3m tra, t\u00ednh to\u00e1n, theo d\u00f5i ti\u1ebfn \u0111\u1ed9 v\u00e0 \u0111\u00e1nh gi\u00e1 ki\u1ebfn th\u1ee9c c\u1ee7a ng\u01b0\u1eddi d\u00f9ng.<\/span><\/li>\n<li><span style=\"color: #000000;\">H\u1ed7 tr\u1ee3 m\u1edf r\u1ed9ng v\u00e0 t\u00edch h\u1ee3p trong t\u01b0\u01a1ng lai, ch\u1eb3ng h\u1ea1n nh\u01b0 h\u1ec7 th\u1ed1ng Scada-Net (ESN) c\u1ee7a EDIBON cho ph\u00e9p nhi\u1ec1u sinh vi\u00ean v\u1eadn h\u00e0nh \u0111\u1ed3ng th\u1eddi nhi\u1ec1u thi\u1ebft b\u1ecb trong c\u00f9ng m\u1ed9t m\u1ea1ng.<\/span><\/li>\n<\/ul>\n<p><span style=\"color: #000000;\">C\u00e1c th\u00e0nh ph\u1ea7n khuy\u1ebfn ngh\u1ecb (kh\u00f4ng bao g\u1ed3m trong thi\u1ebft b\u1ecb ti\u00eau chu\u1ea9n):<\/span><\/p>\n<ul>\n<li><span style=\"color: #000000;\">PBOC-2BC: B\u01a1m ly t\u00e2m th\u1ee9 hai.<\/span><\/li>\n<li><span style=\"color: #000000;\">PBOC-BIF: B\u01a1m c\u00e1nh m\u1ec1m.<\/span><\/li>\n<li><span style=\"color: #000000;\">PBOC-BD: B\u01a1m m\u00e0ng.<\/span><\/li>\n<li><span style=\"color: #000000;\">PBOC-BE: B\u01a1m pitt\u00f4ng.<\/span><\/li>\n<li><span style=\"color: #000000;\">PBOC-VA: B\u01a1m c\u00e1nh g\u1ea1t.<\/span><\/li>\n<\/ul>","protected":false},"excerpt":{"rendered":"<p><span style=\"color: #000000;\">B\u00e0n th\u00ed nghi\u1ec7m \u0111a b\u01a1m (PBOC &#8211; Computer Controlled Multipump Testing Bench) cho ph\u00e9p sinh vi\u00ean nghi\u00ean c\u1ee9u c\u00e1c \u0111\u1eb7c t\u00ednh v\u1eadn h\u00e0nh c\u1ee7a nhi\u1ec1u lo\u1ea1i b\u01a1m kh\u00e1c nhau.<\/span><\/p>","protected":false},"featured_media":1136,"template":"","meta":{"inline_featured_image":false},"product_brand":[47],"product_cat":[91,90],"product_tag":[],"class_list":{"0":"post-1135","1":"product","2":"type-product","3":"status-publish","4":"has-post-thumbnail","6":"product_brand-edibon","7":"product_cat-co-hoc-chat-long","8":"product_cat-thiet-bi-giao-duc","10":"first","11":"instock","12":"featured","13":"shipping-taxable","14":"product-type-simple"},"yoast_head":"<!-- This site is optimized with the Yoast SEO plugin v24.7 - https:\/\/yoast.com\/wordpress\/plugins\/seo\/ -->\n<title>B\u00e0n th\u1eed nghi\u1ec7m \u0111a b\u01a1m \u0111i\u1ec1u khi\u1ec3n b\u1eb1ng m\u00e1y t\u00ednh (4 lo\u1ea1i b\u01a1m) - HTI Scientific<\/title>\n<meta name=\"robots\" content=\"index, follow, max-snippet:-1, max-image-preview:large, max-video-preview:-1\" \/>\n<link rel=\"canonical\" href=\"https:\/\/htiscientific.vn\/en\/product\/ban-thu-nghiem-da-bom-dieu-khien-bang-may-tinh-4-loai-bom\/\" \/>\n<meta property=\"og:locale\" content=\"en_US\" \/>\n<meta property=\"og:type\" content=\"article\" \/>\n<meta property=\"og:title\" content=\"B\u00e0n th\u1eed nghi\u1ec7m \u0111a b\u01a1m \u0111i\u1ec1u khi\u1ec3n b\u1eb1ng m\u00e1y t\u00ednh (4 lo\u1ea1i b\u01a1m) - HTI Scientific\" \/>\n<meta property=\"og:description\" content=\"B\u00e0n th\u00ed nghi\u1ec7m \u0111a b\u01a1m (PBOC - Computer Controlled Multipump Testing Bench) cho ph\u00e9p sinh vi\u00ean nghi\u00ean c\u1ee9u c\u00e1c \u0111\u1eb7c t\u00ednh v\u1eadn h\u00e0nh c\u1ee7a nhi\u1ec1u lo\u1ea1i b\u01a1m kh\u00e1c nhau.\" \/>\n<meta property=\"og:url\" content=\"https:\/\/htiscientific.vn\/en\/product\/ban-thu-nghiem-da-bom-dieu-khien-bang-may-tinh-4-loai-bom\/\" \/>\n<meta property=\"og:site_name\" content=\"HTI Scientific\" \/>\n<meta property=\"article:publisher\" content=\"https:\/\/www.facebook.com\/htiscientific.vn\" \/>\n<meta property=\"article:modified_time\" content=\"2025-05-19T06:49:54+00:00\" \/>\n<meta property=\"og:image\" content=\"https:\/\/htiscientific.vn\/wp-content\/uploads\/2025\/03\/ban-thu-nghiem-da-bom-dieu-khien-bang-may-tinh.jpg\" \/>\n\t<meta property=\"og:image:width\" content=\"1608\" \/>\n\t<meta property=\"og:image:height\" content=\"1125\" \/>\n\t<meta property=\"og:image:type\" content=\"image\/jpeg\" \/>\n<meta name=\"twitter:card\" content=\"summary_large_image\" \/>\n<meta name=\"twitter:label1\" content=\"Est. reading time\" \/>\n\t<meta name=\"twitter:data1\" content=\"5 minutes\" \/>\n<script type=\"application\/ld+json\" class=\"yoast-schema-graph\">{\"@context\":\"https:\/\/schema.org\",\"@graph\":[{\"@type\":\"WebPage\",\"@id\":\"https:\/\/htiscientific.vn\/san-pham\/ban-thu-nghiem-da-bom-dieu-khien-bang-may-tinh-4-loai-bom\/\",\"url\":\"https:\/\/htiscientific.vn\/san-pham\/ban-thu-nghiem-da-bom-dieu-khien-bang-may-tinh-4-loai-bom\/\",\"name\":\"B\u00e0n th\u1eed nghi\u1ec7m \u0111a b\u01a1m \u0111i\u1ec1u khi\u1ec3n b\u1eb1ng m\u00e1y t\u00ednh (4 lo\u1ea1i b\u01a1m) - HTI Scientific\",\"isPartOf\":{\"@id\":\"https:\/\/htiscientific.vn\/#website\"},\"primaryImageOfPage\":{\"@id\":\"https:\/\/htiscientific.vn\/san-pham\/ban-thu-nghiem-da-bom-dieu-khien-bang-may-tinh-4-loai-bom\/#primaryimage\"},\"image\":{\"@id\":\"https:\/\/htiscientific.vn\/san-pham\/ban-thu-nghiem-da-bom-dieu-khien-bang-may-tinh-4-loai-bom\/#primaryimage\"},\"thumbnailUrl\":\"https:\/\/htiscientific.vn\/wp-content\/uploads\/2025\/03\/ban-thu-nghiem-da-bom-dieu-khien-bang-may-tinh.jpg\",\"datePublished\":\"2025-03-31T15:27:50+00:00\",\"dateModified\":\"2025-05-19T06:49:54+00:00\",\"breadcrumb\":{\"@id\":\"https:\/\/htiscientific.vn\/san-pham\/ban-thu-nghiem-da-bom-dieu-khien-bang-may-tinh-4-loai-bom\/#breadcrumb\"},\"inLanguage\":\"en-US\",\"potentialAction\":[{\"@type\":\"ReadAction\",\"target\":[\"https:\/\/htiscientific.vn\/san-pham\/ban-thu-nghiem-da-bom-dieu-khien-bang-may-tinh-4-loai-bom\/\"]}]},{\"@type\":\"ImageObject\",\"inLanguage\":\"en-US\",\"@id\":\"https:\/\/htiscientific.vn\/san-pham\/ban-thu-nghiem-da-bom-dieu-khien-bang-may-tinh-4-loai-bom\/#primaryimage\",\"url\":\"https:\/\/htiscientific.vn\/wp-content\/uploads\/2025\/03\/ban-thu-nghiem-da-bom-dieu-khien-bang-may-tinh.jpg\",\"contentUrl\":\"https:\/\/htiscientific.vn\/wp-content\/uploads\/2025\/03\/ban-thu-nghiem-da-bom-dieu-khien-bang-may-tinh.jpg\",\"width\":1608,\"height\":1125},{\"@type\":\"BreadcrumbList\",\"@id\":\"https:\/\/htiscientific.vn\/san-pham\/ban-thu-nghiem-da-bom-dieu-khien-bang-may-tinh-4-loai-bom\/#breadcrumb\",\"itemListElement\":[{\"@type\":\"ListItem\",\"position\":1,\"name\":\"Trang ch\u1ee7\",\"item\":\"https:\/\/htiscientific.vn\/\"},{\"@type\":\"ListItem\",\"position\":2,\"name\":\"C\u1eeda h\u00e0ng\",\"item\":\"https:\/\/htiscientific.vn\/cua-hang\/\"},{\"@type\":\"ListItem\",\"position\":3,\"name\":\"Thi\u1ebft b\u1ecb gi\u00e1o d\u1ee5c\",\"item\":\"https:\/\/htiscientific.vn\/danh-muc-san-pham\/thiet-bi-giao-duc\/\"},{\"@type\":\"ListItem\",\"position\":4,\"name\":\"C\u01a1 h\u1ecdc ch\u1ea5t l\u1ecfng\",\"item\":\"https:\/\/htiscientific.vn\/danh-muc-san-pham\/thiet-bi-giao-duc\/co-hoc-chat-long\/\"},{\"@type\":\"ListItem\",\"position\":5,\"name\":\"B\u00e0n th\u1eed nghi\u1ec7m \u0111a b\u01a1m \u0111i\u1ec1u khi\u1ec3n b\u1eb1ng m\u00e1y t\u00ednh (4 lo\u1ea1i b\u01a1m)\"}]},{\"@type\":\"WebSite\",\"@id\":\"https:\/\/htiscientific.vn\/#website\",\"url\":\"https:\/\/htiscientific.vn\/\",\"name\":\"HTI Scientific\",\"description\":\"HTI Scientific\",\"publisher\":{\"@id\":\"https:\/\/htiscientific.vn\/#organization\"},\"potentialAction\":[{\"@type\":\"SearchAction\",\"target\":{\"@type\":\"EntryPoint\",\"urlTemplate\":\"https:\/\/htiscientific.vn\/?s={search_term_string}\"},\"query-input\":{\"@type\":\"PropertyValueSpecification\",\"valueRequired\":true,\"valueName\":\"search_term_string\"}}],\"inLanguage\":\"en-US\"},{\"@type\":\"Organization\",\"@id\":\"https:\/\/htiscientific.vn\/#organization\",\"name\":\"HTI Scientific\",\"alternateName\":\"HTI Scientific\",\"url\":\"https:\/\/htiscientific.vn\/\",\"logo\":{\"@type\":\"ImageObject\",\"inLanguage\":\"en-US\",\"@id\":\"https:\/\/htiscientific.vn\/#\/schema\/logo\/image\/\",\"url\":\"https:\/\/htiscientific.vn\/wp-content\/uploads\/2025\/03\/ava-hti-copy.jpg\",\"contentUrl\":\"https:\/\/htiscientific.vn\/wp-content\/uploads\/2025\/03\/ava-hti-copy.jpg\",\"width\":700,\"height\":450,\"caption\":\"HTI Scientific\"},\"image\":{\"@id\":\"https:\/\/htiscientific.vn\/#\/schema\/logo\/image\/\"},\"sameAs\":[\"https:\/\/www.facebook.com\/htiscientific.vn\"]}]}<\/script>\n<!-- \/ Yoast SEO plugin. -->","yoast_head_json":{"title":"B\u00e0n th\u1eed nghi\u1ec7m \u0111a b\u01a1m \u0111i\u1ec1u khi\u1ec3n b\u1eb1ng m\u00e1y t\u00ednh (4 lo\u1ea1i b\u01a1m) - HTI Scientific","robots":{"index":"index","follow":"follow","max-snippet":"max-snippet:-1","max-image-preview":"max-image-preview:large","max-video-preview":"max-video-preview:-1"},"canonical":"https:\/\/htiscientific.vn\/en\/product\/ban-thu-nghiem-da-bom-dieu-khien-bang-may-tinh-4-loai-bom\/","og_locale":"en_US","og_type":"article","og_title":"B\u00e0n th\u1eed nghi\u1ec7m \u0111a b\u01a1m \u0111i\u1ec1u khi\u1ec3n b\u1eb1ng m\u00e1y t\u00ednh (4 lo\u1ea1i b\u01a1m) - HTI Scientific","og_description":"B\u00e0n th\u00ed nghi\u1ec7m \u0111a b\u01a1m (PBOC - Computer Controlled Multipump Testing Bench) cho ph\u00e9p sinh vi\u00ean nghi\u00ean c\u1ee9u c\u00e1c \u0111\u1eb7c t\u00ednh v\u1eadn h\u00e0nh c\u1ee7a nhi\u1ec1u lo\u1ea1i b\u01a1m kh\u00e1c nhau.","og_url":"https:\/\/htiscientific.vn\/en\/product\/ban-thu-nghiem-da-bom-dieu-khien-bang-may-tinh-4-loai-bom\/","og_site_name":"HTI Scientific","article_publisher":"https:\/\/www.facebook.com\/htiscientific.vn","article_modified_time":"2025-05-19T06:49:54+00:00","og_image":[{"width":1608,"height":1125,"url":"https:\/\/htiscientific.vn\/wp-content\/uploads\/2025\/03\/ban-thu-nghiem-da-bom-dieu-khien-bang-may-tinh.jpg","type":"image\/jpeg"}],"twitter_card":"summary_large_image","twitter_misc":{"Est. reading time":"5 minutes"},"schema":{"@context":"https:\/\/schema.org","@graph":[{"@type":"WebPage","@id":"https:\/\/htiscientific.vn\/san-pham\/ban-thu-nghiem-da-bom-dieu-khien-bang-may-tinh-4-loai-bom\/","url":"https:\/\/htiscientific.vn\/san-pham\/ban-thu-nghiem-da-bom-dieu-khien-bang-may-tinh-4-loai-bom\/","name":"B\u00e0n th\u1eed nghi\u1ec7m \u0111a b\u01a1m \u0111i\u1ec1u khi\u1ec3n b\u1eb1ng m\u00e1y t\u00ednh (4 lo\u1ea1i b\u01a1m) - HTI Scientific","isPartOf":{"@id":"https:\/\/htiscientific.vn\/#website"},"primaryImageOfPage":{"@id":"https:\/\/htiscientific.vn\/san-pham\/ban-thu-nghiem-da-bom-dieu-khien-bang-may-tinh-4-loai-bom\/#primaryimage"},"image":{"@id":"https:\/\/htiscientific.vn\/san-pham\/ban-thu-nghiem-da-bom-dieu-khien-bang-may-tinh-4-loai-bom\/#primaryimage"},"thumbnailUrl":"https:\/\/htiscientific.vn\/wp-content\/uploads\/2025\/03\/ban-thu-nghiem-da-bom-dieu-khien-bang-may-tinh.jpg","datePublished":"2025-03-31T15:27:50+00:00","dateModified":"2025-05-19T06:49:54+00:00","breadcrumb":{"@id":"https:\/\/htiscientific.vn\/san-pham\/ban-thu-nghiem-da-bom-dieu-khien-bang-may-tinh-4-loai-bom\/#breadcrumb"},"inLanguage":"en-US","potentialAction":[{"@type":"ReadAction","target":["https:\/\/htiscientific.vn\/san-pham\/ban-thu-nghiem-da-bom-dieu-khien-bang-may-tinh-4-loai-bom\/"]}]},{"@type":"ImageObject","inLanguage":"en-US","@id":"https:\/\/htiscientific.vn\/san-pham\/ban-thu-nghiem-da-bom-dieu-khien-bang-may-tinh-4-loai-bom\/#primaryimage","url":"https:\/\/htiscientific.vn\/wp-content\/uploads\/2025\/03\/ban-thu-nghiem-da-bom-dieu-khien-bang-may-tinh.jpg","contentUrl":"https:\/\/htiscientific.vn\/wp-content\/uploads\/2025\/03\/ban-thu-nghiem-da-bom-dieu-khien-bang-may-tinh.jpg","width":1608,"height":1125},{"@type":"BreadcrumbList","@id":"https:\/\/htiscientific.vn\/san-pham\/ban-thu-nghiem-da-bom-dieu-khien-bang-may-tinh-4-loai-bom\/#breadcrumb","itemListElement":[{"@type":"ListItem","position":1,"name":"Trang ch\u1ee7","item":"https:\/\/htiscientific.vn\/"},{"@type":"ListItem","position":2,"name":"C\u1eeda h\u00e0ng","item":"https:\/\/htiscientific.vn\/cua-hang\/"},{"@type":"ListItem","position":3,"name":"Thi\u1ebft b\u1ecb gi\u00e1o d\u1ee5c","item":"https:\/\/htiscientific.vn\/danh-muc-san-pham\/thiet-bi-giao-duc\/"},{"@type":"ListItem","position":4,"name":"C\u01a1 h\u1ecdc ch\u1ea5t l\u1ecfng","item":"https:\/\/htiscientific.vn\/danh-muc-san-pham\/thiet-bi-giao-duc\/co-hoc-chat-long\/"},{"@type":"ListItem","position":5,"name":"B\u00e0n th\u1eed nghi\u1ec7m \u0111a b\u01a1m \u0111i\u1ec1u khi\u1ec3n b\u1eb1ng m\u00e1y t\u00ednh (4 lo\u1ea1i b\u01a1m)"}]},{"@type":"WebSite","@id":"https:\/\/htiscientific.vn\/#website","url":"https:\/\/htiscientific.vn\/","name":"HTI Scientific","description":"HTI Scientific","publisher":{"@id":"https:\/\/htiscientific.vn\/#organization"},"potentialAction":[{"@type":"SearchAction","target":{"@type":"EntryPoint","urlTemplate":"https:\/\/htiscientific.vn\/?s={search_term_string}"},"query-input":{"@type":"PropertyValueSpecification","valueRequired":true,"valueName":"search_term_string"}}],"inLanguage":"en-US"},{"@type":"Organization","@id":"https:\/\/htiscientific.vn\/#organization","name":"HTI Scientific","alternateName":"HTI Scientific","url":"https:\/\/htiscientific.vn\/","logo":{"@type":"ImageObject","inLanguage":"en-US","@id":"https:\/\/htiscientific.vn\/#\/schema\/logo\/image\/","url":"https:\/\/htiscientific.vn\/wp-content\/uploads\/2025\/03\/ava-hti-copy.jpg","contentUrl":"https:\/\/htiscientific.vn\/wp-content\/uploads\/2025\/03\/ava-hti-copy.jpg","width":700,"height":450,"caption":"HTI Scientific"},"image":{"@id":"https:\/\/htiscientific.vn\/#\/schema\/logo\/image\/"},"sameAs":["https:\/\/www.facebook.com\/htiscientific.vn"]}]}},"_links":{"self":[{"href":"https:\/\/htiscientific.vn\/en\/wp-json\/wp\/v2\/product\/1135","targetHints":{"allow":["GET"]}}],"collection":[{"href":"https:\/\/htiscientific.vn\/en\/wp-json\/wp\/v2\/product"}],"about":[{"href":"https:\/\/htiscientific.vn\/en\/wp-json\/wp\/v2\/types\/product"}],"wp:featuredmedia":[{"embeddable":true,"href":"https:\/\/htiscientific.vn\/en\/wp-json\/wp\/v2\/media\/1136"}],"wp:attachment":[{"href":"https:\/\/htiscientific.vn\/en\/wp-json\/wp\/v2\/media?parent=1135"}],"wp:term":[{"taxonomy":"product_brand","embeddable":true,"href":"https:\/\/htiscientific.vn\/en\/wp-json\/wp\/v2\/product_brand?post=1135"},{"taxonomy":"product_cat","embeddable":true,"href":"https:\/\/htiscientific.vn\/en\/wp-json\/wp\/v2\/product_cat?post=1135"},{"taxonomy":"product_tag","embeddable":true,"href":"https:\/\/htiscientific.vn\/en\/wp-json\/wp\/v2\/product_tag?post=1135"}],"curies":[{"name":"wp","href":"https:\/\/api.w.org\/{rel}","templated":true}]}}