{"id":1133,"date":"2025-03-31T22:25:16","date_gmt":"2025-03-31T15:25:16","guid":{"rendered":"https:\/\/htiscientific.vn\/?post_type=product&#038;p=1133"},"modified":"2025-05-19T13:49:59","modified_gmt":"2025-05-19T06:49:59","slug":"ham-gio-sieu-am-dieu-khien-bang-may-tinh","status":"publish","type":"product","link":"https:\/\/htiscientific.vn\/en\/product\/ham-gio-sieu-am-dieu-khien-bang-may-tinh\/","title":{"rendered":"H\u1ea7m gi\u00f3 si\u00eau \u00e2m \u0111i\u1ec1u khi\u1ec3n b\u1eb1ng m\u00e1y t\u00ednh"},"content":{"rendered":"<p><span style=\"color: #000000;\"><strong>TAS25\/100C. Thi\u1ebft b\u1ecb:<\/strong><\/span><\/p>\n<ul>\n<li><span style=\"color: #000000;\">Khung b\u1eb1ng nh\u00f4m anot h\u00f3a v\u00e0 c\u00e1c t\u1ea5m panel b\u1eb1ng th\u00e9p s\u01a1n t\u0129nh \u0111i\u1ec7n.<\/span><\/li>\n<li><span style=\"color: #000000;\">C\u00e1c b\u1ed9 ph\u1eadn kim lo\u1ea1i ch\u00ednh \u0111\u01b0\u1ee3c l\u00e0m b\u1eb1ng th\u00e9p kh\u00f4ng g\u1ec9.<\/span><\/li>\n<li><span style=\"color: #000000;\">S\u01a1 \u0111\u1ed3 b\u1ed1 tr\u00ed c\u00e1c th\u00e0nh ph\u1ea7n t\u01b0\u01a1ng t\u1ef1 nh\u01b0 th\u1ef1c t\u1ebf \u0111\u01b0\u1ee3c hi\u1ec3n th\u1ecb tr\u00ean b\u1ea3ng \u0111i\u1ec1u khi\u1ec3n ph\u00eda tr\u01b0\u1edbc.<\/span><\/li>\n<\/ul>\n<p><span style=\"color: #000000;\"><strong>H\u1ea7m gi\u00f3 m\u1ea1ch h\u1edf:<\/strong><\/span><\/p>\n<ul>\n<li><span style=\"color: #000000;\"><strong>V\u00f2i phun:<\/strong><\/span>\n<ul>\n<li><span style=\"color: #000000;\">L\u00e0m b\u1eb1ng s\u1ee3i th\u1ee7y tinh.<\/span><\/li>\n<li><span style=\"color: #000000;\">B\u1ed9 l\u00e0m th\u1eb3ng d\u00f2ng kh\u00ed. Chi\u1ec1u d\u00e0i: 200 mm.<\/span><\/li>\n<\/ul>\n<\/li>\n<li><span style=\"color: #000000;\"><strong>Bu\u1ed3ng l\u00e0m vi\u1ec7c:<\/strong><\/span>\n<ul>\n<li><span style=\"color: #000000;\">L\u00e0m b\u1eb1ng nh\u00f4m anot h\u00f3a.<\/span><\/li>\n<li><span style=\"color: #000000;\">K\u00edch th\u01b0\u1edbc: 100 x 25 x 740 mm.<\/span><\/li>\n<li><span style=\"color: #000000;\">Ba c\u1ea5u h\u00ecnh Laval c\u00f3 th\u1ec3 thay \u0111\u1ed5i v\u1edbi c\u00e1c h\u00ecnh d\u1ea1ng kh\u00e1c nhau cho ph\u00e9p \u0111\u1ea1t \u0111\u01b0\u1ee3c c\u00e1c t\u1ed1c \u0111\u1ed9 gi\u00f3 kh\u00e1c nhau trong khu v\u1ef1c l\u00e0m vi\u1ec7c:<\/span>\n<ul>\n<li><span style=\"color: #000000;\">Si\u00eau \u00e2m (l\u00ean \u0111\u1ebfn Mach 2).<\/span><\/li>\n<li><span style=\"color: #000000;\">C\u1eadn \u00e2m (l\u00ean \u0111\u1ebfn Mach 1.4).<\/span><\/li>\n<li><span style=\"color: #000000;\">D\u01b0\u1edbi \u00e2m.<\/span><\/li>\n<\/ul>\n<\/li>\n<li><span style=\"color: #000000;\">Hai c\u1eeda s\u1ed5 k\u00ednh trong su\u1ed1t \u0111\u1ec3 nghi\u00ean c\u1ee9u kh\u00ed \u0111\u1ed9ng h\u1ecdc tr\u00ean c\u00e1c m\u00f4 h\u00ecnh c\u1ea3n gi\u00f3 kh\u00e1c nhau:<\/span>\n<ul>\n<li><span style=\"color: #000000;\">K\u00ednh quang h\u1ecdc ch\u1ea5t l\u01b0\u1ee3ng cao \u2013 lo\u1ea1i BK7.<\/span><\/li>\n<li><span style=\"color: #000000;\">\u0110\u01b0\u1eddng k\u00ednh: 110 mm.<\/span><\/li>\n<\/ul>\n<\/li>\n<li><span style=\"color: #000000;\">C\u00e1c m\u00f4 h\u00ecnh kh\u00ed \u0111\u1ed9ng h\u1ecdc:<\/span>\n<ul>\n<li><span style=\"color: #000000;\">N\u00eam \u0111\u01a1n 5\u00ba.<\/span><\/li>\n<li><span style=\"color: #000000;\">N\u00eam \u0111\u00f4i 7\u00ba.<\/span><\/li>\n<li><span style=\"color: #000000;\">N\u00eam \u0111\u00f4i 10\u00ba c\u00f3 l\u1ed7 \u0111o \u00e1p su\u1ea5t.<\/span><\/li>\n<li><span style=\"color: #000000;\">\u0110\u1ea1n.<\/span><\/li>\n<li><span style=\"color: #000000;\">T\u00ean l\u1eeda.<\/span><\/li>\n<\/ul>\n<\/li>\n<li><span style=\"color: #000000;\">B\u1ed9 \u0111i\u1ec1u ch\u1ec9nh g\u00f3c cho ph\u00e9p thay \u0111\u1ed5i g\u00f3c t\u1ea5n c\u1ee7a gi\u00f3 so v\u1edbi m\u00f4 h\u00ecnh kh\u00ed \u0111\u1ed9ng h\u1ecdc. Ph\u1ea1m vi: \u00b110\u00b0.<\/span><\/li>\n<\/ul>\n<\/li>\n<li><span style=\"color: #000000;\"><strong>Khu\u1ebfch t\u00e1n:<\/strong><\/span>\n<ul>\n<li><span style=\"color: #000000;\">L\u00e0m b\u1eb1ng s\u1ee3i th\u1ee7y tinh.<\/span><\/li>\n<\/ul>\n<\/li>\n<li><span style=\"color: #000000;\">\u0110o\u1ea1n \u1ed1ng b\u1eb1ng th\u00e9p kh\u00f4ng g\u1ec9 linh ho\u1ea1t \u0111\u1ec3 h\u1ea5p th\u1ee5 rung \u0111\u1ed9ng.<\/span><\/li>\n<li><span style=\"color: #000000;\"><strong>B\u01a1m ch\u00e2n kh\u00f4ng:<\/strong><\/span>\n<ul>\n<li><span style=\"color: #000000;\">T\u1ed5ng c\u00f4ng su\u1ea5t: 60 kW.<\/span><\/li>\n<li><span style=\"color: #000000;\">L\u01b0u l\u01b0\u1ee3ng t\u1ed1i \u0111a c\u1ee7a h\u1ec7 th\u1ed1ng: 2700 m\u00b3\/gi\u1edd.<\/span><\/li>\n<li><span style=\"color: #000000;\">B\u1ed9 gi\u1ea3m thanh \u0111\u1ea7u v\u00e0o.<\/span><\/li>\n<li><span style=\"color: #000000;\">B\u1ed9 gi\u1ea3m thanh \u0111\u1ea7u ra.<\/span><\/li>\n<li><span style=\"color: #000000;\">Van m\u1ed9t chi\u1ec1u.<\/span><\/li>\n<li><span style=\"color: #000000;\">Van an to\u00e0n.<\/span><\/li>\n<li><span style=\"color: #000000;\">Khung b\u1ec7 v\u1edbi ch\u00e2n \u0111\u00e0n h\u1ed3i.<\/span><\/li>\n<li><span style=\"color: #000000;\">B\u1ed9 l\u1ecdc h\u00fat.<\/span><\/li>\n<li><span style=\"color: #000000;\">\u0110\u1ed3ng h\u1ed3 \u0111o ch\u00e2n kh\u00f4ng.<\/span><\/li>\n<li><span style=\"color: #000000;\">V\u1ecf c\u00e1ch \u00e2m c\u00f3 h\u1ec7 th\u1ed1ng th\u00f4ng gi\u00f3 b\u00ean trong b\u1eb1ng qu\u1ea1t l\u00e0m m\u00e1t c\u01b0\u1ee1ng b\u1ee9c.<\/span><\/li>\n<\/ul>\n<\/li>\n<li><span style=\"color: #000000;\">C\u1ea3m bi\u1ebfn g\u00f3c quay \u1edf c\u1eeda s\u1ed5.<\/span><\/li>\n<li><span style=\"color: #000000;\">33 c\u1ea3m bi\u1ebfn \u00e1p su\u1ea5t \u0111\u1ec3 \u0111o \u00e1p su\u1ea5t t\u01b0\u01a1ng \u0111\u1ed1i th\u00f4ng qua m\u00e1y t\u00ednh.<\/span><\/li>\n<li><span style=\"color: #000000;\">C\u1ea3m bi\u1ebfn nhi\u1ec7t \u0111\u1ed9.<\/span><\/li>\n<li><span style=\"color: #000000;\">T\u1ea5m \u0111o l\u01b0u l\u01b0\u1ee3ng ki\u1ec3u l\u1ed7 (orifice plate).<\/span><\/li>\n<\/ul>\n<p><span style=\"color: #000000;\"><strong>Thi\u1ebft b\u1ecb \u0111i k\u00e8m bao g\u1ed3m:<\/strong><\/span><\/p>\n<ul>\n<li><span style=\"color: #000000;\">H\u1ec7 th\u1ed1ng SCADA ti\u00ean ti\u1ebfn th\u1eddi gian th\u1ef1c.<\/span><\/li>\n<li><span style=\"color: #000000;\">\u0110i\u1ec1u khi\u1ec3n m\u1edf + \u0110i\u1ec1u khi\u1ec3n \u0111a k\u00eanh + \u0110i\u1ec1u khi\u1ec3n th\u1eddi gian th\u1ef1c.<\/span><\/li>\n<li><span style=\"color: #000000;\">Ph\u1ea7n m\u1ec1m \u0111i\u1ec1u khi\u1ec3n chuy\u00ean d\u1ee5ng c\u1ee7a EDIBON d\u1ef1a tr\u00ean LabVIEW.<\/span><\/li>\n<li><span style=\"color: #000000;\">B\u1ea3ng thu th\u1eadp d\u1eef li\u1ec7u c\u1ee7a National Instruments (250 KS\/s \u2013 kilo m\u1eabu\/gi\u00e2y).<\/span><\/li>\n<li><span style=\"color: #000000;\">B\u00e0i t\u1eadp hi\u1ec7u chu\u1ea9n gi\u00fap ng\u01b0\u1eddi d\u00f9ng h\u1ecdc c\u00e1ch hi\u1ec7u chu\u1ea9n c\u1ea3m bi\u1ebfn v\u00e0 hi\u1ec3u t\u1ea7m quan tr\u1ecdng c\u1ee7a vi\u1ec7c ki\u1ec3m tra \u0111\u1ed9 ch\u00ednh x\u00e1c tr\u01b0\u1edbc khi \u0111o l\u01b0\u1eddng.<\/span><\/li>\n<li><span style=\"color: #000000;\">T\u01b0\u01a1ng th\u00edch v\u1edbi m\u00e1y chi\u1ebfu v\u00e0\/ho\u1eb7c b\u1ea3ng tr\u1eafng \u0111i\u1ec7n t\u1eed, cho ph\u00e9p tr\u00ecnh b\u00e0y v\u00e0 minh h\u1ecda thi\u1ebft b\u1ecb cho c\u1ea3 l\u1edbp h\u1ecdc.<\/span><\/li>\n<li><span style=\"color: #000000;\">C\u00f3 kh\u1ea3 n\u0103ng th\u1ef1c hi\u1ec7n nghi\u00ean c\u1ee9u \u1ee9ng d\u1ee5ng, m\u00f4 ph\u1ecfng c\u00f4ng nghi\u1ec7p th\u1ef1c t\u1ebf, kh\u00f3a \u0111\u00e0o t\u1ea1o, v.v.<\/span><\/li>\n<li><span style=\"color: #000000;\">\u0110i\u1ec1u khi\u1ec3n v\u00e0 v\u1eadn h\u00e0nh t\u1eeb xa cho ng\u01b0\u1eddi d\u00f9ng v\u00e0 h\u1ed7 tr\u1ee3 k\u1ef9 thu\u1eadt t\u1eeb xa c\u1ee7a EDIBON lu\u00f4n c\u00f3 s\u1eb5n.<\/span><\/li>\n<li><span style=\"color: #000000;\">An to\u00e0n tuy\u1ec7t \u0111\u1ed1i v\u1edbi 4 h\u1ec7 th\u1ed1ng b\u1ea3o v\u1ec7 (C\u01a1 kh\u00ed, \u0110i\u1ec7n, \u0110i\u1ec7n t\u1eed &amp; Ph\u1ea7n m\u1ec1m).<\/span><\/li>\n<li><span style=\"color: #000000;\">Thi\u1ebft k\u1ebf v\u00e0 s\u1ea3n xu\u1ea5t theo nhi\u1ec1u ti\u00eau chu\u1ea9n ch\u1ea5t l\u01b0\u1ee3ng.<\/span><\/li>\n<li><span style=\"color: #000000;\">T\u00f9y ch\u1ecdn ph\u1ea7n m\u1ec1m ICAI \u0111\u1ec3 t\u1ea1o, ch\u1ec9nh s\u1eeda v\u00e0 th\u1ef1c hi\u1ec7n c\u00e1c b\u00e0i t\u1eadp th\u1ef1c h\u00e0nh, ki\u1ec3m tra, t\u00ednh to\u00e1n, \u0111\u1ed3ng th\u1eddi theo d\u00f5i ki\u1ebfn th\u1ee9c v\u00e0 ti\u1ebfn \u0111\u1ed9 c\u1ee7a ng\u01b0\u1eddi d\u00f9ng.<\/span><\/li>\n<li><span style=\"color: #000000;\">Thi\u1ebft b\u1ecb n\u00e0y \u0111\u01b0\u1ee3c thi\u1ebft k\u1ebf \u0111\u1ec3 m\u1edf r\u1ed9ng v\u00e0 t\u00edch h\u1ee3p trong t\u01b0\u01a1ng lai. M\u1ed9t m\u1edf r\u1ed9ng ph\u1ed5 bi\u1ebfn l\u00e0 h\u1ec7 th\u1ed1ng <strong>Scada-Net (ESN)<\/strong> c\u1ee7a EDIBON, cho ph\u00e9p nhi\u1ec1u sinh vi\u00ean v\u1eadn h\u00e0nh \u0111\u1ed3ng th\u1eddi nhi\u1ec1u thi\u1ebft b\u1ecb trong m\u1ed9t m\u1ea1ng l\u01b0\u1edbi.<\/span><\/li>\n<\/ul>\n<p><span style=\"color: #000000;\"><strong>C\u00e1c ph\u1ee5 ki\u1ec7n khuy\u1ebfn ngh\u1ecb b\u1ed5 sung (Kh\u00f4ng bao g\u1ed3m):<\/strong><\/span><\/p>\n<ul>\n<li><span style=\"color: #000000;\"><strong>TAS25\/100-SO:<\/strong> Ph\u1ee5 ki\u1ec7n quang h\u1ecdc Schlieren.<\/span><\/li>\n<\/ul>\n<p><span style=\"color: #000000;\">Link: https:\/\/www.edibon.com\/en\/computer-controlled-supersonic-wind-tunnel<\/span><\/p>","protected":false},"excerpt":{"rendered":"<p><span style=\"color: #000000;\">H\u1ea7m gi\u00f3 si\u00eau \u00e2m (Computer Controlled Supersonic Wind Tunnel) &#8211; TAS25\/100C l\u00e0 h\u1ea7m gi\u00f3 h\u1edf d\u00f9ng \u0111\u1ec3 nghi\u00ean c\u1ee9u c\u00e1c \u0111\u1eb7c t\u00ednh kh\u00ed \u0111\u1ed9ng h\u1ecdc c\u1ee7a c\u00e1c v\u1eadt c\u1ea3n kh\u00e1c nhau trong d\u00f2ng kh\u00ed d\u01b0\u1edbi \u00e2m v\u00e0 si\u00eau \u00e2m.<\/span><\/p>","protected":false},"featured_media":1134,"template":"","meta":{"inline_featured_image":false},"product_brand":[47],"product_cat":[91,90],"product_tag":[],"class_list":{"0":"post-1133","1":"product","2":"type-product","3":"status-publish","4":"has-post-thumbnail","6":"product_brand-edibon","7":"product_cat-co-hoc-chat-long","8":"product_cat-thiet-bi-giao-duc","10":"first","11":"instock","12":"featured","13":"shipping-taxable","14":"product-type-simple"},"yoast_head":"<!-- This site is optimized with the Yoast SEO plugin v24.7 - https:\/\/yoast.com\/wordpress\/plugins\/seo\/ -->\n<title>H\u1ea7m gi\u00f3 si\u00eau \u00e2m \u0111i\u1ec1u khi\u1ec3n b\u1eb1ng m\u00e1y t\u00ednh - HTI Scientific<\/title>\n<meta name=\"robots\" content=\"index, follow, max-snippet:-1, max-image-preview:large, max-video-preview:-1\" \/>\n<link rel=\"canonical\" href=\"https:\/\/htiscientific.vn\/en\/product\/ham-gio-sieu-am-dieu-khien-bang-may-tinh\/\" \/>\n<meta property=\"og:locale\" content=\"en_US\" \/>\n<meta property=\"og:type\" content=\"article\" \/>\n<meta property=\"og:title\" content=\"H\u1ea7m gi\u00f3 si\u00eau \u00e2m \u0111i\u1ec1u khi\u1ec3n b\u1eb1ng m\u00e1y t\u00ednh - HTI Scientific\" \/>\n<meta property=\"og:description\" content=\"H\u1ea7m gi\u00f3 si\u00eau \u00e2m (Computer Controlled Supersonic Wind Tunnel) - TAS25\/100C l\u00e0 h\u1ea7m gi\u00f3 h\u1edf d\u00f9ng \u0111\u1ec3 nghi\u00ean c\u1ee9u c\u00e1c \u0111\u1eb7c t\u00ednh kh\u00ed \u0111\u1ed9ng h\u1ecdc c\u1ee7a c\u00e1c v\u1eadt c\u1ea3n kh\u00e1c nhau trong d\u00f2ng kh\u00ed d\u01b0\u1edbi \u00e2m v\u00e0 si\u00eau \u00e2m.\" \/>\n<meta property=\"og:url\" content=\"https:\/\/htiscientific.vn\/en\/product\/ham-gio-sieu-am-dieu-khien-bang-may-tinh\/\" \/>\n<meta property=\"og:site_name\" content=\"HTI Scientific\" \/>\n<meta property=\"article:publisher\" content=\"https:\/\/www.facebook.com\/htiscientific.vn\" \/>\n<meta property=\"article:modified_time\" content=\"2025-05-19T06:49:59+00:00\" \/>\n<meta property=\"og:image\" content=\"https:\/\/htiscientific.vn\/wp-content\/uploads\/2025\/03\/ham-gio-sieu-am-dieu-khien-bang-may-tinh.jpg\" \/>\n\t<meta property=\"og:image:width\" content=\"1315\" \/>\n\t<meta property=\"og:image:height\" content=\"1125\" \/>\n\t<meta property=\"og:image:type\" content=\"image\/jpeg\" \/>\n<meta name=\"twitter:card\" content=\"summary_large_image\" \/>\n<meta name=\"twitter:label1\" content=\"Est. reading time\" \/>\n\t<meta name=\"twitter:data1\" content=\"4 minutes\" \/>\n<script type=\"application\/ld+json\" class=\"yoast-schema-graph\">{\"@context\":\"https:\/\/schema.org\",\"@graph\":[{\"@type\":\"WebPage\",\"@id\":\"https:\/\/htiscientific.vn\/san-pham\/ham-gio-sieu-am-dieu-khien-bang-may-tinh\/\",\"url\":\"https:\/\/htiscientific.vn\/san-pham\/ham-gio-sieu-am-dieu-khien-bang-may-tinh\/\",\"name\":\"H\u1ea7m gi\u00f3 si\u00eau \u00e2m \u0111i\u1ec1u khi\u1ec3n b\u1eb1ng m\u00e1y t\u00ednh - HTI Scientific\",\"isPartOf\":{\"@id\":\"https:\/\/htiscientific.vn\/#website\"},\"primaryImageOfPage\":{\"@id\":\"https:\/\/htiscientific.vn\/san-pham\/ham-gio-sieu-am-dieu-khien-bang-may-tinh\/#primaryimage\"},\"image\":{\"@id\":\"https:\/\/htiscientific.vn\/san-pham\/ham-gio-sieu-am-dieu-khien-bang-may-tinh\/#primaryimage\"},\"thumbnailUrl\":\"https:\/\/htiscientific.vn\/wp-content\/uploads\/2025\/03\/ham-gio-sieu-am-dieu-khien-bang-may-tinh.jpg\",\"datePublished\":\"2025-03-31T15:25:16+00:00\",\"dateModified\":\"2025-05-19T06:49:59+00:00\",\"breadcrumb\":{\"@id\":\"https:\/\/htiscientific.vn\/san-pham\/ham-gio-sieu-am-dieu-khien-bang-may-tinh\/#breadcrumb\"},\"inLanguage\":\"en-US\",\"potentialAction\":[{\"@type\":\"ReadAction\",\"target\":[\"https:\/\/htiscientific.vn\/san-pham\/ham-gio-sieu-am-dieu-khien-bang-may-tinh\/\"]}]},{\"@type\":\"ImageObject\",\"inLanguage\":\"en-US\",\"@id\":\"https:\/\/htiscientific.vn\/san-pham\/ham-gio-sieu-am-dieu-khien-bang-may-tinh\/#primaryimage\",\"url\":\"https:\/\/htiscientific.vn\/wp-content\/uploads\/2025\/03\/ham-gio-sieu-am-dieu-khien-bang-may-tinh.jpg\",\"contentUrl\":\"https:\/\/htiscientific.vn\/wp-content\/uploads\/2025\/03\/ham-gio-sieu-am-dieu-khien-bang-may-tinh.jpg\",\"width\":1315,\"height\":1125},{\"@type\":\"BreadcrumbList\",\"@id\":\"https:\/\/htiscientific.vn\/san-pham\/ham-gio-sieu-am-dieu-khien-bang-may-tinh\/#breadcrumb\",\"itemListElement\":[{\"@type\":\"ListItem\",\"position\":1,\"name\":\"Trang ch\u1ee7\",\"item\":\"https:\/\/htiscientific.vn\/\"},{\"@type\":\"ListItem\",\"position\":2,\"name\":\"C\u1eeda h\u00e0ng\",\"item\":\"https:\/\/htiscientific.vn\/cua-hang\/\"},{\"@type\":\"ListItem\",\"position\":3,\"name\":\"Thi\u1ebft b\u1ecb gi\u00e1o d\u1ee5c\",\"item\":\"https:\/\/htiscientific.vn\/danh-muc-san-pham\/thiet-bi-giao-duc\/\"},{\"@type\":\"ListItem\",\"position\":4,\"name\":\"C\u01a1 h\u1ecdc ch\u1ea5t l\u1ecfng\",\"item\":\"https:\/\/htiscientific.vn\/danh-muc-san-pham\/thiet-bi-giao-duc\/co-hoc-chat-long\/\"},{\"@type\":\"ListItem\",\"position\":5,\"name\":\"H\u1ea7m gi\u00f3 si\u00eau \u00e2m \u0111i\u1ec1u khi\u1ec3n b\u1eb1ng m\u00e1y t\u00ednh\"}]},{\"@type\":\"WebSite\",\"@id\":\"https:\/\/htiscientific.vn\/#website\",\"url\":\"https:\/\/htiscientific.vn\/\",\"name\":\"HTI Scientific\",\"description\":\"HTI Scientific\",\"publisher\":{\"@id\":\"https:\/\/htiscientific.vn\/#organization\"},\"potentialAction\":[{\"@type\":\"SearchAction\",\"target\":{\"@type\":\"EntryPoint\",\"urlTemplate\":\"https:\/\/htiscientific.vn\/?s={search_term_string}\"},\"query-input\":{\"@type\":\"PropertyValueSpecification\",\"valueRequired\":true,\"valueName\":\"search_term_string\"}}],\"inLanguage\":\"en-US\"},{\"@type\":\"Organization\",\"@id\":\"https:\/\/htiscientific.vn\/#organization\",\"name\":\"HTI Scientific\",\"alternateName\":\"HTI Scientific\",\"url\":\"https:\/\/htiscientific.vn\/\",\"logo\":{\"@type\":\"ImageObject\",\"inLanguage\":\"en-US\",\"@id\":\"https:\/\/htiscientific.vn\/#\/schema\/logo\/image\/\",\"url\":\"https:\/\/htiscientific.vn\/wp-content\/uploads\/2025\/03\/ava-hti-copy.jpg\",\"contentUrl\":\"https:\/\/htiscientific.vn\/wp-content\/uploads\/2025\/03\/ava-hti-copy.jpg\",\"width\":700,\"height\":450,\"caption\":\"HTI Scientific\"},\"image\":{\"@id\":\"https:\/\/htiscientific.vn\/#\/schema\/logo\/image\/\"},\"sameAs\":[\"https:\/\/www.facebook.com\/htiscientific.vn\"]}]}<\/script>\n<!-- \/ Yoast SEO plugin. -->","yoast_head_json":{"title":"H\u1ea7m gi\u00f3 si\u00eau \u00e2m \u0111i\u1ec1u khi\u1ec3n b\u1eb1ng m\u00e1y t\u00ednh - HTI Scientific","robots":{"index":"index","follow":"follow","max-snippet":"max-snippet:-1","max-image-preview":"max-image-preview:large","max-video-preview":"max-video-preview:-1"},"canonical":"https:\/\/htiscientific.vn\/en\/product\/ham-gio-sieu-am-dieu-khien-bang-may-tinh\/","og_locale":"en_US","og_type":"article","og_title":"H\u1ea7m gi\u00f3 si\u00eau \u00e2m \u0111i\u1ec1u khi\u1ec3n b\u1eb1ng m\u00e1y t\u00ednh - HTI Scientific","og_description":"H\u1ea7m gi\u00f3 si\u00eau \u00e2m (Computer Controlled Supersonic Wind Tunnel) - TAS25\/100C l\u00e0 h\u1ea7m gi\u00f3 h\u1edf d\u00f9ng \u0111\u1ec3 nghi\u00ean c\u1ee9u c\u00e1c \u0111\u1eb7c t\u00ednh kh\u00ed \u0111\u1ed9ng h\u1ecdc c\u1ee7a c\u00e1c v\u1eadt c\u1ea3n kh\u00e1c nhau trong d\u00f2ng kh\u00ed d\u01b0\u1edbi \u00e2m v\u00e0 si\u00eau \u00e2m.","og_url":"https:\/\/htiscientific.vn\/en\/product\/ham-gio-sieu-am-dieu-khien-bang-may-tinh\/","og_site_name":"HTI Scientific","article_publisher":"https:\/\/www.facebook.com\/htiscientific.vn","article_modified_time":"2025-05-19T06:49:59+00:00","og_image":[{"width":1315,"height":1125,"url":"https:\/\/htiscientific.vn\/wp-content\/uploads\/2025\/03\/ham-gio-sieu-am-dieu-khien-bang-may-tinh.jpg","type":"image\/jpeg"}],"twitter_card":"summary_large_image","twitter_misc":{"Est. reading time":"4 minutes"},"schema":{"@context":"https:\/\/schema.org","@graph":[{"@type":"WebPage","@id":"https:\/\/htiscientific.vn\/san-pham\/ham-gio-sieu-am-dieu-khien-bang-may-tinh\/","url":"https:\/\/htiscientific.vn\/san-pham\/ham-gio-sieu-am-dieu-khien-bang-may-tinh\/","name":"H\u1ea7m gi\u00f3 si\u00eau \u00e2m \u0111i\u1ec1u khi\u1ec3n b\u1eb1ng m\u00e1y t\u00ednh - HTI Scientific","isPartOf":{"@id":"https:\/\/htiscientific.vn\/#website"},"primaryImageOfPage":{"@id":"https:\/\/htiscientific.vn\/san-pham\/ham-gio-sieu-am-dieu-khien-bang-may-tinh\/#primaryimage"},"image":{"@id":"https:\/\/htiscientific.vn\/san-pham\/ham-gio-sieu-am-dieu-khien-bang-may-tinh\/#primaryimage"},"thumbnailUrl":"https:\/\/htiscientific.vn\/wp-content\/uploads\/2025\/03\/ham-gio-sieu-am-dieu-khien-bang-may-tinh.jpg","datePublished":"2025-03-31T15:25:16+00:00","dateModified":"2025-05-19T06:49:59+00:00","breadcrumb":{"@id":"https:\/\/htiscientific.vn\/san-pham\/ham-gio-sieu-am-dieu-khien-bang-may-tinh\/#breadcrumb"},"inLanguage":"en-US","potentialAction":[{"@type":"ReadAction","target":["https:\/\/htiscientific.vn\/san-pham\/ham-gio-sieu-am-dieu-khien-bang-may-tinh\/"]}]},{"@type":"ImageObject","inLanguage":"en-US","@id":"https:\/\/htiscientific.vn\/san-pham\/ham-gio-sieu-am-dieu-khien-bang-may-tinh\/#primaryimage","url":"https:\/\/htiscientific.vn\/wp-content\/uploads\/2025\/03\/ham-gio-sieu-am-dieu-khien-bang-may-tinh.jpg","contentUrl":"https:\/\/htiscientific.vn\/wp-content\/uploads\/2025\/03\/ham-gio-sieu-am-dieu-khien-bang-may-tinh.jpg","width":1315,"height":1125},{"@type":"BreadcrumbList","@id":"https:\/\/htiscientific.vn\/san-pham\/ham-gio-sieu-am-dieu-khien-bang-may-tinh\/#breadcrumb","itemListElement":[{"@type":"ListItem","position":1,"name":"Trang ch\u1ee7","item":"https:\/\/htiscientific.vn\/"},{"@type":"ListItem","position":2,"name":"C\u1eeda h\u00e0ng","item":"https:\/\/htiscientific.vn\/cua-hang\/"},{"@type":"ListItem","position":3,"name":"Thi\u1ebft b\u1ecb gi\u00e1o d\u1ee5c","item":"https:\/\/htiscientific.vn\/danh-muc-san-pham\/thiet-bi-giao-duc\/"},{"@type":"ListItem","position":4,"name":"C\u01a1 h\u1ecdc ch\u1ea5t l\u1ecfng","item":"https:\/\/htiscientific.vn\/danh-muc-san-pham\/thiet-bi-giao-duc\/co-hoc-chat-long\/"},{"@type":"ListItem","position":5,"name":"H\u1ea7m gi\u00f3 si\u00eau \u00e2m \u0111i\u1ec1u khi\u1ec3n b\u1eb1ng m\u00e1y t\u00ednh"}]},{"@type":"WebSite","@id":"https:\/\/htiscientific.vn\/#website","url":"https:\/\/htiscientific.vn\/","name":"HTI Scientific","description":"HTI Scientific","publisher":{"@id":"https:\/\/htiscientific.vn\/#organization"},"potentialAction":[{"@type":"SearchAction","target":{"@type":"EntryPoint","urlTemplate":"https:\/\/htiscientific.vn\/?s={search_term_string}"},"query-input":{"@type":"PropertyValueSpecification","valueRequired":true,"valueName":"search_term_string"}}],"inLanguage":"en-US"},{"@type":"Organization","@id":"https:\/\/htiscientific.vn\/#organization","name":"HTI Scientific","alternateName":"HTI Scientific","url":"https:\/\/htiscientific.vn\/","logo":{"@type":"ImageObject","inLanguage":"en-US","@id":"https:\/\/htiscientific.vn\/#\/schema\/logo\/image\/","url":"https:\/\/htiscientific.vn\/wp-content\/uploads\/2025\/03\/ava-hti-copy.jpg","contentUrl":"https:\/\/htiscientific.vn\/wp-content\/uploads\/2025\/03\/ava-hti-copy.jpg","width":700,"height":450,"caption":"HTI Scientific"},"image":{"@id":"https:\/\/htiscientific.vn\/#\/schema\/logo\/image\/"},"sameAs":["https:\/\/www.facebook.com\/htiscientific.vn"]}]}},"_links":{"self":[{"href":"https:\/\/htiscientific.vn\/en\/wp-json\/wp\/v2\/product\/1133","targetHints":{"allow":["GET"]}}],"collection":[{"href":"https:\/\/htiscientific.vn\/en\/wp-json\/wp\/v2\/product"}],"about":[{"href":"https:\/\/htiscientific.vn\/en\/wp-json\/wp\/v2\/types\/product"}],"wp:featuredmedia":[{"embeddable":true,"href":"https:\/\/htiscientific.vn\/en\/wp-json\/wp\/v2\/media\/1134"}],"wp:attachment":[{"href":"https:\/\/htiscientific.vn\/en\/wp-json\/wp\/v2\/media?parent=1133"}],"wp:term":[{"taxonomy":"product_brand","embeddable":true,"href":"https:\/\/htiscientific.vn\/en\/wp-json\/wp\/v2\/product_brand?post=1133"},{"taxonomy":"product_cat","embeddable":true,"href":"https:\/\/htiscientific.vn\/en\/wp-json\/wp\/v2\/product_cat?post=1133"},{"taxonomy":"product_tag","embeddable":true,"href":"https:\/\/htiscientific.vn\/en\/wp-json\/wp\/v2\/product_tag?post=1133"}],"curies":[{"name":"wp","href":"https:\/\/api.w.org\/{rel}","templated":true}]}}