{"id":1131,"date":"2025-03-31T21:43:20","date_gmt":"2025-03-31T14:43:20","guid":{"rendered":"https:\/\/htiscientific.vn\/?post_type=product&#038;p=1131"},"modified":"2025-05-19T13:50:03","modified_gmt":"2025-05-19T06:50:03","slug":"kenh-dan-dong-dieu-khien-bang-may-tinh-mat-cat-80x300-mm","status":"publish","type":"product","link":"https:\/\/htiscientific.vn\/en\/product\/kenh-dan-dong-dieu-khien-bang-may-tinh-mat-cat-80x300-mm\/","title":{"rendered":"K\u00eanh d\u1eabn d\u00f2ng \u0111i\u1ec1u khi\u1ec3n b\u1eb1ng m\u00e1y t\u00ednh (m\u1eb7t c\u1eaft: 80&#215;300 mm)"},"content":{"rendered":"<p><span style=\"color: #000000;\">B\u1ed9 thi\u1ebft b\u1ecb CFC:<\/span><\/p>\n<ul>\n<li><span style=\"color: #000000;\">Khung b\u1eb1ng nh\u00f4m anod h\u00f3a v\u00e0 c\u00e1c t\u1ea5m panel b\u1eb1ng th\u00e9p s\u01a1n t\u0129nh \u0111i\u1ec7n.<\/span><\/li>\n<li><span style=\"color: #000000;\">C\u00e1c b\u1ed9 ph\u1eadn kim lo\u1ea1i ch\u00ednh b\u1eb1ng th\u00e9p kh\u00f4ng g\u1ec9.<\/span><\/li>\n<li><span style=\"color: #000000;\">S\u01a1 \u0111\u1ed3 b\u1ed1 tr\u00ed c\u00e1c th\u00e0nh ph\u1ea7n tr\u00ean b\u1ea3ng \u0111i\u1ec1u khi\u1ec3n ph\u00eda tr\u01b0\u1edbc, t\u01b0\u01a1ng t\u1ef1 nh\u01b0 m\u00f4 h\u00ecnh th\u1ef1c t\u1ebf.<\/span><\/li>\n<li><span style=\"color: #000000;\">K\u00eanh d\u00f2ng ch\u1ea3y m\u1eb7t c\u1eaft h\u00ecnh ch\u1eef nh\u1eadt v\u1edbi th\u00e0nh trong su\u1ed1t, l\u00e0m t\u1eeb c\u00e1c \u0111o\u1ea1n methacrylate trong su\u1ed1t.<\/span><\/li>\n<\/ul>\n<p><span style=\"color: #000000;\">C\u00e1c phi\u00ean b\u1ea3n c\u00f3 s\u1eb5n \u0111\u1ec3 l\u1ef1a ch\u1ecdn:<\/span><\/p>\n<ul>\n<li><span style=\"color: #000000;\">CFC80\/2: K\u00eanh d\u00f2ng ch\u1ea3y \u0111i\u1ec1u khi\u1ec3n b\u1eb1ng m\u00e1y t\u00ednh (m\u1eb7t c\u1eaft: 80 x 300 mm), chi\u1ec1u d\u00e0i: 2,5 m.<\/span><\/li>\n<li><span style=\"color: #000000;\">CFC80\/5: K\u00eanh d\u00f2ng ch\u1ea3y \u0111i\u1ec1u khi\u1ec3n b\u1eb1ng m\u00e1y t\u00ednh (m\u1eb7t c\u1eaft: 80 x 300 mm), chi\u1ec1u d\u00e0i: 5 m.<\/span><\/li>\n<li><span style=\"color: #000000;\">K\u00eanh \u0111\u01b0\u1ee3c l\u1eafp \u0111\u1eb7t tr\u00ean c\u00e1c gi\u00e1 \u0111\u1ee1, c\u00f3 h\u1ec7 th\u1ed1ng \u0111i\u1ec1u ch\u1ec9nh \u0111\u1ed9 nghi\u00eang.<\/span><\/li>\n<li><span style=\"color: #000000;\">Ph\u1ea1m vi \u0111i\u1ec1u ch\u1ec9nh \u0111\u1ed9 nghi\u00eang c\u1ee7a k\u00eanh: 0 \u2013 3%.<\/span><\/li>\n<li><span style=\"color: #000000;\">B\u1ec3 ch\u1ee9a \u0111\u1ea7u v\u00e0o (dung t\u00edch: 38 l\u00edt), c\u00f3 b\u1ed9 gi\u1ea3m dao \u0111\u1ed9ng d\u00f2ng ch\u1ea3y v\u00e0 van x\u1ea3.<\/span><\/li>\n<li><span style=\"color: #000000;\">B\u1ec3 thu h\u1ed3i (dung t\u00edch: 38 l\u00edt), c\u00f3 van x\u1ea3.<\/span><\/li>\n<li><span style=\"color: #000000;\">C\u00e1c \u1ed1ng d\u1eabn.<\/span><\/li>\n<li><span style=\"color: #000000;\">C\u1ea3m bi\u1ebfn l\u01b0u l\u01b0\u1ee3ng d\u1ea1ng t\u1ea5m l\u1ed7.<\/span><\/li>\n<li><span style=\"color: #000000;\">C\u1ea3m bi\u1ebfn l\u01b0u l\u01b0\u1ee3ng ki\u1ec3u Venturi.<\/span><\/li>\n<\/ul>\n<p><span style=\"color: #000000;\">C\u00e1c th\u00e0nh ph\u1ea7n \u0111i k\u00e8m:<\/span><\/p>\n<ul>\n<li><span style=\"color: #000000;\">FME00\/B. H\u1ec7 th\u1ed1ng c\u1ea5p n\u01b0\u1edbc th\u1ee7y l\u1ef1c c\u01a1 b\u1ea3n:<\/span>\n<ul>\n<li><span style=\"color: #000000;\">B\u1ec3 ch\u1ee9a n\u01b0\u1edbc (dung t\u00edch: kho\u1ea3ng 140 l\u00edt).<\/span><\/li>\n<li><span style=\"color: #000000;\">B\u01a1m c\u1ea5p n\u01b0\u1edbc \u0111i\u1ec1u khi\u1ec3n b\u1eb1ng m\u00e1y t\u00ednh, c\u00f3 \u0111i\u1ec1u ch\u1ec9nh t\u1ed1c \u0111\u1ed9:<\/span>\n<ul>\n<li><span style=\"color: #000000;\">\u0110i\u1ec7n \u00e1p: M\u1ed9t pha, 200 VAC \u2013 240 VAC\/50 Hz ho\u1eb7c 110 VAC \u2013 127 VAC\/60 Hz.<\/span><\/li>\n<li><span style=\"color: #000000;\">C\u00f4ng su\u1ea5t: 0,37 kW.<\/span><\/li>\n<li><span style=\"color: #000000;\">T\u1ed1c \u0111\u1ed9 quay: 2800 v\u00f2ng\/ph\u00fat.<\/span><\/li>\n<li><span style=\"color: #000000;\">L\u01b0u l\u01b0\u1ee3ng: 30 \u2013 80 l\u00edt\/ph\u00fat \u1edf \u0111\u1ed9 cao 20,1 \u2013 12,8 m.<\/span><\/li>\n<\/ul>\n<\/li>\n<li><span style=\"color: #000000;\">C\u00f4ng t\u1eafc an to\u00e0n B\u1eacT\/T\u1eaeT.<\/span><\/li>\n<li><span style=\"color: #000000;\">Van \u0111i\u1ec1u ch\u1ec9nh l\u01b0u l\u01b0\u1ee3ng.<\/span><\/li>\n<li><span style=\"color: #000000;\">C\u1ea3m bi\u1ebfn l\u01b0u l\u01b0\u1ee3ng.<\/span><\/li>\n<\/ul>\n<\/li>\n<li><span style=\"color: #000000;\">C\u1ea3m bi\u1ebfn \u00e1p su\u1ea5t vi sai (bao g\u1ed3m trong CFTPC).<\/span><\/li>\n<li><span style=\"color: #000000;\">C\u1ea3m bi\u1ebfn d\u1ecbch chuy\u1ec3n (bao g\u1ed3m trong CFRMC).<\/span><\/li>\n<\/ul>\n<p><span style=\"color: #000000;\">B\u1ed9 thi\u1ebft b\u1ecb ho\u00e0n ch\u1ec9nh bao g\u1ed3m:<\/span><\/p>\n<ul>\n<li><span style=\"color: #000000;\">H\u1ec7 th\u1ed1ng SCADA th\u1eddi gian th\u1ef1c n\u00e2ng cao.<\/span><\/li>\n<li><span style=\"color: #000000;\">\u0110i\u1ec1u khi\u1ec3n m\u1edf + \u0110i\u1ec1u khi\u1ec3n \u0111a k\u00eanh + \u0110i\u1ec1u khi\u1ec3n th\u1eddi gian th\u1ef1c.<\/span><\/li>\n<li><span style=\"color: #000000;\">Ph\u1ea7n m\u1ec1m \u0111i\u1ec1u khi\u1ec3n chuy\u00ean d\u1ee5ng c\u1ee7a EDIBON, d\u1ef1a tr\u00ean LabVIEW.<\/span><\/li>\n<li><span style=\"color: #000000;\">Bo m\u1ea1ch thu th\u1eadp d\u1eef li\u1ec7u c\u1ee7a National Instruments (t\u1ed1c \u0111\u1ed9 250 KS\/s, kilo m\u1eabu\/gi\u00e2y).<\/span><\/li>\n<li><span style=\"color: #000000;\">C\u00e1c b\u00e0i t\u1eadp hi\u1ec7u chu\u1ea9n \u0111\u01b0\u1ee3c cung c\u1ea5p gi\u00fap ng\u01b0\u1eddi d\u00f9ng h\u1ecdc c\u00e1ch hi\u1ec7u chu\u1ea9n c\u1ea3m bi\u1ebfn v\u00e0 hi\u1ec3u t\u1ea7m quan tr\u1ecdng c\u1ee7a ki\u1ec3m tra \u0111\u1ed9 ch\u00ednh x\u00e1c c\u1ee7a c\u1ea3m bi\u1ebfn tr\u01b0\u1edbc khi \u0111o l\u01b0\u1eddng.<\/span><\/li>\n<li><span style=\"color: #000000;\">T\u01b0\u01a1ng th\u00edch v\u1edbi m\u00e1y chi\u1ebfu v\u00e0\/ho\u1eb7c b\u1ea3ng tr\u1eafng \u0111i\u1ec7n t\u1eed, cho ph\u00e9p tr\u00ecnh b\u00e0y v\u00e0 minh h\u1ecda th\u00ed nghi\u1ec7m tr\u01b0\u1edbc to\u00e0n l\u1edbp h\u1ecdc.<\/span><\/li>\n<li><span style=\"color: #000000;\">Kh\u1ea3 n\u0103ng th\u1ef1c hi\u1ec7n nghi\u00ean c\u1ee9u \u1ee9ng d\u1ee5ng, m\u00f4 ph\u1ecfng c\u00e1c t\u00ecnh hu\u1ed1ng c\u00f4ng nghi\u1ec7p th\u1ef1c t\u1ebf, c\u00e1c kh\u00f3a \u0111\u00e0o t\u1ea1o, v.v.<\/span><\/li>\n<li><span style=\"color: #000000;\">\u0110i\u1ec1u khi\u1ec3n v\u00e0 v\u1eadn h\u00e0nh t\u1eeb xa, bao g\u1ed3m h\u1ed7 tr\u1ee3 k\u1ef9 thu\u1eadt t\u1eeb xa c\u1ee7a EDIBON.<\/span><\/li>\n<li><span style=\"color: #000000;\">An to\u00e0n tuy\u1ec7t \u0111\u1ed1i v\u1edbi 4 h\u1ec7 th\u1ed1ng b\u1ea3o v\u1ec7: C\u01a1 kh\u00ed, \u0110i\u1ec7n, \u0110i\u1ec7n t\u1eed v\u00e0 Ph\u1ea7n m\u1ec1m.<\/span><\/li>\n<li><span style=\"color: #000000;\">Thi\u1ebft k\u1ebf v\u00e0 s\u1ea3n xu\u1ea5t tu\u00e2n th\u1ee7 nhi\u1ec1u ti\u00eau chu\u1ea9n ch\u1ea5t l\u01b0\u1ee3ng qu\u1ed1c t\u1ebf.<\/span><\/li>\n<li><span style=\"color: #000000;\">Ph\u1ea7n m\u1ec1m ICAI t\u00f9y ch\u1ecdn, cho ph\u00e9p t\u1ea1o, ch\u1ec9nh s\u1eeda v\u00e0 th\u1ef1c hi\u1ec7n c\u00e1c b\u00e0i t\u1eadp th\u1ef1c h\u00e0nh, ki\u1ec3m tra, \u0111\u00e1nh gi\u00e1, t\u00ednh to\u00e1n, \u0111\u1ed3ng th\u1eddi theo d\u00f5i ki\u1ebfn th\u1ee9c v\u00e0 ti\u1ebfn \u0111\u1ed9 c\u1ee7a ng\u01b0\u1eddi h\u1ecdc.<\/span><\/li>\n<li><span style=\"color: #000000;\">Thi\u1ebft b\u1ecb \u0111\u01b0\u1ee3c thi\u1ebft k\u1ebf cho kh\u1ea3 n\u0103ng m\u1edf r\u1ed9ng v\u00e0 t\u00edch h\u1ee3p trong t\u01b0\u01a1ng lai. M\u1ed9t trong nh\u1eefng m\u1edf r\u1ed9ng ph\u1ed5 bi\u1ebfn l\u00e0 H\u1ec7 th\u1ed1ng Scada-Net (ESN) c\u1ee7a EDIBON, cho ph\u00e9p nhi\u1ec1u sinh vi\u00ean v\u1eadn h\u00e0nh \u0111\u1ed3ng th\u1eddi nhi\u1ec1u thi\u1ebft b\u1ecb trong c\u00f9ng m\u1ed9t m\u1ea1ng l\u01b0\u1edbi.<\/span><\/li>\n<\/ul>","protected":false},"excerpt":{"rendered":"<p><span style=\"color: #000000;\">K\u00eanh d\u1eabn n\u01b0\u1edbc \u0111i\u1ec1u khi\u1ec3n b\u1eb1ng m\u00e1y t\u00ednh (CFC &#8211; Computer Controlled Flow Channels) d\u1ea1ng h\u00ecnh ch\u1eef nh\u1eadt v\u1edbi th\u00e0nh trong su\u1ed1t, cho ph\u00e9p quan s\u00e1t to\u00e0n b\u1ed9 c\u00e1c th\u00ed nghi\u1ec7m.<\/span><\/p>","protected":false},"featured_media":1132,"template":"","meta":{"inline_featured_image":false},"product_brand":[47],"product_cat":[91,90],"product_tag":[],"class_list":{"0":"post-1131","1":"product","2":"type-product","3":"status-publish","4":"has-post-thumbnail","6":"product_brand-edibon","7":"product_cat-co-hoc-chat-long","8":"product_cat-thiet-bi-giao-duc","10":"first","11":"instock","12":"featured","13":"shipping-taxable","14":"product-type-simple"},"yoast_head":"<!-- This site is optimized with the Yoast SEO plugin v24.7 - https:\/\/yoast.com\/wordpress\/plugins\/seo\/ -->\n<title>K\u00eanh d\u1eabn d\u00f2ng \u0111i\u1ec1u khi\u1ec3n b\u1eb1ng m\u00e1y t\u00ednh (m\u1eb7t c\u1eaft: 80x300 mm) - HTI Scientific<\/title>\n<meta name=\"robots\" content=\"index, follow, max-snippet:-1, max-image-preview:large, max-video-preview:-1\" \/>\n<link rel=\"canonical\" href=\"https:\/\/htiscientific.vn\/en\/product\/kenh-dan-dong-dieu-khien-bang-may-tinh-mat-cat-80x300-mm\/\" \/>\n<meta property=\"og:locale\" content=\"en_US\" \/>\n<meta property=\"og:type\" content=\"article\" \/>\n<meta property=\"og:title\" content=\"K\u00eanh d\u1eabn d\u00f2ng \u0111i\u1ec1u khi\u1ec3n b\u1eb1ng m\u00e1y t\u00ednh (m\u1eb7t c\u1eaft: 80x300 mm) - HTI Scientific\" \/>\n<meta property=\"og:description\" content=\"K\u00eanh d\u1eabn n\u01b0\u1edbc \u0111i\u1ec1u khi\u1ec3n b\u1eb1ng m\u00e1y t\u00ednh (CFC - Computer Controlled Flow Channels) d\u1ea1ng h\u00ecnh ch\u1eef nh\u1eadt v\u1edbi th\u00e0nh trong su\u1ed1t, cho ph\u00e9p quan s\u00e1t to\u00e0n b\u1ed9 c\u00e1c th\u00ed nghi\u1ec7m.\" \/>\n<meta property=\"og:url\" content=\"https:\/\/htiscientific.vn\/en\/product\/kenh-dan-dong-dieu-khien-bang-may-tinh-mat-cat-80x300-mm\/\" \/>\n<meta property=\"og:site_name\" content=\"HTI Scientific\" \/>\n<meta property=\"article:publisher\" content=\"https:\/\/www.facebook.com\/htiscientific.vn\" \/>\n<meta property=\"article:modified_time\" content=\"2025-05-19T06:50:03+00:00\" \/>\n<meta property=\"og:image\" content=\"https:\/\/htiscientific.vn\/wp-content\/uploads\/2025\/03\/kenh-dan-dong-dieu-khien-bang-may-tinh.jpg\" \/>\n\t<meta property=\"og:image:width\" content=\"1500\" \/>\n\t<meta property=\"og:image:height\" content=\"1125\" \/>\n\t<meta property=\"og:image:type\" content=\"image\/jpeg\" \/>\n<meta name=\"twitter:card\" content=\"summary_large_image\" \/>\n<meta name=\"twitter:label1\" content=\"Est. reading time\" \/>\n\t<meta name=\"twitter:data1\" content=\"4 minutes\" \/>\n<script type=\"application\/ld+json\" class=\"yoast-schema-graph\">{\"@context\":\"https:\/\/schema.org\",\"@graph\":[{\"@type\":\"WebPage\",\"@id\":\"https:\/\/htiscientific.vn\/san-pham\/kenh-dan-dong-dieu-khien-bang-may-tinh-mat-cat-80x300-mm\/\",\"url\":\"https:\/\/htiscientific.vn\/san-pham\/kenh-dan-dong-dieu-khien-bang-may-tinh-mat-cat-80x300-mm\/\",\"name\":\"K\u00eanh d\u1eabn d\u00f2ng \u0111i\u1ec1u khi\u1ec3n b\u1eb1ng m\u00e1y t\u00ednh (m\u1eb7t c\u1eaft: 80x300 mm) - HTI Scientific\",\"isPartOf\":{\"@id\":\"https:\/\/htiscientific.vn\/#website\"},\"primaryImageOfPage\":{\"@id\":\"https:\/\/htiscientific.vn\/san-pham\/kenh-dan-dong-dieu-khien-bang-may-tinh-mat-cat-80x300-mm\/#primaryimage\"},\"image\":{\"@id\":\"https:\/\/htiscientific.vn\/san-pham\/kenh-dan-dong-dieu-khien-bang-may-tinh-mat-cat-80x300-mm\/#primaryimage\"},\"thumbnailUrl\":\"https:\/\/htiscientific.vn\/wp-content\/uploads\/2025\/03\/kenh-dan-dong-dieu-khien-bang-may-tinh.jpg\",\"datePublished\":\"2025-03-31T14:43:20+00:00\",\"dateModified\":\"2025-05-19T06:50:03+00:00\",\"breadcrumb\":{\"@id\":\"https:\/\/htiscientific.vn\/san-pham\/kenh-dan-dong-dieu-khien-bang-may-tinh-mat-cat-80x300-mm\/#breadcrumb\"},\"inLanguage\":\"en-US\",\"potentialAction\":[{\"@type\":\"ReadAction\",\"target\":[\"https:\/\/htiscientific.vn\/san-pham\/kenh-dan-dong-dieu-khien-bang-may-tinh-mat-cat-80x300-mm\/\"]}]},{\"@type\":\"ImageObject\",\"inLanguage\":\"en-US\",\"@id\":\"https:\/\/htiscientific.vn\/san-pham\/kenh-dan-dong-dieu-khien-bang-may-tinh-mat-cat-80x300-mm\/#primaryimage\",\"url\":\"https:\/\/htiscientific.vn\/wp-content\/uploads\/2025\/03\/kenh-dan-dong-dieu-khien-bang-may-tinh.jpg\",\"contentUrl\":\"https:\/\/htiscientific.vn\/wp-content\/uploads\/2025\/03\/kenh-dan-dong-dieu-khien-bang-may-tinh.jpg\",\"width\":1500,\"height\":1125},{\"@type\":\"BreadcrumbList\",\"@id\":\"https:\/\/htiscientific.vn\/san-pham\/kenh-dan-dong-dieu-khien-bang-may-tinh-mat-cat-80x300-mm\/#breadcrumb\",\"itemListElement\":[{\"@type\":\"ListItem\",\"position\":1,\"name\":\"Trang ch\u1ee7\",\"item\":\"https:\/\/htiscientific.vn\/\"},{\"@type\":\"ListItem\",\"position\":2,\"name\":\"C\u1eeda h\u00e0ng\",\"item\":\"https:\/\/htiscientific.vn\/cua-hang\/\"},{\"@type\":\"ListItem\",\"position\":3,\"name\":\"Thi\u1ebft b\u1ecb gi\u00e1o d\u1ee5c\",\"item\":\"https:\/\/htiscientific.vn\/danh-muc-san-pham\/thiet-bi-giao-duc\/\"},{\"@type\":\"ListItem\",\"position\":4,\"name\":\"C\u01a1 h\u1ecdc ch\u1ea5t l\u1ecfng\",\"item\":\"https:\/\/htiscientific.vn\/danh-muc-san-pham\/thiet-bi-giao-duc\/co-hoc-chat-long\/\"},{\"@type\":\"ListItem\",\"position\":5,\"name\":\"K\u00eanh d\u1eabn d\u00f2ng \u0111i\u1ec1u khi\u1ec3n b\u1eb1ng m\u00e1y t\u00ednh (m\u1eb7t c\u1eaft: 80&#215;300 mm)\"}]},{\"@type\":\"WebSite\",\"@id\":\"https:\/\/htiscientific.vn\/#website\",\"url\":\"https:\/\/htiscientific.vn\/\",\"name\":\"HTI Scientific\",\"description\":\"HTI Scientific\",\"publisher\":{\"@id\":\"https:\/\/htiscientific.vn\/#organization\"},\"potentialAction\":[{\"@type\":\"SearchAction\",\"target\":{\"@type\":\"EntryPoint\",\"urlTemplate\":\"https:\/\/htiscientific.vn\/?s={search_term_string}\"},\"query-input\":{\"@type\":\"PropertyValueSpecification\",\"valueRequired\":true,\"valueName\":\"search_term_string\"}}],\"inLanguage\":\"en-US\"},{\"@type\":\"Organization\",\"@id\":\"https:\/\/htiscientific.vn\/#organization\",\"name\":\"HTI Scientific\",\"alternateName\":\"HTI Scientific\",\"url\":\"https:\/\/htiscientific.vn\/\",\"logo\":{\"@type\":\"ImageObject\",\"inLanguage\":\"en-US\",\"@id\":\"https:\/\/htiscientific.vn\/#\/schema\/logo\/image\/\",\"url\":\"https:\/\/htiscientific.vn\/wp-content\/uploads\/2025\/03\/ava-hti-copy.jpg\",\"contentUrl\":\"https:\/\/htiscientific.vn\/wp-content\/uploads\/2025\/03\/ava-hti-copy.jpg\",\"width\":700,\"height\":450,\"caption\":\"HTI Scientific\"},\"image\":{\"@id\":\"https:\/\/htiscientific.vn\/#\/schema\/logo\/image\/\"},\"sameAs\":[\"https:\/\/www.facebook.com\/htiscientific.vn\"]}]}<\/script>\n<!-- \/ Yoast SEO plugin. -->","yoast_head_json":{"title":"K\u00eanh d\u1eabn d\u00f2ng \u0111i\u1ec1u khi\u1ec3n b\u1eb1ng m\u00e1y t\u00ednh (m\u1eb7t c\u1eaft: 80x300 mm) - HTI Scientific","robots":{"index":"index","follow":"follow","max-snippet":"max-snippet:-1","max-image-preview":"max-image-preview:large","max-video-preview":"max-video-preview:-1"},"canonical":"https:\/\/htiscientific.vn\/en\/product\/kenh-dan-dong-dieu-khien-bang-may-tinh-mat-cat-80x300-mm\/","og_locale":"en_US","og_type":"article","og_title":"K\u00eanh d\u1eabn d\u00f2ng \u0111i\u1ec1u khi\u1ec3n b\u1eb1ng m\u00e1y t\u00ednh (m\u1eb7t c\u1eaft: 80x300 mm) - HTI Scientific","og_description":"K\u00eanh d\u1eabn n\u01b0\u1edbc \u0111i\u1ec1u khi\u1ec3n b\u1eb1ng m\u00e1y t\u00ednh (CFC - Computer Controlled Flow Channels) d\u1ea1ng h\u00ecnh ch\u1eef nh\u1eadt v\u1edbi th\u00e0nh trong su\u1ed1t, cho ph\u00e9p quan s\u00e1t to\u00e0n b\u1ed9 c\u00e1c th\u00ed nghi\u1ec7m.","og_url":"https:\/\/htiscientific.vn\/en\/product\/kenh-dan-dong-dieu-khien-bang-may-tinh-mat-cat-80x300-mm\/","og_site_name":"HTI Scientific","article_publisher":"https:\/\/www.facebook.com\/htiscientific.vn","article_modified_time":"2025-05-19T06:50:03+00:00","og_image":[{"width":1500,"height":1125,"url":"https:\/\/htiscientific.vn\/wp-content\/uploads\/2025\/03\/kenh-dan-dong-dieu-khien-bang-may-tinh.jpg","type":"image\/jpeg"}],"twitter_card":"summary_large_image","twitter_misc":{"Est. reading time":"4 minutes"},"schema":{"@context":"https:\/\/schema.org","@graph":[{"@type":"WebPage","@id":"https:\/\/htiscientific.vn\/san-pham\/kenh-dan-dong-dieu-khien-bang-may-tinh-mat-cat-80x300-mm\/","url":"https:\/\/htiscientific.vn\/san-pham\/kenh-dan-dong-dieu-khien-bang-may-tinh-mat-cat-80x300-mm\/","name":"K\u00eanh d\u1eabn d\u00f2ng \u0111i\u1ec1u khi\u1ec3n b\u1eb1ng m\u00e1y t\u00ednh (m\u1eb7t c\u1eaft: 80x300 mm) - HTI Scientific","isPartOf":{"@id":"https:\/\/htiscientific.vn\/#website"},"primaryImageOfPage":{"@id":"https:\/\/htiscientific.vn\/san-pham\/kenh-dan-dong-dieu-khien-bang-may-tinh-mat-cat-80x300-mm\/#primaryimage"},"image":{"@id":"https:\/\/htiscientific.vn\/san-pham\/kenh-dan-dong-dieu-khien-bang-may-tinh-mat-cat-80x300-mm\/#primaryimage"},"thumbnailUrl":"https:\/\/htiscientific.vn\/wp-content\/uploads\/2025\/03\/kenh-dan-dong-dieu-khien-bang-may-tinh.jpg","datePublished":"2025-03-31T14:43:20+00:00","dateModified":"2025-05-19T06:50:03+00:00","breadcrumb":{"@id":"https:\/\/htiscientific.vn\/san-pham\/kenh-dan-dong-dieu-khien-bang-may-tinh-mat-cat-80x300-mm\/#breadcrumb"},"inLanguage":"en-US","potentialAction":[{"@type":"ReadAction","target":["https:\/\/htiscientific.vn\/san-pham\/kenh-dan-dong-dieu-khien-bang-may-tinh-mat-cat-80x300-mm\/"]}]},{"@type":"ImageObject","inLanguage":"en-US","@id":"https:\/\/htiscientific.vn\/san-pham\/kenh-dan-dong-dieu-khien-bang-may-tinh-mat-cat-80x300-mm\/#primaryimage","url":"https:\/\/htiscientific.vn\/wp-content\/uploads\/2025\/03\/kenh-dan-dong-dieu-khien-bang-may-tinh.jpg","contentUrl":"https:\/\/htiscientific.vn\/wp-content\/uploads\/2025\/03\/kenh-dan-dong-dieu-khien-bang-may-tinh.jpg","width":1500,"height":1125},{"@type":"BreadcrumbList","@id":"https:\/\/htiscientific.vn\/san-pham\/kenh-dan-dong-dieu-khien-bang-may-tinh-mat-cat-80x300-mm\/#breadcrumb","itemListElement":[{"@type":"ListItem","position":1,"name":"Trang ch\u1ee7","item":"https:\/\/htiscientific.vn\/"},{"@type":"ListItem","position":2,"name":"C\u1eeda h\u00e0ng","item":"https:\/\/htiscientific.vn\/cua-hang\/"},{"@type":"ListItem","position":3,"name":"Thi\u1ebft b\u1ecb gi\u00e1o d\u1ee5c","item":"https:\/\/htiscientific.vn\/danh-muc-san-pham\/thiet-bi-giao-duc\/"},{"@type":"ListItem","position":4,"name":"C\u01a1 h\u1ecdc ch\u1ea5t l\u1ecfng","item":"https:\/\/htiscientific.vn\/danh-muc-san-pham\/thiet-bi-giao-duc\/co-hoc-chat-long\/"},{"@type":"ListItem","position":5,"name":"K\u00eanh d\u1eabn d\u00f2ng \u0111i\u1ec1u khi\u1ec3n b\u1eb1ng m\u00e1y t\u00ednh (m\u1eb7t c\u1eaft: 80&#215;300 mm)"}]},{"@type":"WebSite","@id":"https:\/\/htiscientific.vn\/#website","url":"https:\/\/htiscientific.vn\/","name":"HTI Scientific","description":"HTI Scientific","publisher":{"@id":"https:\/\/htiscientific.vn\/#organization"},"potentialAction":[{"@type":"SearchAction","target":{"@type":"EntryPoint","urlTemplate":"https:\/\/htiscientific.vn\/?s={search_term_string}"},"query-input":{"@type":"PropertyValueSpecification","valueRequired":true,"valueName":"search_term_string"}}],"inLanguage":"en-US"},{"@type":"Organization","@id":"https:\/\/htiscientific.vn\/#organization","name":"HTI Scientific","alternateName":"HTI Scientific","url":"https:\/\/htiscientific.vn\/","logo":{"@type":"ImageObject","inLanguage":"en-US","@id":"https:\/\/htiscientific.vn\/#\/schema\/logo\/image\/","url":"https:\/\/htiscientific.vn\/wp-content\/uploads\/2025\/03\/ava-hti-copy.jpg","contentUrl":"https:\/\/htiscientific.vn\/wp-content\/uploads\/2025\/03\/ava-hti-copy.jpg","width":700,"height":450,"caption":"HTI Scientific"},"image":{"@id":"https:\/\/htiscientific.vn\/#\/schema\/logo\/image\/"},"sameAs":["https:\/\/www.facebook.com\/htiscientific.vn"]}]}},"_links":{"self":[{"href":"https:\/\/htiscientific.vn\/en\/wp-json\/wp\/v2\/product\/1131","targetHints":{"allow":["GET"]}}],"collection":[{"href":"https:\/\/htiscientific.vn\/en\/wp-json\/wp\/v2\/product"}],"about":[{"href":"https:\/\/htiscientific.vn\/en\/wp-json\/wp\/v2\/types\/product"}],"wp:featuredmedia":[{"embeddable":true,"href":"https:\/\/htiscientific.vn\/en\/wp-json\/wp\/v2\/media\/1132"}],"wp:attachment":[{"href":"https:\/\/htiscientific.vn\/en\/wp-json\/wp\/v2\/media?parent=1131"}],"wp:term":[{"taxonomy":"product_brand","embeddable":true,"href":"https:\/\/htiscientific.vn\/en\/wp-json\/wp\/v2\/product_brand?post=1131"},{"taxonomy":"product_cat","embeddable":true,"href":"https:\/\/htiscientific.vn\/en\/wp-json\/wp\/v2\/product_cat?post=1131"},{"taxonomy":"product_tag","embeddable":true,"href":"https:\/\/htiscientific.vn\/en\/wp-json\/wp\/v2\/product_tag?post=1131"}],"curies":[{"name":"wp","href":"https:\/\/api.w.org\/{rel}","templated":true}]}}