{"id":1128,"date":"2025-03-31T21:40:55","date_gmt":"2025-03-31T14:40:55","guid":{"rendered":"https:\/\/htiscientific.vn\/?post_type=product&#038;p=1128"},"modified":"2025-05-19T13:50:07","modified_gmt":"2025-05-19T06:50:07","slug":"thiet-bi-quan-sat-dong-chay-bang-bong-khi-hydro","status":"publish","type":"product","link":"https:\/\/htiscientific.vn\/en\/product\/thiet-bi-quan-sat-dong-chay-bang-bong-khi-hydro\/","title":{"rendered":"Thi\u1ebft b\u1ecb quan s\u00e1t d\u00f2ng ch\u1ea3y b\u1eb1ng b\u00f3ng kh\u00ed hydro"},"content":{"rendered":"<p><span style=\"color: #000000;\"><strong>Thi\u1ebft b\u1ecb quan s\u00e1t d\u00f2ng ch\u1ea3y b\u1eb1ng b\u00f3ng kh\u00ed hydro (UVF):<\/strong><\/span><\/p>\n<ul>\n<li><span style=\"color: #000000;\">Khung nh\u00f4m anod h\u00f3a v\u00e0 c\u00e1c t\u1ea5m panel b\u1eb1ng th\u00e9p s\u01a1n t\u0129nh \u0111i\u1ec7n.<\/span><\/li>\n<li><span style=\"color: #000000;\">Thi\u1ebft b\u1ecb c\u00f3 b\u00e1nh xe \u0111\u1ec3 d\u1ec5 d\u00e0ng di chuy\u1ec3n.<\/span><\/li>\n<li><span style=\"color: #000000;\">C\u00e1c th\u00e0nh ph\u1ea7n kim lo\u1ea1i ch\u00ednh \u0111\u01b0\u1ee3c l\u00e0m b\u1eb1ng th\u00e9p kh\u00f4ng g\u1ec9.<\/span><\/li>\n<li><span style=\"color: #000000;\">M\u1eb7t tr\u01b0\u1edbc c\u00f3 s\u01a1 \u0111\u1ed3 b\u1ed1 tr\u00ed c\u00e1c th\u00e0nh ph\u1ea7n t\u01b0\u01a1ng t\u1ef1 nh\u01b0 th\u1ef1c t\u1ebf.<\/span><\/li>\n<li><span style=\"color: #000000;\">B\u1ec3 ch\u1ee9a b\u1eb1ng s\u1ee3i th\u1ee7y tinh v\u1edbi dung t\u00edch 25 l\u00edt.<\/span><\/li>\n<\/ul>\n<p><span style=\"color: #000000;\"><strong>M\u00e1y b\u01a1m ch\u00ecm \u0111i\u1ec1u ch\u1ec9nh t\u1ed1c \u0111\u1ed9:<\/strong><\/span><\/p>\n<ul>\n<li><span style=\"color: #000000;\">L\u01b0u l\u01b0\u1ee3ng t\u1ed1i \u0111a: 1320 l\/h.<\/span><\/li>\n<li><span style=\"color: #000000;\">C\u1ed9t \u00e1p t\u1ed1i \u0111a: 14 m.<\/span><\/li>\n<li><span style=\"color: #000000;\">B\u1ed9 ch\u1ec9nh d\u00f2ng v\u00e0 c\u1eeda v\u00e0o \u0111\u1ec3 t\u1ea1o d\u00f2ng ch\u1ea3y \u0111\u1ed3ng \u0111\u1ec1u, kh\u00f4ng g\u00e2y nhi\u1ec5u lo\u1ea1n.<\/span><\/li>\n<\/ul>\n<p><span style=\"color: #000000;\"><strong>Bu\u1ed3ng l\u00e0m vi\u1ec7c (600 x 290 mm), bao g\u1ed3m:<\/strong><\/span><\/p>\n<ul>\n<li><span style=\"color: #000000;\">C\u1eeda x\u1ea3 \u0111\u1ec3 \u0111i\u1ec1u ch\u1ec9nh \u0111\u1ed9 s\u00e2u c\u1ee7a bu\u1ed3ng l\u00e0m vi\u1ec7c.<\/span><\/li>\n<li><span style=\"color: #000000;\">T\u1ea5m anod b\u1eb1ng th\u00e9p kh\u00f4ng g\u1ec9 d\u00e0y 1 mm.<\/span><\/li>\n<li><span style=\"color: #000000;\">Ba d\u00e2y platin \u0111\u01b0\u1eddng k\u00ednh 0,2 mm v\u1edbi c\u00e1c chi\u1ec1u d\u00e0i kh\u00e1c nhau (30 mm, 50 mm, 75 mm) \u0111\u00f3ng vai tr\u00f2 cathode c\u00f3 th\u1ec3 thay \u0111\u1ed5i.<\/span><\/li>\n<li><span style=\"color: #000000;\">Ba gi\u00e1 \u0111\u1ee1 d\u1ea1ng ng\u1ea1nh \u0111\u1ec3 gi\u1eef cathode.<\/span><\/li>\n<\/ul>\n<p><span style=\"color: #000000;\"><strong>B\u1ed9 t\u1ea1o bong b\u00f3ng:<\/strong><\/span><\/p>\n<ul>\n<li><span style=\"color: #000000;\">C\u01b0\u1eddng \u0111\u1ed9 d\u00f2ng t\u1ed1i \u0111a: 450 mA.<\/span><\/li>\n<li><span style=\"color: #000000;\">Th\u1eddi gian t\u1ea1m d\u1eebng: 0 \u2013 2000 ms.<\/span><\/li>\n<li><span style=\"color: #000000;\">Th\u1eddi gian xung: 0 \u2013 2000 ms.<\/span><\/li>\n<li><span style=\"color: #000000;\">B\u1ed9 \u0111\u00e8n LED chi\u1ebfu s\u00e1ng tr\u1eafng d\u01b0\u1edbi n\u01b0\u1edbc v\u1edbi c\u01b0\u1eddng \u0111\u1ed9 c\u00f3 th\u1ec3 \u0111i\u1ec1u ch\u1ec9nh.<\/span><\/li>\n<\/ul>\n<p><span style=\"color: #000000;\"><strong>Vali ch\u1ee9a b\u1ed9 m\u00f4 h\u00ecnh, bao g\u1ed3m:<\/strong><\/span><\/p>\n<ul>\n<li><span style=\"color: #000000;\">B\u1ed1n xi-lanh PVC v\u1edbi c\u00e1c k\u00edch th\u01b0\u1edbc kh\u00e1c nhau (\u0111\u01b0\u1eddng k\u00ednh 6 mm, 12 mm, 19 mm, 25 mm).<\/span><\/li>\n<li><span style=\"color: #000000;\">Kh\u1ed1i h\u00ecnh ch\u1eef nh\u1eadt PVC (70 x 40 x 25 mm).<\/span><\/li>\n<li><span style=\"color: #000000;\">Hai thanh d\u1eabn th\u1eb3ng d\u00e0i 330 mm.<\/span><\/li>\n<li><span style=\"color: #000000;\">M\u1ed9t c\u00e1nh kh\u00ed \u0111\u1ed9ng h\u1ecdc b\u1eb1ng methacrylate.<\/span><\/li>\n<li><span style=\"color: #000000;\">M\u1ed9t t\u1ea5m ph\u1eb3ng b\u1eb1ng methacrylate v\u1edbi hai \u0111\u1ea7u bo tr\u00f2n.<\/span><\/li>\n<li><span style=\"color: #000000;\">M\u1ed9t t\u1ea5m ph\u1eb3ng b\u1eb1ng methacrylate v\u1edbi m\u1ed9t \u0111\u1ea7u tam gi\u00e1c v\u00e0 m\u1ed9t \u0111\u1ea7u ch\u1eef nh\u1eadt.<\/span><\/li>\n<li><span style=\"color: #000000;\">Hai t\u1ea5m cong b\u1eb1ng methacrylate.<\/span><\/li>\n<\/ul>\n<p><span style=\"color: #000000;\"><strong>B\u1ea3ng \u0111i\u1ec1u khi\u1ec3n bao g\u1ed3m:<\/strong><\/span><\/p>\n<ul>\n<li><span style=\"color: #000000;\">H\u1ed9p kim lo\u1ea1i. C\u00f4ng t\u1eafc ch\u00ednh.<\/span><\/li>\n<li><span style=\"color: #000000;\">C\u00f4ng t\u1eafc v\u00e0 b\u1ed9 \u0111i\u1ec1u ch\u1ec9nh d\u00f2ng \u0111i\u1ec7n m\u1ed9t chi\u1ec1u (DC).<\/span><\/li>\n<li><span style=\"color: #000000;\">M\u00e0n h\u00ecnh k\u1ef9 thu\u1eadt s\u1ed1 hi\u1ec3n th\u1ecb d\u00f2ng \u0111i\u1ec7n DC.<\/span><\/li>\n<li><span style=\"color: #000000;\">C\u00f4ng t\u1eafc v\u00e0 b\u1ed9 \u0111i\u1ec1u ch\u1ec9nh th\u1eddi gian xung v\u00e0 th\u1eddi gian t\u1ea1m d\u1eebng c\u1ee7a d\u00f2ng \u0111i\u1ec7n.<\/span><\/li>\n<li><span style=\"color: #000000;\">M\u00e0n h\u00ecnh k\u1ef9 thu\u1eadt s\u1ed1 hi\u1ec3n th\u1ecb th\u1eddi gian xung v\u00e0 th\u1eddi gian t\u1ea1m d\u1eebng.<\/span><\/li>\n<li><span style=\"color: #000000;\">C\u00e1p v\u00e0 ph\u1ee5 ki\u1ec7n ph\u1ee5c v\u1ee5 v\u1eadn h\u00e0nh ti\u00eau chu\u1ea9n.<\/span><\/li>\n<li><span style=\"color: #000000;\">T\u00e0i li\u1ec7u h\u01b0\u1edbng d\u1eabn: Thi\u1ebft b\u1ecb \u0111i k\u00e8m c\u00e1c h\u01b0\u1edbng d\u1eabn chi ti\u1ebft v\u1ec1 y\u00eau c\u1ea7u k\u1ef9 thu\u1eadt, l\u1eafp \u0111\u1eb7t, v\u1eadn h\u00e0nh, an to\u00e0n, b\u1ea3o tr\u00ec v\u00e0 th\u1ef1c h\u00e0nh th\u00ed nghi\u1ec7m.<\/span><\/li>\n<\/ul>\n<p><span style=\"color: #000000;\">K\u00edch th\u01b0\u1edbc: 1500 x 700 x 900 mm (x\u1ea5p x\u1ec9 59.05 x 27.55 x 35.43 inch).<\/span><\/p>\n<p><span style=\"color: #000000;\">Tr\u1ecdng l\u01b0\u1ee3ng: 25 kg (x\u1ea5p x\u1ec9 55 pounds).<\/span><\/p>","protected":false},"excerpt":{"rendered":"<p><span style=\"color: #000000;\">Thi\u1ebft b\u1ecb quan s\u00e1t d\u00f2ng ch\u1ea3y b\u1eb1ng b\u00f3ng kh\u00ed hydro (UVF &#8211; Hydrogen Bubble Flow Visualization Unit) l\u00e0 m\u1ed9t thi\u1ebft b\u1ecb \u0111\u1eb7c bi\u1ec7t h\u1eefu \u00edch \u0111\u1ec3 hi\u1ec3u c\u00e1c m\u00f4 h\u00ecnh d\u00f2ng ch\u1ea3y ph\u1ee9c t\u1ea1p khi n\u01b0\u1edbc ch\u1ea3y quanh c\u00e1c v\u1eadt th\u1ec3 r\u1eafn.<\/span><\/p>","protected":false},"featured_media":1129,"template":"","meta":{"inline_featured_image":false},"product_brand":[47],"product_cat":[91,90],"product_tag":[],"class_list":{"0":"post-1128","1":"product","2":"type-product","3":"status-publish","4":"has-post-thumbnail","6":"product_brand-edibon","7":"product_cat-co-hoc-chat-long","8":"product_cat-thiet-bi-giao-duc","10":"first","11":"instock","12":"featured","13":"shipping-taxable","14":"product-type-simple"},"yoast_head":"<!-- This site is optimized with the Yoast SEO plugin v24.7 - https:\/\/yoast.com\/wordpress\/plugins\/seo\/ -->\n<title>Thi\u1ebft b\u1ecb quan s\u00e1t d\u00f2ng ch\u1ea3y b\u1eb1ng b\u00f3ng kh\u00ed hydro - HTI Scientific<\/title>\n<meta name=\"robots\" content=\"index, follow, max-snippet:-1, max-image-preview:large, max-video-preview:-1\" \/>\n<link rel=\"canonical\" href=\"https:\/\/htiscientific.vn\/en\/product\/thiet-bi-quan-sat-dong-chay-bang-bong-khi-hydro\/\" \/>\n<meta property=\"og:locale\" content=\"en_US\" \/>\n<meta property=\"og:type\" content=\"article\" \/>\n<meta property=\"og:title\" content=\"Thi\u1ebft b\u1ecb quan s\u00e1t d\u00f2ng ch\u1ea3y b\u1eb1ng b\u00f3ng kh\u00ed hydro - HTI Scientific\" \/>\n<meta property=\"og:description\" content=\"Thi\u1ebft b\u1ecb quan s\u00e1t d\u00f2ng ch\u1ea3y b\u1eb1ng b\u00f3ng kh\u00ed hydro (UVF - Hydrogen Bubble Flow Visualization Unit) l\u00e0 m\u1ed9t thi\u1ebft b\u1ecb \u0111\u1eb7c bi\u1ec7t h\u1eefu \u00edch \u0111\u1ec3 hi\u1ec3u c\u00e1c m\u00f4 h\u00ecnh d\u00f2ng ch\u1ea3y ph\u1ee9c t\u1ea1p khi n\u01b0\u1edbc ch\u1ea3y quanh c\u00e1c v\u1eadt th\u1ec3 r\u1eafn.\" \/>\n<meta property=\"og:url\" content=\"https:\/\/htiscientific.vn\/en\/product\/thiet-bi-quan-sat-dong-chay-bang-bong-khi-hydro\/\" \/>\n<meta property=\"og:site_name\" content=\"HTI Scientific\" \/>\n<meta property=\"article:publisher\" content=\"https:\/\/www.facebook.com\/htiscientific.vn\" \/>\n<meta property=\"article:modified_time\" content=\"2025-05-19T06:50:07+00:00\" \/>\n<meta property=\"og:image\" content=\"https:\/\/htiscientific.vn\/wp-content\/uploads\/2025\/03\/thiet-bi-quan-sat-dong-chay-bang-bong-khi-hydro.jpg\" \/>\n\t<meta property=\"og:image:width\" content=\"1500\" \/>\n\t<meta property=\"og:image:height\" content=\"1125\" \/>\n\t<meta property=\"og:image:type\" content=\"image\/jpeg\" \/>\n<meta name=\"twitter:card\" content=\"summary_large_image\" \/>\n<meta name=\"twitter:label1\" content=\"Est. reading time\" \/>\n\t<meta name=\"twitter:data1\" content=\"3 minutes\" \/>\n<script type=\"application\/ld+json\" class=\"yoast-schema-graph\">{\"@context\":\"https:\/\/schema.org\",\"@graph\":[{\"@type\":\"WebPage\",\"@id\":\"https:\/\/htiscientific.vn\/san-pham\/thiet-bi-quan-sat-dong-chay-bang-bong-khi-hydro\/\",\"url\":\"https:\/\/htiscientific.vn\/san-pham\/thiet-bi-quan-sat-dong-chay-bang-bong-khi-hydro\/\",\"name\":\"Thi\u1ebft b\u1ecb quan s\u00e1t d\u00f2ng ch\u1ea3y b\u1eb1ng b\u00f3ng kh\u00ed hydro - HTI Scientific\",\"isPartOf\":{\"@id\":\"https:\/\/htiscientific.vn\/#website\"},\"primaryImageOfPage\":{\"@id\":\"https:\/\/htiscientific.vn\/san-pham\/thiet-bi-quan-sat-dong-chay-bang-bong-khi-hydro\/#primaryimage\"},\"image\":{\"@id\":\"https:\/\/htiscientific.vn\/san-pham\/thiet-bi-quan-sat-dong-chay-bang-bong-khi-hydro\/#primaryimage\"},\"thumbnailUrl\":\"https:\/\/htiscientific.vn\/wp-content\/uploads\/2025\/03\/thiet-bi-quan-sat-dong-chay-bang-bong-khi-hydro.jpg\",\"datePublished\":\"2025-03-31T14:40:55+00:00\",\"dateModified\":\"2025-05-19T06:50:07+00:00\",\"breadcrumb\":{\"@id\":\"https:\/\/htiscientific.vn\/san-pham\/thiet-bi-quan-sat-dong-chay-bang-bong-khi-hydro\/#breadcrumb\"},\"inLanguage\":\"en-US\",\"potentialAction\":[{\"@type\":\"ReadAction\",\"target\":[\"https:\/\/htiscientific.vn\/san-pham\/thiet-bi-quan-sat-dong-chay-bang-bong-khi-hydro\/\"]}]},{\"@type\":\"ImageObject\",\"inLanguage\":\"en-US\",\"@id\":\"https:\/\/htiscientific.vn\/san-pham\/thiet-bi-quan-sat-dong-chay-bang-bong-khi-hydro\/#primaryimage\",\"url\":\"https:\/\/htiscientific.vn\/wp-content\/uploads\/2025\/03\/thiet-bi-quan-sat-dong-chay-bang-bong-khi-hydro.jpg\",\"contentUrl\":\"https:\/\/htiscientific.vn\/wp-content\/uploads\/2025\/03\/thiet-bi-quan-sat-dong-chay-bang-bong-khi-hydro.jpg\",\"width\":1500,\"height\":1125},{\"@type\":\"BreadcrumbList\",\"@id\":\"https:\/\/htiscientific.vn\/san-pham\/thiet-bi-quan-sat-dong-chay-bang-bong-khi-hydro\/#breadcrumb\",\"itemListElement\":[{\"@type\":\"ListItem\",\"position\":1,\"name\":\"Trang ch\u1ee7\",\"item\":\"https:\/\/htiscientific.vn\/\"},{\"@type\":\"ListItem\",\"position\":2,\"name\":\"C\u1eeda h\u00e0ng\",\"item\":\"https:\/\/htiscientific.vn\/cua-hang\/\"},{\"@type\":\"ListItem\",\"position\":3,\"name\":\"Thi\u1ebft b\u1ecb gi\u00e1o d\u1ee5c\",\"item\":\"https:\/\/htiscientific.vn\/danh-muc-san-pham\/thiet-bi-giao-duc\/\"},{\"@type\":\"ListItem\",\"position\":4,\"name\":\"C\u01a1 h\u1ecdc ch\u1ea5t l\u1ecfng\",\"item\":\"https:\/\/htiscientific.vn\/danh-muc-san-pham\/thiet-bi-giao-duc\/co-hoc-chat-long\/\"},{\"@type\":\"ListItem\",\"position\":5,\"name\":\"Thi\u1ebft b\u1ecb quan s\u00e1t d\u00f2ng ch\u1ea3y b\u1eb1ng b\u00f3ng kh\u00ed hydro\"}]},{\"@type\":\"WebSite\",\"@id\":\"https:\/\/htiscientific.vn\/#website\",\"url\":\"https:\/\/htiscientific.vn\/\",\"name\":\"HTI Scientific\",\"description\":\"HTI Scientific\",\"publisher\":{\"@id\":\"https:\/\/htiscientific.vn\/#organization\"},\"potentialAction\":[{\"@type\":\"SearchAction\",\"target\":{\"@type\":\"EntryPoint\",\"urlTemplate\":\"https:\/\/htiscientific.vn\/?s={search_term_string}\"},\"query-input\":{\"@type\":\"PropertyValueSpecification\",\"valueRequired\":true,\"valueName\":\"search_term_string\"}}],\"inLanguage\":\"en-US\"},{\"@type\":\"Organization\",\"@id\":\"https:\/\/htiscientific.vn\/#organization\",\"name\":\"HTI Scientific\",\"alternateName\":\"HTI Scientific\",\"url\":\"https:\/\/htiscientific.vn\/\",\"logo\":{\"@type\":\"ImageObject\",\"inLanguage\":\"en-US\",\"@id\":\"https:\/\/htiscientific.vn\/#\/schema\/logo\/image\/\",\"url\":\"https:\/\/htiscientific.vn\/wp-content\/uploads\/2025\/03\/ava-hti-copy.jpg\",\"contentUrl\":\"https:\/\/htiscientific.vn\/wp-content\/uploads\/2025\/03\/ava-hti-copy.jpg\",\"width\":700,\"height\":450,\"caption\":\"HTI Scientific\"},\"image\":{\"@id\":\"https:\/\/htiscientific.vn\/#\/schema\/logo\/image\/\"},\"sameAs\":[\"https:\/\/www.facebook.com\/htiscientific.vn\"]}]}<\/script>\n<!-- \/ Yoast SEO plugin. -->","yoast_head_json":{"title":"Thi\u1ebft b\u1ecb quan s\u00e1t d\u00f2ng ch\u1ea3y b\u1eb1ng b\u00f3ng kh\u00ed hydro - HTI Scientific","robots":{"index":"index","follow":"follow","max-snippet":"max-snippet:-1","max-image-preview":"max-image-preview:large","max-video-preview":"max-video-preview:-1"},"canonical":"https:\/\/htiscientific.vn\/en\/product\/thiet-bi-quan-sat-dong-chay-bang-bong-khi-hydro\/","og_locale":"en_US","og_type":"article","og_title":"Thi\u1ebft b\u1ecb quan s\u00e1t d\u00f2ng ch\u1ea3y b\u1eb1ng b\u00f3ng kh\u00ed hydro - HTI Scientific","og_description":"Thi\u1ebft b\u1ecb quan s\u00e1t d\u00f2ng ch\u1ea3y b\u1eb1ng b\u00f3ng kh\u00ed hydro (UVF - Hydrogen Bubble Flow Visualization Unit) l\u00e0 m\u1ed9t thi\u1ebft b\u1ecb \u0111\u1eb7c bi\u1ec7t h\u1eefu \u00edch \u0111\u1ec3 hi\u1ec3u c\u00e1c m\u00f4 h\u00ecnh d\u00f2ng ch\u1ea3y ph\u1ee9c t\u1ea1p khi n\u01b0\u1edbc ch\u1ea3y quanh c\u00e1c v\u1eadt th\u1ec3 r\u1eafn.","og_url":"https:\/\/htiscientific.vn\/en\/product\/thiet-bi-quan-sat-dong-chay-bang-bong-khi-hydro\/","og_site_name":"HTI Scientific","article_publisher":"https:\/\/www.facebook.com\/htiscientific.vn","article_modified_time":"2025-05-19T06:50:07+00:00","og_image":[{"width":1500,"height":1125,"url":"https:\/\/htiscientific.vn\/wp-content\/uploads\/2025\/03\/thiet-bi-quan-sat-dong-chay-bang-bong-khi-hydro.jpg","type":"image\/jpeg"}],"twitter_card":"summary_large_image","twitter_misc":{"Est. reading time":"3 minutes"},"schema":{"@context":"https:\/\/schema.org","@graph":[{"@type":"WebPage","@id":"https:\/\/htiscientific.vn\/san-pham\/thiet-bi-quan-sat-dong-chay-bang-bong-khi-hydro\/","url":"https:\/\/htiscientific.vn\/san-pham\/thiet-bi-quan-sat-dong-chay-bang-bong-khi-hydro\/","name":"Thi\u1ebft b\u1ecb quan s\u00e1t d\u00f2ng ch\u1ea3y b\u1eb1ng b\u00f3ng kh\u00ed hydro - HTI Scientific","isPartOf":{"@id":"https:\/\/htiscientific.vn\/#website"},"primaryImageOfPage":{"@id":"https:\/\/htiscientific.vn\/san-pham\/thiet-bi-quan-sat-dong-chay-bang-bong-khi-hydro\/#primaryimage"},"image":{"@id":"https:\/\/htiscientific.vn\/san-pham\/thiet-bi-quan-sat-dong-chay-bang-bong-khi-hydro\/#primaryimage"},"thumbnailUrl":"https:\/\/htiscientific.vn\/wp-content\/uploads\/2025\/03\/thiet-bi-quan-sat-dong-chay-bang-bong-khi-hydro.jpg","datePublished":"2025-03-31T14:40:55+00:00","dateModified":"2025-05-19T06:50:07+00:00","breadcrumb":{"@id":"https:\/\/htiscientific.vn\/san-pham\/thiet-bi-quan-sat-dong-chay-bang-bong-khi-hydro\/#breadcrumb"},"inLanguage":"en-US","potentialAction":[{"@type":"ReadAction","target":["https:\/\/htiscientific.vn\/san-pham\/thiet-bi-quan-sat-dong-chay-bang-bong-khi-hydro\/"]}]},{"@type":"ImageObject","inLanguage":"en-US","@id":"https:\/\/htiscientific.vn\/san-pham\/thiet-bi-quan-sat-dong-chay-bang-bong-khi-hydro\/#primaryimage","url":"https:\/\/htiscientific.vn\/wp-content\/uploads\/2025\/03\/thiet-bi-quan-sat-dong-chay-bang-bong-khi-hydro.jpg","contentUrl":"https:\/\/htiscientific.vn\/wp-content\/uploads\/2025\/03\/thiet-bi-quan-sat-dong-chay-bang-bong-khi-hydro.jpg","width":1500,"height":1125},{"@type":"BreadcrumbList","@id":"https:\/\/htiscientific.vn\/san-pham\/thiet-bi-quan-sat-dong-chay-bang-bong-khi-hydro\/#breadcrumb","itemListElement":[{"@type":"ListItem","position":1,"name":"Trang ch\u1ee7","item":"https:\/\/htiscientific.vn\/"},{"@type":"ListItem","position":2,"name":"C\u1eeda h\u00e0ng","item":"https:\/\/htiscientific.vn\/cua-hang\/"},{"@type":"ListItem","position":3,"name":"Thi\u1ebft b\u1ecb gi\u00e1o d\u1ee5c","item":"https:\/\/htiscientific.vn\/danh-muc-san-pham\/thiet-bi-giao-duc\/"},{"@type":"ListItem","position":4,"name":"C\u01a1 h\u1ecdc ch\u1ea5t l\u1ecfng","item":"https:\/\/htiscientific.vn\/danh-muc-san-pham\/thiet-bi-giao-duc\/co-hoc-chat-long\/"},{"@type":"ListItem","position":5,"name":"Thi\u1ebft b\u1ecb quan s\u00e1t d\u00f2ng ch\u1ea3y b\u1eb1ng b\u00f3ng kh\u00ed hydro"}]},{"@type":"WebSite","@id":"https:\/\/htiscientific.vn\/#website","url":"https:\/\/htiscientific.vn\/","name":"HTI Scientific","description":"HTI Scientific","publisher":{"@id":"https:\/\/htiscientific.vn\/#organization"},"potentialAction":[{"@type":"SearchAction","target":{"@type":"EntryPoint","urlTemplate":"https:\/\/htiscientific.vn\/?s={search_term_string}"},"query-input":{"@type":"PropertyValueSpecification","valueRequired":true,"valueName":"search_term_string"}}],"inLanguage":"en-US"},{"@type":"Organization","@id":"https:\/\/htiscientific.vn\/#organization","name":"HTI Scientific","alternateName":"HTI Scientific","url":"https:\/\/htiscientific.vn\/","logo":{"@type":"ImageObject","inLanguage":"en-US","@id":"https:\/\/htiscientific.vn\/#\/schema\/logo\/image\/","url":"https:\/\/htiscientific.vn\/wp-content\/uploads\/2025\/03\/ava-hti-copy.jpg","contentUrl":"https:\/\/htiscientific.vn\/wp-content\/uploads\/2025\/03\/ava-hti-copy.jpg","width":700,"height":450,"caption":"HTI Scientific"},"image":{"@id":"https:\/\/htiscientific.vn\/#\/schema\/logo\/image\/"},"sameAs":["https:\/\/www.facebook.com\/htiscientific.vn"]}]}},"_links":{"self":[{"href":"https:\/\/htiscientific.vn\/en\/wp-json\/wp\/v2\/product\/1128","targetHints":{"allow":["GET"]}}],"collection":[{"href":"https:\/\/htiscientific.vn\/en\/wp-json\/wp\/v2\/product"}],"about":[{"href":"https:\/\/htiscientific.vn\/en\/wp-json\/wp\/v2\/types\/product"}],"wp:featuredmedia":[{"embeddable":true,"href":"https:\/\/htiscientific.vn\/en\/wp-json\/wp\/v2\/media\/1129"}],"wp:attachment":[{"href":"https:\/\/htiscientific.vn\/en\/wp-json\/wp\/v2\/media?parent=1128"}],"wp:term":[{"taxonomy":"product_brand","embeddable":true,"href":"https:\/\/htiscientific.vn\/en\/wp-json\/wp\/v2\/product_brand?post=1128"},{"taxonomy":"product_cat","embeddable":true,"href":"https:\/\/htiscientific.vn\/en\/wp-json\/wp\/v2\/product_cat?post=1128"},{"taxonomy":"product_tag","embeddable":true,"href":"https:\/\/htiscientific.vn\/en\/wp-json\/wp\/v2\/product_tag?post=1128"}],"curies":[{"name":"wp","href":"https:\/\/api.w.org\/{rel}","templated":true}]}}