{"id":1125,"date":"2025-03-31T21:32:30","date_gmt":"2025-03-31T14:32:30","guid":{"rendered":"https:\/\/htiscientific.vn\/?post_type=product&#038;p=1125"},"modified":"2025-05-19T13:50:12","modified_gmt":"2025-05-19T06:50:12","slug":"bo-mo-phong-luu-luong-ke","status":"publish","type":"product","link":"https:\/\/htiscientific.vn\/en\/product\/bo-mo-phong-luu-luong-ke\/","title":{"rendered":"B\u1ed9 m\u00f4 ph\u1ecfng l\u01b0u l\u01b0\u1ee3ng k\u1ebf"},"content":{"rendered":"<p><span style=\"color: #000000;\"><strong>FMDU-UB. B\u1ed9 FMDU c\u01a1 b\u1ea3n<\/strong><\/span><\/p>\n<ul>\n<li><span style=\"color: #000000;\">Thi\u1ebft b\u1ecb \u0111\u1ed9c l\u1eadp \u0111\u1ec3 minh h\u1ecda c\u00e1c \u0111\u1eb7c t\u00ednh c\u1ee7a l\u01b0u l\u01b0\u1ee3ng k\u1ebf \u0111\u01b0\u1ee3c s\u1eed d\u1ee5ng trong \u0111o l\u01b0u l\u01b0\u1ee3ng n\u01b0\u1edbc qua \u1ed1ng d\u1eabn ho\u1eb7c k\u00eanh h\u1edf.<\/span><\/li>\n<li><span style=\"color: #000000;\">Khung b\u1eb1ng nh\u00f4m anod h\u00f3a v\u00e0 c\u00e1c t\u1ea5m b\u1eb1ng th\u00e9p s\u01a1n ph\u1ee7.<\/span><\/li>\n<li><span style=\"color: #000000;\">Thi\u1ebft b\u1ecb c\u00f3 b\u00e1nh xe \u0111\u1ec3 d\u1ec5 d\u00e0ng di chuy\u1ec3n.<\/span><\/li>\n<li><span style=\"color: #000000;\">C\u00e1c th\u00e0nh ph\u1ea7n kim lo\u1ea1i ch\u00ednh l\u00e0m b\u1eb1ng th\u00e9p kh\u00f4ng g\u1ec9.<\/span><\/li>\n<li><span style=\"color: #000000;\">S\u01a1 \u0111\u1ed3 \u1edf b\u1ea3ng \u0111i\u1ec1u khi\u1ec3n ph\u00eda tr\u01b0\u1edbc m\u00f4 ph\u1ecfng b\u1ed1 tr\u00ed th\u1ef1c t\u1ebf c\u1ee7a c\u00e1c th\u00e0nh ph\u1ea7n.<\/span><\/li>\n<\/ul>\n<p><span style=\"color: #000000;\"><strong>M\u1ea1ch \u1ed1ng bao g\u1ed3m:<\/strong><\/span><\/p>\n<ul>\n<li><span style=\"color: #000000;\">Van \u0111i\u1ec1u ch\u1ec9nh l\u01b0u l\u01b0\u1ee3ng.<\/span><\/li>\n<li><span style=\"color: #000000;\">Nhi\u1ec1u c\u1ed5ng \u0111o \u00e1p su\u1ea5t.<\/span><\/li>\n<li><span style=\"color: #000000;\">Thi\u1ebft b\u1ecb cu\u1ed1n kh\u00ed.<\/span><\/li>\n<li><span style=\"color: #000000;\">\u1ed0ng m\u1ec1m \u0111\u1ec3 k\u1ebft n\u1ed1i v\u1edbi b\u00e0n th\u1ee7y l\u1ef1c.<\/span><\/li>\n<li><span style=\"color: #000000;\">C\u00e1c \u1ed1ng b\u1ed5 sung \u0111\u1ec3 thay \u0111\u1ed5i c\u1ea5u h\u00ecnh m\u1ea1ch \u1ed1ng.<\/span><\/li>\n<li><span style=\"color: #000000;\">\u00c1p k\u1ebf n\u01b0\u1edbc d\u00e0i 1 m v\u00e0 hai \u00e1p k\u1ebf Bourdon t\u1eeb 0 \u2013 2.5 bar, \u0111\u1ed9 ch\u00ednh x\u00e1c 1%, \u0111\u1ec3 \u0111o \u0111\u1ed9 s\u1ee5t \u00e1p.<\/span><\/li>\n<li><span style=\"color: #000000;\">L\u01b0u l\u01b0\u1ee3ng k\u1ebf \u0111\u01b0\u1ee3c l\u1eafp trong c\u00e1c \u1ed1ng c\u00f3 th\u1ec3 d\u1ec5 d\u00e0ng l\u1eafp \u0111\u1eb7t v\u00e0o khu v\u1ef1c th\u1eed nghi\u1ec7m.<\/span><\/li>\n<li><span style=\"color: #000000;\">D\u1ec5 d\u00e0ng th\u00e1o l\u1eafp c\u00e1c \u1ed1ng c\u00f3 l\u01b0u l\u01b0\u1ee3ng k\u1ebf \u0111\u1ec3 \u0111\u00e1nh gi\u00e1 v\u00e0 ki\u1ec3m tra.<\/span><\/li>\n<li><span style=\"color: #000000;\">L\u01b0u l\u01b0\u1ee3ng k\u1ebf c\u00f3 th\u1ec3 ho\u1ea1t \u0111\u1ed9ng \u0111\u1ed9c l\u1eadp \u0111\u1ec3 h\u1ed7 tr\u1ee3 nghi\u00ean c\u1ee9u ho\u1eb7c d\u1ef1 \u00e1n sinh vi\u00ean.<\/span><\/li>\n<\/ul>\n<p><span style=\"color: #000000;\"><strong>B\u00e0n th\u1ee7y l\u1ef1c:<\/strong><\/span><\/p>\n<ul>\n<li><span style=\"color: #000000;\">B\u00e0n th\u1ee7y l\u1ef1c di \u0111\u1ed9ng, l\u00e0m b\u1eb1ng polyester gia c\u1ed1 s\u1ee3i th\u1ee7y tinh, c\u00f3 b\u00e1nh xe di chuy\u1ec3n.<\/span><\/li>\n<li><span style=\"color: #000000;\">B\u01a1m ly t\u00e2m, c\u00f4ng su\u1ea5t 0,55 kW, \u00e1p su\u1ea5t 2,5 bar, l\u01b0u l\u01b0\u1ee3ng 150 l\/ph\u00fat, \u0111i\u1ec7n m\u1ed9t pha 200 VAC \u2013 240 VAC\/50 Hz ho\u1eb7c 110 VAC \u2013 127 VAC\/60 Hz. Kh\u1edfi \u0111\u1ed9ng b\u1eb1ng c\u1ea7u dao b\u01a1m.<\/span><\/li>\n<li><span style=\"color: #000000;\">Dung t\u00edch b\u1ec3 ch\u1ee9a: 165 l\u00edt.<\/span><\/li>\n<li><span style=\"color: #000000;\">K\u00eanh nh\u1ecf: 8 l\u00edt.<\/span><\/li>\n<li><span style=\"color: #000000;\">\u0110o l\u01b0u l\u01b0\u1ee3ng: b\u1ec3 \u0111o th\u1ec3 t\u00edch, chia v\u1ea1ch t\u1eeb 0 \u2013 7 l\u00edt cho l\u01b0u l\u01b0\u1ee3ng th\u1ea5p v\u00e0 t\u1eeb 0 \u2013 40 l\u00edt cho l\u01b0u l\u01b0\u1ee3ng cao.<\/span><\/li>\n<li><span style=\"color: #000000;\">Van x\u1ea3 \u0111i\u1ec1u khi\u1ec3n b\u1eb1ng tay t\u1eeb xa \u1edf \u0111\u00e1y b\u1ec3 \u0111o th\u1ec3 t\u00edch.<\/span><\/li>\n<li><span style=\"color: #000000;\">\u1ed0ng \u0111o m\u1ee9c v\u1edbi thang chia \u0111\u1ec3 hi\u1ec3n th\u1ecb m\u1ef1c n\u01b0\u1edbc trong b\u1ec3 tr\u00ean.<\/span><\/li>\n<li><span style=\"color: #000000;\">T\u1ea5m ch\u1eafn gi\u1ea3m dao \u0111\u1ed9ng d\u00f2ng ch\u1ea3y.<\/span><\/li>\n<li><span style=\"color: #000000;\">L\u00e0m t\u1eeb v\u1eadt li\u1ec7u ch\u1ed1ng \u0103n m\u00f2n, \u0111\u1ea3m b\u1ea3o tu\u1ed5i th\u1ecd d\u00e0i.<\/span><\/li>\n<li><span style=\"color: #000000;\">\u0110\u00e8n b\u00e1o an to\u00e0n v\u00e0 ti\u1ebfp x\u00fac.<\/span><\/li>\n<li><span style=\"color: #000000;\">K\u00e8m theo c\u00e1p v\u00e0 ph\u1ee5 ki\u1ec7n cho ho\u1ea1t \u0111\u1ed9ng b\u00ecnh th\u01b0\u1eddng.<\/span><\/li>\n<\/ul>\n<p><span style=\"color: #000000;\"><strong>T\u00e0i li\u1ec7u h\u01b0\u1edbng d\u1eabn:<\/strong><\/span><br \/>\n<span style=\"color: #000000;\">Thi\u1ebft b\u1ecb \u0111\u01b0\u1ee3c cung c\u1ea5p k\u00e8m c\u00e1c t\u00e0i li\u1ec7u sau:<\/span><\/p>\n<ul>\n<li><span style=\"color: #000000;\">D\u1ecbch v\u1ee5 y\u00eau c\u1ea7u<\/span><\/li>\n<li><span style=\"color: #000000;\">L\u1eafp r\u00e1p v\u00e0 c\u00e0i \u0111\u1eb7t<\/span><\/li>\n<li><span style=\"color: #000000;\">Kh\u1edfi \u0111\u1ed9ng<\/span><\/li>\n<li><span style=\"color: #000000;\">An to\u00e0n<\/span><\/li>\n<li><span style=\"color: #000000;\">B\u1ea3o tr\u00ec &amp; Th\u1ef1c h\u00e0nh<\/span><\/li>\n<\/ul>\n<p><span style=\"color: #000000;\"><strong>C\u00e1c th\u00e0nh ph\u1ea7n b\u1eaft bu\u1ed9c (Kh\u00f4ng bao g\u1ed3m):<\/strong><\/span><\/p>\n<ul>\n<li><span style=\"color: #000000;\"><strong>FMDU08. L\u01b0u l\u01b0\u1ee3ng k\u1ebf \u0111i\u1ec7n t\u1eeb cho FMDU<\/strong><\/span>\n<ul>\n<li><span style=\"color: #000000;\">\u1ed0ng PVC: Dn32<\/span><\/li>\n<li><span style=\"color: #000000;\">Ph\u1ea1m vi: 0,05 \u2013 10 m\/s<\/span><\/li>\n<li><span style=\"color: #000000;\">Sai s\u1ed1 \u0111o: +\/- 2%<\/span><\/li>\n<li><span style=\"color: #000000;\">\u0110\u1ed9 tuy\u1ebfn t\u00ednh: +\/- 1%<\/span><\/li>\n<li><span style=\"color: #000000;\">\u0110\u1ed9 l\u1eb7p l\u1ea1i: 0,25% gi\u00e1 tr\u1ecb trung b\u00ecnh<\/span><\/li>\n<li><span style=\"color: #000000;\">\u0110\u1ed9 d\u1eabn \u0111i\u1ec7n t\u1ed1i thi\u1ec3u: 20 mS\/cm<\/span><\/li>\n<li><span style=\"color: #000000;\">Nhi\u1ec7t \u0111\u1ed9 ho\u1ea1t \u0111\u1ed9ng: 0 \u2013 80 \u00baC<\/span><\/li>\n<\/ul>\n<\/li>\n<li><span style=\"color: #000000;\"><strong>FMDU19. H\u1ed9p c\u1ea5p ngu\u1ed3n ph\u1ee5 tr\u1ee3 cho FMDU05, FMDU07, FMDU08<\/strong><\/span>\n<ul>\n<li><span style=\"color: #000000;\">B\u1ea3ng \u0111i\u1ec1u khi\u1ec3n \u0111i\u1ec7n t\u1eed:<\/span>\n<ul>\n<li><span style=\"color: #000000;\">H\u1ed9p kim lo\u1ea1i<\/span><\/li>\n<li><span style=\"color: #000000;\">C\u00f4ng t\u1eafc b\u1eadt\/t\u1eaft ch\u00ednh<\/span><\/li>\n<li><span style=\"color: #000000;\">K\u1ebft n\u1ed1i l\u01b0u l\u01b0\u1ee3ng k\u1ebf<\/span><\/li>\n<li><span style=\"color: #000000;\">M\u00e0n h\u00ecnh hi\u1ec3n th\u1ecb s\u1ed1 cho l\u01b0u l\u01b0\u1ee3ng k\u1ebf xo\u1eafn \u1ed1c FMDU07<\/span><\/li>\n<\/ul>\n<\/li>\n<\/ul>\n<\/li>\n<\/ul>\n<p><span style=\"color: #000000;\"><strong>C\u00e1c th\u00e0nh ph\u1ea7n khuy\u1ebfn ngh\u1ecb b\u1ed5 sung (Kh\u00f4ng bao g\u1ed3m):<\/strong><\/span><\/p>\n<ul>\n<li><span style=\"color: #000000;\"><strong>FMDU01. \u0110\u0129a l\u1ed7 cho FMDU<\/strong><\/span>\n<ul>\n<li><span style=\"color: #000000;\">V\u1eadt li\u1ec7u: Methacrylate trong su\u1ed1t<\/span><\/li>\n<li><span style=\"color: #000000;\">\u0110\u01b0\u1eddng k\u00ednh \u1ed1ng D1: 35 mm<\/span><\/li>\n<li><span style=\"color: #000000;\">\u0110\u01b0\u1eddng k\u00ednh l\u1ed7 D2: 20 mm<\/span><\/li>\n<\/ul>\n<\/li>\n<li><span style=\"color: #000000;\"><strong>FMDU02. \u1ed0ng Venturi cho FMDU<\/strong><\/span>\n<ul>\n<li><span style=\"color: #000000;\">V\u1eadt li\u1ec7u: Methacrylate trong su\u1ed1t<\/span><\/li>\n<li><span style=\"color: #000000;\">\u0110\u01b0\u1eddng k\u00ednh h1: 32 mm, h2: 20 mm, h3: 32 mm<\/span><\/li>\n<li><span style=\"color: #000000;\">G\u00f3c thu h\u1eb9p ph\u00eda tr\u01b0\u1edbc: 14\u00ba<\/span><\/li>\n<li><span style=\"color: #000000;\">G\u00f3c m\u1edf r\u1ed9ng ph\u00eda sau: 21\u00ba<\/span><\/li>\n<\/ul>\n<\/li>\n<li><span style=\"color: #000000;\"><strong>FMDU03. L\u01b0u l\u01b0\u1ee3ng k\u1ebf ki\u1ec3u shunt cho FMDU<\/strong><\/span>\n<ul>\n<li><span style=\"color: #000000;\">V\u1eadt li\u1ec7u: Th\u00e9p<\/span><\/li>\n<li><span style=\"color: #000000;\">Ph\u1ea1m vi: 0 \u2013 20 m\u00b3\/h<\/span><\/li>\n<\/ul>\n<\/li>\n<li><span style=\"color: #000000;\"><strong>FMDU04. \u1ed0ng Pitot cho FMDU<\/strong><\/span>\n<ul>\n<li><span style=\"color: #000000;\">V\u1eadt li\u1ec7u: Methacrylate trong su\u1ed1t<\/span><\/li>\n<li><span style=\"color: #000000;\">\u0110\u01b0\u1eddng k\u00ednh \u1ed1ng: 35 mm<\/span><\/li>\n<\/ul>\n<\/li>\n<li><span style=\"color: #000000;\"><strong>FMDU05. L\u01b0u l\u01b0\u1ee3ng k\u1ebf th\u1ec3 t\u00edch piston quay cho FMDU<\/strong><\/span>\n<ul>\n<li><span style=\"color: #000000;\">\u0110\u1ed9 ch\u00ednh x\u00e1c: +\/- 0,8%<\/span><\/li>\n<li><span style=\"color: #000000;\">\u0110\u1ed9 l\u1eb7p l\u1ea1i: +\/- 0,3%<\/span><\/li>\n<li><span style=\"color: #000000;\">Ph\u1ea1m vi \u0111o: 30 \u2013 1800 l\/h<\/span><\/li>\n<\/ul>\n<\/li>\n<li><span style=\"color: #000000;\"><strong>FMDU06. L\u01b0u l\u01b0\u1ee3ng k\u1ebf c\u00e1nh l\u1eadt cho FMDU<\/strong><\/span>\n<ul>\n<li><span style=\"color: #000000;\">\u0110\u01b0\u1eddng k\u00ednh \u1ed1ng: Dn40<\/span><\/li>\n<li><span style=\"color: #000000;\">Ph\u1ea1m vi: 1 \u2013 12 m\u00b3\/h<\/span><\/li>\n<\/ul>\n<\/li>\n<li><span style=\"color: #000000;\"><strong>FMDU07. L\u01b0u l\u01b0\u1ee3ng k\u1ebf xo\u1eafn \u1ed1c cho FMDU<\/strong><\/span>\n<ul>\n<li><span style=\"color: #000000;\">V\u1eadt li\u1ec7u: Th\u00e9p kh\u00f4ng g\u1ec9<\/span><\/li>\n<li><span style=\"color: #000000;\">Ph\u1ea1m vi: 1 \u2013 150 l\/ph\u00fat<\/span><\/li>\n<li><span style=\"color: #000000;\">\u0110\u1ed9 ch\u00ednh x\u00e1c: +\/- 1% gi\u00e1 tr\u1ecb \u0111\u1ecdc<\/span><\/li>\n<li><span style=\"color: #000000;\">\u0110\u1ed9 l\u1eb7p l\u1ea1i: +\/- 0,05%<\/span><\/li>\n<li><span style=\"color: #000000;\">\u00c1p su\u1ea5t t\u1ed1i \u0111a: 450 bar<\/span><\/li>\n<\/ul>\n<\/li>\n<li><span style=\"color: #000000;\"><strong>FMDU09. L\u01b0u l\u01b0\u1ee3ng k\u1ebf v\u1eadn t\u1ed1c d\u00f2ng ch\u1ea3y cho FMDU<\/strong><\/span>\n<ul>\n<li><span style=\"color: #000000;\">Ph\u1ea1m vi \u0111o: 0 \u2013 40 m\/s<\/span><\/li>\n<li><span style=\"color: #000000;\">\u0110\u1ed9 ch\u00ednh x\u00e1c: 0,5% gi\u00e1 tr\u1ecb \u0111\u1ecdc<\/span><\/li>\n<li><span style=\"color: #000000;\">\u0110\u1ed9 ph\u00e2n gi\u1ea3i: 0,1 m\/s<\/span><\/li>\n<\/ul>\n<\/li>\n<li><span style=\"color: #000000;\"><strong>FMDU10. L\u01b0u l\u01b0\u1ee3ng k\u1ebf \u0111a d\u00f2ng suy di\u1ec5n cho FMDU<\/strong><\/span>\n<ul>\n<li><span style=\"color: #000000;\">L\u01b0u l\u01b0\u1ee3ng t\u1ed1i \u0111a (Qmax): 20 m\u00b3\/h<\/span><\/li>\n<li><span style=\"color: #000000;\">L\u01b0u l\u01b0\u1ee3ng danh \u0111\u1ecbnh (Qn): 10 m\u00b3\/h<\/span><\/li>\n<li><span style=\"color: #000000;\">L\u01b0u l\u01b0\u1ee3ng t\u1ed1i thi\u1ec3u (Qmin): 200 l\/h<\/span><\/li>\n<li><span style=\"color: #000000;\">\u00c1p su\u1ea5t t\u1ed1i \u0111a (Pmax): 16 bar<\/span><\/li>\n<\/ul>\n<\/li>\n<li><span style=\"color: #000000;\"><strong>FMDU11. \u0110\u1eadp \u0111\u1ec9nh r\u1ed9ng cho FMDU<\/strong><\/span><\/li>\n<li><span style=\"color: #000000;\"><strong>FMDU12. \u0110\u1eadp Crump cho FMDU<\/strong><\/span><\/li>\n<li><span style=\"color: #000000;\"><strong>FMDU13. K\u00eanh ch\u1eef &#8220;H&#8221; cho FMDU<\/strong><\/span><\/li>\n<li><span style=\"color: #000000;\"><strong>FMDU14. K\u00eanh Washington cho FMDU<\/strong><\/span><\/li>\n<li><span style=\"color: #000000;\"><strong>FMDU16. \u00c1p k\u1ebf k\u1ef9 thu\u1eadt s\u1ed1 cho FMDU<\/strong><\/span>\n<ul>\n<li><span style=\"color: #000000;\">Hai thang \u0111o: 0 \u2013 199.9 mbar, 0 \u2013 2000 mbar<\/span><\/li>\n<li><span style=\"color: #000000;\">\u0110\u1ed9 ch\u00ednh x\u00e1c: 0,15% to\u00e0n thang \u0111o<\/span><\/li>\n<\/ul>\n<\/li>\n<li><span style=\"color: #000000;\"><strong>FMDU17. Th\u01b0\u1edbc \u0111o m\u1ef1c n\u01b0\u1edbc \u0111i\u1ec3m cho FMDU<\/strong><\/span><\/li>\n<li><span style=\"color: #000000;\"><strong>FMDU18. \u0110\u1eadp ch\u1eef nh\u1eadt \u0111\u1ec9nh s\u1eafc cho FMDU<\/strong><\/span><\/li>\n<\/ul>\n<p><span style=\"color: #000000;\">K\u00edch th\u01b0\u1edbc: 3200 x 1300 x 1500 mm (x\u1ea5p x\u1ec9 125,98 x 51,18 x 59,05 inch)<\/span><br \/>\n<span style=\"color: #000000;\">Tr\u1ecdng l\u01b0\u1ee3ng: X\u1ea5p x\u1ec9 300 kg (661,3 pound)<\/span><\/p>","protected":false},"excerpt":{"rendered":"<p><span style=\"color: #000000;\">B\u1ed9 m\u00f4 ph\u1ecfng l\u01b0u l\u01b0\u1ee3ng k\u1ebf &#8211; FMDU do EDIBON thi\u1ebft k\u1ebf, tr\u00ecnh b\u00e0y c\u00e1c \u0111\u1eb7c \u0111i\u1ec3m quan tr\u1ecdng c\u1ee7a m\u01b0\u1eddi l\u0103m lo\u1ea1i l\u01b0u l\u01b0\u1ee3ng k\u1ebf \u0111\u01b0\u1ee3c s\u1eed d\u1ee5ng \u0111\u1ec3 \u0111o l\u01b0u l\u01b0\u1ee3ng n\u01b0\u1edbc qua \u0111\u01b0\u1eddng \u1ed1ng ho\u1eb7c k\u00eanh h\u1edf.<\/span><\/p>","protected":false},"featured_media":1126,"template":"","meta":{"inline_featured_image":false},"product_brand":[47],"product_cat":[91,90],"product_tag":[],"class_list":{"0":"post-1125","1":"product","2":"type-product","3":"status-publish","4":"has-post-thumbnail","6":"product_brand-edibon","7":"product_cat-co-hoc-chat-long","8":"product_cat-thiet-bi-giao-duc","10":"first","11":"instock","12":"featured","13":"shipping-taxable","14":"product-type-simple"},"yoast_head":"<!-- This site is optimized with the Yoast SEO plugin v24.7 - https:\/\/yoast.com\/wordpress\/plugins\/seo\/ -->\n<title>B\u1ed9 m\u00f4 ph\u1ecfng l\u01b0u l\u01b0\u1ee3ng k\u1ebf - HTI Scientific<\/title>\n<meta name=\"robots\" content=\"index, follow, max-snippet:-1, max-image-preview:large, max-video-preview:-1\" \/>\n<link rel=\"canonical\" href=\"https:\/\/htiscientific.vn\/en\/product\/bo-mo-phong-luu-luong-ke\/\" \/>\n<meta property=\"og:locale\" content=\"en_US\" \/>\n<meta property=\"og:type\" content=\"article\" \/>\n<meta property=\"og:title\" content=\"B\u1ed9 m\u00f4 ph\u1ecfng l\u01b0u l\u01b0\u1ee3ng k\u1ebf - HTI Scientific\" \/>\n<meta property=\"og:description\" content=\"B\u1ed9 m\u00f4 ph\u1ecfng l\u01b0u l\u01b0\u1ee3ng k\u1ebf - FMDU do EDIBON thi\u1ebft k\u1ebf, tr\u00ecnh b\u00e0y c\u00e1c \u0111\u1eb7c \u0111i\u1ec3m quan tr\u1ecdng c\u1ee7a m\u01b0\u1eddi l\u0103m lo\u1ea1i l\u01b0u l\u01b0\u1ee3ng k\u1ebf \u0111\u01b0\u1ee3c s\u1eed d\u1ee5ng \u0111\u1ec3 \u0111o l\u01b0u l\u01b0\u1ee3ng n\u01b0\u1edbc qua \u0111\u01b0\u1eddng \u1ed1ng ho\u1eb7c k\u00eanh h\u1edf.\" \/>\n<meta property=\"og:url\" content=\"https:\/\/htiscientific.vn\/en\/product\/bo-mo-phong-luu-luong-ke\/\" \/>\n<meta property=\"og:site_name\" content=\"HTI Scientific\" \/>\n<meta property=\"article:publisher\" content=\"https:\/\/www.facebook.com\/htiscientific.vn\" \/>\n<meta property=\"article:modified_time\" content=\"2025-05-19T06:50:12+00:00\" \/>\n<meta property=\"og:image\" content=\"https:\/\/htiscientific.vn\/wp-content\/uploads\/2025\/03\/bo-mo-phong-luu-luong-ke.jpg\" \/>\n\t<meta property=\"og:image:width\" content=\"1500\" \/>\n\t<meta property=\"og:image:height\" content=\"1125\" \/>\n\t<meta property=\"og:image:type\" content=\"image\/jpeg\" \/>\n<meta name=\"twitter:card\" content=\"summary_large_image\" \/>\n<meta name=\"twitter:label1\" content=\"Est. reading time\" \/>\n\t<meta name=\"twitter:data1\" content=\"5 minutes\" \/>\n<script type=\"application\/ld+json\" class=\"yoast-schema-graph\">{\"@context\":\"https:\/\/schema.org\",\"@graph\":[{\"@type\":\"WebPage\",\"@id\":\"https:\/\/htiscientific.vn\/san-pham\/bo-mo-phong-luu-luong-ke\/\",\"url\":\"https:\/\/htiscientific.vn\/san-pham\/bo-mo-phong-luu-luong-ke\/\",\"name\":\"B\u1ed9 m\u00f4 ph\u1ecfng l\u01b0u l\u01b0\u1ee3ng k\u1ebf - HTI Scientific\",\"isPartOf\":{\"@id\":\"https:\/\/htiscientific.vn\/#website\"},\"primaryImageOfPage\":{\"@id\":\"https:\/\/htiscientific.vn\/san-pham\/bo-mo-phong-luu-luong-ke\/#primaryimage\"},\"image\":{\"@id\":\"https:\/\/htiscientific.vn\/san-pham\/bo-mo-phong-luu-luong-ke\/#primaryimage\"},\"thumbnailUrl\":\"https:\/\/htiscientific.vn\/wp-content\/uploads\/2025\/03\/bo-mo-phong-luu-luong-ke.jpg\",\"datePublished\":\"2025-03-31T14:32:30+00:00\",\"dateModified\":\"2025-05-19T06:50:12+00:00\",\"breadcrumb\":{\"@id\":\"https:\/\/htiscientific.vn\/san-pham\/bo-mo-phong-luu-luong-ke\/#breadcrumb\"},\"inLanguage\":\"en-US\",\"potentialAction\":[{\"@type\":\"ReadAction\",\"target\":[\"https:\/\/htiscientific.vn\/san-pham\/bo-mo-phong-luu-luong-ke\/\"]}]},{\"@type\":\"ImageObject\",\"inLanguage\":\"en-US\",\"@id\":\"https:\/\/htiscientific.vn\/san-pham\/bo-mo-phong-luu-luong-ke\/#primaryimage\",\"url\":\"https:\/\/htiscientific.vn\/wp-content\/uploads\/2025\/03\/bo-mo-phong-luu-luong-ke.jpg\",\"contentUrl\":\"https:\/\/htiscientific.vn\/wp-content\/uploads\/2025\/03\/bo-mo-phong-luu-luong-ke.jpg\",\"width\":1500,\"height\":1125},{\"@type\":\"BreadcrumbList\",\"@id\":\"https:\/\/htiscientific.vn\/san-pham\/bo-mo-phong-luu-luong-ke\/#breadcrumb\",\"itemListElement\":[{\"@type\":\"ListItem\",\"position\":1,\"name\":\"Trang ch\u1ee7\",\"item\":\"https:\/\/htiscientific.vn\/\"},{\"@type\":\"ListItem\",\"position\":2,\"name\":\"C\u1eeda h\u00e0ng\",\"item\":\"https:\/\/htiscientific.vn\/cua-hang\/\"},{\"@type\":\"ListItem\",\"position\":3,\"name\":\"Thi\u1ebft b\u1ecb gi\u00e1o d\u1ee5c\",\"item\":\"https:\/\/htiscientific.vn\/danh-muc-san-pham\/thiet-bi-giao-duc\/\"},{\"@type\":\"ListItem\",\"position\":4,\"name\":\"C\u01a1 h\u1ecdc ch\u1ea5t l\u1ecfng\",\"item\":\"https:\/\/htiscientific.vn\/danh-muc-san-pham\/thiet-bi-giao-duc\/co-hoc-chat-long\/\"},{\"@type\":\"ListItem\",\"position\":5,\"name\":\"B\u1ed9 m\u00f4 ph\u1ecfng l\u01b0u l\u01b0\u1ee3ng k\u1ebf\"}]},{\"@type\":\"WebSite\",\"@id\":\"https:\/\/htiscientific.vn\/#website\",\"url\":\"https:\/\/htiscientific.vn\/\",\"name\":\"HTI Scientific\",\"description\":\"HTI Scientific\",\"publisher\":{\"@id\":\"https:\/\/htiscientific.vn\/#organization\"},\"potentialAction\":[{\"@type\":\"SearchAction\",\"target\":{\"@type\":\"EntryPoint\",\"urlTemplate\":\"https:\/\/htiscientific.vn\/?s={search_term_string}\"},\"query-input\":{\"@type\":\"PropertyValueSpecification\",\"valueRequired\":true,\"valueName\":\"search_term_string\"}}],\"inLanguage\":\"en-US\"},{\"@type\":\"Organization\",\"@id\":\"https:\/\/htiscientific.vn\/#organization\",\"name\":\"HTI Scientific\",\"alternateName\":\"HTI Scientific\",\"url\":\"https:\/\/htiscientific.vn\/\",\"logo\":{\"@type\":\"ImageObject\",\"inLanguage\":\"en-US\",\"@id\":\"https:\/\/htiscientific.vn\/#\/schema\/logo\/image\/\",\"url\":\"https:\/\/htiscientific.vn\/wp-content\/uploads\/2025\/03\/ava-hti-copy.jpg\",\"contentUrl\":\"https:\/\/htiscientific.vn\/wp-content\/uploads\/2025\/03\/ava-hti-copy.jpg\",\"width\":700,\"height\":450,\"caption\":\"HTI Scientific\"},\"image\":{\"@id\":\"https:\/\/htiscientific.vn\/#\/schema\/logo\/image\/\"},\"sameAs\":[\"https:\/\/www.facebook.com\/htiscientific.vn\"]}]}<\/script>\n<!-- \/ Yoast SEO plugin. -->","yoast_head_json":{"title":"B\u1ed9 m\u00f4 ph\u1ecfng l\u01b0u l\u01b0\u1ee3ng k\u1ebf - HTI Scientific","robots":{"index":"index","follow":"follow","max-snippet":"max-snippet:-1","max-image-preview":"max-image-preview:large","max-video-preview":"max-video-preview:-1"},"canonical":"https:\/\/htiscientific.vn\/en\/product\/bo-mo-phong-luu-luong-ke\/","og_locale":"en_US","og_type":"article","og_title":"B\u1ed9 m\u00f4 ph\u1ecfng l\u01b0u l\u01b0\u1ee3ng k\u1ebf - HTI Scientific","og_description":"B\u1ed9 m\u00f4 ph\u1ecfng l\u01b0u l\u01b0\u1ee3ng k\u1ebf - FMDU do EDIBON thi\u1ebft k\u1ebf, tr\u00ecnh b\u00e0y c\u00e1c \u0111\u1eb7c \u0111i\u1ec3m quan tr\u1ecdng c\u1ee7a m\u01b0\u1eddi l\u0103m lo\u1ea1i l\u01b0u l\u01b0\u1ee3ng k\u1ebf \u0111\u01b0\u1ee3c s\u1eed d\u1ee5ng \u0111\u1ec3 \u0111o l\u01b0u l\u01b0\u1ee3ng n\u01b0\u1edbc qua \u0111\u01b0\u1eddng \u1ed1ng ho\u1eb7c k\u00eanh h\u1edf.","og_url":"https:\/\/htiscientific.vn\/en\/product\/bo-mo-phong-luu-luong-ke\/","og_site_name":"HTI Scientific","article_publisher":"https:\/\/www.facebook.com\/htiscientific.vn","article_modified_time":"2025-05-19T06:50:12+00:00","og_image":[{"width":1500,"height":1125,"url":"https:\/\/htiscientific.vn\/wp-content\/uploads\/2025\/03\/bo-mo-phong-luu-luong-ke.jpg","type":"image\/jpeg"}],"twitter_card":"summary_large_image","twitter_misc":{"Est. reading time":"5 minutes"},"schema":{"@context":"https:\/\/schema.org","@graph":[{"@type":"WebPage","@id":"https:\/\/htiscientific.vn\/san-pham\/bo-mo-phong-luu-luong-ke\/","url":"https:\/\/htiscientific.vn\/san-pham\/bo-mo-phong-luu-luong-ke\/","name":"B\u1ed9 m\u00f4 ph\u1ecfng l\u01b0u l\u01b0\u1ee3ng k\u1ebf - HTI Scientific","isPartOf":{"@id":"https:\/\/htiscientific.vn\/#website"},"primaryImageOfPage":{"@id":"https:\/\/htiscientific.vn\/san-pham\/bo-mo-phong-luu-luong-ke\/#primaryimage"},"image":{"@id":"https:\/\/htiscientific.vn\/san-pham\/bo-mo-phong-luu-luong-ke\/#primaryimage"},"thumbnailUrl":"https:\/\/htiscientific.vn\/wp-content\/uploads\/2025\/03\/bo-mo-phong-luu-luong-ke.jpg","datePublished":"2025-03-31T14:32:30+00:00","dateModified":"2025-05-19T06:50:12+00:00","breadcrumb":{"@id":"https:\/\/htiscientific.vn\/san-pham\/bo-mo-phong-luu-luong-ke\/#breadcrumb"},"inLanguage":"en-US","potentialAction":[{"@type":"ReadAction","target":["https:\/\/htiscientific.vn\/san-pham\/bo-mo-phong-luu-luong-ke\/"]}]},{"@type":"ImageObject","inLanguage":"en-US","@id":"https:\/\/htiscientific.vn\/san-pham\/bo-mo-phong-luu-luong-ke\/#primaryimage","url":"https:\/\/htiscientific.vn\/wp-content\/uploads\/2025\/03\/bo-mo-phong-luu-luong-ke.jpg","contentUrl":"https:\/\/htiscientific.vn\/wp-content\/uploads\/2025\/03\/bo-mo-phong-luu-luong-ke.jpg","width":1500,"height":1125},{"@type":"BreadcrumbList","@id":"https:\/\/htiscientific.vn\/san-pham\/bo-mo-phong-luu-luong-ke\/#breadcrumb","itemListElement":[{"@type":"ListItem","position":1,"name":"Trang ch\u1ee7","item":"https:\/\/htiscientific.vn\/"},{"@type":"ListItem","position":2,"name":"C\u1eeda h\u00e0ng","item":"https:\/\/htiscientific.vn\/cua-hang\/"},{"@type":"ListItem","position":3,"name":"Thi\u1ebft b\u1ecb gi\u00e1o d\u1ee5c","item":"https:\/\/htiscientific.vn\/danh-muc-san-pham\/thiet-bi-giao-duc\/"},{"@type":"ListItem","position":4,"name":"C\u01a1 h\u1ecdc ch\u1ea5t l\u1ecfng","item":"https:\/\/htiscientific.vn\/danh-muc-san-pham\/thiet-bi-giao-duc\/co-hoc-chat-long\/"},{"@type":"ListItem","position":5,"name":"B\u1ed9 m\u00f4 ph\u1ecfng l\u01b0u l\u01b0\u1ee3ng k\u1ebf"}]},{"@type":"WebSite","@id":"https:\/\/htiscientific.vn\/#website","url":"https:\/\/htiscientific.vn\/","name":"HTI Scientific","description":"HTI Scientific","publisher":{"@id":"https:\/\/htiscientific.vn\/#organization"},"potentialAction":[{"@type":"SearchAction","target":{"@type":"EntryPoint","urlTemplate":"https:\/\/htiscientific.vn\/?s={search_term_string}"},"query-input":{"@type":"PropertyValueSpecification","valueRequired":true,"valueName":"search_term_string"}}],"inLanguage":"en-US"},{"@type":"Organization","@id":"https:\/\/htiscientific.vn\/#organization","name":"HTI Scientific","alternateName":"HTI Scientific","url":"https:\/\/htiscientific.vn\/","logo":{"@type":"ImageObject","inLanguage":"en-US","@id":"https:\/\/htiscientific.vn\/#\/schema\/logo\/image\/","url":"https:\/\/htiscientific.vn\/wp-content\/uploads\/2025\/03\/ava-hti-copy.jpg","contentUrl":"https:\/\/htiscientific.vn\/wp-content\/uploads\/2025\/03\/ava-hti-copy.jpg","width":700,"height":450,"caption":"HTI Scientific"},"image":{"@id":"https:\/\/htiscientific.vn\/#\/schema\/logo\/image\/"},"sameAs":["https:\/\/www.facebook.com\/htiscientific.vn"]}]}},"_links":{"self":[{"href":"https:\/\/htiscientific.vn\/en\/wp-json\/wp\/v2\/product\/1125","targetHints":{"allow":["GET"]}}],"collection":[{"href":"https:\/\/htiscientific.vn\/en\/wp-json\/wp\/v2\/product"}],"about":[{"href":"https:\/\/htiscientific.vn\/en\/wp-json\/wp\/v2\/types\/product"}],"wp:featuredmedia":[{"embeddable":true,"href":"https:\/\/htiscientific.vn\/en\/wp-json\/wp\/v2\/media\/1126"}],"wp:attachment":[{"href":"https:\/\/htiscientific.vn\/en\/wp-json\/wp\/v2\/media?parent=1125"}],"wp:term":[{"taxonomy":"product_brand","embeddable":true,"href":"https:\/\/htiscientific.vn\/en\/wp-json\/wp\/v2\/product_brand?post=1125"},{"taxonomy":"product_cat","embeddable":true,"href":"https:\/\/htiscientific.vn\/en\/wp-json\/wp\/v2\/product_cat?post=1125"},{"taxonomy":"product_tag","embeddable":true,"href":"https:\/\/htiscientific.vn\/en\/wp-json\/wp\/v2\/product_tag?post=1125"}],"curies":[{"name":"wp","href":"https:\/\/api.w.org\/{rel}","templated":true}]}}