{"id":1122,"date":"2025-03-31T21:24:20","date_gmt":"2025-03-31T14:24:20","guid":{"rendered":"https:\/\/htiscientific.vn\/?post_type=product&#038;p=1122"},"modified":"2025-05-19T13:49:40","modified_gmt":"2025-05-19T06:49:40","slug":"phong-thi-nghiem-tich-hop-co-hoc-chat-luu-co-ban","status":"publish","type":"product","link":"https:\/\/htiscientific.vn\/en\/product\/phong-thi-nghiem-tich-hop-co-hoc-chat-luu-co-ban\/","title":{"rendered":"Ph\u00f2ng th\u00ed nghi\u1ec7m t\u00edch h\u1ee3p c\u01a1 h\u1ecdc ch\u1ea5t l\u01b0u c\u01a1 b\u1ea3n"},"content":{"rendered":"<p><span style=\"color: #000000;\"><strong>FME00. B\u00e0n th\u00ed nghi\u1ec7m th\u1ee7y l\u1ef1c<\/strong><\/span><\/p>\n<ul>\n<li><span style=\"color: #000000;\">B\u00e0n th\u00ed nghi\u1ec7m th\u1ee7y l\u1ef1c di \u0111\u1ed9ng, l\u00e0m b\u1eb1ng polyester gia c\u1ed1 s\u1ee3i th\u1ee7y tinh, g\u1eafn b\u00e1nh xe \u0111\u1ec3 d\u1ec5 d\u00e0ng di chuy\u1ec3n.<\/span><\/li>\n<li><span style=\"color: #000000;\">B\u01a1m ly t\u00e2m: 0,37 kW, l\u01b0u l\u01b0\u1ee3ng 30 \u2013 80 l\/ph\u00fat \u1edf \u0111\u1ed9 cao 20,1 \u2013 12,8 m, \u0111i\u1ec7n \u00e1p m\u1ed9t pha 200 VAC \u2013 240 VAC\/50 Hz ho\u1eb7c 110 VAC \u2013 127 VAC\/60 Hz.<\/span><\/li>\n<li><span style=\"color: #000000;\">C\u00e1nh b\u01a1m l\u00e0m b\u1eb1ng th\u00e9p kh\u00f4ng g\u1ec9.<\/span><\/li>\n<li><span style=\"color: #000000;\">Dung t\u00edch b\u1ec3 ch\u1ee9a: 165 l\u00edt.<\/span><\/li>\n<li><span style=\"color: #000000;\">K\u00eanh nh\u1ecf: 8 l\u00edt.<\/span><\/li>\n<li><span style=\"color: #000000;\">\u0110o l\u01b0u l\u01b0\u1ee3ng: b\u1ec3 \u0111o th\u1ec3 t\u00edch, chia v\u1ea1ch t\u1eeb 0 \u2013 7 l\u00edt cho l\u01b0u l\u01b0\u1ee3ng nh\u1ecf v\u00e0 t\u1eeb 0 \u2013 40 l\u00edt cho l\u01b0u l\u01b0\u1ee3ng l\u1edbn.<\/span><\/li>\n<li><span style=\"color: #000000;\">Van \u0111i\u1ec1u ch\u1ec9nh l\u01b0u l\u01b0\u1ee3ng.<\/span><\/li>\n<li><span style=\"color: #000000;\">K\u00eanh h\u1edf \u0111\u1ec3 \u0111\u1eb7t b\u1ed9 th\u00ed nghi\u1ec7m.<\/span><\/li>\n<li><span style=\"color: #000000;\">K\u00e8m theo \u1ed1ng \u0111ong \u0111\u1ec3 \u0111o l\u01b0u l\u01b0\u1ee3ng nh\u1ecf.<\/span><\/li>\n<li><span style=\"color: #000000;\">Van x\u1ea3 tay t\u1eeb xa \u0111\u1eb7t \u1edf \u0111\u00e1y b\u1ec3 \u0111o th\u1ec3 t\u00edch.<\/span><\/li>\n<li><span style=\"color: #000000;\">D\u1ec5 d\u00e0ng v\u00e0 nhanh ch\u00f3ng thay \u0111\u1ed5i c\u00e1c b\u1ed9 th\u00ed nghi\u1ec7m kh\u00e1c nhau.<\/span><\/li>\n<\/ul>\n<p><span style=\"color: #000000;\"><strong>C\u00e1c th\u00e0nh ph\u1ea7n y\u00eau c\u1ea7u (Kh\u00f4ng bao g\u1ed3m):<\/strong><\/span><\/p>\n<ul>\n<li><span style=\"color: #000000;\"><strong>FME00-CR.<\/strong> \u0110\u1ed3ng h\u1ed3 b\u1ea5m gi\u1edd.<\/span><\/li>\n<\/ul>\n<p><span style=\"color: #000000;\"><strong>C\u00e1c th\u00e0nh ph\u1ea7n khuy\u1ebfn ngh\u1ecb b\u1ed5 sung (Kh\u00f4ng bao g\u1ed3m):<\/strong><\/span><\/p>\n<ul>\n<li><span style=\"color: #000000;\"><strong>FME-DFM.<\/strong> \u0110\u1ed3ng h\u1ed3 \u0111o l\u01b0u l\u01b0\u1ee3ng k\u1ef9 thu\u1eadt s\u1ed1.<\/span><\/li>\n<\/ul>\n<p><span style=\"color: #000000;\">K\u00edch th\u01b0\u1edbc: 1130 x 730 x 1000 mm (kho\u1ea3ng 44,48 x 28,74 x 39,36 inch).<\/span><br \/>\n<span style=\"color: #000000;\">Tr\u1ecdng l\u01b0\u1ee3ng: Kho\u1ea3ng 70 kg (kho\u1ea3ng 154 pound).<\/span><\/p>","protected":false},"excerpt":{"rendered":"<p><span style=\"color: #000000;\">V\u1edbi Ph\u00f2ng th\u00ed nghi\u1ec7m t\u00edch h\u1ee3p c\u01a1 h\u1ecdc ch\u1ea5t l\u01b0u c\u01a1 b\u1ea3n (LIFLUBA -Basic Fluids Mechanics Integrated Laboratory), EDIBON c\u1ed1 g\u1eafng \u0111\u01b0a ra c\u00e2u tr\u1ea3 l\u1eddi cho nhu c\u1ea7u h\u1ecdc thu\u1eadt v\u1ec1 vi\u1ec7c gi\u1ea3ng d\u1ea1y v\u00e0 h\u1ecdc c\u00e1c ki\u1ebfn \u200b\u200bth\u1ee9c c\u01a1 b\u1ea3n v\u1ec1 c\u01a1 h\u1ecdc ch\u1ea5t l\u01b0u theo c\u00e1ch d\u1ec5 d\u00e0ng v\u00e0 th\u1ef1c t\u1ebf. V\u1edbi chu\u1ed7i m\u00f4-\u0111un LIFLUBA, sinh vi\u00ean th\u1ef1c hi\u1ec7n c\u00e1c th\u00ed nghi\u1ec7m cho th\u1ea5y r\u00f5 c\u00e1c \u0111\u1ecbnh lu\u1eadt c\u1ee7a Th\u1ee7y l\u1ef1c v\u00e0 c\u00f3 \u0111\u01b0\u1ee3c kinh nghi\u1ec7m qu\u00fd b\u00e1u trong vi\u1ec7c s\u1eed d\u1ee5ng c\u00e1c thi\u1ebft b\u1ecb v\u00e0 c\u00f4ng c\u1ee5 th\u1ee7y l\u1ef1c theo c\u00e1ch t\u1ef1 nhi\u00ean, d\u1ec5 ch\u1ecbu v\u00e0 kh\u00f4ng ph\u1ee9c t\u1ea1p.<\/span><\/p>","protected":false},"featured_media":1123,"template":"","meta":{"inline_featured_image":false},"product_brand":[47],"product_cat":[91,90],"product_tag":[],"class_list":{"0":"post-1122","1":"product","2":"type-product","3":"status-publish","4":"has-post-thumbnail","6":"product_brand-edibon","7":"product_cat-co-hoc-chat-long","8":"product_cat-thiet-bi-giao-duc","10":"first","11":"instock","12":"featured","13":"shipping-taxable","14":"product-type-simple"},"yoast_head":"<!-- This site is optimized with the Yoast SEO plugin v24.7 - https:\/\/yoast.com\/wordpress\/plugins\/seo\/ -->\n<title>Ph\u00f2ng th\u00ed nghi\u1ec7m t\u00edch h\u1ee3p c\u01a1 h\u1ecdc ch\u1ea5t l\u01b0u c\u01a1 b\u1ea3n - HTI Scientific<\/title>\n<meta name=\"robots\" content=\"index, follow, max-snippet:-1, max-image-preview:large, max-video-preview:-1\" \/>\n<link rel=\"canonical\" href=\"https:\/\/htiscientific.vn\/en\/product\/phong-thi-nghiem-tich-hop-co-hoc-chat-luu-co-ban\/\" \/>\n<meta property=\"og:locale\" content=\"en_US\" \/>\n<meta property=\"og:type\" content=\"article\" \/>\n<meta property=\"og:title\" content=\"Ph\u00f2ng th\u00ed nghi\u1ec7m t\u00edch h\u1ee3p c\u01a1 h\u1ecdc ch\u1ea5t l\u01b0u c\u01a1 b\u1ea3n - HTI Scientific\" \/>\n<meta property=\"og:description\" content=\"V\u1edbi Ph\u00f2ng th\u00ed nghi\u1ec7m t\u00edch h\u1ee3p c\u01a1 h\u1ecdc ch\u1ea5t l\u01b0u c\u01a1 b\u1ea3n (LIFLUBA -Basic Fluids Mechanics Integrated Laboratory), EDIBON c\u1ed1 g\u1eafng \u0111\u01b0a ra c\u00e2u tr\u1ea3 l\u1eddi cho nhu c\u1ea7u h\u1ecdc thu\u1eadt v\u1ec1 vi\u1ec7c gi\u1ea3ng d\u1ea1y v\u00e0 h\u1ecdc c\u00e1c ki\u1ebfn \u200b\u200bth\u1ee9c c\u01a1 b\u1ea3n v\u1ec1 c\u01a1 h\u1ecdc ch\u1ea5t l\u01b0u theo c\u00e1ch d\u1ec5 d\u00e0ng v\u00e0 th\u1ef1c t\u1ebf. V\u1edbi chu\u1ed7i m\u00f4-\u0111un LIFLUBA, sinh vi\u00ean th\u1ef1c hi\u1ec7n c\u00e1c th\u00ed nghi\u1ec7m cho th\u1ea5y r\u00f5 c\u00e1c \u0111\u1ecbnh lu\u1eadt c\u1ee7a Th\u1ee7y l\u1ef1c v\u00e0 c\u00f3 \u0111\u01b0\u1ee3c kinh nghi\u1ec7m qu\u00fd b\u00e1u trong vi\u1ec7c s\u1eed d\u1ee5ng c\u00e1c thi\u1ebft b\u1ecb v\u00e0 c\u00f4ng c\u1ee5 th\u1ee7y l\u1ef1c theo c\u00e1ch t\u1ef1 nhi\u00ean, d\u1ec5 ch\u1ecbu v\u00e0 kh\u00f4ng ph\u1ee9c t\u1ea1p.\" \/>\n<meta property=\"og:url\" content=\"https:\/\/htiscientific.vn\/en\/product\/phong-thi-nghiem-tich-hop-co-hoc-chat-luu-co-ban\/\" \/>\n<meta property=\"og:site_name\" content=\"HTI Scientific\" \/>\n<meta property=\"article:publisher\" content=\"https:\/\/www.facebook.com\/htiscientific.vn\" \/>\n<meta property=\"article:modified_time\" content=\"2025-05-19T06:49:40+00:00\" \/>\n<meta property=\"og:image\" content=\"https:\/\/htiscientific.vn\/wp-content\/uploads\/2025\/03\/phong-thi-nghiem-tich-hop-co-hoc-chat-luu-co-ban.jpg\" \/>\n\t<meta property=\"og:image:width\" content=\"1500\" \/>\n\t<meta property=\"og:image:height\" content=\"1125\" \/>\n\t<meta property=\"og:image:type\" content=\"image\/jpeg\" \/>\n<meta name=\"twitter:card\" content=\"summary_large_image\" \/>\n<meta name=\"twitter:label1\" content=\"Est. reading time\" \/>\n\t<meta name=\"twitter:data1\" content=\"2 minutes\" \/>\n<script type=\"application\/ld+json\" class=\"yoast-schema-graph\">{\"@context\":\"https:\/\/schema.org\",\"@graph\":[{\"@type\":\"WebPage\",\"@id\":\"https:\/\/htiscientific.vn\/san-pham\/phong-thi-nghiem-tich-hop-co-hoc-chat-luu-co-ban\/\",\"url\":\"https:\/\/htiscientific.vn\/san-pham\/phong-thi-nghiem-tich-hop-co-hoc-chat-luu-co-ban\/\",\"name\":\"Ph\u00f2ng th\u00ed nghi\u1ec7m t\u00edch h\u1ee3p c\u01a1 h\u1ecdc ch\u1ea5t l\u01b0u c\u01a1 b\u1ea3n - HTI Scientific\",\"isPartOf\":{\"@id\":\"https:\/\/htiscientific.vn\/#website\"},\"primaryImageOfPage\":{\"@id\":\"https:\/\/htiscientific.vn\/san-pham\/phong-thi-nghiem-tich-hop-co-hoc-chat-luu-co-ban\/#primaryimage\"},\"image\":{\"@id\":\"https:\/\/htiscientific.vn\/san-pham\/phong-thi-nghiem-tich-hop-co-hoc-chat-luu-co-ban\/#primaryimage\"},\"thumbnailUrl\":\"https:\/\/htiscientific.vn\/wp-content\/uploads\/2025\/03\/phong-thi-nghiem-tich-hop-co-hoc-chat-luu-co-ban.jpg\",\"datePublished\":\"2025-03-31T14:24:20+00:00\",\"dateModified\":\"2025-05-19T06:49:40+00:00\",\"breadcrumb\":{\"@id\":\"https:\/\/htiscientific.vn\/san-pham\/phong-thi-nghiem-tich-hop-co-hoc-chat-luu-co-ban\/#breadcrumb\"},\"inLanguage\":\"en-US\",\"potentialAction\":[{\"@type\":\"ReadAction\",\"target\":[\"https:\/\/htiscientific.vn\/san-pham\/phong-thi-nghiem-tich-hop-co-hoc-chat-luu-co-ban\/\"]}]},{\"@type\":\"ImageObject\",\"inLanguage\":\"en-US\",\"@id\":\"https:\/\/htiscientific.vn\/san-pham\/phong-thi-nghiem-tich-hop-co-hoc-chat-luu-co-ban\/#primaryimage\",\"url\":\"https:\/\/htiscientific.vn\/wp-content\/uploads\/2025\/03\/phong-thi-nghiem-tich-hop-co-hoc-chat-luu-co-ban.jpg\",\"contentUrl\":\"https:\/\/htiscientific.vn\/wp-content\/uploads\/2025\/03\/phong-thi-nghiem-tich-hop-co-hoc-chat-luu-co-ban.jpg\",\"width\":1500,\"height\":1125},{\"@type\":\"BreadcrumbList\",\"@id\":\"https:\/\/htiscientific.vn\/san-pham\/phong-thi-nghiem-tich-hop-co-hoc-chat-luu-co-ban\/#breadcrumb\",\"itemListElement\":[{\"@type\":\"ListItem\",\"position\":1,\"name\":\"Trang ch\u1ee7\",\"item\":\"https:\/\/htiscientific.vn\/\"},{\"@type\":\"ListItem\",\"position\":2,\"name\":\"C\u1eeda h\u00e0ng\",\"item\":\"https:\/\/htiscientific.vn\/cua-hang\/\"},{\"@type\":\"ListItem\",\"position\":3,\"name\":\"Thi\u1ebft b\u1ecb gi\u00e1o d\u1ee5c\",\"item\":\"https:\/\/htiscientific.vn\/danh-muc-san-pham\/thiet-bi-giao-duc\/\"},{\"@type\":\"ListItem\",\"position\":4,\"name\":\"C\u01a1 h\u1ecdc ch\u1ea5t l\u1ecfng\",\"item\":\"https:\/\/htiscientific.vn\/danh-muc-san-pham\/thiet-bi-giao-duc\/co-hoc-chat-long\/\"},{\"@type\":\"ListItem\",\"position\":5,\"name\":\"Ph\u00f2ng th\u00ed nghi\u1ec7m t\u00edch h\u1ee3p c\u01a1 h\u1ecdc ch\u1ea5t l\u01b0u c\u01a1 b\u1ea3n\"}]},{\"@type\":\"WebSite\",\"@id\":\"https:\/\/htiscientific.vn\/#website\",\"url\":\"https:\/\/htiscientific.vn\/\",\"name\":\"HTI Scientific\",\"description\":\"HTI Scientific\",\"publisher\":{\"@id\":\"https:\/\/htiscientific.vn\/#organization\"},\"potentialAction\":[{\"@type\":\"SearchAction\",\"target\":{\"@type\":\"EntryPoint\",\"urlTemplate\":\"https:\/\/htiscientific.vn\/?s={search_term_string}\"},\"query-input\":{\"@type\":\"PropertyValueSpecification\",\"valueRequired\":true,\"valueName\":\"search_term_string\"}}],\"inLanguage\":\"en-US\"},{\"@type\":\"Organization\",\"@id\":\"https:\/\/htiscientific.vn\/#organization\",\"name\":\"HTI Scientific\",\"alternateName\":\"HTI Scientific\",\"url\":\"https:\/\/htiscientific.vn\/\",\"logo\":{\"@type\":\"ImageObject\",\"inLanguage\":\"en-US\",\"@id\":\"https:\/\/htiscientific.vn\/#\/schema\/logo\/image\/\",\"url\":\"https:\/\/htiscientific.vn\/wp-content\/uploads\/2025\/03\/ava-hti-copy.jpg\",\"contentUrl\":\"https:\/\/htiscientific.vn\/wp-content\/uploads\/2025\/03\/ava-hti-copy.jpg\",\"width\":700,\"height\":450,\"caption\":\"HTI Scientific\"},\"image\":{\"@id\":\"https:\/\/htiscientific.vn\/#\/schema\/logo\/image\/\"},\"sameAs\":[\"https:\/\/www.facebook.com\/htiscientific.vn\"]}]}<\/script>\n<!-- \/ Yoast SEO plugin. -->","yoast_head_json":{"title":"Ph\u00f2ng th\u00ed nghi\u1ec7m t\u00edch h\u1ee3p c\u01a1 h\u1ecdc ch\u1ea5t l\u01b0u c\u01a1 b\u1ea3n - HTI Scientific","robots":{"index":"index","follow":"follow","max-snippet":"max-snippet:-1","max-image-preview":"max-image-preview:large","max-video-preview":"max-video-preview:-1"},"canonical":"https:\/\/htiscientific.vn\/en\/product\/phong-thi-nghiem-tich-hop-co-hoc-chat-luu-co-ban\/","og_locale":"en_US","og_type":"article","og_title":"Ph\u00f2ng th\u00ed nghi\u1ec7m t\u00edch h\u1ee3p c\u01a1 h\u1ecdc ch\u1ea5t l\u01b0u c\u01a1 b\u1ea3n - HTI Scientific","og_description":"V\u1edbi Ph\u00f2ng th\u00ed nghi\u1ec7m t\u00edch h\u1ee3p c\u01a1 h\u1ecdc ch\u1ea5t l\u01b0u c\u01a1 b\u1ea3n (LIFLUBA -Basic Fluids Mechanics Integrated Laboratory), EDIBON c\u1ed1 g\u1eafng \u0111\u01b0a ra c\u00e2u tr\u1ea3 l\u1eddi cho nhu c\u1ea7u h\u1ecdc thu\u1eadt v\u1ec1 vi\u1ec7c gi\u1ea3ng d\u1ea1y v\u00e0 h\u1ecdc c\u00e1c ki\u1ebfn \u200b\u200bth\u1ee9c c\u01a1 b\u1ea3n v\u1ec1 c\u01a1 h\u1ecdc ch\u1ea5t l\u01b0u theo c\u00e1ch d\u1ec5 d\u00e0ng v\u00e0 th\u1ef1c t\u1ebf. V\u1edbi chu\u1ed7i m\u00f4-\u0111un LIFLUBA, sinh vi\u00ean th\u1ef1c hi\u1ec7n c\u00e1c th\u00ed nghi\u1ec7m cho th\u1ea5y r\u00f5 c\u00e1c \u0111\u1ecbnh lu\u1eadt c\u1ee7a Th\u1ee7y l\u1ef1c v\u00e0 c\u00f3 \u0111\u01b0\u1ee3c kinh nghi\u1ec7m qu\u00fd b\u00e1u trong vi\u1ec7c s\u1eed d\u1ee5ng c\u00e1c thi\u1ebft b\u1ecb v\u00e0 c\u00f4ng c\u1ee5 th\u1ee7y l\u1ef1c theo c\u00e1ch t\u1ef1 nhi\u00ean, d\u1ec5 ch\u1ecbu v\u00e0 kh\u00f4ng ph\u1ee9c t\u1ea1p.","og_url":"https:\/\/htiscientific.vn\/en\/product\/phong-thi-nghiem-tich-hop-co-hoc-chat-luu-co-ban\/","og_site_name":"HTI Scientific","article_publisher":"https:\/\/www.facebook.com\/htiscientific.vn","article_modified_time":"2025-05-19T06:49:40+00:00","og_image":[{"width":1500,"height":1125,"url":"https:\/\/htiscientific.vn\/wp-content\/uploads\/2025\/03\/phong-thi-nghiem-tich-hop-co-hoc-chat-luu-co-ban.jpg","type":"image\/jpeg"}],"twitter_card":"summary_large_image","twitter_misc":{"Est. reading time":"2 minutes"},"schema":{"@context":"https:\/\/schema.org","@graph":[{"@type":"WebPage","@id":"https:\/\/htiscientific.vn\/san-pham\/phong-thi-nghiem-tich-hop-co-hoc-chat-luu-co-ban\/","url":"https:\/\/htiscientific.vn\/san-pham\/phong-thi-nghiem-tich-hop-co-hoc-chat-luu-co-ban\/","name":"Ph\u00f2ng th\u00ed nghi\u1ec7m t\u00edch h\u1ee3p c\u01a1 h\u1ecdc ch\u1ea5t l\u01b0u c\u01a1 b\u1ea3n - HTI Scientific","isPartOf":{"@id":"https:\/\/htiscientific.vn\/#website"},"primaryImageOfPage":{"@id":"https:\/\/htiscientific.vn\/san-pham\/phong-thi-nghiem-tich-hop-co-hoc-chat-luu-co-ban\/#primaryimage"},"image":{"@id":"https:\/\/htiscientific.vn\/san-pham\/phong-thi-nghiem-tich-hop-co-hoc-chat-luu-co-ban\/#primaryimage"},"thumbnailUrl":"https:\/\/htiscientific.vn\/wp-content\/uploads\/2025\/03\/phong-thi-nghiem-tich-hop-co-hoc-chat-luu-co-ban.jpg","datePublished":"2025-03-31T14:24:20+00:00","dateModified":"2025-05-19T06:49:40+00:00","breadcrumb":{"@id":"https:\/\/htiscientific.vn\/san-pham\/phong-thi-nghiem-tich-hop-co-hoc-chat-luu-co-ban\/#breadcrumb"},"inLanguage":"en-US","potentialAction":[{"@type":"ReadAction","target":["https:\/\/htiscientific.vn\/san-pham\/phong-thi-nghiem-tich-hop-co-hoc-chat-luu-co-ban\/"]}]},{"@type":"ImageObject","inLanguage":"en-US","@id":"https:\/\/htiscientific.vn\/san-pham\/phong-thi-nghiem-tich-hop-co-hoc-chat-luu-co-ban\/#primaryimage","url":"https:\/\/htiscientific.vn\/wp-content\/uploads\/2025\/03\/phong-thi-nghiem-tich-hop-co-hoc-chat-luu-co-ban.jpg","contentUrl":"https:\/\/htiscientific.vn\/wp-content\/uploads\/2025\/03\/phong-thi-nghiem-tich-hop-co-hoc-chat-luu-co-ban.jpg","width":1500,"height":1125},{"@type":"BreadcrumbList","@id":"https:\/\/htiscientific.vn\/san-pham\/phong-thi-nghiem-tich-hop-co-hoc-chat-luu-co-ban\/#breadcrumb","itemListElement":[{"@type":"ListItem","position":1,"name":"Trang ch\u1ee7","item":"https:\/\/htiscientific.vn\/"},{"@type":"ListItem","position":2,"name":"C\u1eeda h\u00e0ng","item":"https:\/\/htiscientific.vn\/cua-hang\/"},{"@type":"ListItem","position":3,"name":"Thi\u1ebft b\u1ecb gi\u00e1o d\u1ee5c","item":"https:\/\/htiscientific.vn\/danh-muc-san-pham\/thiet-bi-giao-duc\/"},{"@type":"ListItem","position":4,"name":"C\u01a1 h\u1ecdc ch\u1ea5t l\u1ecfng","item":"https:\/\/htiscientific.vn\/danh-muc-san-pham\/thiet-bi-giao-duc\/co-hoc-chat-long\/"},{"@type":"ListItem","position":5,"name":"Ph\u00f2ng th\u00ed nghi\u1ec7m t\u00edch h\u1ee3p c\u01a1 h\u1ecdc ch\u1ea5t l\u01b0u c\u01a1 b\u1ea3n"}]},{"@type":"WebSite","@id":"https:\/\/htiscientific.vn\/#website","url":"https:\/\/htiscientific.vn\/","name":"HTI Scientific","description":"HTI Scientific","publisher":{"@id":"https:\/\/htiscientific.vn\/#organization"},"potentialAction":[{"@type":"SearchAction","target":{"@type":"EntryPoint","urlTemplate":"https:\/\/htiscientific.vn\/?s={search_term_string}"},"query-input":{"@type":"PropertyValueSpecification","valueRequired":true,"valueName":"search_term_string"}}],"inLanguage":"en-US"},{"@type":"Organization","@id":"https:\/\/htiscientific.vn\/#organization","name":"HTI Scientific","alternateName":"HTI Scientific","url":"https:\/\/htiscientific.vn\/","logo":{"@type":"ImageObject","inLanguage":"en-US","@id":"https:\/\/htiscientific.vn\/#\/schema\/logo\/image\/","url":"https:\/\/htiscientific.vn\/wp-content\/uploads\/2025\/03\/ava-hti-copy.jpg","contentUrl":"https:\/\/htiscientific.vn\/wp-content\/uploads\/2025\/03\/ava-hti-copy.jpg","width":700,"height":450,"caption":"HTI Scientific"},"image":{"@id":"https:\/\/htiscientific.vn\/#\/schema\/logo\/image\/"},"sameAs":["https:\/\/www.facebook.com\/htiscientific.vn"]}]}},"_links":{"self":[{"href":"https:\/\/htiscientific.vn\/en\/wp-json\/wp\/v2\/product\/1122","targetHints":{"allow":["GET"]}}],"collection":[{"href":"https:\/\/htiscientific.vn\/en\/wp-json\/wp\/v2\/product"}],"about":[{"href":"https:\/\/htiscientific.vn\/en\/wp-json\/wp\/v2\/types\/product"}],"wp:featuredmedia":[{"embeddable":true,"href":"https:\/\/htiscientific.vn\/en\/wp-json\/wp\/v2\/media\/1123"}],"wp:attachment":[{"href":"https:\/\/htiscientific.vn\/en\/wp-json\/wp\/v2\/media?parent=1122"}],"wp:term":[{"taxonomy":"product_brand","embeddable":true,"href":"https:\/\/htiscientific.vn\/en\/wp-json\/wp\/v2\/product_brand?post=1122"},{"taxonomy":"product_cat","embeddable":true,"href":"https:\/\/htiscientific.vn\/en\/wp-json\/wp\/v2\/product_cat?post=1122"},{"taxonomy":"product_tag","embeddable":true,"href":"https:\/\/htiscientific.vn\/en\/wp-json\/wp\/v2\/product_tag?post=1122"}],"curies":[{"name":"wp","href":"https:\/\/api.w.org\/{rel}","templated":true}]}}