{"id":1095,"date":"2025-03-31T18:44:46","date_gmt":"2025-03-31T11:44:46","guid":{"rendered":"https:\/\/htiscientific.vn\/?post_type=product&#038;p=1095"},"modified":"2025-07-10T11:16:07","modified_gmt":"2025-07-10T04:16:07","slug":"tu-lanh-r-90i","status":"publish","type":"product","link":"https:\/\/htiscientific.vn\/en\/product\/tu-lanh-r-90i\/","title":{"rendered":"T\u1ee7 l\u1ea1nh R-90i"},"content":{"rendered":"<p><span style=\"color: #333333;\">H\u00e3ng s\u1ea3n xu\u1ea5t: Vestfrost Solutions \u2013 \u0110an M\u1ea1ch<\/span><br \/>\n<span style=\"color: #333333;\">Xu\u1ea5t x\u1ee9: \u0110an M\u1ea1ch<\/span><\/p>\n<h4><strong><span style=\"color: #333333;\">T\u00ednh n\u0103ng v\u00e0 \u01b0u \u0111i\u1ec3m n\u1ed5i b\u1eadt c\u1ee7a s\u1ea3n ph\u1ea9m T\u1ee7 l\u1ea1nh R-90i Vestfrost Solutions:<\/span><\/strong><\/h4>\n<ul>\n<li><span style=\"color: #333333;\">C\u00f4ng ngh\u1ec7 l\u00e0m l\u1ea1nh ti\u00ean ti\u1ebfn: T\u1ee7 l\u1ea1nh Vestfrost s\u1eed d\u1ee5ng h\u1ec7 th\u1ed1ng l\u00e0m l\u1ea1nh hi\u1ec7u qu\u1ea3 v\u1edbi m\u00e1y n\u00e9n ti\u00eau chu\u1ea9n v\u00e0 c\u00f4ng ngh\u1ec7 ph\u00e2n ph\u1ed1i kh\u00f4ng kh\u00ed \u0111\u1ed9ng h\u1ecdc, gi\u00fap duy tr\u00ec nhi\u1ec7t \u0111\u1ed9 \u1ed5n \u0111\u1ecbnh v\u00e0 ti\u1ebft ki\u1ec7m n\u0103ng l\u01b0\u1ee3ng.<\/span><\/li>\n<li><span style=\"color: #333333;\">Thi\u1ebft k\u1ebf nh\u1ecf g\u1ecdn v\u00e0 ti\u1ec7n d\u1ee5ng: V\u1edbi thi\u1ebft k\u1ebf nh\u1ecf g\u1ecdn, t\u1ee7 l\u1ea1nh R-90i l\u00e0 l\u1ef1a ch\u1ecdn l\u00fd t\u01b0\u1edfng cho kh\u00f4ng gian h\u1ea1n ch\u1ebf v\u00e0 c\u00f3 th\u1ec3 \u0111\u1eb7t tr\u00ean b\u00e0n l\u00e0m vi\u1ec7c \u0111\u1ec3 d\u1ec5 d\u00e0ng s\u1eed d\u1ee5ng.<\/span><\/li>\n<li><span style=\"color: #333333;\">H\u1ec7 th\u1ed1ng ki\u1ec3m so\u00e1t v\u00e0 c\u1ea3nh b\u00e1o: S\u1ea3n ph\u1ea9m \u0111\u01b0\u1ee3c trang b\u1ecb b\u1ed9 \u0111i\u1ec1u khi\u1ec3n i-Care c\u1ea3m \u1ee9ng, v\u1edbi ch\u1ee9c n\u0103ng c\u1ea3nh b\u00e1o nhi\u1ec7t \u0111\u1ed9 cao\/th\u1ea5p, m\u1edf c\u1eeda v\u00e0 h\u1ecfng c\u1ea3m bi\u1ebfn, gi\u00fap ng\u01b0\u1eddi d\u00f9ng d\u1ec5 d\u00e0ng gi\u00e1m s\u00e1t thi\u1ebft b\u1ecb.<\/span><\/li>\n<li><span style=\"color: #333333;\">Ti\u1ebft ki\u1ec7m n\u0103ng l\u01b0\u1ee3ng: S\u1eed d\u1ee5ng c\u00f4ng ngh\u1ec7 ECO v\u00e0 kh\u00ed l\u00e0m l\u1ea1nh R600a, gi\u00fap gi\u1ea3m chi ph\u00ed v\u1eadn h\u00e0nh v\u00e0 b\u1ea3o v\u1ec7 m\u00f4i tr\u01b0\u1eddng.<\/span><\/li>\n<\/ul>\n<h4><span style=\"color: #333333;\"><strong>Th\u00f4ng s\u1ed1 k\u1ef9 thu\u1eadt c\u01a1 b\u1ea3n:<\/strong><\/span><\/h4>\n<ul>\n<li><span style=\"color: #333333;\">Nhi\u1ec7t \u0111\u1ed9 ho\u1ea1t \u0111\u1ed9ng: 2\u00b0C \u0111\u1ebfn 20\u00b0C.<\/span><\/li>\n<li><span style=\"color: #333333;\">Ti\u00eau th\u1ee5 n\u0103ng l\u01b0\u1ee3ng: 0,290 kWh\/24h (\u1edf nhi\u1ec7t \u0111\u1ed9 5\u00b0C).<\/span><\/li>\n<li><span style=\"color: #333333;\">Dung t\u00edch: 76L (net), 90L (gross).<\/span><\/li>\n<li><span style=\"color: #333333;\">S\u1ed1 l\u01b0\u1ee3ng k\u1ec7: 1 k\u1ec7 \u0111\u1ea7y \u0111\u1ee7 v\u00e0 1 k\u1ec7 n\u1eeda.<\/span><\/li>\n<li><span style=\"color: #333333;\">Ch\u1ea5t li\u1ec7u k\u1ec7: Nh\u00f4m perforated.<\/span><\/li>\n<li><span style=\"color: #333333;\">C\u1ea3nh b\u00e1o: C\u1ea3nh b\u00e1o nhi\u1ec7t \u0111\u1ed9 cao\/th\u1ea5p, c\u1ea3nh b\u00e1o m\u1edf c\u1eeda, c\u1ea3nh b\u00e1o m\u1ea5t \u0111i\u1ec7n.<\/span><\/li>\n<li><span style=\"color: #333333;\">H\u1ec7 th\u1ed1ng \u0111i\u1ec1u khi\u1ec3n: M\u00e0n h\u00ecnh c\u1ea3m \u1ee9ng i-Care, h\u1ed7 tr\u1ee3 \u0111a ng\u00f4n ng\u1eef (EN, DE, FR), k\u1ebft n\u1ed1i USB.<\/span><\/li>\n<li><span style=\"color: #333333;\">\u0110\u1ed9 \u1ed3n: 46 dB.<\/span><\/li>\n<li><span style=\"color: #333333;\">Ch\u1ebf \u0111\u1ed9 l\u00e0m l\u1ea1nh: M\u00e1y n\u00e9n bi\u1ebfn t\u1ea7n v\u1edbi c\u00f4ng ngh\u1ec7 l\u00e0m l\u1ea1nh th\u00edch \u1ee9ng.<\/span><\/li>\n<li><span style=\"color: #333333;\">T\u00ednh n\u0103ng b\u1ed5 sung:<\/span>\n<ul>\n<li><span style=\"color: #333333;\">\u0110\u00e8n LED chi\u1ebfu s\u00e1ng trong c\u1eeda.<\/span><\/li>\n<li><span style=\"color: #333333;\">Pin d\u1ef1 ph\u00f2ng cho b\u1ed9 \u0111i\u1ec1u khi\u1ec3n (24h).<\/span><\/li>\n<li><span style=\"color: #333333;\">C\u1ed5ng k\u1ebft n\u1ed1i USB \u0111\u1ec3 ghi nh\u1eadn d\u1eef li\u1ec7u.<\/span><\/li>\n<li><span style=\"color: #333333;\">Ch\u1ee9c n\u0103ng ghi l\u1ea1i d\u1eef li\u1ec7u nhi\u1ec7t \u0111\u1ed9 v\u00e0 s\u1ef1 ki\u1ec7n.<\/span><\/li>\n<\/ul>\n<\/li>\n<\/ul>\n<h4><span style=\"color: #333333;\"><strong>Th\u00f4ng s\u1ed1 k\u1ef9 thu\u1eadt kh\u00e1c:<\/strong><\/span><\/h4>\n<ul>\n<li><span style=\"color: #333333;\">V\u1eadt li\u1ec7u v\u1ecf ngo\u00e0i: Th\u00e9p s\u01a1n t\u0129nh \u0111i\u1ec7n.<\/span><\/li>\n<li><span style=\"color: #333333;\">V\u1eadt li\u1ec7u v\u1ecf trong: Nh\u1ef1a ABS.<\/span><\/li>\n<li><span style=\"color: #333333;\">H\u1ec7 th\u1ed1ng ph\u00e2n ph\u1ed1i kh\u00f4ng kh\u00ed: H\u1ec7 th\u1ed1ng ph\u00e2n ph\u1ed1i kh\u00f4ng kh\u00ed \u0111\u1ed9ng h\u1ecdc.<\/span><\/li>\n<li><span style=\"color: #333333;\">Ch\u1ebf \u0111\u1ed9 ng\u1eebng ho\u1ea1t \u0111\u1ed9ng: T\u1ef1 \u0111\u1ed9ng l\u00e0m tan tuy\u1ebft.<\/span><\/li>\n<li><span style=\"color: #333333;\">Lo\u1ea1i kh\u00ed l\u00e0m l\u1ea1nh: R600a (39g).<\/span><\/li>\n<li><span style=\"color: #333333;\">C\u1ea5p \u0111\u1ed9 nhi\u1ec7t \u0111\u1ed9 t\u1ed1i \u0111a trong m\u00f4i tr\u01b0\u1eddng ho\u1ea1t \u0111\u1ed9ng: 35\u00b0C.<\/span><\/li>\n<li><span style=\"color: #333333;\">\u0110\u1ed9 \u1ea9m t\u1ed1i \u0111a trong m\u00f4i tr\u01b0\u1eddng ho\u1ea1t \u0111\u1ed9ng: 75% RH.<\/span><\/li>\n<li><span style=\"color: #333333;\">K\u00edch th\u01b0\u1edbc s\u1ea3n ph\u1ea9m (Cao x R\u1ed9ng x S\u00e2u): 672mm x 595mm x 642mm.<\/span><\/li>\n<li><span style=\"color: #333333;\">Tr\u1ecdng l\u01b0\u1ee3ng: 38kg (net), 48kg (gross).<\/span><\/li>\n<li><span style=\"color: #333333;\">K\u00edch th\u01b0\u1edbc bao b\u00ec: 840mm x 710mm x 650mm.<\/span><\/li>\n<\/ul>","protected":false},"excerpt":{"rendered":"<h4><span style=\"color: #333333;\">T\u1ee7 l\u1ea1nh R-90i Vestfrost s\u1eed d\u1ee5ng h\u1ec7 th\u1ed1ng l\u00e0m l\u1ea1nh hi\u1ec7u qu\u1ea3 v\u1edbi m\u00e1y n\u00e9n ti\u00eau chu\u1ea9n v\u00e0 c\u00f4ng ngh\u1ec7 ph\u00e2n ph\u1ed1i kh\u00f4ng kh\u00ed \u0111\u1ed9ng h\u1ecdc, gi\u00fap duy tr\u00ec nhi\u1ec7t \u0111\u1ed9 \u1ed5n \u0111\u1ecbnh v\u00e0 ti\u1ebft ki\u1ec7m n\u0103ng l\u01b0\u1ee3ng.<\/span><\/h4>","protected":false},"featured_media":1100,"template":"","meta":{"inline_featured_image":false},"product_brand":[51],"product_cat":[77,83],"product_tag":[],"class_list":{"0":"post-1095","1":"product","2":"type-product","3":"status-publish","4":"has-post-thumbnail","6":"product_brand-vestfrost","7":"product_cat-cong-nghe-sinh-hoc-y-duoc","8":"product_cat-tu-mat-2c-20c","10":"first","11":"instock","12":"shipping-taxable","13":"product-type-simple"},"yoast_head":"<!-- This site is optimized with the Yoast SEO plugin v24.7 - https:\/\/yoast.com\/wordpress\/plugins\/seo\/ -->\n<title>T\u1ee7 l\u1ea1nh R-90i - HTI Scientific<\/title>\n<meta name=\"description\" content=\"T\u1ee7 l\u1ea1nh R-90i Vestfrost s\u1eed d\u1ee5ng h\u1ec7 th\u1ed1ng l\u00e0m l\u1ea1nh hi\u1ec7u qu\u1ea3 v\u1edbi m\u00e1y n\u00e9n ti\u00eau chu\u1ea9n v\u00e0 c\u00f4ng ngh\u1ec7 ph\u00e2n ph\u1ed1i kh\u00f4ng kh\u00ed \u0111\u1ed9ng h\u1ecdc,\" \/>\n<meta name=\"robots\" content=\"index, follow, max-snippet:-1, max-image-preview:large, max-video-preview:-1\" \/>\n<link rel=\"canonical\" href=\"https:\/\/htiscientific.vn\/en\/product\/tu-lanh-r-90i\/\" \/>\n<meta property=\"og:locale\" content=\"en_US\" \/>\n<meta property=\"og:type\" content=\"article\" \/>\n<meta property=\"og:title\" content=\"T\u1ee7 l\u1ea1nh R-90i - HTI Scientific\" \/>\n<meta property=\"og:description\" content=\"T\u1ee7 l\u1ea1nh R-90i Vestfrost s\u1eed d\u1ee5ng h\u1ec7 th\u1ed1ng l\u00e0m l\u1ea1nh hi\u1ec7u qu\u1ea3 v\u1edbi m\u00e1y n\u00e9n ti\u00eau chu\u1ea9n v\u00e0 c\u00f4ng ngh\u1ec7 ph\u00e2n ph\u1ed1i kh\u00f4ng kh\u00ed \u0111\u1ed9ng h\u1ecdc,\" \/>\n<meta property=\"og:url\" content=\"https:\/\/htiscientific.vn\/en\/product\/tu-lanh-r-90i\/\" \/>\n<meta property=\"og:site_name\" content=\"HTI Scientific\" \/>\n<meta property=\"article:publisher\" content=\"https:\/\/www.facebook.com\/htiscientific.vn\" \/>\n<meta property=\"article:modified_time\" content=\"2025-07-10T04:16:07+00:00\" \/>\n<meta property=\"og:image\" content=\"https:\/\/htiscientific.vn\/wp-content\/uploads\/2025\/03\/tu-mat-the-tich-90l-5.jpg\" \/>\n\t<meta property=\"og:image:width\" content=\"600\" \/>\n\t<meta property=\"og:image:height\" content=\"516\" \/>\n\t<meta property=\"og:image:type\" content=\"image\/jpeg\" \/>\n<meta name=\"twitter:card\" content=\"summary_large_image\" \/>\n<meta name=\"twitter:label1\" content=\"Est. reading time\" \/>\n\t<meta name=\"twitter:data1\" content=\"3 minutes\" \/>\n<script type=\"application\/ld+json\" class=\"yoast-schema-graph\">{\"@context\":\"https:\/\/schema.org\",\"@graph\":[{\"@type\":\"WebPage\",\"@id\":\"https:\/\/htiscientific.vn\/san-pham\/tu-lanh-r-90i\/\",\"url\":\"https:\/\/htiscientific.vn\/san-pham\/tu-lanh-r-90i\/\",\"name\":\"T\u1ee7 l\u1ea1nh R-90i - HTI Scientific\",\"isPartOf\":{\"@id\":\"https:\/\/htiscientific.vn\/#website\"},\"primaryImageOfPage\":{\"@id\":\"https:\/\/htiscientific.vn\/san-pham\/tu-lanh-r-90i\/#primaryimage\"},\"image\":{\"@id\":\"https:\/\/htiscientific.vn\/san-pham\/tu-lanh-r-90i\/#primaryimage\"},\"thumbnailUrl\":\"https:\/\/htiscientific.vn\/wp-content\/uploads\/2025\/03\/tu-mat-the-tich-90l-5.jpg\",\"datePublished\":\"2025-03-31T11:44:46+00:00\",\"dateModified\":\"2025-07-10T04:16:07+00:00\",\"description\":\"T\u1ee7 l\u1ea1nh R-90i Vestfrost s\u1eed d\u1ee5ng h\u1ec7 th\u1ed1ng l\u00e0m l\u1ea1nh hi\u1ec7u qu\u1ea3 v\u1edbi m\u00e1y n\u00e9n ti\u00eau chu\u1ea9n v\u00e0 c\u00f4ng ngh\u1ec7 ph\u00e2n ph\u1ed1i kh\u00f4ng kh\u00ed \u0111\u1ed9ng h\u1ecdc,\",\"breadcrumb\":{\"@id\":\"https:\/\/htiscientific.vn\/san-pham\/tu-lanh-r-90i\/#breadcrumb\"},\"inLanguage\":\"en-US\",\"potentialAction\":[{\"@type\":\"ReadAction\",\"target\":[\"https:\/\/htiscientific.vn\/san-pham\/tu-lanh-r-90i\/\"]}]},{\"@type\":\"ImageObject\",\"inLanguage\":\"en-US\",\"@id\":\"https:\/\/htiscientific.vn\/san-pham\/tu-lanh-r-90i\/#primaryimage\",\"url\":\"https:\/\/htiscientific.vn\/wp-content\/uploads\/2025\/03\/tu-mat-the-tich-90l-5.jpg\",\"contentUrl\":\"https:\/\/htiscientific.vn\/wp-content\/uploads\/2025\/03\/tu-mat-the-tich-90l-5.jpg\",\"width\":600,\"height\":516,\"caption\":\"T\u1ee7 m\u00e1t th\u1ec3 t\u00edch 90L-5\"},{\"@type\":\"BreadcrumbList\",\"@id\":\"https:\/\/htiscientific.vn\/san-pham\/tu-lanh-r-90i\/#breadcrumb\",\"itemListElement\":[{\"@type\":\"ListItem\",\"position\":1,\"name\":\"Trang ch\u1ee7\",\"item\":\"https:\/\/htiscientific.vn\/\"},{\"@type\":\"ListItem\",\"position\":2,\"name\":\"C\u1eeda h\u00e0ng\",\"item\":\"https:\/\/htiscientific.vn\/cua-hang\/\"},{\"@type\":\"ListItem\",\"position\":3,\"name\":\"C\u00f4ng ngh\u1ec7 sinh h\u1ecdc \/ Y d\u01b0\u1ee3c\",\"item\":\"https:\/\/htiscientific.vn\/danh-muc-san-pham\/cong-nghe-sinh-hoc-y-duoc\/\"},{\"@type\":\"ListItem\",\"position\":4,\"name\":\"T\u1ee7 m\u00e1t 2\u00b0C - 20\u00b0C\",\"item\":\"https:\/\/htiscientific.vn\/danh-muc-san-pham\/cong-nghe-sinh-hoc-y-duoc\/tu-mat-2c-20c\/\"},{\"@type\":\"ListItem\",\"position\":5,\"name\":\"T\u1ee7 l\u1ea1nh R-90i\"}]},{\"@type\":\"WebSite\",\"@id\":\"https:\/\/htiscientific.vn\/#website\",\"url\":\"https:\/\/htiscientific.vn\/\",\"name\":\"HTI Scientific\",\"description\":\"HTI Scientific\",\"publisher\":{\"@id\":\"https:\/\/htiscientific.vn\/#organization\"},\"potentialAction\":[{\"@type\":\"SearchAction\",\"target\":{\"@type\":\"EntryPoint\",\"urlTemplate\":\"https:\/\/htiscientific.vn\/?s={search_term_string}\"},\"query-input\":{\"@type\":\"PropertyValueSpecification\",\"valueRequired\":true,\"valueName\":\"search_term_string\"}}],\"inLanguage\":\"en-US\"},{\"@type\":\"Organization\",\"@id\":\"https:\/\/htiscientific.vn\/#organization\",\"name\":\"HTI Scientific\",\"alternateName\":\"HTI Scientific\",\"url\":\"https:\/\/htiscientific.vn\/\",\"logo\":{\"@type\":\"ImageObject\",\"inLanguage\":\"en-US\",\"@id\":\"https:\/\/htiscientific.vn\/#\/schema\/logo\/image\/\",\"url\":\"https:\/\/htiscientific.vn\/wp-content\/uploads\/2025\/03\/ava-hti-copy.jpg\",\"contentUrl\":\"https:\/\/htiscientific.vn\/wp-content\/uploads\/2025\/03\/ava-hti-copy.jpg\",\"width\":700,\"height\":450,\"caption\":\"HTI Scientific\"},\"image\":{\"@id\":\"https:\/\/htiscientific.vn\/#\/schema\/logo\/image\/\"},\"sameAs\":[\"https:\/\/www.facebook.com\/htiscientific.vn\"]}]}<\/script>\n<!-- \/ Yoast SEO plugin. -->","yoast_head_json":{"title":"T\u1ee7 l\u1ea1nh R-90i - HTI Scientific","description":"T\u1ee7 l\u1ea1nh R-90i Vestfrost s\u1eed d\u1ee5ng h\u1ec7 th\u1ed1ng l\u00e0m l\u1ea1nh hi\u1ec7u qu\u1ea3 v\u1edbi m\u00e1y n\u00e9n ti\u00eau chu\u1ea9n v\u00e0 c\u00f4ng ngh\u1ec7 ph\u00e2n ph\u1ed1i kh\u00f4ng kh\u00ed \u0111\u1ed9ng h\u1ecdc,","robots":{"index":"index","follow":"follow","max-snippet":"max-snippet:-1","max-image-preview":"max-image-preview:large","max-video-preview":"max-video-preview:-1"},"canonical":"https:\/\/htiscientific.vn\/en\/product\/tu-lanh-r-90i\/","og_locale":"en_US","og_type":"article","og_title":"T\u1ee7 l\u1ea1nh R-90i - HTI Scientific","og_description":"T\u1ee7 l\u1ea1nh R-90i Vestfrost s\u1eed d\u1ee5ng h\u1ec7 th\u1ed1ng l\u00e0m l\u1ea1nh hi\u1ec7u qu\u1ea3 v\u1edbi m\u00e1y n\u00e9n ti\u00eau chu\u1ea9n v\u00e0 c\u00f4ng ngh\u1ec7 ph\u00e2n ph\u1ed1i kh\u00f4ng kh\u00ed \u0111\u1ed9ng h\u1ecdc,","og_url":"https:\/\/htiscientific.vn\/en\/product\/tu-lanh-r-90i\/","og_site_name":"HTI Scientific","article_publisher":"https:\/\/www.facebook.com\/htiscientific.vn","article_modified_time":"2025-07-10T04:16:07+00:00","og_image":[{"width":600,"height":516,"url":"https:\/\/htiscientific.vn\/wp-content\/uploads\/2025\/03\/tu-mat-the-tich-90l-5.jpg","type":"image\/jpeg"}],"twitter_card":"summary_large_image","twitter_misc":{"Est. reading time":"3 minutes"},"schema":{"@context":"https:\/\/schema.org","@graph":[{"@type":"WebPage","@id":"https:\/\/htiscientific.vn\/san-pham\/tu-lanh-r-90i\/","url":"https:\/\/htiscientific.vn\/san-pham\/tu-lanh-r-90i\/","name":"T\u1ee7 l\u1ea1nh R-90i - HTI Scientific","isPartOf":{"@id":"https:\/\/htiscientific.vn\/#website"},"primaryImageOfPage":{"@id":"https:\/\/htiscientific.vn\/san-pham\/tu-lanh-r-90i\/#primaryimage"},"image":{"@id":"https:\/\/htiscientific.vn\/san-pham\/tu-lanh-r-90i\/#primaryimage"},"thumbnailUrl":"https:\/\/htiscientific.vn\/wp-content\/uploads\/2025\/03\/tu-mat-the-tich-90l-5.jpg","datePublished":"2025-03-31T11:44:46+00:00","dateModified":"2025-07-10T04:16:07+00:00","description":"T\u1ee7 l\u1ea1nh R-90i Vestfrost s\u1eed d\u1ee5ng h\u1ec7 th\u1ed1ng l\u00e0m l\u1ea1nh hi\u1ec7u qu\u1ea3 v\u1edbi m\u00e1y n\u00e9n ti\u00eau chu\u1ea9n v\u00e0 c\u00f4ng ngh\u1ec7 ph\u00e2n ph\u1ed1i kh\u00f4ng kh\u00ed \u0111\u1ed9ng h\u1ecdc,","breadcrumb":{"@id":"https:\/\/htiscientific.vn\/san-pham\/tu-lanh-r-90i\/#breadcrumb"},"inLanguage":"en-US","potentialAction":[{"@type":"ReadAction","target":["https:\/\/htiscientific.vn\/san-pham\/tu-lanh-r-90i\/"]}]},{"@type":"ImageObject","inLanguage":"en-US","@id":"https:\/\/htiscientific.vn\/san-pham\/tu-lanh-r-90i\/#primaryimage","url":"https:\/\/htiscientific.vn\/wp-content\/uploads\/2025\/03\/tu-mat-the-tich-90l-5.jpg","contentUrl":"https:\/\/htiscientific.vn\/wp-content\/uploads\/2025\/03\/tu-mat-the-tich-90l-5.jpg","width":600,"height":516,"caption":"T\u1ee7 m\u00e1t th\u1ec3 t\u00edch 90L-5"},{"@type":"BreadcrumbList","@id":"https:\/\/htiscientific.vn\/san-pham\/tu-lanh-r-90i\/#breadcrumb","itemListElement":[{"@type":"ListItem","position":1,"name":"Trang ch\u1ee7","item":"https:\/\/htiscientific.vn\/"},{"@type":"ListItem","position":2,"name":"C\u1eeda h\u00e0ng","item":"https:\/\/htiscientific.vn\/cua-hang\/"},{"@type":"ListItem","position":3,"name":"C\u00f4ng ngh\u1ec7 sinh h\u1ecdc \/ Y d\u01b0\u1ee3c","item":"https:\/\/htiscientific.vn\/danh-muc-san-pham\/cong-nghe-sinh-hoc-y-duoc\/"},{"@type":"ListItem","position":4,"name":"T\u1ee7 m\u00e1t 2\u00b0C - 20\u00b0C","item":"https:\/\/htiscientific.vn\/danh-muc-san-pham\/cong-nghe-sinh-hoc-y-duoc\/tu-mat-2c-20c\/"},{"@type":"ListItem","position":5,"name":"T\u1ee7 l\u1ea1nh R-90i"}]},{"@type":"WebSite","@id":"https:\/\/htiscientific.vn\/#website","url":"https:\/\/htiscientific.vn\/","name":"HTI Scientific","description":"HTI Scientific","publisher":{"@id":"https:\/\/htiscientific.vn\/#organization"},"potentialAction":[{"@type":"SearchAction","target":{"@type":"EntryPoint","urlTemplate":"https:\/\/htiscientific.vn\/?s={search_term_string}"},"query-input":{"@type":"PropertyValueSpecification","valueRequired":true,"valueName":"search_term_string"}}],"inLanguage":"en-US"},{"@type":"Organization","@id":"https:\/\/htiscientific.vn\/#organization","name":"HTI Scientific","alternateName":"HTI Scientific","url":"https:\/\/htiscientific.vn\/","logo":{"@type":"ImageObject","inLanguage":"en-US","@id":"https:\/\/htiscientific.vn\/#\/schema\/logo\/image\/","url":"https:\/\/htiscientific.vn\/wp-content\/uploads\/2025\/03\/ava-hti-copy.jpg","contentUrl":"https:\/\/htiscientific.vn\/wp-content\/uploads\/2025\/03\/ava-hti-copy.jpg","width":700,"height":450,"caption":"HTI Scientific"},"image":{"@id":"https:\/\/htiscientific.vn\/#\/schema\/logo\/image\/"},"sameAs":["https:\/\/www.facebook.com\/htiscientific.vn"]}]}},"_links":{"self":[{"href":"https:\/\/htiscientific.vn\/en\/wp-json\/wp\/v2\/product\/1095","targetHints":{"allow":["GET"]}}],"collection":[{"href":"https:\/\/htiscientific.vn\/en\/wp-json\/wp\/v2\/product"}],"about":[{"href":"https:\/\/htiscientific.vn\/en\/wp-json\/wp\/v2\/types\/product"}],"wp:featuredmedia":[{"embeddable":true,"href":"https:\/\/htiscientific.vn\/en\/wp-json\/wp\/v2\/media\/1100"}],"wp:attachment":[{"href":"https:\/\/htiscientific.vn\/en\/wp-json\/wp\/v2\/media?parent=1095"}],"wp:term":[{"taxonomy":"product_brand","embeddable":true,"href":"https:\/\/htiscientific.vn\/en\/wp-json\/wp\/v2\/product_brand?post=1095"},{"taxonomy":"product_cat","embeddable":true,"href":"https:\/\/htiscientific.vn\/en\/wp-json\/wp\/v2\/product_cat?post=1095"},{"taxonomy":"product_tag","embeddable":true,"href":"https:\/\/htiscientific.vn\/en\/wp-json\/wp\/v2\/product_tag?post=1095"}],"curies":[{"name":"wp","href":"https:\/\/api.w.org\/{rel}","templated":true}]}}