{"id":1058,"date":"2025-03-31T13:57:04","date_gmt":"2025-03-31T06:57:04","guid":{"rendered":"https:\/\/htiscientific.vn\/?post_type=product&#038;p=1058"},"modified":"2025-05-19T13:50:49","modified_gmt":"2025-05-19T06:50:49","slug":"may-cat-mau-kanta-050e","status":"publish","type":"product","link":"https:\/\/htiscientific.vn\/en\/product\/may-cat-mau-kanta-050e\/","title":{"rendered":"M\u00e1y c\u1eaft m\u1eabu KANTA-050E"},"content":{"rendered":"<p>K\u00fd hi\u1ec7u m\u00e3 s\u1ea3n ph\u1ea9m: Kanta-050E<\/p>\n<p>H\u00e3ng s\u1ea3n xu\u1ea5t: MTDI<\/p>\n<p>Xu\u1ea5t s\u1ee9: H\u00e0n Qu\u1ed1c<\/p>\n<p><strong>TH\u00d4NG S\u1ed0 K\u1ef8 THU\u1eacT<\/strong><\/p>\n<ul>\n<li>D\u1ea1ng m\u00e1y: M\u00e1y c\u1eaft th\u1ee7 c\u00f4ng c\u01a1 b\u1ea3n (lo\u1ea1i \u0111\u1ec3 b\u00e0n)<\/li>\n<li>K\u00edch th\u01b0\u1edbc (mm): 690R x 790D x 670C<\/li>\n<li>Ngu\u1ed3n \u0111i\u1ec7n: AC 280V, 50Hz, 3kW<\/li>\n<li>\u0110\u1ed9ng c\u01a1: \u0110\u1ed9ng c\u01a1 ch\u1ed1ng n\u01b0\u1edbc SIEMENS 3kW (3HP)<\/li>\n<li>K\u00edch th\u01b0\u1edbc l\u01b0\u1ee1i c\u1eaft: 10&#8243; (Tr\u1ee5c 32mm)<\/li>\n<li>T\u1ed1c \u0111\u1ed9 v\u00f2ng quay: C\u1ed1 \u0111\u1ecbnh 2.800 v\u00f2ng\/ph\u00fat (RPM)<\/li>\n<li>Kh\u1ea3 n\u0103ng c\u1eaft:<br \/>\n&#8211; V\u1eadt li\u1ec7u d\u1ea1ng t\u1ea5m: 80mmD x 60mmH<br \/>\n&#8211; V\u1eadt li\u1ec7u d\u1ea1ng thanh: 80mm (12&#8243;)<\/li>\n<\/ul>\n<ul>\n<li>B\u1ed9 \u0111i\u1ec1u khi\u1ec3n: Kh\u1edfi \u0111\u1ed9ng, d\u1eebng, b\u1eadt\/t\u1eaft b\u01a1m<\/li>\n<li>H\u1ec7 th\u1ed1ng l\u00e0m m\u00e1t:<br \/>\n&#8211; S\u1eed d\u1ee5ng b\u01a1m \u0111\u1ed9c l\u1eadp<br \/>\n&#8211; Dung t\u00edch n\u01b0\u1edbc l\u00e0m m\u00e1t: B\u00ecnh ch\u1ee9a 50 l\u00edt c\u00f3 b\u00e1nh xe<\/li>\n<\/ul>","protected":false},"excerpt":{"rendered":"<p>M\u00e1y c\u1eaft m\u1eabu KANTA-050E l\u00e0 s\u1ea3n ph\u1ea9m &#8220;m\u00e1y c\u1eaft th\u1ee7 c\u00f4ng \u0111\u1ec3 b\u00e0n&#8221; c\u00f3 gi\u00e1 th\u00e0nh kinh t\u1ebf v\u00e0 hi\u1ec7u su\u1ea5t t\u1ed1t. L\u01b0\u1ee1i c\u1eaft 10 inch \u0111\u01b0\u1ee3c s\u1eed d\u1ee5ng \u0111\u1ec3 c\u1eaft m\u1eabu v\u1eadt \u1edf t\u1ed1c \u0111\u1ed9 cao.<\/p>","protected":false},"featured_media":1059,"template":"","meta":{"inline_featured_image":false},"product_brand":[53],"product_cat":[89,87],"product_tag":[],"class_list":{"0":"post-1058","1":"product","2":"type-product","3":"status-publish","4":"has-post-thumbnail","6":"product_brand-mtdi","7":"product_cat-may-cat-mau","8":"product_cat-vat-lieu","10":"first","11":"instock","12":"featured","13":"shipping-taxable","14":"product-type-simple"},"yoast_head":"<!-- This site is optimized with the Yoast SEO plugin v24.7 - https:\/\/yoast.com\/wordpress\/plugins\/seo\/ -->\n<title>M\u00e1y c\u1eaft m\u1eabu KANTA-050E - HTI Scientific<\/title>\n<meta name=\"description\" content=\"M\u00e1y c\u1eaft m\u1eabu KANTA-050E l\u00e0 s\u1ea3n ph\u1ea9m &quot;m\u00e1y c\u1eaft th\u1ee7 c\u00f4ng \u0111\u1ec3 b\u00e0n&quot; c\u00f3 gi\u00e1 th\u00e0nh kinh t\u1ebf v\u00e0 hi\u1ec7u su\u1ea5t t\u1ed1t. L\u01b0\u1ee1i c\u1eaft 10 inch \u0111\u01b0\u1ee3c s\u1eed d\u1ee5ng \u0111\u1ec3 c\u1eaft m\u1eabu v\u1eadt \u1edf t\u1ed1c\" \/>\n<meta name=\"robots\" content=\"index, follow, max-snippet:-1, max-image-preview:large, max-video-preview:-1\" \/>\n<link rel=\"canonical\" href=\"https:\/\/htiscientific.vn\/en\/product\/may-cat-mau-kanta-050e\/\" \/>\n<meta property=\"og:locale\" content=\"en_US\" \/>\n<meta property=\"og:type\" content=\"article\" \/>\n<meta property=\"og:title\" content=\"M\u00e1y c\u1eaft m\u1eabu KANTA-050E - HTI Scientific\" \/>\n<meta property=\"og:description\" content=\"M\u00e1y c\u1eaft m\u1eabu KANTA-050E l\u00e0 s\u1ea3n ph\u1ea9m &quot;m\u00e1y c\u1eaft th\u1ee7 c\u00f4ng \u0111\u1ec3 b\u00e0n&quot; c\u00f3 gi\u00e1 th\u00e0nh kinh t\u1ebf v\u00e0 hi\u1ec7u su\u1ea5t t\u1ed1t. L\u01b0\u1ee1i c\u1eaft 10 inch \u0111\u01b0\u1ee3c s\u1eed d\u1ee5ng \u0111\u1ec3 c\u1eaft m\u1eabu v\u1eadt \u1edf t\u1ed1c\" \/>\n<meta property=\"og:url\" content=\"https:\/\/htiscientific.vn\/en\/product\/may-cat-mau-kanta-050e\/\" \/>\n<meta property=\"og:site_name\" content=\"HTI Scientific\" \/>\n<meta property=\"article:publisher\" content=\"https:\/\/www.facebook.com\/htiscientific.vn\" \/>\n<meta property=\"article:modified_time\" content=\"2025-05-19T06:50:49+00:00\" \/>\n<meta property=\"og:image\" content=\"https:\/\/htiscientific.vn\/wp-content\/uploads\/2025\/03\/may-cat-mau-kanta-050e.jpg\" \/>\n\t<meta property=\"og:image:width\" content=\"600\" \/>\n\t<meta property=\"og:image:height\" content=\"560\" \/>\n\t<meta property=\"og:image:type\" content=\"image\/jpeg\" \/>\n<meta name=\"twitter:card\" content=\"summary_large_image\" \/>\n<meta name=\"twitter:label1\" content=\"Est. reading time\" \/>\n\t<meta name=\"twitter:data1\" content=\"1 minute\" \/>\n<script type=\"application\/ld+json\" class=\"yoast-schema-graph\">{\"@context\":\"https:\/\/schema.org\",\"@graph\":[{\"@type\":\"WebPage\",\"@id\":\"https:\/\/htiscientific.vn\/san-pham\/may-cat-mau-kanta-050e\/\",\"url\":\"https:\/\/htiscientific.vn\/san-pham\/may-cat-mau-kanta-050e\/\",\"name\":\"M\u00e1y c\u1eaft m\u1eabu KANTA-050E - HTI Scientific\",\"isPartOf\":{\"@id\":\"https:\/\/htiscientific.vn\/#website\"},\"primaryImageOfPage\":{\"@id\":\"https:\/\/htiscientific.vn\/san-pham\/may-cat-mau-kanta-050e\/#primaryimage\"},\"image\":{\"@id\":\"https:\/\/htiscientific.vn\/san-pham\/may-cat-mau-kanta-050e\/#primaryimage\"},\"thumbnailUrl\":\"https:\/\/htiscientific.vn\/wp-content\/uploads\/2025\/03\/may-cat-mau-kanta-050e.jpg\",\"datePublished\":\"2025-03-31T06:57:04+00:00\",\"dateModified\":\"2025-05-19T06:50:49+00:00\",\"description\":\"M\u00e1y c\u1eaft m\u1eabu KANTA-050E l\u00e0 s\u1ea3n ph\u1ea9m \\\"m\u00e1y c\u1eaft th\u1ee7 c\u00f4ng \u0111\u1ec3 b\u00e0n\\\" c\u00f3 gi\u00e1 th\u00e0nh kinh t\u1ebf v\u00e0 hi\u1ec7u su\u1ea5t t\u1ed1t. L\u01b0\u1ee1i c\u1eaft 10 inch \u0111\u01b0\u1ee3c s\u1eed d\u1ee5ng \u0111\u1ec3 c\u1eaft m\u1eabu v\u1eadt \u1edf t\u1ed1c\",\"breadcrumb\":{\"@id\":\"https:\/\/htiscientific.vn\/san-pham\/may-cat-mau-kanta-050e\/#breadcrumb\"},\"inLanguage\":\"en-US\",\"potentialAction\":[{\"@type\":\"ReadAction\",\"target\":[\"https:\/\/htiscientific.vn\/san-pham\/may-cat-mau-kanta-050e\/\"]}]},{\"@type\":\"ImageObject\",\"inLanguage\":\"en-US\",\"@id\":\"https:\/\/htiscientific.vn\/san-pham\/may-cat-mau-kanta-050e\/#primaryimage\",\"url\":\"https:\/\/htiscientific.vn\/wp-content\/uploads\/2025\/03\/may-cat-mau-kanta-050e.jpg\",\"contentUrl\":\"https:\/\/htiscientific.vn\/wp-content\/uploads\/2025\/03\/may-cat-mau-kanta-050e.jpg\",\"width\":600,\"height\":560,\"caption\":\"May-cat-mau-kanta-050e\"},{\"@type\":\"BreadcrumbList\",\"@id\":\"https:\/\/htiscientific.vn\/san-pham\/may-cat-mau-kanta-050e\/#breadcrumb\",\"itemListElement\":[{\"@type\":\"ListItem\",\"position\":1,\"name\":\"Trang ch\u1ee7\",\"item\":\"https:\/\/htiscientific.vn\/\"},{\"@type\":\"ListItem\",\"position\":2,\"name\":\"C\u1eeda h\u00e0ng\",\"item\":\"https:\/\/htiscientific.vn\/cua-hang\/\"},{\"@type\":\"ListItem\",\"position\":3,\"name\":\"V\u1eadt li\u1ec7u\",\"item\":\"https:\/\/htiscientific.vn\/danh-muc-san-pham\/vat-lieu\/\"},{\"@type\":\"ListItem\",\"position\":4,\"name\":\"M\u00e1y c\u1eaft m\u1eabu KANTA-050E\"}]},{\"@type\":\"WebSite\",\"@id\":\"https:\/\/htiscientific.vn\/#website\",\"url\":\"https:\/\/htiscientific.vn\/\",\"name\":\"HTI Scientific\",\"description\":\"HTI Scientific\",\"publisher\":{\"@id\":\"https:\/\/htiscientific.vn\/#organization\"},\"potentialAction\":[{\"@type\":\"SearchAction\",\"target\":{\"@type\":\"EntryPoint\",\"urlTemplate\":\"https:\/\/htiscientific.vn\/?s={search_term_string}\"},\"query-input\":{\"@type\":\"PropertyValueSpecification\",\"valueRequired\":true,\"valueName\":\"search_term_string\"}}],\"inLanguage\":\"en-US\"},{\"@type\":\"Organization\",\"@id\":\"https:\/\/htiscientific.vn\/#organization\",\"name\":\"HTI Scientific\",\"alternateName\":\"HTI Scientific\",\"url\":\"https:\/\/htiscientific.vn\/\",\"logo\":{\"@type\":\"ImageObject\",\"inLanguage\":\"en-US\",\"@id\":\"https:\/\/htiscientific.vn\/#\/schema\/logo\/image\/\",\"url\":\"https:\/\/htiscientific.vn\/wp-content\/uploads\/2025\/03\/ava-hti-copy.jpg\",\"contentUrl\":\"https:\/\/htiscientific.vn\/wp-content\/uploads\/2025\/03\/ava-hti-copy.jpg\",\"width\":700,\"height\":450,\"caption\":\"HTI Scientific\"},\"image\":{\"@id\":\"https:\/\/htiscientific.vn\/#\/schema\/logo\/image\/\"},\"sameAs\":[\"https:\/\/www.facebook.com\/htiscientific.vn\"]}]}<\/script>\n<!-- \/ Yoast SEO plugin. -->","yoast_head_json":{"title":"M\u00e1y c\u1eaft m\u1eabu KANTA-050E - HTI Scientific","description":"M\u00e1y c\u1eaft m\u1eabu KANTA-050E l\u00e0 s\u1ea3n ph\u1ea9m \"m\u00e1y c\u1eaft th\u1ee7 c\u00f4ng \u0111\u1ec3 b\u00e0n\" c\u00f3 gi\u00e1 th\u00e0nh kinh t\u1ebf v\u00e0 hi\u1ec7u su\u1ea5t t\u1ed1t. L\u01b0\u1ee1i c\u1eaft 10 inch \u0111\u01b0\u1ee3c s\u1eed d\u1ee5ng \u0111\u1ec3 c\u1eaft m\u1eabu v\u1eadt \u1edf t\u1ed1c","robots":{"index":"index","follow":"follow","max-snippet":"max-snippet:-1","max-image-preview":"max-image-preview:large","max-video-preview":"max-video-preview:-1"},"canonical":"https:\/\/htiscientific.vn\/en\/product\/may-cat-mau-kanta-050e\/","og_locale":"en_US","og_type":"article","og_title":"M\u00e1y c\u1eaft m\u1eabu KANTA-050E - HTI Scientific","og_description":"M\u00e1y c\u1eaft m\u1eabu KANTA-050E l\u00e0 s\u1ea3n ph\u1ea9m \"m\u00e1y c\u1eaft th\u1ee7 c\u00f4ng \u0111\u1ec3 b\u00e0n\" c\u00f3 gi\u00e1 th\u00e0nh kinh t\u1ebf v\u00e0 hi\u1ec7u su\u1ea5t t\u1ed1t. L\u01b0\u1ee1i c\u1eaft 10 inch \u0111\u01b0\u1ee3c s\u1eed d\u1ee5ng \u0111\u1ec3 c\u1eaft m\u1eabu v\u1eadt \u1edf t\u1ed1c","og_url":"https:\/\/htiscientific.vn\/en\/product\/may-cat-mau-kanta-050e\/","og_site_name":"HTI Scientific","article_publisher":"https:\/\/www.facebook.com\/htiscientific.vn","article_modified_time":"2025-05-19T06:50:49+00:00","og_image":[{"width":600,"height":560,"url":"https:\/\/htiscientific.vn\/wp-content\/uploads\/2025\/03\/may-cat-mau-kanta-050e.jpg","type":"image\/jpeg"}],"twitter_card":"summary_large_image","twitter_misc":{"Est. reading time":"1 minute"},"schema":{"@context":"https:\/\/schema.org","@graph":[{"@type":"WebPage","@id":"https:\/\/htiscientific.vn\/san-pham\/may-cat-mau-kanta-050e\/","url":"https:\/\/htiscientific.vn\/san-pham\/may-cat-mau-kanta-050e\/","name":"M\u00e1y c\u1eaft m\u1eabu KANTA-050E - HTI Scientific","isPartOf":{"@id":"https:\/\/htiscientific.vn\/#website"},"primaryImageOfPage":{"@id":"https:\/\/htiscientific.vn\/san-pham\/may-cat-mau-kanta-050e\/#primaryimage"},"image":{"@id":"https:\/\/htiscientific.vn\/san-pham\/may-cat-mau-kanta-050e\/#primaryimage"},"thumbnailUrl":"https:\/\/htiscientific.vn\/wp-content\/uploads\/2025\/03\/may-cat-mau-kanta-050e.jpg","datePublished":"2025-03-31T06:57:04+00:00","dateModified":"2025-05-19T06:50:49+00:00","description":"M\u00e1y c\u1eaft m\u1eabu KANTA-050E l\u00e0 s\u1ea3n ph\u1ea9m \"m\u00e1y c\u1eaft th\u1ee7 c\u00f4ng \u0111\u1ec3 b\u00e0n\" c\u00f3 gi\u00e1 th\u00e0nh kinh t\u1ebf v\u00e0 hi\u1ec7u su\u1ea5t t\u1ed1t. L\u01b0\u1ee1i c\u1eaft 10 inch \u0111\u01b0\u1ee3c s\u1eed d\u1ee5ng \u0111\u1ec3 c\u1eaft m\u1eabu v\u1eadt \u1edf t\u1ed1c","breadcrumb":{"@id":"https:\/\/htiscientific.vn\/san-pham\/may-cat-mau-kanta-050e\/#breadcrumb"},"inLanguage":"en-US","potentialAction":[{"@type":"ReadAction","target":["https:\/\/htiscientific.vn\/san-pham\/may-cat-mau-kanta-050e\/"]}]},{"@type":"ImageObject","inLanguage":"en-US","@id":"https:\/\/htiscientific.vn\/san-pham\/may-cat-mau-kanta-050e\/#primaryimage","url":"https:\/\/htiscientific.vn\/wp-content\/uploads\/2025\/03\/may-cat-mau-kanta-050e.jpg","contentUrl":"https:\/\/htiscientific.vn\/wp-content\/uploads\/2025\/03\/may-cat-mau-kanta-050e.jpg","width":600,"height":560,"caption":"May-cat-mau-kanta-050e"},{"@type":"BreadcrumbList","@id":"https:\/\/htiscientific.vn\/san-pham\/may-cat-mau-kanta-050e\/#breadcrumb","itemListElement":[{"@type":"ListItem","position":1,"name":"Trang ch\u1ee7","item":"https:\/\/htiscientific.vn\/"},{"@type":"ListItem","position":2,"name":"C\u1eeda h\u00e0ng","item":"https:\/\/htiscientific.vn\/cua-hang\/"},{"@type":"ListItem","position":3,"name":"V\u1eadt li\u1ec7u","item":"https:\/\/htiscientific.vn\/danh-muc-san-pham\/vat-lieu\/"},{"@type":"ListItem","position":4,"name":"M\u00e1y c\u1eaft m\u1eabu KANTA-050E"}]},{"@type":"WebSite","@id":"https:\/\/htiscientific.vn\/#website","url":"https:\/\/htiscientific.vn\/","name":"HTI Scientific","description":"HTI Scientific","publisher":{"@id":"https:\/\/htiscientific.vn\/#organization"},"potentialAction":[{"@type":"SearchAction","target":{"@type":"EntryPoint","urlTemplate":"https:\/\/htiscientific.vn\/?s={search_term_string}"},"query-input":{"@type":"PropertyValueSpecification","valueRequired":true,"valueName":"search_term_string"}}],"inLanguage":"en-US"},{"@type":"Organization","@id":"https:\/\/htiscientific.vn\/#organization","name":"HTI Scientific","alternateName":"HTI Scientific","url":"https:\/\/htiscientific.vn\/","logo":{"@type":"ImageObject","inLanguage":"en-US","@id":"https:\/\/htiscientific.vn\/#\/schema\/logo\/image\/","url":"https:\/\/htiscientific.vn\/wp-content\/uploads\/2025\/03\/ava-hti-copy.jpg","contentUrl":"https:\/\/htiscientific.vn\/wp-content\/uploads\/2025\/03\/ava-hti-copy.jpg","width":700,"height":450,"caption":"HTI Scientific"},"image":{"@id":"https:\/\/htiscientific.vn\/#\/schema\/logo\/image\/"},"sameAs":["https:\/\/www.facebook.com\/htiscientific.vn"]}]}},"_links":{"self":[{"href":"https:\/\/htiscientific.vn\/en\/wp-json\/wp\/v2\/product\/1058","targetHints":{"allow":["GET"]}}],"collection":[{"href":"https:\/\/htiscientific.vn\/en\/wp-json\/wp\/v2\/product"}],"about":[{"href":"https:\/\/htiscientific.vn\/en\/wp-json\/wp\/v2\/types\/product"}],"wp:featuredmedia":[{"embeddable":true,"href":"https:\/\/htiscientific.vn\/en\/wp-json\/wp\/v2\/media\/1059"}],"wp:attachment":[{"href":"https:\/\/htiscientific.vn\/en\/wp-json\/wp\/v2\/media?parent=1058"}],"wp:term":[{"taxonomy":"product_brand","embeddable":true,"href":"https:\/\/htiscientific.vn\/en\/wp-json\/wp\/v2\/product_brand?post=1058"},{"taxonomy":"product_cat","embeddable":true,"href":"https:\/\/htiscientific.vn\/en\/wp-json\/wp\/v2\/product_cat?post=1058"},{"taxonomy":"product_tag","embeddable":true,"href":"https:\/\/htiscientific.vn\/en\/wp-json\/wp\/v2\/product_tag?post=1058"}],"curies":[{"name":"wp","href":"https:\/\/api.w.org\/{rel}","templated":true}]}}