{"id":1056,"date":"2025-03-31T13:51:33","date_gmt":"2025-03-31T06:51:33","guid":{"rendered":"https:\/\/htiscientific.vn\/?post_type=product&#038;p=1056"},"modified":"2025-05-19T13:50:54","modified_gmt":"2025-05-19T06:50:54","slug":"may-cat-mau-kanta-100f","status":"publish","type":"product","link":"https:\/\/htiscientific.vn\/en\/product\/may-cat-mau-kanta-100f\/","title":{"rendered":"M\u00e1y c\u1eaft m\u1eabu KANTA-100F"},"content":{"rendered":"<p>K\u00fd hi\u1ec7u m\u00e3 s\u1ea3n ph\u1ea9m: Kanta-100F<\/p>\n<p>H\u00e3ng s\u1ea3n xu\u1ea5t: MTDI<\/p>\n<p>Xu\u1ea5t s\u1ee9: H\u00e0n Qu\u1ed1c<\/p>\n<p><strong>TH\u00d4NG S\u1ed0 K\u1ef8 THU\u1eacT<\/strong><\/p>\n<ul>\n<li>D\u1ea1ng m\u00e1y: M\u00e1y c\u1eaft t\u1ef1 \u0111\u1ed9ng cao c\u1ea5p<\/li>\n<li>K\u00edch th\u01b0\u1edbc (mm): 900R x 1015D x 1490C<\/li>\n<li>Ngu\u1ed3n \u0111i\u1ec7n: AC 220V, 3 pha, 60Hz, 3.1kW<\/li>\n<li>\u0110\u1ed9ng c\u01a1: \u0110\u1ed9ng c\u01a1 ch\u1ed1ng n\u01b0\u1edbc SIEMENS 2.2kW (3HP)<\/li>\n<li>K\u00edch th\u01b0\u1edbc l\u01b0\u1ee1i c\u1eaft: 10&#8243;, 12&#8243; (Tr\u1ee5c 32mm)<\/li>\n<li>T\u1ed1c \u0111\u1ed9 v\u00f2ng quay: 500 \u0111\u1ebfn 3.500 v\u00f2ng\/ph\u00fat (RPM)<\/li>\n<li>Kh\u1ea3 n\u0103ng c\u1eaft:<\/li>\n<li>V\u1eadt li\u1ec7u d\u1ea1ng t\u1ea5m: 80mmD x 60mmH<\/li>\n<li>V\u1eadt li\u1ec7u d\u1ea1ng thanh: 80mm (12&#8243;)<\/li>\n<li>B\u1ed9 \u0111i\u1ec1u khi\u1ec3n:<\/li>\n<li>M\u00e0n h\u00ecnh c\u1ea3m \u1ee9ng TFT LCD 5.6&#8243;<\/li>\n<li>Kh\u1edfi \u0111\u1ed9ng, d\u1eebng, b\u1eadt\/t\u1eaft b\u01a1m, d\u1eebng kh\u1ea9n c\u1ea5p<\/li>\n<li>C\u00f3 th\u1ec3 nh\u1eadp v\u1ecb tr\u00ed tr\u1ee5c X v\u00e0 Y (t\u00f9y ch\u1ecdn th\u00eam tr\u1ee5c X)<\/li>\n<li>Hi\u1ec3n th\u1ecb k\u1ef9 thu\u1eadt s\u1ed1 v\u1ecb tr\u00ed c\u1eaft v\u1edbi \u0111\u1ed9 ch\u00ednh x\u00e1c \u0111\u1ebfn 0.005mm<\/li>\n<li>\u0110i\u1ec1u ch\u1ec9nh t\u1ed1c \u0111\u1ed9 cao, th\u1ea5p b\u1eb1ng c\u1ea7n \u0111i\u1ec1u khi\u1ec3n (joystick)<\/li>\n<li>Ch\u1ee9c n\u0103ng t\u1ef1 \u0111\u1ed9ng l\u1ea5y m\u1eabu li\u00ean t\u1ee5c (t\u00f9y ch\u1ecdn t\u1ef1 \u0111\u1ed9ng tr\u1ee5c X)<\/li>\n<li>C\u00f3 th\u1ec3 c\u00e0i \u0111\u1eb7t t\u1ed1c \u0111\u1ed9 quay c\u1ee7a ch\u1ed5i c\u1eaft<\/li>\n<li>Hi\u1ec3n th\u1ecb t\u1ea3i tr\u1ecdng trong qu\u00e1 tr\u00ecnh c\u1eaft<\/li>\n<li>C\u00e0i \u0111\u1eb7t t\u1ed1c \u0111\u1ed9 quay k\u1ef9 thu\u1eadt s\u1ed1<\/li>\n<li>L\u01b0u v\u00e0 nh\u1eadp c\u00e1c gi\u00e1 tr\u1ecb thi\u1ebft l\u1eadp c\u1eaft (t\u1ed1i \u0111a n\u0103m b\u1ed9)<\/li>\n<li>Ch\u1ebf \u0111\u1ed9 ng\u1ee7 (ti\u1ebft ki\u1ec7m n\u0103ng l\u01b0\u1ee3ng)<\/li>\n<li>H\u1ec7 th\u1ed1ng l\u00e0m m\u00e1t:<\/li>\n<li>\u1ee8ng d\u1ee5ng b\u1ed9 l\u1ecdc hai giai \u0111o\u1ea1n, b\u01a1m \u0111\u1ed9c l\u1eadp<\/li>\n<li>Dung t\u00edch n\u01b0\u1edbc l\u00e0m m\u00e1t: B\u00ecnh ch\u1ee9a 50 l\u00edt c\u00f3 b\u00e1nh xe<\/li>\n<li>T\u00ednh n\u0103ng:<\/li>\n<li>\u00ca t\u00f4 t\u1ef1 \u0111\u1ed9ng, c\u1ed1 \u0111\u1ecbnh m\u1eabu ch\u00ednh x\u00e1c<\/li>\n<li>M\u00e0n h\u00ecnh c\u1ea3m \u1ee9ng TFT LCD 7&#8243; gi\u00fap v\u1eadn h\u00e0nh thu\u1eadn ti\u1ec7n<\/li>\n<li>\u0110i\u1ec1u ch\u1ec9nh t\u1ed1c \u0111\u1ed9 c\u1eaft, gia t\u1ed1c, th\u1eddi gian gi\u1ea3m t\u1ed1c<\/li>\n<li>C\u00e0i \u0111\u1eb7t t\u1ea3i c\u1eaft<\/li>\n<li>G\u00f3c nh\u00ecn r\u1ed9ng v\u1edbi c\u1eeda s\u1ed5 quan s\u00e1t ph\u00eda tr\u01b0\u1edbc<\/li>\n<li>C\u1eaft t\u1ef1 \u0111\u1ed9ng<\/li>\n<li>Ki\u1ec3m so\u00e1t t\u1ef1 \u0111\u1ed9ng t\u1ed1c \u0111\u1ed9 c\u1eaft b\u1eb1ng c\u00e1ch \u0111o t\u1ea3i<\/li>\n<li>Di chuy\u1ec3n b\u00e0n c\u1eaft linh ho\u1ea1t b\u1eb1ng c\u1ea7n \u0111i\u1ec1u khi\u1ec3n (joystick)<\/li>\n<\/ul>","protected":false},"excerpt":{"rendered":"<p>M\u00e1y c\u1eaft m\u1eabu KANTA-100F l\u00e0 &#8220;m\u00e1y c\u1eaft t\u1ed1c \u0111\u1ed9 cao t\u1ef1 \u0111\u1ed9ng ho\u00e0n to\u00e0n&#8221; c\u00f3 hi\u1ec7u su\u1ea5t t\u1ed1t nh\u1ea5t v\u00e0 l\u00e0 s\u1ea3n ph\u1ea9m \u0111\u1ea3m b\u1ea3o t\u00ednh \u1ed5n \u0111\u1ecbnh v\u00e0 ti\u1ec7n l\u1ee3i cho ng\u01b0\u1eddi s\u1eed d\u1ee5ng.<\/p>","protected":false},"featured_media":1057,"template":"","meta":{"inline_featured_image":false},"product_brand":[53],"product_cat":[89,108,87],"product_tag":[],"class_list":{"0":"post-1056","1":"product","2":"type-product","3":"status-publish","4":"has-post-thumbnail","6":"product_brand-mtdi","7":"product_cat-may-cat-mau","8":"product_cat-san-pham-noi-bat-trang-chu","9":"product_cat-vat-lieu","11":"first","12":"instock","13":"featured","14":"shipping-taxable","15":"product-type-simple"},"yoast_head":"<!-- This site is optimized with the Yoast SEO plugin v24.7 - https:\/\/yoast.com\/wordpress\/plugins\/seo\/ -->\n<title>M\u00e1y c\u1eaft m\u1eabu KANTA-100F - HTI Scientific<\/title>\n<meta name=\"description\" content=\"M\u00e1y c\u1eaft m\u1eabu KANTA-100F l\u00e0 &quot;m\u00e1y c\u1eaft t\u1ed1c \u0111\u1ed9 cao t\u1ef1 \u0111\u1ed9ng ho\u00e0n to\u00e0n&quot; c\u00f3 hi\u1ec7u su\u1ea5t t\u1ed1t nh\u1ea5t v\u00e0 l\u00e0 s\u1ea3n ph\u1ea9m \u0111\u1ea3m b\u1ea3o t\u00ednh \u1ed5n \u0111\u1ecbnh v\u00e0 ti\u1ec7n l\u1ee3i cho ng\u01b0\u1eddi s\u1eed d\u1ee5ng.\" \/>\n<meta name=\"robots\" content=\"index, follow, max-snippet:-1, max-image-preview:large, max-video-preview:-1\" \/>\n<link rel=\"canonical\" href=\"https:\/\/htiscientific.vn\/en\/product\/may-cat-mau-kanta-100f\/\" \/>\n<meta property=\"og:locale\" content=\"en_US\" \/>\n<meta property=\"og:type\" content=\"article\" \/>\n<meta property=\"og:title\" content=\"M\u00e1y c\u1eaft m\u1eabu KANTA-100F - HTI Scientific\" \/>\n<meta property=\"og:description\" content=\"M\u00e1y c\u1eaft m\u1eabu KANTA-100F l\u00e0 &quot;m\u00e1y c\u1eaft t\u1ed1c \u0111\u1ed9 cao t\u1ef1 \u0111\u1ed9ng ho\u00e0n to\u00e0n&quot; c\u00f3 hi\u1ec7u su\u1ea5t t\u1ed1t nh\u1ea5t v\u00e0 l\u00e0 s\u1ea3n ph\u1ea9m \u0111\u1ea3m b\u1ea3o t\u00ednh \u1ed5n \u0111\u1ecbnh v\u00e0 ti\u1ec7n l\u1ee3i cho ng\u01b0\u1eddi s\u1eed d\u1ee5ng.\" \/>\n<meta property=\"og:url\" content=\"https:\/\/htiscientific.vn\/en\/product\/may-cat-mau-kanta-100f\/\" \/>\n<meta property=\"og:site_name\" content=\"HTI Scientific\" \/>\n<meta property=\"article:publisher\" content=\"https:\/\/www.facebook.com\/htiscientific.vn\" \/>\n<meta property=\"article:modified_time\" content=\"2025-05-19T06:50:54+00:00\" \/>\n<meta property=\"og:image\" content=\"https:\/\/htiscientific.vn\/wp-content\/uploads\/2025\/03\/may-cat-mau-kanta-100f.jpg\" \/>\n\t<meta property=\"og:image:width\" content=\"600\" \/>\n\t<meta property=\"og:image:height\" content=\"560\" \/>\n\t<meta property=\"og:image:type\" content=\"image\/jpeg\" \/>\n<meta name=\"twitter:card\" content=\"summary_large_image\" \/>\n<meta name=\"twitter:label1\" content=\"Est. reading time\" \/>\n\t<meta name=\"twitter:data1\" content=\"2 minutes\" \/>\n<script type=\"application\/ld+json\" class=\"yoast-schema-graph\">{\"@context\":\"https:\/\/schema.org\",\"@graph\":[{\"@type\":\"WebPage\",\"@id\":\"https:\/\/htiscientific.vn\/san-pham\/may-cat-mau-kanta-100f\/\",\"url\":\"https:\/\/htiscientific.vn\/san-pham\/may-cat-mau-kanta-100f\/\",\"name\":\"M\u00e1y c\u1eaft m\u1eabu KANTA-100F - HTI Scientific\",\"isPartOf\":{\"@id\":\"https:\/\/htiscientific.vn\/#website\"},\"primaryImageOfPage\":{\"@id\":\"https:\/\/htiscientific.vn\/san-pham\/may-cat-mau-kanta-100f\/#primaryimage\"},\"image\":{\"@id\":\"https:\/\/htiscientific.vn\/san-pham\/may-cat-mau-kanta-100f\/#primaryimage\"},\"thumbnailUrl\":\"https:\/\/htiscientific.vn\/wp-content\/uploads\/2025\/03\/may-cat-mau-kanta-100f.jpg\",\"datePublished\":\"2025-03-31T06:51:33+00:00\",\"dateModified\":\"2025-05-19T06:50:54+00:00\",\"description\":\"M\u00e1y c\u1eaft m\u1eabu KANTA-100F l\u00e0 \\\"m\u00e1y c\u1eaft t\u1ed1c \u0111\u1ed9 cao t\u1ef1 \u0111\u1ed9ng ho\u00e0n to\u00e0n\\\" c\u00f3 hi\u1ec7u su\u1ea5t t\u1ed1t nh\u1ea5t v\u00e0 l\u00e0 s\u1ea3n ph\u1ea9m \u0111\u1ea3m b\u1ea3o t\u00ednh \u1ed5n \u0111\u1ecbnh v\u00e0 ti\u1ec7n l\u1ee3i cho ng\u01b0\u1eddi s\u1eed d\u1ee5ng.\",\"breadcrumb\":{\"@id\":\"https:\/\/htiscientific.vn\/san-pham\/may-cat-mau-kanta-100f\/#breadcrumb\"},\"inLanguage\":\"en-US\",\"potentialAction\":[{\"@type\":\"ReadAction\",\"target\":[\"https:\/\/htiscientific.vn\/san-pham\/may-cat-mau-kanta-100f\/\"]}]},{\"@type\":\"ImageObject\",\"inLanguage\":\"en-US\",\"@id\":\"https:\/\/htiscientific.vn\/san-pham\/may-cat-mau-kanta-100f\/#primaryimage\",\"url\":\"https:\/\/htiscientific.vn\/wp-content\/uploads\/2025\/03\/may-cat-mau-kanta-100f.jpg\",\"contentUrl\":\"https:\/\/htiscientific.vn\/wp-content\/uploads\/2025\/03\/may-cat-mau-kanta-100f.jpg\",\"width\":600,\"height\":560,\"caption\":\"May-cat-mau-kanta-100F\"},{\"@type\":\"BreadcrumbList\",\"@id\":\"https:\/\/htiscientific.vn\/san-pham\/may-cat-mau-kanta-100f\/#breadcrumb\",\"itemListElement\":[{\"@type\":\"ListItem\",\"position\":1,\"name\":\"Trang ch\u1ee7\",\"item\":\"https:\/\/htiscientific.vn\/\"},{\"@type\":\"ListItem\",\"position\":2,\"name\":\"C\u1eeda h\u00e0ng\",\"item\":\"https:\/\/htiscientific.vn\/cua-hang\/\"},{\"@type\":\"ListItem\",\"position\":3,\"name\":\"V\u1eadt li\u1ec7u\",\"item\":\"https:\/\/htiscientific.vn\/danh-muc-san-pham\/vat-lieu\/\"},{\"@type\":\"ListItem\",\"position\":4,\"name\":\"M\u00e1y c\u1eaft m\u1eabu KANTA-100F\"}]},{\"@type\":\"WebSite\",\"@id\":\"https:\/\/htiscientific.vn\/#website\",\"url\":\"https:\/\/htiscientific.vn\/\",\"name\":\"HTI Scientific\",\"description\":\"HTI Scientific\",\"publisher\":{\"@id\":\"https:\/\/htiscientific.vn\/#organization\"},\"potentialAction\":[{\"@type\":\"SearchAction\",\"target\":{\"@type\":\"EntryPoint\",\"urlTemplate\":\"https:\/\/htiscientific.vn\/?s={search_term_string}\"},\"query-input\":{\"@type\":\"PropertyValueSpecification\",\"valueRequired\":true,\"valueName\":\"search_term_string\"}}],\"inLanguage\":\"en-US\"},{\"@type\":\"Organization\",\"@id\":\"https:\/\/htiscientific.vn\/#organization\",\"name\":\"HTI Scientific\",\"alternateName\":\"HTI Scientific\",\"url\":\"https:\/\/htiscientific.vn\/\",\"logo\":{\"@type\":\"ImageObject\",\"inLanguage\":\"en-US\",\"@id\":\"https:\/\/htiscientific.vn\/#\/schema\/logo\/image\/\",\"url\":\"https:\/\/htiscientific.vn\/wp-content\/uploads\/2025\/03\/ava-hti-copy.jpg\",\"contentUrl\":\"https:\/\/htiscientific.vn\/wp-content\/uploads\/2025\/03\/ava-hti-copy.jpg\",\"width\":700,\"height\":450,\"caption\":\"HTI Scientific\"},\"image\":{\"@id\":\"https:\/\/htiscientific.vn\/#\/schema\/logo\/image\/\"},\"sameAs\":[\"https:\/\/www.facebook.com\/htiscientific.vn\"]}]}<\/script>\n<!-- \/ Yoast SEO plugin. -->","yoast_head_json":{"title":"M\u00e1y c\u1eaft m\u1eabu KANTA-100F - HTI Scientific","description":"M\u00e1y c\u1eaft m\u1eabu KANTA-100F l\u00e0 \"m\u00e1y c\u1eaft t\u1ed1c \u0111\u1ed9 cao t\u1ef1 \u0111\u1ed9ng ho\u00e0n to\u00e0n\" c\u00f3 hi\u1ec7u su\u1ea5t t\u1ed1t nh\u1ea5t v\u00e0 l\u00e0 s\u1ea3n ph\u1ea9m \u0111\u1ea3m b\u1ea3o t\u00ednh \u1ed5n \u0111\u1ecbnh v\u00e0 ti\u1ec7n l\u1ee3i cho ng\u01b0\u1eddi s\u1eed d\u1ee5ng.","robots":{"index":"index","follow":"follow","max-snippet":"max-snippet:-1","max-image-preview":"max-image-preview:large","max-video-preview":"max-video-preview:-1"},"canonical":"https:\/\/htiscientific.vn\/en\/product\/may-cat-mau-kanta-100f\/","og_locale":"en_US","og_type":"article","og_title":"M\u00e1y c\u1eaft m\u1eabu KANTA-100F - HTI Scientific","og_description":"M\u00e1y c\u1eaft m\u1eabu KANTA-100F l\u00e0 \"m\u00e1y c\u1eaft t\u1ed1c \u0111\u1ed9 cao t\u1ef1 \u0111\u1ed9ng ho\u00e0n to\u00e0n\" c\u00f3 hi\u1ec7u su\u1ea5t t\u1ed1t nh\u1ea5t v\u00e0 l\u00e0 s\u1ea3n ph\u1ea9m \u0111\u1ea3m b\u1ea3o t\u00ednh \u1ed5n \u0111\u1ecbnh v\u00e0 ti\u1ec7n l\u1ee3i cho ng\u01b0\u1eddi s\u1eed d\u1ee5ng.","og_url":"https:\/\/htiscientific.vn\/en\/product\/may-cat-mau-kanta-100f\/","og_site_name":"HTI Scientific","article_publisher":"https:\/\/www.facebook.com\/htiscientific.vn","article_modified_time":"2025-05-19T06:50:54+00:00","og_image":[{"width":600,"height":560,"url":"https:\/\/htiscientific.vn\/wp-content\/uploads\/2025\/03\/may-cat-mau-kanta-100f.jpg","type":"image\/jpeg"}],"twitter_card":"summary_large_image","twitter_misc":{"Est. reading time":"2 minutes"},"schema":{"@context":"https:\/\/schema.org","@graph":[{"@type":"WebPage","@id":"https:\/\/htiscientific.vn\/san-pham\/may-cat-mau-kanta-100f\/","url":"https:\/\/htiscientific.vn\/san-pham\/may-cat-mau-kanta-100f\/","name":"M\u00e1y c\u1eaft m\u1eabu KANTA-100F - HTI Scientific","isPartOf":{"@id":"https:\/\/htiscientific.vn\/#website"},"primaryImageOfPage":{"@id":"https:\/\/htiscientific.vn\/san-pham\/may-cat-mau-kanta-100f\/#primaryimage"},"image":{"@id":"https:\/\/htiscientific.vn\/san-pham\/may-cat-mau-kanta-100f\/#primaryimage"},"thumbnailUrl":"https:\/\/htiscientific.vn\/wp-content\/uploads\/2025\/03\/may-cat-mau-kanta-100f.jpg","datePublished":"2025-03-31T06:51:33+00:00","dateModified":"2025-05-19T06:50:54+00:00","description":"M\u00e1y c\u1eaft m\u1eabu KANTA-100F l\u00e0 \"m\u00e1y c\u1eaft t\u1ed1c \u0111\u1ed9 cao t\u1ef1 \u0111\u1ed9ng ho\u00e0n to\u00e0n\" c\u00f3 hi\u1ec7u su\u1ea5t t\u1ed1t nh\u1ea5t v\u00e0 l\u00e0 s\u1ea3n ph\u1ea9m \u0111\u1ea3m b\u1ea3o t\u00ednh \u1ed5n \u0111\u1ecbnh v\u00e0 ti\u1ec7n l\u1ee3i cho ng\u01b0\u1eddi s\u1eed d\u1ee5ng.","breadcrumb":{"@id":"https:\/\/htiscientific.vn\/san-pham\/may-cat-mau-kanta-100f\/#breadcrumb"},"inLanguage":"en-US","potentialAction":[{"@type":"ReadAction","target":["https:\/\/htiscientific.vn\/san-pham\/may-cat-mau-kanta-100f\/"]}]},{"@type":"ImageObject","inLanguage":"en-US","@id":"https:\/\/htiscientific.vn\/san-pham\/may-cat-mau-kanta-100f\/#primaryimage","url":"https:\/\/htiscientific.vn\/wp-content\/uploads\/2025\/03\/may-cat-mau-kanta-100f.jpg","contentUrl":"https:\/\/htiscientific.vn\/wp-content\/uploads\/2025\/03\/may-cat-mau-kanta-100f.jpg","width":600,"height":560,"caption":"May-cat-mau-kanta-100F"},{"@type":"BreadcrumbList","@id":"https:\/\/htiscientific.vn\/san-pham\/may-cat-mau-kanta-100f\/#breadcrumb","itemListElement":[{"@type":"ListItem","position":1,"name":"Trang ch\u1ee7","item":"https:\/\/htiscientific.vn\/"},{"@type":"ListItem","position":2,"name":"C\u1eeda h\u00e0ng","item":"https:\/\/htiscientific.vn\/cua-hang\/"},{"@type":"ListItem","position":3,"name":"V\u1eadt li\u1ec7u","item":"https:\/\/htiscientific.vn\/danh-muc-san-pham\/vat-lieu\/"},{"@type":"ListItem","position":4,"name":"M\u00e1y c\u1eaft m\u1eabu KANTA-100F"}]},{"@type":"WebSite","@id":"https:\/\/htiscientific.vn\/#website","url":"https:\/\/htiscientific.vn\/","name":"HTI Scientific","description":"HTI Scientific","publisher":{"@id":"https:\/\/htiscientific.vn\/#organization"},"potentialAction":[{"@type":"SearchAction","target":{"@type":"EntryPoint","urlTemplate":"https:\/\/htiscientific.vn\/?s={search_term_string}"},"query-input":{"@type":"PropertyValueSpecification","valueRequired":true,"valueName":"search_term_string"}}],"inLanguage":"en-US"},{"@type":"Organization","@id":"https:\/\/htiscientific.vn\/#organization","name":"HTI Scientific","alternateName":"HTI Scientific","url":"https:\/\/htiscientific.vn\/","logo":{"@type":"ImageObject","inLanguage":"en-US","@id":"https:\/\/htiscientific.vn\/#\/schema\/logo\/image\/","url":"https:\/\/htiscientific.vn\/wp-content\/uploads\/2025\/03\/ava-hti-copy.jpg","contentUrl":"https:\/\/htiscientific.vn\/wp-content\/uploads\/2025\/03\/ava-hti-copy.jpg","width":700,"height":450,"caption":"HTI Scientific"},"image":{"@id":"https:\/\/htiscientific.vn\/#\/schema\/logo\/image\/"},"sameAs":["https:\/\/www.facebook.com\/htiscientific.vn"]}]}},"_links":{"self":[{"href":"https:\/\/htiscientific.vn\/en\/wp-json\/wp\/v2\/product\/1056","targetHints":{"allow":["GET"]}}],"collection":[{"href":"https:\/\/htiscientific.vn\/en\/wp-json\/wp\/v2\/product"}],"about":[{"href":"https:\/\/htiscientific.vn\/en\/wp-json\/wp\/v2\/types\/product"}],"wp:featuredmedia":[{"embeddable":true,"href":"https:\/\/htiscientific.vn\/en\/wp-json\/wp\/v2\/media\/1057"}],"wp:attachment":[{"href":"https:\/\/htiscientific.vn\/en\/wp-json\/wp\/v2\/media?parent=1056"}],"wp:term":[{"taxonomy":"product_brand","embeddable":true,"href":"https:\/\/htiscientific.vn\/en\/wp-json\/wp\/v2\/product_brand?post=1056"},{"taxonomy":"product_cat","embeddable":true,"href":"https:\/\/htiscientific.vn\/en\/wp-json\/wp\/v2\/product_cat?post=1056"},{"taxonomy":"product_tag","embeddable":true,"href":"https:\/\/htiscientific.vn\/en\/wp-json\/wp\/v2\/product_tag?post=1056"}],"curies":[{"name":"wp","href":"https:\/\/api.w.org\/{rel}","templated":true}]}}