{"id":1052,"date":"2025-03-31T13:43:52","date_gmt":"2025-03-31T06:43:52","guid":{"rendered":"https:\/\/htiscientific.vn\/?post_type=product&#038;p=1052"},"modified":"2025-07-10T11:15:18","modified_gmt":"2025-07-10T04:15:18","slug":"may-li-tam","status":"publish","type":"product","link":"https:\/\/htiscientific.vn\/en\/product\/may-li-tam\/","title":{"rendered":"Centrifuge"},"content":{"rendered":"<p><strong>TH\u00d4NG TIN S\u1ea2N PH\u1ea8M<\/strong><\/p>\n<ul>\n<li>H\u00e3ng s\u1ea3n xu\u1ea5t: <a href=\"https:\/\/labtechsrl.com\/en\/\" target=\"_blank\" rel=\"noopener\">Labtech<\/a><\/li>\n<li>Xu\u1ea5t x\u1ee9: H\u00e0n Qu\u1ed1c<\/li>\n<\/ul>\n<p><strong>TH\u00d4NG S\u1ed0 K\u1ef8 THU\u1eacT<\/strong><\/p>\n<table width=\"100%\">\n<tbody>\n<tr>\n<td rowspan=\"7\" width=\"16%\"><strong>Specifications<\/strong><\/td>\n<td rowspan=\"2\" width=\"16%\"><strong>M\u00f4 t\u1ea3<\/strong><\/td>\n<td width=\"16%\"><strong>mini 6<\/strong><\/td>\n<td width=\"16%\"><strong>mini<\/strong><\/td>\n<td width=\"16%\"><strong>1524<\/strong><\/td>\n<td width=\"16%\"><strong>1536<\/strong><\/td>\n<\/tr>\n<tr>\n<td width=\"16%\">M\u00e1y li t\u00e2m mini 6 v\u1ecb tr\u00ed x 2 ml \u0111\u01a1n \u0111\u01b0\u1ee3c thi\u1ebft k\u1ebf \u0111\u1ec3 s\u1eed d\u1ee5ng c\u00e1 nh\u00e2n<\/td>\n<td width=\"16%\">M\u00e1y li t\u00e2m mini 12 v\u1ecb tr\u00ed x 2 ml \u0111\u01a1n \u0111\u01b0\u1ee3c thi\u1ebft k\u1ebf \u0111\u1ec3 li t\u00e2m nhanh, ho\u00e0n h\u1ea3o cho kh\u00f4ng gian l\u00e0m vi\u1ec7c gi\u1edbi h\u1ea1n<\/td>\n<td width=\"16%\">M\u00e1y li t\u00e2m micro chuy\u00ean d\u1ee5ng cho 24 v\u1ecb tr\u00ed x 2ml<\/td>\n<td width=\"16%\">M\u00e1y ly t\u00e2m nh\u1ecf g\u1ecdn 36 x 2 ml \u0111\u01b0\u1ee3c thi\u1ebft k\u1ebf cho c\u00e1c \u1ee9ng d\u1ee5ng sinh h\u1ecdc ph\u00e2n t\u1eed th\u01b0\u1eddng quy c\u00f3 c\u00f4ng su\u1ea5t cao<\/td>\n<\/tr>\n<tr>\n<td width=\"16%\">C\u00f4ng su\u1ea5t t\u1ed1i \u0111a<\/td>\n<td width=\"16%\">6 x 1.5\/2ml<\/td>\n<td width=\"16%\">12 x 1.5\/2ml<\/td>\n<td width=\"16%\">24 x 1.5\/2ml<\/td>\n<td width=\"16%\">36 x 1.5\/2ml<\/td>\n<\/tr>\n<tr>\n<td width=\"16%\">RPM t\u1ed1i \u0111a<\/td>\n<td width=\"16%\">6.500 rpm<\/td>\n<td width=\"16%\">13.500 rpm<\/td>\n<td width=\"16%\">15.000 rpm<\/td>\n<td width=\"16%\">15.000 rpm<\/td>\n<\/tr>\n<tr>\n<td width=\"16%\">RPM nh\u1ecf nh\u1ea5t c\u00f3 th\u1ec3 c\u00e0i \u0111\u1eb7t<\/td>\n<td width=\"16%\">&#8211;<\/td>\n<td width=\"16%\">1.200 rpm<\/td>\n<td width=\"16%\">500 rpm<\/td>\n<td width=\"16%\">500 rpm<\/td>\n<\/tr>\n<tr>\n<td width=\"16%\">Nhi\u1ec7t \u0111\u1ed9<\/td>\n<td width=\"16%\">&#8211;<\/td>\n<td width=\"16%\">&#8211;<\/td>\n<td width=\"16%\">&#8211;<\/td>\n<td width=\"16%\">&#8211;<\/td>\n<\/tr>\n<tr>\n<td width=\"16%\">\u0110\u1ed9 \u1ed3n<\/td>\n<td width=\"16%\">\u226456dB<\/td>\n<td width=\"16%\">\u226456dB<\/td>\n<td width=\"16%\">\u226460dB<\/td>\n<td width=\"16%\">\u226460dB<\/td>\n<\/tr>\n<tr>\n<td width=\"16%\"><\/td>\n<td width=\"16%\"><\/td>\n<td width=\"16%\"><\/td>\n<td width=\"16%\"><\/td>\n<td width=\"16%\"><\/td>\n<td width=\"16%\"><\/td>\n<\/tr>\n<tr>\n<td rowspan=\"7\" width=\"16%\"><strong>Specifications<\/strong><\/td>\n<td rowspan=\"2\" width=\"16%\"><strong>M\u00f4 t\u1ea3<\/strong><\/td>\n<td width=\"16%\"><strong>1730R<\/strong><\/td>\n<td width=\"16%\"><strong>1848R<\/strong><\/td>\n<td width=\"16%\"><strong>406<\/strong><\/td>\n<td width=\"16%\"><strong>416<\/strong><\/td>\n<\/tr>\n<tr>\n<td width=\"16%\">M\u00e1y ly t\u00e2m l\u1ea1nh 36 x 2 ml \u0111\u01b0\u1ee3c thi\u1ebft k\u1ebf cho c\u00e1c ho\u1ea1t \u0111\u1ed9ng li\u00ean ti\u1ebfp<\/td>\n<td width=\"16%\">M\u00e1y ly t\u00e2m l\u1ea1nh 48 x 2 ml v\u1edbi c\u00f4ng su\u1ea5t m\u1edf r\u1ed9ng l\u00ean t\u1edbi \u1ed5ng falcon \u0111\u00e1y nh\u1ecdn 50ml<\/td>\n<td width=\"16%\">M\u00e1y li t\u00e2m y t\u1ebf c\u01a1 b\u1ea3n cho t\u00e1ch 6 ho\u1eb7c 12 \u1ed1ng m\u00e1u<\/td>\n<td width=\"16%\">M\u00e1y li t\u00e2m t\u1ed1c \u0111\u1ed9 th\u1ea5p nh\u1ecf g\u1ecdn th\u00f4ng l\u01b0\u1ee3ng cao trong y t\u1ebf v\u00e0 t\u1ee7a t\u1ebf b\u00e0o<\/td>\n<\/tr>\n<tr>\n<td width=\"16%\">C\u00f4ng su\u1ea5t t\u1ed1i \u0111a<\/td>\n<td width=\"16%\">36 x 1.5\/2ml<\/td>\n<td width=\"16%\">48 x 1.5\/2 ml, 8x 50 ml, 4 x MTP<\/td>\n<td width=\"16%\">12 x \u1ed1ng ch\u00e2n kh\u00f4ng<\/td>\n<td width=\"16%\">32 x \u1ed1ng ch\u00e2n kh\u00f4ng<\/td>\n<\/tr>\n<tr>\n<td width=\"16%\">RPM t\u1ed1i \u0111a<\/td>\n<td width=\"16%\">17.000 rpm<\/td>\n<td width=\"16%\">18.000 rpm<\/td>\n<td width=\"16%\">4.000 rpm<\/td>\n<td width=\"16%\">4.000 rpm<\/td>\n<\/tr>\n<tr>\n<td width=\"16%\">RPM nh\u1ecf nh\u1ea5t c\u00f3 th\u1ec3 c\u00e0i \u0111\u1eb7t<\/td>\n<td width=\"16%\">500 rpm<\/td>\n<td width=\"16%\">300 rpm<\/td>\n<td width=\"16%\">500 rpm<\/td>\n<td width=\"16%\">500 rpm<\/td>\n<\/tr>\n<tr>\n<td width=\"16%\">Nhi\u1ec7t \u0111\u1ed9<\/td>\n<td width=\"16%\">-20\u00b0C &#8211; 40\u00b0C<\/td>\n<td width=\"16%\">-12\u00b0C &#8211; 40\u00b0C<\/td>\n<td width=\"16%\">&#8211;<\/td>\n<td width=\"16%\">&#8211;<\/td>\n<\/tr>\n<tr>\n<td width=\"16%\">\u0110\u1ed9 \u1ed3n<\/td>\n<td width=\"16%\">\u226456dB<\/td>\n<td width=\"16%\">\u226460dB<\/td>\n<td width=\"16%\">\u226452dB<\/td>\n<td width=\"16%\">\u226452dB<\/td>\n<\/tr>\n<tr>\n<td width=\"16%\"><\/td>\n<td width=\"16%\"><\/td>\n<td width=\"16%\"><\/td>\n<td width=\"16%\"><\/td>\n<td width=\"16%\"><\/td>\n<td width=\"16%\"><\/td>\n<\/tr>\n<tr>\n<td rowspan=\"7\" width=\"16%\"><strong>Specifications<\/strong><\/td>\n<td rowspan=\"2\" width=\"16%\"><strong>M\u00f4 t\u1ea3<\/strong><\/td>\n<td width=\"16%\"><strong>1248<\/strong><\/td>\n<td width=\"16%\"><strong>1248R<\/strong><\/td>\n<td width=\"16%\"><strong>1236R<\/strong><\/td>\n<td width=\"16%\"><strong>1580<\/strong><\/td>\n<\/tr>\n<tr>\n<td colspan=\"3\" width=\"50%\">M\u00e1y li t\u00e2m \u0111a ch\u1ee9c n\u0103ng th\u00f4ng l\u01b0\u1ee3ng th\u1ea5p, t\u1ed1c \u0111\u1ed9 cao<\/td>\n<td width=\"16%\">M\u00e1y li t\u00e2m \u0111a ch\u1ee9c n\u0103ng, th\u00f4ng l\u01b0\u1ee3ng trung b\u00ecnh, t\u1ed1c \u0111\u1ed9 cao<\/td>\n<\/tr>\n<tr>\n<td width=\"16%\">C\u00f4ng su\u1ea5t t\u1ed1i \u0111a<\/td>\n<td width=\"16%\">4 x 250ml<\/td>\n<td width=\"16%\">4 x 250ml<\/td>\n<td width=\"16%\">4 x 250ml<\/td>\n<td width=\"16%\">4 x 750ml<\/td>\n<\/tr>\n<tr>\n<td width=\"16%\">RPM t\u1ed1i \u0111a<\/td>\n<td width=\"16%\">12.000 rpm<\/td>\n<td width=\"16%\">12.000 rpm<\/td>\n<td width=\"16%\">12.000 rpm<\/td>\n<td width=\"16%\">15.000 rpm<\/td>\n<\/tr>\n<tr>\n<td width=\"16%\">RPM nh\u1ecf nh\u1ea5t c\u00f3 th\u1ec3 c\u00e0i \u0111\u1eb7t<\/td>\n<td width=\"16%\">500 rpm<\/td>\n<td width=\"16%\">500 rpm<\/td>\n<td width=\"16%\">500 rpm<\/td>\n<td width=\"16%\">500 rpm<\/td>\n<\/tr>\n<tr>\n<td width=\"16%\">Nhi\u1ec7t \u0111\u1ed9<\/td>\n<td width=\"16%\">&#8211;<\/td>\n<td width=\"16%\">-20\u00b0C &#8211; 40\u00b0C<\/td>\n<td width=\"16%\">-20\u00b0C &#8211; 40\u00b0C<\/td>\n<td width=\"16%\">&#8211;<\/td>\n<\/tr>\n<tr>\n<td width=\"16%\">\u0110\u1ed9 \u1ed3n<\/td>\n<td width=\"16%\">\u226460dB<\/td>\n<td width=\"16%\">\u226460dB<\/td>\n<td width=\"16%\">\u226460dB<\/td>\n<td width=\"16%\">\u226460dB<\/td>\n<\/tr>\n<\/tbody>\n<\/table>","protected":false},"excerpt":{"rendered":"<p>D\u00f2ng s\u1ea3n ph\u1ea9m c\u1ee7a Labtech h\u1ea7u nh\u01b0 \u0111\u00e1p \u1ee9ng \u0111\u01b0\u1ee3c nhu c\u1ea7u c\u1ee7a b\u1ea5t k\u1ef3 ph\u00f2ng th\u00ed nghi\u1ec7m hi\u1ec7n \u0111\u1ea1i n\u00e0o v\u1edbi 16 m\u1eabu \u0111\u01b0\u1ee3c chia th\u00e0nh 4 nh\u00f3m bao g\u1ed3m c\u00e1c m\u1eabu t\u1ed1c \u0111\u1ed9 th\u1ea5p v\u00e0 cao, th\u00f4ng gi\u00f3 v\u00e0 l\u00e0m l\u1ea1nh, c\u00f4ng su\u1ea5t nh\u1ecf v\u00e0 l\u1edbn, m\u1eabu \u0111\u1ec3 b\u00e0n v\u00e0 m\u1eabu \u0111\u1ec3 s\u00e0n \u0111\u01b0\u1ee3c h\u1ed7 tr\u1ee3 b\u1edfi m\u1ed9t lo\u1ea1t c\u00e1c ph\u1ee5 ki\u1ec7n \u0111\u00e1ng kinh ng\u1ea1c mang l\u1ea1i s\u1ef1 linh ho\u1ea1t v\u00e0 \u0111a n\u0103ng.<\/p>","protected":false},"featured_media":1055,"template":"","meta":{"inline_featured_image":false},"product_brand":[54],"product_cat":[77,81],"product_tag":[],"class_list":{"0":"post-1052","1":"product","2":"type-product","3":"status-publish","4":"has-post-thumbnail","6":"product_brand-labtech","7":"product_cat-cong-nghe-sinh-hoc-y-duoc","8":"product_cat-may-li-tam","10":"first","11":"instock","12":"featured","13":"shipping-taxable","14":"product-type-simple"},"yoast_head":"<!-- This site is optimized with the Yoast SEO plugin v24.7 - https:\/\/yoast.com\/wordpress\/plugins\/seo\/ -->\n<title>M\u00e1y li t\u00e2m - HTI Scientific<\/title>\n<meta name=\"description\" content=\"D\u00f2ng s\u1ea3n ph\u1ea9m m\u00e1y li t\u00e2m c\u1ee7a Labtech h\u1ea7u nh\u01b0 \u0111\u00e1p \u1ee9ng \u0111\u01b0\u1ee3c nhu c\u1ea7u c\u1ee7a b\u1ea5t k\u1ef3 ph\u00f2ng th\u00ed nghi\u1ec7m hi\u1ec7n \u0111\u1ea1i n\u00e0o v\u1edbi 16 m\u1eabu \u0111\u01b0\u1ee3c chia th\u00e0nh 4 nh\u00f3m\" \/>\n<meta name=\"robots\" content=\"index, follow, max-snippet:-1, max-image-preview:large, max-video-preview:-1\" \/>\n<link rel=\"canonical\" href=\"https:\/\/htiscientific.vn\/en\/product\/may-li-tam\/\" \/>\n<meta property=\"og:locale\" content=\"en_US\" \/>\n<meta property=\"og:type\" content=\"article\" \/>\n<meta property=\"og:title\" content=\"M\u00e1y li t\u00e2m - HTI Scientific\" \/>\n<meta property=\"og:description\" content=\"D\u00f2ng s\u1ea3n ph\u1ea9m m\u00e1y li t\u00e2m c\u1ee7a Labtech h\u1ea7u nh\u01b0 \u0111\u00e1p \u1ee9ng \u0111\u01b0\u1ee3c nhu c\u1ea7u c\u1ee7a b\u1ea5t k\u1ef3 ph\u00f2ng th\u00ed nghi\u1ec7m hi\u1ec7n \u0111\u1ea1i n\u00e0o v\u1edbi 16 m\u1eabu \u0111\u01b0\u1ee3c chia th\u00e0nh 4 nh\u00f3m\" \/>\n<meta property=\"og:url\" content=\"https:\/\/htiscientific.vn\/en\/product\/may-li-tam\/\" \/>\n<meta property=\"og:site_name\" content=\"HTI Scientific\" \/>\n<meta property=\"article:publisher\" content=\"https:\/\/www.facebook.com\/htiscientific.vn\" \/>\n<meta property=\"article:modified_time\" content=\"2025-07-10T04:15:18+00:00\" \/>\n<meta property=\"og:image\" content=\"https:\/\/htiscientific.vn\/wp-content\/uploads\/2025\/03\/may-li-tam.jpeg\" \/>\n\t<meta property=\"og:image:width\" content=\"768\" \/>\n\t<meta property=\"og:image:height\" content=\"520\" \/>\n\t<meta property=\"og:image:type\" content=\"image\/jpeg\" \/>\n<meta name=\"twitter:card\" content=\"summary_large_image\" \/>\n<meta name=\"twitter:label1\" content=\"Est. reading time\" \/>\n\t<meta name=\"twitter:data1\" content=\"3 minutes\" \/>\n<script type=\"application\/ld+json\" class=\"yoast-schema-graph\">{\"@context\":\"https:\/\/schema.org\",\"@graph\":[{\"@type\":\"WebPage\",\"@id\":\"https:\/\/htiscientific.vn\/san-pham\/may-li-tam\/\",\"url\":\"https:\/\/htiscientific.vn\/san-pham\/may-li-tam\/\",\"name\":\"M\u00e1y li t\u00e2m - HTI Scientific\",\"isPartOf\":{\"@id\":\"https:\/\/htiscientific.vn\/#website\"},\"primaryImageOfPage\":{\"@id\":\"https:\/\/htiscientific.vn\/san-pham\/may-li-tam\/#primaryimage\"},\"image\":{\"@id\":\"https:\/\/htiscientific.vn\/san-pham\/may-li-tam\/#primaryimage\"},\"thumbnailUrl\":\"https:\/\/htiscientific.vn\/wp-content\/uploads\/2025\/03\/may-li-tam.jpeg\",\"datePublished\":\"2025-03-31T06:43:52+00:00\",\"dateModified\":\"2025-07-10T04:15:18+00:00\",\"description\":\"D\u00f2ng s\u1ea3n ph\u1ea9m m\u00e1y li t\u00e2m c\u1ee7a Labtech h\u1ea7u nh\u01b0 \u0111\u00e1p \u1ee9ng \u0111\u01b0\u1ee3c nhu c\u1ea7u c\u1ee7a b\u1ea5t k\u1ef3 ph\u00f2ng th\u00ed nghi\u1ec7m hi\u1ec7n \u0111\u1ea1i n\u00e0o v\u1edbi 16 m\u1eabu \u0111\u01b0\u1ee3c chia th\u00e0nh 4 nh\u00f3m\",\"breadcrumb\":{\"@id\":\"https:\/\/htiscientific.vn\/san-pham\/may-li-tam\/#breadcrumb\"},\"inLanguage\":\"en-US\",\"potentialAction\":[{\"@type\":\"ReadAction\",\"target\":[\"https:\/\/htiscientific.vn\/san-pham\/may-li-tam\/\"]}]},{\"@type\":\"ImageObject\",\"inLanguage\":\"en-US\",\"@id\":\"https:\/\/htiscientific.vn\/san-pham\/may-li-tam\/#primaryimage\",\"url\":\"https:\/\/htiscientific.vn\/wp-content\/uploads\/2025\/03\/may-li-tam.jpeg\",\"contentUrl\":\"https:\/\/htiscientific.vn\/wp-content\/uploads\/2025\/03\/may-li-tam.jpeg\",\"width\":768,\"height\":520,\"caption\":\"M\u00e1y li t\u00e2m\"},{\"@type\":\"BreadcrumbList\",\"@id\":\"https:\/\/htiscientific.vn\/san-pham\/may-li-tam\/#breadcrumb\",\"itemListElement\":[{\"@type\":\"ListItem\",\"position\":1,\"name\":\"Trang ch\u1ee7\",\"item\":\"https:\/\/htiscientific.vn\/\"},{\"@type\":\"ListItem\",\"position\":2,\"name\":\"C\u1eeda h\u00e0ng\",\"item\":\"https:\/\/htiscientific.vn\/cua-hang\/\"},{\"@type\":\"ListItem\",\"position\":3,\"name\":\"C\u00f4ng ngh\u1ec7 sinh h\u1ecdc \/ Y d\u01b0\u1ee3c\",\"item\":\"https:\/\/htiscientific.vn\/danh-muc-san-pham\/cong-nghe-sinh-hoc-y-duoc\/\"},{\"@type\":\"ListItem\",\"position\":4,\"name\":\"M\u00e1y li t\u00e2m\",\"item\":\"https:\/\/htiscientific.vn\/danh-muc-san-pham\/cong-nghe-sinh-hoc-y-duoc\/may-li-tam\/\"},{\"@type\":\"ListItem\",\"position\":5,\"name\":\"M\u00e1y li t\u00e2m\"}]},{\"@type\":\"WebSite\",\"@id\":\"https:\/\/htiscientific.vn\/#website\",\"url\":\"https:\/\/htiscientific.vn\/\",\"name\":\"HTI Scientific\",\"description\":\"HTI Scientific\",\"publisher\":{\"@id\":\"https:\/\/htiscientific.vn\/#organization\"},\"potentialAction\":[{\"@type\":\"SearchAction\",\"target\":{\"@type\":\"EntryPoint\",\"urlTemplate\":\"https:\/\/htiscientific.vn\/?s={search_term_string}\"},\"query-input\":{\"@type\":\"PropertyValueSpecification\",\"valueRequired\":true,\"valueName\":\"search_term_string\"}}],\"inLanguage\":\"en-US\"},{\"@type\":\"Organization\",\"@id\":\"https:\/\/htiscientific.vn\/#organization\",\"name\":\"HTI Scientific\",\"alternateName\":\"HTI Scientific\",\"url\":\"https:\/\/htiscientific.vn\/\",\"logo\":{\"@type\":\"ImageObject\",\"inLanguage\":\"en-US\",\"@id\":\"https:\/\/htiscientific.vn\/#\/schema\/logo\/image\/\",\"url\":\"https:\/\/htiscientific.vn\/wp-content\/uploads\/2025\/03\/ava-hti-copy.jpg\",\"contentUrl\":\"https:\/\/htiscientific.vn\/wp-content\/uploads\/2025\/03\/ava-hti-copy.jpg\",\"width\":700,\"height\":450,\"caption\":\"HTI Scientific\"},\"image\":{\"@id\":\"https:\/\/htiscientific.vn\/#\/schema\/logo\/image\/\"},\"sameAs\":[\"https:\/\/www.facebook.com\/htiscientific.vn\"]}]}<\/script>\n<!-- \/ Yoast SEO plugin. -->","yoast_head_json":{"title":"M\u00e1y li t\u00e2m - HTI Scientific","description":"D\u00f2ng s\u1ea3n ph\u1ea9m m\u00e1y li t\u00e2m c\u1ee7a Labtech h\u1ea7u nh\u01b0 \u0111\u00e1p \u1ee9ng \u0111\u01b0\u1ee3c nhu c\u1ea7u c\u1ee7a b\u1ea5t k\u1ef3 ph\u00f2ng th\u00ed nghi\u1ec7m hi\u1ec7n \u0111\u1ea1i n\u00e0o v\u1edbi 16 m\u1eabu \u0111\u01b0\u1ee3c chia th\u00e0nh 4 nh\u00f3m","robots":{"index":"index","follow":"follow","max-snippet":"max-snippet:-1","max-image-preview":"max-image-preview:large","max-video-preview":"max-video-preview:-1"},"canonical":"https:\/\/htiscientific.vn\/en\/product\/may-li-tam\/","og_locale":"en_US","og_type":"article","og_title":"M\u00e1y li t\u00e2m - HTI Scientific","og_description":"D\u00f2ng s\u1ea3n ph\u1ea9m m\u00e1y li t\u00e2m c\u1ee7a Labtech h\u1ea7u nh\u01b0 \u0111\u00e1p \u1ee9ng \u0111\u01b0\u1ee3c nhu c\u1ea7u c\u1ee7a b\u1ea5t k\u1ef3 ph\u00f2ng th\u00ed nghi\u1ec7m hi\u1ec7n \u0111\u1ea1i n\u00e0o v\u1edbi 16 m\u1eabu \u0111\u01b0\u1ee3c chia th\u00e0nh 4 nh\u00f3m","og_url":"https:\/\/htiscientific.vn\/en\/product\/may-li-tam\/","og_site_name":"HTI Scientific","article_publisher":"https:\/\/www.facebook.com\/htiscientific.vn","article_modified_time":"2025-07-10T04:15:18+00:00","og_image":[{"width":768,"height":520,"url":"https:\/\/htiscientific.vn\/wp-content\/uploads\/2025\/03\/may-li-tam.jpeg","type":"image\/jpeg"}],"twitter_card":"summary_large_image","twitter_misc":{"Est. reading time":"3 minutes"},"schema":{"@context":"https:\/\/schema.org","@graph":[{"@type":"WebPage","@id":"https:\/\/htiscientific.vn\/san-pham\/may-li-tam\/","url":"https:\/\/htiscientific.vn\/san-pham\/may-li-tam\/","name":"M\u00e1y li t\u00e2m - HTI Scientific","isPartOf":{"@id":"https:\/\/htiscientific.vn\/#website"},"primaryImageOfPage":{"@id":"https:\/\/htiscientific.vn\/san-pham\/may-li-tam\/#primaryimage"},"image":{"@id":"https:\/\/htiscientific.vn\/san-pham\/may-li-tam\/#primaryimage"},"thumbnailUrl":"https:\/\/htiscientific.vn\/wp-content\/uploads\/2025\/03\/may-li-tam.jpeg","datePublished":"2025-03-31T06:43:52+00:00","dateModified":"2025-07-10T04:15:18+00:00","description":"D\u00f2ng s\u1ea3n ph\u1ea9m m\u00e1y li t\u00e2m c\u1ee7a Labtech h\u1ea7u nh\u01b0 \u0111\u00e1p \u1ee9ng \u0111\u01b0\u1ee3c nhu c\u1ea7u c\u1ee7a b\u1ea5t k\u1ef3 ph\u00f2ng th\u00ed nghi\u1ec7m hi\u1ec7n \u0111\u1ea1i n\u00e0o v\u1edbi 16 m\u1eabu \u0111\u01b0\u1ee3c chia th\u00e0nh 4 nh\u00f3m","breadcrumb":{"@id":"https:\/\/htiscientific.vn\/san-pham\/may-li-tam\/#breadcrumb"},"inLanguage":"en-US","potentialAction":[{"@type":"ReadAction","target":["https:\/\/htiscientific.vn\/san-pham\/may-li-tam\/"]}]},{"@type":"ImageObject","inLanguage":"en-US","@id":"https:\/\/htiscientific.vn\/san-pham\/may-li-tam\/#primaryimage","url":"https:\/\/htiscientific.vn\/wp-content\/uploads\/2025\/03\/may-li-tam.jpeg","contentUrl":"https:\/\/htiscientific.vn\/wp-content\/uploads\/2025\/03\/may-li-tam.jpeg","width":768,"height":520,"caption":"M\u00e1y li t\u00e2m"},{"@type":"BreadcrumbList","@id":"https:\/\/htiscientific.vn\/san-pham\/may-li-tam\/#breadcrumb","itemListElement":[{"@type":"ListItem","position":1,"name":"Trang ch\u1ee7","item":"https:\/\/htiscientific.vn\/"},{"@type":"ListItem","position":2,"name":"C\u1eeda h\u00e0ng","item":"https:\/\/htiscientific.vn\/cua-hang\/"},{"@type":"ListItem","position":3,"name":"C\u00f4ng ngh\u1ec7 sinh h\u1ecdc \/ Y d\u01b0\u1ee3c","item":"https:\/\/htiscientific.vn\/danh-muc-san-pham\/cong-nghe-sinh-hoc-y-duoc\/"},{"@type":"ListItem","position":4,"name":"M\u00e1y li t\u00e2m","item":"https:\/\/htiscientific.vn\/danh-muc-san-pham\/cong-nghe-sinh-hoc-y-duoc\/may-li-tam\/"},{"@type":"ListItem","position":5,"name":"M\u00e1y li t\u00e2m"}]},{"@type":"WebSite","@id":"https:\/\/htiscientific.vn\/#website","url":"https:\/\/htiscientific.vn\/","name":"HTI Scientific","description":"HTI Scientific","publisher":{"@id":"https:\/\/htiscientific.vn\/#organization"},"potentialAction":[{"@type":"SearchAction","target":{"@type":"EntryPoint","urlTemplate":"https:\/\/htiscientific.vn\/?s={search_term_string}"},"query-input":{"@type":"PropertyValueSpecification","valueRequired":true,"valueName":"search_term_string"}}],"inLanguage":"en-US"},{"@type":"Organization","@id":"https:\/\/htiscientific.vn\/#organization","name":"HTI Scientific","alternateName":"HTI Scientific","url":"https:\/\/htiscientific.vn\/","logo":{"@type":"ImageObject","inLanguage":"en-US","@id":"https:\/\/htiscientific.vn\/#\/schema\/logo\/image\/","url":"https:\/\/htiscientific.vn\/wp-content\/uploads\/2025\/03\/ava-hti-copy.jpg","contentUrl":"https:\/\/htiscientific.vn\/wp-content\/uploads\/2025\/03\/ava-hti-copy.jpg","width":700,"height":450,"caption":"HTI Scientific"},"image":{"@id":"https:\/\/htiscientific.vn\/#\/schema\/logo\/image\/"},"sameAs":["https:\/\/www.facebook.com\/htiscientific.vn"]}]}},"_links":{"self":[{"href":"https:\/\/htiscientific.vn\/en\/wp-json\/wp\/v2\/product\/1052","targetHints":{"allow":["GET"]}}],"collection":[{"href":"https:\/\/htiscientific.vn\/en\/wp-json\/wp\/v2\/product"}],"about":[{"href":"https:\/\/htiscientific.vn\/en\/wp-json\/wp\/v2\/types\/product"}],"wp:featuredmedia":[{"embeddable":true,"href":"https:\/\/htiscientific.vn\/en\/wp-json\/wp\/v2\/media\/1055"}],"wp:attachment":[{"href":"https:\/\/htiscientific.vn\/en\/wp-json\/wp\/v2\/media?parent=1052"}],"wp:term":[{"taxonomy":"product_brand","embeddable":true,"href":"https:\/\/htiscientific.vn\/en\/wp-json\/wp\/v2\/product_brand?post=1052"},{"taxonomy":"product_cat","embeddable":true,"href":"https:\/\/htiscientific.vn\/en\/wp-json\/wp\/v2\/product_cat?post=1052"},{"taxonomy":"product_tag","embeddable":true,"href":"https:\/\/htiscientific.vn\/en\/wp-json\/wp\/v2\/product_tag?post=1052"}],"curies":[{"name":"wp","href":"https:\/\/api.w.org\/{rel}","templated":true}]}}