{"id":1038,"date":"2025-03-31T13:29:51","date_gmt":"2025-03-31T06:29:51","guid":{"rendered":"https:\/\/htiscientific.vn\/?post_type=product&#038;p=1038"},"modified":"2025-05-07T17:42:49","modified_gmt":"2025-05-07T10:42:49","slug":"may-real-time-pcr-exicycler-96-v5","status":"publish","type":"product","link":"https:\/\/htiscientific.vn\/en\/product\/may-real-time-pcr-exicycler-96-v5\/","title":{"rendered":"M\u00e1y Real-time PCR ExiCycler\u2122 96 V5"},"content":{"rendered":"<p><span style=\"color: #333333;\"><strong>TH\u00d4NG TIN S\u1ea2N PH\u1ea8M<\/strong><\/span><\/p>\n<ul>\n<li><span style=\"color: #333333;\">H\u00e3ng s\u1ea3n xu\u1ea5t: <a href=\"https:\/\/www.bioneer.com\/\" target=\"_blank\" rel=\"noopener\">Bioneer<\/a><\/span><\/li>\n<li><span style=\"color: #333333;\">Xu\u1ea5t x\u1ee9: H\u00e0n Qu\u1ed1c<\/span><\/li>\n<\/ul>\n<p><span style=\"color: #333333;\"><strong>TH\u00d4NG S\u1ed0 K\u1ef8 THU\u1eacT<\/strong><\/span><\/p>\n<ul>\n<li><span style=\"color: #333333;\">Dung t\u00edch\/k\u00edch th\u01b0\u1edbc m\u1eabu: 96 gi\u1ebfng, 384 gi\u1ebfng<\/span><\/li>\n<\/ul>\n<p><span style=\"color: #333333;\">\u00a0 \u00a0 \u00a0<em> * Th\u1ec3 t\u00edch m\u1eabu:<\/em><\/span><\/p>\n<p><em><span style=\"color: #333333;\">\u00a0 \u00a0 \u00a0 96 gi\u1ebfng 0,1 mL \u1ed1ng\/\u0111\u0129a: 10-50 \u00b5L<\/span><\/em><\/p>\n<p><em><span style=\"color: #333333;\">\u00a0 \u00a0 \u00a0 96 gi\u1ebfng 0,2 mL \u1ed1ng\/\u0111\u0129a: 20-50 \u00b5L<\/span><\/em><\/p>\n<p><em><span style=\"color: #333333;\">\u00a0 \u00a0 \u00a0 384 gi\u1ebfng 0,02 mL\/\u0111\u0129a: 5-20 \u00b5L<\/span><\/em><\/p>\n<ul>\n<li><span style=\"color: #333333;\">C\u00f4ng su\u1ea5t ti\u00eau th\u1ee5 100 &#8211; 240 VAC, 50\/60 Hz<\/span><\/li>\n<li><span style=\"color: #333333;\">Nhi\u1ec7t \u0111\u1ed9 ho\u1ea1t \u0111\u1ed9ng 15 &#8211; 35 \u00b0C<\/span><\/li>\n<li><span style=\"color: #333333;\">\u0110\u1ed9 \u1ea9m ho\u1ea1t \u0111\u1ed9ng 20 &#8211; 80%, kh\u00f4ng ng\u01b0ng t\u1ee5<\/span><\/li>\n<li><span style=\"color: #333333;\">Th\u00f4ng s\u1ed1 quang h\u1ecdc:<br \/>\n<em style=\"color: #555555;\"><span style=\"color: #333333;\">* Ngu\u1ed3n s\u00e1ng LED tr\u1eafng (T\u1ed1i \u0111a 90 W)<br \/>\n<em style=\"color: #555555;\"><span style=\"color: #333333;\">* C\u1ea3m bi\u1ebfn CMOS<br \/>\n<em style=\"color: #555555;\"><span style=\"color: #333333;\">* B\u1ed9 l\u1ecdc k\u00edch th\u00edch\/B\u1ed9 l\u1ecdc ph\u00e1t x\u1ea1: 6 b\u1ed9<\/span><\/em><\/span><\/em><\/span><\/em><\/span><\/li>\n<\/ul>\n<ul>\n<li><span style=\"color: #333333;\">Ph\u01b0\u01a1ng ph\u00e1p gia nhi\u1ec7t\/l\u00e0m m\u00e1t: Peltier<\/span><\/li>\n<li><span style=\"color: #333333;\">Ph\u1ea1m vi nhi\u1ec7t \u0111\u1ed9: 4,0\u00b0C &#8211; 99,9\u00b0C<\/span><\/li>\n<li><span style=\"color: #333333;\">T\u1ed1c \u0111\u1ed9 t\u0103ng nhi\u1ec7t t\u1ed1i \u0111a (Lo\u1ea1i nhanh):<br \/>\n<em>* ExiCycler V5 96: 8,0 \u00b0C\/gi\u00e2y<\/em><br \/>\n<em>* ExiCycler V5 384: 5,5 \u00b0C\/gi\u00e2y<\/em><\/span><\/li>\n<\/ul>\n<ul>\n<li><span style=\"color: #333333;\">\u0110\u1ed9 ch\u00ednh x\u00e1c nhi\u1ec7t \u0111\u1ed9: \u00b1 0,2\u00b0C<\/span><\/li>\n<li><span style=\"color: #333333;\">\u0110\u1ed9 \u0111\u1ed3ng \u0111\u1ec1u nhi\u1ec7t \u0111\u1ed9: B\u00ecnh th\u01b0\u1eddng \u00b1 0,2<\/span><\/li>\n<li><span style=\"color: #333333;\">Nhi\u1ec7t \u0111\u1ed9 n\u1eafp: 90 &#8211; 120\u00b0C<\/span><\/li>\n<li><span style=\"color: #333333;\">Ph\u1ea1m vi t\u0103ng nhi\u1ec7t \u0111\u1ed9 0,1 &#8211; 2,0\u00b0C<\/span><\/li>\n<\/ul>","protected":false},"excerpt":{"rendered":"<p>Exicycler\u2122 V5 Real-Time Quantitative Thermal Block \u0111\u1ecdc \u0111\u1ed3ng th\u1eddi 96 ho\u1eb7c 384 gi\u1ebfng b\u1eb1ng c\u00f4ng ngh\u1ec7 LT (Light Tunnel) t\u1ef1 c\u1ea5p b\u1eb1ng s\u00e1ng ch\u1ebf, c\u00f4ng ngh\u1ec7 n\u00e0y ph\u00e1t hi\u1ec7n \u0111\u1ed3ng \u0111\u1ec1u \u00e1nh s\u00e1ng k\u00edch th\u00edch, c\u00f4ng ngh\u1ec7 ch\u1eb7n \u00e1nh s\u00e1ng k\u00edch th\u00edch v\u00e0 c\u1ea3m bi\u1ebfn 2D. Nh\u1eefng c\u00f4ng ngh\u1ec7 n\u00e0y cho ph\u00e9p gi\u1ea3m thi\u1ec3u \u0111\u1ed9 nh\u1ea1y quang h\u1ecdc v\u00e0 \u0111\u1ed9 l\u1ec7ch gi\u1eefa c\u00e1c gi\u1ebfng trong qu\u00e1 tr\u00ecnh khu\u1ebfch \u0111\u1ea1i gen theo th\u1eddi gian th\u1ef1c. H\u01a1n n\u1eefa, block nhi\u1ec7t \u0111\u01b0\u1ee3c thi\u1ebft k\u1ebf theo \u0111\u1ecbnh d\u1ea1ng 96 gi\u1ebfng ho\u1eb7c 384 gi\u1ebfng ti\u00eau chu\u1ea9n, cho ph\u00e9p s\u1eed d\u1ee5ng v\u1edbi \u1ed1ng PCR 0,1 ho\u1eb7c 0,2 ml ti\u00eau chu\u1ea9n thu\u1eadn ti\u1ec7n h\u01a1n v\u1edbi ng\u01b0\u1eddi s\u1eed d\u1ee5ng.<\/p>","protected":false},"featured_media":1051,"template":"","meta":{"inline_featured_image":false},"product_brand":[49],"product_cat":[77,80],"product_tag":[],"class_list":{"0":"post-1038","1":"product","2":"type-product","3":"status-publish","4":"has-post-thumbnail","6":"product_brand-bioneer","7":"product_cat-cong-nghe-sinh-hoc-y-duoc","8":"product_cat-real-time-pcr","10":"first","11":"instock","12":"featured","13":"shipping-taxable","14":"product-type-simple"},"yoast_head":"<!-- This site is optimized with the Yoast SEO plugin v24.7 - https:\/\/yoast.com\/wordpress\/plugins\/seo\/ -->\n<title>M\u00e1y Real-time PCR ExiCycler\u2122 96 V5 - HTI Scientific<\/title>\n<meta name=\"description\" content=\"M\u00e1y Real-time PCR ExiCycler\u2122 96 V5 \u0111\u1ecdc \u0111\u1ed3ng th\u1eddi 96 ho\u1eb7c 384 gi\u1ebfng b\u1eb1ng c\u00f4ng ngh\u1ec7 LT (Light Tunnel) t\u1ef1 c\u1ea5p b\u1eb1ng s\u00e1ng ch\u1ebf, c\u00f4ng ngh\u1ec7 n\u00e0y ph\u00e1t hi\u1ec7n\" \/>\n<meta name=\"robots\" content=\"index, follow, max-snippet:-1, max-image-preview:large, max-video-preview:-1\" \/>\n<link rel=\"canonical\" href=\"https:\/\/htiscientific.vn\/en\/product\/may-real-time-pcr-exicycler-96-v5\/\" \/>\n<meta property=\"og:locale\" content=\"en_US\" \/>\n<meta property=\"og:type\" content=\"article\" \/>\n<meta property=\"og:title\" content=\"M\u00e1y Real-time PCR ExiCycler\u2122 96 V5 - HTI Scientific\" \/>\n<meta property=\"og:description\" content=\"M\u00e1y Real-time PCR ExiCycler\u2122 96 V5 \u0111\u1ecdc \u0111\u1ed3ng th\u1eddi 96 ho\u1eb7c 384 gi\u1ebfng b\u1eb1ng c\u00f4ng ngh\u1ec7 LT (Light Tunnel) t\u1ef1 c\u1ea5p b\u1eb1ng s\u00e1ng ch\u1ebf, c\u00f4ng ngh\u1ec7 n\u00e0y ph\u00e1t hi\u1ec7n\" \/>\n<meta property=\"og:url\" content=\"https:\/\/htiscientific.vn\/en\/product\/may-real-time-pcr-exicycler-96-v5\/\" \/>\n<meta property=\"og:site_name\" content=\"HTI Scientific\" \/>\n<meta property=\"article:publisher\" content=\"https:\/\/www.facebook.com\/htiscientific.vn\" \/>\n<meta property=\"article:modified_time\" content=\"2025-05-07T10:42:49+00:00\" \/>\n<meta property=\"og:image\" content=\"https:\/\/htiscientific.vn\/wp-content\/uploads\/2025\/03\/photo-6271785685895726611-w.jpg\" \/>\n\t<meta property=\"og:image:width\" content=\"2000\" \/>\n\t<meta property=\"og:image:height\" content=\"2000\" \/>\n\t<meta property=\"og:image:type\" content=\"image\/jpeg\" \/>\n<meta name=\"twitter:card\" content=\"summary_large_image\" \/>\n<meta name=\"twitter:label1\" content=\"Est. reading time\" \/>\n\t<meta name=\"twitter:data1\" content=\"2 minutes\" \/>\n<script type=\"application\/ld+json\" class=\"yoast-schema-graph\">{\"@context\":\"https:\/\/schema.org\",\"@graph\":[{\"@type\":\"WebPage\",\"@id\":\"https:\/\/htiscientific.vn\/san-pham\/may-real-time-pcr-exicycler-96-v5\/\",\"url\":\"https:\/\/htiscientific.vn\/san-pham\/may-real-time-pcr-exicycler-96-v5\/\",\"name\":\"M\u00e1y Real-time PCR ExiCycler\u2122 96 V5 - HTI Scientific\",\"isPartOf\":{\"@id\":\"https:\/\/htiscientific.vn\/#website\"},\"primaryImageOfPage\":{\"@id\":\"https:\/\/htiscientific.vn\/san-pham\/may-real-time-pcr-exicycler-96-v5\/#primaryimage\"},\"image\":{\"@id\":\"https:\/\/htiscientific.vn\/san-pham\/may-real-time-pcr-exicycler-96-v5\/#primaryimage\"},\"thumbnailUrl\":\"https:\/\/htiscientific.vn\/wp-content\/uploads\/2025\/03\/photo-6271785685895726611-w.jpg\",\"datePublished\":\"2025-03-31T06:29:51+00:00\",\"dateModified\":\"2025-05-07T10:42:49+00:00\",\"description\":\"M\u00e1y Real-time PCR ExiCycler\u2122 96 V5 \u0111\u1ecdc \u0111\u1ed3ng th\u1eddi 96 ho\u1eb7c 384 gi\u1ebfng b\u1eb1ng c\u00f4ng ngh\u1ec7 LT (Light Tunnel) t\u1ef1 c\u1ea5p b\u1eb1ng s\u00e1ng ch\u1ebf, c\u00f4ng ngh\u1ec7 n\u00e0y ph\u00e1t hi\u1ec7n\",\"breadcrumb\":{\"@id\":\"https:\/\/htiscientific.vn\/san-pham\/may-real-time-pcr-exicycler-96-v5\/#breadcrumb\"},\"inLanguage\":\"en-US\",\"potentialAction\":[{\"@type\":\"ReadAction\",\"target\":[\"https:\/\/htiscientific.vn\/san-pham\/may-real-time-pcr-exicycler-96-v5\/\"]}]},{\"@type\":\"ImageObject\",\"inLanguage\":\"en-US\",\"@id\":\"https:\/\/htiscientific.vn\/san-pham\/may-real-time-pcr-exicycler-96-v5\/#primaryimage\",\"url\":\"https:\/\/htiscientific.vn\/wp-content\/uploads\/2025\/03\/photo-6271785685895726611-w.jpg\",\"contentUrl\":\"https:\/\/htiscientific.vn\/wp-content\/uploads\/2025\/03\/photo-6271785685895726611-w.jpg\",\"width\":2000,\"height\":2000,\"caption\":\"PCR ExiCycler\u2122 96 V5\"},{\"@type\":\"BreadcrumbList\",\"@id\":\"https:\/\/htiscientific.vn\/san-pham\/may-real-time-pcr-exicycler-96-v5\/#breadcrumb\",\"itemListElement\":[{\"@type\":\"ListItem\",\"position\":1,\"name\":\"Trang ch\u1ee7\",\"item\":\"https:\/\/htiscientific.vn\/\"},{\"@type\":\"ListItem\",\"position\":2,\"name\":\"C\u1eeda h\u00e0ng\",\"item\":\"https:\/\/htiscientific.vn\/cua-hang\/\"},{\"@type\":\"ListItem\",\"position\":3,\"name\":\"C\u00f4ng ngh\u1ec7 sinh h\u1ecdc \/ Y d\u01b0\u1ee3c\",\"item\":\"https:\/\/htiscientific.vn\/danh-muc-san-pham\/cong-nghe-sinh-hoc-y-duoc\/\"},{\"@type\":\"ListItem\",\"position\":4,\"name\":\"M\u00e1y Real-time PCR ExiCycler\u2122 96 V5\"}]},{\"@type\":\"WebSite\",\"@id\":\"https:\/\/htiscientific.vn\/#website\",\"url\":\"https:\/\/htiscientific.vn\/\",\"name\":\"HTI Scientific\",\"description\":\"HTI Scientific\",\"publisher\":{\"@id\":\"https:\/\/htiscientific.vn\/#organization\"},\"potentialAction\":[{\"@type\":\"SearchAction\",\"target\":{\"@type\":\"EntryPoint\",\"urlTemplate\":\"https:\/\/htiscientific.vn\/?s={search_term_string}\"},\"query-input\":{\"@type\":\"PropertyValueSpecification\",\"valueRequired\":true,\"valueName\":\"search_term_string\"}}],\"inLanguage\":\"en-US\"},{\"@type\":\"Organization\",\"@id\":\"https:\/\/htiscientific.vn\/#organization\",\"name\":\"HTI Scientific\",\"alternateName\":\"HTI Scientific\",\"url\":\"https:\/\/htiscientific.vn\/\",\"logo\":{\"@type\":\"ImageObject\",\"inLanguage\":\"en-US\",\"@id\":\"https:\/\/htiscientific.vn\/#\/schema\/logo\/image\/\",\"url\":\"https:\/\/htiscientific.vn\/wp-content\/uploads\/2025\/03\/ava-hti-copy.jpg\",\"contentUrl\":\"https:\/\/htiscientific.vn\/wp-content\/uploads\/2025\/03\/ava-hti-copy.jpg\",\"width\":700,\"height\":450,\"caption\":\"HTI Scientific\"},\"image\":{\"@id\":\"https:\/\/htiscientific.vn\/#\/schema\/logo\/image\/\"},\"sameAs\":[\"https:\/\/www.facebook.com\/htiscientific.vn\"]}]}<\/script>\n<!-- \/ Yoast SEO plugin. -->","yoast_head_json":{"title":"M\u00e1y Real-time PCR ExiCycler\u2122 96 V5 - HTI Scientific","description":"M\u00e1y Real-time PCR ExiCycler\u2122 96 V5 \u0111\u1ecdc \u0111\u1ed3ng th\u1eddi 96 ho\u1eb7c 384 gi\u1ebfng b\u1eb1ng c\u00f4ng ngh\u1ec7 LT (Light Tunnel) t\u1ef1 c\u1ea5p b\u1eb1ng s\u00e1ng ch\u1ebf, c\u00f4ng ngh\u1ec7 n\u00e0y ph\u00e1t hi\u1ec7n","robots":{"index":"index","follow":"follow","max-snippet":"max-snippet:-1","max-image-preview":"max-image-preview:large","max-video-preview":"max-video-preview:-1"},"canonical":"https:\/\/htiscientific.vn\/en\/product\/may-real-time-pcr-exicycler-96-v5\/","og_locale":"en_US","og_type":"article","og_title":"M\u00e1y Real-time PCR ExiCycler\u2122 96 V5 - HTI Scientific","og_description":"M\u00e1y Real-time PCR ExiCycler\u2122 96 V5 \u0111\u1ecdc \u0111\u1ed3ng th\u1eddi 96 ho\u1eb7c 384 gi\u1ebfng b\u1eb1ng c\u00f4ng ngh\u1ec7 LT (Light Tunnel) t\u1ef1 c\u1ea5p b\u1eb1ng s\u00e1ng ch\u1ebf, c\u00f4ng ngh\u1ec7 n\u00e0y ph\u00e1t hi\u1ec7n","og_url":"https:\/\/htiscientific.vn\/en\/product\/may-real-time-pcr-exicycler-96-v5\/","og_site_name":"HTI Scientific","article_publisher":"https:\/\/www.facebook.com\/htiscientific.vn","article_modified_time":"2025-05-07T10:42:49+00:00","og_image":[{"width":2000,"height":2000,"url":"https:\/\/htiscientific.vn\/wp-content\/uploads\/2025\/03\/photo-6271785685895726611-w.jpg","type":"image\/jpeg"}],"twitter_card":"summary_large_image","twitter_misc":{"Est. reading time":"2 minutes"},"schema":{"@context":"https:\/\/schema.org","@graph":[{"@type":"WebPage","@id":"https:\/\/htiscientific.vn\/san-pham\/may-real-time-pcr-exicycler-96-v5\/","url":"https:\/\/htiscientific.vn\/san-pham\/may-real-time-pcr-exicycler-96-v5\/","name":"M\u00e1y Real-time PCR ExiCycler\u2122 96 V5 - HTI Scientific","isPartOf":{"@id":"https:\/\/htiscientific.vn\/#website"},"primaryImageOfPage":{"@id":"https:\/\/htiscientific.vn\/san-pham\/may-real-time-pcr-exicycler-96-v5\/#primaryimage"},"image":{"@id":"https:\/\/htiscientific.vn\/san-pham\/may-real-time-pcr-exicycler-96-v5\/#primaryimage"},"thumbnailUrl":"https:\/\/htiscientific.vn\/wp-content\/uploads\/2025\/03\/photo-6271785685895726611-w.jpg","datePublished":"2025-03-31T06:29:51+00:00","dateModified":"2025-05-07T10:42:49+00:00","description":"M\u00e1y Real-time PCR ExiCycler\u2122 96 V5 \u0111\u1ecdc \u0111\u1ed3ng th\u1eddi 96 ho\u1eb7c 384 gi\u1ebfng b\u1eb1ng c\u00f4ng ngh\u1ec7 LT (Light Tunnel) t\u1ef1 c\u1ea5p b\u1eb1ng s\u00e1ng ch\u1ebf, c\u00f4ng ngh\u1ec7 n\u00e0y ph\u00e1t hi\u1ec7n","breadcrumb":{"@id":"https:\/\/htiscientific.vn\/san-pham\/may-real-time-pcr-exicycler-96-v5\/#breadcrumb"},"inLanguage":"en-US","potentialAction":[{"@type":"ReadAction","target":["https:\/\/htiscientific.vn\/san-pham\/may-real-time-pcr-exicycler-96-v5\/"]}]},{"@type":"ImageObject","inLanguage":"en-US","@id":"https:\/\/htiscientific.vn\/san-pham\/may-real-time-pcr-exicycler-96-v5\/#primaryimage","url":"https:\/\/htiscientific.vn\/wp-content\/uploads\/2025\/03\/photo-6271785685895726611-w.jpg","contentUrl":"https:\/\/htiscientific.vn\/wp-content\/uploads\/2025\/03\/photo-6271785685895726611-w.jpg","width":2000,"height":2000,"caption":"PCR ExiCycler\u2122 96 V5"},{"@type":"BreadcrumbList","@id":"https:\/\/htiscientific.vn\/san-pham\/may-real-time-pcr-exicycler-96-v5\/#breadcrumb","itemListElement":[{"@type":"ListItem","position":1,"name":"Trang ch\u1ee7","item":"https:\/\/htiscientific.vn\/"},{"@type":"ListItem","position":2,"name":"C\u1eeda h\u00e0ng","item":"https:\/\/htiscientific.vn\/cua-hang\/"},{"@type":"ListItem","position":3,"name":"C\u00f4ng ngh\u1ec7 sinh h\u1ecdc \/ Y d\u01b0\u1ee3c","item":"https:\/\/htiscientific.vn\/danh-muc-san-pham\/cong-nghe-sinh-hoc-y-duoc\/"},{"@type":"ListItem","position":4,"name":"M\u00e1y Real-time PCR ExiCycler\u2122 96 V5"}]},{"@type":"WebSite","@id":"https:\/\/htiscientific.vn\/#website","url":"https:\/\/htiscientific.vn\/","name":"HTI Scientific","description":"HTI Scientific","publisher":{"@id":"https:\/\/htiscientific.vn\/#organization"},"potentialAction":[{"@type":"SearchAction","target":{"@type":"EntryPoint","urlTemplate":"https:\/\/htiscientific.vn\/?s={search_term_string}"},"query-input":{"@type":"PropertyValueSpecification","valueRequired":true,"valueName":"search_term_string"}}],"inLanguage":"en-US"},{"@type":"Organization","@id":"https:\/\/htiscientific.vn\/#organization","name":"HTI Scientific","alternateName":"HTI Scientific","url":"https:\/\/htiscientific.vn\/","logo":{"@type":"ImageObject","inLanguage":"en-US","@id":"https:\/\/htiscientific.vn\/#\/schema\/logo\/image\/","url":"https:\/\/htiscientific.vn\/wp-content\/uploads\/2025\/03\/ava-hti-copy.jpg","contentUrl":"https:\/\/htiscientific.vn\/wp-content\/uploads\/2025\/03\/ava-hti-copy.jpg","width":700,"height":450,"caption":"HTI Scientific"},"image":{"@id":"https:\/\/htiscientific.vn\/#\/schema\/logo\/image\/"},"sameAs":["https:\/\/www.facebook.com\/htiscientific.vn"]}]}},"_links":{"self":[{"href":"https:\/\/htiscientific.vn\/en\/wp-json\/wp\/v2\/product\/1038","targetHints":{"allow":["GET"]}}],"collection":[{"href":"https:\/\/htiscientific.vn\/en\/wp-json\/wp\/v2\/product"}],"about":[{"href":"https:\/\/htiscientific.vn\/en\/wp-json\/wp\/v2\/types\/product"}],"wp:featuredmedia":[{"embeddable":true,"href":"https:\/\/htiscientific.vn\/en\/wp-json\/wp\/v2\/media\/1051"}],"wp:attachment":[{"href":"https:\/\/htiscientific.vn\/en\/wp-json\/wp\/v2\/media?parent=1038"}],"wp:term":[{"taxonomy":"product_brand","embeddable":true,"href":"https:\/\/htiscientific.vn\/en\/wp-json\/wp\/v2\/product_brand?post=1038"},{"taxonomy":"product_cat","embeddable":true,"href":"https:\/\/htiscientific.vn\/en\/wp-json\/wp\/v2\/product_cat?post=1038"},{"taxonomy":"product_tag","embeddable":true,"href":"https:\/\/htiscientific.vn\/en\/wp-json\/wp\/v2\/product_tag?post=1038"}],"curies":[{"name":"wp","href":"https:\/\/api.w.org\/{rel}","templated":true}]}}