{"id":1034,"date":"2025-03-31T11:57:06","date_gmt":"2025-03-31T04:57:06","guid":{"rendered":"https:\/\/htiscientific.vn\/?post_type=product&#038;p=1034"},"modified":"2025-05-19T13:49:11","modified_gmt":"2025-05-19T06:49:11","slug":"may-nhan-gen-pcr-allinonecycler","status":"publish","type":"product","link":"https:\/\/htiscientific.vn\/en\/product\/may-nhan-gen-pcr-allinonecycler\/","title":{"rendered":"M\u00e1y nh\u00e2n gen PCR AllInOneCycler\u2122"},"content":{"rendered":"<p><span style=\"color: #333333;\"><strong>TH\u00d4NG TIN S\u1ea2N PH\u1ea8M<\/strong><\/span><\/p>\n<ul>\n<li><span style=\"color: #333333;\">H\u00e3ng s\u1ea3n xu\u1ea5t: Bioneer<\/span><\/li>\n<li><span style=\"color: #333333;\">Xu\u1ea5t x\u1ee9: H\u00e0n Qu\u1ed1c<\/span><\/li>\n<\/ul>\n<p><span style=\"color: #333333;\"><strong>TH\u00d4NG S\u1ed0 K\u1ef8 THU\u1eacT<\/strong><\/span><\/p>\n<ul>\n<li><span style=\"color: #333333;\">Ph\u01b0\u01a1ng ph\u00e1p l\u00e0m n\u00f3ng\/l\u00e0m m\u00e1t: Thanh Peltier<\/span><\/li>\n<li><span style=\"color: #333333;\">Ph\u1ea1m vi nhi\u1ec7t \u0111\u1ed9: 4,0\u00b0C ~ 99,9\u00b0C<\/span><\/li>\n<li><span style=\"color: #333333;\">T\u1ed1c \u0111\u1ed9 d\u1ed1c kh\u1ed1i t\u1ed1i \u0111a<\/span><\/li>\n<\/ul>\n<p><span style=\"color: #333333;\">\u00a0 \u00a0 \u00a0 \u00a0 * Block nhanh:<br \/>\n<\/span><span style=\"color: #333333;\">\u00a0 \u00a0 \u00a0 \u00a0&#8211; L\u00e0m n\u00f3ng: 9,5\u00b0C\/gi\u00e2y, L\u00e0m m\u00e1t: 7,7\u00b0C\/gi\u00e2y<br \/>\n<\/span><span style=\"color: #333333;\">\u00a0 \u00a0 \u00a0 \u00a0 * Kh\u1ed1i b\u00ecnh th\u01b0\u1eddng:<br \/>\n<\/span><span style=\"color: #333333;\">\u00a0 \u00a0 \u00a0 \u00a0&#8211; L\u00e0m n\u00f3ng: 6,5\u00b0C\/gi\u00e2y, L\u00e0m m\u00e1t: 4,5\u00b0C\/gi\u00e2y<\/span><\/p>\n<ul>\n<li><span style=\"color: #333333;\">\u0110\u1ed9 ch\u00ednh x\u00e1c nhi\u1ec7t \u0111\u1ed9 \u00b1 0,3\u00b0C<\/span><\/li>\n<li><span style=\"color: #333333;\">\u0110\u1ed9 \u0111\u1ed3ng \u0111\u1ec1u nhi\u1ec7t \u0111\u1ed9 \u00b1 0,3\u00b0C<\/span><\/li>\n<li><span style=\"color: #333333;\">Nhi\u1ec7t \u0111\u1ed9 n\u1eafp 90\u00b0C ~110\u00b0C<\/span><\/li>\n<li><span style=\"color: #333333;\">Ph\u1ea1m vi gradient: 20\u00b0C ~ 95\u00b0C<\/span><\/li>\n<li><span style=\"color: #333333;\">Nhi\u1ec7t \u0111\u1ed9 ho\u1ea1t \u0111\u1ed9ng: 15\u00b0C ~ 35\u00b0C<\/span><\/li>\n<li><span style=\"color: #333333;\">\u0110\u1ed9 \u1ea9m ho\u1ea1t \u0111\u1ed9ng: 20% \u200b\u200b~ 80%, kh\u00f4ng ng\u01b0ng t\u1ee5<\/span><\/li>\n<li><span style=\"color: #333333;\">M\u00e0n h\u00ecnh LCD c\u1ea3m \u1ee9ng 7 inch<\/span><\/li>\n<\/ul>","protected":false},"excerpt":{"rendered":"<p>M\u00e1y nh\u00e2n gen PCR AllInOneCycler\u2122 96 gi\u1ebfng s\u1eed d\u1ee5ng c\u00f4ng ngh\u1ec7 ki\u1ec3m so\u00e1t nhi\u1ec7t \u0111\u1ed9 v\u00e0 block nhi\u1ec7t \u0111\u1ed9c \u0111\u00e1o \u0111\u1ec3 t\u0103ng t\u1ed1c \u0111\u1ed9 t\u1ed1i \u0111a l\u00ean 6,5 \u00b0 C \/ gi\u00e2y. Thi\u1ebft b\u1ecb n\u00e0y c\u00f3 kh\u1ea3 n\u0103ng \u0111\u01b0a ra k\u1ebft qu\u1ea3 ch\u00ednh x\u00e1c v\u00e0 chuy\u1ec3n \u0111\u1ed5i 4 lo\u1ea1i block kh\u00e1c nhau t\u00f9y theo m\u1ee5c \u0111\u00edch th\u1eed nghi\u1ec7m.<\/p>","protected":false},"featured_media":1037,"template":"","meta":{"inline_featured_image":false},"product_brand":[49],"product_cat":[77,79],"product_tag":[],"class_list":{"0":"post-1034","1":"product","2":"type-product","3":"status-publish","4":"has-post-thumbnail","6":"product_brand-bioneer","7":"product_cat-cong-nghe-sinh-hoc-y-duoc","8":"product_cat-pcr","10":"first","11":"instock","12":"featured","13":"shipping-taxable","14":"product-type-simple"},"yoast_head":"<!-- This site is optimized with the Yoast SEO plugin v24.7 - https:\/\/yoast.com\/wordpress\/plugins\/seo\/ -->\n<title>M\u00e1y nh\u00e2n gen PCR AllInOneCycler\u2122 - HTI Scientific<\/title>\n<meta name=\"description\" content=\"M\u00e1y nh\u00e2n gen PCR AllInOneCycler\u2122 96 gi\u1ebfng s\u1eed d\u1ee5ng c\u00f4ng ngh\u1ec7 ki\u1ec3m so\u00e1t nhi\u1ec7t \u0111\u1ed9 v\u00e0 block nhi\u1ec7t \u0111\u1ed9c \u0111\u00e1o \u0111\u1ec3 t\u0103ng t\u1ed1c \u0111\u1ed9 t\u1ed1i \u0111a l\u00ean 6,5 \u00b0 C \/ gi\u00e2y.\" \/>\n<meta name=\"robots\" content=\"index, follow, max-snippet:-1, max-image-preview:large, max-video-preview:-1\" \/>\n<link rel=\"canonical\" href=\"https:\/\/htiscientific.vn\/en\/product\/may-nhan-gen-pcr-allinonecycler\/\" \/>\n<meta property=\"og:locale\" content=\"en_US\" \/>\n<meta property=\"og:type\" content=\"article\" \/>\n<meta property=\"og:title\" content=\"M\u00e1y nh\u00e2n gen PCR AllInOneCycler\u2122 - HTI Scientific\" \/>\n<meta property=\"og:description\" content=\"M\u00e1y nh\u00e2n gen PCR AllInOneCycler\u2122 96 gi\u1ebfng s\u1eed d\u1ee5ng c\u00f4ng ngh\u1ec7 ki\u1ec3m so\u00e1t nhi\u1ec7t \u0111\u1ed9 v\u00e0 block nhi\u1ec7t \u0111\u1ed9c \u0111\u00e1o \u0111\u1ec3 t\u0103ng t\u1ed1c \u0111\u1ed9 t\u1ed1i \u0111a l\u00ean 6,5 \u00b0 C \/ gi\u00e2y.\" \/>\n<meta property=\"og:url\" content=\"https:\/\/htiscientific.vn\/en\/product\/may-nhan-gen-pcr-allinonecycler\/\" \/>\n<meta property=\"og:site_name\" content=\"HTI Scientific\" \/>\n<meta property=\"article:publisher\" content=\"https:\/\/www.facebook.com\/htiscientific.vn\" \/>\n<meta property=\"article:modified_time\" content=\"2025-05-19T06:49:11+00:00\" \/>\n<meta property=\"og:image\" content=\"https:\/\/htiscientific.vn\/wp-content\/uploads\/2025\/03\/may-nhan-gen-pcr-allinonecycler-3.jpg\" \/>\n\t<meta property=\"og:image:width\" content=\"375\" \/>\n\t<meta property=\"og:image:height\" content=\"282\" \/>\n\t<meta property=\"og:image:type\" content=\"image\/jpeg\" \/>\n<meta name=\"twitter:card\" content=\"summary_large_image\" \/>\n<meta name=\"twitter:label1\" content=\"Est. reading time\" \/>\n\t<meta name=\"twitter:data1\" content=\"1 minute\" \/>\n<script type=\"application\/ld+json\" class=\"yoast-schema-graph\">{\"@context\":\"https:\/\/schema.org\",\"@graph\":[{\"@type\":\"WebPage\",\"@id\":\"https:\/\/htiscientific.vn\/san-pham\/may-nhan-gen-pcr-allinonecycler\/\",\"url\":\"https:\/\/htiscientific.vn\/san-pham\/may-nhan-gen-pcr-allinonecycler\/\",\"name\":\"M\u00e1y nh\u00e2n gen PCR AllInOneCycler\u2122 - HTI Scientific\",\"isPartOf\":{\"@id\":\"https:\/\/htiscientific.vn\/#website\"},\"primaryImageOfPage\":{\"@id\":\"https:\/\/htiscientific.vn\/san-pham\/may-nhan-gen-pcr-allinonecycler\/#primaryimage\"},\"image\":{\"@id\":\"https:\/\/htiscientific.vn\/san-pham\/may-nhan-gen-pcr-allinonecycler\/#primaryimage\"},\"thumbnailUrl\":\"https:\/\/htiscientific.vn\/wp-content\/uploads\/2025\/03\/may-nhan-gen-pcr-allinonecycler-3.jpg\",\"datePublished\":\"2025-03-31T04:57:06+00:00\",\"dateModified\":\"2025-05-19T06:49:11+00:00\",\"description\":\"M\u00e1y nh\u00e2n gen PCR AllInOneCycler\u2122 96 gi\u1ebfng s\u1eed d\u1ee5ng c\u00f4ng ngh\u1ec7 ki\u1ec3m so\u00e1t nhi\u1ec7t \u0111\u1ed9 v\u00e0 block nhi\u1ec7t \u0111\u1ed9c \u0111\u00e1o \u0111\u1ec3 t\u0103ng t\u1ed1c \u0111\u1ed9 t\u1ed1i \u0111a l\u00ean 6,5 \u00b0 C \/ gi\u00e2y.\",\"breadcrumb\":{\"@id\":\"https:\/\/htiscientific.vn\/san-pham\/may-nhan-gen-pcr-allinonecycler\/#breadcrumb\"},\"inLanguage\":\"en-US\",\"potentialAction\":[{\"@type\":\"ReadAction\",\"target\":[\"https:\/\/htiscientific.vn\/san-pham\/may-nhan-gen-pcr-allinonecycler\/\"]}]},{\"@type\":\"ImageObject\",\"inLanguage\":\"en-US\",\"@id\":\"https:\/\/htiscientific.vn\/san-pham\/may-nhan-gen-pcr-allinonecycler\/#primaryimage\",\"url\":\"https:\/\/htiscientific.vn\/wp-content\/uploads\/2025\/03\/may-nhan-gen-pcr-allinonecycler-3.jpg\",\"contentUrl\":\"https:\/\/htiscientific.vn\/wp-content\/uploads\/2025\/03\/may-nhan-gen-pcr-allinonecycler-3.jpg\",\"width\":375,\"height\":282,\"caption\":\"M\u00e1y nh\u00e2n gen PCR AllInOneCycler\u2122-3\"},{\"@type\":\"BreadcrumbList\",\"@id\":\"https:\/\/htiscientific.vn\/san-pham\/may-nhan-gen-pcr-allinonecycler\/#breadcrumb\",\"itemListElement\":[{\"@type\":\"ListItem\",\"position\":1,\"name\":\"Trang ch\u1ee7\",\"item\":\"https:\/\/htiscientific.vn\/\"},{\"@type\":\"ListItem\",\"position\":2,\"name\":\"C\u1eeda h\u00e0ng\",\"item\":\"https:\/\/htiscientific.vn\/cua-hang\/\"},{\"@type\":\"ListItem\",\"position\":3,\"name\":\"C\u00f4ng ngh\u1ec7 sinh h\u1ecdc \/ Y d\u01b0\u1ee3c\",\"item\":\"https:\/\/htiscientific.vn\/danh-muc-san-pham\/cong-nghe-sinh-hoc-y-duoc\/\"},{\"@type\":\"ListItem\",\"position\":4,\"name\":\"M\u00e1y nh\u00e2n gen PCR AllInOneCycler\u2122\"}]},{\"@type\":\"WebSite\",\"@id\":\"https:\/\/htiscientific.vn\/#website\",\"url\":\"https:\/\/htiscientific.vn\/\",\"name\":\"HTI Scientific\",\"description\":\"HTI Scientific\",\"publisher\":{\"@id\":\"https:\/\/htiscientific.vn\/#organization\"},\"potentialAction\":[{\"@type\":\"SearchAction\",\"target\":{\"@type\":\"EntryPoint\",\"urlTemplate\":\"https:\/\/htiscientific.vn\/?s={search_term_string}\"},\"query-input\":{\"@type\":\"PropertyValueSpecification\",\"valueRequired\":true,\"valueName\":\"search_term_string\"}}],\"inLanguage\":\"en-US\"},{\"@type\":\"Organization\",\"@id\":\"https:\/\/htiscientific.vn\/#organization\",\"name\":\"HTI Scientific\",\"alternateName\":\"HTI Scientific\",\"url\":\"https:\/\/htiscientific.vn\/\",\"logo\":{\"@type\":\"ImageObject\",\"inLanguage\":\"en-US\",\"@id\":\"https:\/\/htiscientific.vn\/#\/schema\/logo\/image\/\",\"url\":\"https:\/\/htiscientific.vn\/wp-content\/uploads\/2025\/03\/ava-hti-copy.jpg\",\"contentUrl\":\"https:\/\/htiscientific.vn\/wp-content\/uploads\/2025\/03\/ava-hti-copy.jpg\",\"width\":700,\"height\":450,\"caption\":\"HTI Scientific\"},\"image\":{\"@id\":\"https:\/\/htiscientific.vn\/#\/schema\/logo\/image\/\"},\"sameAs\":[\"https:\/\/www.facebook.com\/htiscientific.vn\"]}]}<\/script>\n<!-- \/ Yoast SEO plugin. -->","yoast_head_json":{"title":"M\u00e1y nh\u00e2n gen PCR AllInOneCycler\u2122 - HTI Scientific","description":"M\u00e1y nh\u00e2n gen PCR AllInOneCycler\u2122 96 gi\u1ebfng s\u1eed d\u1ee5ng c\u00f4ng ngh\u1ec7 ki\u1ec3m so\u00e1t nhi\u1ec7t \u0111\u1ed9 v\u00e0 block nhi\u1ec7t \u0111\u1ed9c \u0111\u00e1o \u0111\u1ec3 t\u0103ng t\u1ed1c \u0111\u1ed9 t\u1ed1i \u0111a l\u00ean 6,5 \u00b0 C \/ gi\u00e2y.","robots":{"index":"index","follow":"follow","max-snippet":"max-snippet:-1","max-image-preview":"max-image-preview:large","max-video-preview":"max-video-preview:-1"},"canonical":"https:\/\/htiscientific.vn\/en\/product\/may-nhan-gen-pcr-allinonecycler\/","og_locale":"en_US","og_type":"article","og_title":"M\u00e1y nh\u00e2n gen PCR AllInOneCycler\u2122 - HTI Scientific","og_description":"M\u00e1y nh\u00e2n gen PCR AllInOneCycler\u2122 96 gi\u1ebfng s\u1eed d\u1ee5ng c\u00f4ng ngh\u1ec7 ki\u1ec3m so\u00e1t nhi\u1ec7t \u0111\u1ed9 v\u00e0 block nhi\u1ec7t \u0111\u1ed9c \u0111\u00e1o \u0111\u1ec3 t\u0103ng t\u1ed1c \u0111\u1ed9 t\u1ed1i \u0111a l\u00ean 6,5 \u00b0 C \/ gi\u00e2y.","og_url":"https:\/\/htiscientific.vn\/en\/product\/may-nhan-gen-pcr-allinonecycler\/","og_site_name":"HTI Scientific","article_publisher":"https:\/\/www.facebook.com\/htiscientific.vn","article_modified_time":"2025-05-19T06:49:11+00:00","og_image":[{"width":375,"height":282,"url":"https:\/\/htiscientific.vn\/wp-content\/uploads\/2025\/03\/may-nhan-gen-pcr-allinonecycler-3.jpg","type":"image\/jpeg"}],"twitter_card":"summary_large_image","twitter_misc":{"Est. reading time":"1 minute"},"schema":{"@context":"https:\/\/schema.org","@graph":[{"@type":"WebPage","@id":"https:\/\/htiscientific.vn\/san-pham\/may-nhan-gen-pcr-allinonecycler\/","url":"https:\/\/htiscientific.vn\/san-pham\/may-nhan-gen-pcr-allinonecycler\/","name":"M\u00e1y nh\u00e2n gen PCR AllInOneCycler\u2122 - HTI Scientific","isPartOf":{"@id":"https:\/\/htiscientific.vn\/#website"},"primaryImageOfPage":{"@id":"https:\/\/htiscientific.vn\/san-pham\/may-nhan-gen-pcr-allinonecycler\/#primaryimage"},"image":{"@id":"https:\/\/htiscientific.vn\/san-pham\/may-nhan-gen-pcr-allinonecycler\/#primaryimage"},"thumbnailUrl":"https:\/\/htiscientific.vn\/wp-content\/uploads\/2025\/03\/may-nhan-gen-pcr-allinonecycler-3.jpg","datePublished":"2025-03-31T04:57:06+00:00","dateModified":"2025-05-19T06:49:11+00:00","description":"M\u00e1y nh\u00e2n gen PCR AllInOneCycler\u2122 96 gi\u1ebfng s\u1eed d\u1ee5ng c\u00f4ng ngh\u1ec7 ki\u1ec3m so\u00e1t nhi\u1ec7t \u0111\u1ed9 v\u00e0 block nhi\u1ec7t \u0111\u1ed9c \u0111\u00e1o \u0111\u1ec3 t\u0103ng t\u1ed1c \u0111\u1ed9 t\u1ed1i \u0111a l\u00ean 6,5 \u00b0 C \/ gi\u00e2y.","breadcrumb":{"@id":"https:\/\/htiscientific.vn\/san-pham\/may-nhan-gen-pcr-allinonecycler\/#breadcrumb"},"inLanguage":"en-US","potentialAction":[{"@type":"ReadAction","target":["https:\/\/htiscientific.vn\/san-pham\/may-nhan-gen-pcr-allinonecycler\/"]}]},{"@type":"ImageObject","inLanguage":"en-US","@id":"https:\/\/htiscientific.vn\/san-pham\/may-nhan-gen-pcr-allinonecycler\/#primaryimage","url":"https:\/\/htiscientific.vn\/wp-content\/uploads\/2025\/03\/may-nhan-gen-pcr-allinonecycler-3.jpg","contentUrl":"https:\/\/htiscientific.vn\/wp-content\/uploads\/2025\/03\/may-nhan-gen-pcr-allinonecycler-3.jpg","width":375,"height":282,"caption":"M\u00e1y nh\u00e2n gen PCR AllInOneCycler\u2122-3"},{"@type":"BreadcrumbList","@id":"https:\/\/htiscientific.vn\/san-pham\/may-nhan-gen-pcr-allinonecycler\/#breadcrumb","itemListElement":[{"@type":"ListItem","position":1,"name":"Trang ch\u1ee7","item":"https:\/\/htiscientific.vn\/"},{"@type":"ListItem","position":2,"name":"C\u1eeda h\u00e0ng","item":"https:\/\/htiscientific.vn\/cua-hang\/"},{"@type":"ListItem","position":3,"name":"C\u00f4ng ngh\u1ec7 sinh h\u1ecdc \/ Y d\u01b0\u1ee3c","item":"https:\/\/htiscientific.vn\/danh-muc-san-pham\/cong-nghe-sinh-hoc-y-duoc\/"},{"@type":"ListItem","position":4,"name":"M\u00e1y nh\u00e2n gen PCR AllInOneCycler\u2122"}]},{"@type":"WebSite","@id":"https:\/\/htiscientific.vn\/#website","url":"https:\/\/htiscientific.vn\/","name":"HTI Scientific","description":"HTI Scientific","publisher":{"@id":"https:\/\/htiscientific.vn\/#organization"},"potentialAction":[{"@type":"SearchAction","target":{"@type":"EntryPoint","urlTemplate":"https:\/\/htiscientific.vn\/?s={search_term_string}"},"query-input":{"@type":"PropertyValueSpecification","valueRequired":true,"valueName":"search_term_string"}}],"inLanguage":"en-US"},{"@type":"Organization","@id":"https:\/\/htiscientific.vn\/#organization","name":"HTI Scientific","alternateName":"HTI Scientific","url":"https:\/\/htiscientific.vn\/","logo":{"@type":"ImageObject","inLanguage":"en-US","@id":"https:\/\/htiscientific.vn\/#\/schema\/logo\/image\/","url":"https:\/\/htiscientific.vn\/wp-content\/uploads\/2025\/03\/ava-hti-copy.jpg","contentUrl":"https:\/\/htiscientific.vn\/wp-content\/uploads\/2025\/03\/ava-hti-copy.jpg","width":700,"height":450,"caption":"HTI Scientific"},"image":{"@id":"https:\/\/htiscientific.vn\/#\/schema\/logo\/image\/"},"sameAs":["https:\/\/www.facebook.com\/htiscientific.vn"]}]}},"_links":{"self":[{"href":"https:\/\/htiscientific.vn\/en\/wp-json\/wp\/v2\/product\/1034","targetHints":{"allow":["GET"]}}],"collection":[{"href":"https:\/\/htiscientific.vn\/en\/wp-json\/wp\/v2\/product"}],"about":[{"href":"https:\/\/htiscientific.vn\/en\/wp-json\/wp\/v2\/types\/product"}],"wp:featuredmedia":[{"embeddable":true,"href":"https:\/\/htiscientific.vn\/en\/wp-json\/wp\/v2\/media\/1037"}],"wp:attachment":[{"href":"https:\/\/htiscientific.vn\/en\/wp-json\/wp\/v2\/media?parent=1034"}],"wp:term":[{"taxonomy":"product_brand","embeddable":true,"href":"https:\/\/htiscientific.vn\/en\/wp-json\/wp\/v2\/product_brand?post=1034"},{"taxonomy":"product_cat","embeddable":true,"href":"https:\/\/htiscientific.vn\/en\/wp-json\/wp\/v2\/product_cat?post=1034"},{"taxonomy":"product_tag","embeddable":true,"href":"https:\/\/htiscientific.vn\/en\/wp-json\/wp\/v2\/product_tag?post=1034"}],"curies":[{"name":"wp","href":"https:\/\/api.w.org\/{rel}","templated":true}]}}