{"id":1032,"date":"2025-03-31T11:37:55","date_gmt":"2025-03-31T04:37:55","guid":{"rendered":"https:\/\/htiscientific.vn\/?post_type=product&#038;p=1032"},"modified":"2025-05-19T13:49:12","modified_gmt":"2025-05-19T06:49:12","slug":"may-tach-chiet-acid-nucleic-tu-dong-exiprep-96-lite","status":"publish","type":"product","link":"https:\/\/htiscientific.vn\/en\/product\/may-tach-chiet-acid-nucleic-tu-dong-exiprep-96-lite\/","title":{"rendered":"M\u00e1y t\u00e1ch chi\u1ebft Acid nucleic t\u1ef1 \u0111\u1ed9ng ExiPrep 96 Lite"},"content":{"rendered":"<p><strong>TH\u00d4NG TIN S\u1ea2N PH\u1ea8M<\/strong><\/p>\n<ul>\n<li>H\u00e3ng s\u1ea3n xu\u1ea5t: <a href=\"https:\/\/www.bioneer.com\/\" target=\"_blank\" rel=\"noopener\">Bioneer<\/a><\/li>\n<li>Xu\u1ea5t x\u1ee9: H\u00e0n Qu\u1ed1c<\/li>\n<\/ul>\n<p><strong>TH\u00d4NG S\u1ed0 K\u1ef8 THU\u1eacT<\/strong><\/p>\n<ul>\n<li>Block gia nhi\u1ec7t: 30-90\u2103<\/li>\n<li>Block ki\u1ec3m so\u00e1t nhi\u1ec7t \u0111\u1ed9: 4-90\u2103<\/li>\n<li>Nhi\u1ec7t \u0111\u1ed9 ho\u1ea1t \u0111\u1ed9ng: 15-35\u2103<\/li>\n<li>\u0110\u1ed9 \u1ea9m ho\u1ea1t \u0111\u1ed9ng: 20-80%, kh\u00f4ng ng\u01b0ng t\u1ee5<\/li>\n<li>H\u1ec7 \u0111i\u1ec1u h\u00e0nh: T\u00edch h\u1ee3p<\/li>\n<li>Giao ti\u1ebfp: TCP\/IP<\/li>\n<li>Giao di\u1ec7n ng\u01b0\u1eddi d\u00f9ng: M\u00e0n h\u00ecnh 7 inch C\u1ea3m \u1ee9ng<\/li>\n<li>L\u01b0u tr\u1eef d\u1eef li\u1ec7u: USB 2.0 (x2)<\/li>\n<\/ul>","protected":false},"excerpt":{"rendered":"<p>M\u00e1y t\u00e1ch chi\u1ebft Acid nucleic t\u1ef1 \u0111\u1ed9ng ExiPrep\u2122 96 Lite l\u00e0 m\u1ed9t thi\u1ebft b\u1ecb t\u1ef1 \u0111\u1ed9ng chi\u1ebft xu\u1ea5t axit nucleic b\u1eb1ng thanh t\u1eeb t\u00ednh t\u1ed1i \u0111a 96 m\u1eabu. C\u00f3 th\u1ec3 chi\u1ebft xu\u1ea5t axit nucleic trong v\u00f2ng ch\u01b0a \u0111\u1ea7y 30 ph\u00fat v\u1edbi 1 thi\u1ebft b\u1ecb nh\u1ecf g\u1ecdn (r\u1ed9ng 40 x cao 58 cm)<\/p>","protected":false},"featured_media":1033,"template":"","meta":{"inline_featured_image":false},"product_brand":[49],"product_cat":[77,78],"product_tag":[],"class_list":{"0":"post-1032","1":"product","2":"type-product","3":"status-publish","4":"has-post-thumbnail","6":"product_brand-bioneer","7":"product_cat-cong-nghe-sinh-hoc-y-duoc","8":"product_cat-he-thong-tach-chiet-dna","10":"first","11":"instock","12":"featured","13":"shipping-taxable","14":"product-type-simple"},"yoast_head":"<!-- This site is optimized with the Yoast SEO plugin v24.7 - https:\/\/yoast.com\/wordpress\/plugins\/seo\/ -->\n<title>M\u00e1y t\u00e1ch chi\u1ebft Acid nucleic t\u1ef1 \u0111\u1ed9ng ExiPrep 96 Lite - HTI Scientific<\/title>\n<meta name=\"description\" content=\"M\u00e1y t\u00e1ch chi\u1ebft Acid nucleic t\u1ef1 \u0111\u1ed9ng ExiPrep\u2122 96 Lite l\u00e0 m\u1ed9t thi\u1ebft b\u1ecb t\u1ef1 \u0111\u1ed9ng chi\u1ebft xu\u1ea5t axit nucleic b\u1eb1ng thanh t\u1eeb t\u00ednh t\u1ed1i \u0111a 96 m\u1eabu.\" \/>\n<meta name=\"robots\" content=\"index, follow, max-snippet:-1, max-image-preview:large, max-video-preview:-1\" \/>\n<link rel=\"canonical\" href=\"https:\/\/htiscientific.vn\/en\/product\/may-tach-chiet-acid-nucleic-tu-dong-exiprep-96-lite\/\" \/>\n<meta property=\"og:locale\" content=\"en_US\" \/>\n<meta property=\"og:type\" content=\"article\" \/>\n<meta property=\"og:title\" content=\"M\u00e1y t\u00e1ch chi\u1ebft Acid nucleic t\u1ef1 \u0111\u1ed9ng ExiPrep 96 Lite - HTI Scientific\" \/>\n<meta property=\"og:description\" content=\"M\u00e1y t\u00e1ch chi\u1ebft Acid nucleic t\u1ef1 \u0111\u1ed9ng ExiPrep\u2122 96 Lite l\u00e0 m\u1ed9t thi\u1ebft b\u1ecb t\u1ef1 \u0111\u1ed9ng chi\u1ebft xu\u1ea5t axit nucleic b\u1eb1ng thanh t\u1eeb t\u00ednh t\u1ed1i \u0111a 96 m\u1eabu.\" \/>\n<meta property=\"og:url\" content=\"https:\/\/htiscientific.vn\/en\/product\/may-tach-chiet-acid-nucleic-tu-dong-exiprep-96-lite\/\" \/>\n<meta property=\"og:site_name\" content=\"HTI Scientific\" \/>\n<meta property=\"article:publisher\" content=\"https:\/\/www.facebook.com\/htiscientific.vn\" \/>\n<meta property=\"article:modified_time\" content=\"2025-05-19T06:49:12+00:00\" \/>\n<meta property=\"og:image\" content=\"https:\/\/htiscientific.vn\/wp-content\/uploads\/2025\/03\/may-tach-chiet-acid-nucleic-tu-dong-exiprep-96-lite.jpg\" \/>\n\t<meta property=\"og:image:width\" content=\"888\" \/>\n\t<meta property=\"og:image:height\" content=\"1200\" \/>\n\t<meta property=\"og:image:type\" content=\"image\/jpeg\" \/>\n<meta name=\"twitter:card\" content=\"summary_large_image\" \/>\n<meta name=\"twitter:label1\" content=\"Est. reading time\" \/>\n\t<meta name=\"twitter:data1\" content=\"1 minute\" \/>\n<script type=\"application\/ld+json\" class=\"yoast-schema-graph\">{\"@context\":\"https:\/\/schema.org\",\"@graph\":[{\"@type\":\"WebPage\",\"@id\":\"https:\/\/htiscientific.vn\/san-pham\/may-tach-chiet-acid-nucleic-tu-dong-exiprep-96-lite\/\",\"url\":\"https:\/\/htiscientific.vn\/san-pham\/may-tach-chiet-acid-nucleic-tu-dong-exiprep-96-lite\/\",\"name\":\"M\u00e1y t\u00e1ch chi\u1ebft Acid nucleic t\u1ef1 \u0111\u1ed9ng ExiPrep 96 Lite - HTI Scientific\",\"isPartOf\":{\"@id\":\"https:\/\/htiscientific.vn\/#website\"},\"primaryImageOfPage\":{\"@id\":\"https:\/\/htiscientific.vn\/san-pham\/may-tach-chiet-acid-nucleic-tu-dong-exiprep-96-lite\/#primaryimage\"},\"image\":{\"@id\":\"https:\/\/htiscientific.vn\/san-pham\/may-tach-chiet-acid-nucleic-tu-dong-exiprep-96-lite\/#primaryimage\"},\"thumbnailUrl\":\"https:\/\/htiscientific.vn\/wp-content\/uploads\/2025\/03\/may-tach-chiet-acid-nucleic-tu-dong-exiprep-96-lite.jpg\",\"datePublished\":\"2025-03-31T04:37:55+00:00\",\"dateModified\":\"2025-05-19T06:49:12+00:00\",\"description\":\"M\u00e1y t\u00e1ch chi\u1ebft Acid nucleic t\u1ef1 \u0111\u1ed9ng ExiPrep\u2122 96 Lite l\u00e0 m\u1ed9t thi\u1ebft b\u1ecb t\u1ef1 \u0111\u1ed9ng chi\u1ebft xu\u1ea5t axit nucleic b\u1eb1ng thanh t\u1eeb t\u00ednh t\u1ed1i \u0111a 96 m\u1eabu.\",\"breadcrumb\":{\"@id\":\"https:\/\/htiscientific.vn\/san-pham\/may-tach-chiet-acid-nucleic-tu-dong-exiprep-96-lite\/#breadcrumb\"},\"inLanguage\":\"en-US\",\"potentialAction\":[{\"@type\":\"ReadAction\",\"target\":[\"https:\/\/htiscientific.vn\/san-pham\/may-tach-chiet-acid-nucleic-tu-dong-exiprep-96-lite\/\"]}]},{\"@type\":\"ImageObject\",\"inLanguage\":\"en-US\",\"@id\":\"https:\/\/htiscientific.vn\/san-pham\/may-tach-chiet-acid-nucleic-tu-dong-exiprep-96-lite\/#primaryimage\",\"url\":\"https:\/\/htiscientific.vn\/wp-content\/uploads\/2025\/03\/may-tach-chiet-acid-nucleic-tu-dong-exiprep-96-lite.jpg\",\"contentUrl\":\"https:\/\/htiscientific.vn\/wp-content\/uploads\/2025\/03\/may-tach-chiet-acid-nucleic-tu-dong-exiprep-96-lite.jpg\",\"width\":888,\"height\":1200,\"caption\":\"M\u00e1y t\u00e1ch chi\u1ebft acid nucleic t\u1ef1 \u0111\u1ed9ng ExiPrep 96 Lite\"},{\"@type\":\"BreadcrumbList\",\"@id\":\"https:\/\/htiscientific.vn\/san-pham\/may-tach-chiet-acid-nucleic-tu-dong-exiprep-96-lite\/#breadcrumb\",\"itemListElement\":[{\"@type\":\"ListItem\",\"position\":1,\"name\":\"Trang ch\u1ee7\",\"item\":\"https:\/\/htiscientific.vn\/\"},{\"@type\":\"ListItem\",\"position\":2,\"name\":\"C\u1eeda h\u00e0ng\",\"item\":\"https:\/\/htiscientific.vn\/cua-hang\/\"},{\"@type\":\"ListItem\",\"position\":3,\"name\":\"C\u00f4ng ngh\u1ec7 sinh h\u1ecdc \/ Y d\u01b0\u1ee3c\",\"item\":\"https:\/\/htiscientific.vn\/danh-muc-san-pham\/cong-nghe-sinh-hoc-y-duoc\/\"},{\"@type\":\"ListItem\",\"position\":4,\"name\":\"M\u00e1y t\u00e1ch chi\u1ebft Acid nucleic t\u1ef1 \u0111\u1ed9ng ExiPrep 96 Lite\"}]},{\"@type\":\"WebSite\",\"@id\":\"https:\/\/htiscientific.vn\/#website\",\"url\":\"https:\/\/htiscientific.vn\/\",\"name\":\"HTI Scientific\",\"description\":\"HTI Scientific\",\"publisher\":{\"@id\":\"https:\/\/htiscientific.vn\/#organization\"},\"potentialAction\":[{\"@type\":\"SearchAction\",\"target\":{\"@type\":\"EntryPoint\",\"urlTemplate\":\"https:\/\/htiscientific.vn\/?s={search_term_string}\"},\"query-input\":{\"@type\":\"PropertyValueSpecification\",\"valueRequired\":true,\"valueName\":\"search_term_string\"}}],\"inLanguage\":\"en-US\"},{\"@type\":\"Organization\",\"@id\":\"https:\/\/htiscientific.vn\/#organization\",\"name\":\"HTI Scientific\",\"alternateName\":\"HTI Scientific\",\"url\":\"https:\/\/htiscientific.vn\/\",\"logo\":{\"@type\":\"ImageObject\",\"inLanguage\":\"en-US\",\"@id\":\"https:\/\/htiscientific.vn\/#\/schema\/logo\/image\/\",\"url\":\"https:\/\/htiscientific.vn\/wp-content\/uploads\/2025\/03\/ava-hti-copy.jpg\",\"contentUrl\":\"https:\/\/htiscientific.vn\/wp-content\/uploads\/2025\/03\/ava-hti-copy.jpg\",\"width\":700,\"height\":450,\"caption\":\"HTI Scientific\"},\"image\":{\"@id\":\"https:\/\/htiscientific.vn\/#\/schema\/logo\/image\/\"},\"sameAs\":[\"https:\/\/www.facebook.com\/htiscientific.vn\"]}]}<\/script>\n<!-- \/ Yoast SEO plugin. -->","yoast_head_json":{"title":"M\u00e1y t\u00e1ch chi\u1ebft Acid nucleic t\u1ef1 \u0111\u1ed9ng ExiPrep 96 Lite - HTI Scientific","description":"M\u00e1y t\u00e1ch chi\u1ebft Acid nucleic t\u1ef1 \u0111\u1ed9ng ExiPrep\u2122 96 Lite l\u00e0 m\u1ed9t thi\u1ebft b\u1ecb t\u1ef1 \u0111\u1ed9ng chi\u1ebft xu\u1ea5t axit nucleic b\u1eb1ng thanh t\u1eeb t\u00ednh t\u1ed1i \u0111a 96 m\u1eabu.","robots":{"index":"index","follow":"follow","max-snippet":"max-snippet:-1","max-image-preview":"max-image-preview:large","max-video-preview":"max-video-preview:-1"},"canonical":"https:\/\/htiscientific.vn\/en\/product\/may-tach-chiet-acid-nucleic-tu-dong-exiprep-96-lite\/","og_locale":"en_US","og_type":"article","og_title":"M\u00e1y t\u00e1ch chi\u1ebft Acid nucleic t\u1ef1 \u0111\u1ed9ng ExiPrep 96 Lite - HTI Scientific","og_description":"M\u00e1y t\u00e1ch chi\u1ebft Acid nucleic t\u1ef1 \u0111\u1ed9ng ExiPrep\u2122 96 Lite l\u00e0 m\u1ed9t thi\u1ebft b\u1ecb t\u1ef1 \u0111\u1ed9ng chi\u1ebft xu\u1ea5t axit nucleic b\u1eb1ng thanh t\u1eeb t\u00ednh t\u1ed1i \u0111a 96 m\u1eabu.","og_url":"https:\/\/htiscientific.vn\/en\/product\/may-tach-chiet-acid-nucleic-tu-dong-exiprep-96-lite\/","og_site_name":"HTI Scientific","article_publisher":"https:\/\/www.facebook.com\/htiscientific.vn","article_modified_time":"2025-05-19T06:49:12+00:00","og_image":[{"width":888,"height":1200,"url":"https:\/\/htiscientific.vn\/wp-content\/uploads\/2025\/03\/may-tach-chiet-acid-nucleic-tu-dong-exiprep-96-lite.jpg","type":"image\/jpeg"}],"twitter_card":"summary_large_image","twitter_misc":{"Est. reading time":"1 minute"},"schema":{"@context":"https:\/\/schema.org","@graph":[{"@type":"WebPage","@id":"https:\/\/htiscientific.vn\/san-pham\/may-tach-chiet-acid-nucleic-tu-dong-exiprep-96-lite\/","url":"https:\/\/htiscientific.vn\/san-pham\/may-tach-chiet-acid-nucleic-tu-dong-exiprep-96-lite\/","name":"M\u00e1y t\u00e1ch chi\u1ebft Acid nucleic t\u1ef1 \u0111\u1ed9ng ExiPrep 96 Lite - HTI Scientific","isPartOf":{"@id":"https:\/\/htiscientific.vn\/#website"},"primaryImageOfPage":{"@id":"https:\/\/htiscientific.vn\/san-pham\/may-tach-chiet-acid-nucleic-tu-dong-exiprep-96-lite\/#primaryimage"},"image":{"@id":"https:\/\/htiscientific.vn\/san-pham\/may-tach-chiet-acid-nucleic-tu-dong-exiprep-96-lite\/#primaryimage"},"thumbnailUrl":"https:\/\/htiscientific.vn\/wp-content\/uploads\/2025\/03\/may-tach-chiet-acid-nucleic-tu-dong-exiprep-96-lite.jpg","datePublished":"2025-03-31T04:37:55+00:00","dateModified":"2025-05-19T06:49:12+00:00","description":"M\u00e1y t\u00e1ch chi\u1ebft Acid nucleic t\u1ef1 \u0111\u1ed9ng ExiPrep\u2122 96 Lite l\u00e0 m\u1ed9t thi\u1ebft b\u1ecb t\u1ef1 \u0111\u1ed9ng chi\u1ebft xu\u1ea5t axit nucleic b\u1eb1ng thanh t\u1eeb t\u00ednh t\u1ed1i \u0111a 96 m\u1eabu.","breadcrumb":{"@id":"https:\/\/htiscientific.vn\/san-pham\/may-tach-chiet-acid-nucleic-tu-dong-exiprep-96-lite\/#breadcrumb"},"inLanguage":"en-US","potentialAction":[{"@type":"ReadAction","target":["https:\/\/htiscientific.vn\/san-pham\/may-tach-chiet-acid-nucleic-tu-dong-exiprep-96-lite\/"]}]},{"@type":"ImageObject","inLanguage":"en-US","@id":"https:\/\/htiscientific.vn\/san-pham\/may-tach-chiet-acid-nucleic-tu-dong-exiprep-96-lite\/#primaryimage","url":"https:\/\/htiscientific.vn\/wp-content\/uploads\/2025\/03\/may-tach-chiet-acid-nucleic-tu-dong-exiprep-96-lite.jpg","contentUrl":"https:\/\/htiscientific.vn\/wp-content\/uploads\/2025\/03\/may-tach-chiet-acid-nucleic-tu-dong-exiprep-96-lite.jpg","width":888,"height":1200,"caption":"M\u00e1y t\u00e1ch chi\u1ebft acid nucleic t\u1ef1 \u0111\u1ed9ng ExiPrep 96 Lite"},{"@type":"BreadcrumbList","@id":"https:\/\/htiscientific.vn\/san-pham\/may-tach-chiet-acid-nucleic-tu-dong-exiprep-96-lite\/#breadcrumb","itemListElement":[{"@type":"ListItem","position":1,"name":"Trang ch\u1ee7","item":"https:\/\/htiscientific.vn\/"},{"@type":"ListItem","position":2,"name":"C\u1eeda h\u00e0ng","item":"https:\/\/htiscientific.vn\/cua-hang\/"},{"@type":"ListItem","position":3,"name":"C\u00f4ng ngh\u1ec7 sinh h\u1ecdc \/ Y d\u01b0\u1ee3c","item":"https:\/\/htiscientific.vn\/danh-muc-san-pham\/cong-nghe-sinh-hoc-y-duoc\/"},{"@type":"ListItem","position":4,"name":"M\u00e1y t\u00e1ch chi\u1ebft Acid nucleic t\u1ef1 \u0111\u1ed9ng ExiPrep 96 Lite"}]},{"@type":"WebSite","@id":"https:\/\/htiscientific.vn\/#website","url":"https:\/\/htiscientific.vn\/","name":"HTI Scientific","description":"HTI Scientific","publisher":{"@id":"https:\/\/htiscientific.vn\/#organization"},"potentialAction":[{"@type":"SearchAction","target":{"@type":"EntryPoint","urlTemplate":"https:\/\/htiscientific.vn\/?s={search_term_string}"},"query-input":{"@type":"PropertyValueSpecification","valueRequired":true,"valueName":"search_term_string"}}],"inLanguage":"en-US"},{"@type":"Organization","@id":"https:\/\/htiscientific.vn\/#organization","name":"HTI Scientific","alternateName":"HTI Scientific","url":"https:\/\/htiscientific.vn\/","logo":{"@type":"ImageObject","inLanguage":"en-US","@id":"https:\/\/htiscientific.vn\/#\/schema\/logo\/image\/","url":"https:\/\/htiscientific.vn\/wp-content\/uploads\/2025\/03\/ava-hti-copy.jpg","contentUrl":"https:\/\/htiscientific.vn\/wp-content\/uploads\/2025\/03\/ava-hti-copy.jpg","width":700,"height":450,"caption":"HTI Scientific"},"image":{"@id":"https:\/\/htiscientific.vn\/#\/schema\/logo\/image\/"},"sameAs":["https:\/\/www.facebook.com\/htiscientific.vn"]}]}},"_links":{"self":[{"href":"https:\/\/htiscientific.vn\/en\/wp-json\/wp\/v2\/product\/1032","targetHints":{"allow":["GET"]}}],"collection":[{"href":"https:\/\/htiscientific.vn\/en\/wp-json\/wp\/v2\/product"}],"about":[{"href":"https:\/\/htiscientific.vn\/en\/wp-json\/wp\/v2\/types\/product"}],"wp:featuredmedia":[{"embeddable":true,"href":"https:\/\/htiscientific.vn\/en\/wp-json\/wp\/v2\/media\/1033"}],"wp:attachment":[{"href":"https:\/\/htiscientific.vn\/en\/wp-json\/wp\/v2\/media?parent=1032"}],"wp:term":[{"taxonomy":"product_brand","embeddable":true,"href":"https:\/\/htiscientific.vn\/en\/wp-json\/wp\/v2\/product_brand?post=1032"},{"taxonomy":"product_cat","embeddable":true,"href":"https:\/\/htiscientific.vn\/en\/wp-json\/wp\/v2\/product_cat?post=1032"},{"taxonomy":"product_tag","embeddable":true,"href":"https:\/\/htiscientific.vn\/en\/wp-json\/wp\/v2\/product_tag?post=1032"}],"curies":[{"name":"wp","href":"https:\/\/api.w.org\/{rel}","templated":true}]}}