{"id":1031,"date":"2025-03-31T11:19:01","date_gmt":"2025-03-31T04:19:01","guid":{"rendered":"https:\/\/htiscientific.vn\/?post_type=product&#038;p=1031"},"modified":"2025-05-15T14:20:06","modified_gmt":"2025-05-15T07:20:06","slug":"he-thong-dinh-danh-vi-sinh-vat-odin-l","status":"publish","type":"product","link":"https:\/\/htiscientific.vn\/en\/product\/he-thong-dinh-danh-vi-sinh-vat-odin-l\/","title":{"rendered":"H\u1ec7 th\u1ed1ng \u0111\u1ecbnh danh vi sinh v\u1eadt Odin L"},"content":{"rendered":"<p><span style=\"color: #333333;\"><strong>TH\u00d4NG TIN S\u1ea2N PH\u1ea8M<\/strong><\/span><\/p>\n<ul>\n<li><span style=\"color: #333333;\">H\u00e3ng s\u1ea3n xu\u1ea5t: <a href=\"https:\/\/www.biolog.com\/\" target=\"_blank\" rel=\"noopener\">Biolog<\/a><\/span><\/li>\n<li><span style=\"color: #333333;\">Xu\u1ea5t x\u1ee9: M\u1ef9<\/span><\/li>\n<\/ul>\n<p><span style=\"color: #333333;\"><strong>TH\u00d4NG S\u1ed0 K\u1ef8 THU\u1eacT<\/strong><\/span><\/p>\n<ul>\n<li><span style=\"color: #333333;\">\u0110\u1ecbnh danh vi sinh v\u1eadt: C\u00f3<\/span><\/li>\n<li><span style=\"color: #333333;\">\u0110\u1eb7c \u0111i\u1ec3m ki\u1ec3u h\u00ecnh: C\u00f3<\/span><\/li>\n<li><span style=\"color: #333333;\">Ki\u1ec3m so\u00e1t nhi\u1ec7t \u0111\u1ed9: 22-45\u00b0C<\/span><\/li>\n<li><span style=\"color: #333333;\">S\u1ee9c ch\u1ee9a t\u1ed1i \u0111a c\u1ee7a \u0111\u0129a: 50<\/span><\/li>\n<li><span style=\"color: #333333;\">Ph\u00e1t hi\u1ec7n: M\u1eadt \u0111\u1ed9 quang h\u1ecdc \u1edf hai b\u01b0\u1edbc s\u00f3ng: 490nm ho\u1eb7c 590nm, 740nm<\/span><\/li>\n<li><span style=\"color: #333333;\">Kho\u1ea3ng th\u1eddi gian \u0111\u1ecdc: 2 \u2013 20 ph\u00fat<\/span><\/li>\n<li><span style=\"color: #333333;\">Ph\u00e2n t\u00edch ph\u1ea7n m\u1ec1m: Odin<\/span><\/li>\n<li><span style=\"color: #333333;\">Tu\u00e2n th\u1ee7 21 CFR Ph\u1ea7n 11: C\u00f3<\/span><\/li>\n<\/ul>","protected":false},"excerpt":{"rendered":"<p>Thi\u1ebft b\u1ecb Odin\u2122 l\u00e0 gi\u1ea3i ph\u00e1p t\u1ea5t c\u1ea3 trong m\u1ed9t cho \u0111\u1eb7c t\u00ednh chuy\u1ec3n h\u00f3a t\u1ebf b\u00e0o, \u0111\u1ed9ng h\u1ecdc t\u0103ng tr\u01b0\u1edfng v\u00e0 nh\u1eadn d\u1ea1ng. Ph\u00e2n t\u00edch ki\u1ec3u h\u00ecnh vi khu\u1ea9n c\u1ee7a b\u1ea1n m\u1ed9t c\u00e1ch hi\u1ec7u qu\u1ea3 b\u1eb1ng c\u00e1ch s\u00e0ng l\u1ecdc h\u00e0ng tr\u0103m ho\u1eb7c th\u1eadm ch\u00ed h\u00e0ng ngh\u00ecn ch\u1ea5t n\u1ec1n v\u00e0 \u0111i\u1ec1u ki\u1ec7n t\u0103ng tr\u01b0\u1edfng kh\u00e1c nhau trong m\u00f4i tr\u01b0\u1eddng \u0111\u01b0\u1ee3c ki\u1ec3m so\u00e1t. T\u1ea3i t\u1ed1i \u0111a 50 \u0111\u0129a tr\u00ean Odin L ho\u1eb7c t\u1ed1i \u0111a 8 \u0111\u0129a tr\u00ean Odin VIII v\u00e0 di \u0111\u1ed9ng \u2013 Odin s\u1ebd t\u1eadn t\u00e2m \u0111o c\u00e1c \u0111\u0129a \u1edf \u0111\u00fang nhi\u1ec7t \u0111\u1ed9 v\u00e0 \u0111\u00fang th\u1eddi \u0111i\u1ec3m.<\/p>","protected":false},"featured_media":1030,"template":"","meta":{"inline_featured_image":false},"product_brand":[50],"product_cat":[77,82],"product_tag":[],"class_list":{"0":"post-1031","1":"product","2":"type-product","3":"status-publish","4":"has-post-thumbnail","6":"product_brand-biolog","7":"product_cat-cong-nghe-sinh-hoc-y-duoc","8":"product_cat-he-thong-dinh-danh-vi-sinh-vat","10":"first","11":"instock","12":"featured","13":"shipping-taxable","14":"product-type-simple"},"yoast_head":"<!-- This site is optimized with the Yoast SEO plugin v24.7 - https:\/\/yoast.com\/wordpress\/plugins\/seo\/ -->\n<title>H\u1ec7 th\u1ed1ng \u0111\u1ecbnh danh vi sinh v\u1eadt Odin L - HTI Scientific<\/title>\n<meta name=\"description\" content=\"Thi\u1ebft b\u1ecb Odin\u2122 l\u00e0 gi\u1ea3i ph\u00e1p t\u1ea5t c\u1ea3 trong m\u1ed9t cho \u0111\u1eb7c t\u00ednh chuy\u1ec3n h\u00f3a t\u1ebf b\u00e0o, \u0111\u1ed9ng h\u1ecdc t\u0103ng tr\u01b0\u1edfng v\u00e0 nh\u1eadn d\u1ea1ng. Ph\u00e2n t\u00edch ki\u1ec3u h\u00ecnh vi khu\u1ea9n c\u1ee7a b\u1ea1n\" \/>\n<meta name=\"robots\" content=\"index, follow, max-snippet:-1, max-image-preview:large, max-video-preview:-1\" \/>\n<link rel=\"canonical\" href=\"https:\/\/htiscientific.vn\/en\/product\/he-thong-dinh-danh-vi-sinh-vat-odin-l\/\" \/>\n<meta property=\"og:locale\" content=\"en_US\" \/>\n<meta property=\"og:type\" content=\"article\" \/>\n<meta property=\"og:title\" content=\"H\u1ec7 th\u1ed1ng \u0111\u1ecbnh danh vi sinh v\u1eadt Odin L - HTI Scientific\" \/>\n<meta property=\"og:description\" content=\"Thi\u1ebft b\u1ecb Odin\u2122 l\u00e0 gi\u1ea3i ph\u00e1p t\u1ea5t c\u1ea3 trong m\u1ed9t cho \u0111\u1eb7c t\u00ednh chuy\u1ec3n h\u00f3a t\u1ebf b\u00e0o, \u0111\u1ed9ng h\u1ecdc t\u0103ng tr\u01b0\u1edfng v\u00e0 nh\u1eadn d\u1ea1ng. Ph\u00e2n t\u00edch ki\u1ec3u h\u00ecnh vi khu\u1ea9n c\u1ee7a b\u1ea1n\" \/>\n<meta property=\"og:url\" content=\"https:\/\/htiscientific.vn\/en\/product\/he-thong-dinh-danh-vi-sinh-vat-odin-l\/\" \/>\n<meta property=\"og:site_name\" content=\"HTI Scientific\" \/>\n<meta property=\"article:publisher\" content=\"https:\/\/www.facebook.com\/htiscientific.vn\" \/>\n<meta property=\"article:modified_time\" content=\"2025-05-15T07:20:06+00:00\" \/>\n<meta property=\"og:image\" content=\"https:\/\/htiscientific.vn\/wp-content\/uploads\/2025\/03\/he-thong-dinh-danh-vi-sinh-vat-odin-viii.jpg\" \/>\n\t<meta property=\"og:image:width\" content=\"768\" \/>\n\t<meta property=\"og:image:height\" content=\"614\" \/>\n\t<meta property=\"og:image:type\" content=\"image\/jpeg\" \/>\n<meta name=\"twitter:card\" content=\"summary_large_image\" \/>\n<meta name=\"twitter:label1\" content=\"Est. reading time\" \/>\n\t<meta name=\"twitter:data1\" content=\"1 minute\" \/>\n<script type=\"application\/ld+json\" class=\"yoast-schema-graph\">{\"@context\":\"https:\/\/schema.org\",\"@graph\":[{\"@type\":\"WebPage\",\"@id\":\"https:\/\/htiscientific.vn\/san-pham\/he-thong-dinh-danh-vi-sinh-vat-odin-l\/\",\"url\":\"https:\/\/htiscientific.vn\/san-pham\/he-thong-dinh-danh-vi-sinh-vat-odin-l\/\",\"name\":\"H\u1ec7 th\u1ed1ng \u0111\u1ecbnh danh vi sinh v\u1eadt Odin L - HTI Scientific\",\"isPartOf\":{\"@id\":\"https:\/\/htiscientific.vn\/#website\"},\"primaryImageOfPage\":{\"@id\":\"https:\/\/htiscientific.vn\/san-pham\/he-thong-dinh-danh-vi-sinh-vat-odin-l\/#primaryimage\"},\"image\":{\"@id\":\"https:\/\/htiscientific.vn\/san-pham\/he-thong-dinh-danh-vi-sinh-vat-odin-l\/#primaryimage\"},\"thumbnailUrl\":\"https:\/\/htiscientific.vn\/wp-content\/uploads\/2025\/03\/he-thong-dinh-danh-vi-sinh-vat-odin-viii.jpg\",\"datePublished\":\"2025-03-31T04:19:01+00:00\",\"dateModified\":\"2025-05-15T07:20:06+00:00\",\"description\":\"Thi\u1ebft b\u1ecb Odin\u2122 l\u00e0 gi\u1ea3i ph\u00e1p t\u1ea5t c\u1ea3 trong m\u1ed9t cho \u0111\u1eb7c t\u00ednh chuy\u1ec3n h\u00f3a t\u1ebf b\u00e0o, \u0111\u1ed9ng h\u1ecdc t\u0103ng tr\u01b0\u1edfng v\u00e0 nh\u1eadn d\u1ea1ng. Ph\u00e2n t\u00edch ki\u1ec3u h\u00ecnh vi khu\u1ea9n c\u1ee7a b\u1ea1n\",\"breadcrumb\":{\"@id\":\"https:\/\/htiscientific.vn\/san-pham\/he-thong-dinh-danh-vi-sinh-vat-odin-l\/#breadcrumb\"},\"inLanguage\":\"en-US\",\"potentialAction\":[{\"@type\":\"ReadAction\",\"target\":[\"https:\/\/htiscientific.vn\/san-pham\/he-thong-dinh-danh-vi-sinh-vat-odin-l\/\"]}]},{\"@type\":\"ImageObject\",\"inLanguage\":\"en-US\",\"@id\":\"https:\/\/htiscientific.vn\/san-pham\/he-thong-dinh-danh-vi-sinh-vat-odin-l\/#primaryimage\",\"url\":\"https:\/\/htiscientific.vn\/wp-content\/uploads\/2025\/03\/he-thong-dinh-danh-vi-sinh-vat-odin-viii.jpg\",\"contentUrl\":\"https:\/\/htiscientific.vn\/wp-content\/uploads\/2025\/03\/he-thong-dinh-danh-vi-sinh-vat-odin-viii.jpg\",\"width\":768,\"height\":614,\"caption\":\"H\u1ec7 th\u1ed1ng \u0111\u1ecbnh danh vi sinh v\u1eadt Odin\"},{\"@type\":\"BreadcrumbList\",\"@id\":\"https:\/\/htiscientific.vn\/san-pham\/he-thong-dinh-danh-vi-sinh-vat-odin-l\/#breadcrumb\",\"itemListElement\":[{\"@type\":\"ListItem\",\"position\":1,\"name\":\"Trang ch\u1ee7\",\"item\":\"https:\/\/htiscientific.vn\/\"},{\"@type\":\"ListItem\",\"position\":2,\"name\":\"C\u1eeda h\u00e0ng\",\"item\":\"https:\/\/htiscientific.vn\/cua-hang\/\"},{\"@type\":\"ListItem\",\"position\":3,\"name\":\"C\u00f4ng ngh\u1ec7 sinh h\u1ecdc \/ Y d\u01b0\u1ee3c\",\"item\":\"https:\/\/htiscientific.vn\/danh-muc-san-pham\/cong-nghe-sinh-hoc-y-duoc\/\"},{\"@type\":\"ListItem\",\"position\":4,\"name\":\"H\u1ec7 th\u1ed1ng \u0111\u1ecbnh danh vi sinh v\u1eadt\",\"item\":\"https:\/\/htiscientific.vn\/danh-muc-san-pham\/cong-nghe-sinh-hoc-y-duoc\/he-thong-dinh-danh-vi-sinh-vat\/\"},{\"@type\":\"ListItem\",\"position\":5,\"name\":\"H\u1ec7 th\u1ed1ng \u0111\u1ecbnh danh vi sinh v\u1eadt Odin L\"}]},{\"@type\":\"WebSite\",\"@id\":\"https:\/\/htiscientific.vn\/#website\",\"url\":\"https:\/\/htiscientific.vn\/\",\"name\":\"HTI Scientific\",\"description\":\"HTI Scientific\",\"publisher\":{\"@id\":\"https:\/\/htiscientific.vn\/#organization\"},\"potentialAction\":[{\"@type\":\"SearchAction\",\"target\":{\"@type\":\"EntryPoint\",\"urlTemplate\":\"https:\/\/htiscientific.vn\/?s={search_term_string}\"},\"query-input\":{\"@type\":\"PropertyValueSpecification\",\"valueRequired\":true,\"valueName\":\"search_term_string\"}}],\"inLanguage\":\"en-US\"},{\"@type\":\"Organization\",\"@id\":\"https:\/\/htiscientific.vn\/#organization\",\"name\":\"HTI Scientific\",\"alternateName\":\"HTI Scientific\",\"url\":\"https:\/\/htiscientific.vn\/\",\"logo\":{\"@type\":\"ImageObject\",\"inLanguage\":\"en-US\",\"@id\":\"https:\/\/htiscientific.vn\/#\/schema\/logo\/image\/\",\"url\":\"https:\/\/htiscientific.vn\/wp-content\/uploads\/2025\/03\/ava-hti-copy.jpg\",\"contentUrl\":\"https:\/\/htiscientific.vn\/wp-content\/uploads\/2025\/03\/ava-hti-copy.jpg\",\"width\":700,\"height\":450,\"caption\":\"HTI Scientific\"},\"image\":{\"@id\":\"https:\/\/htiscientific.vn\/#\/schema\/logo\/image\/\"},\"sameAs\":[\"https:\/\/www.facebook.com\/htiscientific.vn\"]}]}<\/script>\n<!-- \/ Yoast SEO plugin. -->","yoast_head_json":{"title":"H\u1ec7 th\u1ed1ng \u0111\u1ecbnh danh vi sinh v\u1eadt Odin L - HTI Scientific","description":"Thi\u1ebft b\u1ecb Odin\u2122 l\u00e0 gi\u1ea3i ph\u00e1p t\u1ea5t c\u1ea3 trong m\u1ed9t cho \u0111\u1eb7c t\u00ednh chuy\u1ec3n h\u00f3a t\u1ebf b\u00e0o, \u0111\u1ed9ng h\u1ecdc t\u0103ng tr\u01b0\u1edfng v\u00e0 nh\u1eadn d\u1ea1ng. Ph\u00e2n t\u00edch ki\u1ec3u h\u00ecnh vi khu\u1ea9n c\u1ee7a b\u1ea1n","robots":{"index":"index","follow":"follow","max-snippet":"max-snippet:-1","max-image-preview":"max-image-preview:large","max-video-preview":"max-video-preview:-1"},"canonical":"https:\/\/htiscientific.vn\/en\/product\/he-thong-dinh-danh-vi-sinh-vat-odin-l\/","og_locale":"en_US","og_type":"article","og_title":"H\u1ec7 th\u1ed1ng \u0111\u1ecbnh danh vi sinh v\u1eadt Odin L - HTI Scientific","og_description":"Thi\u1ebft b\u1ecb Odin\u2122 l\u00e0 gi\u1ea3i ph\u00e1p t\u1ea5t c\u1ea3 trong m\u1ed9t cho \u0111\u1eb7c t\u00ednh chuy\u1ec3n h\u00f3a t\u1ebf b\u00e0o, \u0111\u1ed9ng h\u1ecdc t\u0103ng tr\u01b0\u1edfng v\u00e0 nh\u1eadn d\u1ea1ng. Ph\u00e2n t\u00edch ki\u1ec3u h\u00ecnh vi khu\u1ea9n c\u1ee7a b\u1ea1n","og_url":"https:\/\/htiscientific.vn\/en\/product\/he-thong-dinh-danh-vi-sinh-vat-odin-l\/","og_site_name":"HTI Scientific","article_publisher":"https:\/\/www.facebook.com\/htiscientific.vn","article_modified_time":"2025-05-15T07:20:06+00:00","og_image":[{"width":768,"height":614,"url":"https:\/\/htiscientific.vn\/wp-content\/uploads\/2025\/03\/he-thong-dinh-danh-vi-sinh-vat-odin-viii.jpg","type":"image\/jpeg"}],"twitter_card":"summary_large_image","twitter_misc":{"Est. reading time":"1 minute"},"schema":{"@context":"https:\/\/schema.org","@graph":[{"@type":"WebPage","@id":"https:\/\/htiscientific.vn\/san-pham\/he-thong-dinh-danh-vi-sinh-vat-odin-l\/","url":"https:\/\/htiscientific.vn\/san-pham\/he-thong-dinh-danh-vi-sinh-vat-odin-l\/","name":"H\u1ec7 th\u1ed1ng \u0111\u1ecbnh danh vi sinh v\u1eadt Odin L - HTI Scientific","isPartOf":{"@id":"https:\/\/htiscientific.vn\/#website"},"primaryImageOfPage":{"@id":"https:\/\/htiscientific.vn\/san-pham\/he-thong-dinh-danh-vi-sinh-vat-odin-l\/#primaryimage"},"image":{"@id":"https:\/\/htiscientific.vn\/san-pham\/he-thong-dinh-danh-vi-sinh-vat-odin-l\/#primaryimage"},"thumbnailUrl":"https:\/\/htiscientific.vn\/wp-content\/uploads\/2025\/03\/he-thong-dinh-danh-vi-sinh-vat-odin-viii.jpg","datePublished":"2025-03-31T04:19:01+00:00","dateModified":"2025-05-15T07:20:06+00:00","description":"Thi\u1ebft b\u1ecb Odin\u2122 l\u00e0 gi\u1ea3i ph\u00e1p t\u1ea5t c\u1ea3 trong m\u1ed9t cho \u0111\u1eb7c t\u00ednh chuy\u1ec3n h\u00f3a t\u1ebf b\u00e0o, \u0111\u1ed9ng h\u1ecdc t\u0103ng tr\u01b0\u1edfng v\u00e0 nh\u1eadn d\u1ea1ng. Ph\u00e2n t\u00edch ki\u1ec3u h\u00ecnh vi khu\u1ea9n c\u1ee7a b\u1ea1n","breadcrumb":{"@id":"https:\/\/htiscientific.vn\/san-pham\/he-thong-dinh-danh-vi-sinh-vat-odin-l\/#breadcrumb"},"inLanguage":"en-US","potentialAction":[{"@type":"ReadAction","target":["https:\/\/htiscientific.vn\/san-pham\/he-thong-dinh-danh-vi-sinh-vat-odin-l\/"]}]},{"@type":"ImageObject","inLanguage":"en-US","@id":"https:\/\/htiscientific.vn\/san-pham\/he-thong-dinh-danh-vi-sinh-vat-odin-l\/#primaryimage","url":"https:\/\/htiscientific.vn\/wp-content\/uploads\/2025\/03\/he-thong-dinh-danh-vi-sinh-vat-odin-viii.jpg","contentUrl":"https:\/\/htiscientific.vn\/wp-content\/uploads\/2025\/03\/he-thong-dinh-danh-vi-sinh-vat-odin-viii.jpg","width":768,"height":614,"caption":"H\u1ec7 th\u1ed1ng \u0111\u1ecbnh danh vi sinh v\u1eadt Odin"},{"@type":"BreadcrumbList","@id":"https:\/\/htiscientific.vn\/san-pham\/he-thong-dinh-danh-vi-sinh-vat-odin-l\/#breadcrumb","itemListElement":[{"@type":"ListItem","position":1,"name":"Trang ch\u1ee7","item":"https:\/\/htiscientific.vn\/"},{"@type":"ListItem","position":2,"name":"C\u1eeda h\u00e0ng","item":"https:\/\/htiscientific.vn\/cua-hang\/"},{"@type":"ListItem","position":3,"name":"C\u00f4ng ngh\u1ec7 sinh h\u1ecdc \/ Y d\u01b0\u1ee3c","item":"https:\/\/htiscientific.vn\/danh-muc-san-pham\/cong-nghe-sinh-hoc-y-duoc\/"},{"@type":"ListItem","position":4,"name":"H\u1ec7 th\u1ed1ng \u0111\u1ecbnh danh vi sinh v\u1eadt","item":"https:\/\/htiscientific.vn\/danh-muc-san-pham\/cong-nghe-sinh-hoc-y-duoc\/he-thong-dinh-danh-vi-sinh-vat\/"},{"@type":"ListItem","position":5,"name":"H\u1ec7 th\u1ed1ng \u0111\u1ecbnh danh vi sinh v\u1eadt Odin L"}]},{"@type":"WebSite","@id":"https:\/\/htiscientific.vn\/#website","url":"https:\/\/htiscientific.vn\/","name":"HTI Scientific","description":"HTI Scientific","publisher":{"@id":"https:\/\/htiscientific.vn\/#organization"},"potentialAction":[{"@type":"SearchAction","target":{"@type":"EntryPoint","urlTemplate":"https:\/\/htiscientific.vn\/?s={search_term_string}"},"query-input":{"@type":"PropertyValueSpecification","valueRequired":true,"valueName":"search_term_string"}}],"inLanguage":"en-US"},{"@type":"Organization","@id":"https:\/\/htiscientific.vn\/#organization","name":"HTI Scientific","alternateName":"HTI Scientific","url":"https:\/\/htiscientific.vn\/","logo":{"@type":"ImageObject","inLanguage":"en-US","@id":"https:\/\/htiscientific.vn\/#\/schema\/logo\/image\/","url":"https:\/\/htiscientific.vn\/wp-content\/uploads\/2025\/03\/ava-hti-copy.jpg","contentUrl":"https:\/\/htiscientific.vn\/wp-content\/uploads\/2025\/03\/ava-hti-copy.jpg","width":700,"height":450,"caption":"HTI Scientific"},"image":{"@id":"https:\/\/htiscientific.vn\/#\/schema\/logo\/image\/"},"sameAs":["https:\/\/www.facebook.com\/htiscientific.vn"]}]}},"_links":{"self":[{"href":"https:\/\/htiscientific.vn\/en\/wp-json\/wp\/v2\/product\/1031","targetHints":{"allow":["GET"]}}],"collection":[{"href":"https:\/\/htiscientific.vn\/en\/wp-json\/wp\/v2\/product"}],"about":[{"href":"https:\/\/htiscientific.vn\/en\/wp-json\/wp\/v2\/types\/product"}],"wp:featuredmedia":[{"embeddable":true,"href":"https:\/\/htiscientific.vn\/en\/wp-json\/wp\/v2\/media\/1030"}],"wp:attachment":[{"href":"https:\/\/htiscientific.vn\/en\/wp-json\/wp\/v2\/media?parent=1031"}],"wp:term":[{"taxonomy":"product_brand","embeddable":true,"href":"https:\/\/htiscientific.vn\/en\/wp-json\/wp\/v2\/product_brand?post=1031"},{"taxonomy":"product_cat","embeddable":true,"href":"https:\/\/htiscientific.vn\/en\/wp-json\/wp\/v2\/product_cat?post=1031"},{"taxonomy":"product_tag","embeddable":true,"href":"https:\/\/htiscientific.vn\/en\/wp-json\/wp\/v2\/product_tag?post=1031"}],"curies":[{"name":"wp","href":"https:\/\/api.w.org\/{rel}","templated":true}]}}