{"id":1022,"date":"2025-03-31T10:09:00","date_gmt":"2025-03-31T03:09:00","guid":{"rendered":"https:\/\/htiscientific.vn\/?post_type=product&#038;p=1022"},"modified":"2025-05-19T13:50:57","modified_gmt":"2025-05-19T06:50:57","slug":"may-cat-mau-kanta-100s","status":"publish","type":"product","link":"https:\/\/htiscientific.vn\/en\/product\/may-cat-mau-kanta-100s\/","title":{"rendered":"M\u00e1y c\u1eaft m\u1eabu KANTA-100S"},"content":{"rendered":"<p><span style=\"color: #333333;\">K\u00fd hi\u1ec7u m\u00e3 s\u1ea3n ph\u1ea9m: Kanta-100S<\/span><\/p>\n<p><span style=\"color: #333333;\">H\u00e3ng s\u1ea3n xu\u1ea5t: MTDI<\/span><\/p>\n<p><span style=\"color: #333333;\">Xu\u1ea5t s\u1ee9: H\u00e0n Qu\u1ed1c<\/span><\/p>\n<p><span style=\"color: #333333;\"><strong>Th\u00f4ng s\u1ed1 k\u1ef9 thu\u1eadt:<\/strong><\/span><\/p>\n<ul>\n<li><span style=\"color: #333333;\">D\u1ea1ng m\u00e1y: M\u00e1y c\u1eaft b\u00e1n t\u1ef1 \u0111\u1ed9ng (lo\u1ea1i tay quay)<\/span><\/li>\n<li><span style=\"color: #333333;\">K\u00edch th\u01b0\u1edbc (mm): 900R x 950D x 14900C<\/span><\/li>\n<li><span style=\"color: #333333;\">Ngu\u1ed3n \u0111i\u1ec7n: AC 220V, 3 pha, 60Hz, 2.7kW<\/span><\/li>\n<li><span style=\"color: #333333;\">\u0110\u1ed9ng c\u01a1: \u0110\u1ed9ng c\u01a1 ch\u1ed1ng n\u01b0\u1edbc SIEMENS 2.2kW (3HP)<\/span><\/li>\n<li><span style=\"color: #333333;\">K\u00edch th\u01b0\u1edbc l\u01b0\u1ee1i c\u1eaft: 10&#8243;, 12&#8243; (Tr\u1ee5c 32mm)<\/span><\/li>\n<li><span style=\"color: #333333;\">T\u1ed1c \u0111\u1ed9 v\u00f2ng quay: 500 \u0111\u1ebfn 3.500 v\u00f2ng\/ph\u00fat (RPM)<\/span><\/li>\n<li><span style=\"color: #333333;\">Kh\u1ea3 n\u0103ng c\u1eaft:<\/span><\/li>\n<li><span style=\"color: #333333;\">V\u1eadt li\u1ec7u d\u1ea1ng t\u1ea5m: 80mmD x 60mmH<\/span><\/li>\n<li><span style=\"color: #333333;\">V\u1eadt li\u1ec7u d\u1ea1ng thanh: 80mm (12&#8243;)<\/span><\/li>\n<li><span style=\"color: #333333;\">B\u1ed9 \u0111i\u1ec1u khi\u1ec3n:<\/span><\/li>\n<li><span style=\"color: #333333;\">M\u00e0n h\u00ecnh c\u1ea3m \u1ee9ng TFT LCD 5.6&#8243;<\/span><\/li>\n<li><span style=\"color: #333333;\">Kh\u1edfi \u0111\u1ed9ng, d\u1eebng, b\u1eadt\/t\u1eaft b\u01a1m, d\u1eebng kh\u1ea9n c\u1ea5p<\/span><\/li>\n<li><span style=\"color: #333333;\">Hi\u1ec3n th\u1ecb t\u1ea3i c\u1eaft cho m\u1eabu<\/span><\/li>\n<li><span style=\"color: #333333;\">C\u00f3 th\u1ec3 \u0111\u1eb7t t\u1ed1c \u0111\u1ed9 v\u00f2ng quay k\u1ef9 thu\u1eadt s\u1ed1<\/span><\/li>\n<li><span style=\"color: #333333;\">L\u01b0u v\u00e0 nh\u1eadp gi\u00e1 tr\u1ecb thi\u1ebft l\u1eadp c\u1eaft (t\u1ed1i \u0111a n\u0103m b\u1ed9)<\/span><\/li>\n<li><span style=\"color: #333333;\">T\u1ef1 \u0111\u1ed9ng l\u01b0u c\u00e1c gi\u00e1 tr\u1ecb thi\u1ebft l\u1eadp<\/span><\/li>\n<li><span style=\"color: #333333;\">Ch\u1ebf \u0111\u1ed9 ng\u1ee7 (ti\u1ebft ki\u1ec7m n\u0103ng l\u01b0\u1ee3ng)<\/span><\/li>\n<li><span style=\"color: #333333;\">H\u1ec7 th\u1ed1ng l\u00e0m m\u00e1t:<\/span><\/li>\n<li><span style=\"color: #333333;\">\u1ee8ng d\u1ee5ng b\u1ed9 l\u1ecdc hai giai \u0111o\u1ea1n, b\u01a1m \u0111\u1ed9c l\u1eadp<\/span><\/li>\n<li><span style=\"color: #333333;\">Dung t\u00edch n\u01b0\u1edbc l\u00e0m m\u00e1t: B\u00ecnh ch\u1ee9a 50 l\u00edt c\u00f3 b\u00e1nh xe<\/span><\/li>\n<li><span style=\"color: #333333;\">T\u00ednh n\u0103ng:<\/span><\/li>\n<li><span style=\"color: #333333;\">C\u1ea5u tr\u00fac t\u00edch h\u1ee3p, d\u1ea1ng \u0111\u1ed9c l\u1eadp<\/span><\/li>\n<li><span style=\"color: #333333;\">C\u1eeda s\u1ed5 quan s\u00e1t r\u1ed9ng, \u0111\u00e8n LED h\u1ed7 tr\u1ee3 quan s\u00e1t b\u00ean trong<\/span><\/li>\n<li><span style=\"color: #333333;\">Trang b\u1ecb bi\u1ebfn t\u1ea7n (Inverter)<\/span><\/li>\n<li><span style=\"color: #333333;\">\u0110i\u1ec1u ch\u1ec9nh v\u00e0 d\u1eebng t\u1ed1c \u0111\u1ed9 quay l\u01b0\u1ee1i<\/span><\/li>\n<li><span style=\"color: #333333;\">Thi\u1ebft k\u1ebf l\u1eafp \u0111\u1eb7t b\u00ean ngo\u00e0i<\/span><\/li>\n<li><span style=\"color: #333333;\">H\u1ed7 tr\u1ee3 v\u1ec7 sinh b\u1eb1ng v\u00f2i phun l\u00e0m s\u1ea1ch b\u00ean ngo\u00e0i<\/span><\/li>\n<li><span style=\"color: #333333;\">Tay quay<\/span><\/li>\n<li><span style=\"color: #333333;\">\u0110i\u1ec1u ch\u1ec9nh \u0111\u1ed9 cao l\u01b0\u1ee1i c\u1eaft v\u00e0 v\u1ecb tr\u00ed c\u1eaft tr\u01b0\u1edbc khi di chuy\u1ec3n<\/span><\/li>\n<\/ul>","protected":false},"excerpt":{"rendered":"<p>M\u00e1y c\u1eaft m\u1eabu Kanta 100S\u00a0l\u00e0 &#8220;m\u00e1y c\u1eaft t\u1ed1c \u0111\u1ed9 cao b\u00e1n t\u1ef1 \u0111\u1ed9ng&#8221; c\u00f3 th\u1ec3 c\u1eaft m\u1eabu v\u1eadt qua tay c\u1ea7m ki\u1ec3u v\u00edt c\u00f3 tay c\u1ea7m xoay.<\/p>","protected":false},"featured_media":1023,"template":"","meta":{"inline_featured_image":false},"product_brand":[53],"product_cat":[89,87],"product_tag":[],"class_list":{"0":"post-1022","1":"product","2":"type-product","3":"status-publish","4":"has-post-thumbnail","6":"product_brand-mtdi","7":"product_cat-may-cat-mau","8":"product_cat-vat-lieu","10":"first","11":"instock","12":"featured","13":"shipping-taxable","14":"product-type-simple"},"yoast_head":"<!-- This site is optimized with the Yoast SEO plugin v24.7 - https:\/\/yoast.com\/wordpress\/plugins\/seo\/ -->\n<title>M\u00e1y c\u1eaft m\u1eabu KANTA-100S - HTI Scientific<\/title>\n<meta name=\"description\" content=\"M\u00e1y c\u1eaft m\u1eabu Kanta 100S\u00a0l\u00e0 &quot;m\u00e1y c\u1eaft t\u1ed1c \u0111\u1ed9 cao b\u00e1n t\u1ef1 \u0111\u1ed9ng&quot; c\u00f3 th\u1ec3 c\u1eaft m\u1eabu v\u1eadt qua tay c\u1ea7m ki\u1ec3u v\u00edt c\u00f3 tay c\u1ea7m xoay.\" \/>\n<meta name=\"robots\" content=\"index, follow, max-snippet:-1, max-image-preview:large, max-video-preview:-1\" \/>\n<link rel=\"canonical\" href=\"https:\/\/htiscientific.vn\/en\/product\/may-cat-mau-kanta-100s\/\" \/>\n<meta property=\"og:locale\" content=\"en_US\" \/>\n<meta property=\"og:type\" content=\"article\" \/>\n<meta property=\"og:title\" content=\"M\u00e1y c\u1eaft m\u1eabu KANTA-100S - HTI Scientific\" \/>\n<meta property=\"og:description\" content=\"M\u00e1y c\u1eaft m\u1eabu Kanta 100S\u00a0l\u00e0 &quot;m\u00e1y c\u1eaft t\u1ed1c \u0111\u1ed9 cao b\u00e1n t\u1ef1 \u0111\u1ed9ng&quot; c\u00f3 th\u1ec3 c\u1eaft m\u1eabu v\u1eadt qua tay c\u1ea7m ki\u1ec3u v\u00edt c\u00f3 tay c\u1ea7m xoay.\" \/>\n<meta property=\"og:url\" content=\"https:\/\/htiscientific.vn\/en\/product\/may-cat-mau-kanta-100s\/\" \/>\n<meta property=\"og:site_name\" content=\"HTI Scientific\" \/>\n<meta property=\"article:publisher\" content=\"https:\/\/www.facebook.com\/htiscientific.vn\" \/>\n<meta property=\"article:modified_time\" content=\"2025-05-19T06:50:57+00:00\" \/>\n<meta property=\"og:image\" content=\"https:\/\/htiscientific.vn\/wp-content\/uploads\/2025\/03\/may-cat-mau-kanta-100s.jpg\" \/>\n\t<meta property=\"og:image:width\" content=\"600\" \/>\n\t<meta property=\"og:image:height\" content=\"560\" \/>\n\t<meta property=\"og:image:type\" content=\"image\/jpeg\" \/>\n<meta name=\"twitter:card\" content=\"summary_large_image\" \/>\n<meta name=\"twitter:label1\" content=\"Est. reading time\" \/>\n\t<meta name=\"twitter:data1\" content=\"2 minutes\" \/>\n<script type=\"application\/ld+json\" class=\"yoast-schema-graph\">{\"@context\":\"https:\/\/schema.org\",\"@graph\":[{\"@type\":\"WebPage\",\"@id\":\"https:\/\/htiscientific.vn\/san-pham\/may-cat-mau-kanta-100s\/\",\"url\":\"https:\/\/htiscientific.vn\/san-pham\/may-cat-mau-kanta-100s\/\",\"name\":\"M\u00e1y c\u1eaft m\u1eabu KANTA-100S - HTI Scientific\",\"isPartOf\":{\"@id\":\"https:\/\/htiscientific.vn\/#website\"},\"primaryImageOfPage\":{\"@id\":\"https:\/\/htiscientific.vn\/san-pham\/may-cat-mau-kanta-100s\/#primaryimage\"},\"image\":{\"@id\":\"https:\/\/htiscientific.vn\/san-pham\/may-cat-mau-kanta-100s\/#primaryimage\"},\"thumbnailUrl\":\"https:\/\/htiscientific.vn\/wp-content\/uploads\/2025\/03\/may-cat-mau-kanta-100s.jpg\",\"datePublished\":\"2025-03-31T03:09:00+00:00\",\"dateModified\":\"2025-05-19T06:50:57+00:00\",\"description\":\"M\u00e1y c\u1eaft m\u1eabu Kanta 100S\u00a0l\u00e0 \\\"m\u00e1y c\u1eaft t\u1ed1c \u0111\u1ed9 cao b\u00e1n t\u1ef1 \u0111\u1ed9ng\\\" c\u00f3 th\u1ec3 c\u1eaft m\u1eabu v\u1eadt qua tay c\u1ea7m ki\u1ec3u v\u00edt c\u00f3 tay c\u1ea7m xoay.\",\"breadcrumb\":{\"@id\":\"https:\/\/htiscientific.vn\/san-pham\/may-cat-mau-kanta-100s\/#breadcrumb\"},\"inLanguage\":\"en-US\",\"potentialAction\":[{\"@type\":\"ReadAction\",\"target\":[\"https:\/\/htiscientific.vn\/san-pham\/may-cat-mau-kanta-100s\/\"]}]},{\"@type\":\"ImageObject\",\"inLanguage\":\"en-US\",\"@id\":\"https:\/\/htiscientific.vn\/san-pham\/may-cat-mau-kanta-100s\/#primaryimage\",\"url\":\"https:\/\/htiscientific.vn\/wp-content\/uploads\/2025\/03\/may-cat-mau-kanta-100s.jpg\",\"contentUrl\":\"https:\/\/htiscientific.vn\/wp-content\/uploads\/2025\/03\/may-cat-mau-kanta-100s.jpg\",\"width\":600,\"height\":560,\"caption\":\"M\u00e1y c\u1eaft m\u1eabu\"},{\"@type\":\"BreadcrumbList\",\"@id\":\"https:\/\/htiscientific.vn\/san-pham\/may-cat-mau-kanta-100s\/#breadcrumb\",\"itemListElement\":[{\"@type\":\"ListItem\",\"position\":1,\"name\":\"Trang ch\u1ee7\",\"item\":\"https:\/\/htiscientific.vn\/\"},{\"@type\":\"ListItem\",\"position\":2,\"name\":\"C\u1eeda h\u00e0ng\",\"item\":\"https:\/\/htiscientific.vn\/cua-hang\/\"},{\"@type\":\"ListItem\",\"position\":3,\"name\":\"V\u1eadt li\u1ec7u\",\"item\":\"https:\/\/htiscientific.vn\/danh-muc-san-pham\/vat-lieu\/\"},{\"@type\":\"ListItem\",\"position\":4,\"name\":\"M\u00e1y c\u1eaft m\u1eabu KANTA-100S\"}]},{\"@type\":\"WebSite\",\"@id\":\"https:\/\/htiscientific.vn\/#website\",\"url\":\"https:\/\/htiscientific.vn\/\",\"name\":\"HTI Scientific\",\"description\":\"HTI Scientific\",\"publisher\":{\"@id\":\"https:\/\/htiscientific.vn\/#organization\"},\"potentialAction\":[{\"@type\":\"SearchAction\",\"target\":{\"@type\":\"EntryPoint\",\"urlTemplate\":\"https:\/\/htiscientific.vn\/?s={search_term_string}\"},\"query-input\":{\"@type\":\"PropertyValueSpecification\",\"valueRequired\":true,\"valueName\":\"search_term_string\"}}],\"inLanguage\":\"en-US\"},{\"@type\":\"Organization\",\"@id\":\"https:\/\/htiscientific.vn\/#organization\",\"name\":\"HTI Scientific\",\"alternateName\":\"HTI Scientific\",\"url\":\"https:\/\/htiscientific.vn\/\",\"logo\":{\"@type\":\"ImageObject\",\"inLanguage\":\"en-US\",\"@id\":\"https:\/\/htiscientific.vn\/#\/schema\/logo\/image\/\",\"url\":\"https:\/\/htiscientific.vn\/wp-content\/uploads\/2025\/03\/ava-hti-copy.jpg\",\"contentUrl\":\"https:\/\/htiscientific.vn\/wp-content\/uploads\/2025\/03\/ava-hti-copy.jpg\",\"width\":700,\"height\":450,\"caption\":\"HTI Scientific\"},\"image\":{\"@id\":\"https:\/\/htiscientific.vn\/#\/schema\/logo\/image\/\"},\"sameAs\":[\"https:\/\/www.facebook.com\/htiscientific.vn\"]}]}<\/script>\n<!-- \/ Yoast SEO plugin. -->","yoast_head_json":{"title":"M\u00e1y c\u1eaft m\u1eabu KANTA-100S - HTI Scientific","description":"M\u00e1y c\u1eaft m\u1eabu Kanta 100S\u00a0l\u00e0 \"m\u00e1y c\u1eaft t\u1ed1c \u0111\u1ed9 cao b\u00e1n t\u1ef1 \u0111\u1ed9ng\" c\u00f3 th\u1ec3 c\u1eaft m\u1eabu v\u1eadt qua tay c\u1ea7m ki\u1ec3u v\u00edt c\u00f3 tay c\u1ea7m xoay.","robots":{"index":"index","follow":"follow","max-snippet":"max-snippet:-1","max-image-preview":"max-image-preview:large","max-video-preview":"max-video-preview:-1"},"canonical":"https:\/\/htiscientific.vn\/en\/product\/may-cat-mau-kanta-100s\/","og_locale":"en_US","og_type":"article","og_title":"M\u00e1y c\u1eaft m\u1eabu KANTA-100S - HTI Scientific","og_description":"M\u00e1y c\u1eaft m\u1eabu Kanta 100S\u00a0l\u00e0 \"m\u00e1y c\u1eaft t\u1ed1c \u0111\u1ed9 cao b\u00e1n t\u1ef1 \u0111\u1ed9ng\" c\u00f3 th\u1ec3 c\u1eaft m\u1eabu v\u1eadt qua tay c\u1ea7m ki\u1ec3u v\u00edt c\u00f3 tay c\u1ea7m xoay.","og_url":"https:\/\/htiscientific.vn\/en\/product\/may-cat-mau-kanta-100s\/","og_site_name":"HTI Scientific","article_publisher":"https:\/\/www.facebook.com\/htiscientific.vn","article_modified_time":"2025-05-19T06:50:57+00:00","og_image":[{"width":600,"height":560,"url":"https:\/\/htiscientific.vn\/wp-content\/uploads\/2025\/03\/may-cat-mau-kanta-100s.jpg","type":"image\/jpeg"}],"twitter_card":"summary_large_image","twitter_misc":{"Est. reading time":"2 minutes"},"schema":{"@context":"https:\/\/schema.org","@graph":[{"@type":"WebPage","@id":"https:\/\/htiscientific.vn\/san-pham\/may-cat-mau-kanta-100s\/","url":"https:\/\/htiscientific.vn\/san-pham\/may-cat-mau-kanta-100s\/","name":"M\u00e1y c\u1eaft m\u1eabu KANTA-100S - HTI Scientific","isPartOf":{"@id":"https:\/\/htiscientific.vn\/#website"},"primaryImageOfPage":{"@id":"https:\/\/htiscientific.vn\/san-pham\/may-cat-mau-kanta-100s\/#primaryimage"},"image":{"@id":"https:\/\/htiscientific.vn\/san-pham\/may-cat-mau-kanta-100s\/#primaryimage"},"thumbnailUrl":"https:\/\/htiscientific.vn\/wp-content\/uploads\/2025\/03\/may-cat-mau-kanta-100s.jpg","datePublished":"2025-03-31T03:09:00+00:00","dateModified":"2025-05-19T06:50:57+00:00","description":"M\u00e1y c\u1eaft m\u1eabu Kanta 100S\u00a0l\u00e0 \"m\u00e1y c\u1eaft t\u1ed1c \u0111\u1ed9 cao b\u00e1n t\u1ef1 \u0111\u1ed9ng\" c\u00f3 th\u1ec3 c\u1eaft m\u1eabu v\u1eadt qua tay c\u1ea7m ki\u1ec3u v\u00edt c\u00f3 tay c\u1ea7m xoay.","breadcrumb":{"@id":"https:\/\/htiscientific.vn\/san-pham\/may-cat-mau-kanta-100s\/#breadcrumb"},"inLanguage":"en-US","potentialAction":[{"@type":"ReadAction","target":["https:\/\/htiscientific.vn\/san-pham\/may-cat-mau-kanta-100s\/"]}]},{"@type":"ImageObject","inLanguage":"en-US","@id":"https:\/\/htiscientific.vn\/san-pham\/may-cat-mau-kanta-100s\/#primaryimage","url":"https:\/\/htiscientific.vn\/wp-content\/uploads\/2025\/03\/may-cat-mau-kanta-100s.jpg","contentUrl":"https:\/\/htiscientific.vn\/wp-content\/uploads\/2025\/03\/may-cat-mau-kanta-100s.jpg","width":600,"height":560,"caption":"M\u00e1y c\u1eaft m\u1eabu"},{"@type":"BreadcrumbList","@id":"https:\/\/htiscientific.vn\/san-pham\/may-cat-mau-kanta-100s\/#breadcrumb","itemListElement":[{"@type":"ListItem","position":1,"name":"Trang ch\u1ee7","item":"https:\/\/htiscientific.vn\/"},{"@type":"ListItem","position":2,"name":"C\u1eeda h\u00e0ng","item":"https:\/\/htiscientific.vn\/cua-hang\/"},{"@type":"ListItem","position":3,"name":"V\u1eadt li\u1ec7u","item":"https:\/\/htiscientific.vn\/danh-muc-san-pham\/vat-lieu\/"},{"@type":"ListItem","position":4,"name":"M\u00e1y c\u1eaft m\u1eabu KANTA-100S"}]},{"@type":"WebSite","@id":"https:\/\/htiscientific.vn\/#website","url":"https:\/\/htiscientific.vn\/","name":"HTI Scientific","description":"HTI Scientific","publisher":{"@id":"https:\/\/htiscientific.vn\/#organization"},"potentialAction":[{"@type":"SearchAction","target":{"@type":"EntryPoint","urlTemplate":"https:\/\/htiscientific.vn\/?s={search_term_string}"},"query-input":{"@type":"PropertyValueSpecification","valueRequired":true,"valueName":"search_term_string"}}],"inLanguage":"en-US"},{"@type":"Organization","@id":"https:\/\/htiscientific.vn\/#organization","name":"HTI Scientific","alternateName":"HTI Scientific","url":"https:\/\/htiscientific.vn\/","logo":{"@type":"ImageObject","inLanguage":"en-US","@id":"https:\/\/htiscientific.vn\/#\/schema\/logo\/image\/","url":"https:\/\/htiscientific.vn\/wp-content\/uploads\/2025\/03\/ava-hti-copy.jpg","contentUrl":"https:\/\/htiscientific.vn\/wp-content\/uploads\/2025\/03\/ava-hti-copy.jpg","width":700,"height":450,"caption":"HTI Scientific"},"image":{"@id":"https:\/\/htiscientific.vn\/#\/schema\/logo\/image\/"},"sameAs":["https:\/\/www.facebook.com\/htiscientific.vn"]}]}},"_links":{"self":[{"href":"https:\/\/htiscientific.vn\/en\/wp-json\/wp\/v2\/product\/1022","targetHints":{"allow":["GET"]}}],"collection":[{"href":"https:\/\/htiscientific.vn\/en\/wp-json\/wp\/v2\/product"}],"about":[{"href":"https:\/\/htiscientific.vn\/en\/wp-json\/wp\/v2\/types\/product"}],"wp:featuredmedia":[{"embeddable":true,"href":"https:\/\/htiscientific.vn\/en\/wp-json\/wp\/v2\/media\/1023"}],"wp:attachment":[{"href":"https:\/\/htiscientific.vn\/en\/wp-json\/wp\/v2\/media?parent=1022"}],"wp:term":[{"taxonomy":"product_brand","embeddable":true,"href":"https:\/\/htiscientific.vn\/en\/wp-json\/wp\/v2\/product_brand?post=1022"},{"taxonomy":"product_cat","embeddable":true,"href":"https:\/\/htiscientific.vn\/en\/wp-json\/wp\/v2\/product_cat?post=1022"},{"taxonomy":"product_tag","embeddable":true,"href":"https:\/\/htiscientific.vn\/en\/wp-json\/wp\/v2\/product_tag?post=1022"}],"curies":[{"name":"wp","href":"https:\/\/api.w.org\/{rel}","templated":true}]}}