{"id":1016,"date":"2025-03-31T09:53:44","date_gmt":"2025-03-31T02:53:44","guid":{"rendered":"https:\/\/htiscientific.vn\/?post_type=product&#038;p=1016"},"modified":"2025-05-19T13:51:17","modified_gmt":"2025-05-19T06:51:17","slug":"may-mai-va-danh-bong-fobos-300","status":"publish","type":"product","link":"https:\/\/htiscientific.vn\/en\/product\/may-mai-va-danh-bong-fobos-300\/","title":{"rendered":"M\u00e1y m\u00e0i v\u00e0 \u0111\u00e1nh b\u00f3ng FOBOS-300"},"content":{"rendered":"<p><span style=\"color: #333333;\">M\u00e3 s\u1ea3n ph\u1ea9m: Fobos-300 Series<\/span><\/p>\n<p><span style=\"color: #333333;\">H\u00e3ng s\u1ea3n xu\u1ea5t: MTDI<\/span><\/p>\n<p><span style=\"color: #333333;\">Xu\u1ea5t s\u1ee9: H\u00e0n Qu\u1ed1c<\/span><\/p>\n<p><span style=\"color: #333333;\"><strong>Th\u00f4ng s\u1ed1 k\u1ef9 thu\u1eadt:<\/strong><\/span><\/p>\n<ul>\n<li><span style=\"color: #333333;\">\u0110\u1ed9ng c\u01a1: C\u00f3 th\u1ec3 ch\u1ecdn t\u1eeb 3 \u0111\u1ebfn 6 m\u1eabu<\/span><\/li>\n<li><span style=\"color: #333333;\">K\u00edch th\u01b0\u1edbc gi\u1eef m\u1eabu: 25 ~ 38 \u00d8 (T\u00f9y ch\u1ecdn 40 ~ 50 \u00d8)<\/span><\/li>\n<li><span style=\"color: #333333;\">T\u1ea3i tr\u1ecdng: L\u1ef1c ri\u00eang l\u1ebb (0,34,5 kgf) \/ L\u1ef1c trung t\u00e2m (320 kgf)<\/span><\/li>\n<li><span style=\"color: #333333;\">T\u1ed1c \u0111\u1ed9 quay: 20~200 v\u00f2ng\/ph\u00fat (b\u01b0\u1edbc 10 v\u00f2ng\/ph\u00fat)<\/span><\/li>\n<li><span style=\"color: #333333;\">Th\u1eddi gian \u0111\u00e1nh b\u00f3ng: 0~99999 gi\u00e2y (b\u01b0\u1edbc 1 gi\u00e2y)<\/span><\/li>\n<li><span style=\"color: #333333;\">\u0110i\u1ec1u khi\u1ec3n:<\/span><\/li>\n<li><span style=\"color: #333333;\">M\u1ed7i k\u00eanh c\u00f3 th\u1ec3 s\u1eed d\u1ee5ng \u0111\u1ed9c l\u1eadp<\/span><\/li>\n<li><span style=\"color: #333333;\">Ph\u01b0\u01a1ng ph\u00e1p thay th\u1ebf gi\u00e1 \u0111\u1ee1 m\u1ed9t ch\u1ea1m<\/span><\/li>\n<li><span style=\"color: #333333;\">L\u1ef1a ch\u1ecdn l\u1ef1c ri\u00eang l\u1ebb ho\u1eb7c l\u1ef1c trung t\u00e2m (ch\u1ec9 \u00e1p d\u1ee5ng cho m\u1eabu F)<\/span><\/li>\n<li><span style=\"color: #333333;\">T\u1ea3i tr\u1ecdng s\u1eed d\u1ee5ng xi lanh kh\u00ed n\u00e9n<\/span><\/li>\n<li><span style=\"color: #333333;\">T\u00ednh n\u0103ng:<\/span><\/li>\n<li><span style=\"color: #333333;\">Ch\u1ee9c n\u0103ng ki\u1ec3m so\u00e1t t\u1ea3i b\u1eb1ng xi lanh kh\u00ed n\u00e9n v\u00e0 van \u0111i\u1ec1u khi\u1ec3n t\u1ef7 l\u1ec7<\/span><\/li>\n<li><span style=\"color: #333333;\">C\u00f3 th\u1ec3 thay \u0111\u1ed5i h\u01b0\u1edbng quay<\/span><\/li>\n<li><span style=\"color: #333333;\">C\u00e0i \u0111\u1eb7t th\u1eddi gian v\u00e0 t\u1ed1c \u0111\u1ed9 m\u00e0i theo t\u1eebng b\u01b0\u1edbc<\/span><\/li>\n<li><span style=\"color: #333333;\">\u0110\u1ea7u m\u00e0i t\u1ef1 \u0111\u1ed9ng d\u1ec5 d\u00e0ng di chuy\u1ec3n l\u00ean xu\u1ed1ng, l\u1eafp \u0111\u1eb7t m\u1eabu thu\u1eadn ti\u1ec7n<\/span><\/li>\n<li><span style=\"color: #333333;\">Ch\u1ee9c n\u0103ng kh\u1edfi \u0111\u1ed9ng ch\u1eadm \u0111\u1ec3 b\u1ea3o v\u1ec7 m\u1eabu m\u00e0i v\u00e0 thi\u1ebft b\u1ecb<\/span><\/li>\n<li><span style=\"color: #333333;\">L\u1eadp tr\u00ecnh th\u1eddi gian quay, t\u1ea3i tr\u1ecdng, t\u1ed1c \u0111\u1ed9 v\u00e0 h\u01b0\u1edbng quay<\/span><\/li>\n<\/ul>","protected":false},"excerpt":{"rendered":"<p>Thi\u1ebft b\u1ecb \u0111\u00e1nh b\u00f3ng t\u1ef1 \u0111\u1ed9ng l\u00e0 thi\u1ebft b\u1ecb cho ph\u00e9p \u0111\u00e1nh b\u00f3ng t\u1ef1 \u0111\u1ed9ng, kh\u00f4ng ph\u1ea3i \u0111\u00e1nh b\u00f3ng tr\u1ef1c ti\u1ebfp.<\/p>","protected":false},"featured_media":1019,"template":"","meta":{"inline_featured_image":false},"product_brand":[53],"product_cat":[88,87],"product_tag":[],"class_list":{"0":"post-1016","1":"product","2":"type-product","3":"status-publish","4":"has-post-thumbnail","6":"product_brand-mtdi","7":"product_cat-may-mai-va-danh-bong","8":"product_cat-vat-lieu","10":"first","11":"instock","12":"featured","13":"shipping-taxable","14":"product-type-simple"},"yoast_head":"<!-- This site is optimized with the Yoast SEO plugin v24.7 - https:\/\/yoast.com\/wordpress\/plugins\/seo\/ -->\n<title>M\u00e1y m\u00e0i v\u00e0 \u0111\u00e1nh b\u00f3ng FOBOS-300 - HTI Scientific<\/title>\n<meta name=\"description\" content=\"Thi\u1ebft b\u1ecb \u0111\u00e1nh b\u00f3ng t\u1ef1 \u0111\u1ed9ng thu\u1ed9c d\u00f2ng FOBOS-300 l\u00e0 thi\u1ebft b\u1ecb cho ph\u00e9p \u0111\u00e1nh b\u00f3ng t\u1ef1 \u0111\u1ed9ng, kh\u00f4ng ph\u1ea3i \u0111\u00e1nh b\u00f3ng tr\u1ef1c ti\u1ebfp.\" \/>\n<meta name=\"robots\" content=\"index, follow, max-snippet:-1, max-image-preview:large, max-video-preview:-1\" \/>\n<link rel=\"canonical\" href=\"https:\/\/htiscientific.vn\/en\/product\/may-mai-va-danh-bong-fobos-300\/\" \/>\n<meta property=\"og:locale\" content=\"en_US\" \/>\n<meta property=\"og:type\" content=\"article\" \/>\n<meta property=\"og:title\" content=\"M\u00e1y m\u00e0i v\u00e0 \u0111\u00e1nh b\u00f3ng FOBOS-300 - HTI Scientific\" \/>\n<meta property=\"og:description\" content=\"Thi\u1ebft b\u1ecb \u0111\u00e1nh b\u00f3ng t\u1ef1 \u0111\u1ed9ng thu\u1ed9c d\u00f2ng FOBOS-300 l\u00e0 thi\u1ebft b\u1ecb cho ph\u00e9p \u0111\u00e1nh b\u00f3ng t\u1ef1 \u0111\u1ed9ng, kh\u00f4ng ph\u1ea3i \u0111\u00e1nh b\u00f3ng tr\u1ef1c ti\u1ebfp.\" \/>\n<meta property=\"og:url\" content=\"https:\/\/htiscientific.vn\/en\/product\/may-mai-va-danh-bong-fobos-300\/\" \/>\n<meta property=\"og:site_name\" content=\"HTI Scientific\" \/>\n<meta property=\"article:publisher\" content=\"https:\/\/www.facebook.com\/htiscientific.vn\" \/>\n<meta property=\"article:modified_time\" content=\"2025-05-19T06:51:17+00:00\" \/>\n<meta property=\"og:image\" content=\"https:\/\/htiscientific.vn\/wp-content\/uploads\/2025\/03\/may-mai-va-danh-bong-fobos-f-300-2.jpg\" \/>\n\t<meta property=\"og:image:width\" content=\"600\" \/>\n\t<meta property=\"og:image:height\" content=\"560\" \/>\n\t<meta property=\"og:image:type\" content=\"image\/jpeg\" \/>\n<meta name=\"twitter:card\" content=\"summary_large_image\" \/>\n<meta name=\"twitter:label1\" content=\"Est. reading time\" \/>\n\t<meta name=\"twitter:data1\" content=\"2 minutes\" \/>\n<script type=\"application\/ld+json\" class=\"yoast-schema-graph\">{\"@context\":\"https:\/\/schema.org\",\"@graph\":[{\"@type\":\"WebPage\",\"@id\":\"https:\/\/htiscientific.vn\/san-pham\/may-mai-va-danh-bong-fobos-300\/\",\"url\":\"https:\/\/htiscientific.vn\/san-pham\/may-mai-va-danh-bong-fobos-300\/\",\"name\":\"M\u00e1y m\u00e0i v\u00e0 \u0111\u00e1nh b\u00f3ng FOBOS-300 - HTI Scientific\",\"isPartOf\":{\"@id\":\"https:\/\/htiscientific.vn\/#website\"},\"primaryImageOfPage\":{\"@id\":\"https:\/\/htiscientific.vn\/san-pham\/may-mai-va-danh-bong-fobos-300\/#primaryimage\"},\"image\":{\"@id\":\"https:\/\/htiscientific.vn\/san-pham\/may-mai-va-danh-bong-fobos-300\/#primaryimage\"},\"thumbnailUrl\":\"https:\/\/htiscientific.vn\/wp-content\/uploads\/2025\/03\/may-mai-va-danh-bong-fobos-f-300-2.jpg\",\"datePublished\":\"2025-03-31T02:53:44+00:00\",\"dateModified\":\"2025-05-19T06:51:17+00:00\",\"description\":\"Thi\u1ebft b\u1ecb \u0111\u00e1nh b\u00f3ng t\u1ef1 \u0111\u1ed9ng thu\u1ed9c d\u00f2ng FOBOS-300 l\u00e0 thi\u1ebft b\u1ecb cho ph\u00e9p \u0111\u00e1nh b\u00f3ng t\u1ef1 \u0111\u1ed9ng, kh\u00f4ng ph\u1ea3i \u0111\u00e1nh b\u00f3ng tr\u1ef1c ti\u1ebfp.\",\"breadcrumb\":{\"@id\":\"https:\/\/htiscientific.vn\/san-pham\/may-mai-va-danh-bong-fobos-300\/#breadcrumb\"},\"inLanguage\":\"en-US\",\"potentialAction\":[{\"@type\":\"ReadAction\",\"target\":[\"https:\/\/htiscientific.vn\/san-pham\/may-mai-va-danh-bong-fobos-300\/\"]}]},{\"@type\":\"ImageObject\",\"inLanguage\":\"en-US\",\"@id\":\"https:\/\/htiscientific.vn\/san-pham\/may-mai-va-danh-bong-fobos-300\/#primaryimage\",\"url\":\"https:\/\/htiscientific.vn\/wp-content\/uploads\/2025\/03\/may-mai-va-danh-bong-fobos-f-300-2.jpg\",\"contentUrl\":\"https:\/\/htiscientific.vn\/wp-content\/uploads\/2025\/03\/may-mai-va-danh-bong-fobos-f-300-2.jpg\",\"width\":600,\"height\":560,\"caption\":\"M\u00e1y m\u00e0i v\u00e0 \u0111\u00e1nh b\u00f3ng FOBOS-300\"},{\"@type\":\"BreadcrumbList\",\"@id\":\"https:\/\/htiscientific.vn\/san-pham\/may-mai-va-danh-bong-fobos-300\/#breadcrumb\",\"itemListElement\":[{\"@type\":\"ListItem\",\"position\":1,\"name\":\"Trang ch\u1ee7\",\"item\":\"https:\/\/htiscientific.vn\/\"},{\"@type\":\"ListItem\",\"position\":2,\"name\":\"C\u1eeda h\u00e0ng\",\"item\":\"https:\/\/htiscientific.vn\/cua-hang\/\"},{\"@type\":\"ListItem\",\"position\":3,\"name\":\"V\u1eadt li\u1ec7u\",\"item\":\"https:\/\/htiscientific.vn\/danh-muc-san-pham\/vat-lieu\/\"},{\"@type\":\"ListItem\",\"position\":4,\"name\":\"M\u00e1y m\u00e0i v\u00e0 \u0111\u00e1nh b\u00f3ng\",\"item\":\"https:\/\/htiscientific.vn\/danh-muc-san-pham\/vat-lieu\/may-mai-va-danh-bong\/\"},{\"@type\":\"ListItem\",\"position\":5,\"name\":\"M\u00e1y m\u00e0i v\u00e0 \u0111\u00e1nh b\u00f3ng FOBOS-300\"}]},{\"@type\":\"WebSite\",\"@id\":\"https:\/\/htiscientific.vn\/#website\",\"url\":\"https:\/\/htiscientific.vn\/\",\"name\":\"HTI Scientific\",\"description\":\"HTI Scientific\",\"publisher\":{\"@id\":\"https:\/\/htiscientific.vn\/#organization\"},\"potentialAction\":[{\"@type\":\"SearchAction\",\"target\":{\"@type\":\"EntryPoint\",\"urlTemplate\":\"https:\/\/htiscientific.vn\/?s={search_term_string}\"},\"query-input\":{\"@type\":\"PropertyValueSpecification\",\"valueRequired\":true,\"valueName\":\"search_term_string\"}}],\"inLanguage\":\"en-US\"},{\"@type\":\"Organization\",\"@id\":\"https:\/\/htiscientific.vn\/#organization\",\"name\":\"HTI Scientific\",\"alternateName\":\"HTI Scientific\",\"url\":\"https:\/\/htiscientific.vn\/\",\"logo\":{\"@type\":\"ImageObject\",\"inLanguage\":\"en-US\",\"@id\":\"https:\/\/htiscientific.vn\/#\/schema\/logo\/image\/\",\"url\":\"https:\/\/htiscientific.vn\/wp-content\/uploads\/2025\/03\/ava-hti-copy.jpg\",\"contentUrl\":\"https:\/\/htiscientific.vn\/wp-content\/uploads\/2025\/03\/ava-hti-copy.jpg\",\"width\":700,\"height\":450,\"caption\":\"HTI Scientific\"},\"image\":{\"@id\":\"https:\/\/htiscientific.vn\/#\/schema\/logo\/image\/\"},\"sameAs\":[\"https:\/\/www.facebook.com\/htiscientific.vn\"]}]}<\/script>\n<!-- \/ Yoast SEO plugin. -->","yoast_head_json":{"title":"M\u00e1y m\u00e0i v\u00e0 \u0111\u00e1nh b\u00f3ng FOBOS-300 - HTI Scientific","description":"Thi\u1ebft b\u1ecb \u0111\u00e1nh b\u00f3ng t\u1ef1 \u0111\u1ed9ng thu\u1ed9c d\u00f2ng FOBOS-300 l\u00e0 thi\u1ebft b\u1ecb cho ph\u00e9p \u0111\u00e1nh b\u00f3ng t\u1ef1 \u0111\u1ed9ng, kh\u00f4ng ph\u1ea3i \u0111\u00e1nh b\u00f3ng tr\u1ef1c ti\u1ebfp.","robots":{"index":"index","follow":"follow","max-snippet":"max-snippet:-1","max-image-preview":"max-image-preview:large","max-video-preview":"max-video-preview:-1"},"canonical":"https:\/\/htiscientific.vn\/en\/product\/may-mai-va-danh-bong-fobos-300\/","og_locale":"en_US","og_type":"article","og_title":"M\u00e1y m\u00e0i v\u00e0 \u0111\u00e1nh b\u00f3ng FOBOS-300 - HTI Scientific","og_description":"Thi\u1ebft b\u1ecb \u0111\u00e1nh b\u00f3ng t\u1ef1 \u0111\u1ed9ng thu\u1ed9c d\u00f2ng FOBOS-300 l\u00e0 thi\u1ebft b\u1ecb cho ph\u00e9p \u0111\u00e1nh b\u00f3ng t\u1ef1 \u0111\u1ed9ng, kh\u00f4ng ph\u1ea3i \u0111\u00e1nh b\u00f3ng tr\u1ef1c ti\u1ebfp.","og_url":"https:\/\/htiscientific.vn\/en\/product\/may-mai-va-danh-bong-fobos-300\/","og_site_name":"HTI Scientific","article_publisher":"https:\/\/www.facebook.com\/htiscientific.vn","article_modified_time":"2025-05-19T06:51:17+00:00","og_image":[{"width":600,"height":560,"url":"https:\/\/htiscientific.vn\/wp-content\/uploads\/2025\/03\/may-mai-va-danh-bong-fobos-f-300-2.jpg","type":"image\/jpeg"}],"twitter_card":"summary_large_image","twitter_misc":{"Est. reading time":"2 minutes"},"schema":{"@context":"https:\/\/schema.org","@graph":[{"@type":"WebPage","@id":"https:\/\/htiscientific.vn\/san-pham\/may-mai-va-danh-bong-fobos-300\/","url":"https:\/\/htiscientific.vn\/san-pham\/may-mai-va-danh-bong-fobos-300\/","name":"M\u00e1y m\u00e0i v\u00e0 \u0111\u00e1nh b\u00f3ng FOBOS-300 - HTI Scientific","isPartOf":{"@id":"https:\/\/htiscientific.vn\/#website"},"primaryImageOfPage":{"@id":"https:\/\/htiscientific.vn\/san-pham\/may-mai-va-danh-bong-fobos-300\/#primaryimage"},"image":{"@id":"https:\/\/htiscientific.vn\/san-pham\/may-mai-va-danh-bong-fobos-300\/#primaryimage"},"thumbnailUrl":"https:\/\/htiscientific.vn\/wp-content\/uploads\/2025\/03\/may-mai-va-danh-bong-fobos-f-300-2.jpg","datePublished":"2025-03-31T02:53:44+00:00","dateModified":"2025-05-19T06:51:17+00:00","description":"Thi\u1ebft b\u1ecb \u0111\u00e1nh b\u00f3ng t\u1ef1 \u0111\u1ed9ng thu\u1ed9c d\u00f2ng FOBOS-300 l\u00e0 thi\u1ebft b\u1ecb cho ph\u00e9p \u0111\u00e1nh b\u00f3ng t\u1ef1 \u0111\u1ed9ng, kh\u00f4ng ph\u1ea3i \u0111\u00e1nh b\u00f3ng tr\u1ef1c ti\u1ebfp.","breadcrumb":{"@id":"https:\/\/htiscientific.vn\/san-pham\/may-mai-va-danh-bong-fobos-300\/#breadcrumb"},"inLanguage":"en-US","potentialAction":[{"@type":"ReadAction","target":["https:\/\/htiscientific.vn\/san-pham\/may-mai-va-danh-bong-fobos-300\/"]}]},{"@type":"ImageObject","inLanguage":"en-US","@id":"https:\/\/htiscientific.vn\/san-pham\/may-mai-va-danh-bong-fobos-300\/#primaryimage","url":"https:\/\/htiscientific.vn\/wp-content\/uploads\/2025\/03\/may-mai-va-danh-bong-fobos-f-300-2.jpg","contentUrl":"https:\/\/htiscientific.vn\/wp-content\/uploads\/2025\/03\/may-mai-va-danh-bong-fobos-f-300-2.jpg","width":600,"height":560,"caption":"M\u00e1y m\u00e0i v\u00e0 \u0111\u00e1nh b\u00f3ng FOBOS-300"},{"@type":"BreadcrumbList","@id":"https:\/\/htiscientific.vn\/san-pham\/may-mai-va-danh-bong-fobos-300\/#breadcrumb","itemListElement":[{"@type":"ListItem","position":1,"name":"Trang ch\u1ee7","item":"https:\/\/htiscientific.vn\/"},{"@type":"ListItem","position":2,"name":"C\u1eeda h\u00e0ng","item":"https:\/\/htiscientific.vn\/cua-hang\/"},{"@type":"ListItem","position":3,"name":"V\u1eadt li\u1ec7u","item":"https:\/\/htiscientific.vn\/danh-muc-san-pham\/vat-lieu\/"},{"@type":"ListItem","position":4,"name":"M\u00e1y m\u00e0i v\u00e0 \u0111\u00e1nh b\u00f3ng","item":"https:\/\/htiscientific.vn\/danh-muc-san-pham\/vat-lieu\/may-mai-va-danh-bong\/"},{"@type":"ListItem","position":5,"name":"M\u00e1y m\u00e0i v\u00e0 \u0111\u00e1nh b\u00f3ng FOBOS-300"}]},{"@type":"WebSite","@id":"https:\/\/htiscientific.vn\/#website","url":"https:\/\/htiscientific.vn\/","name":"HTI Scientific","description":"HTI Scientific","publisher":{"@id":"https:\/\/htiscientific.vn\/#organization"},"potentialAction":[{"@type":"SearchAction","target":{"@type":"EntryPoint","urlTemplate":"https:\/\/htiscientific.vn\/?s={search_term_string}"},"query-input":{"@type":"PropertyValueSpecification","valueRequired":true,"valueName":"search_term_string"}}],"inLanguage":"en-US"},{"@type":"Organization","@id":"https:\/\/htiscientific.vn\/#organization","name":"HTI Scientific","alternateName":"HTI Scientific","url":"https:\/\/htiscientific.vn\/","logo":{"@type":"ImageObject","inLanguage":"en-US","@id":"https:\/\/htiscientific.vn\/#\/schema\/logo\/image\/","url":"https:\/\/htiscientific.vn\/wp-content\/uploads\/2025\/03\/ava-hti-copy.jpg","contentUrl":"https:\/\/htiscientific.vn\/wp-content\/uploads\/2025\/03\/ava-hti-copy.jpg","width":700,"height":450,"caption":"HTI Scientific"},"image":{"@id":"https:\/\/htiscientific.vn\/#\/schema\/logo\/image\/"},"sameAs":["https:\/\/www.facebook.com\/htiscientific.vn"]}]}},"_links":{"self":[{"href":"https:\/\/htiscientific.vn\/en\/wp-json\/wp\/v2\/product\/1016","targetHints":{"allow":["GET"]}}],"collection":[{"href":"https:\/\/htiscientific.vn\/en\/wp-json\/wp\/v2\/product"}],"about":[{"href":"https:\/\/htiscientific.vn\/en\/wp-json\/wp\/v2\/types\/product"}],"wp:featuredmedia":[{"embeddable":true,"href":"https:\/\/htiscientific.vn\/en\/wp-json\/wp\/v2\/media\/1019"}],"wp:attachment":[{"href":"https:\/\/htiscientific.vn\/en\/wp-json\/wp\/v2\/media?parent=1016"}],"wp:term":[{"taxonomy":"product_brand","embeddable":true,"href":"https:\/\/htiscientific.vn\/en\/wp-json\/wp\/v2\/product_brand?post=1016"},{"taxonomy":"product_cat","embeddable":true,"href":"https:\/\/htiscientific.vn\/en\/wp-json\/wp\/v2\/product_cat?post=1016"},{"taxonomy":"product_tag","embeddable":true,"href":"https:\/\/htiscientific.vn\/en\/wp-json\/wp\/v2\/product_tag?post=1016"}],"curies":[{"name":"wp","href":"https:\/\/api.w.org\/{rel}","templated":true}]}}