{"id":1005,"date":"2025-03-31T07:30:18","date_gmt":"2025-03-31T00:30:18","guid":{"rendered":"https:\/\/htiscientific.vn\/?post_type=product&#038;p=1005"},"modified":"2025-05-19T13:51:26","modified_gmt":"2025-05-19T06:51:26","slug":"may-mai-va-danh-bong-fobos-e","status":"publish","type":"product","link":"https:\/\/htiscientific.vn\/en\/product\/may-mai-va-danh-bong-fobos-e\/","title":{"rendered":"M\u00e1y m\u00e0i v\u00e0 \u0111\u00e1nh b\u00f3ng FOBOS-E"},"content":{"rendered":"<p><span style=\"color: #333333;\">M\u00e3 s\u1ea3n ph\u1ea9m: Fobos-100E\u00a0<\/span><\/p>\n<p><span style=\"color: #333333;\">H\u00e3ng s\u1ea3n xu\u1ea5t: MTDI<\/span><\/p>\n<p><span style=\"color: #333333;\">Xu\u1ea5t s\u1ee9: H\u00e0n Qu\u1ed1c<\/span><\/p>\n<p><span style=\"color: #333333;\"><strong>Th\u00f4ng s\u1ed1 k\u1ef9 thu\u1eadt:<\/strong><\/span><\/p>\n<ul>\n<li><span style=\"color: #333333;\">D\u1ea1ng m\u00e1y: M\u00e1y \u0111\u00e1nh b\u00f3ng th\u1ee7 c\u00f4ng m\u1ee9c c\u01a1 b\u1ea3n<\/span><\/li>\n<li><span style=\"color: #333333;\">K\u00edch th\u01b0\u1edbc (mm):<\/span><\/li>\n<li><span style=\"color: #333333;\">1 \u0111\u0129a: 480R x 650D x 315C<\/span><\/li>\n<li><span style=\"color: #333333;\">2 \u0111\u0129a: 800R x 650D x 315C<\/span><\/li>\n<li><span style=\"color: #333333;\">Tr\u1ecdng l\u01b0\u1ee3ng:<\/span><\/li>\n<li><span style=\"color: #333333;\">1 \u0111\u0129a: 38kg<\/span><\/li>\n<li><span style=\"color: #333333;\">2 \u0111\u0129a: 68kg<\/span><\/li>\n<li><span style=\"color: #333333;\">Ngu\u1ed3n \u0111i\u1ec7n: AC 220V, 1 pha, 50~60Hz, 430W (1 \u0111\u0129a) \/ 460W (2 \u0111\u0129a)<\/span><\/li>\n<li><span style=\"color: #333333;\">\u0110\u1ed9ng c\u01a1: \u0110\u1ed9ng c\u01a1 BLDC 200W<\/span><\/li>\n<li><span style=\"color: #333333;\">K\u00edch th\u01b0\u1edbc \u0111\u0129a: 8 inch (t\u00f9y ch\u1ecdn 10, 12 inch)<\/span><\/li>\n<li><span style=\"color: #333333;\">V\u1eadt li\u1ec7u \u0111\u0129a: Nh\u00f4m anod t\u0103ng c\u01b0\u1eddng \u0111\u1ed9 c\u1ee9ng<\/span><\/li>\n<li><span style=\"color: #333333;\">H\u01b0\u1edbng quay: Ng\u01b0\u1ee3c chi\u1ec1u kim \u0111\u1ed3ng h\u1ed3 (CCW), c\u00f9ng chi\u1ec1u kim \u0111\u1ed3ng h\u1ed3 (CW)<\/span><\/li>\n<li><span style=\"color: #333333;\">T\u1ed1c \u0111\u1ed9 quay: 50 \u0111\u1ebfn 500 v\u00f2ng\/ph\u00fat (RPM)<\/span><\/li>\n<li><span style=\"color: #333333;\">\u0110i\u1ec1u khi\u1ec3n:<\/span><\/li>\n<li><span style=\"color: #333333;\">\u0110i\u1ec1u ch\u1ec9nh n\u01b0\u1edbc l\u00e0m m\u00e1t th\u1ee7 c\u00f4ng, ch\u1ee9c n\u0103ng c\u1ea5p m\u1eabu t\u1ef1 \u0111\u1ed9ng<\/span><\/li>\n<li><span style=\"color: #333333;\">\u0110i\u1ec1u ch\u1ec9nh t\u1ed1c \u0111\u1ed9 quay \u0111\u0129a<\/span><\/li>\n<li><span style=\"color: #333333;\">\u0110i\u1ec1u khi\u1ec3n \u0111\u1ed9c l\u1eadp 2 \u0111\u0129a<\/span><\/li>\n<li><span style=\"color: #333333;\">D\u1ec5 d\u00e0ng s\u1eed d\u1ee5ng h\u01a1n v\u1edbi l\u1eafp \u0111\u1eb7t t\u1ed1i \u01b0u h\u00f3a<\/span><\/li>\n<li><span style=\"color: #333333;\">T\u00ednh n\u0103ng:<\/span><\/li>\n<li><span style=\"color: #333333;\">M\u00e0n h\u00ecnh 3.5 inch, thao t\u00e1c \u0111\u01a1n gi\u1ea3n<\/span><\/li>\n<li><span style=\"color: #333333;\">\u0110\u1ed5i h\u01b0\u1edbng quay c\u1ee7a \u0111\u0129a, ch\u1ecdn s\u1ed1 l\u01b0\u1ee3ng \u0111\u1ea7u ra th\u1ee7 c\u00f4ng, c\u1ea5p m\u1eabu t\u1ef1 \u0111\u1ed9ng<\/span><\/li>\n<li><span style=\"color: #333333;\">H\u1ed7 tr\u1ee3 3 \u0111i\u1ec3m<\/span><\/li>\n<li><span style=\"color: #333333;\">C\u00f3 th\u1ec3 \u0111i\u1ec1u khi\u1ec3n \u0111\u1ed9c l\u1eadp 2 k\u00eanh<\/span><\/li>\n<li><span style=\"color: #333333;\">L\u1eafp h\u1ed9p l\u01b0u tr\u1eef m\u1eabu \u0111\u1ec3 c\u1ea3i thi\u1ec7n s\u1ef1 ti\u1ec7n d\u1ee5ng<\/span><\/li>\n<\/ul>","protected":false},"excerpt":{"rendered":"<p>D\u00f2ng FOBOS-E l\u00e0 &#8220;m\u00e1y \u0111\u00e1nh b\u00f3ng th\u1ee7 c\u00f4ng ch\u00ednh x\u00e1c d\u00e0nh cho ng\u01b0\u1eddi m\u1edbi b\u1eaft \u0111\u1ea7u&#8221; \u0111\u01a1n gi\u1ea3n v\u00e0 d\u1ec5 v\u1eadn h\u00e0nh v\u1edbi M\u00e0n h\u00ecnh c\u1ea3m \u1ee9ng 3,5 inch.<\/p>","protected":false},"featured_media":1007,"template":"","meta":{"inline_featured_image":false},"product_brand":[53],"product_cat":[88,87],"product_tag":[],"class_list":{"0":"post-1005","1":"product","2":"type-product","3":"status-publish","4":"has-post-thumbnail","6":"product_brand-mtdi","7":"product_cat-may-mai-va-danh-bong","8":"product_cat-vat-lieu","10":"first","11":"instock","12":"featured","13":"shipping-taxable","14":"product-type-simple"},"yoast_head":"<!-- This site is optimized with the Yoast SEO plugin v24.7 - https:\/\/yoast.com\/wordpress\/plugins\/seo\/ -->\n<title>M\u00e1y m\u00e0i v\u00e0 \u0111\u00e1nh b\u00f3ng FOBOS-E - HTI Scientific<\/title>\n<meta name=\"description\" content=\"D\u00f2ng FOBOS-E l\u00e0 &quot;m\u00e1y \u0111\u00e1nh b\u00f3ng th\u1ee7 c\u00f4ng ch\u00ednh x\u00e1c d\u00e0nh cho ng\u01b0\u1eddi m\u1edbi b\u1eaft \u0111\u1ea7u&quot; \u0111\u01a1n gi\u1ea3n v\u00e0 d\u1ec5 v\u1eadn h\u00e0nh v\u1edbi M\u00e0n h\u00ecnh c\u1ea3m \u1ee9ng 3,5 inch.\" \/>\n<meta name=\"robots\" content=\"index, follow, max-snippet:-1, max-image-preview:large, max-video-preview:-1\" \/>\n<link rel=\"canonical\" href=\"https:\/\/htiscientific.vn\/en\/product\/may-mai-va-danh-bong-fobos-e\/\" \/>\n<meta property=\"og:locale\" content=\"en_US\" \/>\n<meta property=\"og:type\" content=\"article\" \/>\n<meta property=\"og:title\" content=\"M\u00e1y m\u00e0i v\u00e0 \u0111\u00e1nh b\u00f3ng FOBOS-E - HTI Scientific\" \/>\n<meta property=\"og:description\" content=\"D\u00f2ng FOBOS-E l\u00e0 &quot;m\u00e1y \u0111\u00e1nh b\u00f3ng th\u1ee7 c\u00f4ng ch\u00ednh x\u00e1c d\u00e0nh cho ng\u01b0\u1eddi m\u1edbi b\u1eaft \u0111\u1ea7u&quot; \u0111\u01a1n gi\u1ea3n v\u00e0 d\u1ec5 v\u1eadn h\u00e0nh v\u1edbi M\u00e0n h\u00ecnh c\u1ea3m \u1ee9ng 3,5 inch.\" \/>\n<meta property=\"og:url\" content=\"https:\/\/htiscientific.vn\/en\/product\/may-mai-va-danh-bong-fobos-e\/\" \/>\n<meta property=\"og:site_name\" content=\"HTI Scientific\" \/>\n<meta property=\"article:publisher\" content=\"https:\/\/www.facebook.com\/htiscientific.vn\" \/>\n<meta property=\"article:modified_time\" content=\"2025-05-19T06:51:26+00:00\" \/>\n<meta property=\"og:image\" content=\"https:\/\/htiscientific.vn\/wp-content\/uploads\/2025\/03\/may-mai-va-danh-bong-fobos-e-1.jpg\" \/>\n\t<meta property=\"og:image:width\" content=\"600\" \/>\n\t<meta property=\"og:image:height\" content=\"560\" \/>\n\t<meta property=\"og:image:type\" content=\"image\/jpeg\" \/>\n<meta name=\"twitter:card\" content=\"summary_large_image\" \/>\n<meta name=\"twitter:label1\" content=\"Est. reading time\" \/>\n\t<meta name=\"twitter:data1\" content=\"2 minutes\" \/>\n<script type=\"application\/ld+json\" class=\"yoast-schema-graph\">{\"@context\":\"https:\/\/schema.org\",\"@graph\":[{\"@type\":\"WebPage\",\"@id\":\"https:\/\/htiscientific.vn\/san-pham\/may-mai-va-danh-bong-fobos-e\/\",\"url\":\"https:\/\/htiscientific.vn\/san-pham\/may-mai-va-danh-bong-fobos-e\/\",\"name\":\"M\u00e1y m\u00e0i v\u00e0 \u0111\u00e1nh b\u00f3ng FOBOS-E - HTI Scientific\",\"isPartOf\":{\"@id\":\"https:\/\/htiscientific.vn\/#website\"},\"primaryImageOfPage\":{\"@id\":\"https:\/\/htiscientific.vn\/san-pham\/may-mai-va-danh-bong-fobos-e\/#primaryimage\"},\"image\":{\"@id\":\"https:\/\/htiscientific.vn\/san-pham\/may-mai-va-danh-bong-fobos-e\/#primaryimage\"},\"thumbnailUrl\":\"https:\/\/htiscientific.vn\/wp-content\/uploads\/2025\/03\/may-mai-va-danh-bong-fobos-e-1.jpg\",\"datePublished\":\"2025-03-31T00:30:18+00:00\",\"dateModified\":\"2025-05-19T06:51:26+00:00\",\"description\":\"D\u00f2ng FOBOS-E l\u00e0 \\\"m\u00e1y \u0111\u00e1nh b\u00f3ng th\u1ee7 c\u00f4ng ch\u00ednh x\u00e1c d\u00e0nh cho ng\u01b0\u1eddi m\u1edbi b\u1eaft \u0111\u1ea7u\\\" \u0111\u01a1n gi\u1ea3n v\u00e0 d\u1ec5 v\u1eadn h\u00e0nh v\u1edbi M\u00e0n h\u00ecnh c\u1ea3m \u1ee9ng 3,5 inch.\",\"breadcrumb\":{\"@id\":\"https:\/\/htiscientific.vn\/san-pham\/may-mai-va-danh-bong-fobos-e\/#breadcrumb\"},\"inLanguage\":\"en-US\",\"potentialAction\":[{\"@type\":\"ReadAction\",\"target\":[\"https:\/\/htiscientific.vn\/san-pham\/may-mai-va-danh-bong-fobos-e\/\"]}]},{\"@type\":\"ImageObject\",\"inLanguage\":\"en-US\",\"@id\":\"https:\/\/htiscientific.vn\/san-pham\/may-mai-va-danh-bong-fobos-e\/#primaryimage\",\"url\":\"https:\/\/htiscientific.vn\/wp-content\/uploads\/2025\/03\/may-mai-va-danh-bong-fobos-e-1.jpg\",\"contentUrl\":\"https:\/\/htiscientific.vn\/wp-content\/uploads\/2025\/03\/may-mai-va-danh-bong-fobos-e-1.jpg\",\"width\":600,\"height\":560},{\"@type\":\"BreadcrumbList\",\"@id\":\"https:\/\/htiscientific.vn\/san-pham\/may-mai-va-danh-bong-fobos-e\/#breadcrumb\",\"itemListElement\":[{\"@type\":\"ListItem\",\"position\":1,\"name\":\"Trang ch\u1ee7\",\"item\":\"https:\/\/htiscientific.vn\/\"},{\"@type\":\"ListItem\",\"position\":2,\"name\":\"C\u1eeda h\u00e0ng\",\"item\":\"https:\/\/htiscientific.vn\/cua-hang\/\"},{\"@type\":\"ListItem\",\"position\":3,\"name\":\"V\u1eadt li\u1ec7u\",\"item\":\"https:\/\/htiscientific.vn\/danh-muc-san-pham\/vat-lieu\/\"},{\"@type\":\"ListItem\",\"position\":4,\"name\":\"M\u00e1y m\u00e0i v\u00e0 \u0111\u00e1nh b\u00f3ng FOBOS-E\"}]},{\"@type\":\"WebSite\",\"@id\":\"https:\/\/htiscientific.vn\/#website\",\"url\":\"https:\/\/htiscientific.vn\/\",\"name\":\"HTI Scientific\",\"description\":\"HTI Scientific\",\"publisher\":{\"@id\":\"https:\/\/htiscientific.vn\/#organization\"},\"potentialAction\":[{\"@type\":\"SearchAction\",\"target\":{\"@type\":\"EntryPoint\",\"urlTemplate\":\"https:\/\/htiscientific.vn\/?s={search_term_string}\"},\"query-input\":{\"@type\":\"PropertyValueSpecification\",\"valueRequired\":true,\"valueName\":\"search_term_string\"}}],\"inLanguage\":\"en-US\"},{\"@type\":\"Organization\",\"@id\":\"https:\/\/htiscientific.vn\/#organization\",\"name\":\"HTI Scientific\",\"alternateName\":\"HTI Scientific\",\"url\":\"https:\/\/htiscientific.vn\/\",\"logo\":{\"@type\":\"ImageObject\",\"inLanguage\":\"en-US\",\"@id\":\"https:\/\/htiscientific.vn\/#\/schema\/logo\/image\/\",\"url\":\"https:\/\/htiscientific.vn\/wp-content\/uploads\/2025\/03\/ava-hti-copy.jpg\",\"contentUrl\":\"https:\/\/htiscientific.vn\/wp-content\/uploads\/2025\/03\/ava-hti-copy.jpg\",\"width\":700,\"height\":450,\"caption\":\"HTI Scientific\"},\"image\":{\"@id\":\"https:\/\/htiscientific.vn\/#\/schema\/logo\/image\/\"},\"sameAs\":[\"https:\/\/www.facebook.com\/htiscientific.vn\"]}]}<\/script>\n<!-- \/ Yoast SEO plugin. -->","yoast_head_json":{"title":"M\u00e1y m\u00e0i v\u00e0 \u0111\u00e1nh b\u00f3ng FOBOS-E - HTI Scientific","description":"D\u00f2ng FOBOS-E l\u00e0 \"m\u00e1y \u0111\u00e1nh b\u00f3ng th\u1ee7 c\u00f4ng ch\u00ednh x\u00e1c d\u00e0nh cho ng\u01b0\u1eddi m\u1edbi b\u1eaft \u0111\u1ea7u\" \u0111\u01a1n gi\u1ea3n v\u00e0 d\u1ec5 v\u1eadn h\u00e0nh v\u1edbi M\u00e0n h\u00ecnh c\u1ea3m \u1ee9ng 3,5 inch.","robots":{"index":"index","follow":"follow","max-snippet":"max-snippet:-1","max-image-preview":"max-image-preview:large","max-video-preview":"max-video-preview:-1"},"canonical":"https:\/\/htiscientific.vn\/en\/product\/may-mai-va-danh-bong-fobos-e\/","og_locale":"en_US","og_type":"article","og_title":"M\u00e1y m\u00e0i v\u00e0 \u0111\u00e1nh b\u00f3ng FOBOS-E - HTI Scientific","og_description":"D\u00f2ng FOBOS-E l\u00e0 \"m\u00e1y \u0111\u00e1nh b\u00f3ng th\u1ee7 c\u00f4ng ch\u00ednh x\u00e1c d\u00e0nh cho ng\u01b0\u1eddi m\u1edbi b\u1eaft \u0111\u1ea7u\" \u0111\u01a1n gi\u1ea3n v\u00e0 d\u1ec5 v\u1eadn h\u00e0nh v\u1edbi M\u00e0n h\u00ecnh c\u1ea3m \u1ee9ng 3,5 inch.","og_url":"https:\/\/htiscientific.vn\/en\/product\/may-mai-va-danh-bong-fobos-e\/","og_site_name":"HTI Scientific","article_publisher":"https:\/\/www.facebook.com\/htiscientific.vn","article_modified_time":"2025-05-19T06:51:26+00:00","og_image":[{"width":600,"height":560,"url":"https:\/\/htiscientific.vn\/wp-content\/uploads\/2025\/03\/may-mai-va-danh-bong-fobos-e-1.jpg","type":"image\/jpeg"}],"twitter_card":"summary_large_image","twitter_misc":{"Est. reading time":"2 minutes"},"schema":{"@context":"https:\/\/schema.org","@graph":[{"@type":"WebPage","@id":"https:\/\/htiscientific.vn\/san-pham\/may-mai-va-danh-bong-fobos-e\/","url":"https:\/\/htiscientific.vn\/san-pham\/may-mai-va-danh-bong-fobos-e\/","name":"M\u00e1y m\u00e0i v\u00e0 \u0111\u00e1nh b\u00f3ng FOBOS-E - HTI Scientific","isPartOf":{"@id":"https:\/\/htiscientific.vn\/#website"},"primaryImageOfPage":{"@id":"https:\/\/htiscientific.vn\/san-pham\/may-mai-va-danh-bong-fobos-e\/#primaryimage"},"image":{"@id":"https:\/\/htiscientific.vn\/san-pham\/may-mai-va-danh-bong-fobos-e\/#primaryimage"},"thumbnailUrl":"https:\/\/htiscientific.vn\/wp-content\/uploads\/2025\/03\/may-mai-va-danh-bong-fobos-e-1.jpg","datePublished":"2025-03-31T00:30:18+00:00","dateModified":"2025-05-19T06:51:26+00:00","description":"D\u00f2ng FOBOS-E l\u00e0 \"m\u00e1y \u0111\u00e1nh b\u00f3ng th\u1ee7 c\u00f4ng ch\u00ednh x\u00e1c d\u00e0nh cho ng\u01b0\u1eddi m\u1edbi b\u1eaft \u0111\u1ea7u\" \u0111\u01a1n gi\u1ea3n v\u00e0 d\u1ec5 v\u1eadn h\u00e0nh v\u1edbi M\u00e0n h\u00ecnh c\u1ea3m \u1ee9ng 3,5 inch.","breadcrumb":{"@id":"https:\/\/htiscientific.vn\/san-pham\/may-mai-va-danh-bong-fobos-e\/#breadcrumb"},"inLanguage":"en-US","potentialAction":[{"@type":"ReadAction","target":["https:\/\/htiscientific.vn\/san-pham\/may-mai-va-danh-bong-fobos-e\/"]}]},{"@type":"ImageObject","inLanguage":"en-US","@id":"https:\/\/htiscientific.vn\/san-pham\/may-mai-va-danh-bong-fobos-e\/#primaryimage","url":"https:\/\/htiscientific.vn\/wp-content\/uploads\/2025\/03\/may-mai-va-danh-bong-fobos-e-1.jpg","contentUrl":"https:\/\/htiscientific.vn\/wp-content\/uploads\/2025\/03\/may-mai-va-danh-bong-fobos-e-1.jpg","width":600,"height":560},{"@type":"BreadcrumbList","@id":"https:\/\/htiscientific.vn\/san-pham\/may-mai-va-danh-bong-fobos-e\/#breadcrumb","itemListElement":[{"@type":"ListItem","position":1,"name":"Trang ch\u1ee7","item":"https:\/\/htiscientific.vn\/"},{"@type":"ListItem","position":2,"name":"C\u1eeda h\u00e0ng","item":"https:\/\/htiscientific.vn\/cua-hang\/"},{"@type":"ListItem","position":3,"name":"V\u1eadt li\u1ec7u","item":"https:\/\/htiscientific.vn\/danh-muc-san-pham\/vat-lieu\/"},{"@type":"ListItem","position":4,"name":"M\u00e1y m\u00e0i v\u00e0 \u0111\u00e1nh b\u00f3ng FOBOS-E"}]},{"@type":"WebSite","@id":"https:\/\/htiscientific.vn\/#website","url":"https:\/\/htiscientific.vn\/","name":"HTI Scientific","description":"HTI Scientific","publisher":{"@id":"https:\/\/htiscientific.vn\/#organization"},"potentialAction":[{"@type":"SearchAction","target":{"@type":"EntryPoint","urlTemplate":"https:\/\/htiscientific.vn\/?s={search_term_string}"},"query-input":{"@type":"PropertyValueSpecification","valueRequired":true,"valueName":"search_term_string"}}],"inLanguage":"en-US"},{"@type":"Organization","@id":"https:\/\/htiscientific.vn\/#organization","name":"HTI Scientific","alternateName":"HTI Scientific","url":"https:\/\/htiscientific.vn\/","logo":{"@type":"ImageObject","inLanguage":"en-US","@id":"https:\/\/htiscientific.vn\/#\/schema\/logo\/image\/","url":"https:\/\/htiscientific.vn\/wp-content\/uploads\/2025\/03\/ava-hti-copy.jpg","contentUrl":"https:\/\/htiscientific.vn\/wp-content\/uploads\/2025\/03\/ava-hti-copy.jpg","width":700,"height":450,"caption":"HTI Scientific"},"image":{"@id":"https:\/\/htiscientific.vn\/#\/schema\/logo\/image\/"},"sameAs":["https:\/\/www.facebook.com\/htiscientific.vn"]}]}},"_links":{"self":[{"href":"https:\/\/htiscientific.vn\/en\/wp-json\/wp\/v2\/product\/1005","targetHints":{"allow":["GET"]}}],"collection":[{"href":"https:\/\/htiscientific.vn\/en\/wp-json\/wp\/v2\/product"}],"about":[{"href":"https:\/\/htiscientific.vn\/en\/wp-json\/wp\/v2\/types\/product"}],"wp:featuredmedia":[{"embeddable":true,"href":"https:\/\/htiscientific.vn\/en\/wp-json\/wp\/v2\/media\/1007"}],"wp:attachment":[{"href":"https:\/\/htiscientific.vn\/en\/wp-json\/wp\/v2\/media?parent=1005"}],"wp:term":[{"taxonomy":"product_brand","embeddable":true,"href":"https:\/\/htiscientific.vn\/en\/wp-json\/wp\/v2\/product_brand?post=1005"},{"taxonomy":"product_cat","embeddable":true,"href":"https:\/\/htiscientific.vn\/en\/wp-json\/wp\/v2\/product_cat?post=1005"},{"taxonomy":"product_tag","embeddable":true,"href":"https:\/\/htiscientific.vn\/en\/wp-json\/wp\/v2\/product_tag?post=1005"}],"curies":[{"name":"wp","href":"https:\/\/api.w.org\/{rel}","templated":true}]}}