{"id":1001,"date":"2025-03-31T07:22:47","date_gmt":"2025-03-31T00:22:47","guid":{"rendered":"https:\/\/htiscientific.vn\/?post_type=product&#038;p=1001"},"modified":"2025-07-10T11:22:41","modified_gmt":"2025-07-10T04:22:41","slug":"tu-am-sau-vt-547-40c-den-60c","status":"publish","type":"product","link":"https:\/\/htiscientific.vn\/en\/product\/tu-am-sau-vt-547-40c-den-60c\/","title":{"rendered":"T\u1ee7 \u00e2m s\u00e2u VT-547 th\u1ec3 t\u00edch 495L (-40\u00b0C \u0111\u1ebfn -60\u00b0C)"},"content":{"rendered":"<p><span style=\"color: #333333;\"><strong>H\u00e3ng S\u1ea3n xu\u1ea5t:<\/strong> <a href=\"https:\/\/www.vestfrostsolutions.com\/\" target=\"_blank\" rel=\"noopener\">Vestfrost Solutions<\/a> \u2013 \u0110an M\u1ea1ch<\/span><br \/>\n<span style=\"color: #333333;\"><strong>Xu\u1ea5t x\u1ee9:<\/strong> \u0110an M\u1ea1ch<\/span><\/p>\n<h4><span style=\"color: #333333;\"><strong>T\u00ednh n\u0103ng v\u00e0 \u01b0u \u0111i\u1ec3m n\u1ed5i b\u1eadt c\u1ee7a s\u1ea3n ph\u1ea9m T\u1ee7 \u00e2m s\u00e2u VT-547 Vestfrost Solutions:<\/strong><\/span><\/h4>\n<ul>\n<li><span style=\"color: #333333;\">C\u00f4ng ngh\u1ec7 l\u00e0m l\u1ea1nh ti\u00ean ti\u1ebfn: T\u1ee7 \u00e2m s\u00e2u Vestfrost s\u1eed d\u1ee5ng c\u00f4ng ngh\u1ec7 l\u00e0m l\u1ea1nh t\u0129nh v\u1edbi kh\u1ea3 n\u0103ng duy tr\u00ec nhi\u1ec7t \u0111\u1ed9 th\u1ea5p \u0111\u1ebfn -60\u00b0C, l\u00fd t\u01b0\u1edfng cho c\u00e1c y\u00eau c\u1ea7u l\u01b0u tr\u1eef m\u1eabu v\u1eadt sinh h\u1ecdc v\u00e0 d\u01b0\u1ee3c ph\u1ea9m c\u1ea7n nhi\u1ec7t \u0111\u1ed9 c\u1ef1c th\u1ea5p.<\/span><\/li>\n<li><span style=\"color: #333333;\">Thi\u1ebft k\u1ebf b\u1ec1n b\u1ec9 v\u00e0 d\u1ec5 d\u00e0ng v\u1ec7 sinh: V\u1ecf ngo\u00e0i v\u00e0 trong \u0111\u01b0\u1ee3c l\u00e0m t\u1eeb th\u00e9p s\u01a1n t\u0129nh \u0111i\u1ec7n, gi\u00fap b\u1ea3o v\u1ec7 s\u1ea3n ph\u1ea9m l\u00e2u d\u00e0i v\u00e0 d\u1ec5 d\u00e0ng v\u1ec7 sinh.<\/span><\/li>\n<li><span style=\"color: #333333;\">H\u1ec7 th\u1ed1ng ki\u1ec3m so\u00e1t v\u00e0 c\u1ea3nh b\u00e1o: T\u1ee7 \u00e2m s\u00e2u \u0111\u01b0\u1ee3c trang b\u1ecb b\u1ed9 \u0111i\u1ec1u khi\u1ec3n XR30CX v\u1edbi kh\u1ea3 n\u0103ng c\u1ea3nh b\u00e1o nhi\u1ec7t \u0111\u1ed9 cao\/th\u1ea5p v\u00e0 h\u1ecfng c\u1ea3m bi\u1ebfn, gi\u00fap \u0111\u1ea3m b\u1ea3o an to\u00e0n khi s\u1eed d\u1ee5ng.<\/span><\/li>\n<li><span style=\"color: #333333;\">Ti\u1ebft ki\u1ec7m n\u0103ng l\u01b0\u1ee3ng: T\u1ee7 \u00e2m s\u00e2u s\u1eed d\u1ee5ng kh\u00ed l\u00e0m l\u1ea1nh Nature R v\u00e0 c\u00f4ng ngh\u1ec7 ti\u1ebft ki\u1ec7m n\u0103ng l\u01b0\u1ee3ng, gi\u00fap gi\u1ea3m chi ph\u00ed v\u1eadn h\u00e0nh.<\/span><\/li>\n<\/ul>\n<h4><span style=\"color: #333333;\"><strong>Th\u00f4ng s\u1ed1 k\u1ef9 thu\u1eadt c\u01a1 b\u1ea3n:<\/strong><\/span><\/h4>\n<ul>\n<li><span style=\"color: #333333;\">Nhi\u1ec7t \u0111\u1ed9 ho\u1ea1t \u0111\u1ed9ng: -40\u00b0C \u0111\u1ebfn -60\u00b0C.<\/span><\/li>\n<li><span style=\"color: #333333;\">Ti\u00eau th\u1ee5 n\u0103ng l\u01b0\u1ee3ng: 5,775 kWh\/24h.<\/span><\/li>\n<li><span style=\"color: #333333;\">Dung t\u00edch: 495L (gross).<\/span><\/li>\n<li><span style=\"color: #333333;\">S\u1ed1 l\u01b0\u1ee3ng gi\u1ecf: 3 gi\u1ecf.<\/span><\/li>\n<li><span style=\"color: #333333;\">Ch\u1ea5t li\u1ec7u gi\u1ecf: Th\u00e9p ph\u1ee7 nh\u1ef1a.<\/span><\/li>\n<li><span style=\"color: #333333;\">C\u1ea3nh b\u00e1o: C\u1ea3nh b\u00e1o nhi\u1ec7t \u0111\u1ed9 cao\/th\u1ea5p, c\u1ea3nh b\u00e1o h\u1ecfng c\u1ea3m bi\u1ebfn.<\/span><\/li>\n<li><span style=\"color: #333333;\">H\u1ec7 th\u1ed1ng \u0111i\u1ec1u khi\u1ec3n: B\u1ed9 \u0111i\u1ec1u khi\u1ec3n XR30CX (kh\u00f4ng c\u00f3 ng\u00f4n ng\u1eef, ch\u1ec9 3 ch\u1eef s\u1ed1).<\/span><\/li>\n<li><span style=\"color: #333333;\">\u0110\u1ed9 \u1ed3n: 50 dB.<\/span><\/li>\n<li><span style=\"color: #333333;\">Ch\u1ebf \u0111\u1ed9 l\u00e0m l\u1ea1nh: L\u00e0m l\u1ea1nh t\u0129nh v\u1edbi 1 m\u00e1y n\u00e9n.<\/span><\/li>\n<li><span style=\"color: #333333;\">T\u00ednh n\u0103ng b\u1ed5 sung:<\/span>\n<ul>\n<li><span style=\"color: #333333;\">Porthole \u00d8 12mm.<\/span><\/li>\n<li><span style=\"color: #333333;\">Kh\u00f3a an to\u00e0n.<\/span><\/li>\n<li><span style=\"color: #333333;\">C\u1eeda r\u1eafn (kh\u00f4ng c\u00f3 t\u00ednh n\u0103ng \u0111\u1ea3o chi\u1ec1u c\u1eeda).<\/span><\/li>\n<\/ul>\n<\/li>\n<\/ul>\n<h4><span style=\"color: #333333;\"><strong>Th\u00f4ng s\u1ed1 k\u1ef9 thu\u1eadt kh\u00e1c:<\/strong><\/span><\/h4>\n<ul>\n<li><span style=\"color: #333333;\">V\u1eadt li\u1ec7u v\u1ecf ngo\u00e0i: Th\u00e9p s\u01a1n t\u0129nh \u0111i\u1ec7n.<\/span><\/li>\n<li><span style=\"color: #333333;\">V\u1eadt li\u1ec7u v\u1ecf trong: Th\u00e9p s\u01a1n t\u0129nh \u0111i\u1ec7n.<\/span><\/li>\n<li><span style=\"color: #333333;\">H\u1ec7 th\u1ed1ng ph\u00e2n ph\u1ed1i kh\u00f4ng kh\u00ed: L\u00e0m l\u1ea1nh t\u0129nh.<\/span><\/li>\n<li><span style=\"color: #333333;\">Ch\u1ebf \u0111\u1ed9 ng\u1eebng ho\u1ea1t \u0111\u1ed9ng: Kh\u00f4ng c\u00f3.<\/span><\/li>\n<li><span style=\"color: #333333;\">Lo\u1ea1i kh\u00ed l\u00e0m l\u1ea1nh: Nature R.<\/span><\/li>\n<li><span style=\"color: #333333;\">C\u1ea5p \u0111\u1ed9 nhi\u1ec7t \u0111\u1ed9 t\u1ed1i \u0111a trong m\u00f4i tr\u01b0\u1eddng ho\u1ea1t \u0111\u1ed9ng: 30\u00b0C.<\/span><\/li>\n<li><span style=\"color: #333333;\">\u0110\u1ed9 \u1ea9m t\u1ed1i \u0111a trong m\u00f4i tr\u01b0\u1eddng ho\u1ea1t \u0111\u1ed9ng: 55% RH.<\/span><\/li>\n<li><span style=\"color: #333333;\">K\u00edch th\u01b0\u1edbc s\u1ea3n ph\u1ea9m (Cao x R\u1ed9ng x S\u00e2u): 932mm x 1664mm x 665mm.<\/span><\/li>\n<li><span style=\"color: #333333;\">Tr\u1ecdng l\u01b0\u1ee3ng: 100kg (net), 116kg (gross).<\/span><\/li>\n<li><span style=\"color: #333333;\">K\u00edch th\u01b0\u1edbc bao b\u00ec: 1020mm x 1715mm x 785mm.<\/span><\/li>\n<\/ul>","protected":false},"excerpt":{"rendered":"<p><span style=\"color: #333333;\">T\u1ee7 \u00e2m s\u00e2u Vestfrost s\u1eed d\u1ee5ng c\u00f4ng ngh\u1ec7 l\u00e0m l\u1ea1nh t\u0129nh v\u1edbi kh\u1ea3 n\u0103ng duy tr\u00ec nhi\u1ec7t \u0111\u1ed9 th\u1ea5p \u0111\u1ebfn -60\u00b0C, l\u00fd t\u01b0\u1edfng cho c\u00e1c y\u00eau c\u1ea7u l\u01b0u tr\u1eef m\u1eabu v\u1eadt sinh h\u1ecdc v\u00e0 d\u01b0\u1ee3c ph\u1ea9m c\u1ea7n nhi\u1ec7t \u0111\u1ed9 c\u1ef1c th\u1ea5p.<\/span><\/p>","protected":false},"featured_media":1002,"template":"","meta":{"inline_featured_image":false},"product_brand":[51],"product_cat":[77,105],"product_tag":[],"class_list":{"0":"post-1001","1":"product","2":"type-product","3":"status-publish","4":"has-post-thumbnail","6":"product_brand-vestfrost","7":"product_cat-cong-nghe-sinh-hoc-y-duoc","8":"product_cat-tu-am-sau-40c-60c","10":"first","11":"instock","12":"shipping-taxable","13":"product-type-simple"},"yoast_head":"<!-- This site is optimized with the Yoast SEO plugin v24.7 - https:\/\/yoast.com\/wordpress\/plugins\/seo\/ -->\n<title>T\u1ee7 \u00e2m s\u00e2u VT-547 th\u1ec3 t\u00edch 495L (-40\u00b0C \u0111\u1ebfn -60\u00b0C) - HTI Scientific<\/title>\n<meta name=\"description\" content=\"T\u1ee7 \u00e2m s\u00e2u Vestfrost s\u1eed d\u1ee5ng c\u00f4ng ngh\u1ec7 l\u00e0m l\u1ea1nh t\u0129nh v\u1edbi kh\u1ea3 n\u0103ng duy tr\u00ec nhi\u1ec7t \u0111\u1ed9 th\u1ea5p \u0111\u1ebfn -60\u00b0C, l\u00fd t\u01b0\u1edfng cho c\u00e1c y\u00eau c\u1ea7u l\u01b0u tr\u1eef m\u1eabu v\u1eadt sinh h\u1ecdc\" \/>\n<meta name=\"robots\" content=\"index, follow, max-snippet:-1, max-image-preview:large, max-video-preview:-1\" \/>\n<link rel=\"canonical\" href=\"https:\/\/htiscientific.vn\/en\/product\/tu-am-sau-vt-547-40c-den-60c\/\" \/>\n<meta property=\"og:locale\" content=\"en_US\" \/>\n<meta property=\"og:type\" content=\"article\" \/>\n<meta property=\"og:title\" content=\"T\u1ee7 \u00e2m s\u00e2u VT-547 th\u1ec3 t\u00edch 495L (-40\u00b0C \u0111\u1ebfn -60\u00b0C) - HTI Scientific\" \/>\n<meta property=\"og:description\" content=\"T\u1ee7 \u00e2m s\u00e2u Vestfrost s\u1eed d\u1ee5ng c\u00f4ng ngh\u1ec7 l\u00e0m l\u1ea1nh t\u0129nh v\u1edbi kh\u1ea3 n\u0103ng duy tr\u00ec nhi\u1ec7t \u0111\u1ed9 th\u1ea5p \u0111\u1ebfn -60\u00b0C, l\u00fd t\u01b0\u1edfng cho c\u00e1c y\u00eau c\u1ea7u l\u01b0u tr\u1eef m\u1eabu v\u1eadt sinh h\u1ecdc\" \/>\n<meta property=\"og:url\" content=\"https:\/\/htiscientific.vn\/en\/product\/tu-am-sau-vt-547-40c-den-60c\/\" \/>\n<meta property=\"og:site_name\" content=\"HTI Scientific\" \/>\n<meta property=\"article:publisher\" content=\"https:\/\/www.facebook.com\/htiscientific.vn\" \/>\n<meta property=\"article:modified_time\" content=\"2025-07-10T04:22:41+00:00\" \/>\n<meta property=\"og:image\" content=\"https:\/\/htiscientific.vn\/wp-content\/uploads\/2025\/03\/tu-am-sau-the-tich-495l.jpg\" \/>\n\t<meta property=\"og:image:width\" content=\"600\" \/>\n\t<meta property=\"og:image:height\" content=\"516\" \/>\n\t<meta property=\"og:image:type\" content=\"image\/jpeg\" \/>\n<meta name=\"twitter:card\" content=\"summary_large_image\" \/>\n<meta name=\"twitter:label1\" content=\"Est. reading time\" \/>\n\t<meta name=\"twitter:data1\" content=\"3 minutes\" \/>\n<script type=\"application\/ld+json\" class=\"yoast-schema-graph\">{\"@context\":\"https:\/\/schema.org\",\"@graph\":[{\"@type\":\"WebPage\",\"@id\":\"https:\/\/htiscientific.vn\/san-pham\/tu-am-sau-vt-547-40c-den-60c\/\",\"url\":\"https:\/\/htiscientific.vn\/san-pham\/tu-am-sau-vt-547-40c-den-60c\/\",\"name\":\"T\u1ee7 \u00e2m s\u00e2u VT-547 th\u1ec3 t\u00edch 495L (-40\u00b0C \u0111\u1ebfn -60\u00b0C) - HTI Scientific\",\"isPartOf\":{\"@id\":\"https:\/\/htiscientific.vn\/#website\"},\"primaryImageOfPage\":{\"@id\":\"https:\/\/htiscientific.vn\/san-pham\/tu-am-sau-vt-547-40c-den-60c\/#primaryimage\"},\"image\":{\"@id\":\"https:\/\/htiscientific.vn\/san-pham\/tu-am-sau-vt-547-40c-den-60c\/#primaryimage\"},\"thumbnailUrl\":\"https:\/\/htiscientific.vn\/wp-content\/uploads\/2025\/03\/tu-am-sau-the-tich-495l.jpg\",\"datePublished\":\"2025-03-31T00:22:47+00:00\",\"dateModified\":\"2025-07-10T04:22:41+00:00\",\"description\":\"T\u1ee7 \u00e2m s\u00e2u Vestfrost s\u1eed d\u1ee5ng c\u00f4ng ngh\u1ec7 l\u00e0m l\u1ea1nh t\u0129nh v\u1edbi kh\u1ea3 n\u0103ng duy tr\u00ec nhi\u1ec7t \u0111\u1ed9 th\u1ea5p \u0111\u1ebfn -60\u00b0C, l\u00fd t\u01b0\u1edfng cho c\u00e1c y\u00eau c\u1ea7u l\u01b0u tr\u1eef m\u1eabu v\u1eadt sinh h\u1ecdc\",\"breadcrumb\":{\"@id\":\"https:\/\/htiscientific.vn\/san-pham\/tu-am-sau-vt-547-40c-den-60c\/#breadcrumb\"},\"inLanguage\":\"en-US\",\"potentialAction\":[{\"@type\":\"ReadAction\",\"target\":[\"https:\/\/htiscientific.vn\/san-pham\/tu-am-sau-vt-547-40c-den-60c\/\"]}]},{\"@type\":\"ImageObject\",\"inLanguage\":\"en-US\",\"@id\":\"https:\/\/htiscientific.vn\/san-pham\/tu-am-sau-vt-547-40c-den-60c\/#primaryimage\",\"url\":\"https:\/\/htiscientific.vn\/wp-content\/uploads\/2025\/03\/tu-am-sau-the-tich-495l.jpg\",\"contentUrl\":\"https:\/\/htiscientific.vn\/wp-content\/uploads\/2025\/03\/tu-am-sau-the-tich-495l.jpg\",\"width\":600,\"height\":516,\"caption\":\"T\u1ee7 \u00e2m s\u00e2u\"},{\"@type\":\"BreadcrumbList\",\"@id\":\"https:\/\/htiscientific.vn\/san-pham\/tu-am-sau-vt-547-40c-den-60c\/#breadcrumb\",\"itemListElement\":[{\"@type\":\"ListItem\",\"position\":1,\"name\":\"Trang ch\u1ee7\",\"item\":\"https:\/\/htiscientific.vn\/\"},{\"@type\":\"ListItem\",\"position\":2,\"name\":\"C\u1eeda h\u00e0ng\",\"item\":\"https:\/\/htiscientific.vn\/cua-hang\/\"},{\"@type\":\"ListItem\",\"position\":3,\"name\":\"C\u00f4ng ngh\u1ec7 sinh h\u1ecdc \/ Y d\u01b0\u1ee3c\",\"item\":\"https:\/\/htiscientific.vn\/danh-muc-san-pham\/cong-nghe-sinh-hoc-y-duoc\/\"},{\"@type\":\"ListItem\",\"position\":4,\"name\":\"T\u1ee7 \u00e2m s\u00e2u -40\u00b0C - -60\u00b0C\",\"item\":\"https:\/\/htiscientific.vn\/danh-muc-san-pham\/cong-nghe-sinh-hoc-y-duoc\/tu-am-sau-40c-60c\/\"},{\"@type\":\"ListItem\",\"position\":5,\"name\":\"T\u1ee7 \u00e2m s\u00e2u VT-547 th\u1ec3 t\u00edch 495L (-40\u00b0C \u0111\u1ebfn -60\u00b0C)\"}]},{\"@type\":\"WebSite\",\"@id\":\"https:\/\/htiscientific.vn\/#website\",\"url\":\"https:\/\/htiscientific.vn\/\",\"name\":\"HTI Scientific\",\"description\":\"HTI Scientific\",\"publisher\":{\"@id\":\"https:\/\/htiscientific.vn\/#organization\"},\"potentialAction\":[{\"@type\":\"SearchAction\",\"target\":{\"@type\":\"EntryPoint\",\"urlTemplate\":\"https:\/\/htiscientific.vn\/?s={search_term_string}\"},\"query-input\":{\"@type\":\"PropertyValueSpecification\",\"valueRequired\":true,\"valueName\":\"search_term_string\"}}],\"inLanguage\":\"en-US\"},{\"@type\":\"Organization\",\"@id\":\"https:\/\/htiscientific.vn\/#organization\",\"name\":\"HTI Scientific\",\"alternateName\":\"HTI Scientific\",\"url\":\"https:\/\/htiscientific.vn\/\",\"logo\":{\"@type\":\"ImageObject\",\"inLanguage\":\"en-US\",\"@id\":\"https:\/\/htiscientific.vn\/#\/schema\/logo\/image\/\",\"url\":\"https:\/\/htiscientific.vn\/wp-content\/uploads\/2025\/03\/ava-hti-copy.jpg\",\"contentUrl\":\"https:\/\/htiscientific.vn\/wp-content\/uploads\/2025\/03\/ava-hti-copy.jpg\",\"width\":700,\"height\":450,\"caption\":\"HTI Scientific\"},\"image\":{\"@id\":\"https:\/\/htiscientific.vn\/#\/schema\/logo\/image\/\"},\"sameAs\":[\"https:\/\/www.facebook.com\/htiscientific.vn\"]}]}<\/script>\n<!-- \/ Yoast SEO plugin. -->","yoast_head_json":{"title":"T\u1ee7 \u00e2m s\u00e2u VT-547 th\u1ec3 t\u00edch 495L (-40\u00b0C \u0111\u1ebfn -60\u00b0C) - HTI Scientific","description":"T\u1ee7 \u00e2m s\u00e2u Vestfrost s\u1eed d\u1ee5ng c\u00f4ng ngh\u1ec7 l\u00e0m l\u1ea1nh t\u0129nh v\u1edbi kh\u1ea3 n\u0103ng duy tr\u00ec nhi\u1ec7t \u0111\u1ed9 th\u1ea5p \u0111\u1ebfn -60\u00b0C, l\u00fd t\u01b0\u1edfng cho c\u00e1c y\u00eau c\u1ea7u l\u01b0u tr\u1eef m\u1eabu v\u1eadt sinh h\u1ecdc","robots":{"index":"index","follow":"follow","max-snippet":"max-snippet:-1","max-image-preview":"max-image-preview:large","max-video-preview":"max-video-preview:-1"},"canonical":"https:\/\/htiscientific.vn\/en\/product\/tu-am-sau-vt-547-40c-den-60c\/","og_locale":"en_US","og_type":"article","og_title":"T\u1ee7 \u00e2m s\u00e2u VT-547 th\u1ec3 t\u00edch 495L (-40\u00b0C \u0111\u1ebfn -60\u00b0C) - HTI Scientific","og_description":"T\u1ee7 \u00e2m s\u00e2u Vestfrost s\u1eed d\u1ee5ng c\u00f4ng ngh\u1ec7 l\u00e0m l\u1ea1nh t\u0129nh v\u1edbi kh\u1ea3 n\u0103ng duy tr\u00ec nhi\u1ec7t \u0111\u1ed9 th\u1ea5p \u0111\u1ebfn -60\u00b0C, l\u00fd t\u01b0\u1edfng cho c\u00e1c y\u00eau c\u1ea7u l\u01b0u tr\u1eef m\u1eabu v\u1eadt sinh h\u1ecdc","og_url":"https:\/\/htiscientific.vn\/en\/product\/tu-am-sau-vt-547-40c-den-60c\/","og_site_name":"HTI Scientific","article_publisher":"https:\/\/www.facebook.com\/htiscientific.vn","article_modified_time":"2025-07-10T04:22:41+00:00","og_image":[{"width":600,"height":516,"url":"https:\/\/htiscientific.vn\/wp-content\/uploads\/2025\/03\/tu-am-sau-the-tich-495l.jpg","type":"image\/jpeg"}],"twitter_card":"summary_large_image","twitter_misc":{"Est. reading time":"3 minutes"},"schema":{"@context":"https:\/\/schema.org","@graph":[{"@type":"WebPage","@id":"https:\/\/htiscientific.vn\/san-pham\/tu-am-sau-vt-547-40c-den-60c\/","url":"https:\/\/htiscientific.vn\/san-pham\/tu-am-sau-vt-547-40c-den-60c\/","name":"T\u1ee7 \u00e2m s\u00e2u VT-547 th\u1ec3 t\u00edch 495L (-40\u00b0C \u0111\u1ebfn -60\u00b0C) - HTI Scientific","isPartOf":{"@id":"https:\/\/htiscientific.vn\/#website"},"primaryImageOfPage":{"@id":"https:\/\/htiscientific.vn\/san-pham\/tu-am-sau-vt-547-40c-den-60c\/#primaryimage"},"image":{"@id":"https:\/\/htiscientific.vn\/san-pham\/tu-am-sau-vt-547-40c-den-60c\/#primaryimage"},"thumbnailUrl":"https:\/\/htiscientific.vn\/wp-content\/uploads\/2025\/03\/tu-am-sau-the-tich-495l.jpg","datePublished":"2025-03-31T00:22:47+00:00","dateModified":"2025-07-10T04:22:41+00:00","description":"T\u1ee7 \u00e2m s\u00e2u Vestfrost s\u1eed d\u1ee5ng c\u00f4ng ngh\u1ec7 l\u00e0m l\u1ea1nh t\u0129nh v\u1edbi kh\u1ea3 n\u0103ng duy tr\u00ec nhi\u1ec7t \u0111\u1ed9 th\u1ea5p \u0111\u1ebfn -60\u00b0C, l\u00fd t\u01b0\u1edfng cho c\u00e1c y\u00eau c\u1ea7u l\u01b0u tr\u1eef m\u1eabu v\u1eadt sinh h\u1ecdc","breadcrumb":{"@id":"https:\/\/htiscientific.vn\/san-pham\/tu-am-sau-vt-547-40c-den-60c\/#breadcrumb"},"inLanguage":"en-US","potentialAction":[{"@type":"ReadAction","target":["https:\/\/htiscientific.vn\/san-pham\/tu-am-sau-vt-547-40c-den-60c\/"]}]},{"@type":"ImageObject","inLanguage":"en-US","@id":"https:\/\/htiscientific.vn\/san-pham\/tu-am-sau-vt-547-40c-den-60c\/#primaryimage","url":"https:\/\/htiscientific.vn\/wp-content\/uploads\/2025\/03\/tu-am-sau-the-tich-495l.jpg","contentUrl":"https:\/\/htiscientific.vn\/wp-content\/uploads\/2025\/03\/tu-am-sau-the-tich-495l.jpg","width":600,"height":516,"caption":"T\u1ee7 \u00e2m s\u00e2u"},{"@type":"BreadcrumbList","@id":"https:\/\/htiscientific.vn\/san-pham\/tu-am-sau-vt-547-40c-den-60c\/#breadcrumb","itemListElement":[{"@type":"ListItem","position":1,"name":"Trang ch\u1ee7","item":"https:\/\/htiscientific.vn\/"},{"@type":"ListItem","position":2,"name":"C\u1eeda h\u00e0ng","item":"https:\/\/htiscientific.vn\/cua-hang\/"},{"@type":"ListItem","position":3,"name":"C\u00f4ng ngh\u1ec7 sinh h\u1ecdc \/ Y d\u01b0\u1ee3c","item":"https:\/\/htiscientific.vn\/danh-muc-san-pham\/cong-nghe-sinh-hoc-y-duoc\/"},{"@type":"ListItem","position":4,"name":"T\u1ee7 \u00e2m s\u00e2u -40\u00b0C - -60\u00b0C","item":"https:\/\/htiscientific.vn\/danh-muc-san-pham\/cong-nghe-sinh-hoc-y-duoc\/tu-am-sau-40c-60c\/"},{"@type":"ListItem","position":5,"name":"T\u1ee7 \u00e2m s\u00e2u VT-547 th\u1ec3 t\u00edch 495L (-40\u00b0C \u0111\u1ebfn -60\u00b0C)"}]},{"@type":"WebSite","@id":"https:\/\/htiscientific.vn\/#website","url":"https:\/\/htiscientific.vn\/","name":"HTI Scientific","description":"HTI Scientific","publisher":{"@id":"https:\/\/htiscientific.vn\/#organization"},"potentialAction":[{"@type":"SearchAction","target":{"@type":"EntryPoint","urlTemplate":"https:\/\/htiscientific.vn\/?s={search_term_string}"},"query-input":{"@type":"PropertyValueSpecification","valueRequired":true,"valueName":"search_term_string"}}],"inLanguage":"en-US"},{"@type":"Organization","@id":"https:\/\/htiscientific.vn\/#organization","name":"HTI Scientific","alternateName":"HTI Scientific","url":"https:\/\/htiscientific.vn\/","logo":{"@type":"ImageObject","inLanguage":"en-US","@id":"https:\/\/htiscientific.vn\/#\/schema\/logo\/image\/","url":"https:\/\/htiscientific.vn\/wp-content\/uploads\/2025\/03\/ava-hti-copy.jpg","contentUrl":"https:\/\/htiscientific.vn\/wp-content\/uploads\/2025\/03\/ava-hti-copy.jpg","width":700,"height":450,"caption":"HTI Scientific"},"image":{"@id":"https:\/\/htiscientific.vn\/#\/schema\/logo\/image\/"},"sameAs":["https:\/\/www.facebook.com\/htiscientific.vn"]}]}},"_links":{"self":[{"href":"https:\/\/htiscientific.vn\/en\/wp-json\/wp\/v2\/product\/1001","targetHints":{"allow":["GET"]}}],"collection":[{"href":"https:\/\/htiscientific.vn\/en\/wp-json\/wp\/v2\/product"}],"about":[{"href":"https:\/\/htiscientific.vn\/en\/wp-json\/wp\/v2\/types\/product"}],"wp:featuredmedia":[{"embeddable":true,"href":"https:\/\/htiscientific.vn\/en\/wp-json\/wp\/v2\/media\/1002"}],"wp:attachment":[{"href":"https:\/\/htiscientific.vn\/en\/wp-json\/wp\/v2\/media?parent=1001"}],"wp:term":[{"taxonomy":"product_brand","embeddable":true,"href":"https:\/\/htiscientific.vn\/en\/wp-json\/wp\/v2\/product_brand?post=1001"},{"taxonomy":"product_cat","embeddable":true,"href":"https:\/\/htiscientific.vn\/en\/wp-json\/wp\/v2\/product_cat?post=1001"},{"taxonomy":"product_tag","embeddable":true,"href":"https:\/\/htiscientific.vn\/en\/wp-json\/wp\/v2\/product_tag?post=1001"}],"curies":[{"name":"wp","href":"https:\/\/api.w.org\/{rel}","templated":true}]}}